{"id":17097,"date":"2025-03-18T15:51:48","date_gmt":"2025-03-18T15:51:48","guid":{"rendered":"https:\/\/ayaneo.co\/product\/ayaneo-lommeveske-i-mikroskinn\/"},"modified":"2025-12-02T18:10:47","modified_gmt":"2025-12-02T18:10:47","slug":"ayaneo-lommeveske-i-mikroskinn","status":"publish","type":"product","link":"https:\/\/ayaneo.co\/no\/product\/ayaneo-lommeveske-i-mikroskinn\/","title":{"rendered":"AYANEO Pocket Micro Leather Case"},"content":{"rendered":"\n<p>Gi din <strong>AYANEO Pocket Micro<\/strong> den beskyttelsen den fortjener med dette <strong>luksuri\u00f8se l\u00e6retuiet<\/strong>! Etuiet er designet for <strong>perfekt passform<\/strong> og kombinerer <strong>eleganse, holdbarhet og b\u00e6rbarhet<\/strong> for \u00e5 beskytte enheten din samtidig som det gir den et elegant, profesjonelt utseende.<\/p>\n\n<h2 class=\"wp-block-heading\" id=\"h-key-features\"><strong>N\u00f8kkelfunksjoner:<\/strong><\/h2>\n\n<p><strong>F\u00f8rsteklasses l\u00e6rmateriale<\/strong> - Laget av l\u00e6r av h\u00f8y kvalitet for en sofistikert og slitesterk finish.<\/p>\n\n<p><strong>Perfekt passform og sikker beskyttelse<\/strong> - Skreddersydd for AYANEO Pocket Micro, noe som sikrer en <strong>tettsittende passform<\/strong> som beskytter enheten din mot riper, st\u00f8v og mindre st\u00f8t.<\/p>\n\n<p><strong>Mykt innerf\u00f4r<\/strong> - sk\u00e5nsomt mot enhetens skjerm og kropp, slik at du unng\u00e5r u\u00f8nskede merker.<\/p>\n\n<p><strong>Lett og b\u00e6rbar<\/strong> - Slank design som gj\u00f8r den enkel \u00e5 b\u00e6re, samtidig som den gir maksimal beskyttelse.<\/p>\n\n<p><strong>Magnetisk lukking for ekstra sikkerhet<\/strong> - s\u00f8rger for at enheten holdes sikkert p\u00e5 plass, samtidig som du f\u00e5r rask tilgang.<\/p>\n\n<p>Oppgrader din <strong>AYANEO Pocket Micro<\/strong> med dette <strong>stilige og funksjonelle l\u00e6retuiet<\/strong> - <strong>beskyttelse med et snev av eleganse<\/strong>! <\/p>\n\n<p><\/p>\n","protected":false},"excerpt":{"rendered":"<ul>\n<li><strong>Offisielt<\/strong> AYANEO Pocket Micro beskyttende l\u00e6rveske<\/li>\n<li><strong>F\u00f8rsteklasses l\u00e6r<\/strong> - Elegant, slitesterkt og langvarig.<\/li>\n<li><strong>Mykt innerf\u00f4r<\/strong> - beskytter mot riper og st\u00f8v.<\/li>\n<li><strong>Lett og b\u00e6rbar - lett<\/strong> \u00e5 b\u00e6re uten \u00e5 tynge.<\/li>\n<li><strong>Magnetisk lukking<\/strong> - sikker og praktisk tilgang.<\/li>\n<\/ul>\n[cg_accordion title=\"BETALINGSINFORMASJON\"]<\/p>\n<p>Vi bruker den nyeste teknologien innen betalingsbehandling, som lar deg betale via Apple Pay, Google Pay, debet- \/ kredittkortet ditt, PayPal eller BNPL-metoder som Klarna, Affirm eller AfterPay for en rask og sikker opplevelse.[\/cg_accordion]\n[cg_accordion title=\"GARANTI\"]<\/p>\n<p>1 \u00e5rs garanti fra <a href=\"https:\/\/droix.net\/\" target=\"_blank\" rel=\"nofollow noopener\">DROIX Global<\/a> for din trygghet[\/cg_accordion]\n[cg_accordion title=\"KVALITETSSIKRING OG TESTING F\u00d8R UTSENDELSE\"]<\/p>\n<p>Sikrer kundetilfredshet p\u00e5 h\u00f8yeste standard: Hver enhet gjennomg\u00e5r strenge tester og en flerpunkts kvalitetssikringskontroll f\u00f8r den sendes. V\u00e5rt dedikerte team verifiserer ytelse, funksjonalitet og komponentintegritet for \u00e5 garantere at AYANEO-enheten din er i perfekt stand ved ankomst, slik at du kan f\u00f8le deg trygg og sikker. [\/cg_accordion]\n[cg_accordion title=\"PRISER, AVGIFTER OG FRAKT\"]<\/p>\n<p><strong><u>Merk:<\/u><\/strong><\/p>\n<ul>\n<li>Kunder i USA: Den viste prisen inkluderer IKKE SKATT eller avgifter. Ansvaret for \u00e5 fortolle og betale eventuelle tilknyttede skatter\/avgifter ligger p\u00e5 kunden. <\/li>\n<li>EU-kunder: Den viste prisen inkluderer gjeldende SKATT, som kan v\u00e6re opptil 25 % avhengig av hvilket land du bor i.<\/li>\n<li>Kunder i Canada: Den viste prisen inkluderer gjeldende avgifter, som kan inkludere 5 % GST og ytterligere provinsiell omsetningsavgift (PST), harmonisert omsetningsavgift (HST) eller Quebec Sales Tax (QST), avhengig av provinsen din.<\/li>\n<\/ul>\n<p><strong>KUN for EU-kunder:<\/strong> Express DDP (Delivered Duty Paid). Dette betyr: <\/p>\n<ul>\n<li>Alle tollavgifter og skatter er inkludert i prisen som vises p\u00e5 produktsiden.<\/li>\n<li>Du trenger ikke \u00e5 betale noen ekstra kostnader ved levering.<\/li>\n<li>I sjeldne tilfeller av tollrelaterte problemer vil v\u00e5rt team h\u00e5ndtere fortollingsprosessen p\u00e5 dine vegne for \u00e5 sikre en problemfri leveringsopplevelse.<\/li>\n<p>Viktig informasjon om retur:<\/p>\n<li>Hvis du bestemmer deg for \u00e5 returnere bestillingen eller be om refusjon, m\u00e5 du v\u00e6re oppmerksom p\u00e5 at skatter og avgifter som er betalt p\u00e5 dine vegne i henhold til DDP-vilk\u00e5rene, ikke kan refunderes.<\/li>\n<p>Se v\u00e5re <a href=\"https:\/\/ayaneo.co\/no\/vilkar-for-bruk\/\" target=\"_blank\" rel=\"nofollow noopener\">vilk\u00e5r og betingelser<\/a> for detaljert informasjon.\n<\/ul>\n<p>[\/cg_accordion]\n[cg_accordion title=\"KUNDEST\u00d8TTE\"]<\/p>\n<p>Har du et sp\u00f8rsm\u00e5l? Vi er bare en kort tekstmelding unna \u00e5 l\u00f8se problemet ditt! [\/cg_accordion]\n[cg_accordion title=\"PAKKEN INKLUDERER\"]<\/p>\n<ul>\n<li>1x AYANEO Pocket Micro Leather Case<\/li>\n<\/ul>\n<p>[\/cg_accordion]\n","protected":false},"featured_media":17102,"template":"","meta":{"_acf_changed":false},"product_brand":[],"product_cat":[1190],"product_tag":[],"class_list":{"0":"post-17097","1":"product","2":"type-product","3":"status-publish","4":"has-post-thumbnail","6":"product_cat-tilbehor-no","7":"product_shipping_class-low-end","8":"pa_accessory-type-protective-case-no","9":"pa_brand-ayaneo","11":"first","12":"outofstock","13":"sale","14":"taxable","15":"shipping-taxable","16":"purchasable","17":"product-type-variable"},"acf":[],"_links":{"self":[{"href":"https:\/\/ayaneo.co\/no\/wp-json\/wp\/v2\/product\/17097","targetHints":{"allow":["GET"]}}],"collection":[{"href":"https:\/\/ayaneo.co\/no\/wp-json\/wp\/v2\/product"}],"about":[{"href":"https:\/\/ayaneo.co\/no\/wp-json\/wp\/v2\/types\/product"}],"wp:featuredmedia":[{"embeddable":true,"href":"https:\/\/ayaneo.co\/no\/wp-json\/wp\/v2\/media\/17102"}],"wp:attachment":[{"href":"https:\/\/ayaneo.co\/no\/wp-json\/wp\/v2\/media?parent=17097"}],"wp:term":[{"taxonomy":"product_brand","embeddable":true,"href":"https:\/\/ayaneo.co\/no\/wp-json\/wp\/v2\/product_brand?post=17097"},{"taxonomy":"product_cat","embeddable":true,"href":"https:\/\/ayaneo.co\/no\/wp-json\/wp\/v2\/product_cat?post=17097"},{"taxonomy":"product_tag","embeddable":true,"href":"https:\/\/ayaneo.co\/no\/wp-json\/wp\/v2\/product_tag?post=17097"}],"curies":[{"name":"wp","href":"https:\/\/api.w.org\/{rel}","templated":true}]}}