{"id":17168,"date":"2025-03-24T16:59:03","date_gmt":"2025-03-24T16:59:03","guid":{"rendered":"https:\/\/ayaneo.co\/product\/ayaneo-3-skjermbeskytter-krystallklar-beskyttelse-for-skjermen-din\/"},"modified":"2025-12-09T00:34:16","modified_gmt":"2025-12-09T00:34:16","slug":"ayaneo-3-skjermbeskytter-krystallklar-beskyttelse-for-skjermen-din","status":"publish","type":"product","link":"https:\/\/ayaneo.co\/no\/product\/ayaneo-3-skjermbeskytter-krystallklar-beskyttelse-for-skjermen-din\/","title":{"rendered":"AYANEO 3 Skjermbeskytter - krystallklar beskyttelse for skjermen din!"},"content":{"rendered":"\n<p>Hold <strong>AYANEO 3-skjermen<\/strong> feilfri med denne <strong>h\u00f8ykvalitets skjermbeskytteren<\/strong>! Denne beskyttelsen er designet for \u00e5 gi <strong>maksimal klarhet, ripebestandighet og enkel p\u00e5f\u00f8ring<\/strong>, og s\u00f8rger for at spillopplevelsen din forblir jevn og uavbrutt.<\/p>\n\n<h2 class=\"wp-block-heading\"><strong>N\u00f8kkelfunksjoner:<\/strong><\/h2>\n\n<p><strong>Ultraklar HD-skjerm<\/strong> - Opprettholder <strong>ekte fargen\u00f8yaktighet<\/strong> og skarpe bilder for en oppslukende opplevelse.<\/p>\n\n<p><strong>Motstandsdyktig mot riper og st\u00f8t<\/strong> - Beskytter skjermen mot riper, fall og hverdagslig slitasje.  <\/p>\n\n<p><strong>N\u00f8yaktig passform og enkel montering<\/strong> - Designet spesielt for <strong>AYANEO 3<\/strong>, noe som sikrer en s\u00f8ml\u00f8s, boblefri p\u00e5f\u00f8ring.<\/p>\n\n<p><strong>Motstandsdyktig mot fingeravtrykk<\/strong> og flekker - Oleofobisk belegg avviser fingeravtrykk og flekker for et rent utseende.<\/p>\n\n<p><strong>Boblefri vedheft<\/strong> - Lett \u00e5 p\u00e5f\u00f8re uten luftbobler, noe som sikrer en <strong>jevn finish<\/strong> hver gang.<\/p>\n\n<p>Beskytt din <strong>AYANEO 3<\/strong> med denne <strong>f\u00f8rsteklasses skjermbeskytteren<\/strong>, og <strong>spill trygt!<\/strong><\/p>\n\n<p><\/p>\n","protected":false},"excerpt":{"rendered":"<ul>\n<li><strong>Offisiell<\/strong> AYANEO 3 Skjermbeskytter<\/li>\n<li><strong>Ultra-Clear HD<\/strong> - Bevarer skjermkvalitet og fargen\u00f8yaktighet.<\/li>\n<li><strong>Motstandsdyktig mot riper og st\u00f8t<\/strong> - beskytter mot skader.<\/li>\n<li><strong>Flekk- og fingeravtrykksbestandig<\/strong> - holder skjermen ren.<\/li>\n<li><strong>Perfekt passform<\/strong> - designet eksklusivt for AYANEO 3.<\/li>\n<\/ul>\n[cg_accordion title=\"BETALINGSINFORMASJON\"]<\/p>\n<p>Vi bruker den nyeste teknologien innen betalingsbehandling, som lar deg betale via Apple Pay, Google Pay, debet- \/ kredittkortet ditt, PayPal eller BNPL-metoder som Klarna, Affirm eller AfterPay for en rask og sikker opplevelse.[\/cg_accordion]\n[cg_accordion title=\"GARANTI\"]<\/p>\n<p>1 \u00e5rs garanti fra <a href=\"https:\/\/droix.net\/\" target=\"_blank\" rel=\"nofollow noopener\">DROIX Global<\/a> for din trygghet[\/cg_accordion]\n[cg_accordion title=\"KVALITETSSIKRING OG TESTING F\u00d8R UTSENDELSE\"]<\/p>\n<p>Sikrer kundetilfredshet p\u00e5 h\u00f8yeste standard: Hver enhet gjennomg\u00e5r strenge tester og en flerpunkts kvalitetssikringskontroll f\u00f8r den sendes. V\u00e5rt dedikerte team verifiserer ytelse, funksjonalitet og komponentintegritet for \u00e5 garantere at AYANEO-enheten din er i perfekt stand ved ankomst, slik at du kan f\u00f8le deg trygg og sikker. [\/cg_accordion]\n[cg_accordion title=\"PRISER, AVGIFTER OG FRAKT\"]<\/p>\n<p><strong><u>Merk:<\/u><\/strong><\/p>\n<ul>\n<li>Kunder i USA: Den viste prisen inkluderer IKKE SKATT eller avgifter. Ansvaret for \u00e5 fortolle og betale eventuelle tilknyttede skatter\/avgifter ligger p\u00e5 kunden. <\/li>\n<li>EU-kunder: Den viste prisen inkluderer gjeldende SKATT, som kan v\u00e6re opptil 25 % avhengig av hvilket land du bor i.<\/li>\n<li>Kunder i Canada: Den viste prisen inkluderer gjeldende avgifter, som kan inkludere 5 % GST og ytterligere provinsiell omsetningsavgift (PST), harmonisert omsetningsavgift (HST) eller Quebec Sales Tax (QST), avhengig av provinsen din.<\/li>\n<\/ul>\n<p><strong>KUN for EU-kunder:<\/strong> Express DDP (Delivered Duty Paid). Dette betyr: <\/p>\n<ul>\n<li>Alle tollavgifter og skatter er inkludert i prisen som vises p\u00e5 produktsiden.<\/li>\n<li>Du trenger ikke \u00e5 betale noen ekstra kostnader ved levering.<\/li>\n<li>I sjeldne tilfeller av tollrelaterte problemer vil v\u00e5rt team h\u00e5ndtere fortollingsprosessen p\u00e5 dine vegne for \u00e5 sikre en problemfri leveringsopplevelse.<\/li>\n<p>Viktig informasjon om retur:<\/p>\n<li>Hvis du bestemmer deg for \u00e5 returnere bestillingen eller be om refusjon, m\u00e5 du v\u00e6re oppmerksom p\u00e5 at skatter og avgifter som er betalt p\u00e5 dine vegne i henhold til DDP-vilk\u00e5rene, ikke kan refunderes.<\/li>\n<p>Se v\u00e5re <a href=\"https:\/\/ayaneo.co\/no\/vilkar-for-bruk\/\" target=\"_blank\" rel=\"nofollow noopener\">vilk\u00e5r og betingelser<\/a> for detaljert informasjon.\n<\/ul>\n<p>[\/cg_accordion]\n[cg_accordion title=\"KUNDEST\u00d8TTE\"]<\/p>\n<p>Har du et sp\u00f8rsm\u00e5l? Vi er bare en kort tekstmelding unna \u00e5 l\u00f8se problemet ditt! [\/cg_accordion]\n[cg_accordion title=\"PAKKEN INKLUDERER\"]<\/p>\n<ul>\n<li>1x AYANEO 3 Skjermbeskytter<\/li>\n<\/ul>\n<p>[\/cg_accordion]\n","protected":false},"featured_media":45869,"template":"","meta":{"_acf_changed":false},"product_brand":[],"product_cat":[1190],"product_tag":[],"class_list":{"0":"post-17168","1":"product","2":"type-product","3":"status-publish","4":"has-post-thumbnail","6":"product_cat-tilbehor-no","7":"product_shipping_class-low-end","8":"pa_accessory-type-screen-protector-no","9":"pa_brand-ayaneo","11":"first","12":"instock","13":"sale","14":"taxable","15":"shipping-taxable","16":"purchasable","17":"product-type-simple"},"acf":[],"_links":{"self":[{"href":"https:\/\/ayaneo.co\/no\/wp-json\/wp\/v2\/product\/17168","targetHints":{"allow":["GET"]}}],"collection":[{"href":"https:\/\/ayaneo.co\/no\/wp-json\/wp\/v2\/product"}],"about":[{"href":"https:\/\/ayaneo.co\/no\/wp-json\/wp\/v2\/types\/product"}],"wp:featuredmedia":[{"embeddable":true,"href":"https:\/\/ayaneo.co\/no\/wp-json\/wp\/v2\/media\/45869"}],"wp:attachment":[{"href":"https:\/\/ayaneo.co\/no\/wp-json\/wp\/v2\/media?parent=17168"}],"wp:term":[{"taxonomy":"product_brand","embeddable":true,"href":"https:\/\/ayaneo.co\/no\/wp-json\/wp\/v2\/product_brand?post=17168"},{"taxonomy":"product_cat","embeddable":true,"href":"https:\/\/ayaneo.co\/no\/wp-json\/wp\/v2\/product_cat?post=17168"},{"taxonomy":"product_tag","embeddable":true,"href":"https:\/\/ayaneo.co\/no\/wp-json\/wp\/v2\/product_tag?post=17168"}],"curies":[{"name":"wp","href":"https:\/\/api.w.org\/{rel}","templated":true}]}}