{"id":17287,"date":"2025-03-27T09:55:33","date_gmt":"2025-03-27T09:55:33","guid":{"rendered":"https:\/\/ayaneo.co\/product\/ayaneo-air-pro\/"},"modified":"2025-05-30T16:00:48","modified_gmt":"2025-05-30T16:00:48","slug":"ayaneo-air-pro","status":"publish","type":"product","link":"https:\/\/ayaneo.co\/no\/product\/ayaneo-air-pro\/","title":{"rendered":"AYANEO AIR PRO"},"content":{"rendered":"\n<h2 class=\"wp-block-heading\">AYANEO Luft<\/h2>\n\n<figure class=\"wp-block-image\"><img decoding=\"async\" src=\"https:\/\/droix.net\/wp-content\/uploads\/2022\/10\/TEXT.png\" alt=\"\" title=\"AYA NEO AIR PRO 1\"\/><\/figure>\n\n<figure class=\"wp-block-image\"><img decoding=\"async\" src=\"https:\/\/droix.net\/wp-content\/uploads\/2022\/10\/cpu-perf.png\" alt=\"\" title=\"AYA NEO AIR PRO 2\"\/><\/figure>\n\n<h2 class=\"wp-block-heading\">Kraftig CPU<\/h2>\n\n<figure class=\"wp-block-image\"><img decoding=\"async\" src=\"https:\/\/droix.net\/wp-content\/uploads\/2022\/10\/oled.png\" alt=\"\" title=\"AYA NEO AIR PRO 3\"\/><\/figure>\n\n<h2 class=\"wp-block-heading\">Crisp OLED Skjerm<\/h2>\n\n<figure class=\"wp-block-image\"><img decoding=\"async\" src=\"https:\/\/droix.net\/wp-content\/uploads\/2022\/10\/controller.png\" alt=\"\" title=\"AYA NEO AIR PRO 4\"\/><\/figure>\n\n<h2 class=\"wp-block-heading\">Spillkontroller<\/h2>\n\n<figure class=\"wp-block-image\"><img decoding=\"async\" src=\"https:\/\/droix.net\/wp-content\/uploads\/2022\/10\/hall-joystick.png\" alt=\"\" title=\"AYA NEO AIR PRO 5\"\/><\/figure>\n\n<h2 class=\"wp-block-heading\">HALL Joysticks<\/h2>\n\n<figure class=\"wp-block-image\"><img decoding=\"async\" src=\"https:\/\/droix.net\/wp-content\/uploads\/2022\/10\/light.png\" alt=\"\" title=\"AYA NEO AIR PRO 6\"\/><\/figure>\n\n<h2 class=\"wp-block-heading\">Lettvekt<\/h2>\n\n<figure class=\"wp-block-image\"><img decoding=\"async\" src=\"https:\/\/droix.net\/wp-content\/uploads\/2022\/10\/lightweight.png\" alt=\"\" title=\"AYA NEO AIR PRO 7\"\/><\/figure>\n\n<h2 class=\"wp-block-heading\">B\u00e6rbar<\/h2>\n\n<figure class=\"wp-block-image\"><img decoding=\"async\" src=\"https:\/\/droix.net\/wp-content\/uploads\/2022\/10\/ayaspace.png\" alt=\"\" title=\"AYA NEO AIR PRO 8\"\/><\/figure>\n\n<h2 class=\"wp-block-heading\">AYASpace<\/h2>\n\n<figure class=\"wp-block-image\"><img decoding=\"async\" src=\"https:\/\/droix.net\/wp-content\/uploads\/2022\/10\/storage-expansion.png\" alt=\"\" title=\"AYA NEO AIR PRO 9\"\/><\/figure>\n\n<h2 class=\"wp-block-heading\">Utvidbar lagringsplass<\/h2>\n\n<h2 class=\"wp-block-heading\">AYANEO Luft<\/h2>\n\n<h2 class=\"wp-block-heading\">18mm<\/h2>\n\n<h2 class=\"wp-block-heading\">AYANEO Air Pro<\/h2>\n\n<h2 class=\"wp-block-heading\">21,6 mm<\/h2>\n\n<figure class=\"wp-block-image\"><img decoding=\"async\" src=\"https:\/\/droix.net\/wp-content\/uploads\/2022\/10\/1.png\" alt=\"\" title=\"AYA NEO AIR PRO 10\"\/><\/figure>\n\n<figure class=\"wp-block-image\"><img decoding=\"async\" src=\"https:\/\/droix.net\/wp-content\/uploads\/2022\/10\/2.png\" alt=\"\" title=\"AYA NEO AIR PRO 11\"\/><\/figure>\n\n<figure class=\"wp-block-image\"><img decoding=\"async\" src=\"https:\/\/droix.net\/wp-content\/uploads\/2022\/10\/6.png\" alt=\"\" title=\"AYA NEO AIR PRO 12\"\/><\/figure>\n\n<figure class=\"wp-block-image\"><img decoding=\"async\" src=\"https:\/\/droix.net\/wp-content\/uploads\/2022\/10\/3.png\" alt=\"\" title=\"AYA NEO AIR PRO 13\"\/><\/figure>\n\n<figure class=\"wp-block-image\"><img decoding=\"async\" src=\"https:\/\/droix.net\/wp-content\/uploads\/2022\/10\/8.png\" alt=\"\" title=\"AYA NEO AIR PRO 14\"\/><\/figure>\n\n<figure class=\"wp-block-image\"><img decoding=\"async\" src=\"https:\/\/droix.net\/wp-content\/uploads\/2022\/10\/4.png\" alt=\"\" title=\"AYA NEO AIR PRO 15\"\/><\/figure>\n\n<figure class=\"wp-block-image\"><img decoding=\"async\" src=\"https:\/\/droix.net\/wp-content\/uploads\/2022\/10\/5.png\" alt=\"\" title=\"AYA NEO AIR PRO 16\"\/><\/figure>\n\n<figure class=\"wp-block-image\"><img decoding=\"async\" src=\"https:\/\/droix.net\/wp-content\/uploads\/elementor\/thumbs\/7-q8z5dcnq498hbirw1mfy0omf1l06qm1syszlslccn4.png\" alt=\"7.png\" title=\"7.png\"\/><\/figure>\n\n<figure class=\"wp-block-image\"><img decoding=\"async\" src=\"https:\/\/droix.net\/wp-content\/uploads\/elementor\/thumbs\/9-q8z5dcnq498hbirw1mfy0omf1l06qm1syszlslccn4.png\" alt=\"9.png\" title=\"9.png\"\/><\/figure>\n\n<h2 class=\"wp-block-heading\">Opplev spill gjennom den skarpe OLED -skjermen<\/h2>\n\n<h2 class=\"wp-block-heading\">Med en 5,5\u2033 AMOLED skjerm med h\u00f8yt fargespekter.<\/h2>\n\n<h2 class=\"wp-block-heading\">Bred fargeskalaeffekt, NTSC 109 %, gj\u00f8r skjermen mer realistisk.<br\/>Med et kontrastforhold p\u00e5 opptil 100000:1 blir fargene rikere og mer levende.<br\/>Opplev ren sort og bilder med h\u00f8y kontrast fra favoritttitlene dine. AYANEO Air har den h\u00f8yeste PPI-en som finnes i en Windows Gaming Handheld, med 404 piksler per tomme. <\/h2>\n\n<figure class=\"wp-block-image\"><img decoding=\"async\" src=\"https:\/\/droix.net\/wp-content\/uploads\/2022\/10\/oled-info-1024x309.png\" alt=\"\" title=\"AYA NEO AIR PRO 17\"\/><\/figure>\n\n<h2 class=\"wp-block-heading\">Ultratynn og lett<\/h2>\n\n<h2 class=\"wp-block-heading\">AYANEO Air ble utviklet med tanke p\u00e5 b\u00e6rbarhet, og for \u00e5 oppn\u00e5 dette m\u00e5tte vi kombinere og komprimere rundt 3500 komponenter i denne Windows Gaming Handheld.<br\/>I denne ultrab\u00e6rbare spillh\u00e5ndholdte enheten har du maskinvare som anses \u00e5 v\u00e6re verdt en b\u00e6rbar datamaskin.<br\/>Og for \u00e5 pakke inn denne vakre pakken er det bare to skruer som er synlige for sluttbrukeren.<\/h2>\n\n<h2 class=\"wp-block-heading\">En ny versjon av b\u00e6rbare h\u00e5ndholdte enheter<\/h2>\n\n<h2 class=\"wp-block-heading\">Vekten er bare 398 g*.<\/h2>\n\n<figure class=\"wp-block-image\"><img decoding=\"async\" src=\"https:\/\/droix.net\/wp-content\/uploads\/2022\/10\/ayaneo_air-vs-switch.png\" alt=\"\" title=\"AYA NEO AIR PRO 18\"\/><\/figure>\n\n<h2 class=\"wp-block-heading\">AYANEO Air Lite* - 398 g<br\/>AYANEO Air Standard - 398 g<br\/>AYANEO Air Pro - 440 g<\/h2>\n\n<h2 class=\"wp-block-heading\">Betydelig mindre enn Steam Deck<br\/> Og enda mindre enn Switch<\/h2>\n\n<figure class=\"wp-block-image\"><img decoding=\"async\" src=\"https:\/\/droix.net\/wp-content\/uploads\/2022\/10\/ayaneo-sd-switch.png\" alt=\"\" title=\"AYA NEO AIR PRO 19\"\/><\/figure>\n\n<h2 class=\"wp-block-heading\">398g AYANEO Air<\/h2>\n\n<h2 class=\"wp-block-heading\">223,9\u00d789,4&#215;18 mm<\/h2>\n\n<h2 class=\"wp-block-heading\">420 g Nintendo Switch<\/h2>\n\n<h2 class=\"wp-block-heading\">242x102x13,9 mm<\/h2>\n\n<h2 class=\"wp-block-heading\">669g Steam Deck<\/h2>\n\n<h2 class=\"wp-block-heading\">298x117x20mm<\/h2>\n\n<h2 class=\"wp-block-heading\">AAA-spill p\u00e5 farten?<\/h2>\n\n<h2 class=\"wp-block-heading\">AYANEO Air kommer med kraften fra RED, med enten AMD Ryzen 5 5560U eller 5825U (kun tilgjengelig i AYANEO Air Pro).<br\/>Disse APU-ene er ikke bare gode til spilling, men har ogs\u00e5 lavere str\u00f8mforbruk - slik at du kan spille favorittspillene dine lenger.<\/h2>\n\n<figure class=\"wp-block-image\"><img decoding=\"async\" src=\"https:\/\/droix.net\/wp-content\/uploads\/2022\/10\/cpu-1-1-300x300.png\" alt=\"\" title=\"AYA NEO AIR PRO 20\"\/><\/figure>\n\n<h2 class=\"wp-block-heading\">Takket v\u00e6re 7nn-prosessen fra TSMC bruker AYANEO Air lite str\u00f8m, samtidig som den opprettholder h\u00f8y ytelse i favorittspillene dine.<\/h2>\n\n<figure class=\"wp-block-image\"><img decoding=\"async\" src=\"https:\/\/droix.net\/wp-content\/uploads\/2022\/10\/cpu-2-1-300x300.png\" alt=\"\" title=\"AYA NEO AIR PRO 21\"\/><\/figure>\n\n<h2 class=\"wp-block-heading\">AMD Ryzen 7 5825U APU er kun tilgjengelig p\u00e5 AYANEO Air Pro, og kj\u00f8rer 100 MHz h\u00f8yere enn 5800U, og er perfekt for gaming p\u00e5 farten.<\/h2>\n\n<h2 class=\"wp-block-heading\">L\u00e6r mer om favorittspillene dine<\/h2>\n\n<figure class=\"wp-block-image\"><img decoding=\"async\" src=\"https:\/\/droix.net\/wp-content\/uploads\/2022\/08\/games-1.png\" alt=\"spill-1\" title=\"AYA NEO AIR PRO 22\"\/><\/figure>\n\n<figure class=\"wp-block-image\"><img decoding=\"async\" src=\"https:\/\/droix.net\/wp-content\/uploads\/2022\/08\/games-2.png\" alt=\"spill-2\" title=\"AYA NEO AIR PRO 23\"\/><\/figure>\n\n<figure class=\"wp-block-image\"><img decoding=\"async\" src=\"https:\/\/droix.net\/wp-content\/uploads\/elementor\/thumbs\/ayaneo-master-q8z5dcnq497mmmrgjif980vegtbvts312kqur5jx8g.png\" alt=\"ayaneo-master.png\" title=\"ayaneo-master.png\"\/><\/figure>\n\n<h2 class=\"wp-block-heading\">Bli en mester p\u00e5 slagmarken med GuliKit.<\/h2>\n\n<h2 class=\"wp-block-heading\">AYANEOI samarbeid med GuliKit har vi dedikert oss til \u00e5 gi deg den beste spillopplevelsen. Denne PC Gaming Handheld er den f\u00f8rste modellen som er utstyrt med GuliKit-joysticks av h\u00f8y kvalitet. <\/h2>\n\n<figure class=\"wp-block-image\"><img decoding=\"async\" src=\"https:\/\/droix.net\/wp-content\/uploads\/elementor\/thumbs\/gulikit-logo-q8z5dcnq497ijbaloaorilpee1n1klosjvnack8xkw.png\" alt=\"gulikit-logo.png\" title=\"gulikit-logo.png\"\/><\/figure>\n\n<figure class=\"wp-block-image\"><img decoding=\"async\" src=\"https:\/\/droix.net\/wp-content\/uploads\/2022\/10\/ayaneo-joystick-device.png\" alt=\"\" title=\"AYA NEO AIR PRO 24\"\/><\/figure>\n\n<h2 class=\"wp-block-heading\">Ingen d\u00f8de soner Joysticks<\/h2>\n\n<h2 class=\"wp-block-heading\">Indre og ytre sirkler er 100 % fri for &laquo;d\u00f8dsoner\"<br\/>Dette er perfekt for FPS-spill.<\/h2>\n\n<h2 class=\"wp-block-heading\">Justering av utl\u00f8serens f\u00f8lsomhet<\/h2>\n\n<h2 class=\"wp-block-heading\">Ved hjelp av AYA Space kan du enkelt kontrollere avtrekkerens trykkbevegelse. Dette gj\u00f8r at du kan trykke 50 % p\u00e5 avtrekkeren for \u00e5 f\u00e5 full effekt. <\/h2>\n\n<h2 class=\"wp-block-heading\">Standby uten str\u00f8mforbruk<\/h2>\n\n<h2 class=\"wp-block-heading\">Du kan sl\u00e5 av kontrollerne i AYA Space, noe som sparer str\u00f8m.<\/h2>\n\n<h2 class=\"wp-block-heading\">A-B X-Y-tastbytte<\/h2>\n\n<h2 class=\"wp-block-heading\">Er du vant til den japanske layouten? Ikke noe problem! Med AYA Space kan du bytte layout.  <\/h2>\n\n<figure class=\"wp-block-image\"><img decoding=\"async\" src=\"https:\/\/droix.net\/wp-content\/uploads\/2022\/10\/11.png\" alt=\"\" title=\"AYA NEO AIR PRO 25\"\/><\/figure>\n\n<h2 class=\"wp-block-heading\">Ingen avdrift<\/h2>\n\n<h2 class=\"wp-block-heading\">AYANEO Airs styrespaker bruker elektromagnetiske vippebrytere for \u00e5 sikre at styrespaken ikke driver av.<\/h2>\n\n<figure class=\"wp-block-image\"><img decoding=\"async\" src=\"https:\/\/droix.net\/wp-content\/uploads\/2022\/10\/22.png\" alt=\"\" title=\"AYA NEO AIR PRO 26\"\/><\/figure>\n\n<h2 class=\"wp-block-heading\">Ingen d\u00f8de soner<\/h2>\n\n<h2 class=\"wp-block-heading\">Styrespakene p\u00e5 AYANEO Air har ingen d\u00f8dsone i midten og de ytre ringene p\u00e5 styrespakene.<\/h2>\n\n<figure class=\"wp-block-image\"><img decoding=\"async\" src=\"https:\/\/droix.net\/wp-content\/uploads\/2022\/10\/33.png\" alt=\"\" title=\"AYA NEO AIR PRO 27\"\/><\/figure>\n\n<h2 class=\"wp-block-heading\">H\u00f8y presisjon<\/h2>\n\n<h2 class=\"wp-block-heading\">Gj\u00f8r det mulig \u00e5 f\u00e5 de vanskelige skuddene i FPS, og kontroller kj\u00f8ret\u00f8yet ditt jevnt i kj\u00f8respill<\/h2>\n\n<figure class=\"wp-block-image\"><img decoding=\"async\" src=\"https:\/\/droix.net\/wp-content\/uploads\/2022\/10\/44.png\" alt=\"\" title=\"AYA NEO AIR PRO 28\"\/><\/figure>\n\n<h2 class=\"wp-block-heading\">Lang levetid<\/h2>\n\n<h2 class=\"wp-block-heading\">Hall-joystickene har en levetid p\u00e5 5 millioner brukstider. Dette sikrer at din AYANEO Air oppf\u00f8rer seg <\/h2>\n\n<h2 class=\"wp-block-heading\">EKSKLUSIVT til AYANEO Devices<\/h2>\n\n<h2 class=\"wp-block-heading\">AYA Space<\/h2>\n\n<h2 class=\"wp-block-heading\">Med AYA Space kan du administrere og starte favorittspillene dine i l\u00f8pet av sekunder.<br\/>Med AYA Space kan du stille inn ytelsesprofiler for hvert enkelt spill og styre enhetens hovedfunksjoner.<br\/> AYANEO Air leveres med en egen AYA Space-knapp, som enkelt kan vise overlegget, slik at du kan justere lysstyrke, volum og TDP - alt med et tastetrykk.<\/h2>\n\n<figure class=\"wp-block-image\"><img decoding=\"async\" src=\"https:\/\/droix.net\/wp-content\/uploads\/2022\/10\/ayaspace-ui-768x625.png\" alt=\"\" title=\"AYA NEO AIR PRO 29\"\/><\/figure>\n\n<h2 class=\"wp-block-heading\">H\u00f8yhastighetslagring, enten det er internt eller eksternt<\/h2>\n\n<h2 class=\"wp-block-heading\">Internt SSD<\/h2>\n\n<h2 class=\"wp-block-heading\">Innebygd h\u00f8yhastighets NVMe SSD med opptil 2 TB kapasitet<\/h2>\n\n<figure class=\"wp-block-image\"><img decoding=\"async\" src=\"https:\/\/droix.net\/wp-content\/uploads\/2022\/10\/storage-1.png\" alt=\"\" title=\"AYA NEO AIR PRO 30\"\/><\/figure>\n\n<h2 class=\"wp-block-heading\">TF\/Micro SD-kortspor<\/h2>\n\n<h2 class=\"wp-block-heading\">Gj\u00f8r det enkelt \u00e5 oppgradere internminnet.<\/h2>\n\n<figure class=\"wp-block-image\"><img decoding=\"async\" src=\"https:\/\/droix.net\/wp-content\/uploads\/2022\/10\/storage-2.png\" alt=\"\" title=\"AYA NEO AIR PRO 31\"\/><\/figure>\n\n<figure class=\"wp-block-image\"><img decoding=\"async\" src=\"https:\/\/droix.net\/wp-content\/uploads\/2022\/10\/multi-use.jpg\" alt=\"\" title=\"AYA NEO AIR PRO 32\"\/><\/figure>\n","protected":false},"excerpt":{"rendered":"<ul>\n<li>AMD <strong>Ryzen 5 5560U<\/strong> \/ AMD <strong>Ryzen 7 5825U<\/strong><\/li>\n<li><strong>16 GB<\/strong> LPDDR4x @ 4266 MHz<\/li>\n<li><strong>opptil 1 TB<\/strong> h\u00f8yhastighets PCI-E <strong>M.2<\/strong> 2280 SSD<\/li>\n<li><strong>5,5<\/strong> \" <strong> OLED Ber\u00f8ringsskjerm<\/strong> <\/li>\n<li>St\u00f8tte for <strong>WiFi 6<\/strong> og <strong>Bluetooth 5.2<\/strong> <\/li>\n<\/ul>\n[cg_accordion title=\"Garanti\"]<\/p>\n<p>AYANEO AIR PRO st\u00f8ttes av 1 \u00e5rs garanti fra <a href=\"https:\/\/droix.net\/\">DROIX Global<\/a> [\/cg_accordion]\n[cg_accordion title=\"Priser, avgifter og frakt\"]<\/p>\n<p><strong><u>Merk:<\/u><\/strong><\/p>\n<ul>\n<li>Kunder i USA: Den viste prisen inkluderer gjeldende TAX i henhold til din stat.<\/li>\n<li>EU-kunder: Den viste prisen inkluderer gjeldende SKATT, som kan v\u00e6re opptil 25 % avhengig av hvilket land du bor i.<\/li>\n<li>Kunder i Canada: Den viste prisen inkluderer gjeldende avgifter, som kan inkludere 5 % GST og ytterligere provinsiell omsetningsavgift (PST), harmonisert omsetningsavgift (HST) eller Quebec Sales Tax (QST), avhengig av hvilken provins du bor i.<\/li>\n<\/ul>\n<p>[\/cg_accordion]\n[cg_accordion title=\"Frakt og retur\"]<\/p>\n<p>Organisert av <a href=\"https:\/\/droix.net\/\" target=\"_blank\" rel=\"nofollow noopener\">DROIX<\/a>, en offisiell AYANEO Distribut\u00f8r, sender vi med DHL Express DDP (Delivered Duty Paid). Dette betyr at <\/p>\n<p>Express DDP (Delivered Duty Paid). Dette betyr at <\/p>\n<ul>\n<li>Alle tollavgifter og skatter er inkludert i prisen som vises p\u00e5 produktsiden.<\/li>\n<li>Du trenger ikke \u00e5 betale noen ekstra kostnader ved levering.<\/li>\n<li>I sjeldne tilfeller av tollrelaterte problemer vil v\u00e5rt team h\u00e5ndtere fortollingsprosessen p\u00e5 dine vegne for \u00e5 sikre en problemfri leveringsopplevelse.<\/li>\n<p>Viktig informasjon om retur:<\/p>\n<li>Hvis du bestemmer deg for \u00e5 returnere bestillingen eller be om refusjon, m\u00e5 du v\u00e6re oppmerksom p\u00e5 at skatter og avgifter som er betalt p\u00e5 dine vegne i henhold til DDP-vilk\u00e5rene, ikke kan refunderes.<\/li>\n<p>Se v\u00e5re <a href=\"https:\/\/ayaneo.co\/terms-of-service-2\/\" target=\"_blank\" rel=\"nofollow noopener\">vilk\u00e5r og betingelser<\/a> for detaljert informasjon.\n<\/ul>\n<p>[\/cg_accordion]\n[cg_accordion title=\"Kundest\u00f8tte\"]<\/p>\n<p>Har du et sp\u00f8rsm\u00e5l? Vi er bare en kort tekstmelding unna \u00e5 l\u00f8se problemet ditt! [\/cg_accordion]\n[cg_accordion title=\"Pakken inkluderer\"]<\/p>\n<ul>\n<li>1x AYANEO AIR PRO Gaming Handheld<\/li>\n<li>1x USB Type-C-kabel<\/li>\n<li>1x str\u00f8madapter<\/li>\n<li>1x brukerh\u00e5ndbok<\/li>\n<\/ul>\n<p>[\/cg_accordion]\n","protected":false},"featured_media":17289,"template":"","meta":{"_acf_changed":false},"product_brand":[],"product_cat":[1222],"product_tag":[],"class_list":{"0":"post-17287","1":"product","2":"type-product","3":"status-publish","4":"has-post-thumbnail","6":"product_cat-handholdte-spill-pc-er","7":"product_shipping_class-premium","8":"pa_brand-ayaneo","9":"pa_graphics-gpu-model-radeon-graphics","10":"pa_operating-system-windows-11-home","11":"pa_processor-cpu-brand-amd","13":"first","14":"outofstock","15":"taxable","16":"shipping-taxable","17":"purchasable","18":"product-type-variable"},"acf":[],"_links":{"self":[{"href":"https:\/\/ayaneo.co\/no\/wp-json\/wp\/v2\/product\/17287","targetHints":{"allow":["GET"]}}],"collection":[{"href":"https:\/\/ayaneo.co\/no\/wp-json\/wp\/v2\/product"}],"about":[{"href":"https:\/\/ayaneo.co\/no\/wp-json\/wp\/v2\/types\/product"}],"wp:featuredmedia":[{"embeddable":true,"href":"https:\/\/ayaneo.co\/no\/wp-json\/wp\/v2\/media\/17289"}],"wp:attachment":[{"href":"https:\/\/ayaneo.co\/no\/wp-json\/wp\/v2\/media?parent=17287"}],"wp:term":[{"taxonomy":"product_brand","embeddable":true,"href":"https:\/\/ayaneo.co\/no\/wp-json\/wp\/v2\/product_brand?post=17287"},{"taxonomy":"product_cat","embeddable":true,"href":"https:\/\/ayaneo.co\/no\/wp-json\/wp\/v2\/product_cat?post=17287"},{"taxonomy":"product_tag","embeddable":true,"href":"https:\/\/ayaneo.co\/no\/wp-json\/wp\/v2\/product_tag?post=17287"}],"curies":[{"name":"wp","href":"https:\/\/api.w.org\/{rel}","templated":true}]}}