{"id":17331,"date":"2025-05-08T13:01:34","date_gmt":"2025-05-08T13:01:34","guid":{"rendered":"https:\/\/ayaneo.co\/product\/ayaneo-ag01-starship-graphics-dock\/"},"modified":"2026-01-06T00:31:57","modified_gmt":"2026-01-06T00:31:57","slug":"ayaneo-ag01","status":"publish","type":"product","link":"https:\/\/ayaneo.co\/no\/product\/ayaneo-ag01\/","title":{"rendered":"AYANEO AG01 Starship Graphics Dock"},"content":{"rendered":"\n<figure class=\"wp-block-video\"><video height=\"1080\" style=\"aspect-ratio: 1920 \/ 1080;\" width=\"1920\" controls=\"\" poster=\"https:\/\/ayaneo.co\/wp-content\/uploads\/2025\/05\/maxresdefault-4.jpg\" src=\"https:\/\/ayaneo.co\/wp-content\/uploads\/2025\/05\/AYANEO-AG01-Starship-Graphic-Dock_-Salute-to-The-Era-of-Space-Science-Explore-The-Gaming-World.mp4\"><\/video><\/figure>\n\n<h2 class=\"wp-block-heading\" id=\"h-introducing-the-ayaneo-ag01-starship-graphics-dock-power-precision-and-portability-redefined\">Vi presenterer AYANEO AG01 Starship Graphics Dock: Kraft, presisjon og b\u00e6rbarhet omdefinert<\/h2>\n\n<p><strong>AYANEO AG01 Starship Graphics Dock<\/strong> innleder en ny \u00e6ra for eksterne GPU-l\u00f8sninger, skreddersydd for spillere, kreat\u00f8rer og profesjonelle som krever intet mindre enn fantastisk ytelse. Med en futuristisk industriell design, en avansert AMD Radeon RX 7600M XT GPU og robust kompatibilitet p\u00e5 tvers av Windows- og Linux -systemer, er AG01 ikke bare et tilbeh\u00f8r - det er en utskytningsrampe for kompromissl\u00f8s kraft i skrivebordsklasse n\u00e5r du er p\u00e5 farten.   <\/p>\n\n<figure class=\"wp-block-image size-full\"><a href=\"https:\/\/ayaneo.co\/wp-content\/uploads\/2025\/05\/AYANEO-AG01-GRAPHICS_DOCK-MARKETING-IMAGE-DONE-1-1024x576-1.jpg\"><img fetchpriority=\"high\" decoding=\"async\" width=\"1024\" height=\"576\" src=\"https:\/\/ayaneo.co\/wp-content\/uploads\/2025\/05\/AYANEO-AG01-GRAPHICS_DOCK-MARKETING-IMAGE-DONE-1-1024x576-1.jpg\" alt=\"Et m&#xF8;rkt reklamebilde med sci-fi-tema av AYANEO AG01, der den &#xF8;verste vifteringen lyser oransje og silhuetten av enheten er delvis opplyst, noe som tyder p&#xE5; at den befinner seg i verdensrommet.\" class=\"wp-image-37414\" srcset=\"https:\/\/ayaneo.co\/wp-content\/uploads\/2025\/05\/AYANEO-AG01-GRAPHICS_DOCK-MARKETING-IMAGE-DONE-1-1024x576-1.jpg 1024w, https:\/\/ayaneo.co\/wp-content\/uploads\/2025\/05\/AYANEO-AG01-GRAPHICS_DOCK-MARKETING-IMAGE-DONE-1-1024x576-1-300x169.jpg 300w, https:\/\/ayaneo.co\/wp-content\/uploads\/2025\/05\/AYANEO-AG01-GRAPHICS_DOCK-MARKETING-IMAGE-DONE-1-1024x576-1-768x432.jpg 768w, https:\/\/ayaneo.co\/wp-content\/uploads\/2025\/05\/AYANEO-AG01-GRAPHICS_DOCK-MARKETING-IMAGE-DONE-1-1024x576-1-990x557.jpg 990w, https:\/\/ayaneo.co\/wp-content\/uploads\/2025\/05\/AYANEO-AG01-GRAPHICS_DOCK-MARKETING-IMAGE-DONE-1-1024x576-1-441x248.jpg 441w, https:\/\/ayaneo.co\/wp-content\/uploads\/2025\/05\/AYANEO-AG01-GRAPHICS_DOCK-MARKETING-IMAGE-DONE-1-1024x576-1-600x338.jpg 600w, https:\/\/ayaneo.co\/wp-content\/uploads\/2025\/05\/AYANEO-AG01-GRAPHICS_DOCK-MARKETING-IMAGE-DONE-1-1024x576-1-150x84.jpg 150w\" sizes=\"(max-width: 1024px) 100vw, 1024px\" \/><\/a><\/figure>\n\n<p>Den banebrytende integreringen av OCuLink- og USB4-grensesnitt gj\u00f8r den til en av de mest allsidige eGPU-dokkene som finnes p\u00e5 markedet i dag. Enten du vil l\u00e5se opp h\u00f8yere bildefrekvenser p\u00e5 din h\u00e5ndholdte konsoll eller \u00f8ke produktiviteten p\u00e5 en kompakt b\u00e6rbar PC, sikrer AG01s kompakte fotavtrykk f\u00f8rsteklasses grafikkraft uten at det g\u00e5r p\u00e5 bekostning av mobiliteten. Velkommen til neste generasjon eksterne GPU-er - dristige, vakre og kampklare.  <\/p>\n\n<hr class=\"wp-block-separator has-alpha-channel-opacity\"\/>\n\n<h2 class=\"wp-block-heading\" id=\"h-ayaneo-ag01-starship-grade-external-gpu-dock\">AYANEO AG01 - ekstern GPU-dokk i stjerneskipsklasse<\/h2>\n\n<p><strong>AG01 Starship Graphics Dock<\/strong> er et mesterverk av moderne ingeni\u00f8rkunst og kunstnerisk design. Den er inspirert av futuristisk romfart\u00f8yestetikk og kombinerer b\u00e6rbarhet og ytelse i et chassis som bare er 18 cm bredt og veier under 900 g. Den sv\u00e6rt effektive termiske designen, forsterket med et turbinlignende kj\u00f8lesystem og luftkanaler, s\u00f8rger for langvarig ytelse uten struping, selv under intense spill- eller renderings\u00f8kter.  <\/p>\n\n<figure class=\"wp-block-image size-full\"><a href=\"https:\/\/ayaneo.co\/wp-content\/uploads\/2025\/05\/AYANEO-AG01-GRAPHICS_DOCK-MARKETING-IMAGE-DONE-2-1024x855-1.jpg\"><img decoding=\"async\" width=\"1024\" height=\"855\" src=\"https:\/\/ayaneo.co\/wp-content\/uploads\/2025\/05\/AYANEO-AG01-GRAPHICS_DOCK-MARKETING-IMAGE-DONE-2-1024x855-1.jpg\" alt=\"H&#xF8;ydepunktene i AYANEO AG01 vises i et futuristisk rutenettoppsett, inkludert RX 7600M XT-brikken, RGB-belysning, tilpassbart navneskilt, kj&#xF8;lesystem og I\/O-utvidelsesmuligheter.\" class=\"wp-image-37415\" srcset=\"https:\/\/ayaneo.co\/wp-content\/uploads\/2025\/05\/AYANEO-AG01-GRAPHICS_DOCK-MARKETING-IMAGE-DONE-2-1024x855-1.jpg 1024w, https:\/\/ayaneo.co\/wp-content\/uploads\/2025\/05\/AYANEO-AG01-GRAPHICS_DOCK-MARKETING-IMAGE-DONE-2-1024x855-1-300x250.jpg 300w, https:\/\/ayaneo.co\/wp-content\/uploads\/2025\/05\/AYANEO-AG01-GRAPHICS_DOCK-MARKETING-IMAGE-DONE-2-1024x855-1-768x641.jpg 768w, https:\/\/ayaneo.co\/wp-content\/uploads\/2025\/05\/AYANEO-AG01-GRAPHICS_DOCK-MARKETING-IMAGE-DONE-2-1024x855-1-990x827.jpg 990w, https:\/\/ayaneo.co\/wp-content\/uploads\/2025\/05\/AYANEO-AG01-GRAPHICS_DOCK-MARKETING-IMAGE-DONE-2-1024x855-1-441x368.jpg 441w, https:\/\/ayaneo.co\/wp-content\/uploads\/2025\/05\/AYANEO-AG01-GRAPHICS_DOCK-MARKETING-IMAGE-DONE-2-1024x855-1-600x501.jpg 600w, https:\/\/ayaneo.co\/wp-content\/uploads\/2025\/05\/AYANEO-AG01-GRAPHICS_DOCK-MARKETING-IMAGE-DONE-2-1024x855-1-150x125.jpg 150w\" sizes=\"(max-width: 1024px) 100vw, 1024px\" \/><\/a><\/figure>\n\n<p>AG01 er utstyrt med <strong>AMD Radeon RX 7600M XT<\/strong> GPU basert p\u00e5 RDNA3-arkitekturen, og st\u00f8tter avansert AAA-spill, videoredigering og 3D-gjengivelse med eksepsjonell effektivitet. Den er den ideelle f\u00f8lgesvennen for b\u00e6rbare spillenheter som AYANEO 2S, KUN og til og med enheter som ikke erAYANEO via OCuLink og USB4, inkludert Steam Deck, ROG Ally og flere. <\/p>\n\n<hr class=\"wp-block-separator has-alpha-channel-opacity\"\/>\n\n<h2 class=\"wp-block-heading\" id=\"h-performance-that-launches-beyond-limits\">Ytelser som sprenger alle grenser<\/h2>\n\n<p><strong>Et kraftverk av grafikk:<\/strong> I hjertet av AG01 finner du <strong>AMD Radeon RX 7600M XT<\/strong> GPU, med 32 beregningsenheter, 8 GB GDDR6-minne og en maksimal boost-klokke p\u00e5 2300 MHz. Dette kraftverket leverer flytende spilling i 1080p og til og med 1440p, og utmerker seg i h\u00f8yytelsesapplikasjoner som spenner fra AAA-titler til GPU-akselererte kreative arbeidsflyter. <\/p>\n\n<p><strong>Avansert kj\u00f8lesystem:<\/strong> I motsetning til konvensjonelle eGPU-er har AG01 et unikt utviklet kj\u00f8lesystem med doble luftinntak og en h\u00f8yeffektiv vifte. Denne designen maksimerer luftstr\u00f8mmen samtidig som den er st\u00f8ysvak, noe som gir vedvarende ytelse selv under lange \u00f8kter. <\/p>\n\n<hr class=\"wp-block-separator has-alpha-channel-opacity\"\/>\n\n<h2 class=\"wp-block-heading\" id=\"h-seamless-connectivity\">S\u00f8ml\u00f8s tilkobling<\/h2>\n\n<figure class=\"wp-block-image size-full\"><a href=\"https:\/\/ayaneo.co\/wp-content\/uploads\/2025\/05\/AYANEO-AG01-GRAPHICS_DOCK-MARKETING-IMAGE-DONE-3-1024x576-1.jpg\"><img decoding=\"async\" width=\"1024\" height=\"576\" src=\"https:\/\/ayaneo.co\/wp-content\/uploads\/2025\/05\/AYANEO-AG01-GRAPHICS_DOCK-MARKETING-IMAGE-DONE-3-1024x576-1.jpg\" alt=\"Diagrammet viser I\/O-oppsettet p&#xE5; baksiden av AYANEO AG01 Graphics Dock, med portene DP 2.0, HDMI 2.1, OCuLink, USB4, DC, RJ45 og USB 3.2 Gen 2.\" class=\"wp-image-37416\" srcset=\"https:\/\/ayaneo.co\/wp-content\/uploads\/2025\/05\/AYANEO-AG01-GRAPHICS_DOCK-MARKETING-IMAGE-DONE-3-1024x576-1.jpg 1024w, https:\/\/ayaneo.co\/wp-content\/uploads\/2025\/05\/AYANEO-AG01-GRAPHICS_DOCK-MARKETING-IMAGE-DONE-3-1024x576-1-300x169.jpg 300w, https:\/\/ayaneo.co\/wp-content\/uploads\/2025\/05\/AYANEO-AG01-GRAPHICS_DOCK-MARKETING-IMAGE-DONE-3-1024x576-1-768x432.jpg 768w, https:\/\/ayaneo.co\/wp-content\/uploads\/2025\/05\/AYANEO-AG01-GRAPHICS_DOCK-MARKETING-IMAGE-DONE-3-1024x576-1-990x557.jpg 990w, https:\/\/ayaneo.co\/wp-content\/uploads\/2025\/05\/AYANEO-AG01-GRAPHICS_DOCK-MARKETING-IMAGE-DONE-3-1024x576-1-441x248.jpg 441w, https:\/\/ayaneo.co\/wp-content\/uploads\/2025\/05\/AYANEO-AG01-GRAPHICS_DOCK-MARKETING-IMAGE-DONE-3-1024x576-1-600x338.jpg 600w, https:\/\/ayaneo.co\/wp-content\/uploads\/2025\/05\/AYANEO-AG01-GRAPHICS_DOCK-MARKETING-IMAGE-DONE-3-1024x576-1-150x84.jpg 150w\" sizes=\"(max-width: 1024px) 100vw, 1024px\" \/><\/a><\/figure>\n\n<p><strong>OCuLink- og USB4-klar:<\/strong> AG01 st\u00f8tter OCuLink <strong>SFF-8612<\/strong> og <strong>USB4<\/strong> for tilkoblinger med lav latenstid og h\u00f8y b\u00e5ndbredde, noe som gir bred kompatibilitet p\u00e5 tvers av h\u00e5ndholdte PC-er og b\u00e6rbare datamaskiner. OCuLink gir overlegen GPU-ytelse ved \u00e5 omg\u00e5 flaskehalsene i tradisjonelle Thunderbolt-tilkoblinger, noe som gj\u00f8r den til det beste valget for seri\u00f8se spillere og kreat\u00f8rer. <\/p>\n\n<p><strong>Allsidig st\u00f8tte for enheter:<\/strong> Enten du kobler til en AYANEO h\u00e5ndholdt, Steam Deck eller en kompakt Windows\/Linux -maskin, tilpasser AG01 seg enkelt. Den st\u00f8tter plug-and-play-funksjonalitet uten behov for BIOS-tilpasninger for de fleste systemer. <\/p>\n\n<hr class=\"wp-block-separator has-alpha-channel-opacity\"\/>\n\n<h2 class=\"wp-block-heading\" id=\"h-built-to-travel-designed-to-impress\">Bygget for \u00e5 reise, designet for \u00e5 imponere<\/h2>\n\n<p><strong>Kompakt og lett:<\/strong> AG01 m\u00e5ler bare 18 cm x 6,3 cm x 3 cm og veier 869 g, og er dermed en av de minste eGPU-dokkene med h\u00f8y ytelse i verden. Den romalderske designen gj\u00f8r den ogs\u00e5 til et statement-objekt p\u00e5 skrivebordet eller i den tekniske vesken. <\/p>\n\n<p><strong>F\u00f8rsteklasses materialer:<\/strong> Chassiset er konstruert av en aluminiumslegering av romfartskvalitet, som kombinerer holdbarhet med termisk effektivitet og elegant estetikk.<\/p>\n\n<figure class=\"wp-block-image size-full\"><a href=\"https:\/\/ayaneo.co\/wp-content\/uploads\/2025\/05\/AYANEO-AG01-GRAPHICS_DOCK-MARKETING-IMAGE-DONE-8-1024x576-1.jpg\"><img loading=\"lazy\" decoding=\"async\" width=\"1024\" height=\"576\" src=\"https:\/\/ayaneo.co\/wp-content\/uploads\/2025\/05\/AYANEO-AG01-GRAPHICS_DOCK-MARKETING-IMAGE-DONE-8-1024x576-1.jpg\" alt=\"Dramatisk visuell fremstilling av AYANEO AG01s to metalliske chassisdeler midt i separasjonen, som fremhever det fint utformede metallhuset mot en stjerneklar bakgrunn fra verdensrommet.\" class=\"wp-image-37417\" srcset=\"https:\/\/ayaneo.co\/wp-content\/uploads\/2025\/05\/AYANEO-AG01-GRAPHICS_DOCK-MARKETING-IMAGE-DONE-8-1024x576-1.jpg 1024w, https:\/\/ayaneo.co\/wp-content\/uploads\/2025\/05\/AYANEO-AG01-GRAPHICS_DOCK-MARKETING-IMAGE-DONE-8-1024x576-1-300x169.jpg 300w, https:\/\/ayaneo.co\/wp-content\/uploads\/2025\/05\/AYANEO-AG01-GRAPHICS_DOCK-MARKETING-IMAGE-DONE-8-1024x576-1-768x432.jpg 768w, https:\/\/ayaneo.co\/wp-content\/uploads\/2025\/05\/AYANEO-AG01-GRAPHICS_DOCK-MARKETING-IMAGE-DONE-8-1024x576-1-990x557.jpg 990w, https:\/\/ayaneo.co\/wp-content\/uploads\/2025\/05\/AYANEO-AG01-GRAPHICS_DOCK-MARKETING-IMAGE-DONE-8-1024x576-1-441x248.jpg 441w, https:\/\/ayaneo.co\/wp-content\/uploads\/2025\/05\/AYANEO-AG01-GRAPHICS_DOCK-MARKETING-IMAGE-DONE-8-1024x576-1-600x338.jpg 600w, https:\/\/ayaneo.co\/wp-content\/uploads\/2025\/05\/AYANEO-AG01-GRAPHICS_DOCK-MARKETING-IMAGE-DONE-8-1024x576-1-150x84.jpg 150w\" sizes=\"(max-width: 1024px) 100vw, 1024px\" \/><\/a><\/figure>\n\n<hr class=\"wp-block-separator has-alpha-channel-opacity\"\/>\n\n<h2 class=\"wp-block-heading\" id=\"h-user-experience\">Brukeropplevelse<\/h2>\n\n<p>AG01 setter en ny standard for brukervennlig ytelse. Den driverl\u00f8se st\u00f8tten for Windows og Linux, s\u00f8ml\u00f8s enhetskompatibilitet og plug-and-play-oppsett gj\u00f8r den ideell for b\u00e5de nybegynnere og teknisk kyndige entusiaster. Enten du str\u00f8mmer, designer, spiller eller multitasker p\u00e5 tvers av skjermer, leverer AG01 en jevn og oppslukende opplevelse.  <\/p>\n\n<hr class=\"wp-block-separator has-alpha-channel-opacity\"\/>\n\n<h2 class=\"wp-block-heading\" id=\"h-conclusion\">Konklusjon<\/h2>\n\n<p><strong>AYANEO AG01 Starship Graphics Dock<\/strong> er mer enn bare en ekstern GP - det er et sprang inn i en fremtid der b\u00e6rbarhet m\u00f8ter ekte ytelse p\u00e5 skrivebordsniv\u00e5. Med Radeon RX 7600M XT-motoren, tilkoblingsmuligheter med to grensesnitt og kunstnerisk design omdefinerer AG01 hva som er mulig innen b\u00e6rbar databehandling. <\/p>\n\n<p>Forh\u00e5ndsbestill din AG01 n\u00e5, og bli en del av en ny generasjon spillere og skapere som omfavner kompromissl\u00f8s kraft uansett hvor de g\u00e5r.  <strong>Med AYANEO er stjernene bare begynnelsen.<\/strong><\/p>\n","protected":false},"excerpt":{"rendered":"<ul>\n<li><strong>Radeon\u2122 RX 7600M XT<\/strong> GPU med RDNA 3-arkitektur<\/li>\n<li><strong>Dobbelt grensesnitt:<\/strong> OCuLink og USB 4.0 (Type-C, 65 W PD)<\/li>\n<li><strong>Kompakt og lett:<\/strong> B\u00e6rbar romskipinspirert design<\/li>\n<li><strong>Optimalisert kj\u00f8ling:<\/strong> H\u00f8yeffektivt turbinviftesystem<\/li>\n<li><strong>Kompatibel med:<\/strong> AYANEO 2S, KUN, FLIP DS, ROG Ally, Steam Deck<\/li>\n<\/ul>\n[cg_accordion title=\"BETALINGSINFORMASJON\"]<\/p>\n<p>Vi bruker den nyeste teknologien innen betalingsbehandling, som lar deg betale via Apple Pay, Google Pay, debet- \/ kredittkortet ditt, PayPal eller BNPL-metoder som Klarna, Affirm eller AfterPay for en rask og sikker opplevelse.[\/cg_accordion]\n[cg_accordion title=\"GARANTI\"]<\/p>\n<p>1 \u00e5rs garanti fra <a href=\"https:\/\/droix.net\/\" target=\"_blank\" rel=\"nofollow noopener\">DROIX Global<\/a> for din trygghet[\/cg_accordion]\n[cg_accordion title=\"KVALITETSSIKRING OG TESTING F\u00d8R UTSENDELSE\"]<\/p>\n<p>Sikrer kundetilfredshet p\u00e5 h\u00f8yeste standard: Hver enhet gjennomg\u00e5r strenge tester og en flerpunkts kvalitetssikringskontroll f\u00f8r den sendes. V\u00e5rt dedikerte team verifiserer ytelse, funksjonalitet og komponentintegritet for \u00e5 garantere at AYANEO-enheten din er i perfekt stand ved ankomst, slik at du kan f\u00f8le deg trygg og sikker. [\/cg_accordion]\n[cg_accordion title=\"PRISER, AVGIFTER OG FRAKT\"]<\/p>\n<p><strong><u>Merk:<\/u><\/strong><\/p>\n<ul>\n<li>Kunder i USA: Den viste prisen inkluderer IKKE SKATT eller avgifter. Ansvaret for \u00e5 fortolle og betale eventuelle tilknyttede skatter\/avgifter ligger p\u00e5 kunden. <\/li>\n<li>EU-kunder: Den viste prisen inkluderer gjeldende SKATT, som kan v\u00e6re opptil 25 % avhengig av hvilket land du bor i.<\/li>\n<li>Kunder i Canada: Den viste prisen inkluderer gjeldende avgifter, som kan inkludere 5 % GST og ytterligere provinsiell omsetningsavgift (PST), harmonisert omsetningsavgift (HST) eller Quebec Sales Tax (QST), avhengig av provinsen din.<\/li>\n<\/ul>\n<p><strong>KUN for EU-kunder:<\/strong> Express DDP (Delivered Duty Paid). Dette betyr: <\/p>\n<ul>\n<li>Alle tollavgifter og skatter er inkludert i prisen som vises p\u00e5 produktsiden.<\/li>\n<li>Du trenger ikke \u00e5 betale noen ekstra kostnader ved levering.<\/li>\n<li>I sjeldne tilfeller av tollrelaterte problemer vil v\u00e5rt team h\u00e5ndtere fortollingsprosessen p\u00e5 dine vegne for \u00e5 sikre en problemfri leveringsopplevelse.<\/li>\n<p>Viktig informasjon om retur:<\/p>\n<li>Hvis du bestemmer deg for \u00e5 returnere bestillingen eller be om refusjon, m\u00e5 du v\u00e6re oppmerksom p\u00e5 at skatter og avgifter som er betalt p\u00e5 dine vegne i henhold til DDP-vilk\u00e5rene, ikke kan refunderes.<\/li>\n<p>Se v\u00e5re <a href=\"https:\/\/ayaneo.co\/no\/vilkar-for-bruk\/\" target=\"_blank\" rel=\"nofollow noopener\">vilk\u00e5r og betingelser<\/a> for detaljert informasjon.\n<\/ul>\n<p>[\/cg_accordion]\n[cg_accordion title=\"KUNDEST\u00d8TTE\"]<\/p>\n<p>Har du et sp\u00f8rsm\u00e5l? Vi er bare en kort tekstmelding unna \u00e5 l\u00f8se problemet ditt! [\/cg_accordion]\n[cg_accordion title=\"PAKKEN INKLUDERER\"]<\/p>\n<ul>\n<li>1x AYANEO AG01 Starship Graphics Dock<\/li>\n<li>1x USB Type-C-kabel<\/li>\n<li>1x brukerh\u00e5ndbok<\/li>\n<\/ul>\n<p>[\/cg_accordion]\n","protected":false},"featured_media":17337,"template":"","meta":{"_acf_changed":false},"product_brand":[],"product_cat":[1190],"product_tag":[],"class_list":{"0":"post-17331","1":"product","2":"type-product","3":"status-publish","4":"has-post-thumbnail","6":"product_cat-tilbehor-no","7":"product_shipping_class-premium","8":"pa_brand-ayaneo","9":"pa_graphics-gpu-model-radeon-rx-7600m-xt","11":"first","12":"outofstock","13":"sale","14":"taxable","15":"shipping-taxable","16":"purchasable","17":"product-type-variable","18":"has-default-attributes"},"acf":[],"_links":{"self":[{"href":"https:\/\/ayaneo.co\/no\/wp-json\/wp\/v2\/product\/17331","targetHints":{"allow":["GET"]}}],"collection":[{"href":"https:\/\/ayaneo.co\/no\/wp-json\/wp\/v2\/product"}],"about":[{"href":"https:\/\/ayaneo.co\/no\/wp-json\/wp\/v2\/types\/product"}],"wp:featuredmedia":[{"embeddable":true,"href":"https:\/\/ayaneo.co\/no\/wp-json\/wp\/v2\/media\/17337"}],"wp:attachment":[{"href":"https:\/\/ayaneo.co\/no\/wp-json\/wp\/v2\/media?parent=17331"}],"wp:term":[{"taxonomy":"product_brand","embeddable":true,"href":"https:\/\/ayaneo.co\/no\/wp-json\/wp\/v2\/product_brand?post=17331"},{"taxonomy":"product_cat","embeddable":true,"href":"https:\/\/ayaneo.co\/no\/wp-json\/wp\/v2\/product_cat?post=17331"},{"taxonomy":"product_tag","embeddable":true,"href":"https:\/\/ayaneo.co\/no\/wp-json\/wp\/v2\/product_tag?post=17331"}],"curies":[{"name":"wp","href":"https:\/\/api.w.org\/{rel}","templated":true}]}}