{"id":18634,"date":"2024-08-15T15:04:41","date_gmt":"2024-08-15T15:04:41","guid":{"rendered":"https:\/\/ayaneo.co\/product\/ayaneo-lomme-dmg\/"},"modified":"2025-12-11T00:11:47","modified_gmt":"2025-12-11T00:11:47","slug":"ayaneo-pocket-dmg","status":"publish","type":"product","link":"https:\/\/ayaneo.co\/no\/product\/ayaneo-pocket-dmg\/","title":{"rendered":"AYANEO Pocket DMG"},"content":{"rendered":"\n<figure class=\"wp-block-video\"><video controls=\"\" src=\"https:\/\/droix.net\/wp-content\/uploads\/2024\/08\/AYANEO-Pocket-DMG&#xFF1A;The-Pinnacle-of-Retro-Vertical-Handhelds.mp4\"><\/video><\/figure>\n\n<div class=\"wp-block-columns is-layout-flex wp-container-core-columns-is-layout-28f84493 wp-block-columns-is-layout-flex\">\n<div class=\"wp-block-column is-layout-flow wp-block-column-is-layout-flow\" style=\"flex-basis:33.33%\">\n<figure class=\"wp-block-image size-large\"><a href=\"https:\/\/droix.net\/wp-content\/uploads\/2024\/08\/AYANEO-POCKET-DMG-ARTIC-BLACK-DONE-01.png\" target=\"_blank\" rel=\"noopener\"><img decoding=\"async\" src=\"https:\/\/droix.net\/wp-content\/uploads\/2024\/08\/AYANEO-POCKET-DMG-ARTIC-BLACK-DONE-01-1024x1024.png\" alt=\"Forsiden av AYANEO Pocket DMG i Arctic Black, som viser den retroinspirerte designen med en 3,92-tommers OLED -skjerm, D-pad, analog styrespak og knapper.\" class=\"wp-image-184226\"\/><\/a><\/figure>\n<\/div>\n\n\n\n<div class=\"wp-block-column is-layout-flow wp-block-column-is-layout-flow\" style=\"flex-basis:66.66%\">\n<h3 class=\"wp-block-heading\" id=\"h-experience-retro-gaming-like-never-before-with-the-ayaneo-pocket-dmg\">Opplev retrospill som aldri f\u00f8r med AYANEO Pocket DMG<\/h3>\n\n\n\n<p><strong> AYANEO Pocket DMG<\/strong> er en banebrytende <strong>h\u00e5ndholdt<\/strong> <strong>spillenhet<\/strong> som p\u00e5 mesterlig vis kombinerer nostalgien ved <strong>retrospill<\/strong> med avansert moderne teknologi. Denne <strong>vertikale h\u00e5ndholdte<\/strong> spillkonsollen er en hyllest til den ikoniske Game Boy, og har b\u00e5de en velkjent estetikk og kraftig ytelse, noe som gj\u00f8r den til et ideelt valg for b\u00e5de fans av <strong>retrospill<\/strong> og moderne spill. <\/p>\n<\/div>\n<\/div>\n\n<p><strong> AYANEO Pocket DMG<\/strong> er en banebrytende <strong>h\u00e5ndholdt<\/strong> <strong>spillenhet<\/strong> som p\u00e5 mesterlig vis kombinerer nostalgien ved <strong>retrospill<\/strong> med avansert moderne teknologi. Denne <strong>vertikale h\u00e5ndholdte<\/strong> spillkonsollen er en hyllest til den ikoniske Game Boy, og har b\u00e5de en velkjent estetikk og kraftig ytelse, noe som gj\u00f8r den til et ideelt valg for b\u00e5de fans av <strong>retrospill<\/strong> og moderne spill. <\/p>\n\n<h3 class=\"wp-block-heading\" id=\"h-design-and-display\">Design og visning<\/h3>\n\n<p><strong>AYANEO Pocket DMG<\/strong> skiller seg ut med sin kompakte og nostalgiske design, som minner om klassiske <strong>h\u00e5ndholdte retrokonsoller<\/strong>. Sentralt i designet er en 3,92-tommers <strong>OLED -skjerm<\/strong> med en skarp oppl\u00f8sning p\u00e5 1240&#215;1080 og en pikseltetthet p\u00e5 419 PPI. Denne <strong>OLED -skjermen<\/strong> s\u00f8rger for levende farger og skarpe bilder, og gir liv til b\u00e5de retrospill og moderne spill med fantastisk klarhet. Enheten er tilgjengelig i to forskjellige farger:   <\/p>\n\n<ul class=\"wp-block-list\">\n<li>Arktisk svart<\/li>\n\n\n\n<li>Moon White<\/li>\n<\/ul>\n\n<div class=\"wp-block-columns is-layout-flex wp-container-core-columns-is-layout-28f84493 wp-block-columns-is-layout-flex\">\n<div class=\"wp-block-column is-layout-flow wp-block-column-is-layout-flow\">\n<figure class=\"wp-block-image size-large\"><a href=\"https:\/\/droix.net\/wp-content\/uploads\/2024\/08\/AYANEO-POCKET-DMG-MARKETING-DONE-14.jpg\" target=\"_blank\" rel=\"noopener\"><img decoding=\"async\" src=\"https:\/\/droix.net\/wp-content\/uploads\/2024\/08\/AYANEO-POCKET-DMG-MARKETING-DONE-14-1024x1024.jpg\" alt=\"Reklamebilde for AYANEO Pocket DMG med Snapdragon G3x Gen 2 Gaming Platform. Den fremhever at den er den f&#xF8;rste vertikale h&#xE5;ndholdte enheten med denne prosessoren, og viser frem 1+4+3 Octa-Core-arkitekturen med Kryo Prime Ultra-kjerner p&#xE5; 3,36 GHz, Adreno A32 GPU p&#xE5; 816 Hz og en ytelse p&#xE5; 15 W. \" class=\"wp-image-184229\"\/><\/a><\/figure>\n\n\n\n<h3 class=\"wp-block-heading\" id=\"h-performance\">Ytelse<\/h3>\n\n\n\n<p>Hjertet i <strong>Pocket DMG<\/strong> er <strong>Snapdragon G3x Gen 2-prosessoren<\/strong>, en kraftig brikke som er skreddersydd spesielt for <strong>h\u00e5ndholdte<\/strong> <strong>spill<\/strong>. Denne <strong>prosessoren<\/strong> s\u00f8rger for s\u00f8ml\u00f8s emulering av retrotitler og jevn ytelse i moderne mobilspill. Enheten kj\u00f8rer p\u00e5 Android 13 og gir tilgang til et stort \u00f8kosystem av apper og emulatorer, noe som gj\u00f8r den til en allsidig plattform for alle dine <strong>spillbehov<\/strong>.  <\/p>\n<\/div>\n\n\n\n<div class=\"wp-block-column is-layout-flow wp-block-column-is-layout-flow\">\n<figure class=\"wp-block-image size-large\"><a href=\"https:\/\/droix.net\/wp-content\/uploads\/2024\/08\/AYANEO-POCKET-DMG-MARKETING-DONE-19.jpg\" target=\"_blank\" rel=\"noopener\"><img decoding=\"async\" src=\"https:\/\/droix.net\/wp-content\/uploads\/2024\/08\/AYANEO-POCKET-DMG-MARKETING-DONE-19-1024x1024.jpg\" alt=\"Infografikk som viser flere funksjoner i AYANEO Pocket DMG som kan sammenlignes med profesjonelle kontrollere. Blant funksjonene er joystick med h&#xF8;y presisjon, justerbar f&#xF8;lsomhet, standby uten str&#xF8;mforbruk, gyroskopassistert sikting, knappesprengningsfunksjon, A-B-X-Y-tasteverdiutveksling og justerbar motorvibrasjonsintensitet. Nedenfor holder en h&#xE5;nd den hvite enheten, som viser en fargerik spillskjerm.  \" class=\"wp-image-184232\"\/><\/a><\/figure>\n\n\n\n<h3 class=\"wp-block-heading\" id=\"h-controls-and-inputs\">Kontroller og innganger<\/h3>\n\n\n\n<p><strong>Pocket DMG<\/strong> har et allsidig og innovativt kontrolloppsett som passer til et bredt spekter av <strong>spillsjangre<\/strong>. Viktige funksjoner inkluderer: <\/p>\n\n\n\n<ul class=\"wp-block-list\">\n<li>En tradisjonell D-pad for presis retningsangivelse<\/li>\n\n\n\n<li>ABXY-frontknapper for klassisk <strong>spilling<\/strong><\/li>\n\n\n\n<li>En enkelt analog <strong>styrespak<\/strong> forbedret med Hall Effect-teknologi for n\u00f8yaktighet og holdbarhet<\/li>\n\n\n\n<li>En innovativ <strong>ber\u00f8ringsplate<\/strong> som ogs\u00e5 fungerer som en ekstra analog inngang<\/li>\n\n\n\n<li>Skulderknapper for flere kontrollalternativer<\/li>\n<\/ul>\n\n\n\n<p>Denne kombinasjonen av kontroller gj\u00f8r at <strong>Pocket DMG<\/strong> kan h\u00e5ndtere alt fra retro-plattformspill til moderne actionspill med letthet.<\/p>\n<\/div>\n\n\n\n<div class=\"wp-block-column is-layout-flow wp-block-column-is-layout-flow\">\n<figure class=\"wp-block-image size-large\"><a href=\"https:\/\/droix.net\/wp-content\/uploads\/2024\/08\/AYANEO-POCKET-DMG-MARKETING-DONE-16.jpg\" target=\"_blank\" rel=\"noopener\"><img decoding=\"async\" src=\"https:\/\/droix.net\/wp-content\/uploads\/2024\/08\/AYANEO-POCKET-DMG-MARKETING-DONE-16-1024x1024.jpg\" alt=\"Infografikken beskriver den &quot;s&#xF8;ml&#xF8;se kraftkombinasjonen&quot; til AYANEO Pocket DMG, og fremhever h&#xF8;yhastighetsminnet (LPDDR5X med 8533 Mbps), rask lagring (UFS 4.0 med en lesehastighet p&#xE5; 4000+ MB\/s) og stor kapasitet for lagring av spill og apper. Det nevnes opptil 16 GB RAM og 1 TB lagringsalternativer. \" class=\"wp-image-184230\"\/><\/a><\/figure>\n\n\n\n<h3 class=\"wp-block-heading\" id=\"h-storage-and-connectivity\">Lagring og tilkoblingsmuligheter<\/h3>\n\n\n\n<p><strong>AYANEO Pocket DMG<\/strong> tilbyr fleksible lagringsl\u00f8sninger for \u00e5 dekke behovene til ulike typer <strong>h\u00e5ndholdte<\/strong> <strong>spillentusiaster<\/strong>:<\/p>\n\n\n\n<ul class=\"wp-block-list\">\n<li>8 GB RAM + 128 GB lagringsplass<\/li>\n<\/ul>\n\n\n\n<p>I tillegg gir et microSD-kortspor mulighet for enkel utvidelse av lagringskapasiteten. N\u00e5r det gjelder tilkoblingsmuligheter, inkluderer enheten: <\/p>\n\n\n\n<ul class=\"wp-block-list\">\n<li>Wi-Fi og Bluetooth 5.3 for tr\u00e5dl\u00f8s kommunikasjon<\/li>\n\n\n\n<li>En USB-C-port for lading og tilkobling av tilbeh\u00f8r<\/li>\n<\/ul>\n<\/div>\n<\/div>\n\n<h3 class=\"wp-block-heading\" id=\"h-battery-and-additional-features\">Batteri og tilleggsfunksjoner<\/h3>\n\n<p><strong>Pocket DMG<\/strong> drives av et batteri p\u00e5 6000 mAh, med st\u00f8tte for 25 W PD-hurtiglading, slik at du kan spille lenger. Andre bemerkelsesverdige funksjoner inkluderer: <\/p>\n\n<figure class=\"wp-block-image size-large\"><a href=\"https:\/\/droix.net\/wp-content\/uploads\/2024\/08\/AYANEO-POCKET-DMG-MARKETING-DONE-18.jpg\" target=\"_blank\" rel=\"noopener\"><img decoding=\"async\" src=\"https:\/\/droix.net\/wp-content\/uploads\/2024\/08\/AYANEO-POCKET-DMG-MARKETING-DONE-18-1024x1024.jpg\" alt=\"Markedsf&#xF8;ringsbildet viser AYANEO Pocket DMGs 6000 mAh-batteri, med vekt p&#xE5; lang batterilevetid og st&#xF8;tte for PD-hurtiglading. Den nedre delen presenterer Hall Medium-joysticken, og fremhever dens presisjon, holdbarhet (5 millioner bruksomr&#xE5;der) og forbedrede kontrollfunksjoner. \" class=\"wp-image-184231\"\/><\/a><\/figure>\n\n<ul class=\"wp-block-list\">\n<li>Et gyroskop med seks akser for bevegelseskontroll<\/li>\n\n\n\n<li>Et aktivt kj\u00f8lesystem med innebygd vifte for \u00e5 opprettholde optimal ytelse<\/li>\n\n\n\n<li>En kompakt b\u00e6reveske for enkel transport<\/li>\n<\/ul>\n\n<h3 class=\"wp-block-heading\" id=\"h-user-experience-and-conclusion\">Brukeropplevelse og konklusjon<\/h3>\n\n<p><strong>AYANEO Pocket DMG<\/strong> er et eksepsjonelt valg for <strong>retrospillentusiaster<\/strong> og samlere som vil ha en enhet som fanger essensen av klassiske <strong>retroh\u00e5ndholdte<\/strong> spill, samtidig som den tilbyr kraften og allsidigheten til moderne teknologi. Enten du gjenopplever klassiske spill eller utforsker nye, gir denne <strong>h\u00e5ndholdte<\/strong> enheten en oppslukende og forn\u00f8yelig <strong>spillopplevelse<\/strong>. <\/p>\n","protected":false},"excerpt":{"rendered":"<ul>\n<li>Prosessor: Qualcomm <strong>Snapdragon G3x Gen 2<\/strong><\/li>\n<li>Skjerm: <strong>3,92 tommer OLED<\/strong>, 1240&#215;1080 oppl\u00f8sning<\/li>\n<li>RAM: <strong>8 GB<\/strong> LPDDR5X @ <strong>8533 MT\/s<\/strong><\/li>\n<li>Lagringsplass: <strong>128 GB<\/strong> UFS 3.1<\/li>\n<li>Tilkoblingsmuligheter: Wi-Fi <strong>6<\/strong> og Bluetooth <strong>5.3<\/strong><\/li>\n<\/ul>\n<p><img fetchpriority=\"high\" decoding=\"async\" src=\"https:\/\/ayaneo.co\/wp-content\/uploads\/2024\/08\/DMG-FREEBIES1.jpg\" alt=\"Et reklamebilde med lysegr\u00e5 bakgrunn sier  \" free=\"\" gifts=\"\" in=\"\" large=\"\" dark=\"\" gray=\"\" letters=\"\" at=\"\" the=\"\" top.=\"\" below=\"\" this=\"\" smaller=\"\" text=\"\" it=\"\" lists=\"\" case=\"\" and=\"\" caps=\"\" followed=\"\" by=\"\" added=\"\" to=\"\" cart=\"\" a=\"\" slightly=\"\" larger=\"\" font.=\"\" right=\"\" there=\"\" are=\"\" two=\"\" product=\"\" square=\"\" white=\"\" rainbow-colored=\"\" package=\"\" containing=\"\" four=\"\" black=\"\" thumbstick=\"\" mesh=\"\" protective=\"\" identical=\"\" one=\"\" previous=\"\" image=\"\" with=\"\" logo=\"\" bottom.=\"\" width=\"550\" height=\"140\" class=\"alignnone size-full wp-image-25170\" images:=\"\" srcset=\"https:\/\/ayaneo.co\/wp-content\/uploads\/2024\/08\/DMG-FREEBIES1.jpg 550w, https:\/\/ayaneo.co\/wp-content\/uploads\/2024\/08\/DMG-FREEBIES1-300x76.jpg 300w, https:\/\/ayaneo.co\/wp-content\/uploads\/2024\/08\/DMG-FREEBIES1-441x112.jpg 441w, https:\/\/ayaneo.co\/wp-content\/uploads\/2024\/08\/DMG-FREEBIES1-150x38.jpg 150w\" sizes=\"(max-width: 550px) 100vw, 550px\" \/><\/p>\n[cg_accordion title=\"BETALINGSINFORMASJON\"] <\/p>\n<p>Vi bruker den nyeste teknologien innen betalingsbehandling, som lar deg betale via Apple Pay, Google Pay, debet- \/ kredittkortet ditt, PayPal eller BNPL-metoder som Klarna, Affirm eller AfterPay for en rask og sikker opplevelse.[\/cg_accordion]\n[cg_accordion title=\"GARANTI\"] <\/p>\n<p>1 \u00e5rs garanti fra <a href=\"https:\/\/droix.net\/\" target=\"_blank\" rel=\"nofollow noopener\">DROIX Global<\/a> for din trygghet[\/cg_accordion]\n[cg_accordion title=\"PRISER, AVGIFTER OG FRAKT\"] <\/p>\n<p><strong><u>Merk:<\/u><\/strong><\/p>\n<ul>\n<li>Kunder i USA: Den viste prisen inkluderer IKKE SKATT eller avgifter. Ansvaret for \u00e5 fortolle og betale eventuelle tilknyttede skatter\/avgifter ligger p\u00e5 kunden. <\/li>\n<li>EU-kunder: Den viste prisen inkluderer gjeldende SKATT, som kan v\u00e6re opptil 25 % avhengig av hvilket land du bor i.<\/li>\n<li>Kunder i Canada: Den viste prisen inkluderer gjeldende avgifter, som kan inkludere 5 % GST og ytterligere provinsiell omsetningsavgift (PST), harmonisert omsetningsavgift (HST) eller Quebec Sales Tax (QST), avhengig av hvilken provins du bor i.<\/li>\n<\/ul>\n<p><strong>KUN for EU-kunder:<\/strong> Express DDP (Delivered Duty Paid). Dette betyr: <\/p>\n<ul>\n<li>Alle tollavgifter og skatter er inkludert i prisen som vises p\u00e5 produktsiden.<\/li>\n<li>Du trenger ikke \u00e5 betale noen ekstra kostnader ved levering.<\/li>\n<li>I sjeldne tilfeller av tollrelaterte problemer vil v\u00e5rt team h\u00e5ndtere fortollingsprosessen p\u00e5 dine vegne for \u00e5 sikre en problemfri leveringsopplevelse.<\/li>\n<p>Viktig informasjon om retur:<\/p>\n<li>Hvis du bestemmer deg for \u00e5 returnere bestillingen eller be om refusjon, m\u00e5 du v\u00e6re oppmerksom p\u00e5 at skatter og avgifter som er betalt p\u00e5 dine vegne i henhold til DDP-vilk\u00e5rene, ikke kan refunderes.<\/li>\n<p>Vennligst se v\u00e5r<\/ul>\n<\/li>\n<\/ul>\n<p><a href=\"https:\/\/ayaneo.co\/no\/vilkar-for-bruk\/\" target=\"_blank\" rel=\"nofollow noopener\">Vilk\u00e5r og betingelser<\/a><\/p>\n<ul>for detaljert informasjon.<\/ul>\n<p>[\/cg_accordion]\n[cg_accordion title=\"KUNDEST\u00d8TTE\"] <\/p>\n<p>Har du et sp\u00f8rsm\u00e5l? Vi er bare en kort tekstmelding unna \u00e5 l\u00f8se problemet ditt!   [\/cg_accordion]\n[cg_accordion title=\"Pakken inkluderer\"]<\/p>\n<ul>\n<li>1x AYANEO Pocket DMG<\/li>\n<li>1x USB Type-C-kabel<\/li>\n<li>1x brukerh\u00e5ndbok<\/li>\n<\/ul>\n<p>[\/cg_accordion]\n","protected":false},"featured_media":18636,"template":"","meta":{"_acf_changed":false},"product_brand":[],"product_cat":[1238],"product_tag":[],"class_list":{"0":"post-18634","1":"product","2":"type-product","3":"status-publish","4":"has-post-thumbnail","6":"product_cat-android-handholdt-spillmaskin","7":"product_shipping_class-standard","8":"pa_brand-ayaneo","10":"first","11":"instock","12":"taxable","13":"shipping-taxable","14":"purchasable","15":"product-type-variable","16":"has-default-attributes"},"acf":[],"_links":{"self":[{"href":"https:\/\/ayaneo.co\/no\/wp-json\/wp\/v2\/product\/18634","targetHints":{"allow":["GET"]}}],"collection":[{"href":"https:\/\/ayaneo.co\/no\/wp-json\/wp\/v2\/product"}],"about":[{"href":"https:\/\/ayaneo.co\/no\/wp-json\/wp\/v2\/types\/product"}],"wp:featuredmedia":[{"embeddable":true,"href":"https:\/\/ayaneo.co\/no\/wp-json\/wp\/v2\/media\/18636"}],"wp:attachment":[{"href":"https:\/\/ayaneo.co\/no\/wp-json\/wp\/v2\/media?parent=18634"}],"wp:term":[{"taxonomy":"product_brand","embeddable":true,"href":"https:\/\/ayaneo.co\/no\/wp-json\/wp\/v2\/product_brand?post=18634"},{"taxonomy":"product_cat","embeddable":true,"href":"https:\/\/ayaneo.co\/no\/wp-json\/wp\/v2\/product_cat?post=18634"},{"taxonomy":"product_tag","embeddable":true,"href":"https:\/\/ayaneo.co\/no\/wp-json\/wp\/v2\/product_tag?post=18634"}],"curies":[{"name":"wp","href":"https:\/\/api.w.org\/{rel}","templated":true}]}}