{"id":18770,"date":"2023-03-11T18:05:35","date_gmt":"2023-03-11T18:05:35","guid":{"rendered":"https:\/\/ayaneo.co\/product\/ayaneo-multistasjon\/"},"modified":"2025-05-31T09:33:56","modified_gmt":"2025-05-31T09:33:56","slug":"ayaneo-multistasjon","status":"publish","type":"product","link":"https:\/\/ayaneo.co\/no\/product\/ayaneo-multistasjon\/","title":{"rendered":"AYANEO MULTISTASJON"},"content":{"rendered":"\n<p>Frigj\u00f8r det fulle potensialet til din AYANEO med Multi Docking Station! Med \u00e5tte utvidelsesporter kan du koble til flere eksterne enheter for \u00e5 forbedre spillopplevelsen din. Tilgjengelig i Almond Grey og Graphite Black. Den er kompatibel med alle AYANEO -modeller og tar opp minimalt med plass p\u00e5 skrivebordet samtidig som den gir sikker tilkobling. Du f\u00e5r h\u00f8yhastighets dataoverf\u00f8ring, HDMI 2.0b videoutgang opp til 4K ved 60 Hz og spor for Micro SD og SD-kort. Forvandle din h\u00e5ndholdte spillkonsoll til en kraftig stasjon\u00e6r PC-lignende l\u00f8sning med AYANEO Multi Docking Station!     <\/p>\n","protected":false},"excerpt":{"rendered":"<ul>\n<li><b>Offisielt AYANEO Produkt<\/b><\/li>\n<li><strong>Kompatibel<\/strong> med <strong>alle AYANEO h\u00e5ndholdte enheter<\/strong><\/li>\n<li><b>Eksklusiv patentert bunnplugg<\/b><\/li>\n<li><strong>Opptil 8<\/strong> utvidelsesporter<\/li>\n<li>MicroSD-kortspor<\/li>\n<\/ul>\n[cg_accordion title=\"BETALINGSINFORMASJON\"]<\/p>\n<p>Vi bruker den nyeste teknologien innen betalingsbehandling, som lar deg betale via Apple Pay, Google Pay, debet- \/ kredittkortet ditt, PayPal eller BNPL-metoder som Klarna, Affirm eller AfterPay for en rask og sikker opplevelse.[\/cg_accordion]\n[cg_accordion title=\"GARANTI\"]<\/p>\n<p>1 \u00e5rs garanti fra <a href=\"https:\/\/droix.net\/\" target=\"_blank\" rel=\"nofollow noopener\">DROIX Global<\/a> for din trygghet[\/cg_accordion]\n[cg_accordion title=\"PRISER, AVGIFTER OG FRAKT\"]<\/p>\n<p><strong><u>Merk:<\/u><\/strong><\/p>\n<ul>\n<li>Kunder i USA: Den viste prisen inkluderer IKKE SKATT eller avgifter. Ansvaret for \u00e5 fortolle og betale eventuelle tilknyttede skatter\/avgifter ligger p\u00e5 kunden. <\/li>\n<li>EU-kunder: Den viste prisen inkluderer gjeldende SKATT, som kan v\u00e6re opptil 25 % avhengig av hvilket land du bor i.<\/li>\n<li>Kunder i Canada: Den viste prisen inkluderer gjeldende avgifter, som kan inkludere 5 % GST og ytterligere provinsiell omsetningsavgift (PST), harmonisert omsetningsavgift (HST) eller Quebec Sales Tax (QST), avhengig av hvilken provins du bor i.<\/li>\n<\/ul>\n<p><strong>KUN for EU-kunder:<\/strong> Express DDP (Delivered Duty Paid). Dette betyr: <\/p>\n<ul>\n<li>Alle tollavgifter og skatter er inkludert i prisen som vises p\u00e5 produktsiden.<\/li>\n<li>Du trenger ikke \u00e5 betale noen ekstra kostnader ved levering.<\/li>\n<li>I sjeldne tilfeller av tollrelaterte problemer vil v\u00e5rt team h\u00e5ndtere fortollingsprosessen p\u00e5 dine vegne for \u00e5 sikre en problemfri leveringsopplevelse.<\/li>\n<p>Viktig informasjon om retur:<\/p>\n<li>Hvis du bestemmer deg for \u00e5 returnere bestillingen eller be om refusjon, m\u00e5 du v\u00e6re oppmerksom p\u00e5 at skatter og avgifter som er betalt p\u00e5 dine vegne i henhold til DDP-vilk\u00e5rene, ikke kan refunderes.<\/li>\n<p>Se v\u00e5re <a href=\"https:\/\/ayaneo.co\/terms-of-service-2\/\" target=\"_blank\" rel=\"nofollow noopener\">vilk\u00e5r og betingelser<\/a> for detaljert informasjon.\n<\/ul>\n<p>[\/cg_accordion]\n[cg_accordion title=\"KUNDEST\u00d8TTE\"]<\/p>\n<p>Har du et sp\u00f8rsm\u00e5l? Vi er bare en kort tekstmelding unna \u00e5 l\u00f8se problemet ditt!<br \/>\n[\/cg_accordion]\n","protected":false},"featured_media":18827,"template":"","meta":{"_acf_changed":false},"product_brand":[],"product_cat":[1190],"product_tag":[],"class_list":{"0":"post-18770","1":"product","2":"type-product","3":"status-publish","4":"has-post-thumbnail","6":"product_cat-tilbehor-no","7":"product_shipping_class-low-end","8":"pa_accessory-type-docking-station-no","9":"pa_brand-ayaneo","10":"pa_compatible-with-ayaneo-2-no","11":"pa_compatible-with-ayaneo-2021-no","12":"pa_compatible-with-ayaneo-air-no","13":"pa_compatible-with-ayaneo-geek-no","15":"first","16":"instock","17":"sale","18":"taxable","19":"shipping-taxable","20":"purchasable","21":"product-type-variable"},"acf":[],"_links":{"self":[{"href":"https:\/\/ayaneo.co\/no\/wp-json\/wp\/v2\/product\/18770","targetHints":{"allow":["GET"]}}],"collection":[{"href":"https:\/\/ayaneo.co\/no\/wp-json\/wp\/v2\/product"}],"about":[{"href":"https:\/\/ayaneo.co\/no\/wp-json\/wp\/v2\/types\/product"}],"wp:featuredmedia":[{"embeddable":true,"href":"https:\/\/ayaneo.co\/no\/wp-json\/wp\/v2\/media\/18827"}],"wp:attachment":[{"href":"https:\/\/ayaneo.co\/no\/wp-json\/wp\/v2\/media?parent=18770"}],"wp:term":[{"taxonomy":"product_brand","embeddable":true,"href":"https:\/\/ayaneo.co\/no\/wp-json\/wp\/v2\/product_brand?post=18770"},{"taxonomy":"product_cat","embeddable":true,"href":"https:\/\/ayaneo.co\/no\/wp-json\/wp\/v2\/product_cat?post=18770"},{"taxonomy":"product_tag","embeddable":true,"href":"https:\/\/ayaneo.co\/no\/wp-json\/wp\/v2\/product_tag?post=18770"}],"curies":[{"name":"wp","href":"https:\/\/api.w.org\/{rel}","templated":true}]}}