{"id":19422,"date":"2024-09-20T09:49:52","date_gmt":"2024-09-20T09:49:52","guid":{"rendered":"https:\/\/ayaneo.co\/product\/ayaneo-pocket-s-tilbehor\/"},"modified":"2025-12-09T00:26:05","modified_gmt":"2025-12-09T00:26:05","slug":"ayaneo-pocket-s-tilbehor","status":"publish","type":"product","link":"https:\/\/ayaneo.co\/no\/product\/ayaneo-pocket-s-tilbehor\/","title":{"rendered":"AYANEO Pocket S Tilbeh\u00f8r"},"content":{"rendered":"\n<p>Gj\u00f8r spillopplevelsen din p\u00e5 AYANEO Pocket S enda bedre med dette uunnv\u00e6rlige tilbeh\u00f8rspakken, som er designet for beskyttelse, komfort og forbedret spilling.<\/p>\n\n<ul class=\"wp-block-list\">\n<li><strong>2-i-1 magnetisk flip-beskyttende et<\/strong>ui: Dette etuiet har en innovativ, ergonomisk design som kombinerer stil og funksjonalitet. Beskyttelsesetuiet har et magnetisk flippdeksel som sikrer enheten din samtidig som det gir enkel tilgang. Den sklisikre teksturen s\u00f8rger for et godt grep, og det store h\u00e5ndtaket gir et behagelig grep for lange spill\u00f8kter. Enten du er hjemme eller p\u00e5 farten, er dette beskyttelsesetuiet den perfekte f\u00f8lgesvenn for \u00e5 beskytte din AYANEO Pocket S mot daglig slitasje.   <\/li>\n\n\n\n<li><strong>Skjermbeskytter<\/strong>: Beskytt skjermen med en ultraklar skjermbeskytter av h\u00f8y kvalitet. Den er konstruert for \u00e5 motst\u00e5 riper, flekker og fingeravtrykk, og s\u00f8rger for at skjermen forblir like levende og responsiv som alltid. Den er enkel \u00e5 p\u00e5f\u00f8re og garanterer boblefri montering, slik at skjermen forblir uber\u00f8rt samtidig som ber\u00f8ringsf\u00f8lsomheten opprettholdes for jevn, uavbrutt spilling.  <\/li>\n\n\n\n<li><strong>Tommelgrep<\/strong>: F\u00e5 bedre kontroll med f\u00f8rsteklasses tommelgrep. Disse silikonovertrekkene for de analoge pinnene gir overlegen grep og presisjon, slik at du kan beholde kontrollen selv i de mest intense spill\u00f8yeblikkene. Disse tommelgrepene er designet for \u00e5 redusere tretthet og forbedre komforten, og gir deg mer n\u00f8yaktige bevegelser, slik at du f\u00e5r det konkurransefortrinnet du trenger.  <\/li>\n<\/ul>\n\n<p>Dette tilbeh\u00f8rssettet s\u00f8rger for at AYANEO Pocket S forblir beskyttet og klar for action, samtidig som det forbedrer spillopplevelsen med ergonomiske forbedringer.<\/p>\n","protected":false},"excerpt":{"rendered":"[cg_accordion title=\"BETALINGSINFORMASJON\"]<\/p>\n<p>Vi bruker den nyeste teknologien innen betalingsbehandling, som lar deg betale via Apple Pay, Google Pay, debet- \/ kredittkortet ditt, PayPal eller BNPL-metoder som Klarna, Affirm eller AfterPay for en rask og sikker opplevelse.[\/cg_accordion]\n[cg_accordion title=\"GARANTI\"]<\/p>\n<p>1 \u00e5rs garanti fra <a href=\"https:\/\/droix.net\/\" target=\"_blank\" rel=\"nofollow noopener\">DROIX Global<\/a> for din trygghet[\/cg_accordion]\n[cg_accordion title=\"PRISER, AVGIFTER OG FRAKT\"]<\/p>\n<p><strong><u>Merk:<\/u><\/strong><\/p>\n<ul>\n<li>Kunder i USA: Den viste prisen inkluderer IKKE SKATT eller avgifter. Ansvaret for \u00e5 fortolle og betale eventuelle tilknyttede skatter\/avgifter ligger p\u00e5 kunden. <\/li>\n<li>EU-kunder: Den viste prisen inkluderer gjeldende SKATT, som kan v\u00e6re opptil 25 % avhengig av hvilket land du bor i.<\/li>\n<li>Kunder i Canada: Den viste prisen inkluderer gjeldende avgifter, som kan inkludere 5 % GST og ytterligere provinsiell omsetningsavgift (PST), harmonisert omsetningsavgift (HST) eller Quebec Sales Tax (QST), avhengig av hvilken provins du bor i.<\/li>\n<\/ul>\n<p><strong>KUN for EU-kunder:<\/strong> Express DDP (Delivered Duty Paid). Dette betyr: <\/p>\n<ul>\n<li>Alle tollavgifter og skatter er inkludert i prisen som vises p\u00e5 produktsiden.<\/li>\n<li>Du trenger ikke \u00e5 betale noen ekstra kostnader ved levering.<\/li>\n<li>I sjeldne tilfeller av tollrelaterte problemer vil v\u00e5rt team h\u00e5ndtere fortollingsprosessen p\u00e5 dine vegne for \u00e5 sikre en problemfri leveringsopplevelse.<\/li>\n<p>Viktig informasjon om retur:<\/p>\n<li>Hvis du bestemmer deg for \u00e5 returnere bestillingen eller be om refusjon, m\u00e5 du v\u00e6re oppmerksom p\u00e5 at skatter og avgifter som er betalt p\u00e5 dine vegne i henhold til DDP-vilk\u00e5rene, ikke kan refunderes.<\/li>\n<p>Se v\u00e5re <a href=\"https:\/\/ayaneo.co\/terms-of-service-2\/\" target=\"_blank\" rel=\"nofollow noopener\">vilk\u00e5r og betingelser<\/a> for detaljert informasjon.\n<\/ul>\n<p>[\/cg_accordion]\n[cg_accordion title=\"KUNDEST\u00d8TTE\"]<\/p>\n<p>Har du et sp\u00f8rsm\u00e5l? Vi er bare en kort tekstmelding unna \u00e5 l\u00f8se problemet ditt!<br \/>\n[\/cg_accordion]\n","protected":false},"featured_media":19426,"template":"","meta":{"_acf_changed":false},"product_brand":[],"product_cat":[1190],"product_tag":[],"class_list":{"0":"post-19422","1":"product","2":"type-product","3":"status-publish","4":"has-post-thumbnail","6":"product_cat-tilbehor-no","7":"product_shipping_class-low-end","8":"pa_accessory-type-grip-no","9":"pa_accessory-type-protective-case-no","10":"pa_accessory-type-screen-protector-no","11":"pa_brand-ayaneo","13":"first","14":"instock","15":"sale","16":"taxable","17":"shipping-taxable","18":"purchasable","19":"product-type-simple"},"acf":[],"_links":{"self":[{"href":"https:\/\/ayaneo.co\/no\/wp-json\/wp\/v2\/product\/19422","targetHints":{"allow":["GET"]}}],"collection":[{"href":"https:\/\/ayaneo.co\/no\/wp-json\/wp\/v2\/product"}],"about":[{"href":"https:\/\/ayaneo.co\/no\/wp-json\/wp\/v2\/types\/product"}],"wp:featuredmedia":[{"embeddable":true,"href":"https:\/\/ayaneo.co\/no\/wp-json\/wp\/v2\/media\/19426"}],"wp:attachment":[{"href":"https:\/\/ayaneo.co\/no\/wp-json\/wp\/v2\/media?parent=19422"}],"wp:term":[{"taxonomy":"product_brand","embeddable":true,"href":"https:\/\/ayaneo.co\/no\/wp-json\/wp\/v2\/product_brand?post=19422"},{"taxonomy":"product_cat","embeddable":true,"href":"https:\/\/ayaneo.co\/no\/wp-json\/wp\/v2\/product_cat?post=19422"},{"taxonomy":"product_tag","embeddable":true,"href":"https:\/\/ayaneo.co\/no\/wp-json\/wp\/v2\/product_tag?post=19422"}],"curies":[{"name":"wp","href":"https:\/\/api.w.org\/{rel}","templated":true}]}}