{"id":28481,"date":"2025-07-15T11:52:07","date_gmt":"2025-07-15T11:52:07","guid":{"rendered":"https:\/\/ayaneo.co\/?post_type=product&#038;p=28481"},"modified":"2025-12-09T00:24:25","modified_gmt":"2025-12-09T00:24:25","slug":"ayaneo-pocket-micro-dmg-thumb-stick-grip-caps-forbedret-komfort-og-kontroll-copy","status":"publish","type":"product","link":"https:\/\/ayaneo.co\/no\/product\/ayaneo-pocket-micro-dmg-thumb-stick-grip-caps-forbedret-komfort-og-kontroll-copy\/","title":{"rendered":"AYANEO Pocket S, AIR &amp; SLIDE Thumb Stick Grip Caps - Forbedret komfort og kontroll!"},"content":{"rendered":"\n<p><strong>Oppgrader spillopplevelsen din med AYANEO Pocket S, AIR &amp; SLIDE Thumb Stick Grip Caps!<\/strong>  Disse grepshettene er designet for presisjon, komfort og holdbarhet, og gir \u00f8kt kontroll og bedre grep, noe som sikrer jevnere spilling p\u00e5 AYANEO Pocket S-, AIR- og SLIDE-enhetene dine<\/p>\n\n<h2 class=\"wp-block-heading\"><strong>N\u00f8kkelfunksjoner:<\/strong><\/h2>\n\n<p><strong>Forbedret grep og kontroll<\/strong> - Si farvel til glatte tommelstikker! F\u00e5 bedre presisjon i hver eneste bevegelse p\u00e5 AYANEO Pocket S, AIR eller SLIDE. <\/p>\n\n<p><strong>Komfortabel og ergonomisk design<\/strong> - Mykt materiale reduserer belastningen under lange spill\u00f8kter.  <\/p>\n\n<p><strong>F\u00f8rsteklasses materiale<\/strong> - Slitesterkt silikon av h\u00f8y kvalitet sikrer langvarig ytelse.  <\/p>\n\n<p><strong>Enkel \u00e5 montere og sikker passform<\/strong> - Designet spesielt for AYANEO Pocket S, AIR &amp; SLIDE, noe som sikrer en tettsittende, sklisikker passform.  <\/p>\n\n<p><strong>Stilig og funksjonell<\/strong> - Tilf\u00f8rer en elegant estetikk samtidig som den beskytter tommelstikkene dine mot slitasje.  <\/p>\n\n<p>Ta AYANEO-spillopplevelsen din til neste niv\u00e5 med disse uunnv\u00e6rlige gripehettene!  <\/p>\n\n<p><\/p>\n","protected":false},"excerpt":{"rendered":"<ul>\n<li><strong>Offisielle<\/strong> AYANEO Pocket S, AIR &amp; SLIDE tommestokkh\u00e5ndtaksluer<\/li>\n<li>Forbedret <strong>grep og kontroll<\/strong> - Forbedrer presisjon og h\u00e5ndtering.<\/li>\n<li><strong>Myk og komfortabel<\/strong> - reduserer tretthet ved langvarig spilling.<\/li>\n<li><strong>Slitesterkt silikonmateriale<\/strong> - langvarig og motstandsdyktig mot slitasje.<\/li>\n<li><strong>Perfekt passform<\/strong> - Designet eksklusivt for AYANEO Pocket S, AIR &amp; SLIDE.<\/li>\n<\/ul>\n[cg_accordion title=\"BETALINGSINFORMASJON\"]<\/p>\n<p>Vi bruker den nyeste teknologien innen betalingsbehandling, som lar deg betale via Apple Pay, Google Pay, debet- \/ kredittkortet ditt, PayPal eller BNPL-metoder som Klarna, Affirm eller AfterPay for en rask og sikker opplevelse.[\/cg_accordion]\n[cg_accordion title=\"GARANTI\"]<\/p>\n<p>1 \u00e5rs garanti fra <a href=\"https:\/\/droix.net\/\" target=\"_blank\" rel=\"nofollow noopener\">DROIX Global<\/a> for din trygghet[\/cg_accordion]\n[cg_accordion title=\"KVALITETSSIKRING OG TESTING F\u00d8R UTSENDELSE\"]<\/p>\n<p>Sikrer kundetilfredshet p\u00e5 h\u00f8yeste standard: Hver enhet gjennomg\u00e5r strenge tester og en flerpunkts kvalitetssikringskontroll f\u00f8r den sendes. V\u00e5rt dedikerte team verifiserer ytelse, funksjonalitet og komponentintegritet for \u00e5 garantere at AYANEO-enheten din er i perfekt stand ved ankomst, slik at du kan f\u00f8le deg trygg og sikker. [\/cg_accordion]\n[cg_accordion title=\"PRISER, AVGIFTER OG FRAKT\"]<\/p>\n<p><strong><u>Merk:<\/u><\/strong><\/p>\n<ul>\n<li>Kunder i USA: Den viste prisen inkluderer IKKE SKATT eller avgifter. Ansvaret for \u00e5 fortolle og betale eventuelle tilknyttede skatter\/avgifter ligger p\u00e5 kunden. <\/li>\n<li>EU-kunder: Den viste prisen inkluderer gjeldende SKATT, som kan v\u00e6re opptil 25 % avhengig av hvilket land du bor i.<\/li>\n<li>Kunder i Canada: Den viste prisen inkluderer gjeldende avgifter, som kan inkludere 5 % GST og ytterligere provinsiell omsetningsavgift (PST), harmonisert omsetningsavgift (HST) eller Quebec Sales Tax (QST), avhengig av provinsen din.<\/li>\n<\/ul>\n<p><strong>KUN for EU-kunder:<\/strong> Express DDP (Delivered Duty Paid). Dette betyr: <\/p>\n<ul>\n<li>Alle tollavgifter og skatter er inkludert i prisen som vises p\u00e5 produktsiden.<\/li>\n<li>Du trenger ikke \u00e5 betale noen ekstra kostnader ved levering.<\/li>\n<li>I sjeldne tilfeller av tollrelaterte problemer vil v\u00e5rt team h\u00e5ndtere fortollingsprosessen p\u00e5 dine vegne for \u00e5 sikre en problemfri leveringsopplevelse.<\/li>\n<p>Viktig informasjon om retur:<\/p>\n<li>Hvis du bestemmer deg for \u00e5 returnere bestillingen eller be om refusjon, m\u00e5 du v\u00e6re oppmerksom p\u00e5 at skatter og avgifter som er betalt p\u00e5 dine vegne i henhold til DDP-vilk\u00e5rene, ikke kan refunderes.<\/li>\n<p>Se v\u00e5re <a href=\"https:\/\/ayaneo.co\/terms-of-service-2\/\" target=\"_blank\" rel=\"nofollow noopener\">vilk\u00e5r og betingelser<\/a> for detaljert informasjon.\n<\/ul>\n<p>[\/cg_accordion]\n[cg_accordion title=\"KUNDEST\u00d8TTE\"]<\/p>\n<p>Har du et sp\u00f8rsm\u00e5l? Vi er bare en kort tekstmelding unna \u00e5 l\u00f8se problemet ditt! [\/cg_accordion]\n[cg_accordion title=\"PAKKEN INKLUDERER\"]<\/p>\n<ul>\n<li>1x AYANEO Pocket S, AIR &amp; SLIDE Tommestokkh\u00e5ndtakshetter<\/li>\n<\/ul>\n<p>[\/cg_accordion]\n","protected":false},"featured_media":28504,"template":"","meta":{"_acf_changed":false},"product_brand":[],"product_cat":[1190],"product_tag":[],"class_list":{"0":"post-28481","1":"product","2":"type-product","3":"status-publish","4":"has-post-thumbnail","6":"product_cat-tilbehor-no","7":"product_shipping_class-low-end","9":"first","10":"instock","11":"sale","12":"taxable","13":"shipping-taxable","14":"purchasable","15":"product-type-simple"},"acf":[],"_links":{"self":[{"href":"https:\/\/ayaneo.co\/no\/wp-json\/wp\/v2\/product\/28481","targetHints":{"allow":["GET"]}}],"collection":[{"href":"https:\/\/ayaneo.co\/no\/wp-json\/wp\/v2\/product"}],"about":[{"href":"https:\/\/ayaneo.co\/no\/wp-json\/wp\/v2\/types\/product"}],"wp:featuredmedia":[{"embeddable":true,"href":"https:\/\/ayaneo.co\/no\/wp-json\/wp\/v2\/media\/28504"}],"wp:attachment":[{"href":"https:\/\/ayaneo.co\/no\/wp-json\/wp\/v2\/media?parent=28481"}],"wp:term":[{"taxonomy":"product_brand","embeddable":true,"href":"https:\/\/ayaneo.co\/no\/wp-json\/wp\/v2\/product_brand?post=28481"},{"taxonomy":"product_cat","embeddable":true,"href":"https:\/\/ayaneo.co\/no\/wp-json\/wp\/v2\/product_cat?post=28481"},{"taxonomy":"product_tag","embeddable":true,"href":"https:\/\/ayaneo.co\/no\/wp-json\/wp\/v2\/product_tag?post=28481"}],"curies":[{"name":"wp","href":"https:\/\/api.w.org\/{rel}","templated":true}]}}