{"id":29380,"date":"2025-01-20T12:04:53","date_gmt":"2025-01-20T12:04:53","guid":{"rendered":"https:\/\/ayaneo.co\/product\/ayaneo-next\/"},"modified":"2025-08-01T10:42:55","modified_gmt":"2025-08-01T10:42:55","slug":"ayaneo-next","status":"publish","type":"product","link":"https:\/\/ayaneo.co\/no\/product\/ayaneo-next\/","title":{"rendered":"AYANEO NEXT"},"content":{"rendered":"\n<figure class=\"wp-block-image\"><img decoding=\"async\" src=\"https:\/\/droix.net\/wp-content\/uploads\/2022\/01\/product-overview-1024x584.png\" alt=\"\" title=\"AYA NEO NEXT 1\"\/><\/figure>\n\n<h2 class=\"wp-block-heading\">AMD Ryzen Zen 3-konsoll<\/h2>\n\n<p>Opptil 4,5 GHz r\u00e5 kraft<\/p>\n\n<p>N\u00e5r det gjelder prosessorkraft, er AYANEO Next PC Gaming Handheld ikke noe \u00e5 kimse av i sofaen.<\/p>\n\n<p>&laquo;Hestekreftene\" kommer fra en AMD Ryzen 7 5825U-prosessor, basert p\u00e5 den nyeste ZEN 3-arkitekturen. Dette gir en jevn spillopplevelse samtidig som batteriforbruket holdes p\u00e5 et minimum. Ryzen 7 APU-en i AYANEO Next er basert p\u00e5 TSMCs 7 nm FinFET-litografi  <\/p>\n\n<p>5825U Ryzen 7-prosessoren er en \u00e5ttekjerners prosessor med 16 utf\u00f8relsestr\u00e5der. Den kan g\u00e5 p\u00e5 tomgang ved 2,0 GHz og \u00f8ke opp til 4,5 GHz under tung belastning. Sammen med AYA Space-programvaren kan du konfigurere TDP for AYANEO Next Handheld opp til 32 W for enda bedre ytelse.  <\/p>\n\n<p>Spillene dine vil v\u00e6re betydelig raskere sammenlignet med den nyeste generasjonen PC-spillkonsoller.  <\/p>\n\n<p>For \u00e5 hjelpe til med prosessorkraften finner du ogs\u00e5 16 GB Dual-Channel LPDDR4x RAM om bord, noe som vil holde tritt med de stadig voksende systemkravene. Apropos systemkrav, det er to lagringsalternativer: 1 TB og 2 TB - dette sikrer at du har nok plass til de nyeste PC-spillene. (Ser p\u00e5 deg, Call of Duty) j  <\/p>\n\n<figure class=\"wp-block-image\"><img decoding=\"async\" src=\"https:\/\/droix.net\/wp-content\/uploads\/elementor\/thumbs\/processor-q8z5das1ql6n9ve6zhwvyxoict8wyvevo2ttgvwkqo.png\" alt=\"prosessor\" title=\"prosessor\"\/><\/figure>\n\n<h2 class=\"wp-block-heading\">AYANEO Neste AMD GPU<\/h2>\n\n<p>Spill de nyeste AAA-spillene<\/p>\n\n<p>AMD-grafikken i AYANEO Next er perfekt for spilling p\u00e5 farten. Det er velkjent i spillmilj\u00f8et at AMD legger ekstra innsats i integrasjon og kompatibilitet med de nyeste spillene p\u00e5 markedet. <\/p>\n\n<p>Grafikkbrikkesettet i AYANEO Next er 17 % raskere i benchmarks sammenlignet med den gamle generasjonen AMD-grafikk. Sammen med AYA Space-programvaren, som lar deg kontrollere konsollens TDP, og den gode kj\u00f8lel\u00f8sningen, er AYANEO Next et spillbeist. <\/p>\n\n<h2 class=\"wp-block-heading\">Fet og lys<\/h2>\n\n<p>7\u2033 H-IPS-skjerm<\/p>\n\n<p>N\u00e5r du spiller, er ikke hastighet og FPS alt (ok, det er omtrent 90 % av opplevelsen), men mediet du absorberer opplevelsen gjennom, er veldig viktig.<\/p>\n\n<p>Det er grunnen til at AYANEO Next leveres med en vakker 1280*800 H-IPS-ber\u00f8ringsskjerm.<\/p>\n\n<figure class=\"wp-block-image\"><img decoding=\"async\" src=\"https:\/\/droix.net\/wp-content\/uploads\/2022\/01\/AYANEO-NEXT-BRIGHT-WHITE-MARKETING-PICTURE-2-scaled.jpg\" alt=\"AYANEO-NEXT-BRIGHT-WHITE-MARKEDSF&#xD8;RING-BILDE-2\" title=\"AYA NEO NEXT 2\"\/><\/figure>\n\n<figure class=\"wp-block-image\"><img decoding=\"async\" src=\"https:\/\/droix.net\/wp-content\/uploads\/2022\/01\/AYANEO-NEXT-JET-BLACK-MARKETING-PICTURE-2-scaled.jpg\" alt=\"AYANEO-NEXT-JET-SVART-MARKEDSF&#xD8;RING-BILDE-2\" title=\"AYA NEO NEXT 3\"\/><\/figure>\n\n<figure class=\"wp-block-image\"><img decoding=\"async\" src=\"https:\/\/droix.net\/wp-content\/uploads\/2022\/01\/AYANEO-NEXT-MIDNIGHT-BLUE-MARKETING-PICTURE-4-scaled.jpg\" alt=\"AYANEO-NEXT-MIDNIGHT-BLUE-MARKETING-PICTURE-4\" title=\"AYA NEO NEXT 4\"\/><\/figure>\n\n<figure class=\"wp-block-image\"><img decoding=\"async\" src=\"https:\/\/droix.net\/wp-content\/uploads\/2022\/01\/AYANEO-NEXT-PASTEL-BLUE-MARKETING-PICTURE-7-scaled.jpg\" alt=\"AYANEO-NEXT-PASTELLBL&#xC5;-MARKEDSF&#xD8;RINGSBILDE-7\" title=\"AYA NEO NEXT 5\"\/><\/figure>\n\n<h2 class=\"wp-block-heading\">Gaming A-\u00c5<\/h2>\n\n<p>AYANEO Next PC Gaming Handheld har alt du trenger - den kommer med den beste maskinvaren for \u00e5 gj\u00f8re spill\u00f8ktene dine s\u00e5 behagelige som mulig.<\/p>\n\n<figure class=\"wp-block-image\"><img decoding=\"async\" src=\"https:\/\/droix.net\/wp-content\/uploads\/2022\/01\/high-quality-build.png\" alt=\"\" title=\"AYA NEO NEXT 6\"\/><\/figure>\n\n<figure class=\"wp-block-image\"><img decoding=\"async\" src=\"https:\/\/droix.net\/wp-content\/uploads\/2022\/01\/shoulder-buttons.png\" alt=\"\" title=\"AYA NEO NEXT 7\"\/><\/figure>\n\n<figure class=\"wp-block-image\"><img decoding=\"async\" src=\"https:\/\/droix.net\/wp-content\/uploads\/2022\/01\/fingerprint.png\" alt=\"\" title=\"AYA NEO NEXT 8\"\/><\/figure>\n","protected":false},"excerpt":{"rendered":"<ul>\n<li>AMD\u00ae <strong>Ryzen\u2122 7 5825U<\/strong> med AMD Radeon\u2122 Vega 8-grafikk<\/li>\n<li><strong>16 GB<\/strong> LPDDR4x med to kanaler ved 4266 MHz<\/li>\n<li><strong>2<\/strong><strong>TB\/2<\/strong> <strong>TB<\/strong> PCI-E NVMe SSD med h\u00f8y hastighet<\/li>\n<li><strong>7\u2033<\/strong> H-IPS-ber\u00f8ringsskjerm<\/li>\n<li>St\u00f8tte for <strong>WiFi 6<\/strong> IEEE og <strong>Bluetooth 5.2<\/strong> <\/li>\n<\/ul>\n[cg_accordion title=\"BETALINGSINFORMASJON\"]<\/p>\n<p>Vi bruker den nyeste teknologien innen betalingsbehandling, som lar deg betale via Apple Pay, Google Pay, debet- \/ kredittkortet ditt, PayPal eller BNPL-metoder som Klarna, Affirm eller AfterPay for en rask og sikker opplevelse.[\/cg_accordion]\n[cg_accordion title=\"GARANTI\"]<\/p>\n<p>1 \u00e5rs garanti fra <a href=\"https:\/\/droix.net\/\" target=\"_blank\" rel=\"nofollow noopener\">DROIX Global<\/a> for din trygghet[\/cg_accordion]\n[cg_accordion title=\"PRISER, AVGIFTER OG FRAKT\"]<\/p>\n<p><strong><u>Merk:<\/u><\/strong><\/p>\n<ul>\n<li>Kunder i USA: Den viste prisen inkluderer IKKE SKATT eller avgifter. Ansvaret for \u00e5 fortolle og betale eventuelle tilknyttede skatter\/avgifter ligger p\u00e5 kunden. <\/li>\n<li>EU-kunder: Den viste prisen inkluderer gjeldende SKATT, som kan v\u00e6re opptil 25 % avhengig av hvilket land du bor i.<\/li>\n<li>Kunder i Canada: Den viste prisen inkluderer gjeldende avgifter, som kan inkludere 5 % GST og ytterligere provinsiell omsetningsavgift (PST), harmonisert omsetningsavgift (HST) eller Quebec Sales Tax (QST), avhengig av hvilken provins du bor i.<\/li>\n<\/ul>\n<p><strong>KUN for EU-kunder:<\/strong> Express DDP (Delivered Duty Paid). Dette betyr: <\/p>\n<ul>\n<li>Alle tollavgifter og skatter er inkludert i prisen som vises p\u00e5 produktsiden.<\/li>\n<li>Du trenger ikke \u00e5 betale noen ekstra kostnader ved levering.<\/li>\n<li>I sjeldne tilfeller av tollrelaterte problemer vil v\u00e5rt team h\u00e5ndtere fortollingsprosessen p\u00e5 dine vegne for \u00e5 sikre en problemfri leveringsopplevelse.<\/li>\n<p>Viktig informasjon om retur:<\/p>\n<li>Hvis du bestemmer deg for \u00e5 returnere bestillingen eller be om refusjon, m\u00e5 du v\u00e6re oppmerksom p\u00e5 at skatter og avgifter som er betalt p\u00e5 dine vegne i henhold til DDP-vilk\u00e5rene, ikke kan refunderes.<\/li>\n<p>Se v\u00e5re <a href=\"https:\/\/ayaneo.co\/terms-of-service-2\/\" target=\"_blank\" rel=\"nofollow noopener\">vilk\u00e5r og betingelser<\/a> for detaljert informasjon.\n<\/ul>\n<p>[\/cg_accordion]\n[cg_accordion title=\"KUNDEST\u00d8TTE\"]<\/p>\n<p>Har du et sp\u00f8rsm\u00e5l? Vi er bare en kort tekstmelding unna \u00e5 l\u00f8se problemet ditt!<br \/>\n[\/cg_accordion]\n[cg_accordion title=\"Pakken inkluderer\"]<\/p>\n<ul>\n<li>1x AYANEO NEXT<\/li>\n<li>1x USB Type-C-kabel<\/li>\n<li>1x brukerh\u00e5ndbok<\/li>\n<\/ul>\n<p>[\/cg_accordion]\n","protected":false},"featured_media":29381,"template":"","meta":{"_acf_changed":false},"product_brand":[],"product_cat":[1222],"product_tag":[],"class_list":{"0":"post-29380","1":"product","2":"type-product","3":"status-publish","4":"has-post-thumbnail","6":"product_cat-handholdte-spill-pc-er","7":"product_shipping_class-premium","8":"pa_brand-ayaneo","9":"pa_graphics-gpu-model-radeon-graphics","10":"pa_operating-system-windows-11-home","11":"pa_processor-cpu-brand-amd","13":"first","14":"outofstock","15":"sale","16":"taxable","17":"shipping-taxable","18":"purchasable","19":"product-type-variable","20":"has-default-attributes"},"acf":[],"_links":{"self":[{"href":"https:\/\/ayaneo.co\/no\/wp-json\/wp\/v2\/product\/29380","targetHints":{"allow":["GET"]}}],"collection":[{"href":"https:\/\/ayaneo.co\/no\/wp-json\/wp\/v2\/product"}],"about":[{"href":"https:\/\/ayaneo.co\/no\/wp-json\/wp\/v2\/types\/product"}],"wp:featuredmedia":[{"embeddable":true,"href":"https:\/\/ayaneo.co\/no\/wp-json\/wp\/v2\/media\/29381"}],"wp:attachment":[{"href":"https:\/\/ayaneo.co\/no\/wp-json\/wp\/v2\/media?parent=29380"}],"wp:term":[{"taxonomy":"product_brand","embeddable":true,"href":"https:\/\/ayaneo.co\/no\/wp-json\/wp\/v2\/product_brand?post=29380"},{"taxonomy":"product_cat","embeddable":true,"href":"https:\/\/ayaneo.co\/no\/wp-json\/wp\/v2\/product_cat?post=29380"},{"taxonomy":"product_tag","embeddable":true,"href":"https:\/\/ayaneo.co\/no\/wp-json\/wp\/v2\/product_tag?post=29380"}],"curies":[{"name":"wp","href":"https:\/\/api.w.org\/{rel}","templated":true}]}}