{"id":32358,"date":"2025-08-20T13:35:38","date_gmt":"2025-08-20T13:35:38","guid":{"rendered":"https:\/\/ayaneo.co\/product\/ayaneo-pocket-s2-skjermbeskytter\/"},"modified":"2026-01-06T00:30:41","modified_gmt":"2026-01-06T00:30:41","slug":"ayaneo-pocket-s2-skjermbeskytter","status":"publish","type":"product","link":"https:\/\/ayaneo.co\/no\/product\/ayaneo-pocket-s2-skjermbeskytter\/","title":{"rendered":"AYANEO Pocket S2 skjermbeskytter"},"content":{"rendered":"\n<h2 class=\"wp-block-heading\">Produktoversikt:<\/h2>\n\n<p><strong>AYANEO Pocket S2-skjermbeskytteren<\/strong> er et must-have-tilbeh\u00f8r for \u00e5 holde skjermen p\u00e5 Pocket S2-konsollen i perfekt stand. Skjermbeskytteren er designet for perfekt klarhet og presisjon, og s\u00f8rger for en uavbrutt spillopplevelse samtidig som den beskytter enheten din mot daglig slitasje. <\/p>\n\n<h2 class=\"wp-block-heading\">Hvorfor velge AYANEO Pocket S2 skjermbeskytter?<\/h2>\n\n<p>Enten du er en casual gamer eller en hardcore-entusiast, gir AYANEO S2 skjermbeskytter uovertruffen klarhet og beskyttelse for konsollskjermen din. Med sin presise passform, ripebestandige overflate og flekkbestandige belegg forblir spillbildet krystallklart, samtidig som enheten din er beskyttet. <\/p>\n\n<hr class=\"wp-block-separator has-alpha-channel-opacity\"\/>\n\n<h2 class=\"wp-block-heading\">Spesifikasjoner:<\/h2>\n\n<ul class=\"wp-block-list\">\n<li><strong>Materiale:<\/strong> Herdet glass eller premium film<\/li>\n\n\n\n<li><strong>Kompatibilitet:<\/strong> AYANEO Pocket S2-konsoll<\/li>\n\n\n\n<li><strong>Funksjoner:<\/strong> Anti-riper, flekksikker og boblefri installasjon<\/li>\n<\/ul>\n\n<p>Oppgrader din AYANEO Pocket S2 med en skjermbeskytter som er designet for \u00e5 holde konsollen din i topp stand!<\/p>\n\n<p><\/p>\n","protected":false},"excerpt":{"rendered":"<ul>\n<li><strong>Perfekt passform<\/strong> for AYANEO Pocket S2-skjermdimensjoner.<\/li>\n<li><strong>Ripebestandig<\/strong> overflate for langvarig beskyttelse.<\/li>\n<li>Ultraklart materiale for <strong>uber\u00f8rt spillgrafikk<\/strong>.<\/li>\n<li>Enkel montering med <strong>boblefri p\u00e5f\u00f8ring<\/strong>.<\/li>\n<li><strong>Kladdebestandig belegg<\/strong> som holder skjermen ren og klar.<\/li>\n<\/ul>\n[cg_accordion title=\"BETALINGSINFORMASJON\"]<\/p>\n<p>Vi bruker den nyeste teknologien innen betalingsbehandling, som lar deg betale via Apple Pay, Google Pay, debet- \/ kredittkortet ditt, PayPal eller BNPL-metoder som Klarna, Affirm eller AfterPay for en rask og sikker opplevelse.[\/cg_accordion]\n[cg_accordion title=\"GARANTI\"]<\/p>\n<p>1 \u00e5rs garanti fra <a href=\"https:\/\/droix.net\/\" target=\"_blank\" rel=\"nofollow noopener\">DROIX Global<\/a> for din trygghet[\/cg_accordion]\n[cg_accordion title=\"KVALITETSSIKRING OG TESTING F\u00d8R UTSENDELSE\"]<\/p>\n<p>Sikrer kundetilfredshet p\u00e5 h\u00f8yeste standard: Hver enhet gjennomg\u00e5r strenge tester og en flerpunkts kvalitetssikringskontroll f\u00f8r den sendes. V\u00e5rt dedikerte team verifiserer ytelse, funksjonalitet og komponentintegritet for \u00e5 garantere at AYANEO-enheten din er i perfekt stand ved ankomst, slik at du kan f\u00f8le deg trygg og sikker. [\/cg_accordion]\n[cg_accordion title=\"PRISER, AVGIFTER OG FRAKT\"]<\/p>\n<p><strong><u>Merk:<\/u><\/strong><\/p>\n<ul>\n<li>Kunder i USA: Den viste prisen inkluderer IKKE SKATT eller avgifter. Ansvaret for \u00e5 fortolle og betale eventuelle tilknyttede skatter\/avgifter ligger p\u00e5 kunden. <\/li>\n<li>EU-kunder: Den viste prisen inkluderer gjeldende SKATT, som kan v\u00e6re opptil 25 % avhengig av hvilket land du bor i.<\/li>\n<li>Kunder i Canada: Den viste prisen inkluderer gjeldende avgifter, som kan inkludere 5 % GST og ytterligere provinsiell omsetningsavgift (PST), harmonisert omsetningsavgift (HST) eller Quebec Sales Tax (QST), avhengig av provinsen din.<\/li>\n<\/ul>\n<p><strong>KUN for EU-kunder:<\/strong> Express DDP (Delivered Duty Paid). Dette betyr: <\/p>\n<ul>\n<li>Alle tollavgifter og skatter er inkludert i prisen som vises p\u00e5 produktsiden.<\/li>\n<li>Du trenger ikke \u00e5 betale noen ekstra kostnader ved levering.<\/li>\n<li>I sjeldne tilfeller av tollrelaterte problemer vil v\u00e5rt team h\u00e5ndtere fortollingsprosessen p\u00e5 dine vegne for \u00e5 sikre en problemfri leveringsopplevelse.<\/li>\n<p>Viktig informasjon om retur:<\/p>\n<li>Hvis du bestemmer deg for \u00e5 returnere bestillingen eller be om refusjon, m\u00e5 du v\u00e6re oppmerksom p\u00e5 at skatter og avgifter som er betalt p\u00e5 dine vegne i henhold til DDP-vilk\u00e5rene, ikke kan refunderes.<\/li>\n<p>Se v\u00e5re <a href=\"https:\/\/ayaneo.co\/no\/vilkar-for-bruk\/\" target=\"_blank\" rel=\"nofollow noopener\">vilk\u00e5r og betingelser<\/a> for detaljert informasjon.\n<\/ul>\n<p>[\/cg_accordion]\n[cg_accordion title=\"KUNDEST\u00d8TTE\"]<\/p>\n<p>Har du et sp\u00f8rsm\u00e5l? Vi er bare en kort tekstmelding unna \u00e5 l\u00f8se problemet ditt! [\/cg_accordion]\n[cg_accordion title=\"PAKKEN INKLUDERER\"]<\/p>\n<ul>\n<li>1x AYANEO Pocket S2 skjermbeskytter<\/li>\n<\/ul>\n<p>[\/cg_accordion]\n","protected":false},"featured_media":30523,"template":"","meta":{"_acf_changed":false},"product_brand":[],"product_cat":[1190],"product_tag":[],"class_list":{"0":"post-32358","1":"product","2":"type-product","3":"status-publish","4":"has-post-thumbnail","6":"product_cat-tilbehor-no","7":"product_shipping_class-low-end","9":"first","10":"instock","11":"sale","12":"taxable","13":"shipping-taxable","14":"purchasable","15":"product-type-simple"},"acf":[],"_links":{"self":[{"href":"https:\/\/ayaneo.co\/no\/wp-json\/wp\/v2\/product\/32358","targetHints":{"allow":["GET"]}}],"collection":[{"href":"https:\/\/ayaneo.co\/no\/wp-json\/wp\/v2\/product"}],"about":[{"href":"https:\/\/ayaneo.co\/no\/wp-json\/wp\/v2\/types\/product"}],"wp:featuredmedia":[{"embeddable":true,"href":"https:\/\/ayaneo.co\/no\/wp-json\/wp\/v2\/media\/30523"}],"wp:attachment":[{"href":"https:\/\/ayaneo.co\/no\/wp-json\/wp\/v2\/media?parent=32358"}],"wp:term":[{"taxonomy":"product_brand","embeddable":true,"href":"https:\/\/ayaneo.co\/no\/wp-json\/wp\/v2\/product_brand?post=32358"},{"taxonomy":"product_cat","embeddable":true,"href":"https:\/\/ayaneo.co\/no\/wp-json\/wp\/v2\/product_cat?post=32358"},{"taxonomy":"product_tag","embeddable":true,"href":"https:\/\/ayaneo.co\/no\/wp-json\/wp\/v2\/product_tag?post=32358"}],"curies":[{"name":"wp","href":"https:\/\/api.w.org\/{rel}","templated":true}]}}