{"id":33605,"date":"2025-08-26T13:19:39","date_gmt":"2025-08-26T13:19:39","guid":{"rendered":"https:\/\/ayaneo.co\/product\/ayaneo-pocket-ds\/"},"modified":"2026-01-06T00:36:34","modified_gmt":"2026-01-06T00:36:34","slug":"ayaneo-pocket-ds","status":"publish","type":"product","link":"https:\/\/ayaneo.co\/no\/product\/ayaneo-pocket-ds\/","title":{"rendered":"AYANEO Pocket DS"},"content":{"rendered":"\n<figure class=\"wp-block-video\"><video height=\"720\" style=\"aspect-ratio: 1280 \/ 720;\" width=\"1280\" controls=\"\" src=\"https:\/\/ayaneo.co\/wp-content\/uploads\/2025\/08\/The-worlds-first-dual-screen-flip-Android-handheld-device-AYANEO-Pocket-DS-1.mp4\"><\/video><\/figure>\n\n<div class=\"wp-block-columns is-layout-flex wp-container-core-columns-is-layout-28f84493 wp-block-columns-is-layout-flex\">\n<div class=\"wp-block-column is-layout-flow wp-block-column-is-layout-flow\" style=\"flex-basis:33.33%\">\n<figure class=\"wp-block-image size-full\"><a href=\"https:\/\/ayaneo.co\/wp-content\/uploads\/2025\/08\/AYANEO-POCKET-RG-MARKETING-DONE-35-1024x1024-1.jpg\"><img fetchpriority=\"high\" decoding=\"async\" width=\"1024\" height=\"1024\" src=\"https:\/\/ayaneo.co\/wp-content\/uploads\/2025\/08\/AYANEO-POCKET-RG-MARKETING-DONE-35-1024x1024-1.jpg\" alt=\"En person holder AYANEO Pocket DS i hendene, og demonstrerer dual-screen-funksjonaliteten ved &#xE5; spille to forskjellige spill samtidig p&#xE5; Android-h&#xE5;ndholdte enheter.\" class=\"wp-image-37367\" style=\"aspect-ratio:4\/3;object-fit:cover\" srcset=\"https:\/\/ayaneo.co\/wp-content\/uploads\/2025\/08\/AYANEO-POCKET-RG-MARKETING-DONE-35-1024x1024-1.jpg 1024w, https:\/\/ayaneo.co\/wp-content\/uploads\/2025\/08\/AYANEO-POCKET-RG-MARKETING-DONE-35-1024x1024-1-300x300.jpg 300w, https:\/\/ayaneo.co\/wp-content\/uploads\/2025\/08\/AYANEO-POCKET-RG-MARKETING-DONE-35-1024x1024-1-150x150.jpg 150w, https:\/\/ayaneo.co\/wp-content\/uploads\/2025\/08\/AYANEO-POCKET-RG-MARKETING-DONE-35-1024x1024-1-768x768.jpg 768w, https:\/\/ayaneo.co\/wp-content\/uploads\/2025\/08\/AYANEO-POCKET-RG-MARKETING-DONE-35-1024x1024-1-65x65.jpg 65w, https:\/\/ayaneo.co\/wp-content\/uploads\/2025\/08\/AYANEO-POCKET-RG-MARKETING-DONE-35-1024x1024-1-990x990.jpg 990w, https:\/\/ayaneo.co\/wp-content\/uploads\/2025\/08\/AYANEO-POCKET-RG-MARKETING-DONE-35-1024x1024-1-441x441.jpg 441w, https:\/\/ayaneo.co\/wp-content\/uploads\/2025\/08\/AYANEO-POCKET-RG-MARKETING-DONE-35-1024x1024-1-100x100.jpg 100w, https:\/\/ayaneo.co\/wp-content\/uploads\/2025\/08\/AYANEO-POCKET-RG-MARKETING-DONE-35-1024x1024-1-600x600.jpg 600w\" sizes=\"(max-width: 1024px) 100vw, 1024px\" \/><\/a><\/figure>\n<\/div>\n\n\n\n<div class=\"wp-block-column is-layout-flow wp-block-column-is-layout-flow\" style=\"flex-basis:66.66%\">\n<h2 class=\"wp-block-heading\"><strong>AYANEO Pocket DS: The Worlds First Clamshell Dual-Screen Android Handheld Console<\/strong><\/h2>\n\n\n\n<p>Gullalderen for spilling med to skjermer er tilbake, og den er kraftigere enn noensinne. AYANEO Pocket DS kombinerer p\u00e5 mesterlig vis den ikoniske, lommevennlige muslingeskalldesignen med en toppmoderne Snapdragon G3x Gen 2-prosessor. Denne unike fusjonen skaper den ultimate b\u00e6rbare konsollen for b\u00e5de retro-purister og Android-brukere. Opplev feilfri emulering av klassiske systemer med to skjermer, eller slipp l\u00f8s det fulle potensialet i moderne mobilspill p\u00e5 to livlige skjermer. Pocket DS er ikke bare nok en h\u00e5ndholdt konsoll; den er et dristig statement som byr p\u00e5 en taktil, allsidig og dypt tilfredsstillende spillopplevelse du rett og slett ikke kan f\u00e5 noe annet sted.    <\/p>\n<\/div>\n<\/div>\n\n<h2 class=\"wp-block-heading has-text-align-center\">Spilling med to skjermer er tilbake: En moderne klassiker<\/h2>\n\n<div class=\"wp-block-columns is-layout-flex wp-container-core-columns-is-layout-28f84493 wp-block-columns-is-layout-flex\">\n<div class=\"wp-block-column is-layout-flow wp-block-column-is-layout-flow\">\n<figure class=\"wp-block-image size-full\"><a href=\"https:\/\/ayaneo.co\/wp-content\/uploads\/2025\/08\/AYANEO-POCKET-RG-MARKETING-DONE-9-1.jpg\"><img decoding=\"async\" width=\"1500\" height=\"1500\" src=\"https:\/\/ayaneo.co\/wp-content\/uploads\/2025\/08\/AYANEO-POCKET-RG-MARKETING-DONE-9-1.jpg\" alt=\"En infografikk som beskriver flaggskipytelsen og spesifikasjonene til Snapdragon G3x Gen 2 Gaming Platform, prosessoren til AYANEO Pocket DS. Den viser 4nm-prosessen, octa-core Kryo CPU, Adreno A32 GPU og 15W maks ytelse. \" class=\"wp-image-37368\" srcset=\"https:\/\/ayaneo.co\/wp-content\/uploads\/2025\/08\/AYANEO-POCKET-RG-MARKETING-DONE-9-1.jpg 1500w, https:\/\/ayaneo.co\/wp-content\/uploads\/2025\/08\/AYANEO-POCKET-RG-MARKETING-DONE-9-1-300x300.jpg 300w, https:\/\/ayaneo.co\/wp-content\/uploads\/2025\/08\/AYANEO-POCKET-RG-MARKETING-DONE-9-1-1024x1024.jpg 1024w, https:\/\/ayaneo.co\/wp-content\/uploads\/2025\/08\/AYANEO-POCKET-RG-MARKETING-DONE-9-1-150x150.jpg 150w, https:\/\/ayaneo.co\/wp-content\/uploads\/2025\/08\/AYANEO-POCKET-RG-MARKETING-DONE-9-1-768x768.jpg 768w, https:\/\/ayaneo.co\/wp-content\/uploads\/2025\/08\/AYANEO-POCKET-RG-MARKETING-DONE-9-1-65x65.jpg 65w, https:\/\/ayaneo.co\/wp-content\/uploads\/2025\/08\/AYANEO-POCKET-RG-MARKETING-DONE-9-1-990x990.jpg 990w, https:\/\/ayaneo.co\/wp-content\/uploads\/2025\/08\/AYANEO-POCKET-RG-MARKETING-DONE-9-1-441x441.jpg 441w, https:\/\/ayaneo.co\/wp-content\/uploads\/2025\/08\/AYANEO-POCKET-RG-MARKETING-DONE-9-1-100x100.jpg 100w, https:\/\/ayaneo.co\/wp-content\/uploads\/2025\/08\/AYANEO-POCKET-RG-MARKETING-DONE-9-1-600x600.jpg 600w\" sizes=\"(max-width: 1500px) 100vw, 1500px\" \/><\/a><\/figure>\n\n\n\n<h3 class=\"wp-block-heading\">Den indre mesteren: Snapdragon G3x Gen 2 spillplattform<\/h3>\n\n\n\n<p>AYANEO Pocket DS fremst\u00e5r som et mesterverk av <strong>nostalgisk innovasjon<\/strong>, bygget for den ekte h\u00e5ndholdte kjenneren. Den drives av den formidable <strong>Qualcomm Snapdragon G3x Gen 2<\/strong>, en banebrytende spillplattform som bl\u00e5ser moderne liv i den klassiske muslingformfaktoren. I stedet for en enkelt glassrute har Pocket DS en <strong>allsidig konfigurasjon med to skjermer<\/strong>: en levende prim\u00e6r IPS-skjerm for oppslukende action, kombinert med en sekund\u00e6r IPS-ber\u00f8ringsskjerm under. Dette oppsettet er perfekt for \u00e5 administrere lagerbeholdning, vise kart eller oppn\u00e5 <strong>feilfri, autentisk emulering av ikoniske konsoller med to skjermer<\/strong>- en s\u00f8ml\u00f8s forening av fortid og fremtid, som gir en <strong>taktil og dypt engasjerende spillopplevelse<\/strong> som h\u00e5ndholdte <strong>konsoller<\/strong>med \u00e9n skjerm rett og slett ikke kan matche.   <\/p>\n<\/div>\n\n\n\n<div class=\"wp-block-column is-layout-flow wp-block-column-is-layout-flow\">\n<figure class=\"wp-block-image size-full\"><a href=\"https:\/\/ayaneo.co\/wp-content\/uploads\/2025\/08\/AYANEO-POCKET-RG-MARKETING-DONE-4-1.jpg\"><img decoding=\"async\" width=\"1500\" height=\"1500\" src=\"https:\/\/ayaneo.co\/wp-content\/uploads\/2025\/08\/AYANEO-POCKET-RG-MARKETING-DONE-4-1.jpg\" alt=\"Et markedsf&#xF8;ringsbilde som viser to AYANEO Pocket DS-h&#xE5;ndholdte enheter med to skjermer, en &#xE5;pen og en lukket, med en infografikk nedenfor som beskriver spesifikasjonene for den h&#xF8;ytytende OLED-skjermen, som 1080p-oppl&#xF8;sning, justerbar oppdateringsfrekvens p&#xE5; 165 Hz, 800 nits lysstyrke og HDR-funksjoner.\" class=\"wp-image-37369\" srcset=\"https:\/\/ayaneo.co\/wp-content\/uploads\/2025\/08\/AYANEO-POCKET-RG-MARKETING-DONE-4-1.jpg 1500w, https:\/\/ayaneo.co\/wp-content\/uploads\/2025\/08\/AYANEO-POCKET-RG-MARKETING-DONE-4-1-300x300.jpg 300w, https:\/\/ayaneo.co\/wp-content\/uploads\/2025\/08\/AYANEO-POCKET-RG-MARKETING-DONE-4-1-1024x1024.jpg 1024w, https:\/\/ayaneo.co\/wp-content\/uploads\/2025\/08\/AYANEO-POCKET-RG-MARKETING-DONE-4-1-150x150.jpg 150w, https:\/\/ayaneo.co\/wp-content\/uploads\/2025\/08\/AYANEO-POCKET-RG-MARKETING-DONE-4-1-768x768.jpg 768w, https:\/\/ayaneo.co\/wp-content\/uploads\/2025\/08\/AYANEO-POCKET-RG-MARKETING-DONE-4-1-65x65.jpg 65w, https:\/\/ayaneo.co\/wp-content\/uploads\/2025\/08\/AYANEO-POCKET-RG-MARKETING-DONE-4-1-990x990.jpg 990w, https:\/\/ayaneo.co\/wp-content\/uploads\/2025\/08\/AYANEO-POCKET-RG-MARKETING-DONE-4-1-441x441.jpg 441w, https:\/\/ayaneo.co\/wp-content\/uploads\/2025\/08\/AYANEO-POCKET-RG-MARKETING-DONE-4-1-100x100.jpg 100w, https:\/\/ayaneo.co\/wp-content\/uploads\/2025\/08\/AYANEO-POCKET-RG-MARKETING-DONE-4-1-600x600.jpg 600w\" sizes=\"(max-width: 1500px) 100vw, 1500px\" \/><\/a><\/figure>\n\n\n\n<h3 class=\"wp-block-heading\"><strong>Uovertruffen visning: 1920&#215;1080 OLED-skjerm med h\u00f8y oppl\u00f8sning<\/strong><\/h3>\n\n\n\n<p>Det visuelle hjertet i Pocket DS er den fantastiske <strong>OLED-skjermen<\/strong>, som er konstruert for \u00e5 gi en enest\u00e5ende seeropplevelse. Hver scene gjengis i fantastisk klarhet med en skarp <strong>oppl\u00f8sning p\u00e5 1920&#215;1080<\/strong>, mens fargene eksploderer p\u00e5 skjermen med filmatisk livlighet takket v\u00e6re <strong>HDR-st\u00f8tte<\/strong> og et utrolig <strong>sRGB-fargerom p\u00e5 150 %.<\/strong> Spillingen er eksepsjonelt flytende med <strong>justerbare oppdateringsfrekvenser som p\u00e5 en intelligent m\u00e5te veksler mellom opptil 165 Hz<\/strong>, noe som sikrer sm\u00f8remyk bevegelse som ogs\u00e5 optimaliserer batterilevetiden. Kombinert med en <strong>lysstyrke p\u00e5 hele 800 nit<\/strong> gir Pocket DS en visuell opplevelse i <strong>toppklasse<\/strong> som gj\u00f8r hvert eneste spill til en uforglemmelig opplevelse.   <\/p>\n<\/div>\n\n\n\n<div class=\"wp-block-column is-layout-flow wp-block-column-is-layout-flow\">\n<figure class=\"wp-block-image size-full\"><a href=\"https:\/\/ayaneo.co\/wp-content\/uploads\/2025\/08\/AYANEO-POCKET-RG-MARKETING-DONE-11-1.jpg\"><img loading=\"lazy\" decoding=\"async\" width=\"1500\" height=\"1500\" src=\"https:\/\/ayaneo.co\/wp-content\/uploads\/2025\/08\/AYANEO-POCKET-RG-MARKETING-DONE-11-1.jpg\" alt=\"Den &#xF8;verste halvdelen av bildet viser to svarte AYANEO Pocket DS-enheter p&#xE5; en m&#xF8;rk bakgrunn. Den ene er vinklet for &#xE5; vise den lukkede profilen bakfra, mens den andre er &#xE5;pen og viser et spill p&#xE5; den &#xF8;verste skjermen og et ytelsesoversiktspanel p&#xE5; den nederste skjermen.&#10;&#10;Den nederste halvdelen har et rutenett med seks ikoner, som hver beskriver en spesifikk programvarefunksjon:&#10;&#10;Str&#xF8;msparingsmodus: Beskrives som &quot;enest&#xE5;ende effektivitet for langvarig spilling&quot;.&#10;&#10;Balansert modus: For en &quot;optimal balanse mellom ytelse og batterilevetid&quot;.&#10;&#10;Spillmodus: &quot;For &#xE5; spille vanlige mobilspill og retrospill med h&#xF8;y ytelse uten problemer.&quot;&#10;&#10;Full Power-modus: Tilbyr &quot;maksimal ytelse for spilling med h&#xF8;y bildefrekvens&quot;.&#10;&#10;Str&#xF8;mmemodus: For en &quot;str&#xF8;mmeopplevelse med ultralav ventetid&quot;.&#10;&#10;Tilpassbar n&#xF8;kkel: Gj&#xF8;r det enkelt &#xE5; &quot;trykke for &#xE5; bytte ytelsesniv&#xE5;&quot;.&#10;&#10;Bildet viser hvordan brukerne enkelt kan kontrollere enhetens ytelse slik at den passer til enhver oppgave, fra &#xE5; spare p&#xE5; batteriet til &#xE5; utnytte maskinvarens fulle kraft.\" class=\"wp-image-37370\" srcset=\"https:\/\/ayaneo.co\/wp-content\/uploads\/2025\/08\/AYANEO-POCKET-RG-MARKETING-DONE-11-1.jpg 1500w, https:\/\/ayaneo.co\/wp-content\/uploads\/2025\/08\/AYANEO-POCKET-RG-MARKETING-DONE-11-1-300x300.jpg 300w, https:\/\/ayaneo.co\/wp-content\/uploads\/2025\/08\/AYANEO-POCKET-RG-MARKETING-DONE-11-1-1024x1024.jpg 1024w, https:\/\/ayaneo.co\/wp-content\/uploads\/2025\/08\/AYANEO-POCKET-RG-MARKETING-DONE-11-1-150x150.jpg 150w, https:\/\/ayaneo.co\/wp-content\/uploads\/2025\/08\/AYANEO-POCKET-RG-MARKETING-DONE-11-1-768x768.jpg 768w, https:\/\/ayaneo.co\/wp-content\/uploads\/2025\/08\/AYANEO-POCKET-RG-MARKETING-DONE-11-1-65x65.jpg 65w, https:\/\/ayaneo.co\/wp-content\/uploads\/2025\/08\/AYANEO-POCKET-RG-MARKETING-DONE-11-1-990x990.jpg 990w, https:\/\/ayaneo.co\/wp-content\/uploads\/2025\/08\/AYANEO-POCKET-RG-MARKETING-DONE-11-1-441x441.jpg 441w, https:\/\/ayaneo.co\/wp-content\/uploads\/2025\/08\/AYANEO-POCKET-RG-MARKETING-DONE-11-1-100x100.jpg 100w, https:\/\/ayaneo.co\/wp-content\/uploads\/2025\/08\/AYANEO-POCKET-RG-MARKETING-DONE-11-1-600x600.jpg 600w\" sizes=\"(max-width: 1500px) 100vw, 1500px\" \/><\/a><\/figure>\n\n\n\n<h3 class=\"wp-block-heading\">Nostalgisk innovasjon: Kombinerer klassisk form med moderne kraft<\/h3>\n\n\n\n<p>I kjernen av AYANEO Pocket DS banker hjertet til en mester: <strong>Snapdragon\u00ae G3x Gen 2<\/strong> Gaming Platform. Dette 4 nm-brikkesettet slipper l\u00f8s utrolig kraft gjennom sin <g id=\"gid_1\">\u00e5ttekjerners Kryo-prosessor<\/g> og en formidabel <g id=\"gid_2\">Adreno A32 GPU<\/g>, som gir de musklene som trengs for \u00e5 dominere de nyeste Android-utgivelsene og oppn\u00e5 feilfri high-end-emulering. Dette handler ikke bare om r\u00e5 hastighet; det handler om <strong>vedvarende, kj\u00f8lig ytelse<\/strong>, muliggjort av et spesialutviklet <strong>aktivt kj\u00f8lesystem<\/strong> som er plassert i den kompakte muslingeskalldesignen. Resultatet er en jevn, varmestyrt opplevelse som lar deg presse spillene dine til det ytterste uten kompromisser.   <\/p>\n<\/div>\n<\/div>\n\n<div class=\"wp-block-columns is-layout-flex wp-container-core-columns-is-layout-28f84493 wp-block-columns-is-layout-flex\">\n<div class=\"wp-block-column is-layout-flow wp-block-column-is-layout-flow\">\n<figure class=\"wp-block-image size-full\"><a href=\"https:\/\/ayaneo.co\/wp-content\/uploads\/2025\/08\/AYANEO-POCKET-RG-MARKETING-DONE-12.1-1.jpg\"><img loading=\"lazy\" decoding=\"async\" width=\"1500\" height=\"1500\" src=\"https:\/\/ayaneo.co\/wp-content\/uploads\/2025\/08\/AYANEO-POCKET-RG-MARKETING-DONE-12.1-1.jpg\" alt=\"En infografikk som forklarer kj&#xF8;lesystemet p&#xE5; PC-niv&#xE5; som er utviklet for den h&#xE5;ndholdte AYANEO Pocket DS med to skjermer. Den viser kj&#xF8;learkitekturens n&#xF8;kkelkomponenter: en turbovifte for luftstr&#xF8;m, store kobberplater for varmeledning og et CNC-frontpanel i helmetall for varmespredning fra skjermen. \" class=\"wp-image-37371\" srcset=\"https:\/\/ayaneo.co\/wp-content\/uploads\/2025\/08\/AYANEO-POCKET-RG-MARKETING-DONE-12.1-1.jpg 1500w, https:\/\/ayaneo.co\/wp-content\/uploads\/2025\/08\/AYANEO-POCKET-RG-MARKETING-DONE-12.1-1-300x300.jpg 300w, https:\/\/ayaneo.co\/wp-content\/uploads\/2025\/08\/AYANEO-POCKET-RG-MARKETING-DONE-12.1-1-1024x1024.jpg 1024w, https:\/\/ayaneo.co\/wp-content\/uploads\/2025\/08\/AYANEO-POCKET-RG-MARKETING-DONE-12.1-1-150x150.jpg 150w, https:\/\/ayaneo.co\/wp-content\/uploads\/2025\/08\/AYANEO-POCKET-RG-MARKETING-DONE-12.1-1-768x768.jpg 768w, https:\/\/ayaneo.co\/wp-content\/uploads\/2025\/08\/AYANEO-POCKET-RG-MARKETING-DONE-12.1-1-65x65.jpg 65w, https:\/\/ayaneo.co\/wp-content\/uploads\/2025\/08\/AYANEO-POCKET-RG-MARKETING-DONE-12.1-1-990x990.jpg 990w, https:\/\/ayaneo.co\/wp-content\/uploads\/2025\/08\/AYANEO-POCKET-RG-MARKETING-DONE-12.1-1-441x441.jpg 441w, https:\/\/ayaneo.co\/wp-content\/uploads\/2025\/08\/AYANEO-POCKET-RG-MARKETING-DONE-12.1-1-100x100.jpg 100w, https:\/\/ayaneo.co\/wp-content\/uploads\/2025\/08\/AYANEO-POCKET-RG-MARKETING-DONE-12.1-1-600x600.jpg 600w\" sizes=\"(max-width: 1500px) 100vw, 1500px\" \/><\/a><\/figure>\n\n\n\n<h3 class=\"wp-block-heading\">Clamshell-formfaktor: Et mesterverk av nostalgisk innovasjon<\/h3>\n<\/div>\n\n\n\n<div class=\"wp-block-column is-layout-flow wp-block-column-is-layout-flow\">\n<figure class=\"wp-block-image size-full\"><a href=\"https:\/\/ayaneo.co\/wp-content\/uploads\/2025\/08\/AYANEO-POCKET-RG-MARKETING-DONE-17-1.jpg\"><img loading=\"lazy\" decoding=\"async\" width=\"1500\" height=\"1500\" src=\"https:\/\/ayaneo.co\/wp-content\/uploads\/2025\/08\/AYANEO-POCKET-RG-MARKETING-DONE-17-1.jpg\" alt=\"En infografikk som viser en person som spiller et spill p&#xE5; AYANEO Pocket DS, en h&#xE5;ndholdt enhet med to skjermer. Bildet fremhever enhetens avanserte funksjoner for tilpasning av kontrolleren, inkludert TMR-joysticks uten avdrift, justerbar joystick- og avtrekkerf&#xF8;lsomhet, sikteassistanse med gyroskop og bytte av knapper via AYASpace-programvaren. &#10;&#10;\" class=\"wp-image-37372\" srcset=\"https:\/\/ayaneo.co\/wp-content\/uploads\/2025\/08\/AYANEO-POCKET-RG-MARKETING-DONE-17-1.jpg 1500w, https:\/\/ayaneo.co\/wp-content\/uploads\/2025\/08\/AYANEO-POCKET-RG-MARKETING-DONE-17-1-300x300.jpg 300w, https:\/\/ayaneo.co\/wp-content\/uploads\/2025\/08\/AYANEO-POCKET-RG-MARKETING-DONE-17-1-1024x1024.jpg 1024w, https:\/\/ayaneo.co\/wp-content\/uploads\/2025\/08\/AYANEO-POCKET-RG-MARKETING-DONE-17-1-150x150.jpg 150w, https:\/\/ayaneo.co\/wp-content\/uploads\/2025\/08\/AYANEO-POCKET-RG-MARKETING-DONE-17-1-768x768.jpg 768w, https:\/\/ayaneo.co\/wp-content\/uploads\/2025\/08\/AYANEO-POCKET-RG-MARKETING-DONE-17-1-65x65.jpg 65w, https:\/\/ayaneo.co\/wp-content\/uploads\/2025\/08\/AYANEO-POCKET-RG-MARKETING-DONE-17-1-990x990.jpg 990w, https:\/\/ayaneo.co\/wp-content\/uploads\/2025\/08\/AYANEO-POCKET-RG-MARKETING-DONE-17-1-441x441.jpg 441w, https:\/\/ayaneo.co\/wp-content\/uploads\/2025\/08\/AYANEO-POCKET-RG-MARKETING-DONE-17-1-100x100.jpg 100w, https:\/\/ayaneo.co\/wp-content\/uploads\/2025\/08\/AYANEO-POCKET-RG-MARKETING-DONE-17-1-600x600.jpg 600w\" sizes=\"(max-width: 1500px) 100vw, 1500px\" \/><\/a><\/figure>\n\n\n\n<h3 class=\"wp-block-heading\">Levende farger og flytende bevegelse: 150 % sRGB-spektrum og 165 Hz oppdateringsfrekvens<\/h3>\n<\/div>\n\n\n\n<div class=\"wp-block-column is-layout-flow wp-block-column-is-layout-flow\">\n<figure class=\"wp-block-image size-full\"><a href=\"https:\/\/ayaneo.co\/wp-content\/uploads\/2025\/08\/AYANEO-POCKET-RG-MARKETING-DONE-3.jpg\"><img loading=\"lazy\" decoding=\"async\" width=\"1500\" height=\"1500\" src=\"https:\/\/ayaneo.co\/wp-content\/uploads\/2025\/08\/AYANEO-POCKET-RG-MARKETING-DONE-3.jpg\" alt=\"En omfattende infografikk som beskriver de viktigste maskinvarespesifikasjonene til den h&#xE5;ndholdte AYANEO Pocket DS. Den fremhever funksjoner som den 7-tommers OLED-hovedskjermen, 5-tommers sekund&#xE6;rskjerm, Snapdragon G3x Gen 2-prosessor, Hall-effekt-kontroller, 8000 mAh hurtigladende batteri, PC-klasse turboviftekj&#xF8;ling og stereoh&#xF8;yttalere av h&#xF8;y kvalitet. \" class=\"wp-image-37373\" srcset=\"https:\/\/ayaneo.co\/wp-content\/uploads\/2025\/08\/AYANEO-POCKET-RG-MARKETING-DONE-3.jpg 1500w, https:\/\/ayaneo.co\/wp-content\/uploads\/2025\/08\/AYANEO-POCKET-RG-MARKETING-DONE-3-300x300.jpg 300w, https:\/\/ayaneo.co\/wp-content\/uploads\/2025\/08\/AYANEO-POCKET-RG-MARKETING-DONE-3-1024x1024.jpg 1024w, https:\/\/ayaneo.co\/wp-content\/uploads\/2025\/08\/AYANEO-POCKET-RG-MARKETING-DONE-3-150x150.jpg 150w, https:\/\/ayaneo.co\/wp-content\/uploads\/2025\/08\/AYANEO-POCKET-RG-MARKETING-DONE-3-768x768.jpg 768w, https:\/\/ayaneo.co\/wp-content\/uploads\/2025\/08\/AYANEO-POCKET-RG-MARKETING-DONE-3-65x65.jpg 65w, https:\/\/ayaneo.co\/wp-content\/uploads\/2025\/08\/AYANEO-POCKET-RG-MARKETING-DONE-3-990x990.jpg 990w, https:\/\/ayaneo.co\/wp-content\/uploads\/2025\/08\/AYANEO-POCKET-RG-MARKETING-DONE-3-441x441.jpg 441w, https:\/\/ayaneo.co\/wp-content\/uploads\/2025\/08\/AYANEO-POCKET-RG-MARKETING-DONE-3-100x100.jpg 100w, https:\/\/ayaneo.co\/wp-content\/uploads\/2025\/08\/AYANEO-POCKET-RG-MARKETING-DONE-3-600x600.jpg 600w\" sizes=\"(max-width: 1500px) 100vw, 1500px\" \/><\/a><\/figure>\n\n\n\n<h3 class=\"wp-block-heading\">Tilpasset aktivt kj\u00f8lesystem for utholdenhet med kaldt hode<\/h3>\n<\/div>\n<\/div>\n\n<p>For \u00e5 sikre en s\u00f8ml\u00f8s og responsiv opplevelse med to skjermer er AYANEO Pocket DS utstyrt med <strong>opptil 16 GB ultrarask LPDDR5X RAM<\/strong> som kj\u00f8rer med utrolige <strong>8533 Mbps<\/strong>, noe som eliminerer forsinkelser under intens spilling og multitasking. Spillene dine lastes inn p\u00e5 et blunk takket v\u00e6re h\u00f8yhastighets UFS <strong>4.0 intern lagring<\/strong> (UFS 3.1 p\u00e5 128 GB-modellen), slik at du kan komme i gang med spillingen umiddelbart. For den dedikerte samleren stopper ikke reisen der. Et integrert <strong>microSD-kortspor<\/strong> gir <strong>ubegrenset utvidelse av biblioteket<\/strong>, noe som gj\u00f8r det enkelt \u00e5 ta med alle de klassiske titlene du noensinne har elsket, slik at du alltid har hele spillhistorien din med deg i lommen.   <\/p>\n\n<h2 class=\"wp-block-heading\">Brukeropplevelse<\/h2>\n\n<p>Bak den revolusjonerende opplevelsen av AYANEO Pocket DS ligger et sv\u00e6rt optimalisert <strong>Android 13-operativsystem<\/strong>, utviklet fra grunnen av for \u00e5 utnytte de <strong>unike egenskapene<\/strong> med <strong>to skjermer<\/strong>. Dykk ned i et massivt univers av kompatible spill, fra moderne Android-hits til nostalgiske klassikere som f\u00f8ler seg hjemme p\u00e5 to skjermer. S\u00f8ml\u00f8s tilkobling er garantert med <strong>h\u00f8yhastighets-WiFi og Bluetooth 5.3<\/strong>, perfekt for raid p\u00e5 nettet eller sammenkobling av favorittkontrolleren din. Kjernen i brukeropplevelsen er den kraftige <strong>AYASpace &amp; AYAHome-programvaren<\/strong>, som ikke bare organiserer biblioteket ditt, men som ogs\u00e5 tilbyr <strong>dedikerte taster<\/strong> for styring av <strong>to<\/strong> skjermer, slik at du kan bytte, administrere og tilpasse skjermene dine p\u00e5 et \u00f8yeblikk. En <strong>fingeravtrykkssensor er integrert direkte i av\/p\u00e5-knappen<\/strong> for rask og sikker tilgang til spillverdenen din.    <\/p>\n\n<h2 class=\"wp-block-heading\">Konklusjon<\/h2>\n\n<p>AYANEO Pocket DS er mer enn bare en Android-h\u00e5ndholdt spillkonsoll; den er en dristig hyllest til en gyllen \u00e6ra, rekonstruert med kraften til \u00e5 dominere fremtiden. Den skaper et <strong>perfekt ekteskap mellom moderne spill med h\u00f8y ytelse og den taktile gleden ved klassisk emulering<\/strong>. Med sin flaggskip-Snapdragon-kraft, revolusjonerende <strong>design<\/strong> med to skjermer og programvare som er omhyggelig utformet for to skjermer, baner denne enheten sin egen unike vei i den b\u00e6rbare spillverdenen. Den inviterer b\u00e5de erfarne veteraner og retrokjennere til \u00e5 oppleve hele spillandskapet p\u00e5 en <strong>fantastisk, allsidig og uforglemmelig ny m\u00e5te.<\/strong>   <\/p>\n\n<p>G\u00e5 ikke glipp av sjansen til \u00e5 gjenoppleve en klassisk \u00e6ra av b\u00e6rbare spill, gjenf\u00f8dt med moderne kraft.  <strong>Omfavn fortidens og fremtidens underholdning med AYANEO Pocket DS.<\/strong><\/p>\n\n<p><\/p>\n","protected":false},"excerpt":{"rendered":"<ul>\n<li>Prosessor: Qualcomm<strong> Snapdragon\u00ae G3x Gen 2<\/strong><\/li>\n<li>Skjerm: <strong>7&#8243; OLED og 5&#8243; LCD<\/strong> 1080P ber\u00f8ringsskjerm<\/li>\n<li>RAM: Opptil<strong> 16 GB<\/strong> LPDDR5X<strong>(8533 MT\/s)<\/strong><\/li>\n<li>Lagring: Opptil<strong> 1 TB<\/strong> UFS 4.0 (UFS 3.1 - 128 GB)<\/li>\n<li>Tilkoblingsmuligheter: Wi-Fi<strong> 7<\/strong> og Bluetooth <strong>5.3<\/strong><\/li>\n<\/ul>\n<pre><b>Varen er forh\u00e5ndsbestilt<\/b>\nBeregnet utgivelsesdato:\n<ul>\n<li>16. januar 2026<\/li><\/pre>\n<\/ul>\n[cg_accordion title=\"BETALINGSINFORMASJON\"]<\/p>\n<p>Vi bruker den nyeste teknologien innen betalingsbehandling, som lar deg betale via Apple Pay, Google Pay, debet- \/ kredittkortet ditt, PayPal eller BNPL-metoder som Klarna, Affirm eller AfterPay for en rask og sikker opplevelse.[\/cg_accordion]\n[cg_accordion title=\"GARANTI\"]<\/p>\n<p>1 \u00e5rs garanti fra <a href=\"https:\/\/droix.net\/\" target=\"_blank\" rel=\"nofollow noopener\">DROIX Global<\/a> for din trygghet[\/cg_accordion]\n[cg_accordion title=\"KVALITETSSIKRING OG TESTING F\u00d8R UTSENDELSE\"]<\/p>\n<p>Sikrer kundetilfredshet p\u00e5 h\u00f8yeste standard: Hver enhet gjennomg\u00e5r strenge tester og en flerpunkts kvalitetssikringskontroll f\u00f8r den sendes. V\u00e5rt dedikerte team verifiserer ytelse, funksjonalitet og komponentintegritet for \u00e5 garantere at AYANEO-enheten din er i perfekt stand ved ankomst, slik at du kan f\u00f8le deg trygg og sikker. [\/cg_accordion]\n[cg_accordion title=\"PRISER, AVGIFTER OG FRAKT\"]<\/p>\n<p><strong><u>Merk:<\/u><\/strong><\/p>\n<ul>\n<li>Kunder i USA: Den viste prisen inkluderer IKKE SKATT eller avgifter. Ansvaret for \u00e5 fortolle og betale eventuelle tilknyttede skatter\/avgifter ligger p\u00e5 kunden. <\/li>\n<li>EU-kunder: Den viste prisen inkluderer gjeldende SKATT, som kan v\u00e6re opptil 25 % avhengig av hvilket land du bor i.<\/li>\n<li>Kunder i Canada: Den viste prisen inkluderer gjeldende avgifter, som kan inkludere 5 % GST og ytterligere provinsiell omsetningsavgift (PST), harmonisert omsetningsavgift (HST) eller Quebec Sales Tax (QST), avhengig av provinsen din.<\/li>\n<\/ul>\n<p><strong>KUN for EU-kunder:<\/strong> Express DDP (Delivered Duty Paid). Dette betyr: <\/p>\n<ul>\n<li>Alle tollavgifter og skatter er inkludert i prisen som vises p\u00e5 produktsiden.<\/li>\n<li>Du trenger ikke \u00e5 betale noen ekstra kostnader ved levering.<\/li>\n<li>I sjeldne tilfeller av tollrelaterte problemer vil v\u00e5rt team h\u00e5ndtere fortollingsprosessen p\u00e5 dine vegne for \u00e5 sikre en problemfri leveringsopplevelse.<\/li>\n<p>Viktig informasjon om retur:<\/p>\n<li>Hvis du bestemmer deg for \u00e5 returnere bestillingen eller be om refusjon, m\u00e5 du v\u00e6re oppmerksom p\u00e5 at skatter og avgifter som er betalt p\u00e5 dine vegne i henhold til DDP-vilk\u00e5rene, ikke kan refunderes.<\/li>\n<p>Se v\u00e5re <a href=\"https:\/\/ayaneo.co\/no\/vilkar-for-bruk\/\" target=\"_blank\" rel=\"nofollow noopener\">vilk\u00e5r og betingelser<\/a> for detaljert informasjon.\n<\/ul>\n<p>[\/cg_accordion]\n[cg_accordion title=\"KUNDEST\u00d8TTE\"]<\/p>\n<p>Har du et sp\u00f8rsm\u00e5l? Vi er bare en kort tekstmelding unna \u00e5 l\u00f8se problemet ditt! [\/cg_accordion]\n[cg_accordion title=\"PAKKEN INKLUDERER\"]<\/p>\n<ul>\n<li>1x AYANEO Pocket DS<\/li>\n<li>1x USB Type-C-kabel<\/li>\n<li>1x brukerh\u00e5ndbok<\/li>\n<\/ul>\n<p>[\/cg_accordion]\n","protected":false},"featured_media":30786,"template":"","meta":{"_acf_changed":false},"product_brand":[],"product_cat":[1238],"product_tag":[],"class_list":{"0":"post-33605","1":"product","2":"type-product","3":"status-publish","4":"has-post-thumbnail","6":"product_cat-android-handholdt-spillmaskin","7":"product_shipping_class-premium","8":"pa_brand-ayaneo","9":"pa_graphics-gpu-model-adreno-a32","10":"pa_operating-system-android-13","11":"pa_processor-cpu-brand-qualcomm","13":"first","14":"outofstock","15":"taxable","16":"shipping-taxable","17":"purchasable","18":"product-type-variable","19":"has-default-attributes"},"acf":[],"_links":{"self":[{"href":"https:\/\/ayaneo.co\/no\/wp-json\/wp\/v2\/product\/33605","targetHints":{"allow":["GET"]}}],"collection":[{"href":"https:\/\/ayaneo.co\/no\/wp-json\/wp\/v2\/product"}],"about":[{"href":"https:\/\/ayaneo.co\/no\/wp-json\/wp\/v2\/types\/product"}],"wp:featuredmedia":[{"embeddable":true,"href":"https:\/\/ayaneo.co\/no\/wp-json\/wp\/v2\/media\/30786"}],"wp:attachment":[{"href":"https:\/\/ayaneo.co\/no\/wp-json\/wp\/v2\/media?parent=33605"}],"wp:term":[{"taxonomy":"product_brand","embeddable":true,"href":"https:\/\/ayaneo.co\/no\/wp-json\/wp\/v2\/product_brand?post=33605"},{"taxonomy":"product_cat","embeddable":true,"href":"https:\/\/ayaneo.co\/no\/wp-json\/wp\/v2\/product_cat?post=33605"},{"taxonomy":"product_tag","embeddable":true,"href":"https:\/\/ayaneo.co\/no\/wp-json\/wp\/v2\/product_tag?post=33605"}],"curies":[{"name":"wp","href":"https:\/\/api.w.org\/{rel}","templated":true}]}}