{"id":44921,"date":"2026-02-03T13:07:54","date_gmt":"2026-02-03T13:07:54","guid":{"rendered":"https:\/\/ayaneo.co\/product\/biwin-mini-ssd\/"},"modified":"2026-02-12T09:58:39","modified_gmt":"2026-02-12T09:58:39","slug":"biwin-mini-ssd","status":"publish","type":"product","link":"https:\/\/ayaneo.co\/no\/product\/biwin-mini-ssd\/","title":{"rendered":"BIWIN Mini SSD"},"content":{"rendered":"\n<h2 class=\"wp-block-heading\">BIWIN Mini SSD: En ny \u00e6ra av lagringsytelse<\/h2>\n\n<p>I den sv\u00e6rt konkurranseutsatte verdenen av b\u00e6rbar lagring fremst\u00e5r <strong>BIWIN Mini SSD<\/strong> som et ekte kraftverk, som tilbyr eliteytelse og robust holdbarhet for \u00e5 tilfredsstille enhver krevende bruker. Denne enheten er et uttrykk for kompromissl\u00f8s hastighet, og representerer et sprang fremover innen ultrakompakt lagringsteknologi. BIWIN Mini SSD er et under av design og kraft, og tilbyr en dataopplevelse p\u00e5 flaggskipniv\u00e5, uovertruffen b\u00e6rbarhet og en rekke innovative funksjoner som plasserer den p\u00e5 toppen av markedet. Denne disken er laget for profesjonelle og entusiaster som krever topphastighet og en f\u00f8rsteklasses, funksjonsrik l\u00f8sning, og den sprenger grensene for datah\u00e5ndtering p\u00e5 farten.   <\/p>\n\n<p>BIWIN Mini SSD er en titan av innovasjon innen avanserte, kompakte lagringsenheter. Mini SSD drives av banebrytende <strong>PCIe Gen4x2-<\/strong> og <strong>NVMe 1.4-teknologi<\/strong>, og leverer fantastisk ytelse med sekvensielle lesehastigheter p\u00e5 opptil <strong>3 700 MB\/s<\/strong> og skrivehastigheter p\u00e5 opptil <strong>3 400 MB\/s<\/strong>. Denne hastigheten knuser ytelsestaket til tradisjonelle microSD-kort, og posisjonerer Mini SSD som en overlegen, h\u00f8yhastighets erstatning. Denne kraften er plassert i en ultrakompakt enhet - den m\u00e5ler bare <strong>15,0 mm \u00d7 17,0 mm \u00d7 1,4 mm -<\/strong>noe som er mulig takket v\u00e6re avansert <a href=\"https:\/\/en.wikipedia.org\/wiki\/Land_grid_array\" target=\"_blank\" rel=\"noopener nofollow\" title=\"\">LGA-emballasje (Land Grid Array).<\/a>    <\/p>\n\n<p>Mini SSD er tilgjengelig i h\u00f8ykapasitetsalternativer som <strong>512 GB, 1 TB og 2 TB, og<\/strong> gir eksepsjonell lagringsplass for krevende arbeidsmengder som skysamarbeid og databehandling i sanntid.<\/p>\n\n<h2 class=\"wp-block-heading\"><strong>Merknad om h\u00e5ndholdt ytelse<\/strong><\/h2>\n\n<p>Det er viktig for brukere av bestemte vertsenheter \u00e5 merke seg at selv om Mini SSD har en teoretisk topphastighet p\u00e5 3700 MB\/s, vil ytelsen i den virkelige verden v\u00e6re begrenset av spesifikasjonene til vertsenhetens spor. For eksempel, n\u00e5r den er installert i kompatible spillh\u00e5ndholdte enheter, blir hastigheten vanligvis begrenset fordi enheten bruker en <strong>mini PCIe 4&#215;1-konfigurasjon<\/strong> (i stedet for den fullstendige 4&#215;2-spesifikasjonen). Basert p\u00e5 CrystalDiskMark-testing kan brukerne forvente gjennomsnittlige lese- og skrivehastigheter p\u00e5 rundt <strong>1 700 MB\/s<\/strong>. Dette sikrer fortsatt p\u00e5litelig h\u00f8yhastighetsytelse som langt overg\u00e5r microSD-alternativer, selv om det kanskje ikke gjenspeiler stasjonens absolutte maksimale teoretiske potensial.   <\/p>\n\n<p>Enheten er designet for kompromissl\u00f8s p\u00e5litelighet og har en robust struktur med <strong>IP68-klassifisering<\/strong> for omfattende st\u00f8v- og vannbeskyttelse, noe som gj\u00f8r at den t\u00e5ler de t\u00f8ffeste forhold. Avansert fastvare, inkludert dynamisk SLC-caching og slitasjeutjevning, s\u00f8rger for h\u00f8y datap\u00e5litelighet, mens holdbarheten forsterkes av LGA-emballasjen som gj\u00f8r at den t\u00e5ler fall fra opptil <strong>3 meters<\/strong> h\u00f8yde. Med sin allsidige modul\u00e6re slot-design er dette en slitesterk og fremtidsklar f\u00f8lgesvenn for applikasjoner i mobile enheter, h\u00e5ndholdte spillenheter (som GPD WIN 5 og OneXPlayer Super X) og edge computing.  <\/p>\n","protected":false},"excerpt":{"rendered":"\n<ul>\n<li>Grensesnitt: <strong>PCIe Gen4x2<\/strong> med **NVMe 1.4**-protokoll<\/li>\n<li>Formfaktor: <strong>Ultrakompakt LGA-pakke<\/strong> (15,0 mm \u00d7 17,0 mm \u00d7 1,4 mm)<\/li>\n<li>Ytelse: Opp til **3 700 MB\/s lesing** \/ Opp til **3 400 MB\/s skriving**<\/li>\n<li>Kapasitet: 512 GB, 1 TB eller 2 TB 3D TLC NAND<\/li>\n<li>Holdbarhet: <strong>IP68<\/strong> st\u00f8v- og vanntetthet \/ **3-meters fall** Overlevelse<\/li>\n<li>Teknologi: Dynamisk **SLC-caching** og **Wear Leveling**.<\/li>\n<\/ul>\n[cg_accordion title=\"BETALINGSINFORMASJON\"]<\/p>\n<p>Vi bruker den nyeste teknologien innen betalingsbehandling, som lar deg betale via Apple Pay, Google Pay, debet- \/ kredittkortet ditt, PayPal eller BNPL-metoder som Klarna, Affirm eller AfterPay for en rask og sikker opplevelse.[\/cg_accordion]\n[cg_accordion title=\"GARANTI\"]<\/p>\n<p>1 \u00e5rs garanti fra <a href=\"https:\/\/droix.net\/\" target=\"_blank\" rel=\"nofollow noopener\">DROIX Global<\/a> for din trygghet[\/cg_accordion]\n[cg_accordion title=\"KVALITETSSIKRING OG TESTING F\u00d8R UTSENDELSE\"]<\/p>\n<p>Sikrer kundetilfredshet p\u00e5 h\u00f8yeste standard: Hver enhet gjennomg\u00e5r strenge tester og en flerpunkts kvalitetssikringskontroll f\u00f8r den sendes. V\u00e5rt dedikerte team verifiserer ytelse, funksjonalitet og komponentintegritet for \u00e5 garantere at AYANEO-enheten din er i perfekt stand ved ankomst, slik at du kan f\u00f8le deg trygg og sikker. [\/cg_accordion]\n[cg_accordion title=\"PRISER, AVGIFTER OG FRAKT\"]<\/p>\n<p><strong><u>Merk:<\/u><\/strong><\/p>\n<ul>\n<li>Kunder i USA: Den viste prisen inkluderer IKKE SKATT eller avgifter. Ansvaret for \u00e5 fortolle og betale eventuelle tilknyttede skatter\/avgifter ligger p\u00e5 kunden. <\/li>\n<li>EU-kunder: Den viste prisen inkluderer gjeldende SKATT, som kan v\u00e6re opptil 25 % avhengig av hvilket land du bor i.<\/li>\n<li>Kunder i Canada: Den viste prisen inkluderer gjeldende avgifter, som kan inkludere 5 % GST og ytterligere provinsiell omsetningsavgift (PST), harmonisert omsetningsavgift (HST) eller Quebec Sales Tax (QST), avhengig av provinsen din.<\/li>\n<\/ul>\n<p>For v\u00e5re kunder i USA: Bestillinger sendes DAP (Delivered At Place). Kundene er ansvarlige for \u00e5 betale eventuelle avgifter, men vi benytter oss av v\u00e5r omfattende erfaring med frakt fra Storbritannia for \u00e5 sikre at du betaler minst mulig. Basert p\u00e5 v\u00e5re registreringer overstiger disse avgiftene vanligvis ikke 10 % av varens verdi.  <\/p>\n<p><strong>KUN for EU-kunder:<\/strong> Express DDP (Delivered Duty Paid). Dette betyr: <\/p>\n<ul>\n<li>Alle tollavgifter og skatter er inkludert i prisen som vises p\u00e5 produktsiden.<\/li>\n<li>Du trenger ikke \u00e5 betale noen ekstra kostnader ved levering.<\/li>\n<li>I sjeldne tilfeller av tollrelaterte problemer vil v\u00e5rt team h\u00e5ndtere fortollingsprosessen p\u00e5 dine vegne for \u00e5 sikre en problemfri leveringsopplevelse.<\/li>\n<p>Viktig informasjon om retur:<\/p>\n<li>Hvis du bestemmer deg for \u00e5 returnere bestillingen eller be om refusjon, m\u00e5 du v\u00e6re oppmerksom p\u00e5 at skatter og avgifter som er betalt p\u00e5 dine vegne i henhold til DDP-vilk\u00e5rene, ikke kan refunderes.<\/li>\n<p>Se v\u00e5re <a href=\"https:\/\/ayaneo.co\/no\/vilkar-for-bruk\/\" target=\"_blank\" rel=\"nofollow noopener\">vilk\u00e5r og betingelser<\/a> for detaljert informasjon.\n<\/ul>\n<p>[\/cg_accordion]\n[cg_accordion title=\"KUNDEST\u00d8TTE\"]<\/p>\n<p>Har du et sp\u00f8rsm\u00e5l? Vi er bare en kort tekstmelding unna \u00e5 l\u00f8se problemet ditt! [\/cg_accordion]\n[cg_accordion title=\"PAKKEN INKLUDERER\"]<\/p>\n<ul>\n<li>1x BIWIN Mini SSD<\/li>\n<\/ul>\n<p>[\/cg_accordion]\n","protected":false},"featured_media":44146,"template":"","meta":{"_acf_changed":false},"product_brand":[],"product_cat":[1190],"product_tag":[],"class_list":{"0":"post-44921","1":"product","2":"type-product","3":"status-publish","4":"has-post-thumbnail","6":"product_cat-tilbehor-no","7":"product_shipping_class-low-end","8":"pa_brand-biwin","10":"first","11":"instock","12":"taxable","13":"shipping-taxable","14":"purchasable","15":"product-type-variable","16":"has-default-attributes"},"acf":[],"_links":{"self":[{"href":"https:\/\/ayaneo.co\/no\/wp-json\/wp\/v2\/product\/44921","targetHints":{"allow":["GET"]}}],"collection":[{"href":"https:\/\/ayaneo.co\/no\/wp-json\/wp\/v2\/product"}],"about":[{"href":"https:\/\/ayaneo.co\/no\/wp-json\/wp\/v2\/types\/product"}],"wp:featuredmedia":[{"embeddable":true,"href":"https:\/\/ayaneo.co\/no\/wp-json\/wp\/v2\/media\/44146"}],"wp:attachment":[{"href":"https:\/\/ayaneo.co\/no\/wp-json\/wp\/v2\/media?parent=44921"}],"wp:term":[{"taxonomy":"product_brand","embeddable":true,"href":"https:\/\/ayaneo.co\/no\/wp-json\/wp\/v2\/product_brand?post=44921"},{"taxonomy":"product_cat","embeddable":true,"href":"https:\/\/ayaneo.co\/no\/wp-json\/wp\/v2\/product_cat?post=44921"},{"taxonomy":"product_tag","embeddable":true,"href":"https:\/\/ayaneo.co\/no\/wp-json\/wp\/v2\/product_tag?post=44921"}],"curies":[{"name":"wp","href":"https:\/\/api.w.org\/{rel}","templated":true}]}}