{"id":47592,"date":"2026-03-23T10:44:43","date_gmt":"2026-03-23T10:44:43","guid":{"rendered":"https:\/\/ayaneo.co\/product\/usb5-kabel-80-gbps-240-w-8k-60-hz-thunderbolt-5-kompatibel\/"},"modified":"2026-04-24T10:33:37","modified_gmt":"2026-04-24T10:33:37","slug":"usb5-kabel-80-gbps-240-w-8k-60-hz-thunderbolt-5-kompatibel","status":"publish","type":"product","link":"https:\/\/ayaneo.co\/no\/product\/usb5-kabel-80-gbps-240-w-8k-60-hz-thunderbolt-5-kompatibel\/","title":{"rendered":"USB5-kabel 80 Gbps 240 W | 8K 60 Hz Thunderbolt 5-kompatibel"},"content":{"rendered":"\n<h2 class=\"wp-block-heading\">USB5-kabel 80 Gbps 240 W: Den ultimate Thunderbolt 5-l\u00f8sningen for profesjonelle arbeidsflyter<\/h2>\n\n<p id=\"p-rc_98f34dcd8f33ef71-24\"><strong>USB5 Cable 80Gbps 240W<\/strong> representerer et monumentalt sprang innen tilkoblingsteknologi for avanserte brukere. Fordi moderne maskinvare krever uovertrufne hastigheter, er denne kabelen utviklet for \u00e5 oppfylle de nyeste standardene for Thunderbolt 5 og USB4 2.0. Den gir en massiv toveis b\u00e5ndbredde p\u00e5 hele 80 Gbps, noe som i praksis dobler ytelsen i forhold til tidligere generasjoner.  <sup><\/sup>  Dermed kan du n\u00e5 overf\u00f8re massive 8K-videofiler eller prosjektbiblioteker p\u00e5 en br\u00f8kdel av den tiden som tidligere var n\u00f8dvendig.<\/p>\n\n<h2 class=\"wp-block-heading\">Hvordan optimaliserer USB5-kabel 80Gbps 240W skjermoppsettet ditt?<\/h2>\n\n<p id=\"p-rc_98f34dcd8f33ef71-25\">Visuelle fagfolk vil oppdage at <strong>USB5 Cable 80Gbps 240W<\/strong> er et viktig verkt\u00f8y for multitasking med h\u00f8y oppl\u00f8sning. Denne kabelen st\u00f8tter den avanserte DisplayPort 2.1-protokollen, noe som gir mulighet for en enkelt 8K 60 Hz-utgang eller til og med doble 8K-konfigurasjoner. <sup><\/sup>  I tillegg kan den innovative &laquo;Bandwidth Boost\"-teknologien rekonfigurere datalinjene.<sup><\/sup>  Dette gj\u00f8r at kabelen kan levere opptil 120 Gbps for skjermtunge oppgaver, samtidig som den opprettholder en robust 40 Gbps for dataretur.<sup><\/sup><\/p>\n\n<p>Denne fleksibiliteten gir en betydelig forbedring av profesjonelle arbeidsflyter. Mens en skjerm med h\u00f8y oppdateringsfrekvens drives, s\u00f8rger <strong>USB5 Cable 80 Gbps 240W<\/strong> for at ekstern lagring forblir responsiv. Takket v\u00e6re PAM3-signalkoding opprettholdes dataintegriteten selv ved disse svimlende hastighetene. Derfor h\u00f8rer flimrende skjermer og datakorrupsjon fortiden til.   <\/p>\n\n<h2 class=\"wp-block-heading\">Uovertruffen 240 W str\u00f8mforsyning og byggekvalitet<\/h2>\n\n<p id=\"p-rc_98f34dcd8f33ef71-26\">Ladefunksjonene har blitt radikalt forbedret med denne nye standarden. <strong>USB5 Cable 80Gbps 240W<\/strong> st\u00f8tter de nyeste PD 3.1 Extended Power Range (EPR)-spesifikasjonene.<sup><\/sup> Dette betyr at opptil 240 W str\u00f8m trygt kan kanaliseres gjennom kabelen til enheten din. Dermed kan selv de mest str\u00f8mkrevende b\u00e6rbare spill-PC-er lades med full hastighet uten \u00e5 m\u00e5tte bruke en propriet\u00e6r &laquo;murstein\"-kontakt.  <\/p>\n\n<p id=\"p-rc_98f34dcd8f33ef71-27\">Holdbarhet var helt klart en prioritet under utformingen av <strong>USB5 Cable 80Gbps 240W<\/strong>. De interne ledningene er beskyttet av et flettet legeringsskjold med h\u00f8y tetthet for \u00e5 minimere elektromagnetisk interferens. <sup><\/sup>  I tillegg er ytterkappen laget av fleksibel TPE, som har blitt testet til \u00e5 t\u00e5le over 2000 b\u00f8yesykluser.<sup><\/sup>  Siden kontaktene er forniklet, er de klassifisert for over 10 000 innstikk, noe som sikrer en p\u00e5litelig tilkobling i mange \u00e5r fremover.<\/p>\n\n<h2 class=\"wp-block-heading\">Fremtidssikre riggen din med USB5-kabel 80 Gbps 240 W<\/h2>\n\n<p id=\"p-rc_98f34dcd8f33ef71-28\">Kompatibilitet er aldri et problem med dette allsidige tilbeh\u00f8ret. Selv om den er bygget for fremtiden, er <strong>USB5 Cable 80Gbps 240W<\/strong> fullt bakoverkompatibel med <a href=\"https:\/\/www.intel.com\/content\/www\/us\/en\/gaming\/resources\/upgrade-gaming-accessories-thunderbolt-4.html\" target=\"_blank\" rel=\"noopener nofollow\" title=\"\">Thunderbolt 4-<\/a> og<a href=\"https:\/\/www.thunderbolttechnology.net\/blog\/thunderbolt-3-usb-c-does-it-all\" target=\"_blank\" rel=\"noopener nofollow\" title=\"\"> Thunderbolt 3-enheter<\/a>. Den fungerer ogs\u00e5 perfekt med USB4-, USB 3.2- og standard USB-C-porter. Enten du kobler til en toppmoderne eGPU via PCIe 4.0 eller bare synkroniserer en mobiltelefon, er ytelsen alltid optimalisert.   <\/p>\n\n<p>Ikke la d\u00e5rligere kabler bli en flaskehals for din avanserte maskinvare og bremse den kreative prosessen din. Du b\u00f8r sikre deg <strong>USB5 Cable 80Gbps 240W<\/strong> i dag for \u00e5 v\u00e6re sikker p\u00e5 at du ligger i forkant av utviklingen. Lagerbeholdningen for denne nestegenerasjons teknologien \u00f8ker raskt, s\u00e5 sl\u00e5 til n\u00e5 for \u00e5 sikre at arbeidsstasjonen din er klar for 80 Gbps-revolusjonen. Opplev det ypperste av hastighet og kraft ved \u00e5 bestille fra v\u00e5r butikk i dag!   <\/p>\n\n<p><\/p>\n","protected":false},"excerpt":{"rendered":"<ul>\n<li><strong>80 Gbps Pro Data<\/strong> - lynrask toveis overf\u00f8ring for store filer.<\/li>\n<li><strong>240 W EPR-lading<\/strong> - full PD 3.1-st\u00f8tte for b\u00e6rbare datamaskiner med h\u00f8y ytelse.<\/li>\n<li><strong>8K@60Hz Visuals<\/strong> - Oppslukende 8K- eller dobbel 4K-skjerm via DisplayPort 2.1.<\/li>\n<li><strong>E-Mark Safety IC<\/strong> - Intelligent brikkesett sikrer stabil, varmeregulert str\u00f8m.<\/li>\n<li><strong>Sinklegering og flettet<\/strong> konstruksjon - f\u00f8rsteklasses forsterket design for maksimal holdbarhet.<\/li>\n<\/ul>\n[cg_accordion title=\"BETALINGSINFORMASJON\"]<\/p>\n<p>Vi bruker den nyeste teknologien innen betalingsbehandling, som lar deg betale via Apple Pay, Google Pay, debet- \/ kredittkortet ditt, PayPal eller BNPL-metoder som Klarna, Affirm eller AfterPay for en rask og sikker opplevelse.[\/cg_accordion]\n[cg_accordion title=\"GARANTI\"]<\/p>\n<p>1 \u00e5rs garanti fra <a href=\"https:\/\/droix.net\/\" target=\"_blank\" rel=\"nofollow noopener\">DROIX Global<\/a> for din trygghet[\/cg_accordion]\n[cg_accordion title=\"KVALITETSSIKRING OG TESTING F\u00d8R UTSENDELSE\"]<\/p>\n<p>Sikrer kundetilfredshet p\u00e5 h\u00f8yeste standard: Hver enhet gjennomg\u00e5r strenge tester og en flerpunkts kvalitetssikringskontroll f\u00f8r den sendes. V\u00e5rt dedikerte team verifiserer ytelse, funksjonalitet og komponentintegritet for \u00e5 garantere at AYANEO-enheten din er i perfekt stand ved ankomst, slik at du kan f\u00f8le deg trygg og sikker. [\/cg_accordion]\n[cg_accordion title=\"PRISER, AVGIFTER OG FRAKT\"]<\/p>\n<p><strong><u>Merk:<\/u><\/strong><\/p>\n<ul>\n<li>Kunder i USA: Den viste prisen inkluderer IKKE SKATT eller avgifter. Ansvaret for \u00e5 fortolle og betale eventuelle tilknyttede skatter\/avgifter ligger p\u00e5 kunden. <\/li>\n<li>EU-kunder: Den viste prisen inkluderer gjeldende SKATT, som kan v\u00e6re opptil 25 % avhengig av hvilket land du bor i.<\/li>\n<li>Kunder i Canada: Den viste prisen inkluderer gjeldende avgifter, som kan inkludere 5 % GST og ytterligere provinsiell omsetningsavgift (PST), harmonisert omsetningsavgift (HST) eller Quebec Sales Tax (QST), avhengig av provinsen din.<\/li>\n<\/ul>\n<p>For v\u00e5re kunder i USA: Bestillinger sendes DAP (Delivered At Place). Kundene er ansvarlige for \u00e5 betale eventuelle avgifter, men vi benytter oss av v\u00e5r omfattende erfaring med frakt fra Storbritannia for \u00e5 sikre at du betaler minst mulig. Basert p\u00e5 v\u00e5re registreringer overstiger disse avgiftene vanligvis ikke 10 % av varens verdi.  <\/p>\n<p><strong>KUN for EU-kunder:<\/strong> Express DDP (Delivered Duty Paid). Dette betyr: <\/p>\n<ul>\n<li>Alle tollavgifter og skatter er inkludert i prisen som vises p\u00e5 produktsiden.<\/li>\n<li>Du trenger ikke \u00e5 betale noen ekstra kostnader ved levering.<\/li>\n<li>I sjeldne tilfeller av tollrelaterte problemer vil v\u00e5rt team h\u00e5ndtere fortollingsprosessen p\u00e5 dine vegne for \u00e5 sikre en problemfri leveringsopplevelse.<\/li>\n<p>Viktig informasjon om retur:<\/p>\n<li>Hvis du bestemmer deg for \u00e5 returnere bestillingen eller be om refusjon, m\u00e5 du v\u00e6re oppmerksom p\u00e5 at skatter og avgifter som er betalt p\u00e5 dine vegne i henhold til DDP-vilk\u00e5rene, ikke kan refunderes.<\/li>\n<p>Se v\u00e5re <a href=\"https:\/\/ayaneo.co\/no\/vilkar-for-bruk\/\" target=\"_blank\" rel=\"nofollow noopener\">vilk\u00e5r og betingelser<\/a> for detaljert informasjon.\n<\/ul>\n<p>[\/cg_accordion]\n[cg_accordion title=\"KUNDEST\u00d8TTE\"]<\/p>\n<p>Har du et sp\u00f8rsm\u00e5l? Vi er bare en kort tekstmelding unna \u00e5 l\u00f8se problemet ditt! [\/cg_accordion]\n[cg_accordion title=\"PAKKEN INKLUDERER\"]<\/p>\n<ul>\n<li>1x USB5 Type-C-kabel | 80 Gbps 240W (1 m)<\/li>\n<\/ul>\n<p>[\/cg_accordion]\n","protected":false},"featured_media":45909,"template":"","meta":{"_acf_changed":false},"product_brand":[],"product_cat":[1190],"product_tag":[],"class_list":{"0":"post-47592","1":"product","2":"type-product","3":"status-publish","4":"has-post-thumbnail","6":"product_cat-tilbehor-no","7":"product_shipping_class-low-end","9":"first","10":"instock","11":"sale","12":"taxable","13":"shipping-taxable","14":"purchasable","15":"product-type-simple"},"acf":[],"_links":{"self":[{"href":"https:\/\/ayaneo.co\/no\/wp-json\/wp\/v2\/product\/47592","targetHints":{"allow":["GET"]}}],"collection":[{"href":"https:\/\/ayaneo.co\/no\/wp-json\/wp\/v2\/product"}],"about":[{"href":"https:\/\/ayaneo.co\/no\/wp-json\/wp\/v2\/types\/product"}],"wp:featuredmedia":[{"embeddable":true,"href":"https:\/\/ayaneo.co\/no\/wp-json\/wp\/v2\/media\/45909"}],"wp:attachment":[{"href":"https:\/\/ayaneo.co\/no\/wp-json\/wp\/v2\/media?parent=47592"}],"wp:term":[{"taxonomy":"product_brand","embeddable":true,"href":"https:\/\/ayaneo.co\/no\/wp-json\/wp\/v2\/product_brand?post=47592"},{"taxonomy":"product_cat","embeddable":true,"href":"https:\/\/ayaneo.co\/no\/wp-json\/wp\/v2\/product_cat?post=47592"},{"taxonomy":"product_tag","embeddable":true,"href":"https:\/\/ayaneo.co\/no\/wp-json\/wp\/v2\/product_tag?post=47592"}],"curies":[{"name":"wp","href":"https:\/\/api.w.org\/{rel}","templated":true}]}}