{"id":48701,"date":"2026-05-08T12:11:58","date_gmt":"2026-05-08T12:11:58","guid":{"rendered":"https:\/\/ayaneo.co\/product\/droix-140-w-usb-c-vegglader\/"},"modified":"2026-05-13T11:31:21","modified_gmt":"2026-05-13T11:31:21","slug":"droix-140-w-usb-c-vegglader","status":"publish","type":"product","link":"https:\/\/ayaneo.co\/no\/product\/droix-140-w-usb-c-vegglader\/","title":{"rendered":"DROIX 140 W USB-C-vegglader"},"content":{"rendered":"\n<div class=\"wp-block-columns is-layout-flex wp-container-core-columns-is-layout-28f84493 wp-block-columns-is-layout-flex\">\n<div class=\"wp-block-column is-layout-flow wp-block-column-is-layout-flow\" style=\"flex-basis:33.33%\">\n<figure class=\"wp-block-image size-large\"><a href=\"https:\/\/ayaneo.co\/wp-content\/uploads\/2026\/05\/DROIX-140W-BLACK-DONE-01.png\"><img fetchpriority=\"high\" decoding=\"async\" width=\"1024\" height=\"1024\" src=\"https:\/\/ayaneo.co\/wp-content\/uploads\/2026\/05\/DROIX-140W-BLACK-DONE-01-1024x1024.png\" alt=\"En detaljert produktgjengivelse av to DROIX 140W GaN-veggladere fra ulike perspektiver, vist p&#xE5; en svart bakgrunn. Laderen i forgrunnen er sett forfra fra tre fjerdedeler. Det er en matt svart blokk med den amerikanske sammenleggbare pluggen delvis utstrakt p&#xE5; venstre side. P&#xE5; siden st&#xE5;r det &quot;CHARGER 140W&quot; med en stor &quot;O&quot; og en liten &quot;140&quot; over &quot;O&quot;, og DROIX-logoen under den. Den blanke, svarte fronten har en sentral, sirkul&#xE6;r skjerm med en dynamisk, regnbuefarget ring rundt den hvite teksten &quot;140 W&quot; og et lite, gr&#xF8;nt ladeikon. Under displayet er det en knapp eller en LED-indikator. Bakgrunnsladeren er sett bakfra i trekvartformat, og viser portene og tekstdetaljer. Den viser omfattende tekniske spesifikasjoner og sikkerhetssertifiseringer i flere linjer med liten hvit tekst (f.eks. modellnummer, spennings-\/str&#xF8;mverdier og CE-, FCC- og UKCA-merker). Denne enheten viser sine fire utgangsporter: fra topp til bunn, en oransjefarget USB-A-port merket med liten tekst &quot;22,5W Max&quot;, etterfulgt av tre USB-C-porter merket i rekkef&#xF8;lgen &quot;40W&quot;, &quot;100W&quot; og &quot;140W&quot;. Begge enhetene har ventilasjonsgitter p&#xE5; toppen. Denne sammensetningen gir en omfattende oversikt over laderens merkevarebygging, display og portfunksjoner.          \" class=\"wp-image-47708\" srcset=\"https:\/\/ayaneo.co\/wp-content\/uploads\/2026\/05\/DROIX-140W-BLACK-DONE-01-1024x1024.png 1024w, https:\/\/ayaneo.co\/wp-content\/uploads\/2026\/05\/DROIX-140W-BLACK-DONE-01-300x300.png 300w, https:\/\/ayaneo.co\/wp-content\/uploads\/2026\/05\/DROIX-140W-BLACK-DONE-01-150x150.png 150w, https:\/\/ayaneo.co\/wp-content\/uploads\/2026\/05\/DROIX-140W-BLACK-DONE-01-768x768.png 768w, https:\/\/ayaneo.co\/wp-content\/uploads\/2026\/05\/DROIX-140W-BLACK-DONE-01-65x65.png 65w, https:\/\/ayaneo.co\/wp-content\/uploads\/2026\/05\/DROIX-140W-BLACK-DONE-01-990x990.png 990w, https:\/\/ayaneo.co\/wp-content\/uploads\/2026\/05\/DROIX-140W-BLACK-DONE-01-441x441.png 441w, https:\/\/ayaneo.co\/wp-content\/uploads\/2026\/05\/DROIX-140W-BLACK-DONE-01-100x100.png 100w, https:\/\/ayaneo.co\/wp-content\/uploads\/2026\/05\/DROIX-140W-BLACK-DONE-01-600x600.png 600w, https:\/\/ayaneo.co\/wp-content\/uploads\/2026\/05\/DROIX-140W-BLACK-DONE-01.png 1500w\" sizes=\"(max-width: 1024px) 100vw, 1024px\" \/><\/a><\/figure>\n<\/div>\n\n\n\n<div class=\"wp-block-column is-layout-flow wp-block-column-is-layout-flow\" style=\"flex-basis:66.66%\">\n<h2 class=\"wp-block-heading\"><strong><strong>DROIX 140 W USB-C GaN-vegglader: Den ultimate kraftsentralen med h\u00f8y ytelse<\/strong><\/strong><\/h2>\n\n\n\n<p>DROIX 140 W USB-C-veggladeren er det definitive svaret p\u00e5 &laquo;laderrotet\". Dette kompakte kraftverket er utviklet for neste generasjons str\u00f8mbrukere, og benytter Gallium Nitride (GaN)-halvledere for \u00e5 levere massiv effekt uten \u00e5 m\u00e5tte bruke tradisjonelle silisiumklosser. Enten du presser en <a href=\"https:\/\/ayaneo.co\/no\/product\/ayaneo-3\/\" target=\"_blank\" rel=\"noreferrer noopener\">AYANEO 3<\/a> til det ytterste eller hurtiglader en profesjonell b\u00e6rbar PC, gir denne laderen deg det n\u00f8dvendige takh\u00f8yden for topp ytelse. Si farvel til en veske full av adaptere som ikke passer sammen, og god dag til \u00e9n elegant, h\u00f8yeffektiv l\u00f8sning.   <\/p>\n<\/div>\n<\/div>\n\n<h2 class=\"wp-block-heading has-text-align-center\"><strong>Oppdag hvorfor DROIX 140 W USB-C-veggladeren er din viktigste globale f\u00f8lgesvenn<\/strong><\/h2>\n\n<div class=\"wp-block-columns is-layout-flex wp-container-core-columns-is-layout-28f84493 wp-block-columns-is-layout-flex\">\n<div class=\"wp-block-column is-layout-flow wp-block-column-is-layout-flow\">\n<figure class=\"wp-block-image size-large\"><a href=\"https:\/\/ayaneo.co\/wp-content\/uploads\/2026\/05\/DROIX-140W-MARKETING-DONE-05.jpg\"><img decoding=\"async\" width=\"1024\" height=\"1024\" src=\"https:\/\/ayaneo.co\/wp-content\/uploads\/2026\/05\/DROIX-140W-MARKETING-DONE-05-1024x1024.jpg\" alt=\"Droix 140 W lader med sammenleggbare EU\/US-kontaktalternativer og dimensjoner vist p&#xE5; hvit bakgrunn\" class=\"wp-image-47738\" srcset=\"https:\/\/ayaneo.co\/wp-content\/uploads\/2026\/05\/DROIX-140W-MARKETING-DONE-05-1024x1024.jpg 1024w, https:\/\/ayaneo.co\/wp-content\/uploads\/2026\/05\/DROIX-140W-MARKETING-DONE-05-300x300.jpg 300w, https:\/\/ayaneo.co\/wp-content\/uploads\/2026\/05\/DROIX-140W-MARKETING-DONE-05-150x150.jpg 150w, https:\/\/ayaneo.co\/wp-content\/uploads\/2026\/05\/DROIX-140W-MARKETING-DONE-05-768x768.jpg 768w, https:\/\/ayaneo.co\/wp-content\/uploads\/2026\/05\/DROIX-140W-MARKETING-DONE-05-65x65.jpg 65w, https:\/\/ayaneo.co\/wp-content\/uploads\/2026\/05\/DROIX-140W-MARKETING-DONE-05-990x990.jpg 990w, https:\/\/ayaneo.co\/wp-content\/uploads\/2026\/05\/DROIX-140W-MARKETING-DONE-05-441x441.jpg 441w, https:\/\/ayaneo.co\/wp-content\/uploads\/2026\/05\/DROIX-140W-MARKETING-DONE-05-100x100.jpg 100w, https:\/\/ayaneo.co\/wp-content\/uploads\/2026\/05\/DROIX-140W-MARKETING-DONE-05-600x600.jpg 600w, https:\/\/ayaneo.co\/wp-content\/uploads\/2026\/05\/DROIX-140W-MARKETING-DONE-05.jpg 1500w\" sizes=\"(max-width: 1024px) 100vw, 1024px\" \/><\/a><\/figure>\n<\/div>\n\n\n\n<div class=\"wp-block-column is-layout-flow wp-block-column-is-layout-flow\">\n<figure class=\"wp-block-image size-large\"><a href=\"https:\/\/ayaneo.co\/wp-content\/uploads\/2026\/05\/DROIX-140W-MARKETING-DONE-012.jpg\"><img decoding=\"async\" width=\"1024\" height=\"1024\" src=\"https:\/\/ayaneo.co\/wp-content\/uploads\/2026\/05\/DROIX-140W-MARKETING-DONE-012-1024x1024.jpg\" alt=\"En DROIX 140 W USB-C-vegglader koblet til en stikkontakt og lader fire enheter samtidig, inkludert en b&#xE6;rbar PC, et nettbrett, en smarttelefon og en smartklokke. Bildet fremhever funksjonen &quot;4 enheter lades samtidig&quot; med fire kabler koblet til bunnen av enheten. \" class=\"wp-image-47768\" srcset=\"https:\/\/ayaneo.co\/wp-content\/uploads\/2026\/05\/DROIX-140W-MARKETING-DONE-012-1024x1024.jpg 1024w, https:\/\/ayaneo.co\/wp-content\/uploads\/2026\/05\/DROIX-140W-MARKETING-DONE-012-300x300.jpg 300w, https:\/\/ayaneo.co\/wp-content\/uploads\/2026\/05\/DROIX-140W-MARKETING-DONE-012-150x150.jpg 150w, https:\/\/ayaneo.co\/wp-content\/uploads\/2026\/05\/DROIX-140W-MARKETING-DONE-012-768x768.jpg 768w, https:\/\/ayaneo.co\/wp-content\/uploads\/2026\/05\/DROIX-140W-MARKETING-DONE-012-65x65.jpg 65w, https:\/\/ayaneo.co\/wp-content\/uploads\/2026\/05\/DROIX-140W-MARKETING-DONE-012-990x990.jpg 990w, https:\/\/ayaneo.co\/wp-content\/uploads\/2026\/05\/DROIX-140W-MARKETING-DONE-012-441x441.jpg 441w, https:\/\/ayaneo.co\/wp-content\/uploads\/2026\/05\/DROIX-140W-MARKETING-DONE-012-100x100.jpg 100w, https:\/\/ayaneo.co\/wp-content\/uploads\/2026\/05\/DROIX-140W-MARKETING-DONE-012-600x600.jpg 600w, https:\/\/ayaneo.co\/wp-content\/uploads\/2026\/05\/DROIX-140W-MARKETING-DONE-012.jpg 1500w\" sizes=\"(max-width: 1024px) 100vw, 1024px\" \/><\/a><\/figure>\n<\/div>\n<\/div>\n\n<p class=\"has-text-align-left\">B\u00e6rbarhet er kjernen i designet v\u00e5rt. DROIX 140 W USB-C GaN-lader m\u00e5ler bare 71 mm og er betydelig mindre enn en standard 16-tommers b\u00e6rbar PC, men den har likevel nok muskler til \u00e5 lade en MacBook Pro 16&#8243; med full hastighet. <\/p>\n\n<p class=\"has-text-align-left\">Det innovative snap-on-systemet er en game-changer for internasjonale reiser. Du bytter enkelt mellom britiske, europeiske, amerikanske og australske st\u00f8psler p\u00e5 sekunder. Fra en kaf\u00e9 i London til et hotell i Sydney kan du reise i trygg forvissning om at iPhone 16, iPhone 17 og Nintendo Switch 2 holder seg oppladet og klar til bruk.  <\/p>\n\n<h2 class=\"wp-block-heading has-text-align-center\"><strong>Optimalisert str\u00f8mdistribusjon via DROIX 140 W USB-C-vegglader<\/strong><\/h2>\n\n<div class=\"wp-block-columns is-layout-flex wp-container-core-columns-is-layout-28f84493 wp-block-columns-is-layout-flex\">\n<div class=\"wp-block-column is-layout-flow wp-block-column-is-layout-flow\">\n<figure class=\"wp-block-image size-large\"><a href=\"https:\/\/ayaneo.co\/wp-content\/uploads\/2026\/05\/DROIX-140W-MARKETING-DONE-011.jpg\"><img loading=\"lazy\" decoding=\"async\" width=\"1024\" height=\"1024\" src=\"https:\/\/ayaneo.co\/wp-content\/uploads\/2026\/05\/DROIX-140W-MARKETING-DONE-011-1024x1024.jpg\" alt=\"Et n&#xE6;rbilde av den s&#xF8;lvfargede DROIX 140W-laderen med fire porter og integrert visuell skjerm. Teksten fremhever &quot;140W PD 3.1&quot;-teknologien, og fremhever dens evne til automatisk tilpasning og hurtiglading av b&#xE6;rbare datamaskiner med h&#xF8;y ytelse. \" class=\"wp-image-47798\" srcset=\"https:\/\/ayaneo.co\/wp-content\/uploads\/2026\/05\/DROIX-140W-MARKETING-DONE-011-1024x1024.jpg 1024w, https:\/\/ayaneo.co\/wp-content\/uploads\/2026\/05\/DROIX-140W-MARKETING-DONE-011-300x300.jpg 300w, https:\/\/ayaneo.co\/wp-content\/uploads\/2026\/05\/DROIX-140W-MARKETING-DONE-011-150x150.jpg 150w, https:\/\/ayaneo.co\/wp-content\/uploads\/2026\/05\/DROIX-140W-MARKETING-DONE-011-768x768.jpg 768w, https:\/\/ayaneo.co\/wp-content\/uploads\/2026\/05\/DROIX-140W-MARKETING-DONE-011-65x65.jpg 65w, https:\/\/ayaneo.co\/wp-content\/uploads\/2026\/05\/DROIX-140W-MARKETING-DONE-011-990x990.jpg 990w, https:\/\/ayaneo.co\/wp-content\/uploads\/2026\/05\/DROIX-140W-MARKETING-DONE-011-441x441.jpg 441w, https:\/\/ayaneo.co\/wp-content\/uploads\/2026\/05\/DROIX-140W-MARKETING-DONE-011-100x100.jpg 100w, https:\/\/ayaneo.co\/wp-content\/uploads\/2026\/05\/DROIX-140W-MARKETING-DONE-011-600x600.jpg 600w, https:\/\/ayaneo.co\/wp-content\/uploads\/2026\/05\/DROIX-140W-MARKETING-DONE-011.jpg 1500w\" sizes=\"(max-width: 1024px) 100vw, 1024px\" \/><\/a><\/figure>\n<\/div>\n\n\n\n<div class=\"wp-block-column is-layout-flow wp-block-column-is-layout-flow\">\n<figure class=\"wp-block-image size-large\"><a href=\"https:\/\/ayaneo.co\/wp-content\/uploads\/2026\/05\/DROIX-140W-MARKETING-DONE-09.jpg\"><img loading=\"lazy\" decoding=\"async\" width=\"1024\" height=\"1024\" src=\"https:\/\/ayaneo.co\/wp-content\/uploads\/2026\/05\/DROIX-140W-MARKETING-DONE-09-1024x1024.jpg\" alt=\"En infografikk med tittelen &quot;Smart Visual Charger&quot; som viser de ulike sanntidsvisningsmodusene til DROIX 140W-laderen. Den beskriver grensesnittskjermbildene for effekt per port, total brukstid (88H), termisk helsestatus og dynamiske ladeikoner. \" class=\"wp-image-47828\" srcset=\"https:\/\/ayaneo.co\/wp-content\/uploads\/2026\/05\/DROIX-140W-MARKETING-DONE-09-1024x1024.jpg 1024w, https:\/\/ayaneo.co\/wp-content\/uploads\/2026\/05\/DROIX-140W-MARKETING-DONE-09-300x300.jpg 300w, https:\/\/ayaneo.co\/wp-content\/uploads\/2026\/05\/DROIX-140W-MARKETING-DONE-09-150x150.jpg 150w, https:\/\/ayaneo.co\/wp-content\/uploads\/2026\/05\/DROIX-140W-MARKETING-DONE-09-768x768.jpg 768w, https:\/\/ayaneo.co\/wp-content\/uploads\/2026\/05\/DROIX-140W-MARKETING-DONE-09-65x65.jpg 65w, https:\/\/ayaneo.co\/wp-content\/uploads\/2026\/05\/DROIX-140W-MARKETING-DONE-09-990x990.jpg 990w, https:\/\/ayaneo.co\/wp-content\/uploads\/2026\/05\/DROIX-140W-MARKETING-DONE-09-441x441.jpg 441w, https:\/\/ayaneo.co\/wp-content\/uploads\/2026\/05\/DROIX-140W-MARKETING-DONE-09-100x100.jpg 100w, https:\/\/ayaneo.co\/wp-content\/uploads\/2026\/05\/DROIX-140W-MARKETING-DONE-09-600x600.jpg 600w, https:\/\/ayaneo.co\/wp-content\/uploads\/2026\/05\/DROIX-140W-MARKETING-DONE-09.jpg 1500w\" sizes=\"(max-width: 1024px) 100vw, 1024px\" \/><\/a><\/figure>\n<\/div>\n<\/div>\n\n<p>Ved \u00e5 utnytte avansert GaN-halvlederteknologi oppn\u00e5r denne beste 140 W usb c-laderen bransjeledende effektivitet med betydelig lavere varmeutvikling. Den st\u00f8tter PD 3.1-standarden og er fullt optimalisert for de mest str\u00f8mkrevende enhetene i 2026, inkludert <a href=\"https:\/\/ayaneo.co\/no\/product\/ayaneo-pocket-evo\/\" target=\"_blank\" rel=\"noreferrer noopener\">AYANEO Pocket EVO<\/a> og <a href=\"https:\/\/ayaneo.co\/no\/product\/ayaneo-pocket-s-copy\/\" target=\"_blank\" rel=\"noreferrer noopener\">AYANEO Pocket S2.<\/a> <\/p>\n\n<p>Smart vedlikeholdslading: Bytter automatisk modus ved 80 % kapasitet for \u00e5 bevare batterilevetiden til den dyre maskinvaren din.<\/p>\n\n<p>Termisk fortreffelighet: GaN-arkitekturen minimerer termisk stress, slik at MacBooks og <a href=\"https:\/\/ayaneo.co\/no\/product\/konkr-pocket-fit\/\" target=\"_blank\" rel=\"noreferrer noopener\">KONKR Pocket FIT<\/a> holder seg i toppform i \u00e5revis.<\/p>\n\n<h2 class=\"wp-block-heading has-text-align-center\"><strong><strong>Maskinvarespesifikasjoner og utgangseffekt for DROIX 140 W USB-C-vegglader<\/strong><\/strong><\/h2>\n\n<div class=\"wp-block-columns is-layout-flex wp-container-core-columns-is-layout-28f84493 wp-block-columns-is-layout-flex\">\n<div class=\"wp-block-column is-layout-flow wp-block-column-is-layout-flow\">\n<figure class=\"wp-block-image size-large\"><a href=\"https:\/\/ayaneo.co\/wp-content\/uploads\/2026\/05\/DROIX-140W-MARKETING-DONE-07.jpg\"><img loading=\"lazy\" decoding=\"async\" width=\"1024\" height=\"1024\" src=\"https:\/\/ayaneo.co\/wp-content\/uploads\/2026\/05\/DROIX-140W-MARKETING-DONE-07-1024x1024.jpg\" alt=\"En omfattende teknisk infografikk som beskriver effekten og str&#xF8;mfordelingen til DROIX 140W-laderen. Den &#xF8;verste delen viser maksimal individuell effekt og spenning\/str&#xF8;mstyrke for portene C1 (140 W), C2 (100 W), C3 (40 W) og USB-A (22,5 W). De nederste seksjonene inneholder ti diagrammer som viser n&#xF8;yaktig hvordan effekten deles og fordeles p&#xE5; ulike konfigurasjoner med to, tre og fire porter.  \" class=\"wp-image-47858\" srcset=\"https:\/\/ayaneo.co\/wp-content\/uploads\/2026\/05\/DROIX-140W-MARKETING-DONE-07-1024x1024.jpg 1024w, https:\/\/ayaneo.co\/wp-content\/uploads\/2026\/05\/DROIX-140W-MARKETING-DONE-07-300x300.jpg 300w, https:\/\/ayaneo.co\/wp-content\/uploads\/2026\/05\/DROIX-140W-MARKETING-DONE-07-150x150.jpg 150w, https:\/\/ayaneo.co\/wp-content\/uploads\/2026\/05\/DROIX-140W-MARKETING-DONE-07-768x768.jpg 768w, https:\/\/ayaneo.co\/wp-content\/uploads\/2026\/05\/DROIX-140W-MARKETING-DONE-07-65x65.jpg 65w, https:\/\/ayaneo.co\/wp-content\/uploads\/2026\/05\/DROIX-140W-MARKETING-DONE-07-990x990.jpg 990w, https:\/\/ayaneo.co\/wp-content\/uploads\/2026\/05\/DROIX-140W-MARKETING-DONE-07-441x441.jpg 441w, https:\/\/ayaneo.co\/wp-content\/uploads\/2026\/05\/DROIX-140W-MARKETING-DONE-07-100x100.jpg 100w, https:\/\/ayaneo.co\/wp-content\/uploads\/2026\/05\/DROIX-140W-MARKETING-DONE-07-600x600.jpg 600w, https:\/\/ayaneo.co\/wp-content\/uploads\/2026\/05\/DROIX-140W-MARKETING-DONE-07.jpg 1500w\" sizes=\"(max-width: 1024px) 100vw, 1024px\" \/><\/a><\/figure>\n<\/div>\n\n\n\n<div class=\"wp-block-column is-layout-flow wp-block-column-is-layout-flow\">\n<figure class=\"wp-block-image size-large\"><a href=\"https:\/\/ayaneo.co\/wp-content\/uploads\/2026\/05\/DROIX-140W-MARKETING-DONE-010.jpg\"><img loading=\"lazy\" decoding=\"async\" width=\"1024\" height=\"1024\" src=\"https:\/\/ayaneo.co\/wp-content\/uploads\/2026\/05\/DROIX-140W-MARKETING-DONE-010-1024x1024.jpg\" alt=\"Markedsf&#xF8;ringsgrafikk med tittelen &quot;Forst&#xE5;r dine ladebehov&quot;, som fremhever enhetens 4 utgangsporter (3 USB-C og 1 USB-A). Bildet viser en variert samling av kompatibel elektronikk, inkludert en b&#xE6;rbar PC, nettbrett, en Nintendo Switch, smarttelefoner, tr&#xE5;dl&#xF8;se &#xF8;repropper, en drone og et gimbal-kamera, noe som demonstrerer laderens allsidighet. \" class=\"wp-image-47888\" srcset=\"https:\/\/ayaneo.co\/wp-content\/uploads\/2026\/05\/DROIX-140W-MARKETING-DONE-010-1024x1024.jpg 1024w, https:\/\/ayaneo.co\/wp-content\/uploads\/2026\/05\/DROIX-140W-MARKETING-DONE-010-300x300.jpg 300w, https:\/\/ayaneo.co\/wp-content\/uploads\/2026\/05\/DROIX-140W-MARKETING-DONE-010-150x150.jpg 150w, https:\/\/ayaneo.co\/wp-content\/uploads\/2026\/05\/DROIX-140W-MARKETING-DONE-010-768x768.jpg 768w, https:\/\/ayaneo.co\/wp-content\/uploads\/2026\/05\/DROIX-140W-MARKETING-DONE-010-65x65.jpg 65w, https:\/\/ayaneo.co\/wp-content\/uploads\/2026\/05\/DROIX-140W-MARKETING-DONE-010-990x990.jpg 990w, https:\/\/ayaneo.co\/wp-content\/uploads\/2026\/05\/DROIX-140W-MARKETING-DONE-010-441x441.jpg 441w, https:\/\/ayaneo.co\/wp-content\/uploads\/2026\/05\/DROIX-140W-MARKETING-DONE-010-100x100.jpg 100w, https:\/\/ayaneo.co\/wp-content\/uploads\/2026\/05\/DROIX-140W-MARKETING-DONE-010-600x600.jpg 600w, https:\/\/ayaneo.co\/wp-content\/uploads\/2026\/05\/DROIX-140W-MARKETING-DONE-010.jpg 1500w\" sizes=\"(max-width: 1024px) 100vw, 1024px\" \/><\/a><\/figure>\n<\/div>\n<\/div>\n\n<p>DROIX 140W USB-C-veggladeren har et fleksibelt oppsett med fire porter for \u00e5 takle flere ladeoppgaver samtidig. Den ledende USB-C1-porten gir en toppeffekt p\u00e5 140 W via PD 3.1 og PPS-teknologi for maksimal hastighet. Den andre USB-C2-porten gir dessuten hele 100 W, slik at avanserte b\u00e6rbare datamaskiner kan kj\u00f8re med full kapasitet under intensiv arbeidsbelastning.  <\/p>\n\n<p>I tillegg kan brukerne dra nytte av 40 W USB-C3-porten for mellomstor elektronikk som konsoller eller nettbrett. USB-A-porten st\u00f8tter eldre maskinvare med 22,5 W utgangseffekt ved hjelp av SCP- og QC 3.0-protokoller. Fordi alle fire portene overv\u00e5kes av intelligente sikkerhetssystemer, er maskinvaren din alltid beskyttet mot elektrisk skade. Derfor er DROIX 140W USB-C-veggladeren allment ansett som den mest effektive huben for et oppsett med flere enheter.   <\/p>\n\n<h2 class=\"wp-block-heading has-text-align-center\"><strong>Avansert str\u00f8msporing via DROIX 140 W USB-C-veggladerens integrerte skjerm<\/strong><\/h2>\n\n<p>Hold deg informert med DROIX 140 W USB-C-vegglader, som gir deg viktig ladestatistikk i sanntid. Den integrerte, smarte visuelle visningen gj\u00f8r det enkelt \u00e5 f\u00f8lge med p\u00e5 total wattstyrke og individuell portutgang. I tillegg hjelper &laquo;Time of Use\"-sporeren deg med \u00e5 forst\u00e5 dine personlige bruksvaner over tid. Fordi sikkerheten din kommer f\u00f8rst, viser grensesnittet tydelig n\u00e5r enheten befinner seg i &laquo;Excellent\"-temperatursoner. Du trenger derfor aldri \u00e5 bekymre deg for helsen til de tilkoblede enhetene dine.    <\/p>\n\n<h2 class=\"wp-block-heading has-text-align-center\"><strong><strong>Total sikkerhet: DROIX 140W USB-C-veggladerens flerlagsbeskyttelse<\/strong><\/strong><\/h2>\n\n<p>DROIX 140 W USB-C-vegglader er utviklet med et kompromissl\u00f8st fokus p\u00e5 brukersikkerhet. Enheten har et st\u00f8tsikkert, brannhemmende PC-hus som er utformet for \u00e5 t\u00e5le p\u00e5kjenningene p\u00e5 reise. Avanserte sensorer s\u00f8rger for konstant overv\u00e5king av overspenning, overstr\u00f8m og termiske avvik.  <\/p>\n\n<p>I tillegg er de dyre mobile enhetene dine beskyttet mot potensielle kortslutninger og elektromagnetiske forstyrrelser. Derfor kan du alltid stole p\u00e5 at enheten leverer jevn, ren energi uten risiko for \u00e5 skade f\u00f8lsomme komponenter. Denne omhyggelige oppmerksomheten p\u00e5 sikkerhet gj\u00f8r at du kan lade utstyret ditt med full tillit.  <\/p>\n\n<h2 class=\"wp-block-heading has-text-align-center\"><strong>Oppgrader reisepakken din: Gj\u00f8r krav p\u00e5 din DROIX 140 W USB-C-vegglader n\u00e5<\/strong><\/h2>\n\n<p>Det er p\u00e5 tide \u00e5 forenkle oppsettet ditt. DROIX 140 W USB-C-veggladeren er det eneste verkt\u00f8yet du trenger for \u00e5 holde det profesjonelle kontoret eller elitespillriggen i gang p\u00e5 100 %. P\u00e5 grunn av stor ettersp\u00f8rsel etter denne alt-i-ett GaN-l\u00f8sningen, g\u00e5r lagerbeholdningen raskt.  <\/p>\n\n<p>Oppdag hvordan DROIX 140 W USB-C GaN-veggladeren endrer spillet - og hvordan<strong><a href=\"https:\/\/ayaneo.co\/?p=48198\" target=\"_blank\" rel=\"noreferrer noopener\">Les mer p\u00e5 bloggen v\u00e5r!<\/a><\/strong><\/p>\n","protected":false},"excerpt":{"rendered":"<ul>\n<li><strong>140 W PD 3.1 Power<\/strong> - lader b\u00e6rbare datamaskiner med h\u00f8y ytelse og h\u00e5ndholdte spillenheter i toppfart.<\/li>\n<li><strong>Allsidighet<\/strong> med fire porter - Str\u00f8mforsyner fire enheter samtidig via tre USB-C-porter og \u00e9n USB-A-port.<\/li>\n<li><strong>Visuell visning i<\/strong> sanntid - Overv\u00e5k wattstyrke, termisk status og lademodus i sanntid.<\/li>\n<li><strong>Global Travel System<\/strong> - Inkluderer utskiftbare plug-adaptere for Storbritannia, EU, USA og AUS.<\/li>\n<li><strong>Avansert sikkerhets-IC<\/strong> - Flerlagsbeskyttelse sikrer stabil, varmeregulert str\u00f8m til maskinvaren din.<\/li>\n<\/ul>\n[cg_accordion title=\"BETALINGSINFORMASJON\"]<\/p>\n<p>Vi bruker den nyeste teknologien innen betalingsbehandling, som lar deg betale via Apple Pay, Google Pay, debet- \/ kredittkortet ditt, PayPal eller BNPL-metoder som Klarna, Affirm eller AfterPay for en rask og sikker opplevelse.[\/cg_accordion]\n[cg_accordion title=\"GARANTI\"]<\/p>\n<p>1 \u00e5rs garanti fra <a href=\"https:\/\/droix.net\/\" target=\"_blank\" rel=\"nofollow noopener\">DROIX Global<\/a> for din trygghet[\/cg_accordion]\n[cg_accordion title=\"KVALITETSSIKRING OG TESTING F\u00d8R UTSENDELSE\"]<\/p>\n<p>Sikrer kundetilfredshet p\u00e5 h\u00f8yeste standard: Hver enhet gjennomg\u00e5r strenge tester og en flerpunkts kvalitetssikringskontroll f\u00f8r den sendes. V\u00e5rt dedikerte team verifiserer ytelse, funksjonalitet og komponentintegritet for \u00e5 garantere at AYANEO-enheten din er i perfekt stand ved ankomst, slik at du kan f\u00f8le deg trygg og sikker. [\/cg_accordion]\n[cg_accordion title=\"PRISER, AVGIFTER OG FRAKT\"]<\/p>\n<p><strong><u>Merk:<\/u><\/strong><\/p>\n<ul>\n<li>Kunder i USA: Den viste prisen inkluderer IKKE SKATT eller avgifter. Ansvaret for \u00e5 fortolle og betale eventuelle tilknyttede skatter\/avgifter ligger p\u00e5 kunden. <\/li>\n<li>EU-kunder: Den viste prisen inkluderer gjeldende SKATT, som kan v\u00e6re opptil 25 % avhengig av hvilket land du bor i.<\/li>\n<li>Kunder i Canada: Den viste prisen inkluderer gjeldende avgifter, som kan inkludere 5 % GST og ytterligere provinsiell omsetningsavgift (PST), harmonisert omsetningsavgift (HST) eller Quebec Sales Tax (QST), avhengig av provinsen din.<\/li>\n<\/ul>\n<p>For v\u00e5re kunder i USA: Bestillinger sendes DAP (Delivered At Place). Kundene er ansvarlige for \u00e5 betale eventuelle avgifter, men vi benytter oss av v\u00e5r omfattende erfaring med frakt fra Storbritannia for \u00e5 sikre at du betaler minst mulig. Basert p\u00e5 v\u00e5re registreringer overstiger disse avgiftene vanligvis ikke 10 % av varens verdi.  <\/p>\n<p><strong>KUN for EU-kunder:<\/strong> Express DDP (Delivered Duty Paid). Dette betyr: <\/p>\n<ul>\n<li>Alle tollavgifter og skatter er inkludert i prisen som vises p\u00e5 produktsiden.<\/li>\n<li>Du trenger ikke \u00e5 betale noen ekstra kostnader ved levering.<\/li>\n<li>I sjeldne tilfeller av tollrelaterte problemer vil v\u00e5rt team h\u00e5ndtere fortollingsprosessen p\u00e5 dine vegne for \u00e5 sikre en problemfri leveringsopplevelse.<\/li>\n<p>Viktig informasjon om retur:<\/p>\n<li>Hvis du bestemmer deg for \u00e5 returnere bestillingen eller be om refusjon, m\u00e5 du v\u00e6re oppmerksom p\u00e5 at skatter og avgifter som er betalt p\u00e5 dine vegne i henhold til DDP-vilk\u00e5rene, ikke kan refunderes.<\/li>\n<p>Se v\u00e5re <a href=\"https:\/\/ayaneo.co\/terms-of-service-2\/\" target=\"_blank\" rel=\"nofollow noopener\">vilk\u00e5r og betingelser<\/a> for detaljert informasjon.\n<\/ul>\n<p>[\/cg_accordion]\n[cg_accordion title=\"KUNDEST\u00d8TTE\"]<\/p>\n<p>Har du et sp\u00f8rsm\u00e5l? Vi er bare en kort tekstmelding unna \u00e5 l\u00f8se problemet ditt! [\/cg_accordion]\n[cg_accordion title=\"PAKKEN INKLUDERER\"]<\/p>\n<ul>\n<li>1x DROIX 140 W USB-C-vegglader<\/li>\n<li>1x UK Plug Adapter<\/li>\n<li>1x EU-pluggadapter<\/li>\n<li>1x brukerh\u00e5ndbok<\/li>\n<\/ul>\n<p>[\/cg_accordion]\n","protected":false},"featured_media":47925,"template":"","meta":{"_acf_changed":false},"product_brand":[],"product_cat":[1190],"product_tag":[],"class_list":{"0":"post-48701","1":"product","2":"type-product","3":"status-publish","4":"has-post-thumbnail","6":"product_cat-tilbehor-no","7":"product_shipping_class-standard","9":"first","10":"onbackorder","11":"taxable","12":"shipping-taxable","13":"product-type-simple"},"acf":[],"_links":{"self":[{"href":"https:\/\/ayaneo.co\/no\/wp-json\/wp\/v2\/product\/48701","targetHints":{"allow":["GET"]}}],"collection":[{"href":"https:\/\/ayaneo.co\/no\/wp-json\/wp\/v2\/product"}],"about":[{"href":"https:\/\/ayaneo.co\/no\/wp-json\/wp\/v2\/types\/product"}],"wp:featuredmedia":[{"embeddable":true,"href":"https:\/\/ayaneo.co\/no\/wp-json\/wp\/v2\/media\/47925"}],"wp:attachment":[{"href":"https:\/\/ayaneo.co\/no\/wp-json\/wp\/v2\/media?parent=48701"}],"wp:term":[{"taxonomy":"product_brand","embeddable":true,"href":"https:\/\/ayaneo.co\/no\/wp-json\/wp\/v2\/product_brand?post=48701"},{"taxonomy":"product_cat","embeddable":true,"href":"https:\/\/ayaneo.co\/no\/wp-json\/wp\/v2\/product_cat?post=48701"},{"taxonomy":"product_tag","embeddable":true,"href":"https:\/\/ayaneo.co\/no\/wp-json\/wp\/v2\/product_tag?post=48701"}],"curies":[{"name":"wp","href":"https:\/\/api.w.org\/{rel}","templated":true}]}}