{"id":5959,"date":"2023-03-11T09:26:01","date_gmt":"2023-03-11T09:26:01","guid":{"rendered":"https:\/\/ayaneo.co\/polityka-prywatnosci\/"},"modified":"2024-11-07T16:00:25","modified_gmt":"2024-11-07T16:00:25","slug":"polityka-prywatnosci","status":"publish","type":"page","link":"https:\/\/ayaneo.co\/pl\/polityka-prywatnosci\/","title":{"rendered":"Polityka prywatno\u015bci"},"content":{"rendered":"\n<p>Poni\u017csz\u0105 Polityk\u0119 prywatno\u015bci nale\u017cy traktowa\u0107 zgodnie (w po\u0142\u0105czeniu z), &#8222;jako jedn\u0105\" z <a href=\"https:\/\/ayaneo.co.uk\/terms-of-service\/\" target=\"_blank\" rel=\"noreferrer noopener\">Warunkami<\/a>, <a href=\"https:\/\/ayaneo.co.uk\/refund_returns\/\" target=\"_blank\" rel=\"noreferrer noopener\">Polityk\u0105 zwrot\u00f3w i refundacji<\/a> oraz <a href=\"https:\/\/ayaneo.co.uk\/cookies-policy\/\" target=\"_blank\" rel=\"noreferrer noopener\">Polityk\u0105 plik\u00f3w cookie<\/a>.<\/p>\n\n<ol class=\"wp-block-list\">\n<li>Niniejsze warunki sprzeda\u017cy maj\u0105 zastosowanie do wszystkich towar\u00f3w dostarczanych przez DroiX US Corp (Dostawc\u0119).\n<ol class=\"wp-block-list\">\n<li>W niniejszej umowie odniesienia dotycz\u0105: My (DroiX US Corp) jeste\u015bmy Dostawc\u0105, a U\u017cytkownik (Klient)<\/li>\n<\/ol>\n<\/li>\n<\/ol>\n\n<h2 class=\"wp-block-heading\" id=\"h-navigation\">Nawigacja<\/h2>\n\n<ul class=\"wp-block-list\">\n<li>GROMADZENIE DANYCH<\/li>\n\n\n\n<li>PRZETWARZANIE DANYCH<\/li>\n\n\n\n<li>OCHRONA DANYCH<\/li>\n\n\n\n<li>POLITYKA PRYWATNO\u015aCI<\/li>\n<\/ul>\n\n<h2 class=\"wp-block-heading\" id=\"h-data-collection\">GROMADZENIE DANYCH<\/h2>\n\n<ol class=\"wp-block-list\">\n<li>Dostawca gromadzi dane osobowe u\u017cytkownika podczas zakupu produkt\u00f3w Dostawcy.<\/li>\n\n\n\n<li>Dostawca gromadzi dane osobowe u\u017cytkownika i wszelkich urz\u0105dze\u0144 (w tym urz\u0105dze\u0144 mobilnych), z kt\u00f3rych u\u017cytkownik korzysta podczas: rejestracji konta w naszym serwisie, przekazywania Dostawcy informacji w formularzu internetowym, aktualizacji lub dodawania informacji do konta, uczestnictwa w forum pomocy technicznej lub korespondencji z Dostawc\u0105 w inny spos\u00f3b.\n<ol class=\"wp-block-list\">\n<li>Niekt\u00f3re z tych danych osobowych, takie jak spos\u00f3b identyfikacji u\u017cytkownika, s\u0105 niezb\u0119dne do zaakceptowania Warunk\u00f3w \u015bwiadczenia us\u0142ug przez Dostawc\u0119. Podanie wszystkich innych danych osobowych jest dobrowolne, ale mo\u017ce by\u0107 konieczne do korzystania z naszych Us\u0142ug, takich jak udzia\u0142 w konkursach, losowaniach lub informacje potrzebne do zawarcia transakcji. <\/li>\n<\/ol>\n<\/li>\n\n\n\n<li>Dane osobowe przekazywane Dostawcy podczas dokonywania zakupu lub rejestracji konta u Dostawcy:\n<ol class=\"wp-block-list\">\n<li>Informacje identyfikacyjne, takie jak imi\u0119 i nazwisko, adresy, numery telefon\u00f3w lub adresy e-mail podczas rejestracji konta w naszym serwisie.<\/li>\n\n\n\n<li>Informacje o zam\u00f3wieniach, kt\u00f3re s\u0105 powi\u0105zane z kontem u\u017cytkownika w wyniku transakcji, w kt\u00f3r\u0105 jest on zaanga\u017cowany.<\/li>\n\n\n\n<li>Inne tre\u015bci generowane przez u\u017cytkownika lub powi\u0105zane z jego kontem (takie jak dodawanie produkt\u00f3w do koszyka).<\/li>\n\n\n\n<li>Informacje finansowe (takie jak numery kart kredytowych lub kont bankowych) w zwi\u0105zku z transakcj\u0105.<\/li>\n\n\n\n<li>Informacje pocztowe, rozliczeniowe i inne informacje wykorzystywane do zakupu lub wys\u0142ania przedmiotu oraz odpowiednie informacje pocztowe (takie jak numery \u015bledzenia i aktualizacje \u015bledzenia).<\/li>\n\n\n\n<li>U\u017cytkownik mo\u017ce r\u00f3wnie\u017c przekazywa\u0107 Dostawcy inne informacje za po\u015brednictwem formularza internetowego, aktualizuj\u0105c lub dodaj\u0105c informacje do swojego konta, uczestnicz\u0105c w dyskusjach na forum, \u017c\u0105daniach pomocy technicznej lub w inny spos\u00f3b komunikuj\u0105c si\u0119 z Dostawc\u0105 w sprawie towar\u00f3w i us\u0142ug Dostawcy.<\/li>\n\n\n\n<li>Dodatkowe informacje, do kt\u00f3rych gromadzenia i przetwarzania Dostawca jest zobowi\u0105zany lub upowa\u017cniony na mocy obowi\u0105zuj\u0105cych przepis\u00f3w prawa krajowego w celu uwierzytelnienia lub identyfikacji u\u017cytkownika lub weryfikacji informacji zgromadzonych przez Dostawc\u0119.<\/li>\n<\/ol>\n<\/li>\n\n\n\n<li>Dane osobowe zbierane automatycznie przez Dostawc\u0119 podczas dokonywania zakupu lub rejestracji konta u Dostawcy:\n<ol class=\"wp-block-list\">\n<li>Dostawca gromadzi informacje o interakcji u\u017cytkownika z witryn\u0105 internetow\u0105, preferencjach reklamowych u\u017cytkownika i komunikacji u\u017cytkownika z Dostawc\u0105. S\u0105 to informacje, kt\u00f3re Dostawca otrzymuje z urz\u0105dze\u0144 (w tym urz\u0105dze\u0144 mobilnych) u\u017cywanych przez u\u017cytkownika podczas uzyskiwania dost\u0119pu do cz\u0119\u015bci witryny internetowej Dostawcy. Informacje te mog\u0105 obejmowa\u0107 nast\u0119puj\u0105ce elementy: Identyfikator urz\u0105dzenia lub unikalny identyfikator, typ urz\u0105dzenia, identyfikator dla reklam i unikalny token urz\u0105dzenia.  <\/li>\n\n\n\n<li>Informacje o lokalizacji, w tym informacje o lokalizacji z urz\u0105dzenia mobilnego. Nale\u017cy pami\u0119ta\u0107, \u017ce wi\u0119kszo\u015b\u0107 urz\u0105dze\u0144 mobilnych umo\u017cliwia kontrolowanie lub wy\u0142\u0105czanie korzystania z us\u0142ug lokalizacyjnych przez dowoln\u0105 aplikacj\u0119 na urz\u0105dzeniu mobilnym w menu ustawie\u0144 urz\u0105dzenia. <\/li>\n\n\n\n<li>Informacje o komputerze i po\u0142\u0105czeniu, takie jak statystyki dotycz\u0105ce ods\u0142on stron, ruchu do i z witryn, adres URL odsy\u0142aj\u0105cy, dane reklamowe, adres IP, historia przegl\u0105dania i informacje z dziennika sieciowego.<\/li>\n<\/ol>\n<\/li>\n\n\n\n<li>Dane osobowe gromadzone przez Dostawc\u0119 przy u\u017cyciu plik\u00f3w cookie i podobnych technologii\n<ol class=\"wp-block-list\">\n<li>Dostawca wykorzystuje pliki cookie, sygna\u0142y nawigacyjne w sieci Web, unikalne identyfikatory i podobne technologie w celu gromadzenia informacji o przegl\u0105danych stronach, klikanych linkach i innych dzia\u0142aniach podejmowanych przez u\u017cytkownika podczas przegl\u0105dania strony internetowej Dostawcy, w ramach reklam Dostawcy lub tre\u015bci wiadomo\u015bci e-mail. Wi\u0119cej informacji na temat korzystania z tych technologii i sposobu ich kontrolowania mo\u017cna znale\u017a\u0107 w naszej Polityce dotycz\u0105cej plik\u00f3w cookie <\/li>\n<\/ol>\n<\/li>\n\n\n\n<li>Dane osobowe zebrane z innych \u017ar\u00f3de\u0142\n<ol class=\"wp-block-list\">\n<li>Dostawca uzupe\u0142nia dane osobowe zbierane bezpo\u015brednio przez Dostawc\u0119 informacjami zebranymi od os\u00f3b trzecich i dodaje je do informacji o koncie u\u017cytkownika. Na przyk\u0142ad Dostawca gromadzi i wykorzystuje informacje demograficzne i inne informacje, kt\u00f3re s\u0105 publicznie dost\u0119pne w obowi\u0105zuj\u0105cej jurysdykcji, dodatkowe informacje kontaktowe, informacje z kontroli kredytowej oraz informacje z biur kredytowych, zgodnie z obowi\u0105zuj\u0105cymi przepisami krajowymi. <\/li>\n\n\n\n<li>Media spo\u0142eczno\u015bciowe - Dostawca umo\u017cliwia u\u017cytkownikowi udost\u0119pnianie informacji w serwisach spo\u0142eczno\u015bciowych lub korzystanie z serwis\u00f3w spo\u0142eczno\u015bciowych w celu utworzenia konta lub po\u0142\u0105czenia konta z odpowiednim serwisem spo\u0142eczno\u015bciowym. Te serwisy spo\u0142eczno\u015bciowe mog\u0105 dawa\u0107 Dostawcy automatyczny dost\u0119p do pewnych przechowywanych przez nie danych osobowych u\u017cytkownika (np. tre\u015bci ogl\u0105danych przez u\u017cytkownika, tre\u015bci polubionych przez u\u017cytkownika oraz informacji o reklamach wy\u015bwietlanych lub klikni\u0119tych przez u\u017cytkownika itp.) Je\u015bli u\u017cytkownik zapewni Dostawcy dost\u0119p do dowolnej witryny z tre\u015bciami wideo, u\u017cytkownik zgadza si\u0119, \u017ce Dostawca mo\u017ce udost\u0119pnia\u0107 ogl\u0105dane przez niego materia\u0142y wideo lub uzyskiwa\u0107 informacje o ogl\u0105danych materia\u0142ach wideo z witryn medi\u00f3w spo\u0142eczno\u015bciowych os\u00f3b trzecich przez co najmniej dwa lata lub do momentu wycofania autoryzacji lub po\u0142\u0105czenia z witryn\u0105 medi\u00f3w spo\u0142eczno\u015bciowych. U\u017cytkownik kontroluje dane osobowe, do kt\u00f3rych zezwala Dostawcy na dost\u0119p za po\u015brednictwem ustawie\u0144 prywatno\u015bci w odpowiednim serwisie spo\u0142eczno\u015bciowym oraz uprawnie\u0144 udzielonych Dostawcy podczas udzielania Dostawcy dost\u0119pu do danych osobowych u\u017cytkownika przechowywanych przez odpowiedni serwis spo\u0142eczno\u015bciowy. Poprzez powi\u0105zanie konta zarz\u0105dzanego przez serwis spo\u0142eczno\u015bciowy z kontem u\u017cytkownika i upowa\u017cnienie Dostawcy do dost\u0119pu do tych informacji, u\u017cytkownik wyra\u017ca zgod\u0119 na gromadzenie, wykorzystywanie i przechowywanie przez Dostawc\u0119 informacji dostarczanych przez te serwisy spo\u0142eczno\u015bciowe zgodnie z niniejsz\u0105 informacj\u0105 o ochronie prywatno\u015bci. Dostawca mo\u017ce r\u00f3wnie\u017c korzysta\u0107 z wtyczek lub innych technologii pochodz\u0105cych z r\u00f3\u017cnych serwis\u00f3w spo\u0142eczno\u015bciowych. Klikni\u0119cie \u0142\u0105cza udost\u0119pnionego za po\u015brednictwem wtyczki medi\u00f3w spo\u0142eczno\u015bciowych oznacza dobrowolne nawi\u0105zanie po\u0142\u0105czenia z dan\u0105 witryn\u0105 medi\u00f3w spo\u0142eczno\u015bciowych.      <\/li>\n\n\n\n<li>Je\u015bli u\u017cytkownik przekazuje Dostawcy dane osobowe innej osoby, musi to zrobi\u0107 wy\u0142\u0105cznie za zgod\u0105 tej osoby. U\u017cytkownik powinien poinformowa\u0107 t\u0119 osob\u0119, w jaki spos\u00f3b Dostawca gromadzi, wykorzystuje, ujawnia i przechowuje jej dane osobowe zgodnie z Regulaminem Dostawcy. <\/li>\n<\/ol>\n<\/li>\n\n\n\n<li>Informacje pomagaj\u0105ce Dostawcy w \u015bwiadczeniu us\u0142ug na rzecz u\u017cytkownika.\n<ol class=\"wp-block-list\">\n<li>Dostawca \u015bci\u015ble wsp\u00f3\u0142pracuje z osobami trzecimi, aby pom\u00f3c Dostawcy w \u015bwiadczeniu us\u0142ug na rzecz u\u017cytkownika. Te osoby trzecie s\u0105 partnerami biznesowymi w zakresie us\u0142ug technicznych, p\u0142atniczych i dostawczych, sieci reklamowych, dostawc\u00f3w us\u0142ug analitycznych, dostawc\u00f3w informacji wyszukiwania, biur informacji kredytowej, agencji zapobiegania oszustwom i deweloper\u00f3w. Informacje, kt\u00f3re Dostawca mo\u017ce gromadzi\u0107 na temat u\u017cytkownika od takich stron, mog\u0105 obejmowa\u0107 informacje dotycz\u0105ce wyszukiwania kredytowego, informacje, kt\u00f3re pomagaj\u0105 Dostawcy zweryfikowa\u0107 to\u017csamo\u015b\u0107 u\u017cytkownika lub informacje dotycz\u0105ce transakcji p\u0142atniczych u\u017cytkownika.  <\/li>\n\n\n\n<li>Je\u015bli u\u017cytkownik zezwoli na to Dostawcy, Dostawca b\u0119dzie gromadzi\u0142 listy znajomych z Facebooka i podobne informacje od innych stron trzecich, takich jak Twitter i Google, a Dostawca mo\u017ce okresowo ponownie gromadzi\u0107 te informacje w celu zachowania aktualno\u015bci.<\/li>\n<\/ol>\n<\/li>\n<\/ol>\n\n<h2 class=\"wp-block-heading\" id=\"h-data-processing\">PRZETWARZANIE DANYCH<\/h2>\n\n<ol class=\"wp-block-list\">\n<li>Dostawca b\u0119dzie wykorzystywa\u0142 dane osobowe u\u017cytkownika tylko wtedy, gdy zezwala na to prawo. Najcz\u0119\u015bciej Dostawca mo\u017ce wykorzystywa\u0107 dane osobowe u\u017cytkownika (takie jak przes\u0142ane informacje, informacje o lokalizacji lub informacje o transakcjach) w celu wyrobienia sobie pogl\u0105du na temat tego, co zdaniem Dostawcy mo\u017ce by\u0107 potrzebne u\u017cytkownikowi lub co mo\u017ce go zainteresowa\u0107. <\/li>\n\n\n\n<li>Dostawca b\u0119dzie wykorzystywa\u0142 dane osobowe u\u017cytkownika wy\u0142\u0105cznie do cel\u00f3w, dla kt\u00f3rych Dostawca je zgromadzi\u0142, chyba \u017ce Dostawca zasadnie uzna, \u017ce musi je wykorzysta\u0107 z innego powodu, a pow\u00f3d ten jest zgodny z pierwotnym celem.<\/li>\n\n\n\n<li>Je\u015bli u\u017cytkownik wyrazi na to wyra\u017an\u0105 zgod\u0119, Dostawca mo\u017ce wykorzystywa\u0107 jego Dane identyfikacyjne, Kontaktowe, Techniczne, U\u017cytkowania i\/lub Profilu w celu wyrobienia sobie pogl\u0105du na temat tego, czego zdaniem Dostawcy u\u017cytkownik mo\u017ce chcie\u0107 lub potrzebowa\u0107 lub co mo\u017ce go zainteresowa\u0107. U\u017cytkownik mo\u017ce wycofa\u0107 swoj\u0105 zgod\u0119 w dowolnym momencie. W pewnych ograniczonych okoliczno\u015bciach Dostawca mo\u017ce skontaktowa\u0107 si\u0119 z u\u017cytkownikiem w sprawie podobnych produkt\u00f3w, je\u015bli u\u017cytkownik zakupi\u0142 produkty od Dostawcy i nie zrezygnowa\u0142 z otrzymywania takich informacji.  <\/li>\n\n\n\n<li>Rezygnacja z subskrypcji - U\u017cytkownik mo\u017ce poprosi\u0107 Dostawc\u0119 o zaprzestanie wysy\u0142ania mu wiadomo\u015bci marketingowych w dowolnym momencie, korzystaj\u0105c z link\u00f3w do rezygnacji z subskrypcji znajduj\u0105cych si\u0119 w ka\u017cdej wys\u0142anej do niego wiadomo\u015bci marketingowej lub kontaktuj\u0105c si\u0119 z Dostawc\u0105 w dowolnym momencie. W przypadku rezygnacji z otrzymywania takich wiadomo\u015bci marketingowych, u\u017cytkownik mo\u017ce nadal otrzymywa\u0107 wiadomo\u015bci w innych celach (takich jak dostarczanie mu odpowiednich informacji zwi\u0105zanych z zam\u00f3wieniem lub produktem). <\/li>\n\n\n\n<li>Dostawca mo\u017ce ujawni\u0107 dane zebrane od u\u017cytkownika okre\u015blonym stronom trzecim, kt\u00f3re wykorzystuj\u0105 dane osobowe do \u015bwiadczenia us\u0142ug na rzecz Dostawcy, wykorzystuj\u0105 dane w spos\u00f3b bezpieczny i poufny oraz pod \u015bcis\u0142\u0105 kontrol\u0105 umown\u0105 zgodnie z przepisami o ochronie danych.<\/li>\n\n\n\n<li>U\u017cytkownik mo\u017ce wycofa\u0107 swoj\u0105 zgod\u0119 w dowolnym momencie po udzieleniu wyra\u017anej zgody, kontaktuj\u0105c si\u0119 z Dostawc\u0105<\/li>\n<\/ol>\n\n<h2 class=\"wp-block-heading\" id=\"h-data-protection\">OCHRONA DANYCH<\/h2>\n\n<ol class=\"wp-block-list\">\n<li>Dostawca podejmie wszelkie uzasadnione \u015brodki ostro\u017cno\u015bci w celu zapewnienia bezpiecze\u0144stwa danych zam\u00f3wienia i p\u0142atno\u015bci U\u017cytkownika, ale o ile Dostawca nie dopu\u015bci si\u0119 zaniedbania, Dostawca nie ponosi odpowiedzialno\u015bci za nieuprawniony dost\u0119p do informacji dostarczonych przez U\u017cytkownika.<\/li>\n\n\n\n<li>Dostawca ogranicza dost\u0119p do danych osobowych u\u017cytkownika do tych pracownik\u00f3w, agent\u00f3w, wykonawc\u00f3w i innych os\u00f3b trzecich, kt\u00f3rzy musz\u0105 je zna\u0107 ze wzgl\u0119d\u00f3w biznesowych. B\u0119d\u0105 oni przetwarza\u0107 dane osobowe u\u017cytkownika wy\u0142\u0105cznie na polecenie Dostawcy i podlegaj\u0105 obowi\u0105zkowi zachowania poufno\u015bci. <\/li>\n\n\n\n<li>Dostawca wdro\u017cy\u0142 procedury post\u0119powania w przypadku podejrzenia naruszenia ochrony danych osobowych i powiadomi u\u017cytkownika oraz wszelkie w\u0142a\u015bciwe organy regulacyjne o naruszeniu, w przypadku gdy Dostawca jest do tego prawnie zobowi\u0105zany.<\/li>\n<\/ol>\n\n<h2 class=\"wp-block-heading\" id=\"h-privacy-policy\">POLITYKA PRYWATNO\u015aCI<\/h2>\n\n<ol class=\"wp-block-list\">\n<li>Dostawca nie przechowuje danych kart kredytowych ani nie udost\u0119pnia danych klient\u00f3w \u017cadnym nielegalnym stronom trzecim.<\/li>\n\n\n\n<li>Dostawca b\u0119dzie przechowywa\u0107 dane osobowe u\u017cytkownika wy\u0142\u0105cznie tak d\u0142ugo, jak b\u0119dzie to konieczne do realizacji cel\u00f3w, dla kt\u00f3rych Dostawca je zgromadzi\u0142, w tym w celu spe\u0142nienia wszelkich wymog\u00f3w prawnych, ksi\u0119gowych lub sprawozdawczych.<\/li>\n\n\n\n<li>Dostawca b\u0119dzie zasadniczo przechowywa\u0107 dane naszych klient\u00f3w przez okres 6 (sze\u015bciu) lat po zako\u0144czeniu umowy, aby zapewni\u0107, \u017ce Dostawca b\u0119dzie w stanie pom\u00f3c u\u017cytkownikowi w przypadku jakichkolwiek pyta\u0144 lub opinii dotycz\u0105cych produkt\u00f3w Dostawcy lub w celu ochrony lub obrony naszych praw lub do cel\u00f3w podatkowych.<\/li>\n\n\n\n<li>W przypadku, gdy Dostawca przetwarza\u0142 dane osobowe u\u017cytkownika w celu przekazywania mu informacji marketingowych za jego zgod\u0105, Dostawca mo\u017ce kontaktowa\u0107 si\u0119 z u\u017cytkownikiem co najmniej raz na dwana\u015bcie (12) miesi\u0119cy, aby upewni\u0107 si\u0119, \u017ce u\u017cytkownik wyra\u017ca zgod\u0119 na dalsze otrzymywanie takich informacji. Je\u015bli u\u017cytkownik poinformuje Dostawc\u0119, \u017ce nie chce ju\u017c otrzymywa\u0107 takich wiadomo\u015bci, jego dane osobowe zostan\u0105 usuni\u0119te z list marketingowych Dostawcy (ale zostan\u0105 dodane do listy &#8222;nie kontaktowa\u0107 si\u0119\"). <\/li>\n\n\n\n<li>W przypadku, gdy Dostawca przetwarza\u0142 dane u\u017cytkownika z jakiegokolwiek innego powodu (np. gdy u\u017cytkownik skontaktowa\u0142 si\u0119 z Dostawc\u0105 w zwi\u0105zku z pytaniem dotycz\u0105cym produkt\u00f3w lub us\u0142ug), Dostawca b\u0119dzie przechowywa\u0142 dane u\u017cytkownika przez okres dwunastu (12) miesi\u0119cy.<\/li>\n\n\n\n<li>W niekt\u00f3rych okoliczno\u015bciach Dostawca mo\u017ce zanonimizowa\u0107 dane osobowe u\u017cytkownika (aby nie mo\u017cna ich by\u0142o ju\u017c powi\u0105za\u0107 z u\u017cytkownikiem) do cel\u00f3w badawczych lub statystycznych, w kt\u00f3rym to przypadku Dostawca mo\u017ce wykorzystywa\u0107 te informacje przez czas nieokre\u015blony bez dalszego powiadamiania u\u017cytkownika.<\/li>\n\n\n\n<li>W pewnych okoliczno\u015bciach u\u017cytkownikowi przys\u0142uguj\u0105 prawa wynikaj\u0105ce z przepis\u00f3w o ochronie danych w odniesieniu do jego danych osobowych. Prawa te zosta\u0142y wyszczeg\u00f3lnione poni\u017cej: \n<ol class=\"wp-block-list\">\n<li>\u017b\u0105danie dost\u0119pu do swoich danych osobowych (powszechnie znane jako &#8222;\u017c\u0105danie dost\u0119pu osoby, kt\u00f3rej dane dotycz\u0105\"). Umo\u017cliwia to otrzymanie kopii danych osobowych przechowywanych przez Dostawc\u0119 i sprawdzenie, czy Dostawca przetwarza je zgodnie z prawem. <\/li>\n\n\n\n<li>\u017b\u0105danie korekty danych osobowych u\u017cytkownika przechowywanych przez Dostawc\u0119. Umo\u017cliwia to skorygowanie wszelkich niekompletnych lub niedok\u0142adnych danych przechowywanych przez Dostawc\u0119 na temat u\u017cytkownika, chocia\u017c Dostawca mo\u017ce by\u0107 zobowi\u0105zany do zweryfikowania dok\u0142adno\u015bci nowych danych przekazanych Dostawcy przez u\u017cytkownika. <\/li>\n\n\n\n<li>\u017b\u0105danie usuni\u0119cia danych osobowych. Umo\u017cliwia to u\u017cytkownikowi zwr\u00f3cenie si\u0119 do Dostawcy o usuni\u0119cie danych osobowych, je\u015bli nie ma uzasadnionego powodu, aby Dostawca nadal je przetwarza\u0142. U\u017cytkownik ma r\u00f3wnie\u017c prawo za\u017c\u0105da\u0107 od Dostawcy usuni\u0119cia swoich danych osobowych w przypadku, gdy skutecznie skorzysta\u0142 z prawa do sprzeciwu wobec przetwarzania, gdy Dostawca m\u00f3g\u0142 przetwarza\u0107 jego dane niezgodnie z prawem lub gdy Dostawca jest zobowi\u0105zany do usuni\u0119cia jego danych osobowych w celu zachowania zgodno\u015bci z lokalnym prawem. Nale\u017cy jednak pami\u0119ta\u0107, \u017ce Dostawca mo\u017ce nie zawsze by\u0107 w stanie spe\u0142ni\u0107 \u017c\u0105danie usuni\u0119cia danych z okre\u015blonych przyczyn prawnych, o kt\u00f3rych u\u017cytkownik zostanie poinformowany, w stosownych przypadkach, w momencie sk\u0142adania \u017c\u0105dania.   <\/li>\n\n\n\n<li>Sprzeciwu wobec przetwarzania danych osobowych, w przypadku gdy Dostawca opiera si\u0119 na uzasadnionym interesie (lub interesie strony trzeciej), a szczeg\u00f3lna sytuacja u\u017cytkownika sprawia, \u017ce chce on sprzeciwi\u0107 si\u0119 przetwarzaniu na tej podstawie, poniewa\u017c uwa\u017ca, \u017ce ma to wp\u0142yw na jego podstawowe prawa i wolno\u015bci. U\u017cytkownik ma r\u00f3wnie\u017c prawo sprzeciwi\u0107 si\u0119 przetwarzaniu jego danych osobowych przez Dostawc\u0119 do cel\u00f3w marketingu bezpo\u015bredniego. W niekt\u00f3rych przypadkach Dostawca mo\u017ce wykaza\u0107, \u017ce ma wa\u017cne i uzasadnione podstawy do przetwarzania danych u\u017cytkownika, kt\u00f3re s\u0105 nadrz\u0119dne wobec jego praw i wolno\u015bci.  <\/li>\n\n\n\n<li>\u017b\u0105danie ograniczenia przetwarzania danych osobowych. Umo\u017cliwia to u\u017cytkownikowi zwr\u00f3cenie si\u0119 do Dostawcy o zawieszenie przetwarzania jego danych osobowych w nast\u0119puj\u0105cych sytuacjach: je\u015bli u\u017cytkownik chce, aby Dostawca ustali\u0142 dok\u0142adno\u015b\u0107 danych; je\u015bli wykorzystanie danych przez Dostawc\u0119 jest niezgodne z prawem, ale u\u017cytkownik nie chce, aby Dostawca je usun\u0105\u0142; je\u015bli u\u017cytkownik potrzebuje, aby Dostawca przechowywa\u0142 dane, nawet je\u015bli Dostawca ju\u017c ich nie potrzebuje, poniewa\u017c s\u0105 one potrzebne do ustalenia, wykonania lub obrony roszcze\u0144 prawnych; lub je\u015bli u\u017cytkownik sprzeciwi\u0142 si\u0119 wykorzystywaniu jego danych przez Dostawc\u0119, ale Dostawca musi sprawdzi\u0107, czy Dostawca ma nadrz\u0119dne uzasadnione podstawy do ich wykorzystywania. <\/li>\n\n\n\n<li>\u017b\u0105dania przekazania danych osobowych u\u017cytkownika (jako osoby, kt\u00f3rej dane dotycz\u0105) u\u017cytkownikowi lub osobie trzeciej. Wycofania zgody w dowolnym momencie, gdy Dostawca polega na zgodzie na przetwarzanie danych osobowych u\u017cytkownika. Nie wp\u0142ynie to jednak na zgodno\u015b\u0107 z prawem przetwarzania dokonanego przed wycofaniem zgody. Je\u015bli u\u017cytkownik wycofa swoj\u0105 zgod\u0119, Dostawca mo\u017ce nie by\u0107 w stanie dostarczy\u0107 mu okre\u015blonych produkt\u00f3w lub us\u0142ug. Dostawca poinformuje u\u017cytkownika o takim przypadku w momencie wycofania zgody. Je\u015bli u\u017cytkownik chce skorzysta\u0107 z kt\u00f3regokolwiek z praw okre\u015blonych powy\u017cej, powinien skontaktowa\u0107 si\u0119 bezpo\u015brednio z Dostawc\u0105 za po\u015brednictwem jego danych kontaktowych.     <\/li>\n\n\n\n<li>Zazwyczaj nie jest wymagana \u017cadna op\u0142ata, a u\u017cytkownik nie b\u0119dzie musia\u0142 uiszcza\u0107 op\u0142aty za dost\u0119p do swoich danych osobowych (ani za skorzystanie z innych praw). Dostawca mo\u017ce jednak naliczy\u0107 uzasadnion\u0105 op\u0142at\u0119, je\u015bli \u017c\u0105danie u\u017cytkownika jest wyra\u017anie nieuzasadnione, powtarzalne lub nadmierne. Alternatywnie, Dostawca mo\u017ce odm\u00f3wi\u0107 spe\u0142nienia \u017c\u0105dania u\u017cytkownika w takich okoliczno\u015bciach.  <\/li>\n<\/ol>\n<\/li>\n\n\n\n<li>Dostawca mo\u017ce za\u017c\u0105da\u0107 od u\u017cytkownika okre\u015blonych informacji, aby pom\u00f3c mu potwierdzi\u0107 to\u017csamo\u015b\u0107 u\u017cytkownika i zapewni\u0107 mu prawo dost\u0119pu do jego danych osobowych (lub skorzystania z innych przys\u0142uguj\u0105cych mu praw). Jest to \u015brodek bezpiecze\u0144stwa maj\u0105cy na celu zapewnienie, \u017ce dane osobowe nie zostan\u0105 ujawnione \u017cadnej osobie, kt\u00f3ra nie ma prawa ich otrzyma\u0107. Dostawca mo\u017ce r\u00f3wnie\u017c skontaktowa\u0107 si\u0119 z u\u017cytkownikiem, aby poprosi\u0107 go o dalsze informacje w zwi\u0105zku z jego \u017c\u0105daniem w celu przyspieszenia odpowiedzi Dostawcy.  <\/li>\n\n\n\n<li>U\u017cytkownik ma prawo w dowolnym momencie z\u0142o\u017cy\u0107 skarg\u0119 do ICO, brytyjskiego organu nadzorczego zajmuj\u0105cego si\u0119 kwestiami ochrony danych (pod adresem www.ico.org.uk). Dostawca b\u0119dzie jednak wdzi\u0119czny za mo\u017cliwo\u015b\u0107 rozwiania w\u0105tpliwo\u015bci u\u017cytkownika przed zwr\u00f3ceniem si\u0119 do ICO, dlatego w pierwszej kolejno\u015bci prosimy o kontakt z nami. <\/li>\n<\/ol>\n\n<p>Ostatnia aktualizacja polityki prywatno\u015bci: 11 Marzec, 2023 - 9:25PM.<\/p>\n","protected":false},"excerpt":{"rendered":"<p>Poni\u017csz\u0105 Polityk\u0119 prywatno\u015bci nale\u017cy traktowa\u0107 zgodnie (w po\u0142\u0105czeniu z), &#8222;jako jedn\u0105\" z Warunkami, Polityk\u0105 zwrot\u00f3w i refundacji oraz Polityk\u0105 plik\u00f3w cookie. Nawigacja GROMADZENIE DANYCH PRZETWARZANIE DANYCH OCHRONA DANYCH POLITYKA PRYWATNO\u015aCI Ostatnia aktualizacja polityki prywatno\u015bci: 11 Marzec, 2023 - 9:25PM.<\/p>\n","protected":false},"author":1,"featured_media":0,"parent":0,"menu_order":0,"comment_status":"closed","ping_status":"closed","template":"","meta":{"_acf_changed":false,"footnotes":""},"class_list":["post-5959","page","type-page","status-publish","hentry"],"acf":[],"_links":{"self":[{"href":"https:\/\/ayaneo.co\/pl\/wp-json\/wp\/v2\/pages\/5959","targetHints":{"allow":["GET"]}}],"collection":[{"href":"https:\/\/ayaneo.co\/pl\/wp-json\/wp\/v2\/pages"}],"about":[{"href":"https:\/\/ayaneo.co\/pl\/wp-json\/wp\/v2\/types\/page"}],"author":[{"embeddable":true,"href":"https:\/\/ayaneo.co\/pl\/wp-json\/wp\/v2\/users\/1"}],"replies":[{"embeddable":true,"href":"https:\/\/ayaneo.co\/pl\/wp-json\/wp\/v2\/comments?post=5959"}],"version-history":[{"count":0,"href":"https:\/\/ayaneo.co\/pl\/wp-json\/wp\/v2\/pages\/5959\/revisions"}],"wp:attachment":[{"href":"https:\/\/ayaneo.co\/pl\/wp-json\/wp\/v2\/media?parent=5959"}],"curies":[{"name":"wp","href":"https:\/\/api.w.org\/{rel}","templated":true}]}}