{"id":11479,"date":"2025-03-17T09:44:54","date_gmt":"2025-03-17T09:44:54","guid":{"rendered":"https:\/\/ayaneo.co\/product\/ayaneo-multi-station-grafitowo-czarny\/"},"modified":"2026-01-06T00:28:48","modified_gmt":"2026-01-06T00:28:48","slug":"ayaneo-multi-station-grafitowo-czarny","status":"publish","type":"product","link":"https:\/\/ayaneo.co\/pl\/product\/ayaneo-multi-station-grafitowo-czarny\/","title":{"rendered":"AYANEO MULTI STATION - grafitowo-czarny"},"content":{"rendered":"\n<p><span data-contrast=\"none\"><strong>Stacja dokuj\u0105caAYANEO Multi<\/strong> uwalnia pe\u0142ny potencja\u0142 AYA NEO dzi\u0119ki \u0142atwemu w u\u017cyciu systemowi dokuj\u0105cemu z wieloma portami rozszerze\u0144.  <\/span><\/p>\n\n<p><span data-contrast=\"none\"><strong>Stacja dokuj\u0105ca<\/strong> AYANEO Multi jest <strong>dost\u0119pna w kolorze<\/strong> grafitowo-czarnym. Obs\u0142uguje <strong>wszystkie modele AYANEO <\/strong> dzi\u0119ki opatentowanej wtyczce bazowej, kt\u00f3r\u0105 mo\u017cna przesuwa\u0107, aby dostosowa\u0107 si\u0119 do nieco innych lokalizacji portu USB typu C w ka\u017cdym modelu.   <\/span><\/p>\n\n<p><span data-contrast=\"none\">Mierz\u0105ca oko\u0142o<strong> 5,9 x 2,7 x 1,45 cala (15,1 x 7,0 x 3,7 cm) i wa\u017c\u0105ca oko\u0142o 200 g,<\/strong> stacja dokuj\u0105ca AYANEO Multi zajmuje minimaln\u0105 ilo\u015b\u0107 miejsca na biurku, pozostaj\u0105c na nim bezpieczna i obs\u0142uguj\u0105c jednocze\u015bnie osiem port\u00f3w rozszerze\u0144.<\/span><span data-ccp-props=\"{\"> <\/span><\/p>\n\n<p><span data-contrast=\"none\">Z ty\u0142u stacji dokuj\u0105cej AYANEO Multi, od lewej do prawej, znajduje si\u0119 z\u0142\u0105cze <\/span><a href=\"https:\/\/en.wikipedia.org\/wiki\/USB-C\" target=\"_blank\" rel=\"noopener\"><span data-contrast=\"none\">USB Type-C<\/span><\/a><span data-contrast=\"none\">  port, kt\u00f3ry mo\u017ce by\u0107 u\u017cywany do urz\u0105dze\u0144 peryferyjnych, takich jak zewn\u0119trzny dysk twardy. Dost\u0119pne s\u0105 dwa porty   <\/span><a href=\"https:\/\/www.viewsonic.com\/library\/tech\/usb-c-usb-b-and-usb-a-whats-the-difference\/\" target=\"_blank\" rel=\"noopener\"><span data-contrast=\"none\">USB-A<\/span><\/a><span data-contrast=\"none\">  port\u00f3w, kt\u00f3re mo\u017cna wykorzysta\u0107 na przyk\u0142ad do pod\u0142\u0105czenia myszy i klawiatury. Drugi port USB typu C s\u0142u\u017cy do zasilania stacji dokuj\u0105cej i mo\u017ce r\u00f3wnie\u017c \u0142adowa\u0107 pod\u0142\u0105czone modele AYANEO. <\/span><span data-ccp-props=\"{\"> <\/span><\/p>\n\n<p><span data-contrast=\"none\">HDMI <\/span><a href=\"https:\/\/en.wikipedia.org\/wiki\/HDMI\" target=\"_blank\" rel=\"noopener\"><span data-contrast=\"none\">HDMI<\/span><\/a><span data-contrast=\"none\">  Port 2.0b mo\u017ce by\u0107 u\u017cywany do przesy\u0142ania sygna\u0142u wideo ze strony AYANEO do telewizora lub monitora. <strong>Obs\u0142uguje do 4K przy 60 Hz<\/strong>. Gigabit   <\/span><a href=\"https:\/\/en.wikipedia.org\/wiki\/Ethernet\" target=\"_blank\" rel=\"noopener\"><span data-contrast=\"none\">ethernet<\/span><\/a><span data-contrast=\"none\"> Port Ethernet zapewnia bezpieczny i szybki transfer danych do i ze stacji dokuj\u0105cej AYANEO Multi.<\/span><span data-ccp-props=\"{\"> <\/span><\/p>\n\n<p><span data-contrast=\"none\">Po prawej stronie stacji dokuj\u0105cej AYANEO Multi znajduj\u0105 si\u0119 gniazda kart Micro SD i SD.<\/span><span data-ccp-props=\"{\"> <\/span><\/p>\n\n<p><span data-contrast=\"none\">Stacja dokuj\u0105ca AYANEO Multi jest kompatybilna ze <strong>wszystkimi modelami AYANEO, w tym <\/strong><\/span><strong><a href=\"https:\/\/droix.co.uk\/product\/ayaneo-2\/\" target=\"_blank\" rel=\"noopener\">AYANEO 2<\/a>, AYANEO Geek, <a href=\"https:\/\/droix.co.uk\/product\/ayaneo-air\/\" target=\"_blank\" rel=\"noopener\">AYANEO Air PRO<\/a>, <a href=\"https:\/\/droix.co.uk\/product\/ayaneo-next\/\" target=\"_blank\" rel=\"noopener\">AYANEO NEXT<\/a>, <a href=\"https:\/\/droix.co.uk\/product\/ayaneo-next-pro\/\" target=\"_blank\" rel=\"noopener\">AYANEO Next PRO<\/a>, <a href=\"https:\/\/droix.co.uk\/product\/ayaneo-next\/\" target=\"_blank\" rel=\"noopener\">AYANEO 2021<\/a> i <a href=\"https:\/\/droix.co.uk\/product\/ayaneo-next-pro\/\" target=\"_blank\" rel=\"noopener\">AYANEO 2021 Pro<\/a>. <\/strong> <\/p>\n\n<p><span data-contrast=\"none\"><strong>Stacja dokuj\u0105caAYANEO Multi Docking Station jest idealnym dodatkiem do AYAYNEO<\/strong>, przekszta\u0142caj\u0105c go z gamingowego handhelda w pot\u0119\u017cne rozwi\u0105zanie przypominaj\u0105ce komputer stacjonarny z wszystkimi wymaganymi po\u0142\u0105czeniami.<\/span><span data-ccp-props=\"{\"> <\/span><\/p>\n\n<p>Nasz\u0105 <a href=\"https:\/\/droix.co.uk\/blogs\/ayaneo-docking-station-review\/\" target=\"_blank\" rel=\"noopener\">recenzj\u0119 stacji dokuj\u0105cejAYANEO Multi mo\u017cna przeczyta\u0107 tutaj<\/a>.<\/p>\n\n<figure class=\"wp-block-image aligncenter\"><img decoding=\"async\" src=\"https:\/\/droix.net\/wp-content\/uploads\/2022\/12\/8fb77202211071909143194ready.jpg\" alt=\"\" class=\"wp-image-88164\"\/><\/figure>\n\n<figure class=\"wp-block-image aligncenter\"><img decoding=\"async\" src=\"https:\/\/droix.net\/wp-content\/uploads\/2022\/12\/ea565202211071908508498ready.jpg\" alt=\"\" class=\"wp-image-88174\"\/><\/figure>\n\n<p><\/p>\n","protected":false},"excerpt":{"rendered":"<ul>\n<li><b>Oficjalny produkt AYANEO <\/b><\/li>\n<li><strong>Kompatybilny<\/strong> ze <strong>wszystkimi urz\u0105dzeniami przeno\u015bnymi AYANEO <\/strong><\/li>\n<li><b>Ekskluzywna opatentowana wtyczka bazowa<\/b><\/li>\n<li><strong>Do 8<\/strong> port\u00f3w rozszerze\u0144<\/li>\n<li>Gniazdo kart MicroSD<\/li>\n<\/ul>\n[cg_accordion title=\"INFORMACJE O P\u0141ATNO\u015aCIACH\"]<\/p>\n<p>Korzystamy z najnowszej technologii przetwarzania p\u0142atno\u015bci, kt\u00f3ra umo\u017cliwia dokonywanie p\u0142atno\u015bci za po\u015brednictwem Apple Pay, Google Pay, karty debetowej\/kredytowej, PayPal lub metod BNPL, takich jak Klarna, Affirm lub AfterPay, zapewniaj\u0105c szybkie i bezpieczne do\u015bwiadczenie.[\/cg_accordion]\n[cg_accordion title=\"GWARANCJA\"]<\/p>\n<p>1-letnia gwarancja od <a href=\"https:\/\/droix.net\/\" target=\"_blank\" rel=\"nofollow noopener\">DROIX<\/a> Global dla Twojego spokoju ducha[\/cg_accordion]\n[cg_accordion title=\"ZAPEWNIENIE JAKO\u015aCI I TESTY PRZED WYSY\u0141K\u0104\"]<\/p>\n<p>Zapewnienie satysfakcji klienta na najwy\u017cszym poziomie: Ka\u017cde urz\u0105dzenie przechodzi rygorystyczne testy i wielopunktow\u0105 kontrol\u0119 jako\u015bci przed wysy\u0142k\u0105. Nasz dedykowany zesp\u00f3\u0142 weryfikuje wydajno\u015b\u0107, funkcjonalno\u015b\u0107 i integralno\u015b\u0107 komponent\u00f3w, aby zagwarantowa\u0107, \u017ce urz\u0105dzenie AYANEO b\u0119dzie w idealnym stanie w momencie dostawy, zapewniaj\u0105c pewno\u015b\u0107 i spok\u00f3j ducha. [\/cg_accordion]\n[cg_accordion title=\"CENY, PODATKI I WYSY\u0141KA\"]<\/p>\n<p><strong><u>Uwaga:<\/u><\/strong><\/p>\n<ul>\n<li>Klienci ze Stan\u00f3w Zjednoczonych: Wy\u015bwietlana cena NIE ZAWIERA PODATKU ani c\u0142a. Odpowiedzialno\u015b\u0107 za odpraw\u0119 celn\u0105 i zap\u0142at\u0119 wszelkich powi\u0105zanych podatk\u00f3w \/ ce\u0142 spoczywa na kliencie. <\/li>\n<li>Klienci z UE: Wy\u015bwietlana cena zawiera obowi\u0105zuj\u0105cy PODATEK, kt\u00f3ry mo\u017ce wynosi\u0107 do 25% w zale\u017cno\u015bci od kraju.<\/li>\n<li>Klienci z Kanady: Wy\u015bwietlana cena zawiera obowi\u0105zuj\u0105ce podatki, kt\u00f3re mog\u0105 obejmowa\u0107 5% GST i dodatkowe prowincjonalne podatki od sprzeda\u017cy (PST), zharmonizowany podatek od sprzeda\u017cy (HST) lub podatek od sprzeda\u017cy w Quebecu (QST), w zale\u017cno\u015bci od prowincji.<\/li>\n<\/ul>\n<p><strong>TYLKO dla klient\u00f3w z UE:<\/strong> Express DDP (Delivered Duty Paid). Oznacza to: <\/p>\n<ul>\n<li>Wszystkie op\u0142aty celne i podatki s\u0105 wliczone w cen\u0119 wy\u015bwietlan\u0105 na stronie produktu.<\/li>\n<li>Przy dostawie nie trzeba b\u0119dzie uiszcza\u0107 \u017cadnych dodatkowych op\u0142at.<\/li>\n<li>W rzadkich przypadkach zwi\u0105zanych z kwestiami celnymi nasz zesp\u00f3\u0142 zajmie si\u0119 procesem odprawy celnej w Twoim imieniu, aby zapewni\u0107 sprawn\u0105 dostaw\u0119.<\/li>\n<p>Wa\u017cne informacje dotycz\u0105ce zwrot\u00f3w:<\/p>\n<li>Je\u015bli zdecydujesz si\u0119 zwr\u00f3ci\u0107 zam\u00f3wienie lub za\u017c\u0105da\u0107 zwrotu pieni\u0119dzy, pami\u0119taj, \u017ce podatki i c\u0142a zap\u0142acone w Twoim imieniu zgodnie z warunkami DDP nie mog\u0105 zosta\u0107 zwr\u00f3cone.<\/li>\n<p>Szczeg\u00f3\u0142owe informacje mo\u017cna znale\u017a\u0107 w naszym <a href=\"https:\/\/ayaneo.co\/pl\/warunki-swiadczenia-uslug\/\" target=\"_blank\" rel=\"nofollow noopener\">Regulaminie<\/a>.\n<\/ul>\n<p>[\/cg_accordion]\n[cg_accordion title=\"OBS\u0141UGA KLIENTA\"]<\/p>\n<p>Masz pytanie? Wystarczy kr\u00f3tka wiadomo\u015b\u0107 tekstowa, aby rozwi\u0105za\u0107 Tw\u00f3j problem! [\/cg_accordion]\n[cg_accordion title=\"PAKIET ZAWIERA\"]<\/p>\n<ul>\n<li>1x AYANEO Stacja dokuj\u0105ca<\/li>\n<\/ul>\n<p>[\/cg_accordion]\n","protected":false},"featured_media":10690,"template":"","meta":{"_acf_changed":false},"product_brand":[],"product_cat":[555],"product_tag":[],"class_list":{"0":"post-11479","1":"product","2":"type-product","3":"status-publish","4":"has-post-thumbnail","6":"product_cat-akcesoria","7":"product_shipping_class-low-end","8":"pa_accessory-type-docking-station-pl","9":"pa_brand-ayaneo","10":"pa_compatible-with-ayaneo-2-pl","11":"pa_compatible-with-ayaneo-2021-pl","12":"pa_compatible-with-ayaneo-3-pl","13":"pa_compatible-with-ayaneo-air-pl","14":"pa_compatible-with-ayaneo-geek-pl","16":"first","17":"instock","18":"taxable","19":"shipping-taxable","20":"purchasable","21":"product-type-simple"},"acf":[],"_links":{"self":[{"href":"https:\/\/ayaneo.co\/pl\/wp-json\/wp\/v2\/product\/11479","targetHints":{"allow":["GET"]}}],"collection":[{"href":"https:\/\/ayaneo.co\/pl\/wp-json\/wp\/v2\/product"}],"about":[{"href":"https:\/\/ayaneo.co\/pl\/wp-json\/wp\/v2\/types\/product"}],"wp:featuredmedia":[{"embeddable":true,"href":"https:\/\/ayaneo.co\/pl\/wp-json\/wp\/v2\/media\/10690"}],"wp:attachment":[{"href":"https:\/\/ayaneo.co\/pl\/wp-json\/wp\/v2\/media?parent=11479"}],"wp:term":[{"taxonomy":"product_brand","embeddable":true,"href":"https:\/\/ayaneo.co\/pl\/wp-json\/wp\/v2\/product_brand?post=11479"},{"taxonomy":"product_cat","embeddable":true,"href":"https:\/\/ayaneo.co\/pl\/wp-json\/wp\/v2\/product_cat?post=11479"},{"taxonomy":"product_tag","embeddable":true,"href":"https:\/\/ayaneo.co\/pl\/wp-json\/wp\/v2\/product_tag?post=11479"}],"curies":[{"name":"wp","href":"https:\/\/api.w.org\/{rel}","templated":true}]}}