{"id":11480,"date":"2025-03-18T15:51:48","date_gmt":"2025-03-18T15:51:48","guid":{"rendered":"https:\/\/ayaneo.co\/product\/ayaneo-skorzane-etui-pocket-micro\/"},"modified":"2025-12-02T18:14:54","modified_gmt":"2025-12-02T18:14:54","slug":"ayaneo-skorzane-etui-pocket-micro","status":"publish","type":"product","link":"https:\/\/ayaneo.co\/pl\/product\/ayaneo-skorzane-etui-pocket-micro\/","title":{"rendered":"AYANEO Pocket Micro Leather Case"},"content":{"rendered":"\n<p>Zapewnij swojemu <strong>AYANEO Pocket<\/strong> Micro ochron\u0119, na jak\u0105 zas\u0142uguje dzi\u0119ki temu <strong>luksusowemu sk\u00f3rzanemu et<\/strong>ui! Zaprojektowany z my\u015bl\u0105 o <strong>idealnym dopasowaniu<\/strong>, ten futera\u0142 \u0142\u0105czy w sobie <strong>elegancj\u0119, trwa\u0142o\u015b\u0107 i przeno\u015bno\u015b\u0107<\/strong>, aby zapewni\u0107 bezpiecze\u0144stwo urz\u0105dzenia przy zachowaniu eleganckiego, profesjonalnego wygl\u0105du.<\/p>\n\n<h2 class=\"wp-block-heading\" id=\"h-key-features\"><strong>Kluczowe cechy:<\/strong><\/h2>\n\n<p><strong>Wysokiej jako\u015bci materia\u0142 sk\u00f3rzany<\/strong> - wykonany z wysokiej jako\u015bci sk\u00f3ry dla wyrafinowanego, trwa\u0142ego wyko\u0144czenia.<\/p>\n\n<p><strong>Idealne dopasowanie i bezpieczna ochrona<\/strong> - wykonane na zam\u00f3wienie dla AYANEO Pocket Micro, zapewniaj\u0105ce <strong>dok\u0142adne dopasowanie<\/strong>, kt\u00f3re chroni urz\u0105dzenie przed zadrapaniami, kurzem i drobnymi uderzeniami.<\/p>\n\n<p><strong>Mi\u0119kka wy\u015bci\u00f3\u0142ka wewn\u0119trzna<\/strong> - delikatna dla ekranu i cia\u0142a urz\u0105dzenia, zapobiegaj\u0105ca niechcianym \u015bladom.<\/p>\n\n<p><strong>Lekki i przeno\u015bny<\/strong> - smuk\u0142a konstrukcja u\u0142atwia przenoszenie, zapewniaj\u0105c jednocze\u015bnie maksymaln\u0105 ochron\u0119.<\/p>\n\n<p><strong>Magnetyczne zamkni\u0119cie zapewnia dodatkowe bezpiecze\u0144stwo<\/strong> - gwarantuje, \u017ce urz\u0105dzenie pozostanie bezpiecznie na swoim miejscu, umo\u017cliwiaj\u0105c jednocze\u015bnie szybki dost\u0119p.<\/p>\n\n<p>Ulepsz sw\u00f3j <strong>AYANEO Pocket Micro<\/strong> dzi\u0119ki temu <strong>stylowemu i funkcjonalnemu sk\u00f3rzanemu etui<\/strong> - <strong>ochrona z odrobin\u0105 elegancji!<\/strong> <\/p>\n\n<p><\/p>\n","protected":false},"excerpt":{"rendered":"<ul>\n<li><strong>Oficjalne<\/strong> sk\u00f3rzane etui ochronne AYANEO Pocket Micro<\/li>\n<li><strong>Wysokiej jako\u015bci sk\u00f3ra<\/strong> - elegancka, trwa\u0142a i d\u0142ugowieczna.<\/li>\n<li><strong>Mi\u0119kka wy\u015bci\u00f3\u0142ka wewn\u0119trzna<\/strong> - chroni przed zadrapaniami i kurzem.<\/li>\n<li><strong>Lekka i przeno\u015bna<\/strong> - \u0142atwa do przenoszenia bez zajmowania du\u017co miejsca.<\/li>\n<li><strong>Magnetyczne zamkni\u0119cie<\/strong> - bezpieczny i wygodny dost\u0119p.<\/li>\n<\/ul>\n[cg_accordion title=\"INFORMACJE O P\u0141ATNO\u015aCIACH\"]<\/p>\n<p>Korzystamy z najnowszej technologii przetwarzania p\u0142atno\u015bci, kt\u00f3ra umo\u017cliwia dokonywanie p\u0142atno\u015bci za po\u015brednictwem Apple Pay, Google Pay, karty debetowej\/kredytowej, PayPal lub metod BNPL, takich jak Klarna, Affirm lub AfterPay, zapewniaj\u0105c szybkie i bezpieczne do\u015bwiadczenie.[\/cg_accordion]\n[cg_accordion title=\"GWARANCJA\"]<\/p>\n<p>1-letnia gwarancja od <a href=\"https:\/\/droix.net\/\" target=\"_blank\" rel=\"nofollow noopener\">DROIX<\/a> Global dla Twojego spokoju ducha[\/cg_accordion]\n[cg_accordion title=\"ZAPEWNIENIE JAKO\u015aCI I TESTY PRZED WYSY\u0141K\u0104\"]<\/p>\n<p>Zapewnienie satysfakcji klienta na najwy\u017cszym poziomie: Ka\u017cde urz\u0105dzenie przechodzi rygorystyczne testy i wielopunktow\u0105 kontrol\u0119 jako\u015bci przed wysy\u0142k\u0105. Nasz dedykowany zesp\u00f3\u0142 weryfikuje wydajno\u015b\u0107, funkcjonalno\u015b\u0107 i integralno\u015b\u0107 komponent\u00f3w, aby zagwarantowa\u0107, \u017ce urz\u0105dzenie AYANEO b\u0119dzie w idealnym stanie w momencie dostawy, zapewniaj\u0105c pewno\u015b\u0107 i spok\u00f3j ducha. [\/cg_accordion]\n[cg_accordion title=\"CENY, PODATKI I WYSY\u0141KA\"]<\/p>\n<p><strong><u>Uwaga:<\/u><\/strong><\/p>\n<ul>\n<li>Klienci ze Stan\u00f3w Zjednoczonych: Wy\u015bwietlana cena NIE ZAWIERA PODATKU ani c\u0142a. Odpowiedzialno\u015b\u0107 za odpraw\u0119 celn\u0105 i zap\u0142at\u0119 wszelkich powi\u0105zanych podatk\u00f3w \/ ce\u0142 spoczywa na kliencie. <\/li>\n<li>Klienci z UE: Wy\u015bwietlana cena zawiera obowi\u0105zuj\u0105cy PODATEK, kt\u00f3ry mo\u017ce wynosi\u0107 do 25% w zale\u017cno\u015bci od kraju.<\/li>\n<li>Klienci z Kanady: Wy\u015bwietlana cena zawiera obowi\u0105zuj\u0105ce podatki, kt\u00f3re mog\u0105 obejmowa\u0107 5% GST i dodatkowe prowincjonalne podatki od sprzeda\u017cy (PST), zharmonizowany podatek od sprzeda\u017cy (HST) lub podatek od sprzeda\u017cy w Quebecu (QST), w zale\u017cno\u015bci od prowincji.<\/li>\n<\/ul>\n<p><strong>TYLKO dla klient\u00f3w z UE:<\/strong> Express DDP (Delivered Duty Paid). Oznacza to: <\/p>\n<ul>\n<li>Wszystkie op\u0142aty celne i podatki s\u0105 wliczone w cen\u0119 wy\u015bwietlan\u0105 na stronie produktu.<\/li>\n<li>Przy dostawie nie trzeba b\u0119dzie uiszcza\u0107 \u017cadnych dodatkowych op\u0142at.<\/li>\n<li>W rzadkich przypadkach zwi\u0105zanych z kwestiami celnymi nasz zesp\u00f3\u0142 zajmie si\u0119 procesem odprawy celnej w Twoim imieniu, aby zapewni\u0107 sprawn\u0105 dostaw\u0119.<\/li>\n<p>Wa\u017cne informacje dotycz\u0105ce zwrot\u00f3w:<\/p>\n<li>Je\u015bli zdecydujesz si\u0119 zwr\u00f3ci\u0107 zam\u00f3wienie lub za\u017c\u0105da\u0107 zwrotu pieni\u0119dzy, pami\u0119taj, \u017ce podatki i c\u0142a zap\u0142acone w Twoim imieniu zgodnie z warunkami DDP nie mog\u0105 zosta\u0107 zwr\u00f3cone.<\/li>\n<p>Szczeg\u00f3\u0142owe informacje mo\u017cna znale\u017a\u0107 w naszym <a href=\"https:\/\/ayaneo.co\/pl\/warunki-swiadczenia-uslug\/\" target=\"_blank\" rel=\"nofollow noopener\">Regulaminie<\/a>.\n<\/ul>\n<p>[\/cg_accordion]\n[cg_accordion title=\"OBS\u0141UGA KLIENTA\"]<\/p>\n<p>Masz pytanie? Wystarczy kr\u00f3tka wiadomo\u015b\u0107 tekstowa, aby rozwi\u0105za\u0107 Tw\u00f3j problem! [\/cg_accordion]\n[cg_accordion title=\"PAKIET ZAWIERA\"]<\/p>\n<ul>\n<li>1x AYANEO Pocket Micro Leather Case<\/li>\n<\/ul>\n<p>[\/cg_accordion]\n","protected":false},"featured_media":11031,"template":"","meta":{"_acf_changed":false},"product_brand":[],"product_cat":[555],"product_tag":[],"class_list":{"0":"post-11480","1":"product","2":"type-product","3":"status-publish","4":"has-post-thumbnail","6":"product_cat-akcesoria","7":"product_shipping_class-low-end","8":"pa_accessory-type-protective-case-pl","9":"pa_brand-ayaneo","11":"first","12":"outofstock","13":"sale","14":"taxable","15":"shipping-taxable","16":"purchasable","17":"product-type-variable","18":"has-default-attributes"},"acf":[],"_links":{"self":[{"href":"https:\/\/ayaneo.co\/pl\/wp-json\/wp\/v2\/product\/11480","targetHints":{"allow":["GET"]}}],"collection":[{"href":"https:\/\/ayaneo.co\/pl\/wp-json\/wp\/v2\/product"}],"about":[{"href":"https:\/\/ayaneo.co\/pl\/wp-json\/wp\/v2\/types\/product"}],"wp:featuredmedia":[{"embeddable":true,"href":"https:\/\/ayaneo.co\/pl\/wp-json\/wp\/v2\/media\/11031"}],"wp:attachment":[{"href":"https:\/\/ayaneo.co\/pl\/wp-json\/wp\/v2\/media?parent=11480"}],"wp:term":[{"taxonomy":"product_brand","embeddable":true,"href":"https:\/\/ayaneo.co\/pl\/wp-json\/wp\/v2\/product_brand?post=11480"},{"taxonomy":"product_cat","embeddable":true,"href":"https:\/\/ayaneo.co\/pl\/wp-json\/wp\/v2\/product_cat?post=11480"},{"taxonomy":"product_tag","embeddable":true,"href":"https:\/\/ayaneo.co\/pl\/wp-json\/wp\/v2\/product_tag?post=11480"}],"curies":[{"name":"wp","href":"https:\/\/api.w.org\/{rel}","templated":true}]}}