{"id":11486,"date":"2025-01-29T11:53:38","date_gmt":"2025-01-29T11:53:38","guid":{"rendered":"https:\/\/ayaneo.co\/product\/kabel-usb-4-0-typu-c\/"},"modified":"2025-04-11T12:02:51","modified_gmt":"2025-04-11T12:02:51","slug":"kabel-usb-4-0-typu-c","status":"publish","type":"product","link":"https:\/\/ayaneo.co\/pl\/product\/kabel-usb-4-0-typu-c\/","title":{"rendered":"Kabel USB 4.0 typu C"},"content":{"rendered":"\n<h3 class=\"wp-block-heading\"><strong>Niezr\u00f3wnana \u0142\u0105czno\u015b\u0107 dzi\u0119ki kablowi USB 4.0 Type-C<\/strong><\/h3>\n\n<h4 class=\"wp-block-heading\"><strong>Rewolucja w szybko\u015bci, mocy i precyzji<\/strong><\/h4>\n\n<h4 class=\"wp-block-heading\"><strong>B\u0142yskawiczny transfer danych 40 Gb\/s<\/strong><\/h4>\n\n<p>Odblokuj niezr\u00f3wnan\u0105 wydajno\u015b\u0107 dzi\u0119ki naszemu <strong>kablowi USB 4.0 Type-C<\/strong>, zdolnemu do <strong>b\u0142yskawicznego przesy\u0142ania danych z pr\u0119dko\u015bci\u0105 40 Gb\/s<\/strong>. Po\u017cegnaj si\u0119 z op\u00f3\u017anieniami i przywitaj si\u0119 z szybkim, p\u0142ynnym udost\u0119pnianiem plik\u00f3w - idealnym do du\u017cych obci\u0105\u017ce\u0144, film\u00f3w 4K i szybkich kopii zapasowych. <\/p>\n\n<h4 class=\"wp-block-heading\"><strong>Kompatybilno\u015b\u0107 z Thunderbolt 3 i 4<\/strong><\/h4>\n\n<p><strong>Zgodno\u015b\u0107 ze standardami Thunderbolt 3 i 4<\/strong> zapewnia bezproblemow\u0105 integracj\u0119 z najnowocze\u015bniejszymi urz\u0105dzeniami. Niezale\u017cnie od tego, czy pod\u0142\u0105czasz laptopy, monitory, czy rozwi\u0105zania pami\u0119ci masowej, nasz kabel pozwoli Ci wyprzedzi\u0107 konkurencj\u0119. <\/p>\n\n<h4 class=\"wp-block-heading\"><strong>Power Beyond Limits: 240W PD<\/strong><\/h4>\n\n<p>\u0141aduj szybciej, pracuj d\u0142u\u017cej. Dzi\u0119ki imponuj\u0105cej mocy <strong>240 W Power Delivery<\/strong>, kabel ten gwarantuje szybkie \u0142adowanie nawet najbardziej wymagaj\u0105cych urz\u0105dze\u0144. Od laptop\u00f3w po platformy do gier, do\u015bwiadcz nieprzerwanej wydajno\u015bci i wyd\u0142u\u017conego czasu pracy.  <\/p>\n\n<h4 class=\"wp-block-heading\"><strong>Wizualny blask 8K<\/strong><\/h4>\n\n<p>Zanurz si\u0119 w osza\u0142amiaj\u0105cej czysto\u015bci obrazu dzi\u0119ki obs\u0142udze <strong>rozdzielczo\u015bci 8K przy 60 Hz<\/strong>. Niezale\u017cnie od tego, czy grasz w gry, edytujesz tre\u015bci w wysokiej rozdzielczo\u015bci, czy ogl\u0105dasz rozrywk\u0119 w ultra HD, ka\u017cda klatka jest pe\u0142na realistycznych szczeg\u00f3\u0142\u00f3w i \u017cywych kolor\u00f3w. <\/p>\n\n<h4 class=\"wp-block-heading\"><strong>Innowacyjne monitorowanie zasilania w czasie rzeczywistym<\/strong><\/h4>\n\n<p>Zachowaj kontrol\u0119 dzi\u0119ki <strong>wbudowanemu ekranowi zu\u017cycia energii<\/strong>. Ta przydatna funkcja zapewnia <strong>dane o zu\u017cyciu energii w czasie rzeczywistym<\/strong>, umo\u017cliwiaj\u0105c monitorowanie zu\u017cycia energii przez urz\u0105dzenie w celu inteligentniejszego i bardziej wydajnego \u0142adowania. <\/p>\n\n<h4 class=\"wp-block-heading\"><strong>Zaprojektowany dla Twojej konfiguracji<\/strong><\/h4>\n\n<p>Wybierz idealne dopasowanie do swoich potrzeb dzi\u0119ki naszym elastycznym opcjom d\u0142ugo\u015bci:<\/p>\n\n<ul class=\"wp-block-list\">\n<li><strong>Kabel prosty<\/strong>: Dost\u0119pny w d\u0142ugo\u015bciach <strong>0,8 m<\/strong> i <strong>1,5 m<\/strong>.<\/li>\n\n\n\n<li><strong>Kabel w kszta\u0142cie litery L<\/strong>: Idealny do niewielkich przestrzeni, dost\u0119pny r\u00f3wnie\u017c w rozmiarach <strong>0,8 m<\/strong> i <strong>1,5 m<\/strong>.<\/li>\n<\/ul>\n\n<p>Niezale\u017cnie od tego, czy potrzebujesz swobody ruchu, czy rozwi\u0105zania oszcz\u0119dzaj\u0105cego miejsce, nasz kabel USB 4.0 typu C dostosowuje si\u0119 do ka\u017cdego \u015brodowiska.<\/p>\n\n<h4 class=\"wp-block-heading\"><strong>Najwy\u017csza jako\u015b\u0107 wykonania, bezkompromisowa wydajno\u015b\u0107<\/strong><\/h4>\n\n<p>Zbudowany z precyzj\u0105, kabel ten \u0142\u0105czy w sobie <strong>trwa\u0142o\u015b\u0107, elastyczno\u015b\u0107 i najnowocze\u015bniejsz\u0105 technologi\u0119<\/strong>. Jest to najlepszy wyb\u00f3r dla entuzjast\u00f3w technologii, profesjonalist\u00f3w i graczy, kt\u00f3rzy wymagaj\u0105 najlepszej \u0142\u0105czno\u015bci. <\/p>\n\n<h3 class=\"wp-block-heading\"><strong>Zwi\u0119ksz swoj\u0105 \u0142\u0105czno\u015b\u0107 ju\u017c dzi\u015b<\/strong><\/h3>\n\n<p>Dzi\u0119ki <strong>kablowi USB 4.0 Type-C<\/strong> nie tylko pod\u0142\u0105czasz urz\u0105dzenia - otwierasz \u015bwiat mo\u017cliwo\u015bci. <strong>Przejd\u017a na przysz\u0142o\u015b\u0107 szybko\u015bci, mocy i przejrzysto\u015bci ju\u017c dzi\u015b!<\/strong><\/p>\n","protected":false},"excerpt":{"rendered":"<ul>\n<li>Pr\u0119dko\u015b\u0107 transferu danych <strong>40 Gb\/s<\/strong> <\/li>\n<li>Thunderbolt <strong>3<\/strong> i <strong>4<\/strong><\/li>\n<li>Dostarczanie mocy do <strong>240 W<\/strong> <\/li>\n<li>Obs\u0142uga wyj\u015bcia wideo do <strong>8K przy 60 Hz<\/strong> <\/li>\n<li>Wbudowany <strong>wy\u015bwietlacz mocy<\/strong><\/li>\n<\/ul>\n[cg_accordion title=\"INFORMACJE O P\u0141ATNO\u015aCIACH\"]<\/p>\n<p>Korzystamy z najnowszej technologii przetwarzania p\u0142atno\u015bci, kt\u00f3ra umo\u017cliwia dokonywanie p\u0142atno\u015bci za po\u015brednictwem Apple Pay, Google Pay, karty debetowej\/kredytowej, PayPal lub metod BNPL, takich jak Klarna, Affirm lub AfterPay, zapewniaj\u0105c szybkie i bezpieczne do\u015bwiadczenie.[\/cg_accordion]\n[cg_accordion title=\"GWARANCJA\"]<\/p>\n<p>1-letnia gwarancja od <a href=\"https:\/\/droix.net\/\" target=\"_blank\" rel=\"nofollow noopener\">DROIX<\/a> Global dla Twojego spokoju ducha[\/cg_accordion]\n[cg_accordion title=\"CENY, PODATKI I WYSY\u0141KA\"]<\/p>\n<p><strong><u>Uwaga:<\/u><\/strong><\/p>\n<ul>\n<li>Klienci ze Stan\u00f3w Zjednoczonych: Wy\u015bwietlana cena NIE ZAWIERA PODATKU ani c\u0142a. Odpowiedzialno\u015b\u0107 za odpraw\u0119 celn\u0105 i zap\u0142at\u0119 wszelkich powi\u0105zanych podatk\u00f3w \/ ce\u0142 spoczywa na kliencie. <\/li>\n<li>Klienci z UE: Wy\u015bwietlana cena zawiera obowi\u0105zuj\u0105cy PODATEK, kt\u00f3ry mo\u017ce wynosi\u0107 do 25% w zale\u017cno\u015bci od kraju.<\/li>\n<li>Klienci z Kanady: Wy\u015bwietlana cena zawiera obowi\u0105zuj\u0105ce podatki, kt\u00f3re mog\u0105 obejmowa\u0107 5% GST i dodatkowe prowincjonalne podatki od sprzeda\u017cy (PST), zharmonizowany podatek od sprzeda\u017cy (HST) lub podatek od sprzeda\u017cy w Quebecu (QST), w zale\u017cno\u015bci od prowincji.<\/li>\n<\/ul>\n<p><strong>TYLKO dla klient\u00f3w z UE:<\/strong> Express DDP (Delivered Duty Paid). Oznacza to: <\/p>\n<ul>\n<li>Wszystkie op\u0142aty celne i podatki s\u0105 wliczone w cen\u0119 wy\u015bwietlan\u0105 na stronie produktu.<\/li>\n<li>Przy dostawie nie trzeba b\u0119dzie uiszcza\u0107 \u017cadnych dodatkowych op\u0142at.<\/li>\n<li>W rzadkich przypadkach zwi\u0105zanych z kwestiami celnymi nasz zesp\u00f3\u0142 zajmie si\u0119 procesem odprawy celnej w Twoim imieniu, aby zapewni\u0107 sprawn\u0105 dostaw\u0119.<\/li>\n<p>Wa\u017cne informacje dotycz\u0105ce zwrot\u00f3w:<\/p>\n<li>Je\u015bli zdecydujesz si\u0119 zwr\u00f3ci\u0107 zam\u00f3wienie lub za\u017c\u0105da\u0107 zwrotu pieni\u0119dzy, pami\u0119taj, \u017ce podatki i c\u0142a zap\u0142acone w Twoim imieniu zgodnie z warunkami DDP nie mog\u0105 zosta\u0107 zwr\u00f3cone.<\/li>\n<p>Szczeg\u00f3\u0142owe informacje mo\u017cna znale\u017a\u0107 w naszym <a href=\"https:\/\/ayaneo.co\/terms-of-service-2\/\" target=\"_blank\" rel=\"nofollow noopener\">Regulaminie<\/a>.\n<\/ul>\n<p>[\/cg_accordion]\n[cg_accordion title=\"OBS\u0141UGA KLIENTA\"]<\/p>\n<p>Masz pytanie? Wystarczy kr\u00f3tka wiadomo\u015b\u0107 tekstowa, aby rozwi\u0105za\u0107 Tw\u00f3j problem!<br \/>\n[\/cg_accordion]\n","protected":false},"featured_media":8375,"template":"","meta":{"_acf_changed":false},"product_brand":[],"product_cat":[555],"product_tag":[],"class_list":{"0":"post-11486","1":"product","2":"type-product","3":"status-publish","4":"has-post-thumbnail","6":"product_cat-akcesoria","7":"product_shipping_class-low-end","8":"pa_accessory-type-cable-pl","9":"pa_brand-droix","11":"first","12":"outofstock","13":"sale","14":"taxable","15":"shipping-taxable","16":"purchasable","17":"product-type-variable"},"acf":[],"_links":{"self":[{"href":"https:\/\/ayaneo.co\/pl\/wp-json\/wp\/v2\/product\/11486","targetHints":{"allow":["GET"]}}],"collection":[{"href":"https:\/\/ayaneo.co\/pl\/wp-json\/wp\/v2\/product"}],"about":[{"href":"https:\/\/ayaneo.co\/pl\/wp-json\/wp\/v2\/types\/product"}],"wp:featuredmedia":[{"embeddable":true,"href":"https:\/\/ayaneo.co\/pl\/wp-json\/wp\/v2\/media\/8375"}],"wp:attachment":[{"href":"https:\/\/ayaneo.co\/pl\/wp-json\/wp\/v2\/media?parent=11486"}],"wp:term":[{"taxonomy":"product_brand","embeddable":true,"href":"https:\/\/ayaneo.co\/pl\/wp-json\/wp\/v2\/product_brand?post=11486"},{"taxonomy":"product_cat","embeddable":true,"href":"https:\/\/ayaneo.co\/pl\/wp-json\/wp\/v2\/product_cat?post=11486"},{"taxonomy":"product_tag","embeddable":true,"href":"https:\/\/ayaneo.co\/pl\/wp-json\/wp\/v2\/product_tag?post=11486"}],"curies":[{"name":"wp","href":"https:\/\/api.w.org\/{rel}","templated":true}]}}