{"id":11516,"date":"2025-02-27T10:35:12","date_gmt":"2025-02-27T10:35:12","guid":{"rendered":"https:\/\/ayaneo.co\/product\/ayaneo-magiczne-moduly\/"},"modified":"2025-12-11T00:10:39","modified_gmt":"2025-12-11T00:10:39","slug":"ayaneo-magiczne-moduly","status":"publish","type":"product","link":"https:\/\/ayaneo.co\/pl\/product\/ayaneo-magiczne-moduly\/","title":{"rendered":"AYANEO Magiczne modu\u0142y"},"content":{"rendered":"\n<h2 class=\"wp-block-heading\">AYANEO Magic Modules - przysz\u0142o\u015b\u0107 modu\u0142owych handheld\u00f3w<\/h2>\n\n<p><strong>Modu\u0142yAYANEO Magic Modules<\/strong> na nowo definiuj\u0105 granie na urz\u0105dzeniach przeno\u015bnych, wprowadzaj\u0105c <strong>prawdziwie modu\u0142owy ekosystem<\/strong>, umo\u017cliwiaj\u0105c u\u017cytkownikom <strong>ulepszanie i dostosowywanie ich AYANEO 3<\/strong> za pomoc\u0105 wymiennych, magnetycznie mocowanych akcesori\u00f3w. Zaprojektowane z my\u015bl\u0105 o elastyczno\u015bci, modu\u0142y te <strong>rozszerzaj\u0105 funkcjonalno\u015b\u0107 bez uszczerbku dla przeno\u015bno\u015bci<\/strong>, dzi\u0119ki czemu zmieniaj\u0105 zasady gry zar\u00f3wno dla entuzjast\u00f3w technologii, jak i graczy. <\/p>\n\n<h2 class=\"wp-block-heading\"><strong>Bezszwowa modu\u0142owo\u015b\u0107 magnetyczna<\/strong><\/h2>\n\n<p>Dzi\u0119ki <strong>innowacyjnemu interfejsowi magnetycznemuAYANEO<\/strong>, wymiana modu\u0142\u00f3w nie wymaga wysi\u0142ku, zapewniaj\u0105c <strong>wra\u017cenia plug-and-play<\/strong> dostosowane do Twoich potrzeb. Modu\u0142y Magic pierwszej generacji oferuj\u0105 szereg funkcji, od <strong>ulepszonych opcji wej\u015bciowych<\/strong> po <strong>rozszerzon\u0105 \u0142\u0105czno\u015b\u0107<\/strong>. <\/p>\n\n<h2 class=\"wp-block-heading\"><strong>Zbudowany dla przysz\u0142o\u015bci<\/strong><\/h2>\n\n<p>AYANEO jest pionierem <strong>pierwszego prawdziwie modu\u0142owego handhelda do gier<\/strong>, zapewniaj\u0105c <strong>d\u0142ugoterminow\u0105 wszechstronno\u015b\u0107<\/strong> dzi\u0119ki rozwijaj\u0105cemu si\u0119 ekosystemowi modu\u0142\u00f3w Magic Modules. Niezale\u017cnie od tego, czy jeste\u015b <strong>zapalonym graczem<\/strong>, <strong>kreatywnym profesjonalist\u0105<\/strong>, czy <strong>entuzjast\u0105 technologii<\/strong>, te dodatki pozwalaj\u0105 <strong>dostosowa\u0107 urz\u0105dzenie do r\u00f3\u017cnych scenariuszy bez uszczerbku dla wydajno\u015bci<\/strong>. <\/p>\n\n<h3 class=\"wp-block-heading\"><strong>Przejmij kontrol\u0119 nad swoimi grami przeno\u015bnymi dzi\u0119ki AYANEO Magic Modules!<\/strong><\/h3>\n\n<p><\/p>\n","protected":false},"excerpt":{"rendered":"<ul>\n<li><strong>Modu\u0142owa konstrukcja<\/strong> - wymiana akcesori\u00f3w bez wysi\u0142ku.<\/li>\n<li><strong>Mocowanie magnetyczne<\/strong> - \u0142atwa wymiana typu plug-and-play.<\/li>\n<li><strong>Ulepszone funkcje<\/strong> - Ulepszone wej\u015bcia i \u0142\u0105czno\u015b\u0107.<\/li>\n<li><strong>Przysz\u0142o\u015bciowy<\/strong> - mo\u017cliwo\u015b\u0107 rozbudowy o nowe modu\u0142y.<\/li>\n<li><strong>Przeno\u015bny i wszechstronny<\/strong> - personalizacja bez zb\u0119dnych kilogram\u00f3w.<\/li>\n<\/ul>\n[cg_accordion title=\"INFORMACJE O P\u0141ATNO\u015aCIACH\"]<\/p>\n<p>Korzystamy z najnowszej technologii przetwarzania p\u0142atno\u015bci, kt\u00f3ra umo\u017cliwia dokonywanie p\u0142atno\u015bci za po\u015brednictwem Apple Pay, Google Pay, karty debetowej\/kredytowej, PayPal lub metod BNPL, takich jak Klarna, Affirm lub AfterPay, zapewniaj\u0105c szybkie i bezpieczne do\u015bwiadczenie.[\/cg_accordion]\n[cg_accordion title=\"GWARANCJA\"]<\/p>\n<p>1-letnia gwarancja od <a href=\"https:\/\/droix.net\/\" target=\"_blank\" rel=\"nofollow noopener\">DROIX<\/a> Global dla Twojego spokoju ducha[\/cg_accordion]\n[cg_accordion title=\"ZAPEWNIENIE JAKO\u015aCI I TESTY PRZED WYSY\u0141K\u0104\"]<\/p>\n<p>Zapewnienie satysfakcji klienta na najwy\u017cszym poziomie: Ka\u017cde urz\u0105dzenie przechodzi rygorystyczne testy i wielopunktow\u0105 kontrol\u0119 jako\u015bci przed wysy\u0142k\u0105. Nasz dedykowany zesp\u00f3\u0142 weryfikuje wydajno\u015b\u0107, funkcjonalno\u015b\u0107 i integralno\u015b\u0107 komponent\u00f3w, aby zagwarantowa\u0107, \u017ce urz\u0105dzenie AYANEO b\u0119dzie w idealnym stanie w momencie dostawy, zapewniaj\u0105c pewno\u015b\u0107 i spok\u00f3j ducha. [\/cg_accordion]\n[cg_accordion title=\"CENY, PODATKI I WYSY\u0141KA\"]<\/p>\n<p><strong><u>Uwaga:<\/u><\/strong><\/p>\n<ul>\n<li>Klienci ze Stan\u00f3w Zjednoczonych: Wy\u015bwietlana cena NIE ZAWIERA PODATKU ani c\u0142a. Odpowiedzialno\u015b\u0107 za odpraw\u0119 celn\u0105 i zap\u0142at\u0119 wszelkich powi\u0105zanych podatk\u00f3w \/ ce\u0142 spoczywa na kliencie. <\/li>\n<li>Klienci z UE: Wy\u015bwietlana cena zawiera obowi\u0105zuj\u0105cy PODATEK, kt\u00f3ry mo\u017ce wynosi\u0107 do 25% w zale\u017cno\u015bci od kraju.<\/li>\n<li>Klienci z Kanady: Wy\u015bwietlana cena zawiera obowi\u0105zuj\u0105ce podatki, kt\u00f3re mog\u0105 obejmowa\u0107 5% GST i dodatkowe prowincjonalne podatki od sprzeda\u017cy (PST), zharmonizowany podatek od sprzeda\u017cy (HST) lub podatek od sprzeda\u017cy w Quebecu (QST), w zale\u017cno\u015bci od prowincji.<\/li>\n<\/ul>\n<p><strong>TYLKO dla klient\u00f3w z UE:<\/strong> Express DDP (Delivered Duty Paid). Oznacza to: <\/p>\n<ul>\n<li>Wszystkie op\u0142aty celne i podatki s\u0105 wliczone w cen\u0119 wy\u015bwietlan\u0105 na stronie produktu.<\/li>\n<li>Przy dostawie nie trzeba b\u0119dzie uiszcza\u0107 \u017cadnych dodatkowych op\u0142at.<\/li>\n<li>W rzadkich przypadkach zwi\u0105zanych z kwestiami celnymi nasz zesp\u00f3\u0142 zajmie si\u0119 procesem odprawy celnej w Twoim imieniu, aby zapewni\u0107 sprawn\u0105 dostaw\u0119.<\/li>\n<p>Wa\u017cne informacje dotycz\u0105ce zwrot\u00f3w:<\/p>\n<li>Je\u015bli zdecydujesz si\u0119 zwr\u00f3ci\u0107 zam\u00f3wienie lub za\u017c\u0105da\u0107 zwrotu pieni\u0119dzy, pami\u0119taj, \u017ce podatki i c\u0142a zap\u0142acone w Twoim imieniu zgodnie z warunkami DDP nie mog\u0105 zosta\u0107 zwr\u00f3cone.<\/li>\n<p>Szczeg\u00f3\u0142owe informacje mo\u017cna znale\u017a\u0107 w naszym <a href=\"https:\/\/ayaneo.co\/pl\/warunki-swiadczenia-uslug\/\" target=\"_blank\" rel=\"nofollow noopener\">Regulaminie<\/a>.\n<\/ul>\n<p>[\/cg_accordion]\n[cg_accordion title=\"OBS\u0141UGA KLIENTA\"]<\/p>\n<p>Masz pytanie? Wystarczy kr\u00f3tka wiadomo\u015b\u0107 tekstowa, aby rozwi\u0105za\u0107 Tw\u00f3j problem! [\/cg_accordion]\n[cg_accordion title=\"PAKIET ZAWIERA\"]\n","protected":false},"featured_media":10200,"template":"","meta":{"_acf_changed":false},"product_brand":[],"product_cat":[555],"product_tag":[],"class_list":{"0":"post-11516","1":"product","2":"type-product","3":"status-publish","4":"has-post-thumbnail","6":"product_cat-akcesoria","7":"product_shipping_class-low-end","8":"pa_brand-ayaneo","9":"pa_compatible-with-ayaneo-3-pl","11":"first","12":"instock","13":"sale","14":"taxable","15":"shipping-taxable","16":"purchasable","17":"product-type-variable","18":"has-default-attributes"},"acf":[],"_links":{"self":[{"href":"https:\/\/ayaneo.co\/pl\/wp-json\/wp\/v2\/product\/11516","targetHints":{"allow":["GET"]}}],"collection":[{"href":"https:\/\/ayaneo.co\/pl\/wp-json\/wp\/v2\/product"}],"about":[{"href":"https:\/\/ayaneo.co\/pl\/wp-json\/wp\/v2\/types\/product"}],"wp:featuredmedia":[{"embeddable":true,"href":"https:\/\/ayaneo.co\/pl\/wp-json\/wp\/v2\/media\/10200"}],"wp:attachment":[{"href":"https:\/\/ayaneo.co\/pl\/wp-json\/wp\/v2\/media?parent=11516"}],"wp:term":[{"taxonomy":"product_brand","embeddable":true,"href":"https:\/\/ayaneo.co\/pl\/wp-json\/wp\/v2\/product_brand?post=11516"},{"taxonomy":"product_cat","embeddable":true,"href":"https:\/\/ayaneo.co\/pl\/wp-json\/wp\/v2\/product_cat?post=11516"},{"taxonomy":"product_tag","embeddable":true,"href":"https:\/\/ayaneo.co\/pl\/wp-json\/wp\/v2\/product_tag?post=11516"}],"curies":[{"name":"wp","href":"https:\/\/api.w.org\/{rel}","templated":true}]}}