{"id":11533,"date":"2025-01-29T11:23:32","date_gmt":"2025-01-29T11:23:32","guid":{"rendered":"https:\/\/ayaneo.co\/product\/stacja-dokujaca-sd1\/"},"modified":"2025-04-11T12:03:18","modified_gmt":"2025-04-11T12:03:18","slug":"stacja-dokujaca-sd1","status":"publish","type":"product","link":"https:\/\/ayaneo.co\/pl\/product\/stacja-dokujaca-sd1\/","title":{"rendered":"Stacja dokuj\u0105ca SD1"},"content":{"rendered":"\n<h2 class=\"wp-block-heading\"><strong>Stacja dokuj\u0105ca SD1: Odblokuj prawdziw\u0105 moc gier przeno\u015bnych!<\/strong><\/h2>\n\n<h4 class=\"wp-block-heading\"><strong>Brama do p\u0142ynnej rozgrywki<\/strong><\/h4>\n\n<p><strong>Stacja dokuj\u0105ca SD<\/strong>1 to najlepszy towarzysz dla przeno\u015bnych komputer\u00f3w do gier. Zaprojektowana z my\u015bl\u0105 o graczach, SD1 zwi\u0119ksza wydajno\u015b\u0107, \u0142\u0105czno\u015b\u0107 i wygod\u0119, zapewniaj\u0105c, \u017ce ka\u017cda sesja gry b\u0119dzie bezb\u0142\u0119dna. Od <strong>Steam Deck<\/strong> do <strong>AYA NEO Geek 1S<\/strong>, ta stacja dokuj\u0105ca zapewnia niezr\u00f3wnan\u0105 wszechstronno\u015b\u0107. Wystarczy zadokowa\u0107, pod\u0142\u0105czy\u0107 przez USB Type-C i pozwoli\u0107 SD1 wznie\u015b\u0107 rozgrywk\u0119 na nowy poziom.   <\/p>\n\n<h4 class=\"wp-block-heading\"><strong>B\u0142yskawiczna wydajno\u015b\u0107 Internetu<\/strong><\/h4>\n\n<p>B\u0105d\u017a na czele w ka\u017cdej bitwie dzi\u0119ki <strong>portowi RJ45 Gigabit Ethernet<\/strong> SD1, zapewniaj\u0105cemu niesamowit\u0105 pr\u0119dko\u015b\u0107 do <strong>1000M<\/strong>. Po\u017cegnaj si\u0119 z op\u00f3\u017anieniami i przywitaj si\u0119 z p\u0142ynn\u0105 rozgrywk\u0105 w czasie rzeczywistym. Niezale\u017cnie od tego, czy eksplorujesz rozleg\u0142e \u015bwiaty, czy rywalizujesz w meczach wieloosobowych o wysok\u0105 stawk\u0119, SD1 gwarantuje <strong>stabilne po\u0142\u0105czenie bez zak\u0142\u00f3ce\u0144<\/strong>, gdy ma to najwi\u0119ksze znaczenie.  <\/p>\n\n<h4 class=\"wp-block-heading\"><strong>Wci\u0105gaj\u0105ca grafika 4K<\/strong><\/h4>\n\n<p>Zanurz si\u0119 w osza\u0142amiaj\u0105cych szczeg\u00f3\u0142ach i \u017cywych kolorach dzi\u0119ki <strong>wyj\u015bciu HDMI 2.<\/strong>0 stacji SD1. Obs\u0142uguj\u0105c <strong>rozdzielczo\u015b\u0107 do 4096&#215;2160 przy 60 Hz<\/strong>, ta stacja dokuj\u0105ca zamienia gry w zapieraj\u0105ce dech w piersiach wra\u017cenia wizualne. Ka\u017cda klatka jest wyra\u017ana, p\u0142ynna i pe\u0142na \u017cycia, dzi\u0119ki czemu ulubione tytu\u0142y s\u0105 jeszcze bardziej wci\u0105gaj\u0105ce.  <\/p>\n\n<h4 class=\"wp-block-heading\"><strong>Moc, kt\u00f3ra pozwala gra\u0107<\/strong><\/h4>\n\n<p>Koniec z przerwami w trakcie gry! Dzi\u0119ki <strong>\u0142adowaniu Power Delivery (PD) o mocy 100 W<\/strong>, SD1 zapewnia zasilanie urz\u0105dzenia nawet podczas marato\u0144skich sesji gamingowych. Graj pewnie, wiedz\u0105c, \u017ce Tw\u00f3j przeno\u015bny komputer do gier jest stale na\u0142adowany i gotowy do dzia\u0142ania.  <\/p>\n\n<h4 class=\"wp-block-heading\"><strong>Rozszerz swoj\u0105 konfiguracj\u0119 o wiele port\u00f3w<\/strong><\/h4>\n\n<p>Pod\u0142\u0105cz jak profesjonalista! SD1 jest wyposa\u017cony w <strong>trzy porty USB typu A 3.0<\/strong>, umo\u017cliwiaj\u0105ce pod\u0142\u0105czenie urz\u0105dze\u0144 peryferyjnych, takich jak kontrolery, zestawy s\u0142uchawkowe lub zewn\u0119trzna pami\u0119\u0107 masowa. Ciesz si\u0119 <strong>b\u0142yskawicznym transferem danych<\/strong> i \u0142atw\u0105 wielozadaniowo\u015bci\u0105 bez pl\u0105taniny dodatkowych adapter\u00f3w.  <\/p>\n\n<h4 class=\"wp-block-heading\"><strong>\u0141\u0105czno\u015b\u0107 na wy\u017cszym poziomie<\/strong><\/h4>\n\n<p>Do\u015bwiadcz stabilnych, szybkich po\u0142\u0105cze\u0144 dzi\u0119ki <strong>interfejsowi USB Type-C<\/strong> SD1, zaprojektowanemu z my\u015bl\u0105 o uniwersalnej kompatybilno\u015bci i wydajno\u015bci. Niezale\u017cnie od tego, czy przesy\u0142asz dane, czy zasilasz swoje urz\u0105dzenie, SD1 oferuje kompleksowe rozwi\u0105zanie dla najnowszych przeno\u015bnych urz\u0105dze\u0144 do gier. <\/p>\n\n<h4 class=\"wp-block-heading\"><strong>Najwy\u017cszej jako\u015bci konstrukcja zapewniaj\u0105ca trwa\u0142o\u015b\u0107<\/strong><\/h4>\n\n<p>Wykonana z <strong>wytrzyma\u0142ego szarego<\/strong> aluminium stacja dokuj\u0105ca SD1 jest r\u00f3wnie stylowa, co solidna. Jej elegancki wygl\u0105d idealnie komponuje si\u0119 z ka\u017cd\u0105 konfiguracj\u0105, a <strong>czarne silikonowe podk\u0142ad<\/strong> ki zapewniaj\u0105 dodatkow\u0105 ochron\u0119, zapobiegaj\u0105c zarysowaniom i zapewniaj\u0105c, \u017ce urz\u0105dzenie pozostanie bezpiecznie na swoim miejscu. <\/p>\n\n<h4 class=\"wp-block-heading\"><strong>Wszechstronna kompatybilno\u015b\u0107<\/strong><\/h4>\n\n<p>Stacja dokuj\u0105ca SD1 zosta\u0142a zaprojektowana do obs\u0142ugi szerokiej gamy przeno\u015bnych komputer\u00f3w do gier, co czyni j\u0105 najlepszym akcesorium dla ka\u017cdego gracza. Niezale\u017cnie od tego, czy grasz na <strong>Steam Deck<\/strong>, <strong>GPD WIN 4 2023<\/strong> lub <strong>ONEXPLAYER 2<\/strong>, SD1 zapewnia p\u0142ynn\u0105 integracj\u0119 i zwi\u0119kszon\u0105 wydajno\u015b\u0107. Zosta\u0142 rygorystycznie przetestowany z najlepszymi urz\u0105dzeniami, w tym <strong>ROG Ally<\/strong><strong>AYA NEO 2S<\/strong> i nie tylko.  <\/p>\n\n<hr class=\"wp-block-separator has-alpha-channel-opacity\"\/>\n\n<h3 class=\"wp-block-heading\"><strong>Dlaczego warto wybra\u0107 stacj\u0119 dokuj\u0105c\u0105 SD1?<\/strong><\/h3>\n\n<ul class=\"wp-block-list\">\n<li><strong>Nieprzerwany dost\u0119p do Internetu<\/strong>: Ciesz si\u0119 ultraszybkim i stabilnym po\u0142\u0105czeniem.<\/li>\n\n\n\n<li><strong>Osza\u0142amiaj\u0105cy obraz 4K<\/strong>: Zanurz si\u0119 w \u017cywym, p\u0142ynnym obrazie.<\/li>\n\n\n\n<li><strong>Wydajne \u0142adowanie<\/strong>: Graj godzinami dzi\u0119ki niezawodnemu zasilaniu.<\/li>\n\n\n\n<li><strong>Rozszerzone opcje port\u00f3w<\/strong>: \u0141atwe pod\u0142\u0105czanie wielu urz\u0105dze\u0144 peryferyjnych.<\/li>\n\n\n\n<li><strong>Uniwersalna kompatybilno\u015b\u0107<\/strong>: Dzia\u0142a ze wszystkimi ulubionymi przeno\u015bnymi komputerami do gier.<\/li>\n<\/ul>\n\n<hr class=\"wp-block-separator has-alpha-channel-opacity\"\/>\n\n<h3 class=\"wp-block-heading\"><strong>Przenie\u015b swoj\u0105 rozgrywk\u0119 na wy\u017cszy poziom<\/strong><\/h3>\n\n<p>Dzi\u0119ki stacji dokuj\u0105cej <strong>SD1<\/strong> ka\u017cda gra staje si\u0119 niezapomnianym prze\u017cyciem. Niezale\u017cnie od tego, czy rywalizujesz, odkrywasz, czy przesy\u0142asz strumieniowo, ta stacja dokuj\u0105ca zapewnia narz\u0119dzia do osi\u0105gania najlepszych wynik\u00f3w.   <strong>Zmodernizuj swoj\u0105 konfiguracj\u0119 ju\u017c dzi\u015b i rozpocznij now\u0105 er\u0119 gier przeno\u015bnych.<\/strong><\/p>\n","protected":false},"excerpt":{"rendered":"<ul>\n<li>Stacja dokuj\u0105ca <strong>SD1 <\/strong><\/li>\n<li>Gigabit Ethernet<\/li>\n<li>100W PD USB-C<\/li>\n<li>Wyj\u015bcie HDMI<\/li>\n<li><strong>Kompatybilny z<\/strong> urz\u0105dzeniami przeno\u015bnymi AYANEO i wieloma innymi<\/li>\n<\/ul>\n[cg_accordion title=\"INFORMACJE O P\u0141ATNO\u015aCIACH\"]<\/p>\n<p>Korzystamy z najnowszej technologii przetwarzania p\u0142atno\u015bci, kt\u00f3ra umo\u017cliwia dokonywanie p\u0142atno\u015bci za po\u015brednictwem Apple Pay, Google Pay, karty debetowej\/kredytowej, PayPal lub metod BNPL, takich jak Klarna, Affirm lub AfterPay, zapewniaj\u0105c szybkie i bezpieczne do\u015bwiadczenie.[\/cg_accordion]\n[cg_accordion title=\"GWARANCJA\"]<\/p>\n<p>1-letnia gwarancja od <a href=\"https:\/\/droix.net\/\" target=\"_blank\" rel=\"nofollow noopener\">DROIX<\/a> Global dla Twojego spokoju ducha[\/cg_accordion]\n[cg_accordion title=\"CENY, PODATKI I WYSY\u0141KA\"]<\/p>\n<p><strong><u>Uwaga:<\/u><\/strong><\/p>\n<ul>\n<li>Klienci ze Stan\u00f3w Zjednoczonych: Wy\u015bwietlana cena NIE ZAWIERA PODATKU ani c\u0142a. Odpowiedzialno\u015b\u0107 za odpraw\u0119 celn\u0105 i zap\u0142at\u0119 wszelkich powi\u0105zanych podatk\u00f3w \/ ce\u0142 spoczywa na kliencie. <\/li>\n<li>Klienci z UE: Wy\u015bwietlana cena zawiera obowi\u0105zuj\u0105cy PODATEK, kt\u00f3ry mo\u017ce wynosi\u0107 do 25% w zale\u017cno\u015bci od kraju.<\/li>\n<li>Klienci z Kanady: Wy\u015bwietlana cena zawiera obowi\u0105zuj\u0105ce podatki, kt\u00f3re mog\u0105 obejmowa\u0107 5% GST i dodatkowe prowincjonalne podatki od sprzeda\u017cy (PST), zharmonizowany podatek od sprzeda\u017cy (HST) lub podatek od sprzeda\u017cy w Quebecu (QST), w zale\u017cno\u015bci od prowincji.<\/li>\n<\/ul>\n<p><strong>TYLKO dla klient\u00f3w z UE:<\/strong> Express DDP (Delivered Duty Paid). Oznacza to: <\/p>\n<ul>\n<li>Wszystkie op\u0142aty celne i podatki s\u0105 wliczone w cen\u0119 wy\u015bwietlan\u0105 na stronie produktu.<\/li>\n<li>Przy dostawie nie trzeba b\u0119dzie uiszcza\u0107 \u017cadnych dodatkowych op\u0142at.<\/li>\n<li>W rzadkich przypadkach zwi\u0105zanych z kwestiami celnymi nasz zesp\u00f3\u0142 zajmie si\u0119 procesem odprawy celnej w Twoim imieniu, aby zapewni\u0107 sprawn\u0105 dostaw\u0119.<\/li>\n<p>Wa\u017cne informacje dotycz\u0105ce zwrot\u00f3w:<\/p>\n<li>Je\u015bli zdecydujesz si\u0119 zwr\u00f3ci\u0107 zam\u00f3wienie lub za\u017c\u0105da\u0107 zwrotu pieni\u0119dzy, pami\u0119taj, \u017ce podatki i c\u0142a zap\u0142acone w Twoim imieniu zgodnie z warunkami DDP nie mog\u0105 zosta\u0107 zwr\u00f3cone.<\/li>\n<p>Szczeg\u00f3\u0142owe informacje mo\u017cna znale\u017a\u0107 w naszym <a href=\"https:\/\/ayaneo.co\/terms-of-service-2\/\" target=\"_blank\" rel=\"nofollow noopener\">Regulaminie<\/a>.\n<\/ul>\n<p>[\/cg_accordion]\n[cg_accordion title=\"OBS\u0141UGA KLIENTA\"]<\/p>\n<p>Masz pytanie? Wystarczy kr\u00f3tka wiadomo\u015b\u0107 tekstowa, aby rozwi\u0105za\u0107 Tw\u00f3j problem!<br \/>\n[\/cg_accordion]\n","protected":false},"featured_media":8328,"template":"","meta":{"_acf_changed":false},"product_brand":[],"product_cat":[555],"product_tag":[],"class_list":{"0":"post-11533","1":"product","2":"type-product","3":"status-publish","4":"has-post-thumbnail","6":"product_cat-akcesoria","7":"product_shipping_class-low-end","8":"pa_accessory-type-docking-station-pl","9":"pa_brand-droix","11":"first","12":"outofstock","13":"sale","14":"taxable","15":"shipping-taxable","16":"purchasable","17":"product-type-simple"},"acf":[],"_links":{"self":[{"href":"https:\/\/ayaneo.co\/pl\/wp-json\/wp\/v2\/product\/11533","targetHints":{"allow":["GET"]}}],"collection":[{"href":"https:\/\/ayaneo.co\/pl\/wp-json\/wp\/v2\/product"}],"about":[{"href":"https:\/\/ayaneo.co\/pl\/wp-json\/wp\/v2\/types\/product"}],"wp:featuredmedia":[{"embeddable":true,"href":"https:\/\/ayaneo.co\/pl\/wp-json\/wp\/v2\/media\/8328"}],"wp:attachment":[{"href":"https:\/\/ayaneo.co\/pl\/wp-json\/wp\/v2\/media?parent=11533"}],"wp:term":[{"taxonomy":"product_brand","embeddable":true,"href":"https:\/\/ayaneo.co\/pl\/wp-json\/wp\/v2\/product_brand?post=11533"},{"taxonomy":"product_cat","embeddable":true,"href":"https:\/\/ayaneo.co\/pl\/wp-json\/wp\/v2\/product_cat?post=11533"},{"taxonomy":"product_tag","embeddable":true,"href":"https:\/\/ayaneo.co\/pl\/wp-json\/wp\/v2\/product_tag?post=11533"}],"curies":[{"name":"wp","href":"https:\/\/api.w.org\/{rel}","templated":true}]}}