{"id":11546,"date":"2025-01-29T11:19:41","date_gmt":"2025-01-29T11:19:41","guid":{"rendered":"https:\/\/ayaneo.co\/product\/hub-usb-droix-nh8-z-nvme\/"},"modified":"2025-06-16T15:10:36","modified_gmt":"2025-06-16T15:10:36","slug":"hub-usb-droix-nh8-z-nvme","status":"publish","type":"product","link":"https:\/\/ayaneo.co\/pl\/product\/hub-usb-droix-nh8-z-nvme\/","title":{"rendered":"Hub USB DroiX NH8 z NVMe"},"content":{"rendered":"\n<h2 class=\"wp-block-heading\"><strong>Hub DroiX NH8 z gniazdem NVMe - najlepszy koncentrator \u0142\u0105czno\u015bci typu &#8222;wszystko w jednym\"!<\/strong><\/h2>\n\n<h4 class=\"wp-block-heading\"><strong>Niesamowicie szybki gigabitowy Ethernet<\/strong><\/h4>\n\n<p>Ciesz si\u0119 p\u0142ynn\u0105, szybk\u0105 \u0142\u0105czno\u015bci\u0105 dzi\u0119ki <strong>koncentratorowi DroiX NH8<\/strong>! Jego <strong>port Gigabit Ethernet 10\/100\/1000M<\/strong> zapewnia <strong>stabilne po\u0142\u0105czenie internetowe bez op\u00f3\u017anie\u0144 - idealne<\/strong>do gier, przesy\u0142ania strumieniowego i zada\u0144 wymagaj\u0105cych du\u017cej przepustowo\u015bci. Po\u017cegnaj si\u0119 z zak\u0142\u00f3ceniami Wi-Fi i do\u015bwiadcz <strong>sp\u00f3jnej, przewodowej wydajno\u015bci<\/strong>. <\/p>\n\n<h4 class=\"wp-block-heading\"><strong>Osza\u0142amiaj\u0105ce wyj\u015bcie wideo 4K<\/strong><\/h4>\n\n<p>Podnie\u015b swoje wra\u017cenia wizualne dzi\u0119ki <strong>obs\u0142udze HDMI 2.0<\/strong>, zapewniaj\u0105c <strong>rozdzielczo\u015b\u0107 do 4096&#215;2160 przy 60 Hz<\/strong>. Niezale\u017cnie od tego, czy ogl\u0105dasz <strong>filmy, prezentujesz prac\u0119, czy grasz w wysokiej rozdzielczo\u015bci<\/strong>, ciesz si\u0119 ultra-ostrym obrazem, \u017cywymi kolorami i <strong>p\u0142ynnym ruchem<\/strong>. <\/p>\n\n<h4 class=\"wp-block-heading\"><strong>\u0141atwa rozbudowa pami\u0119ci masowej<\/strong><\/h4>\n\n<p>Brakuje miejsca na dysku? <strong>Koncentrator DroiX NH8<\/strong> posiada <strong>zintegrowane gniazdo PCIe NVMe<\/strong>, oferuj\u0105ce b\u0142yskawiczn\u0105 rozbudow\u0119 pami\u0119ci masowej. Ta funkcja jest idealna do <strong>szybkich transfer\u00f3w danych, du\u017cych plik\u00f3w i aplikacji o wysokiej wydajno\u015bci<\/strong>, dzi\u0119ki czemu system dzia\u0142a wydajnie.  <\/p>\n\n<h4 class=\"wp-block-heading\"><strong>Do\u0142adowane transfery danych<\/strong><\/h4>\n\n<p>Przesy\u0142anie du\u017cych plik\u00f3w w mgnieniu oka dzi\u0119ki <strong>portowi USB typu A 3.0<\/strong>. Niezale\u017cnie od tego, czy tworzysz kopi\u0119 zapasow\u0105 danych, synchronizujesz urz\u0105dzenia, czy <strong>zasilasz urz\u0105dzenia peryferyjne<\/strong>, do\u015bwiadcz <strong>szybkich pr\u0119dko\u015bci transferu danych<\/strong>, kt\u00f3re usprawniaj\u0105 przep\u0142yw pracy. <\/p>\n\n<h4 class=\"wp-block-heading\"><strong>Uniwersalna kompatybilno\u015b\u0107 z USB typu C<\/strong><\/h4>\n\n<p>Wyposa\u017cony w <strong>uniwersalne z\u0142\u0105cze USB typu C<\/strong>, <strong>koncentrator NH8<\/strong> zapewnia <strong>szerok\u0105 kompatybilno\u015b\u0107 urz\u0105dze\u0144<\/strong>. Ciesz si\u0119 <strong>szybkim transferem danych, wydajnym zasilaniem i bezproblemow\u0105 \u0142\u0105czno\u015bci\u0105<\/strong> z <strong>laptopami, minikomputerami, urz\u0105dzeniami do gier i nie tylko -<\/strong>a wszystko to za pomoc\u0105 jednego kabla. <\/p>\n\n<h4 class=\"wp-block-heading\"><strong>Bezproblemowy dost\u0119p do multimedi\u00f3w<\/strong><\/h4>\n\n<p>Dzi\u0119ki <strong>wbudowanemu czytnikowi kart SD i Micro SD<\/strong>, <strong>DroiX NH8<\/strong> Hub u\u0142atwia <strong>dost\u0119p, przesy\u0142anie i tworzenie kopii zapasowych plik\u00f3w<\/strong>. Niezale\u017cnie od tego, czy s\u0105 to zdj\u0119cia, filmy czy wa\u017cne dokumenty, uzyskaj szybki dost\u0119p do multimedi\u00f3w bez dodatkowych adapter\u00f3w. <\/p>\n\n<h4 class=\"wp-block-heading\"><strong>Niezr\u00f3wnana wszechstronno\u015b\u0107 i wydajno\u015b\u0107<\/strong><\/h4>\n\n<p>Zaprojektowany z my\u015bl\u0105 o <strong>komputerach PC, laptopach, minikomputerach i urz\u0105dzeniach przeno\u015bnych<\/strong> do gier, <strong>koncentrator DroiX NH8<\/strong> to co\u015b wi\u0119cej ni\u017c tylko akcesorium - to <strong>niezb\u0119dne rozwi\u0105zanie w zakresie \u0142\u0105czno\u015bci<\/strong>. <strong>Kompaktowy, wydajny i niezawodny<\/strong>, jest <strong>najlepszym narz\u0119dziem<\/strong> do pracy, rozrywki i wszystkiego pomi\u0119dzy.<\/p>\n\n<h3 class=\"wp-block-heading\"><strong>Ulepsz swoj\u0105 \u0142\u0105czno\u015b\u0107 dzi\u0119ki koncentratorowi DroiX NH8!<\/strong><\/h3>\n\n<p>Do\u015bwiadcz <strong>wydajno\u015bci i wygody na najwy\u017cszym poziomie<\/strong> dzi\u0119ki hubowi stworzonemu z my\u015bl\u0105 o <strong>szybko\u015bci, wydajno\u015bci i wszechstronno\u015bci<\/strong>. <strong>Usprawnij swoj\u0105 konfiguracj\u0119 i zwi\u0119ksz wydajno\u015b\u0107 pracy ju\u017c dzi\u015b!<\/strong><\/p>\n\n<p>Aby zapozna\u0107 si\u0119 z konfiguracj\u0105 krok po kroku, zapoznaj si\u0119 z naszym <strong>przewodnikiem Pierwsze kroki z koncentratorem USB DroiX NH8.<\/strong><\/p>\n\n<p><\/p>\n","protected":false},"excerpt":{"rendered":"<ul>\n<li>Hub USB DroiX<strong> NH8 <\/strong>z NVMe<\/li>\n<li><strong>10\/100\/1000M<\/strong> Gigabit Ethernet<\/li>\n<li><strong>Wbudowane gniazdo PCIe NVMe<\/strong> do rozbudowy pami\u0119ci masowej<\/li>\n<li><strong>Wyj\u015bcie wy\u015bwietlacza 4K<\/strong> przez HDMI<\/li>\n<li><strong>Gniazdo kart MicroSD \/ SD<\/strong> - do 5 Gb\/s<\/li>\n<\/ul>\n[cg_accordion title=\"INFORMACJE O P\u0141ATNO\u015aCIACH\"]<\/p>\n<p>Korzystamy z najnowszej technologii przetwarzania p\u0142atno\u015bci, kt\u00f3ra umo\u017cliwia dokonywanie p\u0142atno\u015bci za po\u015brednictwem Apple Pay, Google Pay, karty debetowej\/kredytowej, PayPal lub metod BNPL, takich jak Klarna, Affirm lub AfterPay, zapewniaj\u0105c szybkie i bezpieczne do\u015bwiadczenie.[\/cg_accordion]\n[cg_accordion title=\"GWARANCJA\"]<\/p>\n<p>1-letnia gwarancja od <a href=\"https:\/\/droix.net\/\" target=\"_blank\" rel=\"nofollow noopener\">DROIX<\/a> Global dla Twojego spokoju ducha[\/cg_accordion]\n[cg_accordion title=\"CENY, PODATKI I WYSY\u0141KA\"]<\/p>\n<p><strong><u>Uwaga:<\/u><\/strong><\/p>\n<ul>\n<li>Klienci ze Stan\u00f3w Zjednoczonych: Wy\u015bwietlana cena NIE ZAWIERA PODATKU ani c\u0142a. Odpowiedzialno\u015b\u0107 za odpraw\u0119 celn\u0105 i zap\u0142at\u0119 wszelkich powi\u0105zanych podatk\u00f3w \/ ce\u0142 spoczywa na kliencie. <\/li>\n<li>Klienci z UE: Wy\u015bwietlana cena zawiera obowi\u0105zuj\u0105cy PODATEK, kt\u00f3ry mo\u017ce wynosi\u0107 do 25% w zale\u017cno\u015bci od kraju.<\/li>\n<li>Klienci z Kanady: Wy\u015bwietlana cena zawiera obowi\u0105zuj\u0105ce podatki, kt\u00f3re mog\u0105 obejmowa\u0107 5% GST i dodatkowe prowincjonalne podatki od sprzeda\u017cy (PST), zharmonizowany podatek od sprzeda\u017cy (HST) lub podatek od sprzeda\u017cy w Quebecu (QST), w zale\u017cno\u015bci od prowincji.<\/li>\n<\/ul>\n<p><strong>TYLKO dla klient\u00f3w z UE:<\/strong> Express DDP (Delivered Duty Paid). Oznacza to: <\/p>\n<ul>\n<li>Wszystkie op\u0142aty celne i podatki s\u0105 wliczone w cen\u0119 wy\u015bwietlan\u0105 na stronie produktu.<\/li>\n<li>Przy dostawie nie trzeba b\u0119dzie uiszcza\u0107 \u017cadnych dodatkowych op\u0142at.<\/li>\n<li>W rzadkich przypadkach zwi\u0105zanych z kwestiami celnymi nasz zesp\u00f3\u0142 zajmie si\u0119 procesem odprawy celnej w Twoim imieniu, aby zapewni\u0107 sprawn\u0105 dostaw\u0119.<\/li>\n<p>Wa\u017cne informacje dotycz\u0105ce zwrot\u00f3w:<\/p>\n<li>Je\u015bli zdecydujesz si\u0119 zwr\u00f3ci\u0107 zam\u00f3wienie lub za\u017c\u0105da\u0107 zwrotu pieni\u0119dzy, pami\u0119taj, \u017ce podatki i c\u0142a zap\u0142acone w Twoim imieniu zgodnie z warunkami DDP nie mog\u0105 zosta\u0107 zwr\u00f3cone.<\/li>\n<p>Szczeg\u00f3\u0142owe informacje mo\u017cna znale\u017a\u0107 w naszym <a href=\"https:\/\/ayaneo.co\/pl\/warunki-swiadczenia-uslug\/\" target=\"_blank\" rel=\"nofollow noopener\">Regulaminie<\/a>.\n<\/ul>\n<p>[\/cg_accordion]\n[cg_accordion title=\"OBS\u0141UGA KLIENTA\"]<\/p>\n<p>Masz pytanie? Wystarczy kr\u00f3tka wiadomo\u015b\u0107 tekstowa, aby rozwi\u0105za\u0107 Tw\u00f3j problem!<br \/>\n[\/cg_accordion]\n","protected":false},"featured_media":8256,"template":"","meta":{"_acf_changed":false},"product_brand":[],"product_cat":[555],"product_tag":[],"class_list":{"0":"post-11546","1":"product","2":"type-product","3":"status-publish","4":"has-post-thumbnail","6":"product_cat-akcesoria","7":"product_shipping_class-low-end","8":"pa_brand-droix","10":"first","11":"outofstock","12":"sale","13":"taxable","14":"shipping-taxable","15":"purchasable","16":"product-type-variable","17":"has-default-attributes"},"acf":[],"_links":{"self":[{"href":"https:\/\/ayaneo.co\/pl\/wp-json\/wp\/v2\/product\/11546","targetHints":{"allow":["GET"]}}],"collection":[{"href":"https:\/\/ayaneo.co\/pl\/wp-json\/wp\/v2\/product"}],"about":[{"href":"https:\/\/ayaneo.co\/pl\/wp-json\/wp\/v2\/types\/product"}],"wp:featuredmedia":[{"embeddable":true,"href":"https:\/\/ayaneo.co\/pl\/wp-json\/wp\/v2\/media\/8256"}],"wp:attachment":[{"href":"https:\/\/ayaneo.co\/pl\/wp-json\/wp\/v2\/media?parent=11546"}],"wp:term":[{"taxonomy":"product_brand","embeddable":true,"href":"https:\/\/ayaneo.co\/pl\/wp-json\/wp\/v2\/product_brand?post=11546"},{"taxonomy":"product_cat","embeddable":true,"href":"https:\/\/ayaneo.co\/pl\/wp-json\/wp\/v2\/product_cat?post=11546"},{"taxonomy":"product_tag","embeddable":true,"href":"https:\/\/ayaneo.co\/pl\/wp-json\/wp\/v2\/product_tag?post=11546"}],"curies":[{"name":"wp","href":"https:\/\/api.w.org\/{rel}","templated":true}]}}