{"id":11682,"date":"2025-01-23T11:24:20","date_gmt":"2025-01-23T11:24:20","guid":{"rendered":"https:\/\/ayaneo.co\/product\/ayaneo-kieszonkowe-etui-evo\/"},"modified":"2025-12-04T11:28:15","modified_gmt":"2025-12-04T11:28:15","slug":"ayaneo-kieszonkowe-etui-evo","status":"publish","type":"product","link":"https:\/\/ayaneo.co\/pl\/product\/ayaneo-kieszonkowe-etui-evo\/","title":{"rendered":"Etui AYANEO Pocket EVO"},"content":{"rendered":"\n<h2 class=\"wp-block-heading\" id=\"h-product-overview\">Przegl\u0105d produkt\u00f3w:<\/h2>\n\n<p>Etui <strong>AYANEO Pocket EV<\/strong> O zosta\u0142o stworzone, aby zapewni\u0107 doskona\u0142\u0105 ochron\u0119 konsoli AYANEO Pocket EVO. Jego wytrzyma\u0142a konstrukcja z tward\u0105 skorup\u0105 zapewnia ochron\u0119 urz\u0105dzenia przed zadrapaniami, uderzeniami i kurzem, zachowuj\u0105c jednocze\u015bnie elegancki, przeno\u015bny wygl\u0105d. Etui jest idealne dla graczy, kt\u00f3rzy ceni\u0105 sobie bezpiecze\u0144stwo i styl.  <\/p>\n\n<hr class=\"wp-block-separator has-alpha-channel-opacity\"\/>\n\n<h2 class=\"wp-block-heading\" id=\"h-key-features\">Kluczowe cechy:<\/h2>\n\n<p><strong>Wytrzyma\u0142a konstrukcja Hard-Shell<\/strong> dla maksymalnej ochrony.<\/p>\n\n<p><strong>Niestandardowe dopasowanie<\/strong> do konsoli AYANEO Pocket EVO.<\/p>\n\n<p>Mi\u0119kka wy\u015bci\u00f3\u0142ka wewn\u0119trzna <strong>zapobiega zarysowaniom<\/strong>.<\/p>\n\n<p>Lekki i przeno\u015bny dla <strong>\u0142atwego podr\u00f3\u017cowania<\/strong>.<\/p>\n\n<p>Elegancka i nowoczesna obudowa zapewniaj\u0105ca <strong>stylowe przenoszenie<\/strong>.<\/p>\n\n<hr class=\"wp-block-separator has-alpha-channel-opacity\"\/>\n\n<h2 class=\"wp-block-heading\" id=\"h-why-choose-the-ayaneo-pocket-micro-case\">Dlaczego warto wybra\u0107 etui AYANEO Pocket EVO?<\/h2>\n\n<p>Etui AYANEO Pocket EVO to idealne po\u0142\u0105czenie stylu i trwa\u0142o\u015bci. Jego niestandardowe dopasowanie i twarda konstrukcja zapewniaj\u0105 niezr\u00f3wnan\u0105 ochron\u0119, a lekka konstrukcja zapewnia wygod\u0119 graczom w ruchu. Dzi\u0119ki temu etui konsola pozostaje bezpieczna i gotowa do dzia\u0142ania zawsze i wsz\u0119dzie.  <\/p>\n\n<hr class=\"wp-block-separator has-alpha-channel-opacity\"\/>\n\n<h3 class=\"wp-block-heading\" id=\"h-specifications\">Specyfikacja:<\/h3>\n\n<ul class=\"wp-block-list\">\n<li><strong>Materia\u0142:<\/strong> Twarda pow\u0142oka zewn\u0119trzna z mi\u0119kk\u0105 wy\u015bci\u00f3\u0142k\u0105 wewn\u0119trzn\u0105<\/li>\n\n\n\n<li><strong>Kompatybilno\u015b\u0107:<\/strong> Konsola AYANEO Pocket EVO<\/li>\n\n\n\n<li><strong>Cechy:<\/strong> Trwa\u0142y, odporny na zarysowania, lekki i przyjazny w podr\u00f3\u017cy<\/li>\n<\/ul>\n\n<p>Zapewnij bezpiecze\u0144stwo swojej konsoli AYANEO Pocket EVO dzi\u0119ki tej twardej walizce klasy premium - poniewa\u017c Twoja konsola zas\u0142uguje na to, co najlepsze!<\/p>\n\n<p><\/p>\n","protected":false},"excerpt":{"rendered":"<ul>\n<li><strong>Wytrzyma\u0142a konstrukcja Hard-Shell<\/strong> dla maksymalnej ochrony.<\/li>\n<li><strong>Niestandardowe dopasowanie<\/strong> do konsoli AYANEO Pocket EVO.<\/li>\n<li>Mi\u0119kka wy\u015bci\u00f3\u0142ka wewn\u0119trzna <strong>zapobiega zarysowaniom<\/strong>.<\/li>\n<li>Lekki i przeno\u015bny dla <strong>\u0142atwego podr\u00f3\u017cowania<\/strong>.<\/li>\n<li>Elegancka i nowoczesna obudowa zapewniaj\u0105ca <strong>stylowe przenoszenie<\/strong>.<\/li>\n<\/ul>\n[cg_accordion title=\"INFORMACJE O P\u0141ATNO\u015aCIACH\"]<\/p>\n<p>Korzystamy z najnowszej technologii przetwarzania p\u0142atno\u015bci, kt\u00f3ra umo\u017cliwia dokonywanie p\u0142atno\u015bci za po\u015brednictwem Apple Pay, Google Pay, karty debetowej\/kredytowej, PayPal lub metod BNPL, takich jak Klarna, Affirm lub AfterPay, zapewniaj\u0105c szybkie i bezpieczne do\u015bwiadczenie.[\/cg_accordion]\n[cg_accordion title=\"GWARANCJA\"]<\/p>\n<p>1-letnia gwarancja od <a href=\"https:\/\/droix.net\/\" target=\"_blank\" rel=\"nofollow noopener\">DROIX<\/a> Global dla Twojego spokoju ducha[\/cg_accordion]\n[cg_accordion title=\"ZAPEWNIENIE JAKO\u015aCI I TESTY PRZED WYSY\u0141K\u0104\"]<\/p>\n<p>Zapewnienie satysfakcji klienta na najwy\u017cszym poziomie: Ka\u017cde urz\u0105dzenie przechodzi rygorystyczne testy i wielopunktow\u0105 kontrol\u0119 jako\u015bci przed wysy\u0142k\u0105. Nasz dedykowany zesp\u00f3\u0142 weryfikuje wydajno\u015b\u0107, funkcjonalno\u015b\u0107 i integralno\u015b\u0107 komponent\u00f3w, aby zagwarantowa\u0107, \u017ce urz\u0105dzenie AYANEO b\u0119dzie w idealnym stanie w momencie dostawy, zapewniaj\u0105c pewno\u015b\u0107 i spok\u00f3j ducha. [\/cg_accordion]\n[cg_accordion title=\"CENY, PODATKI I WYSY\u0141KA\"]<\/p>\n<p><strong><u>Uwaga:<\/u><\/strong><\/p>\n<ul>\n<li>Klienci ze Stan\u00f3w Zjednoczonych: Wy\u015bwietlana cena NIE ZAWIERA PODATKU ani c\u0142a. Odpowiedzialno\u015b\u0107 za odpraw\u0119 celn\u0105 i zap\u0142at\u0119 wszelkich powi\u0105zanych podatk\u00f3w \/ ce\u0142 spoczywa na kliencie. <\/li>\n<li>Klienci z UE: Wy\u015bwietlana cena zawiera obowi\u0105zuj\u0105cy PODATEK, kt\u00f3ry mo\u017ce wynosi\u0107 do 25% w zale\u017cno\u015bci od kraju.<\/li>\n<li>Klienci z Kanady: Wy\u015bwietlana cena zawiera obowi\u0105zuj\u0105ce podatki, kt\u00f3re mog\u0105 obejmowa\u0107 5% GST i dodatkowe prowincjonalne podatki od sprzeda\u017cy (PST), zharmonizowany podatek od sprzeda\u017cy (HST) lub podatek od sprzeda\u017cy w Quebecu (QST), w zale\u017cno\u015bci od prowincji.<\/li>\n<\/ul>\n<p><strong>TYLKO dla klient\u00f3w z UE:<\/strong> Express DDP (Delivered Duty Paid). Oznacza to: <\/p>\n<ul>\n<li>Wszystkie op\u0142aty celne i podatki s\u0105 wliczone w cen\u0119 wy\u015bwietlan\u0105 na stronie produktu.<\/li>\n<li>Przy dostawie nie trzeba b\u0119dzie uiszcza\u0107 \u017cadnych dodatkowych op\u0142at.<\/li>\n<li>W rzadkich przypadkach zwi\u0105zanych z kwestiami celnymi nasz zesp\u00f3\u0142 zajmie si\u0119 procesem odprawy celnej w Twoim imieniu, aby zapewni\u0107 sprawn\u0105 dostaw\u0119.<\/li>\n<p>Wa\u017cne informacje dotycz\u0105ce zwrot\u00f3w:<\/p>\n<li>Je\u015bli zdecydujesz si\u0119 zwr\u00f3ci\u0107 zam\u00f3wienie lub za\u017c\u0105da\u0107 zwrotu pieni\u0119dzy, pami\u0119taj, \u017ce podatki i c\u0142a zap\u0142acone w Twoim imieniu zgodnie z warunkami DDP nie mog\u0105 zosta\u0107 zwr\u00f3cone.<\/li>\n<p>Szczeg\u00f3\u0142owe informacje mo\u017cna znale\u017a\u0107 w naszym <a href=\"https:\/\/ayaneo.co\/pl\/warunki-swiadczenia-uslug\/\" target=\"_blank\" rel=\"nofollow noopener\">Regulaminie<\/a>.\n<\/ul>\n<p>[\/cg_accordion]\n[cg_accordion title=\"OBS\u0141UGA KLIENTA\"]<\/p>\n<p>Masz pytanie? Wystarczy kr\u00f3tka wiadomo\u015b\u0107 tekstowa, aby rozwi\u0105za\u0107 Tw\u00f3j problem! [\/cg_accordion]\n[cg_accordion title=\"PAKIET ZAWIERA\"]<\/p>\n<ul>\n<li>1x Etui AYANEO Pocket EVO<\/li>\n<\/ul>\n<p>[\/cg_accordion]\n","protected":false},"featured_media":7894,"template":"","meta":{"_acf_changed":false},"product_brand":[],"product_cat":[555],"product_tag":[],"class_list":{"0":"post-11682","1":"product","2":"type-product","3":"status-publish","4":"has-post-thumbnail","6":"product_cat-akcesoria","7":"product_shipping_class-low-end","8":"pa_accessory-type-protective-case-pl","9":"pa_brand-ayaneo","11":"first","12":"instock","13":"sale","14":"taxable","15":"shipping-taxable","16":"purchasable","17":"product-type-variable","18":"has-default-attributes"},"acf":[],"_links":{"self":[{"href":"https:\/\/ayaneo.co\/pl\/wp-json\/wp\/v2\/product\/11682","targetHints":{"allow":["GET"]}}],"collection":[{"href":"https:\/\/ayaneo.co\/pl\/wp-json\/wp\/v2\/product"}],"about":[{"href":"https:\/\/ayaneo.co\/pl\/wp-json\/wp\/v2\/types\/product"}],"wp:featuredmedia":[{"embeddable":true,"href":"https:\/\/ayaneo.co\/pl\/wp-json\/wp\/v2\/media\/7894"}],"wp:attachment":[{"href":"https:\/\/ayaneo.co\/pl\/wp-json\/wp\/v2\/media?parent=11682"}],"wp:term":[{"taxonomy":"product_brand","embeddable":true,"href":"https:\/\/ayaneo.co\/pl\/wp-json\/wp\/v2\/product_brand?post=11682"},{"taxonomy":"product_cat","embeddable":true,"href":"https:\/\/ayaneo.co\/pl\/wp-json\/wp\/v2\/product_cat?post=11682"},{"taxonomy":"product_tag","embeddable":true,"href":"https:\/\/ayaneo.co\/pl\/wp-json\/wp\/v2\/product_tag?post=11682"}],"curies":[{"name":"wp","href":"https:\/\/api.w.org\/{rel}","templated":true}]}}