{"id":12397,"date":"2025-03-24T16:59:03","date_gmt":"2025-03-24T16:59:03","guid":{"rendered":"https:\/\/ayaneo.co\/?post_type=product&#038;p=12397"},"modified":"2025-12-09T00:34:17","modified_gmt":"2025-12-09T00:34:17","slug":"ayaneo-ochraniacz-ekranu-pocket-evo-copy","status":"publish","type":"product","link":"https:\/\/ayaneo.co\/pl\/product\/ayaneo-ochraniacz-ekranu-pocket-evo-copy\/","title":{"rendered":"AYANEO 3 Screen Protector - krystalicznie czysta ochrona wy\u015bwietlacza!"},"content":{"rendered":"\n<p>Zachowaj nieskazitelny ekran <strong>AYANEO 3<\/strong> dzi\u0119ki temu <strong>wysokiej jako\u015bci ochraniaczowi ekranu<\/strong>! Zaprojektowany, aby zapewni\u0107 <strong>maksymaln\u0105 przejrzysto\u015b\u0107, odporno\u015b\u0107 na zarysowania i \u0142atw\u0105 aplikacj\u0119<\/strong>, ten ochraniacz zapewnia p\u0142ynne i nieprzerwane wra\u017cenia z gry.<\/p>\n\n<h2 class=\"wp-block-heading\"><strong>Kluczowe cechy:<\/strong><\/h2>\n\n<p><strong>Ultra-wyra\u017any wy\u015bwietlacz HD<\/strong> - zachowuje <strong>rzeczywist\u0105 dok\u0142adno\u015b\u0107 kolor\u00f3w<\/strong> i ostry obraz, zapewniaj\u0105c wci\u0105gaj\u0105ce wra\u017cenia.<\/p>\n\n<p><strong>Odporno\u015b\u0107 na zarysowania i uderzenia<\/strong> - chroni ekran przed zarysowaniami, upadkami i codziennym zu\u017cyciem.  <\/p>\n\n<p><strong>Precyzyjne dopasowanie i \u0142atwa instalacja<\/strong> - Zaprojektowany specjalnie dla <strong>AYANEO 3<\/strong>, zapewniaj\u0105c bezproblemow\u0105 aplikacj\u0119 bez p\u0119cherzyk\u00f3w powietrza.<\/p>\n\n<p><strong>Odporno\u015b\u0107 na odciski palc\u00f3w i smugi<\/strong> - pow\u0142oka oleofobowa odpycha odciski palc\u00f3w i smugi, zapewniaj\u0105c czysty wygl\u0105d.<\/p>\n\n<p><strong>Przyczepno\u015b\u0107 bez p\u0119cherzyk\u00f3w<\/strong> powietrza - \u0142atwa aplikacja bez p\u0119cherzyk\u00f3w powietrza, zapewniaj\u0105ca <strong>g\u0142adkie wyko\u0144czenie<\/strong> za ka\u017cdym razem.<\/p>\n\n<p>Chro\u0144 sw\u00f3j <strong>AYANEO 3<\/strong> tym <strong>wysokiej jako\u015bci ochraniaczem ekranu<\/strong> i <strong>graj bez obaw!<\/strong><\/p>\n\n<p><\/p>\n","protected":false},"excerpt":{"rendered":"<ul>\n<li><strong>Oficjalny<\/strong> ochraniacz ekranu AYANEO 3<\/li>\n<li><strong>Ultra-Clear HD<\/strong> - zachowuje jako\u015b\u0107 ekranu i dok\u0142adno\u015b\u0107 kolor\u00f3w.<\/li>\n<li><strong>Odporno\u015b\u0107 na zarysowania i uderzenia<\/strong> - chroni przed uszkodzeniami.<\/li>\n<li><strong>Odporny na smugi i odciski palc\u00f3w<\/strong> - utrzymuje ekran w czysto\u015bci.<\/li>\n<li><strong>Idealne dopasowanie<\/strong> - zaprojektowane wy\u0142\u0105cznie dla AYANEO 3.<\/li>\n<\/ul>\n[cg_accordion title=\"INFORMACJE O P\u0141ATNO\u015aCIACH\"]<\/p>\n<p>Korzystamy z najnowszej technologii przetwarzania p\u0142atno\u015bci, kt\u00f3ra umo\u017cliwia dokonywanie p\u0142atno\u015bci za po\u015brednictwem Apple Pay, Google Pay, karty debetowej\/kredytowej, PayPal lub metod BNPL, takich jak Klarna, Affirm lub AfterPay, zapewniaj\u0105c szybkie i bezpieczne do\u015bwiadczenie.[\/cg_accordion]\n[cg_accordion title=\"GWARANCJA\"]<\/p>\n<p>1-letnia gwarancja od <a href=\"https:\/\/droix.net\/\" target=\"_blank\" rel=\"nofollow noopener\">DROIX<\/a> Global dla Twojego spokoju ducha[\/cg_accordion]\n[cg_accordion title=\"ZAPEWNIENIE JAKO\u015aCI I TESTY PRZED WYSY\u0141K\u0104\"]<\/p>\n<p>Zapewnienie satysfakcji klienta na najwy\u017cszym poziomie: Ka\u017cde urz\u0105dzenie przechodzi rygorystyczne testy i wielopunktow\u0105 kontrol\u0119 jako\u015bci przed wysy\u0142k\u0105. Nasz dedykowany zesp\u00f3\u0142 weryfikuje wydajno\u015b\u0107, funkcjonalno\u015b\u0107 i integralno\u015b\u0107 komponent\u00f3w, aby zagwarantowa\u0107, \u017ce urz\u0105dzenie AYANEO b\u0119dzie w idealnym stanie w momencie dostawy, zapewniaj\u0105c pewno\u015b\u0107 i spok\u00f3j ducha. [\/cg_accordion]\n[cg_accordion title=\"CENY, PODATKI I WYSY\u0141KA\"]<\/p>\n<p><strong><u>Uwaga:<\/u><\/strong><\/p>\n<ul>\n<li>Klienci ze Stan\u00f3w Zjednoczonych: Wy\u015bwietlana cena NIE ZAWIERA PODATKU ani c\u0142a. Odpowiedzialno\u015b\u0107 za odpraw\u0119 celn\u0105 i zap\u0142at\u0119 wszelkich powi\u0105zanych podatk\u00f3w \/ ce\u0142 spoczywa na kliencie. <\/li>\n<li>Klienci z UE: Wy\u015bwietlana cena zawiera obowi\u0105zuj\u0105cy PODATEK, kt\u00f3ry mo\u017ce wynosi\u0107 do 25% w zale\u017cno\u015bci od kraju.<\/li>\n<li>Klienci z Kanady: Wy\u015bwietlana cena zawiera obowi\u0105zuj\u0105ce podatki, kt\u00f3re mog\u0105 obejmowa\u0107 5% GST i dodatkowe prowincjonalne podatki od sprzeda\u017cy (PST), zharmonizowany podatek od sprzeda\u017cy (HST) lub podatek od sprzeda\u017cy w Quebecu (QST), w zale\u017cno\u015bci od prowincji.<\/li>\n<\/ul>\n<p><strong>TYLKO dla klient\u00f3w z UE:<\/strong> Express DDP (Delivered Duty Paid). Oznacza to: <\/p>\n<ul>\n<li>Wszystkie op\u0142aty celne i podatki s\u0105 wliczone w cen\u0119 wy\u015bwietlan\u0105 na stronie produktu.<\/li>\n<li>Przy dostawie nie trzeba b\u0119dzie uiszcza\u0107 \u017cadnych dodatkowych op\u0142at.<\/li>\n<li>W rzadkich przypadkach zwi\u0105zanych z kwestiami celnymi nasz zesp\u00f3\u0142 zajmie si\u0119 procesem odprawy celnej w Twoim imieniu, aby zapewni\u0107 sprawn\u0105 dostaw\u0119.<\/li>\n<p>Wa\u017cne informacje dotycz\u0105ce zwrot\u00f3w:<\/p>\n<li>Je\u015bli zdecydujesz si\u0119 zwr\u00f3ci\u0107 zam\u00f3wienie lub za\u017c\u0105da\u0107 zwrotu pieni\u0119dzy, pami\u0119taj, \u017ce podatki i c\u0142a zap\u0142acone w Twoim imieniu zgodnie z warunkami DDP nie mog\u0105 zosta\u0107 zwr\u00f3cone.<\/li>\n<p>Szczeg\u00f3\u0142owe informacje mo\u017cna znale\u017a\u0107 w naszym <a href=\"https:\/\/ayaneo.co\/pl\/warunki-swiadczenia-uslug\/\" target=\"_blank\" rel=\"nofollow noopener\">Regulaminie<\/a>.\n<\/ul>\n<p>[\/cg_accordion]\n[cg_accordion title=\"OBS\u0141UGA KLIENTA\"]<\/p>\n<p>Masz pytanie? Wystarczy kr\u00f3tka wiadomo\u015b\u0107 tekstowa, aby rozwi\u0105za\u0107 Tw\u00f3j problem! [\/cg_accordion]\n[cg_accordion title=\"PAKIET ZAWIERA\"]<\/p>\n<ul>\n<li>1x AYANEO 3 Screen Protector<\/li>\n<\/ul>\n<p>[\/cg_accordion]\n","protected":false},"featured_media":45870,"template":"","meta":{"_acf_changed":false},"product_brand":[],"product_cat":[555],"product_tag":[],"class_list":{"0":"post-12397","1":"product","2":"type-product","3":"status-publish","4":"has-post-thumbnail","6":"product_cat-akcesoria","7":"product_shipping_class-low-end","8":"pa_accessory-type-screen-protector-pl","9":"pa_brand-ayaneo","11":"first","12":"instock","13":"sale","14":"taxable","15":"shipping-taxable","16":"purchasable","17":"product-type-simple"},"acf":[],"_links":{"self":[{"href":"https:\/\/ayaneo.co\/pl\/wp-json\/wp\/v2\/product\/12397","targetHints":{"allow":["GET"]}}],"collection":[{"href":"https:\/\/ayaneo.co\/pl\/wp-json\/wp\/v2\/product"}],"about":[{"href":"https:\/\/ayaneo.co\/pl\/wp-json\/wp\/v2\/types\/product"}],"wp:featuredmedia":[{"embeddable":true,"href":"https:\/\/ayaneo.co\/pl\/wp-json\/wp\/v2\/media\/45870"}],"wp:attachment":[{"href":"https:\/\/ayaneo.co\/pl\/wp-json\/wp\/v2\/media?parent=12397"}],"wp:term":[{"taxonomy":"product_brand","embeddable":true,"href":"https:\/\/ayaneo.co\/pl\/wp-json\/wp\/v2\/product_brand?post=12397"},{"taxonomy":"product_cat","embeddable":true,"href":"https:\/\/ayaneo.co\/pl\/wp-json\/wp\/v2\/product_cat?post=12397"},{"taxonomy":"product_tag","embeddable":true,"href":"https:\/\/ayaneo.co\/pl\/wp-json\/wp\/v2\/product_tag?post=12397"}],"curies":[{"name":"wp","href":"https:\/\/api.w.org\/{rel}","templated":true}]}}