{"id":12947,"date":"2025-03-27T09:55:33","date_gmt":"2025-03-27T09:55:33","guid":{"rendered":"https:\/\/ayaneo.co\/product\/ayaneo-air-pro\/"},"modified":"2025-04-11T12:00:48","modified_gmt":"2025-04-11T12:00:48","slug":"ayaneo-air-pro","status":"publish","type":"product","link":"https:\/\/ayaneo.co\/pl\/product\/ayaneo-air-pro\/","title":{"rendered":"AYANEO AIR PRO"},"content":{"rendered":"\n<h2 class=\"wp-block-heading\">AYANEO Powietrze<\/h2>\n\n<figure class=\"wp-block-image\"><img decoding=\"async\" src=\"https:\/\/droix.net\/wp-content\/uploads\/2022\/10\/TEXT.png\" alt=\"\" title=\"AYA NEO AIR PRO 1\"\/><\/figure>\n\n<figure class=\"wp-block-image\"><img decoding=\"async\" src=\"https:\/\/droix.net\/wp-content\/uploads\/2022\/10\/cpu-perf.png\" alt=\"\" title=\"AYA NEO AIR PRO 2\"\/><\/figure>\n\n<h2 class=\"wp-block-heading\">Wydajny procesor<\/h2>\n\n<figure class=\"wp-block-image\"><img decoding=\"async\" src=\"https:\/\/droix.net\/wp-content\/uploads\/2022\/10\/oled.png\" alt=\"\" title=\"AYA NEO AIR PRO 3\"\/><\/figure>\n\n<h2 class=\"wp-block-heading\">Ekran Crisp OLED <\/h2>\n\n<figure class=\"wp-block-image\"><img decoding=\"async\" src=\"https:\/\/droix.net\/wp-content\/uploads\/2022\/10\/controller.png\" alt=\"\" title=\"AYA NEO AIR PRO 4\"\/><\/figure>\n\n<h2 class=\"wp-block-heading\">Kontrolery do gier<\/h2>\n\n<figure class=\"wp-block-image\"><img decoding=\"async\" src=\"https:\/\/droix.net\/wp-content\/uploads\/2022\/10\/hall-joystick.png\" alt=\"\" title=\"AYA NEO AIR PRO 5\"\/><\/figure>\n\n<h2 class=\"wp-block-heading\">Joysticki HALL<\/h2>\n\n<figure class=\"wp-block-image\"><img decoding=\"async\" src=\"https:\/\/droix.net\/wp-content\/uploads\/2022\/10\/light.png\" alt=\"\" title=\"AYA NEO AIR PRO 6\"\/><\/figure>\n\n<h2 class=\"wp-block-heading\">Lekki<\/h2>\n\n<figure class=\"wp-block-image\"><img decoding=\"async\" src=\"https:\/\/droix.net\/wp-content\/uploads\/2022\/10\/lightweight.png\" alt=\"\" title=\"AYA NEO AIR PRO 7\"\/><\/figure>\n\n<h2 class=\"wp-block-heading\">Przeno\u015bny<\/h2>\n\n<figure class=\"wp-block-image\"><img decoding=\"async\" src=\"https:\/\/droix.net\/wp-content\/uploads\/2022\/10\/ayaspace.png\" alt=\"\" title=\"AYA NEO AIR PRO 8\"\/><\/figure>\n\n<h2 class=\"wp-block-heading\">AYASpace<\/h2>\n\n<figure class=\"wp-block-image\"><img decoding=\"async\" src=\"https:\/\/droix.net\/wp-content\/uploads\/2022\/10\/storage-expansion.png\" alt=\"\" title=\"AYA NEO AIR PRO 9\"\/><\/figure>\n\n<h2 class=\"wp-block-heading\">Rozszerzalna pami\u0119\u0107 masowa<\/h2>\n\n<h2 class=\"wp-block-heading\">AYANEO Powietrze<\/h2>\n\n<h2 class=\"wp-block-heading\">18mm<\/h2>\n\n<h2 class=\"wp-block-heading\">AYANEO Air Pro<\/h2>\n\n<h2 class=\"wp-block-heading\">21,6 mm<\/h2>\n\n<figure class=\"wp-block-image\"><img decoding=\"async\" src=\"https:\/\/droix.net\/wp-content\/uploads\/2022\/10\/1.png\" alt=\"\" title=\"AYA NEO AIR PRO 10\"\/><\/figure>\n\n<figure class=\"wp-block-image\"><img decoding=\"async\" src=\"https:\/\/droix.net\/wp-content\/uploads\/2022\/10\/2.png\" alt=\"\" title=\"AYA NEO AIR PRO 11\"\/><\/figure>\n\n<figure class=\"wp-block-image\"><img decoding=\"async\" src=\"https:\/\/droix.net\/wp-content\/uploads\/2022\/10\/6.png\" alt=\"\" title=\"AYA NEO AIR PRO 12\"\/><\/figure>\n\n<figure class=\"wp-block-image\"><img decoding=\"async\" src=\"https:\/\/droix.net\/wp-content\/uploads\/2022\/10\/3.png\" alt=\"\" title=\"AYA NEO AIR PRO 13\"\/><\/figure>\n\n<figure class=\"wp-block-image\"><img decoding=\"async\" src=\"https:\/\/droix.net\/wp-content\/uploads\/2022\/10\/8.png\" alt=\"\" title=\"AYA NEO AIR PRO 14\"\/><\/figure>\n\n<figure class=\"wp-block-image\"><img decoding=\"async\" src=\"https:\/\/droix.net\/wp-content\/uploads\/2022\/10\/4.png\" alt=\"\" title=\"AYA NEO AIR PRO 15\"\/><\/figure>\n\n<figure class=\"wp-block-image\"><img decoding=\"async\" src=\"https:\/\/droix.net\/wp-content\/uploads\/2022\/10\/5.png\" alt=\"\" title=\"AYA NEO AIR PRO 16\"\/><\/figure>\n\n<figure class=\"wp-block-image\"><img decoding=\"async\" src=\"https:\/\/droix.net\/wp-content\/uploads\/elementor\/thumbs\/7-q8z5dcnq498hbirw1mfy0omf1l06qm1syszlslccn4.png\" alt=\"7.png\" title=\"7.png\"\/><\/figure>\n\n<figure class=\"wp-block-image\"><img decoding=\"async\" src=\"https:\/\/droix.net\/wp-content\/uploads\/elementor\/thumbs\/9-q8z5dcnq498hbirw1mfy0omf1l06qm1syszlslccn4.png\" alt=\"9.png\" title=\"9.png\"\/><\/figure>\n\n<h2 class=\"wp-block-heading\">Ogl\u0105daj gry na wyra\u017anym wy\u015bwietlaczu OLED <\/h2>\n\n<h2 class=\"wp-block-heading\">Z 5,5-calowym ekranem AMOLED o wysokiej gamie kolor\u00f3w.<\/h2>\n\n<h2 class=\"wp-block-heading\">Efekt szerokiej gamy kolor\u00f3w, NTSC 109%, sprawia, \u017ce wy\u015bwietlacz jest bardziej realistyczny.<br\/>Dzi\u0119ki wsp\u00f3\u0142czynnikowi kontrastu do 100000:1, kolory s\u0105 bogatsze i bardziej \u017cywe.<br\/>Do\u015bwiadcz czystej czerni i wysokiego kontrastu obraz\u00f3w z ulubionych tytu\u0142\u00f3w. AYANEO Air ma najwy\u017csze PPI w\u015br\u00f3d urz\u0105dze\u0144 przeno\u015bnych do gier z systemem Windows, z 404 pikselami na cal. <\/h2>\n\n<figure class=\"wp-block-image\"><img decoding=\"async\" src=\"https:\/\/droix.net\/wp-content\/uploads\/2022\/10\/oled-info-1024x309.png\" alt=\"\" title=\"AYA NEO AIR PRO 17\"\/><\/figure>\n\n<h2 class=\"wp-block-heading\">Ultracienki i lekki<\/h2>\n\n<h2 class=\"wp-block-heading\">AYANEO Air zosta\u0142 opracowany z my\u015bl\u0105 o przeno\u015bno\u015bci i aby to osi\u0105gn\u0105\u0107, musieli\u015bmy po\u0142\u0105czy\u0107 i skompresowa\u0107 oko\u0142o 3500 komponent\u00f3w w tym urz\u0105dzeniu przeno\u015bnym do gier z systemem Windows.<br\/>W tym ultra przeno\u015bnym urz\u0105dzeniu przeno\u015bnym do gier znajduje si\u0119 sprz\u0119t uznawany za wart laptopa.<br\/>A \u017ceby zako\u0144czy\u0107 to pi\u0119kne opakowanie, tylko 2 \u015bruby s\u0105 widoczne dla u\u017cytkownika ko\u0144cowego.<\/h2>\n\n<h2 class=\"wp-block-heading\">Nowe podej\u015bcie do przeno\u015bnych urz\u0105dze\u0144 przeno\u015bnych<\/h2>\n\n<h2 class=\"wp-block-heading\">Wa\u017cy zaledwie 398 g*<\/h2>\n\n<figure class=\"wp-block-image\"><img decoding=\"async\" src=\"https:\/\/droix.net\/wp-content\/uploads\/2022\/10\/ayaneo_air-vs-switch.png\" alt=\"\" title=\"AYA NEO AIR PRO 18\"\/><\/figure>\n\n<h2 class=\"wp-block-heading\">AYANEO Air Lite* - 398g<br\/>AYANEO Air Standard - 398g<br\/>AYANEO Air Pro - 440g<\/h2>\n\n<h2 class=\"wp-block-heading\">Znacznie mniejszy ni\u017c Steam Deck<br\/> i jeszcze mniejszy ni\u017c Switch<\/h2>\n\n<figure class=\"wp-block-image\"><img decoding=\"async\" src=\"https:\/\/droix.net\/wp-content\/uploads\/2022\/10\/ayaneo-sd-switch.png\" alt=\"\" title=\"AYA NEO AIR PRO 19\"\/><\/figure>\n\n<h2 class=\"wp-block-heading\">398g AYANEO Air<\/h2>\n\n<h2 class=\"wp-block-heading\">223,9\u00d789,4&#215;18 mm<\/h2>\n\n<h2 class=\"wp-block-heading\">420g Nintendo Switch<\/h2>\n\n<h2 class=\"wp-block-heading\">242x102x13.9mm<\/h2>\n\n<h2 class=\"wp-block-heading\">669g Steam Deck<\/h2>\n\n<h2 class=\"wp-block-heading\">298x117x20mm<\/h2>\n\n<h2 class=\"wp-block-heading\">Gry AAA w podr\u00f3\u017cy?<\/h2>\n\n<h2 class=\"wp-block-heading\">AYANEO Air jest wyposa\u017cony w moc RED, wyposa\u017con\u0105 w procesor AMD Ryzen 5 5560U lub 5825U (dost\u0119pny tylko w AYANEO Air Pro).<br\/>Te procesory APU nie tylko \u015bwietnie sprawdzaj\u0105 si\u0119 w grach, ale tak\u017ce oferuj\u0105 ni\u017cszy pob\u00f3r mocy - pozwalaj\u0105c na d\u0142u\u017csze granie w ulubione gry.<\/h2>\n\n<figure class=\"wp-block-image\"><img decoding=\"async\" src=\"https:\/\/droix.net\/wp-content\/uploads\/2022\/10\/cpu-1-1-300x300.png\" alt=\"\" title=\"AYA NEO AIR PRO 20\"\/><\/figure>\n\n<h2 class=\"wp-block-heading\">Dzi\u0119ki procesowi technologicznemu 7nn opracowanemu przez TSMC, AYANEO Air oszcz\u0119dza energi\u0119, zachowuj\u0105c wysok\u0105 wydajno\u015b\u0107 w ulubionych tytu\u0142ach.<\/h2>\n\n<figure class=\"wp-block-image\"><img decoding=\"async\" src=\"https:\/\/droix.net\/wp-content\/uploads\/2022\/10\/cpu-2-1-300x300.png\" alt=\"\" title=\"AYA NEO AIR PRO 21\"\/><\/figure>\n\n<h2 class=\"wp-block-heading\">Dost\u0119pny tylko w AYANEO Air Pro, procesor AMD Ryzen 7 5825U APU dzia\u0142a z cz\u0119stotliwo\u015bci\u0105 o 100 Mhz wy\u017csz\u0105 ni\u017c 5800U i jest idealny do gier w podr\u00f3\u017cy.<\/h2>\n\n<h2 class=\"wp-block-heading\">Dowiedz si\u0119 wi\u0119cej o swoich ulubionych grach<\/h2>\n\n<figure class=\"wp-block-image\"><img decoding=\"async\" src=\"https:\/\/droix.net\/wp-content\/uploads\/2022\/08\/games-1.png\" alt=\"gry-1\" title=\"AYA NEO AIR PRO 22\"\/><\/figure>\n\n<figure class=\"wp-block-image\"><img decoding=\"async\" src=\"https:\/\/droix.net\/wp-content\/uploads\/2022\/08\/games-2.png\" alt=\"gry-2\" title=\"AYA NEO AIR PRO 23\"\/><\/figure>\n\n<figure class=\"wp-block-image\"><img decoding=\"async\" src=\"https:\/\/droix.net\/wp-content\/uploads\/elementor\/thumbs\/ayaneo-master-q8z5dcnq497mmmrgjif980vegtbvts312kqur5jx8g.png\" alt=\"ayaneo-master.png\" title=\"ayaneo-master.png\"\/><\/figure>\n\n<h2 class=\"wp-block-heading\">Zosta\u0144 mistrzem na polu bitwy z GuliKit.<\/h2>\n\n<h2 class=\"wp-block-heading\">AYANEOwe wsp\u00f3\u0142pracy z firm\u0105 GuliKit po\u015bwi\u0119cili\u015bmy si\u0119 dostarczaniu najlepszych wra\u017ce\u0144 w grach. Ten PC Gaming Handheld jest pierwszym modelem wyposa\u017conym w wysokiej jako\u015bci joysticki GuliKit. <\/h2>\n\n<figure class=\"wp-block-image\"><img decoding=\"async\" src=\"https:\/\/droix.net\/wp-content\/uploads\/elementor\/thumbs\/gulikit-logo-q8z5dcnq497ijbaloaorilpee1n1klosjvnack8xkw.png\" alt=\"gulikit-logo.png\" title=\"gulikit-logo.png\"\/><\/figure>\n\n<figure class=\"wp-block-image\"><img decoding=\"async\" src=\"https:\/\/droix.net\/wp-content\/uploads\/2022\/10\/ayaneo-joystick-device.png\" alt=\"\" title=\"AYA NEO AIR PRO 24\"\/><\/figure>\n\n<h2 class=\"wp-block-heading\">Joysticki bez martwej strefy<\/h2>\n\n<h2 class=\"wp-block-heading\">Wewn\u0119trzne i zewn\u0119trzne okr\u0119gi s\u0105 w 100% wolne od &#8222;martwej strefy\"<br\/>Jest to idealne rozwi\u0105zanie dla gier FPS.<\/h2>\n\n<h2 class=\"wp-block-heading\">Regulacja czu\u0142o\u015bci wyzwalacza<\/h2>\n\n<h2 class=\"wp-block-heading\">Korzystaj\u0105c z AYA Space, mo\u017cna \u0142atwo kontrolowa\u0107 skok naci\u015bni\u0119cia spustu. Pozwoli to na naci\u015bni\u0119cie spustu w 50%, aby uzyska\u0107 pe\u0142ny efekt. <\/h2>\n\n<h2 class=\"wp-block-heading\">Zerowy pob\u00f3r mocy w trybie gotowo\u015bci<\/h2>\n\n<h2 class=\"wp-block-heading\">Mo\u017cesz wy\u0142\u0105czy\u0107 kontrolery w AYA Space, co pozwoli zaoszcz\u0119dzi\u0107 energi\u0119.<\/h2>\n\n<h2 class=\"wp-block-heading\">Zamiana kluczy A-B X-Y<\/h2>\n\n<h2 class=\"wp-block-heading\">Przyzwyczajony do japo\u0144skiego uk\u0142adu? Nie ma problemu! Dzi\u0119ki AYA Space mo\u017cesz zmieni\u0107 uk\u0142ad.  <\/h2>\n\n<figure class=\"wp-block-image\"><img decoding=\"async\" src=\"https:\/\/droix.net\/wp-content\/uploads\/2022\/10\/11.png\" alt=\"\" title=\"AYA NEO AIR PRO 25\"\/><\/figure>\n\n<h2 class=\"wp-block-heading\">Brak znoszenia<\/h2>\n\n<h2 class=\"wp-block-heading\">AYANEO Joysticki Air wykorzystuj\u0105 elektromagnetyczne rockery, aby zapewni\u0107 brak dryftu joysticka.<\/h2>\n\n<figure class=\"wp-block-image\"><img decoding=\"async\" src=\"https:\/\/droix.net\/wp-content\/uploads\/2022\/10\/22.png\" alt=\"\" title=\"AYA NEO AIR PRO 26\"\/><\/figure>\n\n<h2 class=\"wp-block-heading\">Brak martwej strefy<\/h2>\n\n<h2 class=\"wp-block-heading\">Joysticki AYANEO Air nie maj\u0105 martwej strefy w \u015brodkowych i zewn\u0119trznych pier\u015bcieniach joystick\u00f3w.<\/h2>\n\n<figure class=\"wp-block-image\"><img decoding=\"async\" src=\"https:\/\/droix.net\/wp-content\/uploads\/2022\/10\/33.png\" alt=\"\" title=\"AYA NEO AIR PRO 27\"\/><\/figure>\n\n<h2 class=\"wp-block-heading\">Wysoka precyzja<\/h2>\n\n<h2 class=\"wp-block-heading\">Umo\u017cliwiaj\u0105c oddawanie trudnych do zdobycia strza\u0142\u00f3w w grach FPS i p\u0142ynne sterowanie pojazdem w grach samochodowych.<\/h2>\n\n<figure class=\"wp-block-image\"><img decoding=\"async\" src=\"https:\/\/droix.net\/wp-content\/uploads\/2022\/10\/44.png\" alt=\"\" title=\"AYA NEO AIR PRO 28\"\/><\/figure>\n\n<h2 class=\"wp-block-heading\">D\u0142uga \u017cywotno\u015b\u0107<\/h2>\n\n<h2 class=\"wp-block-heading\">Joysticki Hall maj\u0105 \u017cywotno\u015b\u0107 5 milion\u00f3w u\u017cy\u0107. Zapewni to, \u017ce urz\u0105dzenie AYANEO Air b\u0119dzie zachowywa\u0107 si\u0119 <\/h2>\n\n<h2 class=\"wp-block-heading\">WY\u0141\u0104CZNIE na AYANEO Urz\u0105dzenia<\/h2>\n\n<h2 class=\"wp-block-heading\">AYA Space<\/h2>\n\n<h2 class=\"wp-block-heading\">AYA Space umo\u017cliwia zarz\u0105dzanie i uruchamianie ulubionych gier w ci\u0105gu kilku sekund.<br\/>Dzi\u0119ki AYA Space mo\u017cesz ustawi\u0107 profile wydajno\u015bci dla poszczeg\u00f3lnych gier i kontrolowa\u0107 g\u0142\u00f3wne funkcje urz\u0105dzenia.<br\/> AYANEO Air jest wyposa\u017cony w dedykowany przycisk AYA Space, kt\u00f3ry mo\u017ce \u0142atwo wywo\u0142a\u0107 nak\u0142adk\u0119, umo\u017cliwiaj\u0105c regulacj\u0119 jasno\u015bci, g\u0142o\u015bno\u015bci i TDP - wszystko za dotkni\u0119ciem przycisku.<\/h2>\n\n<figure class=\"wp-block-image\"><img decoding=\"async\" src=\"https:\/\/droix.net\/wp-content\/uploads\/2022\/10\/ayaspace-ui-768x625.png\" alt=\"\" title=\"AYA NEO AIR PRO 29\"\/><\/figure>\n\n<h2 class=\"wp-block-heading\">Szybka pami\u0119\u0107 masowa, wewn\u0119trzna lub zewn\u0119trzna<\/h2>\n\n<h2 class=\"wp-block-heading\">Wewn\u0119trzny SSD<\/h2>\n\n<h2 class=\"wp-block-heading\">Wbudowana szybka karta NVMe SSD o pojemno\u015bci do 2 TB<\/h2>\n\n<figure class=\"wp-block-image\"><img decoding=\"async\" src=\"https:\/\/droix.net\/wp-content\/uploads\/2022\/10\/storage-1.png\" alt=\"\" title=\"AYA NEO AIR PRO 30\"\/><\/figure>\n\n<h2 class=\"wp-block-heading\">Gniazdo kart TF\/Micro SD<\/h2>\n\n<h2 class=\"wp-block-heading\">Umo\u017cliwia \u0142atw\u0105 rozbudow\u0119 pami\u0119ci wewn\u0119trznej.<\/h2>\n\n<figure class=\"wp-block-image\"><img decoding=\"async\" src=\"https:\/\/droix.net\/wp-content\/uploads\/2022\/10\/storage-2.png\" alt=\"\" title=\"AYA NEO AIR PRO 31\"\/><\/figure>\n\n<figure class=\"wp-block-image\"><img decoding=\"async\" src=\"https:\/\/droix.net\/wp-content\/uploads\/2022\/10\/multi-use.jpg\" alt=\"\" title=\"AYA NEO AIR PRO 32\"\/><\/figure>\n","protected":false},"excerpt":{"rendered":"<ul>\n<li>AMD <strong>Ryzen<\/strong> <strong>5 5560U<\/strong> \/ AMD <strong>Ryzen 7 5825U<\/strong><\/li>\n<li><strong>16 GB<\/strong> LPDDR4x przy 4266 MHz<\/li>\n<li><strong>do 1 TB na<\/strong> szybkim z\u0142\u0105czu PCI-E <strong>M.2<\/strong> 2280 SSD<\/li>\n<li>Ekran dotykowy <strong>5,5<\/strong> \" <strong> OLED<\/strong> <\/li>\n<li>Obs\u0142uga <strong>WiFi 6<\/strong> i <strong>Bluetooth 5.2<\/strong> <\/li>\n<\/ul>\n[cg_accordion title=\"Gwarancja\"]<\/p>\n<p>Urz\u0105dzenie AYANEO AIR PRO jest obj\u0119te roczn\u0105 gwarancj\u0105 firmy <a href=\"https:\/\/droix.net\/\">DROIX<\/a> Global. [\/cg_accordion]\n[cg_accordion title=\"Ceny, podatki i wysy\u0142ka\"]<\/p>\n<p><strong><u>Uwaga:<\/u><\/strong><\/p>\n<ul>\n<li>Klienci ze Stan\u00f3w Zjednoczonych: Wy\u015bwietlana cena zawiera obowi\u0105zuj\u0105cy PODATEK zgodnie ze stanem.<\/li>\n<li>Klienci z UE: Wy\u015bwietlana cena zawiera obowi\u0105zuj\u0105cy PODATEK, kt\u00f3ry mo\u017ce wynosi\u0107 do 25% w zale\u017cno\u015bci od kraju.<\/li>\n<li>Klienci z Kanady: Wy\u015bwietlana cena zawiera obowi\u0105zuj\u0105ce podatki, kt\u00f3re mog\u0105 obejmowa\u0107 5% GST i dodatkowe prowincjonalne podatki od sprzeda\u017cy (PST), zharmonizowany podatek od sprzeda\u017cy (HST) lub podatek od sprzeda\u017cy w Quebecu (QST), w zale\u017cno\u015bci od prowincji.<\/li>\n<\/ul>\n<p>[\/cg_accordion]\n[cg_accordion title=\"Wysy\u0142ka i zwroty\"]<\/p>\n<p>Organizowane przez <a href=\"https:\/\/droix.net\/\" target=\"_blank\" rel=\"nofollow noopener\">DROIX<\/a>, oficjalnego dystrybutora AYANEO, wysy\u0142amy za pomoc\u0105 DHL Express DDP (Delivered Duty Paid). Oznacza to: <\/p>\n<p>Express DDP (Delivered Duty Paid). Oznacza to: <\/p>\n<ul>\n<li>Wszystkie op\u0142aty celne i podatki s\u0105 wliczone w cen\u0119 wy\u015bwietlan\u0105 na stronie produktu.<\/li>\n<li>Przy dostawie nie trzeba b\u0119dzie uiszcza\u0107 \u017cadnych dodatkowych op\u0142at.<\/li>\n<li>W rzadkich przypadkach zwi\u0105zanych z kwestiami celnymi nasz zesp\u00f3\u0142 zajmie si\u0119 procesem odprawy celnej w Twoim imieniu, aby zapewni\u0107 sprawn\u0105 dostaw\u0119.<\/li>\n<p>Wa\u017cne informacje dotycz\u0105ce zwrot\u00f3w:<\/p>\n<li>Je\u015bli zdecydujesz si\u0119 zwr\u00f3ci\u0107 zam\u00f3wienie lub za\u017c\u0105da\u0107 zwrotu pieni\u0119dzy, pami\u0119taj, \u017ce podatki i c\u0142a zap\u0142acone w Twoim imieniu zgodnie z warunkami DDP nie mog\u0105 zosta\u0107 zwr\u00f3cone.<\/li>\n<p>Szczeg\u00f3\u0142owe informacje mo\u017cna znale\u017a\u0107 w naszym <a href=\"https:\/\/ayaneo.co\/terms-of-service-2\/\" target=\"_blank\" rel=\"nofollow noopener\">Regulaminie<\/a>.\n<\/ul>\n<p>[\/cg_accordion]\n[cg_accordion title=\"Obs\u0142uga klienta\"]<\/p>\n<p>Masz pytanie? Wystarczy kr\u00f3tka wiadomo\u015b\u0107 tekstowa, aby rozwi\u0105za\u0107 Tw\u00f3j problem! [\/cg_accordion]\n[cg_accordion title=\"Pakiet zawiera\"]<\/p>\n<ul>\n<li>1x AYANEO AIR PRO Gaming Handheld<\/li>\n<li>1x Kabel USB typu C<\/li>\n<li>1x Zasilacz<\/li>\n<li>1x Instrukcja obs\u0142ugi<\/li>\n<\/ul>\n<p>[\/cg_accordion]\n","protected":false},"featured_media":12522,"template":"","meta":{"_acf_changed":false},"product_brand":[],"product_cat":[546],"product_tag":[],"class_list":{"0":"post-12947","1":"product","2":"type-product","3":"status-publish","4":"has-post-thumbnail","6":"product_cat-reczne-komputery-do-gier","7":"product_shipping_class-premium","8":"pa_brand-ayaneo","9":"pa_graphics-gpu-model-radeon-graphics","10":"pa_operating-system-windows-11-home","11":"pa_processor-cpu-brand-amd","13":"first","14":"outofstock","15":"taxable","16":"shipping-taxable","17":"purchasable","18":"product-type-variable","19":"has-default-attributes"},"acf":[],"_links":{"self":[{"href":"https:\/\/ayaneo.co\/pl\/wp-json\/wp\/v2\/product\/12947","targetHints":{"allow":["GET"]}}],"collection":[{"href":"https:\/\/ayaneo.co\/pl\/wp-json\/wp\/v2\/product"}],"about":[{"href":"https:\/\/ayaneo.co\/pl\/wp-json\/wp\/v2\/types\/product"}],"wp:featuredmedia":[{"embeddable":true,"href":"https:\/\/ayaneo.co\/pl\/wp-json\/wp\/v2\/media\/12522"}],"wp:attachment":[{"href":"https:\/\/ayaneo.co\/pl\/wp-json\/wp\/v2\/media?parent=12947"}],"wp:term":[{"taxonomy":"product_brand","embeddable":true,"href":"https:\/\/ayaneo.co\/pl\/wp-json\/wp\/v2\/product_brand?post=12947"},{"taxonomy":"product_cat","embeddable":true,"href":"https:\/\/ayaneo.co\/pl\/wp-json\/wp\/v2\/product_cat?post=12947"},{"taxonomy":"product_tag","embeddable":true,"href":"https:\/\/ayaneo.co\/pl\/wp-json\/wp\/v2\/product_tag?post=12947"}],"curies":[{"name":"wp","href":"https:\/\/api.w.org\/{rel}","templated":true}]}}