{"id":13020,"date":"2025-01-28T11:05:14","date_gmt":"2025-01-28T11:05:14","guid":{"rendered":"https:\/\/ayaneo.co\/product\/przenosny-monitor-droix-pm14-4k\/"},"modified":"2025-06-06T10:40:41","modified_gmt":"2025-06-06T10:40:41","slug":"przenosny-monitor-droix-pm14-4k","status":"publish","type":"product","link":"https:\/\/ayaneo.co\/pl\/product\/przenosny-monitor-droix-pm14-4k\/","title":{"rendered":"Przeno\u015bny monitor DroiX PM14 4K"},"content":{"rendered":"\n<div class=\"wp-block-columns is-layout-flex wp-container-core-columns-is-layout-28f84493 wp-block-columns-is-layout-flex\">\n<div class=\"wp-block-column is-layout-flow wp-block-column-is-layout-flow\" style=\"flex-basis:33.33%\">\n<figure class=\"wp-block-image size-large\"><a href=\"https:\/\/droix.net\/wp-content\/uploads\/2024\/05\/DROIX-PM14-LISTING-V2-DONE-01-NON-TOUCH.png\" target=\"_blank\" rel=\"noopener\"><img decoding=\"async\" src=\"https:\/\/droix.net\/wp-content\/uploads\/2024\/05\/DROIX-PM14-LISTING-V2-DONE-01-NON-TOUCH-1024x1024.png\" alt=\"Obraz przeno&#x15B;nego monitora DroiX, 14 cali, 4K, ultra cienki&quot;\" class=\"wp-image-179745\"\/><\/a><\/figure>\n<\/div>\n\n\n\n<div class=\"wp-block-column is-layout-flow wp-block-column-is-layout-flow\" style=\"flex-basis:66.66%\">\n<h3 class=\"wp-block-heading\"><strong>DroiX PM14 - 14,0-calowy ultracienki monitor przeno\u015bny 4K<\/strong><\/h3>\n\n\n\n<p>Odkryj najnowocze\u015bniejsze osi\u0105gni\u0119cia w technologii wy\u015bwietlania dzi\u0119ki DroiX PM14, 14,0-calowemu ultracienkiemu monitorowi przeno\u015bnemu dost\u0119pnemu zar\u00f3wno w wersji z ekranem dotykowym, jak i bez niego. To innowacyjne urz\u0105dzenie wyznacza nowe standardy w dziedzinie komputer\u00f3w mobilnych, \u0142\u0105cz\u0105c solidn\u0105 wydajno\u015b\u0107 z wyj\u0105tkow\u0105 przeno\u015bno\u015bci\u0105 i nowoczesnym wzornictwem. Niezale\u017cnie od tego, czy jeste\u015b profesjonalist\u0105, czy entuzjast\u0105 rozrywki, przeno\u015bny monitor DroiX PM14 4K zosta\u0142 zaprojektowany tak, aby p\u0142ynnie zintegrowa\u0107 si\u0119 z Twoim dynamicznym stylem \u017cycia, zapewniaj\u0105c niezb\u0119dn\u0105 wszechstronno\u015b\u0107, niezale\u017cnie od tego, czy jeste\u015b w domu, w biurze, czy w podr\u00f3\u017cy.  <\/p>\n<\/div>\n<\/div>\n\n<h3 class=\"wp-block-heading\"><strong>Przegl\u0105d produkt\u00f3w<\/strong><\/h3>\n\n<figure class=\"wp-block-image aligncenter size-large\"><a href=\"https:\/\/droix.net\/wp-content\/uploads\/2024\/04\/1080P-FHD.jpg\" target=\"_blank\" rel=\"noopener\"><img decoding=\"async\" src=\"https:\/\/droix.net\/wp-content\/uploads\/2024\/04\/1080P-FHD-1024x420.jpg\" alt=\"Wizerunek przeno&#x15B;nego monitora DroiX, 14 cali, 4K, Ultra Thin, z wyra&#x17A;n&#x105; rozdzielczo&#x15B;ci&#x105; 3840x2160 UHD z &#x17C;ywymi kolorami i niesamowit&#x105; szczeg&#xF3;&#x142;owo&#x15B;ci&#x105;, 100% gam&#x105; kolor&#xF3;w DCI-P3 i obs&#x142;ug&#x105; HDR400\" class=\"wp-image-178360\"\/><\/a><\/figure>\n\n<p>Przeno\u015bny monitor DroiX PM14 prezentuje nowoczesn\u0105 in\u017cynieri\u0119 w najlepszym wydaniu, oferuj\u0105c \u017cyw\u0105 rozdzielczo\u015b\u0107 UHD 3840&#215;2160, kt\u00f3ra o\u017cywia tre\u015bci \u017cywymi kolorami i wyj\u0105tkow\u0105 szczeg\u00f3\u0142owo\u015bci\u0105. Wyposa\u017cony w 100% gam\u0119 kolor\u00f3w DCI-P3 i obs\u0142ug\u0119 HDR400, zapewnia osza\u0142amiaj\u0105ce efekty wizualne charakteryzuj\u0105ce si\u0119 g\u0142\u0119bok\u0105 czerni\u0105 i jasn\u0105 biel\u0105. Jego smuk\u0142y profil i lekka konstrukcja zapewniaj\u0105 maksymaln\u0105 przeno\u015bno\u015b\u0107 bez uszczerbku dla jako\u015bci i wydajno\u015bci.  <\/p>\n\n<figure class=\"wp-block-image aligncenter size-large\"><a href=\"https:\/\/droix.net\/wp-content\/uploads\/2024\/04\/Color.jpg\" target=\"_blank\" rel=\"noopener\"><img decoding=\"async\" src=\"https:\/\/droix.net\/wp-content\/uploads\/2024\/04\/Color-1024x406.jpg\" alt=\"Przeno&#x15B;ny monitor DroiX, 14 cali, 4K, Ultra Thin, ze 100% gam&#x105; kolor&#xF3;w DCI-P3 i obs&#x142;ug&#x105; HDR400 dla osza&#x142;amiaj&#x105;cego obrazu z g&#x142;&#x119;bok&#x105; czerni&#x105; i jasn&#x105; biel&#x105;. Smuk&#x142;y profil i lekka konstrukcja zapewniaj&#x105; maksymaln&#x105; przeno&#x15B;no&#x15B;&#x107; bez po&#x15B;wi&#x119;cania jako&#x15B;ci lub wydajno&#x15B;ci. \" class=\"wp-image-178361\"\/><\/a><\/figure>\n\n<p>Zaprojektowany z my\u015bl\u0105 o ergonomii, DroiX PM14 oferuje przyjazne dla u\u017cytkownika pokr\u0119t\u0142o sterowania i wszechstronne opcje \u0142\u0105czno\u015bci, takie jak Mini HDMI i wiele port\u00f3w USB-C. Dzi\u0119ki temu mo\u017cna go dostosowa\u0107 do wszystkich urz\u0105dze\u0144, niezale\u017cnie od tego, czy grasz na PlayStation, edytujesz filmy na komputerze Mac, czy prezentujesz z laptopa. PM14 p\u0142ynnie integruje si\u0119 z ka\u017cd\u0105 konfiguracj\u0105, oferuj\u0105c niskie zu\u017cycie energii i wysok\u0105 wydajno\u015b\u0107, dzi\u0119ki czemu mo\u017cesz pracowa\u0107 d\u0142u\u017cej bez obawy o wyczerpanie baterii urz\u0105dze\u0144.  <\/p>\n\n<figure class=\"wp-block-image aligncenter size-large\"><a href=\"https:\/\/droix.net\/wp-content\/uploads\/2024\/04\/Modes.jpg\" target=\"_blank\" rel=\"noopener\"><img decoding=\"async\" src=\"https:\/\/droix.net\/wp-content\/uploads\/2024\/04\/Modes-1024x419.jpg\" alt=\"Obraz przeno&#x15B;nego monitora DroiX, 14 cali, 4K, ultra cienki, kompatybilny z laptopami, komputerami Mac, smartfonami, tabletami, komputerami PC, PS3\/4\/5, Xbox i Switch\" class=\"wp-image-178357\"\/><\/a><\/figure>\n\n<h3 class=\"wp-block-heading\"><strong>Szczeg\u00f3\u0142owe funkcje<\/strong><\/h3>\n\n<ul class=\"wp-block-list\">\n<li>Wydajno\u015b\u0107: Przeno\u015bny monitor DroiX PM14 4K zapewnia responsywne i wci\u0105gaj\u0105ce wra\u017cenia wizualne dzi\u0119ki cz\u0119stotliwo\u015bci od\u015bwie\u017cania 60 Hz i szybko\u015bci reakcji 2,5 ms, zapewniaj\u0105c p\u0142ynny ruch i ostry obraz nawet podczas szybkich scen. Oferuje luminancj\u0119 500 cd\/m\u00b2 i wsp\u00f3\u0142czynnik kontrastu 1500:1, zapewniaj\u0105c doskona\u0142\u0105 widoczno\u015b\u0107 w r\u00f3\u017cnych warunkach o\u015bwietleniowych. <\/li>\n\n\n\n<li>\u0141\u0105czno\u015b\u0107: DroiX PM14 oferuje wszechstronne opcje \u0142\u0105czno\u015bci, w tym dwa porty USB-C do zasilania i przesy\u0142ania danych wideo, dodatkowy port USB-C do urz\u0105dze\u0144 peryferyjnych, takich jak klawiatury i myszy, port Mini HDMI do konwencjonalnych po\u0142\u0105cze\u0144 wideo oraz gniazdo audio do prywatnego s\u0142uchania.<\/li>\n<\/ul>\n\n<figure class=\"wp-block-image aligncenter size-large\"><a href=\"https:\/\/droix.net\/wp-content\/uploads\/2024\/04\/interface.jpg\" target=\"_blank\" rel=\"noopener\"><img decoding=\"async\" src=\"https:\/\/droix.net\/wp-content\/uploads\/2024\/04\/interface-1024x1024.jpg\" alt=\"Obraz przeno&#x15B;nego monitora DroiX PM14, obs&#x142;uguj&#x105;cego szerok&#x105; gam&#x119; urz&#x105;dze&#x144; HDMI i Type-C, zwi&#x119;kszaj&#x105;c kompatybilno&#x15B;&#x107; w ekosystemach cyfrowych. Idealny dla graczy, kreatywnych profesjonalist&#xF3;w na komputerach Mac i profesjonalist&#xF3;w biznesowych potrzebuj&#x105;cych dodatkowego ekranu. Przyjazny dla u&#x17C;ytkownika w systemie Windows z konfiguracj&#x105; plug-and-play dla bezproblemowego u&#x17C;ytkowania  \" class=\"wp-image-178362\"\/><\/a><\/figure>\n\n<h3 class=\"wp-block-heading\"><strong>Do\u015bwiadczenie u\u017cytkownika<\/strong><\/h3>\n\n<p>DroiX PM14 obs\u0142uguje szerok\u0105 gam\u0119 urz\u0105dze\u0144 HDMI i Type-C, zapewniaj\u0105c kompatybilno\u015b\u0107 w r\u00f3\u017cnych ekosystemach cyfrowych. Niezale\u017cnie od tego, czy jeste\u015b graczem szukaj\u0105cym przeno\u015bnego monitora, kreatywnym profesjonalist\u0105 korzystaj\u0105cym z komputera Mac, czy te\u017c dyrektorem biznesowym potrzebuj\u0105cym dodatkowego ekranu do prezentacji, PM14 bez trudu dostosowuje si\u0119 do Twoich potrzeb. Doskonale sprawdza si\u0119 w \u015brodowiskach Windows dzi\u0119ki przyjaznej dla u\u017cytkownika konfiguracji plug-and-play, umo\u017cliwiaj\u0105c p\u0142ynne przej\u015bcie do pracy lub zabawy bez \u017cadnych k\u0142opot\u00f3w.  <\/p>\n\n<figure class=\"wp-block-image aligncenter size-large\"><a href=\"https:\/\/droix.net\/wp-content\/uploads\/2024\/04\/portable1.jpg\" target=\"_blank\" rel=\"noopener\"><img decoding=\"async\" src=\"https:\/\/droix.net\/wp-content\/uploads\/2024\/04\/portable1-1024x483.jpg\" alt=\"Obraz przeno&#x15B;nego monitora DroiX, 14 cali, 4K, ultra cienki, lekki i przeno&#x15B;ny\" class=\"wp-image-178358\"\/><\/a><\/figure>\n\n<h3 class=\"wp-block-heading\"><strong>Wnioski<\/strong><\/h3>\n\n<p>Przeno\u015bny monitor DroiX PM14 to najnowocze\u015bniejsze rozwi\u0105zanie, kt\u00f3re \u0142\u0105czy w sobie doskona\u0142\u0105 funkcjonalno\u015b\u0107, wyj\u0105tkowe wzornictwo i swobod\u0119 przenoszenia. To co\u015b wi\u0119cej ni\u017c tylko monitor; to brama do zwi\u0119kszenia produktywno\u015bci i rozrywki, gdziekolwiek jeste\u015b. <\/p>\n\n<p>Odkryj przysz\u0142o\u015b\u0107 przeno\u015bnych monitor\u00f3w do laptop\u00f3w z DroiX PM14. Nie przegap okazji i zarezerwuj sw\u00f3j monitor ju\u017c teraz, aby by\u0107 jednym z pierwszych, kt\u00f3rzy podnios\u0105 jako\u015b\u0107 ogl\u0105dania w podr\u00f3\u017cy! <\/p>\n","protected":false},"excerpt":{"rendered":"<ul>\n<li>Wy\u015bwietlacz 4K 14&#8243;<strong> HDR400<\/strong> <\/li>\n<li>100% pokrycia<strong> DCI-P3<\/strong> <\/li>\n<li>Jasno\u015b\u0107 500 <strong>nit\u00f3w<\/strong> <\/li>\n<li><strong> Wbudowana<\/strong> podp\u00f3rka<\/li>\n<li> <strong> Wbudowane<\/strong> g\u0142o\u015bniki<\/li>\n<\/ul>\n[cg_accordion title=\"INFORMACJE O P\u0141ATNO\u015aCIACH\"]<\/p>\n<p>Korzystamy z najnowszej technologii przetwarzania p\u0142atno\u015bci, kt\u00f3ra umo\u017cliwia dokonywanie p\u0142atno\u015bci za po\u015brednictwem Apple Pay, Google Pay, karty debetowej\/kredytowej, PayPal lub metod BNPL, takich jak Klarna, Affirm lub AfterPay, zapewniaj\u0105c szybkie i bezpieczne do\u015bwiadczenie.[\/cg_accordion]\n[cg_accordion title=\"GWARANCJA\"]<\/p>\n<p>1-letnia gwarancja od <a href=\"https:\/\/droix.net\/\" target=\"_blank\" rel=\"nofollow noopener\">DROIX<\/a> Global dla Twojego spokoju ducha[\/cg_accordion]\n[cg_accordion title=\"CENY, PODATKI I WYSY\u0141KA\"]<\/p>\n<p><strong><u>Uwaga:<\/u><\/strong><\/p>\n<ul>\n<li>Klienci ze Stan\u00f3w Zjednoczonych: Wy\u015bwietlana cena NIE ZAWIERA PODATKU ani c\u0142a. Odpowiedzialno\u015b\u0107 za odpraw\u0119 celn\u0105 i zap\u0142at\u0119 wszelkich powi\u0105zanych podatk\u00f3w \/ ce\u0142 spoczywa na kliencie. <\/li>\n<li>Klienci z UE: Wy\u015bwietlana cena zawiera obowi\u0105zuj\u0105cy PODATEK, kt\u00f3ry mo\u017ce wynosi\u0107 do 25% w zale\u017cno\u015bci od kraju.<\/li>\n<li>Klienci z Kanady: Wy\u015bwietlana cena zawiera obowi\u0105zuj\u0105ce podatki, kt\u00f3re mog\u0105 obejmowa\u0107 5% GST i dodatkowe prowincjonalne podatki od sprzeda\u017cy (PST), zharmonizowany podatek od sprzeda\u017cy (HST) lub podatek od sprzeda\u017cy w Quebecu (QST), w zale\u017cno\u015bci od prowincji.<\/li>\n<\/ul>\n<p><strong>TYLKO dla klient\u00f3w z UE:<\/strong> Express DDP (Delivered Duty Paid). Oznacza to: <\/p>\n<ul>\n<li>Wszystkie op\u0142aty celne i podatki s\u0105 wliczone w cen\u0119 wy\u015bwietlan\u0105 na stronie produktu.<\/li>\n<li>Przy dostawie nie trzeba b\u0119dzie uiszcza\u0107 \u017cadnych dodatkowych op\u0142at.<\/li>\n<li>W rzadkich przypadkach zwi\u0105zanych z kwestiami celnymi nasz zesp\u00f3\u0142 zajmie si\u0119 procesem odprawy celnej w Twoim imieniu, aby zapewni\u0107 sprawn\u0105 dostaw\u0119.<\/li>\n<p>Wa\u017cne informacje dotycz\u0105ce zwrot\u00f3w:<\/p>\n<li>Je\u015bli zdecydujesz si\u0119 zwr\u00f3ci\u0107 zam\u00f3wienie lub za\u017c\u0105da\u0107 zwrotu pieni\u0119dzy, pami\u0119taj, \u017ce podatki i c\u0142a zap\u0142acone w Twoim imieniu zgodnie z warunkami DDP nie mog\u0105 zosta\u0107 zwr\u00f3cone.<\/li>\n<p>Szczeg\u00f3\u0142owe informacje mo\u017cna znale\u017a\u0107 w naszym <a href=\"https:\/\/ayaneo.co\/pl\/warunki-swiadczenia-uslug\/\" target=\"_blank\" rel=\"nofollow noopener\">Regulaminie<\/a>.\n<\/ul>\n<p>[\/cg_accordion]\n[cg_accordion title=\"OBS\u0141UGA KLIENTA\"]<\/p>\n<p>Masz pytanie? Wystarczy kr\u00f3tka wiadomo\u015b\u0107 tekstowa, aby rozwi\u0105za\u0107 Tw\u00f3j problem!<br \/>\n[\/cg_accordion]\n","protected":false},"featured_media":8062,"template":"","meta":{"_acf_changed":false},"product_brand":[],"product_cat":[1019],"product_tag":[],"class_list":{"0":"post-13020","1":"product","2":"type-product","3":"status-publish","4":"has-post-thumbnail","6":"product_cat-monitory-przenosne","7":"product_shipping_class-standard","8":"pa_brand-droix","10":"first","11":"outofstock","12":"sale","13":"taxable","14":"shipping-taxable","15":"purchasable","16":"product-type-variable","17":"has-default-attributes"},"acf":[],"_links":{"self":[{"href":"https:\/\/ayaneo.co\/pl\/wp-json\/wp\/v2\/product\/13020","targetHints":{"allow":["GET"]}}],"collection":[{"href":"https:\/\/ayaneo.co\/pl\/wp-json\/wp\/v2\/product"}],"about":[{"href":"https:\/\/ayaneo.co\/pl\/wp-json\/wp\/v2\/types\/product"}],"wp:featuredmedia":[{"embeddable":true,"href":"https:\/\/ayaneo.co\/pl\/wp-json\/wp\/v2\/media\/8062"}],"wp:attachment":[{"href":"https:\/\/ayaneo.co\/pl\/wp-json\/wp\/v2\/media?parent=13020"}],"wp:term":[{"taxonomy":"product_brand","embeddable":true,"href":"https:\/\/ayaneo.co\/pl\/wp-json\/wp\/v2\/product_brand?post=13020"},{"taxonomy":"product_cat","embeddable":true,"href":"https:\/\/ayaneo.co\/pl\/wp-json\/wp\/v2\/product_cat?post=13020"},{"taxonomy":"product_tag","embeddable":true,"href":"https:\/\/ayaneo.co\/pl\/wp-json\/wp\/v2\/product_tag?post=13020"}],"curies":[{"name":"wp","href":"https:\/\/api.w.org\/{rel}","templated":true}]}}