{"id":13079,"date":"2025-01-28T11:06:31","date_gmt":"2025-01-28T11:06:31","guid":{"rendered":"https:\/\/ayaneo.co\/product\/przenosny-monitor-156%e2%80%b3-4k-z-obsluga-adobe-rgb\/"},"modified":"2025-05-06T08:50:19","modified_gmt":"2025-05-06T08:50:19","slug":"przenosny-monitor-156%e2%80%b3-4k-z-obsluga-adobe-rgb","status":"publish","type":"product","link":"https:\/\/ayaneo.co\/pl\/product\/przenosny-monitor-156%e2%80%b3-4k-z-obsluga-adobe-rgb\/","title":{"rendered":"Przeno\u015bny monitor 15,6\u2033 4K z obs\u0142ug\u0105 Adobe RGB"},"content":{"rendered":"\n<p><strong>Monitor przeno\u015bny S23B-5 4K<\/strong> zapewnia niezr\u00f3wnane wra\u017cenia wizualne i wydajno\u015b\u0107, b\u0119d\u0105c najnowocze\u015bniejszym rozwi\u0105zaniem zaprojektowanym z my\u015bl\u0105 o graczach, kreatywnych profesjonalistach i entuzjastach produktywno\u015bci w podr\u00f3\u017cy. Dzi\u0119ki osza\u0142amiaj\u0105cej rozdzielczo\u015bci UHD, responsywnym funkcjom ekranu dotykowego i wszechstronnym mo\u017cliwo\u015bciom \u0142\u0105czno\u015bci, ten 15,6-calowy przeno\u015bny monitor jest najlepszym towarzyszem pracy i rozrywki. <\/p>\n\n<hr class=\"wp-block-separator has-alpha-channel-opacity\"\/>\n\n<h4 class=\"wp-block-heading\"><strong>Kluczowe cechy<\/strong><\/h4>\n\n<p><strong>4K UHD Immersive Display<\/strong><br\/>Zanurz si\u0119 w zapieraj\u0105cej dech w piersiach grafice dzi\u0119ki 15,6-calowemu wy\u015bwietlaczowi 4K UHD (rozdzielczo\u015b\u0107 3840 x 2160), kt\u00f3ry o\u017cywia ka\u017cdy szczeg\u00f3\u0142. Ciesz si\u0119 \u017cywymi kolorami i ostr\u0105 jak brzytwa wyrazisto\u015bci\u0105, niezale\u017cnie od tego, czy grasz, edytujesz zdj\u0119cia, czy przesy\u0142asz strumieniowo swoje ulubione programy. <\/p>\n\n<p>Pojemno\u015bciowy <strong>10-punktowy ekran dotykowy<\/strong><br\/>Nawiguj bez wysi\u0142ku dzi\u0119ki pojemno\u015bciowemu 10-punktowemu ekranowi dotykowemu, oferuj\u0105cemu p\u0142ynn\u0105 i precyzyjn\u0105 kontrol\u0119. Idealny do powi\u0119kszania, przewijania i rysowania, funkcja ta zwi\u0119ksza kreatywno\u015b\u0107 i produktywno\u015b\u0107 w podr\u00f3\u017cy. <\/p>\n\n<p><strong>Profesjonalna dok\u0142adno\u015b\u0107 kolor\u00f3w<\/strong><br\/>Dzi\u0119ki 100% pokryciu przestrzeni kolor\u00f3w Adobe RGB i 10-bitowej g\u0142\u0119bi kolor\u00f3w, S23B-5 zapewnia realistyczne kolory, dzi\u0119ki czemu idealnie nadaje si\u0119 do edycji zdj\u0119\u0107, projektowania graficznego i produkcji wideo.<\/p>\n\n<p><strong>Bezproblemowa \u0142\u0105czno\u015b\u0107<\/strong><br\/>Pod\u0142\u0105czaj bez wysi\u0142ku laptopy, smartfony, konsole do gier i nie tylko za pomoc\u0105 port\u00f3w HD Mini, Type-C i Micro-USB. Z \u0142atwo\u015bci\u0105 rozszerz swoje miejsce pracy lub zestaw do gier w dowolnym miejscu. <\/p>\n\n<p><strong>Wbudowana bateria zapewniaj\u0105ca mobilno\u015b\u0107<\/strong><br\/>Wbudowana bateria o pojemno\u015bci 10 000 mAh zapewnia wiele godzin nieprzerwanego u\u017cytkowania, pozwalaj\u0105c na produktywno\u015b\u0107 lub rozrywk\u0119 bez konieczno\u015bci korzystania ze \u017ar\u00f3d\u0142a zasilania.<\/p>\n\n<p><strong>Wysokiej jako\u015bci konstrukcja i przeno\u015bno\u015b\u0107<\/strong><br\/>Wykonany z wysokiej jako\u015bci stopu aluminium, ten lekki i smuk\u0142y monitor (o grubo\u015bci zaledwie 9 mm) zosta\u0142 zbudowany z my\u015bl\u0105 o trwa\u0142o\u015bci i przeno\u015bno\u015bci. Wa\u017c\u0105c zaledwie 1,3 kg, idealnie mie\u015bci si\u0119 w torbie, u\u0142atwiaj\u0105c podr\u00f3\u017cowanie. <\/p>\n\n<p><strong>Ulepszone wra\u017cenia d\u017awi\u0119kowe<\/strong><br\/>Zintegrowane podw\u00f3jne g\u0142o\u015bniki o mocy 1,0 W zapewniaj\u0105 czysty d\u017awi\u0119k, zapewniaj\u0105c wci\u0105gaj\u0105ce wra\u017cenia multimedialne, niezale\u017cnie od tego, czy prowadzisz rozmow\u0119 wideo, grasz w gry, czy ogl\u0105dasz filmy.<\/p>\n\n<p><strong>Szerokie k\u0105ty widzenia<\/strong><br\/>Ciesz si\u0119 sp\u00f3jnym, \u017cywym obrazem pod dowolnym k\u0105tem dzi\u0119ki 85-stopniowemu zakresowi widzenia, idealnemu do udost\u0119pniania tre\u015bci lub wsp\u00f3\u0142pracy.<\/p>\n\n<p><strong>Zoptymalizowany pod k\u0105tem gier<\/strong><br\/>Podnie\u015b poziom rozgrywki dzi\u0119ki szybkiemu czasowi reakcji 25 ms i precyzyjnej dok\u0142adno\u015bci kolor\u00f3w. Zanurz si\u0119 w realistycznej grafice i zyskaj przewag\u0119 nad konkurencj\u0105. <\/p>\n\n<hr class=\"wp-block-separator has-alpha-channel-opacity\"\/>\n\n<h4 class=\"wp-block-heading\"><strong>Dlaczego warto wybra\u0107 S23B-5?<\/strong><\/h4>\n\n<ul class=\"wp-block-list\">\n<li><strong>Przeno\u015bno\u015b\u0107:<\/strong> Smuk\u0142a i lekka konstrukcja zapewniaj\u0105ca najwy\u017csz\u0105 wygod\u0119.<\/li>\n\n\n\n<li><strong>Wszechstronno\u015b\u0107:<\/strong> Po\u0142\u0105cz si\u0119 z wieloma urz\u0105dzeniami i ciesz si\u0119 p\u0142ynn\u0105 obs\u0142ug\u0105.<\/li>\n\n\n\n<li><strong>Trwa\u0142o\u015b\u0107:<\/strong> Wysokiej jako\u015bci aluminiowa konstrukcja zapewnia d\u0142ugotrwa\u0142e u\u017cytkowanie.<\/li>\n\n\n\n<li><strong>Produktywno\u015b\u0107 w podr\u00f3\u017cy:<\/strong> Idealny do wielozadaniowo\u015bci i rozszerzenia przestrzeni roboczej.<\/li>\n<\/ul>\n\n<hr class=\"wp-block-separator has-alpha-channel-opacity\"\/>\n\n<h4 class=\"wp-block-heading\"><strong>Specyfikacje<\/strong><\/h4>\n\n<ul class=\"wp-block-list\">\n<li><strong>Rozmiar ekranu:<\/strong> 15,6 cala<\/li>\n\n\n\n<li><strong>Rozdzielczo\u015b\u0107:<\/strong> 4K UHD (3840 x 2160)<\/li>\n\n\n\n<li><strong>Ekran dotykowy:<\/strong> 10-punktowy pojemno\u015bciowy laminowany G+G<\/li>\n\n\n\n<li><strong>Bateria:<\/strong> 10 000 mAh polimerowa<\/li>\n\n\n\n<li><strong>Porty:<\/strong> HD Mini, Type-C (2), gniazdo s\u0142uchawkowe 3,5 mm, Micro-USB<\/li>\n\n\n\n<li><strong>Waga:<\/strong> 1,3 kg<\/li>\n<\/ul>\n\n<hr class=\"wp-block-separator has-alpha-channel-opacity\"\/>\n\n<h4 class=\"wp-block-heading\"><strong>Plusy i minusy<\/strong><\/h4>\n\n<p><strong>Zalety:<\/strong><br\/>\u2714 Obraz Ultra HD zapewniaj\u0105cy osza\u0142amiaj\u0105c\u0105 szczeg\u00f3\u0142owo\u015b\u0107<br\/>\u2714 P\u0142ynna obs\u0142uga ekranu dotykowego<br\/>\u2714 Lekka i przeno\u015bna konstrukcja<br\/>\u2714 Wbudowana bateria do u\u017cytku w podr\u00f3\u017cy<br\/>\u2714 Szeroka gama kolor\u00f3w do profesjonalnej pracy<\/p>\n\n<p><strong>Wady:<\/strong><br\/>\u2796 Dost\u0119pny w jednym rozmiarze 15,6 cala<br\/>\u2796 Wbudowanym g\u0142o\u015bnikom mo\u017ce brakowa\u0107 g\u0142\u0119bi dla audiofil\u00f3w.<\/p>\n\n<hr class=\"wp-block-separator has-alpha-channel-opacity\"\/>\n\n<p>Ulepsz swoje mobilne wra\u017cenia z wy\u015bwietlania dzi\u0119ki <strong>przeno\u015bnemu monitorowi S23B-5 4K -<\/strong>bramie do bezkompromisowej jako\u015bci i wydajno\u015bci, gdziekolwiek zabierze Ci\u0119 \u017cycie.<\/p>\n","protected":false},"excerpt":{"rendered":"<ul>\n<li><strong>100% gamy kolor\u00f3w Adobe<\/strong> <strong>15,6-calowy<\/strong> przeno\u015bny monitor <strong>UHD 4K<\/strong> <\/li>\n<li>10-punktowy pojemno\u015bciowy ekran dotykowy<\/li>\n<li>Ekran dotykowy kompatybilny z systemem <strong>MacOS<\/strong><\/li>\n<li>Wbudowana bateria 10000 mAh<\/li>\n<li><strong>Zasilany przez USB<\/strong>, obs\u0142uguje mini-HDMI, USB Type-C<\/li>\n<\/ul>\n[cg_accordion title=\"INFORMACJE O P\u0141ATNO\u015aCIACH\"]<\/p>\n<p>Korzystamy z najnowszej technologii przetwarzania p\u0142atno\u015bci, kt\u00f3ra umo\u017cliwia dokonywanie p\u0142atno\u015bci za po\u015brednictwem Apple Pay, Google Pay, karty debetowej\/kredytowej, PayPal lub metod BNPL, takich jak Klarna, Affirm lub AfterPay, zapewniaj\u0105c szybkie i bezpieczne do\u015bwiadczenie.[\/cg_accordion]\n[cg_accordion title=\"GWARANCJA\"]<\/p>\n<p>1-letnia gwarancja od <a href=\"https:\/\/droix.net\/\" target=\"_blank\" rel=\"nofollow noopener\">DROIX<\/a> Global dla Twojego spokoju ducha[\/cg_accordion]\n[cg_accordion title=\"CENY, PODATKI I WYSY\u0141KA\"]<\/p>\n<p><strong><u>Uwaga:<\/u><\/strong><\/p>\n<ul>\n<li>Klienci ze Stan\u00f3w Zjednoczonych: Wy\u015bwietlana cena NIE ZAWIERA PODATKU ani c\u0142a. Odpowiedzialno\u015b\u0107 za odpraw\u0119 celn\u0105 i zap\u0142at\u0119 wszelkich powi\u0105zanych podatk\u00f3w \/ ce\u0142 spoczywa na kliencie. <\/li>\n<li>Klienci z UE: Wy\u015bwietlana cena zawiera obowi\u0105zuj\u0105cy PODATEK, kt\u00f3ry mo\u017ce wynosi\u0107 do 25% w zale\u017cno\u015bci od kraju.<\/li>\n<li>Klienci z Kanady: Wy\u015bwietlana cena zawiera obowi\u0105zuj\u0105ce podatki, kt\u00f3re mog\u0105 obejmowa\u0107 5% GST i dodatkowe prowincjonalne podatki od sprzeda\u017cy (PST), zharmonizowany podatek od sprzeda\u017cy (HST) lub podatek od sprzeda\u017cy w Quebecu (QST), w zale\u017cno\u015bci od prowincji.<\/li>\n<\/ul>\n<p><strong>TYLKO dla klient\u00f3w z UE:<\/strong> Express DDP (Delivered Duty Paid). Oznacza to: <\/p>\n<ul>\n<li>Wszystkie op\u0142aty celne i podatki s\u0105 wliczone w cen\u0119 wy\u015bwietlan\u0105 na stronie produktu.<\/li>\n<li>Przy dostawie nie trzeba b\u0119dzie uiszcza\u0107 \u017cadnych dodatkowych op\u0142at.<\/li>\n<li>W rzadkich przypadkach zwi\u0105zanych z kwestiami celnymi nasz zesp\u00f3\u0142 zajmie si\u0119 procesem odprawy celnej w Twoim imieniu, aby zapewni\u0107 sprawn\u0105 dostaw\u0119.<\/li>\n<p>Wa\u017cne informacje dotycz\u0105ce zwrot\u00f3w:<\/p>\n<li>Je\u015bli zdecydujesz si\u0119 zwr\u00f3ci\u0107 zam\u00f3wienie lub za\u017c\u0105da\u0107 zwrotu pieni\u0119dzy, pami\u0119taj, \u017ce podatki i c\u0142a zap\u0142acone w Twoim imieniu zgodnie z warunkami DDP nie mog\u0105 zosta\u0107 zwr\u00f3cone.<\/li>\n<p>Szczeg\u00f3\u0142owe informacje mo\u017cna znale\u017a\u0107 w naszym <a href=\"https:\/\/ayaneo.co\/terms-of-service-2\/\" target=\"_blank\" rel=\"nofollow noopener\">Regulaminie<\/a>.\n<\/ul>\n<p>[\/cg_accordion]\n[cg_accordion title=\"OBS\u0141UGA KLIENTA\"]<\/p>\n<p>Masz pytanie? Wystarczy kr\u00f3tka wiadomo\u015b\u0107 tekstowa, aby rozwi\u0105za\u0107 Tw\u00f3j problem!<br \/>\n[\/cg_accordion]\n","protected":false},"featured_media":8088,"template":"","meta":{"_acf_changed":false},"product_brand":[],"product_cat":[1019],"product_tag":[],"class_list":{"0":"post-13079","1":"product","2":"type-product","3":"status-publish","4":"has-post-thumbnail","6":"product_cat-monitory-przenosne","7":"product_shipping_class-standard","8":"pa_brand-droix","10":"first","11":"outofstock","12":"sale","13":"taxable","14":"shipping-taxable","15":"purchasable","16":"product-type-variable","17":"has-default-attributes"},"acf":[],"_links":{"self":[{"href":"https:\/\/ayaneo.co\/pl\/wp-json\/wp\/v2\/product\/13079","targetHints":{"allow":["GET"]}}],"collection":[{"href":"https:\/\/ayaneo.co\/pl\/wp-json\/wp\/v2\/product"}],"about":[{"href":"https:\/\/ayaneo.co\/pl\/wp-json\/wp\/v2\/types\/product"}],"wp:featuredmedia":[{"embeddable":true,"href":"https:\/\/ayaneo.co\/pl\/wp-json\/wp\/v2\/media\/8088"}],"wp:attachment":[{"href":"https:\/\/ayaneo.co\/pl\/wp-json\/wp\/v2\/media?parent=13079"}],"wp:term":[{"taxonomy":"product_brand","embeddable":true,"href":"https:\/\/ayaneo.co\/pl\/wp-json\/wp\/v2\/product_brand?post=13079"},{"taxonomy":"product_cat","embeddable":true,"href":"https:\/\/ayaneo.co\/pl\/wp-json\/wp\/v2\/product_cat?post=13079"},{"taxonomy":"product_tag","embeddable":true,"href":"https:\/\/ayaneo.co\/pl\/wp-json\/wp\/v2\/product_tag?post=13079"}],"curies":[{"name":"wp","href":"https:\/\/api.w.org\/{rel}","templated":true}]}}