{"id":13159,"date":"2025-01-28T11:49:32","date_gmt":"2025-01-28T11:49:32","guid":{"rendered":"https:\/\/ayaneo.co\/product\/156-calowy-przenosny-monitor-4k-z-ekranem-dotykowym\/"},"modified":"2025-05-06T08:50:36","modified_gmt":"2025-05-06T08:50:36","slug":"156-calowy-przenosny-monitor-4k-z-ekranem-dotykowym","status":"publish","type":"product","link":"https:\/\/ayaneo.co\/pl\/product\/156-calowy-przenosny-monitor-4k-z-ekranem-dotykowym\/","title":{"rendered":"15,6-calowy przeno\u015bny monitor 4K z ekranem dotykowym"},"content":{"rendered":"\n<p>Przenie\u015b swoje wra\u017cenia wizualne na wy\u017cszy poziom dzi\u0119ki <strong>przeno\u015bnemu monitorowi S23b-1 4K<\/strong>, eleganckiemu i wydajnemu rozwi\u0105zaniu dla profesjonalist\u00f3w, graczy i tw\u00f3rc\u00f3w. Wyposa\u017cony w <strong>15,6-calowy wy\u015bwietlacz 4K UHD<\/strong>, ten przeno\u015bny monitor zapewnia osza\u0142amiaj\u0105c\u0105 klarowno\u015b\u0107, \u017cywe kolory i precyzyjne szczeg\u00f3\u0142y, dzi\u0119ki czemu ka\u017cdy obraz i wideo o\u017cywa. Niezale\u017cnie od tego, czy edytujesz, projektujesz, czy grasz, <strong>S23b-1<\/strong> jest idealnym towarzyszem produktywno\u015bci i rozrywki w podr\u00f3\u017cy.  <\/p>\n\n<hr class=\"wp-block-separator has-alpha-channel-opacity\"\/>\n\n<h4 class=\"wp-block-heading\"><strong>Wci\u0105gaj\u0105cy wy\u015bwietlacz 4K UHD<\/strong><\/h4>\n\n<p>Do\u015bwiadcz niezr\u00f3wnanego wizualnego blasku na <strong>15,6-calowym panelu TFT IPS LCD <\/strong>, oferuj\u0105cym <strong>rozdzielczo\u015b\u0107 3840 x 2160<\/strong> i szerokie k\u0105ty widzenia. S23b-1 zapewnia doskona\u0142\u0105 dok\u0142adno\u015b\u0107 kolor\u00f3w, dzi\u0119ki czemu idealnie nadaje si\u0119 do edycji zdj\u0119\u0107 w wysokiej rozdzielczo\u015bci, skomplikowanych projekt\u00f3w graficznych i wci\u0105gaj\u0105cych gier. <\/p>\n\n<hr class=\"wp-block-separator has-alpha-channel-opacity\"\/>\n\n<h4 class=\"wp-block-heading\"><strong>Precyzja ekranu dotykowego<\/strong><\/h4>\n\n<p>Nawiguj z \u0142atwo\u015bci\u0105 za pomoc\u0105 <strong>pojemno\u015bciowego ekranu dotykowego G+G<\/strong>, zapewniaj\u0105cego <strong>responsywn\u0105 i intuicyjn\u0105 kontrol\u0119<\/strong>. Niezale\u017cnie od tego, czy przewijasz dokumenty, powi\u0119kszasz obrazy, czy zarz\u0105dzasz aplikacjami, funkcjonalno\u015b\u0107 ekranu dotykowego usprawnia przep\u0142yw pracy. <\/p>\n\n<hr class=\"wp-block-separator has-alpha-channel-opacity\"\/>\n\n<h4 class=\"wp-block-heading\"><strong>Wszechstronna \u0142\u0105czno\u015b\u0107<\/strong><\/h4>\n\n<p>Bezproblemowe \u0142\u0105czenie si\u0119 z wieloma urz\u0105dzeniami:<\/p>\n\n<ul class=\"wp-block-list\">\n<li><strong>Mini port HDMI<\/strong> do p\u0142ynnego przesy\u0142ania sygna\u0142u wideo.<\/li>\n\n\n\n<li><strong>Dwa porty typu C<\/strong> zapewniaj\u0105 zasilanie i szybki transfer danych.<\/li>\n\n\n\n<li><strong>Port Micro-USB<\/strong> dla urz\u0105dze\u0144 peryferyjnych, takich jak klawiatury i myszy.<\/li>\n\n\n\n<li><strong>Port s\u0142uchawkowy 3,5 mm<\/strong> zapewniaj\u0105cy prywatny d\u017awi\u0119k.<\/li>\n<\/ul>\n\n<hr class=\"wp-block-separator has-alpha-channel-opacity\"\/>\n\n<h4 class=\"wp-block-heading\"><strong>Lekka i przeno\u015bna konstrukcja<\/strong><\/h4>\n\n<p>Wykonany z <strong>wytrzyma\u0142ego stopu<\/strong> aluminium, S23b-1 ma smuk\u0142y, lekki profil, kt\u00f3ry jest \u0142atwy do przenoszenia. Do\u0142\u0105czone do zestawu <strong>sk\u0142adane etui s\u0142u\u017cy r\u00f3wnie\u017c jako podstawka<\/strong>, zapewniaj\u0105c stabilno\u015b\u0107 na ka\u017cdej powierzchni, niezale\u017cnie od tego, czy jeste\u015b w domu, w biurze, czy w podr\u00f3\u017cy. <\/p>\n\n<hr class=\"wp-block-separator has-alpha-channel-opacity\"\/>\n\n<h4 class=\"wp-block-heading\"><strong>Kluczowe cechy<\/strong><\/h4>\n\n<ul class=\"wp-block-list\">\n<li><strong>Wy\u015bwietlacz:<\/strong> 15,6-calowy panel 4K UHD (3840 x 2160) IPS <\/li>\n\n\n\n<li><strong>Ekran dotykowy:<\/strong> Pojemno\u015bciowy G+G dla precyzyjnej interakcji<\/li>\n\n\n\n<li><strong>\u0141\u0105czno\u015b\u0107:<\/strong> HDMI Mini, podw\u00f3jne z\u0142\u0105cze Type-C, Micro-USB, gniazdo s\u0142uchawkowe 3,5 mm<\/li>\n\n\n\n<li><strong>Budowa:<\/strong> Stop aluminium zapewniaj\u0105cy trwa\u0142o\u015b\u0107 i styl<\/li>\n\n\n\n<li><strong>Przeno\u015bno\u015b\u0107:<\/strong> Smuk\u0142y i lekki ze sk\u0142adan\u0105 podstawk\u0105<\/li>\n<\/ul>\n\n<hr class=\"wp-block-separator has-alpha-channel-opacity\"\/>\n\n<h4 class=\"wp-block-heading\"><strong>Plusy<\/strong><\/h4>\n\n<p>\u2714 Osza\u0142amiaj\u0105cy <strong>wy\u015bwietlacz 4K UHD<\/strong> zapewniaj\u0105cy niesamowite efekty wizualne.<br\/>\u2714 <strong>Wszechstronna \u0142\u0105czno\u015b\u0107<\/strong> dzi\u0119ki portom HDMI i Type-C.<br\/>\u2714 Wytrzyma\u0142a, <strong>elegancka<\/strong> konstrukcja <strong>ze stopu aluminium<\/strong>.<br\/>\u2714 <strong>Responsywny ekran dotykowy<\/strong> zapewniaj\u0105cy intuicyjn\u0105 interakcj\u0119.<\/p>\n\n<hr class=\"wp-block-separator has-alpha-channel-opacity\"\/>\n\n<h4 class=\"wp-block-heading\"><strong>Wady<\/strong><\/h4>\n\n<p>\u2796 Ograniczony do <strong>ekranu o przek\u0105tnej 15,6 cala<\/strong>.<br\/>\u2796 <strong>Wbudowane g\u0142o\u015bniki<\/strong> mog\u0105 nie zadowoli\u0107 audiofil\u00f3w.<\/p>\n\n<hr class=\"wp-block-separator has-alpha-channel-opacity\"\/>\n\n<h3 class=\"wp-block-heading\"><strong>Idealny dla ka\u017cdej potrzeby<\/strong><\/h3>\n\n<p>Niezale\u017cnie od tego, czy jeste\u015b <strong>kreatywnym profesjonalist\u0105<\/strong>, <strong>zapalonym graczem<\/strong>, czy <strong>entuzjast\u0105 mobilno\u015bci<\/strong>, przeno\u015bny monitor 4K S23b-1 zapewnia wyj\u0105tkow\u0105 wydajno\u015b\u0107 w kompaktowej, stylowej obudowie. Podnie\u015b swoje wra\u017cenia wizualne, gdziekolwiek jeste\u015b, dzi\u0119ki doskona\u0142emu po\u0142\u0105czeniu przeno\u015bno\u015bci, precyzji i mocy. <\/p>\n","protected":false},"excerpt":{"rendered":"<ul>\n<li><strong>15,6-calowy<\/strong> przeno\u015bny monitor <strong>4K<\/strong> z ekranem dotykowym zapewniaj\u0105cy wysok\u0105 rozdzielczo\u015b\u0107<\/li>\n<li>Kompaktowy rozmiar 14,17 x 8,4 x 0,43 cala i waga <strong>920 g<\/strong><\/li>\n<li>Ekran dotykowy kompatybilny z systemem <strong>MacOS<\/strong><\/li>\n<li>Ekran dotykowy <strong>obs\u0142uguje wprowadzanie dotykowe<\/strong> na kompatybilnych urz\u0105dzeniach<\/li>\n<li><strong>Zasilany przez USB<\/strong>, obs\u0142uguje mini-HDMI, USB Type-C<\/li>\n<\/ul>\n[cg_accordion title=\"INFORMACJE O P\u0141ATNO\u015aCIACH\"]<\/p>\n<p>Korzystamy z najnowszej technologii przetwarzania p\u0142atno\u015bci, kt\u00f3ra umo\u017cliwia dokonywanie p\u0142atno\u015bci za po\u015brednictwem Apple Pay, Google Pay, karty debetowej\/kredytowej, PayPal lub metod BNPL, takich jak Klarna, Affirm lub AfterPay, zapewniaj\u0105c szybkie i bezpieczne do\u015bwiadczenie.[\/cg_accordion]\n[cg_accordion title=\"GWARANCJA\"]<\/p>\n<p>1-letnia gwarancja od <a href=\"https:\/\/droix.net\/\" target=\"_blank\" rel=\"nofollow noopener\">DROIX<\/a> Global dla Twojego spokoju ducha[\/cg_accordion]\n[cg_accordion title=\"CENY, PODATKI I WYSY\u0141KA\"]<\/p>\n<p><strong><u>Uwaga:<\/u><\/strong><\/p>\n<ul>\n<li>Klienci ze Stan\u00f3w Zjednoczonych: Wy\u015bwietlana cena NIE ZAWIERA PODATKU ani c\u0142a. Odpowiedzialno\u015b\u0107 za odpraw\u0119 celn\u0105 i zap\u0142at\u0119 wszelkich powi\u0105zanych podatk\u00f3w \/ ce\u0142 spoczywa na kliencie. <\/li>\n<li>Klienci z UE: Wy\u015bwietlana cena zawiera obowi\u0105zuj\u0105cy PODATEK, kt\u00f3ry mo\u017ce wynosi\u0107 do 25% w zale\u017cno\u015bci od kraju.<\/li>\n<li>Klienci z Kanady: Wy\u015bwietlana cena zawiera obowi\u0105zuj\u0105ce podatki, kt\u00f3re mog\u0105 obejmowa\u0107 5% GST i dodatkowe prowincjonalne podatki od sprzeda\u017cy (PST), zharmonizowany podatek od sprzeda\u017cy (HST) lub podatek od sprzeda\u017cy w Quebecu (QST), w zale\u017cno\u015bci od prowincji.<\/li>\n<\/ul>\n<p><strong>TYLKO dla klient\u00f3w z UE:<\/strong> Express DDP (Delivered Duty Paid). Oznacza to: <\/p>\n<ul>\n<li>Wszystkie op\u0142aty celne i podatki s\u0105 wliczone w cen\u0119 wy\u015bwietlan\u0105 na stronie produktu.<\/li>\n<li>Przy dostawie nie trzeba b\u0119dzie uiszcza\u0107 \u017cadnych dodatkowych op\u0142at.<\/li>\n<li>W rzadkich przypadkach zwi\u0105zanych z kwestiami celnymi nasz zesp\u00f3\u0142 zajmie si\u0119 procesem odprawy celnej w Twoim imieniu, aby zapewni\u0107 sprawn\u0105 dostaw\u0119.<\/li>\n<p>Wa\u017cne informacje dotycz\u0105ce zwrot\u00f3w:<\/p>\n<li>Je\u015bli zdecydujesz si\u0119 zwr\u00f3ci\u0107 zam\u00f3wienie lub za\u017c\u0105da\u0107 zwrotu pieni\u0119dzy, pami\u0119taj, \u017ce podatki i c\u0142a zap\u0142acone w Twoim imieniu zgodnie z warunkami DDP nie mog\u0105 zosta\u0107 zwr\u00f3cone.<\/li>\n<p>Szczeg\u00f3\u0142owe informacje mo\u017cna znale\u017a\u0107 w naszym <a href=\"https:\/\/ayaneo.co\/terms-of-service-2\/\" target=\"_blank\" rel=\"nofollow noopener\">Regulaminie<\/a>.\n<\/ul>\n<p>[\/cg_accordion]\n[cg_accordion title=\"OBS\u0141UGA KLIENTA\"]<\/p>\n<p>Masz pytanie? Wystarczy kr\u00f3tka wiadomo\u015b\u0107 tekstowa, aby rozwi\u0105za\u0107 Tw\u00f3j problem!<br \/>\n[\/cg_accordion]\n","protected":false},"featured_media":8126,"template":"","meta":{"_acf_changed":false},"product_brand":[],"product_cat":[1019],"product_tag":[],"class_list":{"0":"post-13159","1":"product","2":"type-product","3":"status-publish","4":"has-post-thumbnail","6":"product_cat-monitory-przenosne","7":"product_shipping_class-standard","8":"pa_brand-droix","10":"first","11":"outofstock","12":"sale","13":"taxable","14":"shipping-taxable","15":"purchasable","16":"product-type-variable","17":"has-default-attributes"},"acf":[],"_links":{"self":[{"href":"https:\/\/ayaneo.co\/pl\/wp-json\/wp\/v2\/product\/13159","targetHints":{"allow":["GET"]}}],"collection":[{"href":"https:\/\/ayaneo.co\/pl\/wp-json\/wp\/v2\/product"}],"about":[{"href":"https:\/\/ayaneo.co\/pl\/wp-json\/wp\/v2\/types\/product"}],"wp:featuredmedia":[{"embeddable":true,"href":"https:\/\/ayaneo.co\/pl\/wp-json\/wp\/v2\/media\/8126"}],"wp:attachment":[{"href":"https:\/\/ayaneo.co\/pl\/wp-json\/wp\/v2\/media?parent=13159"}],"wp:term":[{"taxonomy":"product_brand","embeddable":true,"href":"https:\/\/ayaneo.co\/pl\/wp-json\/wp\/v2\/product_brand?post=13159"},{"taxonomy":"product_cat","embeddable":true,"href":"https:\/\/ayaneo.co\/pl\/wp-json\/wp\/v2\/product_cat?post=13159"},{"taxonomy":"product_tag","embeddable":true,"href":"https:\/\/ayaneo.co\/pl\/wp-json\/wp\/v2\/product_tag?post=13159"}],"curies":[{"name":"wp","href":"https:\/\/api.w.org\/{rel}","templated":true}]}}