{"id":14017,"date":"2025-05-02T12:08:14","date_gmt":"2025-05-02T12:08:14","guid":{"rendered":"https:\/\/ayaneo.co\/?post_type=product&#038;p=14017"},"modified":"2025-12-11T00:14:04","modified_gmt":"2025-12-11T00:14:04","slug":"ayaneo-pocket-ace","status":"publish","type":"product","link":"https:\/\/ayaneo.co\/pl\/product\/ayaneo-pocket-ace\/","title":{"rendered":"AYANEO Pocket ACE"},"content":{"rendered":"\n<figure class=\"wp-block-video\"><video height=\"720\" style=\"aspect-ratio: 1280 \/ 720;\" width=\"1280\" controls=\"\" poster=\"https:\/\/ayaneo.co\/wp-content\/uploads\/2025\/05\/maxresdefault-5.jpg\" src=\"https:\/\/ayaneo.co\/wp-content\/uploads\/2025\/05\/ace.mp4\"><\/video><\/figure>\n\n<div class=\"wp-block-columns is-layout-flex wp-container-core-columns-is-layout-28f84493 wp-block-columns-is-layout-flex\">\n<div class=\"wp-block-column is-layout-flow wp-block-column-is-layout-flow\" style=\"flex-basis:33.33%\">\n<figure class=\"wp-block-image size-full\"><a href=\"https:\/\/ayaneo.co\/wp-content\/uploads\/2025\/05\/AYANEO-POCKET-ACE-MARKETING-DONE-01-1024x837-1.jpg\"><img fetchpriority=\"high\" decoding=\"async\" width=\"1024\" height=\"837\" src=\"https:\/\/ayaneo.co\/wp-content\/uploads\/2025\/05\/AYANEO-POCKET-ACE-MARKETING-DONE-01-1024x837-1.jpg\" alt=\"R&#x119;czna konsola do gier, AYANEO Pocket ACE, wy&#x15B;wietlana na stole z kolorowym gradientowym logo na ekranie. Urz&#x105;dzenie posiada D-pad, dr&#x105;&#x17C;ki analogowe i przyciski akcji, wszystkie pod&#x15B;wietlone w ciep&#x142;ym otoczeniu z rozmytym pomara&#x144;czowym t&#x142;em. \" class=\"wp-image-37460\" srcset=\"https:\/\/ayaneo.co\/wp-content\/uploads\/2025\/05\/AYANEO-POCKET-ACE-MARKETING-DONE-01-1024x837-1.jpg 1024w, https:\/\/ayaneo.co\/wp-content\/uploads\/2025\/05\/AYANEO-POCKET-ACE-MARKETING-DONE-01-1024x837-1-300x245.jpg 300w, https:\/\/ayaneo.co\/wp-content\/uploads\/2025\/05\/AYANEO-POCKET-ACE-MARKETING-DONE-01-1024x837-1-768x628.jpg 768w, https:\/\/ayaneo.co\/wp-content\/uploads\/2025\/05\/AYANEO-POCKET-ACE-MARKETING-DONE-01-1024x837-1-990x809.jpg 990w, https:\/\/ayaneo.co\/wp-content\/uploads\/2025\/05\/AYANEO-POCKET-ACE-MARKETING-DONE-01-1024x837-1-441x360.jpg 441w, https:\/\/ayaneo.co\/wp-content\/uploads\/2025\/05\/AYANEO-POCKET-ACE-MARKETING-DONE-01-1024x837-1-600x490.jpg 600w, https:\/\/ayaneo.co\/wp-content\/uploads\/2025\/05\/AYANEO-POCKET-ACE-MARKETING-DONE-01-1024x837-1-150x123.jpg 150w\" sizes=\"(max-width: 1024px) 100vw, 1024px\" \/><\/a><\/figure>\n<\/div>\n\n\n\n<div class=\"wp-block-column is-layout-flow wp-block-column-is-layout-flow\" style=\"flex-basis:66.66%\">\n<h3 class=\"wp-block-heading\">Do\u015bwiadcz gier retro jak nigdy dot\u0105d dzi\u0119ki AYANEO Pocket ACE<\/h3>\n\n\n\n<p>AYANEO Pocket ACE to rewolucyjne przeno\u015bne urz\u0105dzenie do gier, kt\u00f3re p\u0142ynnie \u0142\u0105czy urok gier retro z najnowocze\u015bniejsz\u0105 nowoczesn\u0105 technologi\u0105. Czerpi\u0105c inspiracj\u0119 z klasycznych poziomych konsol przeno\u015bnych, urz\u0105dzenie to oferuje nostalgiczn\u0105 estetyk\u0119 w po\u0142\u0105czeniu z pot\u0119\u017cn\u0105 wydajno\u015bci\u0105, co czyni go doskona\u0142ym wyborem zar\u00f3wno dla entuzjast\u00f3w gier retro, jak i nowoczesnych graczy. <\/p>\n<\/div>\n<\/div>\n\n<hr class=\"wp-block-separator has-alpha-channel-opacity\"\/>\n\n<div class=\"wp-block-columns is-layout-flex wp-container-core-columns-is-layout-28f84493 wp-block-columns-is-layout-flex\">\n<div class=\"wp-block-column is-layout-flow wp-block-column-is-layout-flow\">\n<figure class=\"wp-block-image size-full\"><a href=\"https:\/\/ayaneo.co\/wp-content\/uploads\/2025\/05\/snapdragon_g3x_gen2_rounded-1024x837-1.png\"><img decoding=\"async\" width=\"1024\" height=\"837\" src=\"https:\/\/ayaneo.co\/wp-content\/uploads\/2025\/05\/snapdragon_g3x_gen2_rounded-1024x837-1.png\" alt=\"Odznaka procesora Snapdragon G3x Gen 2 w zaokr&#x105;glonym z&#x142;otym kwadracie z czerwonym emblematem p&#x142;omienia po prawej stronie i pogrubionym czerwonym tekstem &quot;Snapdragon G3x Gen 2&quot; po lewej stronie.\" class=\"wp-image-37462\" srcset=\"https:\/\/ayaneo.co\/wp-content\/uploads\/2025\/05\/snapdragon_g3x_gen2_rounded-1024x837-1.png 1024w, https:\/\/ayaneo.co\/wp-content\/uploads\/2025\/05\/snapdragon_g3x_gen2_rounded-1024x837-1-300x245.png 300w, https:\/\/ayaneo.co\/wp-content\/uploads\/2025\/05\/snapdragon_g3x_gen2_rounded-1024x837-1-768x628.png 768w, https:\/\/ayaneo.co\/wp-content\/uploads\/2025\/05\/snapdragon_g3x_gen2_rounded-1024x837-1-990x809.png 990w, https:\/\/ayaneo.co\/wp-content\/uploads\/2025\/05\/snapdragon_g3x_gen2_rounded-1024x837-1-441x360.png 441w, https:\/\/ayaneo.co\/wp-content\/uploads\/2025\/05\/snapdragon_g3x_gen2_rounded-1024x837-1-600x490.png 600w, https:\/\/ayaneo.co\/wp-content\/uploads\/2025\/05\/snapdragon_g3x_gen2_rounded-1024x837-1-150x123.png 150w\" sizes=\"(max-width: 1024px) 100vw, 1024px\" \/><\/a><\/figure>\n\n\n\n<h3 class=\"wp-block-heading\">Wydajno\u015b\u0107<\/h3>\n\n\n\n<p>Sercem Pocket ACE jest platforma gamingowa Snapdragon G3x Gen 2, zapewniaj\u0105ca do 15W sta\u0142ej wydajno\u015bci. Ten pot\u0119\u017cny procesor zapewnia p\u0142ynn\u0105 emulacj\u0119 tytu\u0142\u00f3w retro i wydajn\u0105 obs\u0142ug\u0119 nowoczesnych gier na Androida. Urz\u0105dzenie oferuje wiele tryb\u00f3w wydajno\u015bci - Oszcz\u0119dzanie, R\u00f3wnowaga, Gra i Maksimum - umo\u017cliwiaj\u0105c u\u017cytkownikom optymalizacj\u0119 wydajno\u015bci w oparciu o ich potrzeby w zakresie gier.  <\/p>\n<\/div>\n\n\n\n<div class=\"wp-block-column is-layout-flow wp-block-column-is-layout-flow\">\n<figure class=\"wp-block-image size-full\"><a href=\"https:\/\/ayaneo.co\/wp-content\/uploads\/2025\/05\/AYANEO-POCKET-ACE-MARKETING-DONE-02-1024x837-1.jpg\"><img decoding=\"async\" width=\"1024\" height=\"837\" src=\"https:\/\/ayaneo.co\/wp-content\/uploads\/2025\/05\/AYANEO-POCKET-ACE-MARKETING-DONE-02-1024x837-1.jpg\" alt=\"Dwie r&#x119;czne konsole do gier AYANEO Pocket ACE obok siebie - jedna bia&#x142;a z czerwonymi przyciskami oznaczonymi &quot;Retro Power&quot;, a druga czarna z ciemnymi elementami steruj&#x105;cymi. Oba wy&#x15B;wietlaj&#x105; kolorowe paski na ekranie, prezentuj&#x105;c r&#xF3;&#x17C;ne schematy kolor&#xF3;w. O&#x15B;wietlenie w ciep&#x142;ych i ch&#x142;odnych odcieniach podkre&#x15B;la konstrukcj&#x119; sprz&#x119;tu i przyciski na ramionach.  \" class=\"wp-image-37463\" srcset=\"https:\/\/ayaneo.co\/wp-content\/uploads\/2025\/05\/AYANEO-POCKET-ACE-MARKETING-DONE-02-1024x837-1.jpg 1024w, https:\/\/ayaneo.co\/wp-content\/uploads\/2025\/05\/AYANEO-POCKET-ACE-MARKETING-DONE-02-1024x837-1-300x245.jpg 300w, https:\/\/ayaneo.co\/wp-content\/uploads\/2025\/05\/AYANEO-POCKET-ACE-MARKETING-DONE-02-1024x837-1-768x628.jpg 768w, https:\/\/ayaneo.co\/wp-content\/uploads\/2025\/05\/AYANEO-POCKET-ACE-MARKETING-DONE-02-1024x837-1-990x809.jpg 990w, https:\/\/ayaneo.co\/wp-content\/uploads\/2025\/05\/AYANEO-POCKET-ACE-MARKETING-DONE-02-1024x837-1-441x360.jpg 441w, https:\/\/ayaneo.co\/wp-content\/uploads\/2025\/05\/AYANEO-POCKET-ACE-MARKETING-DONE-02-1024x837-1-600x490.jpg 600w, https:\/\/ayaneo.co\/wp-content\/uploads\/2025\/05\/AYANEO-POCKET-ACE-MARKETING-DONE-02-1024x837-1-150x123.jpg 150w\" sizes=\"(max-width: 1024px) 100vw, 1024px\" \/><\/a><\/figure>\n\n\n\n<h3 class=\"wp-block-heading\">Elementy steruj\u0105ce i wej\u015bcia<\/h3>\n\n\n\n<p>Pocket ACE posiada wszechstronny uk\u0142ad sterowania zaprojektowany z my\u015bl\u0105 o r\u00f3\u017cnych gatunkach gier. Kluczowe funkcje obejmuj\u0105. <\/p>\n\n\n\n<ul class=\"wp-block-list\">\n<li>Podw\u00f3jne joysticki analogowe z efektem Halla dla precyzyjnego wprowadzania danych<\/li>\n\n\n\n<li>Liniowe wyzwalacze hallotronowe do czu\u0142ego sterowania<\/li>\n\n\n\n<li>D-pad w stylu retro umieszczony w g\u00f3rnej cz\u0119\u015bci zapewnia klasyczne wra\u017cenia z gry<\/li>\n\n\n\n<li>Przyciski czo\u0142owe ABXY z konfigurowalnymi uk\u0142adami<\/li>\n\n\n\n<li>Dodatkowe przyciski, w tym Home, Turbo i skr\u00f3ty do emulatora<\/li>\n<\/ul>\n<\/div>\n\n\n\n<div class=\"wp-block-column is-layout-flow wp-block-column-is-layout-flow\">\n<figure class=\"wp-block-image size-full\"><a href=\"https:\/\/ayaneo.co\/wp-content\/uploads\/2025\/05\/seamless_power_combination_rounded-1024x837-1.png\"><img loading=\"lazy\" decoding=\"async\" width=\"1024\" height=\"837\" src=\"https:\/\/ayaneo.co\/wp-content\/uploads\/2025\/05\/seamless_power_combination_rounded-1024x837-1.png\" alt=\"Infografika promuj&#x105;ca wydajno&#x15B;&#x107; przeno&#x15B;nej konsoli do gier. Najwa&#x17C;niejsze z nich to pami&#x119;&#x107; LPDDR5X o szybko&#x15B;ci 8533 Mb\/s, pami&#x119;&#x107; masowa UFS 4.0 o szybko&#x15B;ci odczytu 4000+ MB\/s oraz obs&#x142;uga du&#x17C;ej pojemno&#x15B;ci pami&#x119;ci masowej do przechowywania wielu gier. Trzy panele ilustruj&#x105; pami&#x119;&#x107;, pami&#x119;&#x107; masow&#x105; i bibliotek&#x119; gier z pikselow&#x105; grafik&#x105; i miniaturami ok&#x142;adek gier.  \" class=\"wp-image-37464\" srcset=\"https:\/\/ayaneo.co\/wp-content\/uploads\/2025\/05\/seamless_power_combination_rounded-1024x837-1.png 1024w, https:\/\/ayaneo.co\/wp-content\/uploads\/2025\/05\/seamless_power_combination_rounded-1024x837-1-300x245.png 300w, https:\/\/ayaneo.co\/wp-content\/uploads\/2025\/05\/seamless_power_combination_rounded-1024x837-1-768x628.png 768w, https:\/\/ayaneo.co\/wp-content\/uploads\/2025\/05\/seamless_power_combination_rounded-1024x837-1-990x809.png 990w, https:\/\/ayaneo.co\/wp-content\/uploads\/2025\/05\/seamless_power_combination_rounded-1024x837-1-441x360.png 441w, https:\/\/ayaneo.co\/wp-content\/uploads\/2025\/05\/seamless_power_combination_rounded-1024x837-1-600x490.png 600w, https:\/\/ayaneo.co\/wp-content\/uploads\/2025\/05\/seamless_power_combination_rounded-1024x837-1-150x123.png 150w\" sizes=\"(max-width: 1024px) 100vw, 1024px\" \/><\/a><\/figure>\n\n\n\n<h3 class=\"wp-block-heading\">Pami\u0119\u0107 masowa i \u0142\u0105czno\u015b\u0107<\/h3>\n\n\n\n<p>AYANEO Pocket ACE oferuje elastyczne opcje przechowywania, aby zaspokoi\u0107 r\u00f3\u017cne potrzeby u\u017cytkownik\u00f3w.<\/p>\n\n\n\n<ul class=\"wp-block-list\">\n<li>8 GB pami\u0119ci RAM + 128 GB pami\u0119ci masowej<\/li>\n\n\n\n<li>12 GB pami\u0119ci RAM + 256 GB pami\u0119ci masowej<\/li>\n\n\n\n<li>16 GB pami\u0119ci RAM + 512 GB pami\u0119ci masowej<\/li>\n\n\n\n<li>16 GB pami\u0119ci RAM + 1 TB pami\u0119ci masowej<\/li>\n<\/ul>\n\n\n\n<p>Dost\u0119pne jest r\u00f3wnie\u017c gniazdo kart microSD do \u0142atwego rozszerzenia pojemno\u015bci pami\u0119ci masowej. Je\u015bli chodzi o \u0142\u0105czno\u015b\u0107, urz\u0105dzenie obejmuje szybkie Wi-Fi, Bluetooth 5.3 i port USB 3.2 Gen 2 Type-C, kt\u00f3ry obs\u0142uguje transfer danych 10 Gb \/ s i wyj\u015bcie wideo DP 1.4. <\/p>\n<\/div>\n<\/div>\n\n<hr class=\"wp-block-separator has-alpha-channel-opacity\"\/>\n\n<div class=\"wp-block-columns is-layout-flex wp-container-core-columns-is-layout-28f84493 wp-block-columns-is-layout-flex\">\n<div class=\"wp-block-column is-layout-flow wp-block-column-is-layout-flow\">\n<figure class=\"wp-block-image size-full\"><a href=\"https:\/\/ayaneo.co\/wp-content\/uploads\/2025\/05\/ips_screen_rounded-1-1024x837-1.png\"><img loading=\"lazy\" decoding=\"async\" width=\"1024\" height=\"837\" src=\"https:\/\/ayaneo.co\/wp-content\/uploads\/2025\/05\/ips_screen_rounded-1-1024x837-1.png\" alt=\"Grafika promocyjna bia&#x142;ej przeno&#x15B;nej konsoli do gier (AYNNO Pocket ACE). Obraz przedstawia dwie konsole unosz&#x105;ce si&#x119; na jasnym tle z niebiesko-&#x17C;&#xF3;&#x142;tym gradientem. Ekran konsoli wy&#x15B;wietla kolorowy t&#x119;czowy wz&#xF3;r w stylu retro z tekstem &quot;AYNNO Pocket ACE&quot;. Bia&#x142;y tekst u g&#xF3;ry brzmi: &quot;4.5&quot; IPS Original Color Screen, z wy&#x15B;mienitymi obrazami, kt&#xF3;re o&#x17C;ywaj&#x105;&quot;.   \" class=\"wp-image-37465\" style=\"object-fit:cover\" srcset=\"https:\/\/ayaneo.co\/wp-content\/uploads\/2025\/05\/ips_screen_rounded-1-1024x837-1.png 1024w, https:\/\/ayaneo.co\/wp-content\/uploads\/2025\/05\/ips_screen_rounded-1-1024x837-1-300x245.png 300w, https:\/\/ayaneo.co\/wp-content\/uploads\/2025\/05\/ips_screen_rounded-1-1024x837-1-768x628.png 768w, https:\/\/ayaneo.co\/wp-content\/uploads\/2025\/05\/ips_screen_rounded-1-1024x837-1-990x809.png 990w, https:\/\/ayaneo.co\/wp-content\/uploads\/2025\/05\/ips_screen_rounded-1-1024x837-1-441x360.png 441w, https:\/\/ayaneo.co\/wp-content\/uploads\/2025\/05\/ips_screen_rounded-1-1024x837-1-600x490.png 600w, https:\/\/ayaneo.co\/wp-content\/uploads\/2025\/05\/ips_screen_rounded-1-1024x837-1-150x123.png 150w\" sizes=\"(max-width: 1024px) 100vw, 1024px\" \/><\/a><\/figure>\n\n\n\n<h3 class=\"wp-block-heading\">Projektowanie i wy\u015bwietlanie<\/h3>\n\n\n\n<p>AYANEO Pocket ACE charakteryzuje si\u0119 eleganck\u0105 i kompaktow\u0105 konstrukcj\u0105, przypominaj\u0105c\u0105 tradycyjne poziome konsole przeno\u015bne. Jego 4,5-calowy wy\u015bwietlacz IPS oferuje rozdzielczo\u015b\u0107 1620\u00d71080 pikseli i proporcje 3:2, zapewniaj\u0105c \u017cywe kolory i ostry obraz, kt\u00f3re o\u017cywiaj\u0105 zar\u00f3wno retro, jak i nowoczesne gry. Urz\u0105dzenie jest dost\u0119pne w trzech r\u00f3\u017cnych wersjach kolorystycznych.  <\/p>\n\n\n\n<ul class=\"wp-block-list\">\n<li>Shadow Dance Black<\/li>\n\n\n\n<li>Light Blade White<\/li>\n\n\n\n<li>Retro Power (edycja limitowana)<\/li>\n<\/ul>\n\n\n\n<p>Poczw\u00f3rnie zakrzywione kraw\u0119dzie i zaawansowana pow\u0142oka UV zapewniaj\u0105 wygodny chwyt i doskona\u0142e wra\u017cenia dotykowe, dzi\u0119ki czemu d\u0142ugie sesje grania pozostaj\u0105 przyjemne.<\/p>\n<\/div>\n\n\n\n<div class=\"wp-block-column is-layout-flow wp-block-column-is-layout-flow\">\n<figure class=\"wp-block-image size-full\"><a href=\"https:\/\/ayaneo.co\/wp-content\/uploads\/2025\/05\/battery_6000mah_rounded-1024x837-1.png\"><img loading=\"lazy\" decoding=\"async\" width=\"1024\" height=\"837\" src=\"https:\/\/ayaneo.co\/wp-content\/uploads\/2025\/05\/battery_6000mah_rounded-1024x837-1.png\" alt=\"Grafika promocyjna podkre&#x15B;laj&#x105;ca pojemno&#x15B;&#x107; baterii. Na ciemnym, czarno-zielonym gradientowym tle widoczna jest du&#x17C;a, stylizowana ikona baterii z niebiesko-zielonym gradientowym wype&#x142;nieniem. Liczba &quot;6000 mAh&quot; jest wyra&#x17A;nie wy&#x15B;wietlana poni&#x17C;ej ikony. Bia&#x142;y tekst u g&#xF3;ry brzmi: &quot;Pojemna bateria 6000 mAh, zapewniaj&#x105;ca d&#x142;ugotrwa&#x142;&#x105; zabaw&#x119; w dowolnym miejscu i czasie&quot;.   \" class=\"wp-image-37466\" srcset=\"https:\/\/ayaneo.co\/wp-content\/uploads\/2025\/05\/battery_6000mah_rounded-1024x837-1.png 1024w, https:\/\/ayaneo.co\/wp-content\/uploads\/2025\/05\/battery_6000mah_rounded-1024x837-1-300x245.png 300w, https:\/\/ayaneo.co\/wp-content\/uploads\/2025\/05\/battery_6000mah_rounded-1024x837-1-768x628.png 768w, https:\/\/ayaneo.co\/wp-content\/uploads\/2025\/05\/battery_6000mah_rounded-1024x837-1-990x809.png 990w, https:\/\/ayaneo.co\/wp-content\/uploads\/2025\/05\/battery_6000mah_rounded-1024x837-1-441x360.png 441w, https:\/\/ayaneo.co\/wp-content\/uploads\/2025\/05\/battery_6000mah_rounded-1024x837-1-600x490.png 600w, https:\/\/ayaneo.co\/wp-content\/uploads\/2025\/05\/battery_6000mah_rounded-1024x837-1-150x123.png 150w\" sizes=\"(max-width: 1024px) 100vw, 1024px\" \/><\/a><\/figure>\n\n\n\n<h3 class=\"wp-block-heading\">Bateria i dodatkowe funkcje<\/h3>\n\n\n\n<p>Pocket ACE jest zasilany bateri\u0105 o pojemno\u015bci 6000 mAh, obs\u0142uguj\u0105c\u0105 szybkie \u0142adowanie PD 40 W, aby zapewni\u0107 d\u0142u\u017csz\u0105 rozgrywk\u0119. Inne godne uwagi funkcje obejmuj\u0105. <\/p>\n\n\n\n<ul class=\"wp-block-list\">\n<li>0916B Silnik liniowy Surge do immersyjnego haptycznego sprz\u0119\u017cenia zwrotnego<\/li>\n\n\n\n<li>Sze\u015bcioosiowy \u017cyroskop do sterowania ruchem<\/li>\n\n\n\n<li>Zaawansowany system ch\u0142odzenia z ultracienkim wentylatorem, \u017ceberkami rozpraszaj\u0105cymi ciep\u0142o i miedzian\u0105 p\u0142ytk\u0105<\/li>\n\n\n\n<li>Rozpoznawanie linii papilarnych zintegrowane z przyciskiem zasilania<\/li>\n<\/ul>\n\n\n\n<p>Funkcje te zapewniaj\u0105 optymaln\u0105 wydajno\u015b\u0107 i lepsze wra\u017cenia z gry<\/p>\n<\/div>\n<\/div>\n\n<hr class=\"wp-block-separator has-alpha-channel-opacity\"\/>\n\n<h3 class=\"wp-block-heading\">Do\u015bwiadczenie u\u017cytkownika i wnioski<\/h3>\n\n<p>AYANEO Pocket ACE wyr\u00f3\u017cnia si\u0119 jako najwy\u017cszej klasy przeno\u015bne urz\u0105dzenie do gier, kt\u00f3re oddaje istot\u0119 klasycznych gier retro, zapewniaj\u0105c jednocze\u015bnie moc i wszechstronno\u015b\u0107 nowoczesnej technologii. Jego kompaktowa konstrukcja, pot\u0119\u017cna wydajno\u015b\u0107 i konfigurowalne elementy steruj\u0105ce sprawiaj\u0105, \u017ce jest to wyj\u0105tkowy wyb\u00f3r dla graczy poszukuj\u0105cych przeno\u015bnego i wci\u0105gaj\u0105cego do\u015bwiadczenia w grach. <\/p>\n\n<p>Sprawd\u017a nasz\u0105 recenzj\u0119 <a href=\"https:\/\/droix.net\/blogs\/ayaneo-pocket-ace-review\/\" target=\"_blank\" rel=\"noreferrer noopener nofollow\">tutaj<\/a>.<\/p>\n\n<p><\/p>\n","protected":false},"excerpt":{"rendered":"<ul>\n<li>Procesor: Qualcomm<strong> G3x Gen 2<\/strong><\/li>\n<li>Wy\u015bwietlacz: 4,5-calowy<strong> bezramkowy<\/strong> ekran dotykowy<strong> IPS<\/strong> <\/li>\n<li>Pami\u0119\u0107 RAM: do<strong> 16 GB<\/strong> LPDDR5X @ <strong>8533 MT\/s<\/strong><\/li>\n<li>Pami\u0119\u0107 masowa: Do<strong> 1 TB<\/strong> UFS 4.0<\/li>\n<li>\u0141\u0105czno\u015b\u0107: Wi-Fi<strong> 7<\/strong> i Bluetooth <strong> 5.3<\/strong><\/li>\n<\/ul>\n<p><img loading=\"lazy\" decoding=\"async\" src=\"https:\/\/ayaneo.co\/wp-content\/uploads\/2025\/05\/acegifts2.jpg\" alt=\"Baner promocyjny dla  \" free=\"\" gifts=\"\" that=\"\" are=\"\" added=\"\" to=\"\" cart=\"\" for=\"\" a=\"\" handheld=\"\" gaming=\"\" console.=\"\" the=\"\" text=\"\" is=\"\" in=\"\" large=\"\" dark=\"\" grey=\"\" font=\"\" on=\"\" light=\"\" background.=\"\" image=\"\" displays=\"\" grid=\"\" of=\"\" product=\"\" accessories=\"\" with=\"\" case=\"\" protector=\"\" and=\"\" caps=\"\" width=\"1000\" height=\"140\" class=\"alignnone size-full wp-image-30151\" labels:=\"\" srcset=\"https:\/\/ayaneo.co\/wp-content\/uploads\/2025\/05\/acegifts2.jpg 1000w, https:\/\/ayaneo.co\/wp-content\/uploads\/2025\/05\/acegifts2-300x42.jpg 300w, https:\/\/ayaneo.co\/wp-content\/uploads\/2025\/05\/acegifts2-768x108.jpg 768w, https:\/\/ayaneo.co\/wp-content\/uploads\/2025\/05\/acegifts2-990x139.jpg 990w, https:\/\/ayaneo.co\/wp-content\/uploads\/2025\/05\/acegifts2-441x62.jpg 441w, https:\/\/ayaneo.co\/wp-content\/uploads\/2025\/05\/acegifts2-600x84.jpg 600w, https:\/\/ayaneo.co\/wp-content\/uploads\/2025\/05\/acegifts2-150x21.jpg 150w\" sizes=\"(max-width: 1000px) 100vw, 1000px\" \/><\/p>\n[cg_accordion title=\"INFORMACJE O P\u0141ATNO\u015aCIACH\"]<\/p>\n<p>Korzystamy z najnowszej technologii przetwarzania p\u0142atno\u015bci, kt\u00f3ra umo\u017cliwia dokonywanie p\u0142atno\u015bci za po\u015brednictwem Apple Pay, Google Pay, karty debetowej\/kredytowej, PayPal lub metod BNPL, takich jak Klarna, Affirm lub AfterPay, zapewniaj\u0105c szybkie i bezpieczne do\u015bwiadczenie.[\/cg_accordion]\n[cg_accordion title=\"GWARANCJA\"]<\/p>\n<p>1-letnia gwarancja od <a href=\"https:\/\/droix.net\/\" target=\"_blank\" rel=\"nofollow noopener\">DROIX<\/a> Global dla Twojego spokoju ducha[\/cg_accordion]\n[cg_accordion title=\"ZAPEWNIENIE JAKO\u015aCI I TESTY PRZED WYSY\u0141K\u0104\"]<\/p>\n<p>Zapewnienie satysfakcji klienta na najwy\u017cszym poziomie: Ka\u017cde urz\u0105dzenie przechodzi rygorystyczne testy i wielopunktow\u0105 kontrol\u0119 jako\u015bci przed wysy\u0142k\u0105. Nasz dedykowany zesp\u00f3\u0142 weryfikuje wydajno\u015b\u0107, funkcjonalno\u015b\u0107 i integralno\u015b\u0107 komponent\u00f3w, aby zagwarantowa\u0107, \u017ce urz\u0105dzenie AYANEO b\u0119dzie w idealnym stanie w momencie dostawy, zapewniaj\u0105c pewno\u015b\u0107 i spok\u00f3j ducha. [\/cg_accordion]\n[cg_accordion title=\"CENY, PODATKI I WYSY\u0141KA\"]<\/p>\n<p><strong><u>Uwaga:<\/u><\/strong><\/p>\n<ul>\n<li>Klienci ze Stan\u00f3w Zjednoczonych: Wy\u015bwietlana cena NIE ZAWIERA PODATKU ani c\u0142a. Odpowiedzialno\u015b\u0107 za odpraw\u0119 celn\u0105 i zap\u0142at\u0119 wszelkich powi\u0105zanych podatk\u00f3w \/ ce\u0142 spoczywa na kliencie. <\/li>\n<li>Klienci z UE: Wy\u015bwietlana cena zawiera obowi\u0105zuj\u0105cy PODATEK, kt\u00f3ry mo\u017ce wynosi\u0107 do 25% w zale\u017cno\u015bci od kraju.<\/li>\n<li>Klienci z Kanady: Wy\u015bwietlana cena zawiera obowi\u0105zuj\u0105ce podatki, kt\u00f3re mog\u0105 obejmowa\u0107 5% GST i dodatkowe prowincjonalne podatki od sprzeda\u017cy (PST), zharmonizowany podatek od sprzeda\u017cy (HST) lub podatek od sprzeda\u017cy w Quebecu (QST), w zale\u017cno\u015bci od prowincji.<\/li>\n<\/ul>\n<p><strong>TYLKO dla klient\u00f3w z UE:<\/strong> Express DDP (Delivered Duty Paid). Oznacza to: <\/p>\n<ul>\n<li>Wszystkie op\u0142aty celne i podatki s\u0105 wliczone w cen\u0119 wy\u015bwietlan\u0105 na stronie produktu.<\/li>\n<li>Przy dostawie nie trzeba b\u0119dzie uiszcza\u0107 \u017cadnych dodatkowych op\u0142at.<\/li>\n<li>W rzadkich przypadkach zwi\u0105zanych z kwestiami celnymi nasz zesp\u00f3\u0142 zajmie si\u0119 procesem odprawy celnej w Twoim imieniu, aby zapewni\u0107 sprawn\u0105 dostaw\u0119.<\/li>\n<p>Wa\u017cne informacje dotycz\u0105ce zwrot\u00f3w:<\/p>\n<li>Je\u015bli zdecydujesz si\u0119 zwr\u00f3ci\u0107 zam\u00f3wienie lub za\u017c\u0105da\u0107 zwrotu pieni\u0119dzy, pami\u0119taj, \u017ce podatki i c\u0142a zap\u0142acone w Twoim imieniu zgodnie z warunkami DDP nie mog\u0105 zosta\u0107 zwr\u00f3cone.<\/li>\n<p>Szczeg\u00f3\u0142owe informacje mo\u017cna znale\u017a\u0107 w naszym <a href=\"https:\/\/ayaneo.co\/pl\/warunki-swiadczenia-uslug\/\" target=\"_blank\" rel=\"nofollow noopener\">Regulaminie<\/a>.\n<\/ul>\n<p>[\/cg_accordion]\n[cg_accordion title=\"OBS\u0141UGA KLIENTA\"]<\/p>\n<p>Masz pytanie? Wystarczy kr\u00f3tka wiadomo\u015b\u0107 tekstowa, aby rozwi\u0105za\u0107 Tw\u00f3j problem! [\/cg_accordion]\n[cg_accordion title=\"PAKIET ZAWIERA\"]<\/p>\n<ul>\n<li>1x AYANEO Pocket ACE<\/li>\n<li>1x Kabel USB typu C<\/li>\n<li>1x Instrukcja obs\u0142ugi<\/li>\n<\/ul>\n<p>[\/cg_accordion]\n","protected":false},"featured_media":14105,"template":"","meta":{"_acf_changed":false},"product_brand":[],"product_cat":[584],"product_tag":[],"class_list":{"0":"post-14017","1":"product","2":"type-product","3":"status-publish","4":"has-post-thumbnail","6":"product_cat-android-gaming-handheld-pl","7":"product_shipping_class-premium","8":"pa_brand-ayaneo","9":"pa_graphics-gpu-model-adreno-a32","10":"pa_operating-system-android-13","11":"pa_processor-cpu-brand-qualcomm","13":"first","14":"outofstock","15":"taxable","16":"shipping-taxable","17":"purchasable","18":"product-type-variable","19":"has-default-attributes"},"acf":[],"_links":{"self":[{"href":"https:\/\/ayaneo.co\/pl\/wp-json\/wp\/v2\/product\/14017","targetHints":{"allow":["GET"]}}],"collection":[{"href":"https:\/\/ayaneo.co\/pl\/wp-json\/wp\/v2\/product"}],"about":[{"href":"https:\/\/ayaneo.co\/pl\/wp-json\/wp\/v2\/types\/product"}],"wp:featuredmedia":[{"embeddable":true,"href":"https:\/\/ayaneo.co\/pl\/wp-json\/wp\/v2\/media\/14105"}],"wp:attachment":[{"href":"https:\/\/ayaneo.co\/pl\/wp-json\/wp\/v2\/media?parent=14017"}],"wp:term":[{"taxonomy":"product_brand","embeddable":true,"href":"https:\/\/ayaneo.co\/pl\/wp-json\/wp\/v2\/product_brand?post=14017"},{"taxonomy":"product_cat","embeddable":true,"href":"https:\/\/ayaneo.co\/pl\/wp-json\/wp\/v2\/product_cat?post=14017"},{"taxonomy":"product_tag","embeddable":true,"href":"https:\/\/ayaneo.co\/pl\/wp-json\/wp\/v2\/product_tag?post=14017"}],"curies":[{"name":"wp","href":"https:\/\/api.w.org\/{rel}","templated":true}]}}