{"id":14691,"date":"2025-05-08T13:01:34","date_gmt":"2025-05-08T13:01:34","guid":{"rendered":"https:\/\/ayaneo.co\/product\/ayaneo-stacja-dokujaca-ag01-starship-graphics-dock\/"},"modified":"2026-01-06T00:32:00","modified_gmt":"2026-01-06T00:32:00","slug":"ayaneo-ag01","status":"publish","type":"product","link":"https:\/\/ayaneo.co\/pl\/product\/ayaneo-ag01\/","title":{"rendered":"AYANEO Stacja dokuj\u0105ca AG01 Starship Graphics Dock"},"content":{"rendered":"\n<figure class=\"wp-block-video\"><video height=\"1080\" style=\"aspect-ratio: 1920 \/ 1080;\" width=\"1920\" controls=\"\" poster=\"https:\/\/ayaneo.co\/wp-content\/uploads\/2025\/05\/maxresdefault-4.jpg\" src=\"https:\/\/ayaneo.co\/wp-content\/uploads\/2025\/05\/AYANEO-AG01-Starship-Graphic-Dock_-Salute-to-The-Era-of-Space-Science-Explore-The-Gaming-World.mp4\"><\/video><\/figure>\n\n<h2 class=\"wp-block-heading\" id=\"h-introducing-the-ayaneo-ag01-starship-graphics-dock-power-precision-and-portability-redefined\">Przedstawiamy stacj\u0119 dokuj\u0105c\u0105 AYANEO AG01 Starship Graphics Dock: Moc, precyzja i przeno\u015bno\u015b\u0107 na nowo zdefiniowane<\/h2>\n\n<p>Stacja dokuj\u0105ca <strong>AYANEO AG01 Starship Graphics Dock<\/strong> zapocz\u0105tkowuje now\u0105 er\u0119 zewn\u0119trznych rozwi\u0105za\u0144 GPU, dostosowanych do potrzeb graczy, tw\u00f3rc\u00f3w i profesjonalist\u00f3w, kt\u00f3rzy wymagaj\u0105 doskona\u0142ej wydajno\u015bci. Dzi\u0119ki futurystycznemu wzornictwu przemys\u0142owemu, wysokiej klasy procesorowi graficznemu AMD Radeon RX 7600M XT i solidnej kompatybilno\u015bci z systemami Windows i Linux, AG01 to nie tylko akcesorium - to platforma startowa zapewniaj\u0105ca bezkompromisow\u0105 moc klasy desktopowej w podr\u00f3\u017cy.   <\/p>\n\n<figure class=\"wp-block-image size-full\"><a href=\"https:\/\/ayaneo.co\/wp-content\/uploads\/2025\/05\/AYANEO-AG01-GRAPHICS_DOCK-MARKETING-IMAGE-DONE-1-1024x576-1.jpg\"><img fetchpriority=\"high\" decoding=\"async\" width=\"1024\" height=\"576\" src=\"https:\/\/ayaneo.co\/wp-content\/uploads\/2025\/05\/AYANEO-AG01-GRAPHICS_DOCK-MARKETING-IMAGE-DONE-1-1024x576-1.jpg\" alt=\"Mroczne zdj&#x119;cie promocyjne o tematyce science-fiction przedstawiaj&#x105;ce AYANEO AG01, pokazuj&#x105;ce g&#xF3;rny pier&#x15B;cie&#x144; wentylatora &#x15B;wiec&#x105;cy na pomara&#x144;czowo i cz&#x119;&#x15B;ciowo o&#x15B;wietlon&#x105; sylwetk&#x119; urz&#x105;dzenia, co sugeruje wizualizacj&#x119; w przestrzeni kosmicznej.\" class=\"wp-image-37414\" srcset=\"https:\/\/ayaneo.co\/wp-content\/uploads\/2025\/05\/AYANEO-AG01-GRAPHICS_DOCK-MARKETING-IMAGE-DONE-1-1024x576-1.jpg 1024w, https:\/\/ayaneo.co\/wp-content\/uploads\/2025\/05\/AYANEO-AG01-GRAPHICS_DOCK-MARKETING-IMAGE-DONE-1-1024x576-1-300x169.jpg 300w, https:\/\/ayaneo.co\/wp-content\/uploads\/2025\/05\/AYANEO-AG01-GRAPHICS_DOCK-MARKETING-IMAGE-DONE-1-1024x576-1-768x432.jpg 768w, https:\/\/ayaneo.co\/wp-content\/uploads\/2025\/05\/AYANEO-AG01-GRAPHICS_DOCK-MARKETING-IMAGE-DONE-1-1024x576-1-990x557.jpg 990w, https:\/\/ayaneo.co\/wp-content\/uploads\/2025\/05\/AYANEO-AG01-GRAPHICS_DOCK-MARKETING-IMAGE-DONE-1-1024x576-1-441x248.jpg 441w, https:\/\/ayaneo.co\/wp-content\/uploads\/2025\/05\/AYANEO-AG01-GRAPHICS_DOCK-MARKETING-IMAGE-DONE-1-1024x576-1-600x338.jpg 600w, https:\/\/ayaneo.co\/wp-content\/uploads\/2025\/05\/AYANEO-AG01-GRAPHICS_DOCK-MARKETING-IMAGE-DONE-1-1024x576-1-150x84.jpg 150w\" sizes=\"(max-width: 1024px) 100vw, 1024px\" \/><\/a><\/figure>\n\n<p>Najnowocze\u015bniejsza integracja interfejs\u00f3w OCuLink i USB4 sprawia, \u017ce jest to jedna z najbardziej wszechstronnych stacji dokuj\u0105cych eGPU dost\u0119pnych obecnie na rynku. Niezale\u017cnie od tego, czy chcesz odblokowa\u0107 wy\u017csz\u0105 liczb\u0119 klatek na sekund\u0119 na swojej przeno\u015bnej konsoli, czy te\u017c zwi\u0119kszy\u0107 produktywno\u015b\u0107 na kompaktowym laptopie, kompaktowa obudowa AG01 zapewnia doskona\u0142\u0105 moc graficzn\u0105 bez po\u015bwi\u0119cania mobilno\u015bci. Witamy w nowej generacji zewn\u0119trznych procesor\u00f3w graficznych - odwa\u017cnych, pi\u0119knych i gotowych do walki.  <\/p>\n\n<hr class=\"wp-block-separator has-alpha-channel-opacity\"\/>\n\n<h2 class=\"wp-block-heading\" id=\"h-ayaneo-ag01-starship-grade-external-gpu-dock\">AYANEO AG01 - zewn\u0119trzna stacja dokuj\u0105ca dla procesor\u00f3w graficznych klasy gwiezdnej<\/h2>\n\n<p>Stacja dokuj\u0105ca <strong>AG01 Starship Graphics Dock<\/strong> to arcydzie\u0142o nowoczesnej in\u017cynierii i artystycznego wzornictwa. Zainspirowana futurystyczn\u0105 estetyk\u0105 statk\u00f3w kosmicznych, \u0142\u0105czy w sobie przeno\u015bno\u015b\u0107 i wydajno\u015b\u0107 w obudowie o szeroko\u015bci zaledwie 18 cm i wadze poni\u017cej 900g. Jego wysoce wydajna konstrukcja termiczna, wzmocniona turbinowym systemem ch\u0142odzenia i kana\u0142ami powietrznymi, zapewnia d\u0142ugotrwa\u0142\u0105 wydajno\u015b\u0107 bez d\u0142awienia, nawet podczas intensywnych sesji grania lub renderowania.  <\/p>\n\n<figure class=\"wp-block-image size-full\"><a href=\"https:\/\/ayaneo.co\/wp-content\/uploads\/2025\/05\/AYANEO-AG01-GRAPHICS_DOCK-MARKETING-IMAGE-DONE-2-1024x855-1.jpg\"><img decoding=\"async\" width=\"1024\" height=\"855\" src=\"https:\/\/ayaneo.co\/wp-content\/uploads\/2025\/05\/AYANEO-AG01-GRAPHICS_DOCK-MARKETING-IMAGE-DONE-2-1024x855-1.jpg\" alt=\"Najwa&#x17C;niejsze funkcje AYANEO AG01 przedstawione w futurystycznym uk&#x142;adzie siatki, w tym uk&#x142;ad RX 7600M XT, o&#x15B;wietlenie RGB, konfigurowalna tabliczka znamionowa, system ch&#x142;odzenia i mo&#x17C;liwo&#x15B;ci rozbudowy we \/ wy.\" class=\"wp-image-37415\" srcset=\"https:\/\/ayaneo.co\/wp-content\/uploads\/2025\/05\/AYANEO-AG01-GRAPHICS_DOCK-MARKETING-IMAGE-DONE-2-1024x855-1.jpg 1024w, https:\/\/ayaneo.co\/wp-content\/uploads\/2025\/05\/AYANEO-AG01-GRAPHICS_DOCK-MARKETING-IMAGE-DONE-2-1024x855-1-300x250.jpg 300w, https:\/\/ayaneo.co\/wp-content\/uploads\/2025\/05\/AYANEO-AG01-GRAPHICS_DOCK-MARKETING-IMAGE-DONE-2-1024x855-1-768x641.jpg 768w, https:\/\/ayaneo.co\/wp-content\/uploads\/2025\/05\/AYANEO-AG01-GRAPHICS_DOCK-MARKETING-IMAGE-DONE-2-1024x855-1-990x827.jpg 990w, https:\/\/ayaneo.co\/wp-content\/uploads\/2025\/05\/AYANEO-AG01-GRAPHICS_DOCK-MARKETING-IMAGE-DONE-2-1024x855-1-441x368.jpg 441w, https:\/\/ayaneo.co\/wp-content\/uploads\/2025\/05\/AYANEO-AG01-GRAPHICS_DOCK-MARKETING-IMAGE-DONE-2-1024x855-1-600x501.jpg 600w, https:\/\/ayaneo.co\/wp-content\/uploads\/2025\/05\/AYANEO-AG01-GRAPHICS_DOCK-MARKETING-IMAGE-DONE-2-1024x855-1-150x125.jpg 150w\" sizes=\"(max-width: 1024px) 100vw, 1024px\" \/><\/a><\/figure>\n\n<p>Wyposa\u017cony w procesor graficzny <strong>AMD Radeon RX 7600M XT<\/strong> oparty na architekturze RDNA3, AG01 obs\u0142uguje wysokiej klasy gry AAA, edycj\u0119 wideo i renderowanie 3D z wyj\u0105tkow\u0105 wydajno\u015bci\u0105. Jest idealnym towarzyszem dla przeno\u015bnych urz\u0105dze\u0144 do gier, takich jak AYANEO 2S, KUN, a nawet urz\u0105dze\u0144 innych ni\u017cAYANEO za po\u015brednictwem OCuLink i USB4, w tym Steam Deck, ROG Ally i innych. <\/p>\n\n<hr class=\"wp-block-separator has-alpha-channel-opacity\"\/>\n\n<h2 class=\"wp-block-heading\" id=\"h-performance-that-launches-beyond-limits\">Wydajno\u015b\u0107, kt\u00f3ra przekracza granice<\/h2>\n\n<p><strong>Pot\u0119ga graficzna:<\/strong> Sercem AG01 jest procesor graficzny <strong>AMD Radeon RX 7600M XT<\/strong> z 32 jednostkami obliczeniowymi, 8 GB pami\u0119ci GDDR6 i maksymalnym taktowaniem 2300 MHz. Ta pot\u0119ga zapewnia p\u0142ynn\u0105 rozgrywk\u0119 w rozdzielczo\u015bci 1080p, a nawet 1440p, doskonale sprawdzaj\u0105c si\u0119 w wysokowydajnych aplikacjach, od tytu\u0142\u00f3w AAA po akcelerowane przez GPU procesy tw\u00f3rcze. <\/p>\n\n<p><strong>Zaawansowany system ch\u0142odzenia:<\/strong> W przeciwie\u0144stwie do konwencjonalnych kart graficznych, AG01 posiada unikalny system ch\u0142odzenia z podw\u00f3jnymi wlotami powietrza i wysokowydajnym wentylatorem. Konstrukcja ta maksymalizuje przep\u0142yw powietrza przy zachowaniu niskiego poziomu ha\u0142asu, pozwalaj\u0105c na utrzymanie wydajno\u015bci nawet podczas d\u0142ugich sesji. <\/p>\n\n<hr class=\"wp-block-separator has-alpha-channel-opacity\"\/>\n\n<h2 class=\"wp-block-heading\" id=\"h-seamless-connectivity\">P\u0142ynna \u0142\u0105czno\u015b\u0107<\/h2>\n\n<figure class=\"wp-block-image size-full\"><a href=\"https:\/\/ayaneo.co\/wp-content\/uploads\/2025\/05\/AYANEO-AG01-GRAPHICS_DOCK-MARKETING-IMAGE-DONE-3-1024x576-1.jpg\"><img decoding=\"async\" width=\"1024\" height=\"576\" src=\"https:\/\/ayaneo.co\/wp-content\/uploads\/2025\/05\/AYANEO-AG01-GRAPHICS_DOCK-MARKETING-IMAGE-DONE-3-1024x576-1.jpg\" alt=\"Schemat przedstawiaj&#x105;cy tylny uk&#x142;ad I\/O stacji dokuj&#x105;cej AYANEO AG01 Graphics Dock, oznaczaj&#x105;cy porty takie jak DP 2.0, HDMI 2.1, OCuLink, USB4, DC, RJ45 i USB 3.2 Gen 2.\" class=\"wp-image-37416\" srcset=\"https:\/\/ayaneo.co\/wp-content\/uploads\/2025\/05\/AYANEO-AG01-GRAPHICS_DOCK-MARKETING-IMAGE-DONE-3-1024x576-1.jpg 1024w, https:\/\/ayaneo.co\/wp-content\/uploads\/2025\/05\/AYANEO-AG01-GRAPHICS_DOCK-MARKETING-IMAGE-DONE-3-1024x576-1-300x169.jpg 300w, https:\/\/ayaneo.co\/wp-content\/uploads\/2025\/05\/AYANEO-AG01-GRAPHICS_DOCK-MARKETING-IMAGE-DONE-3-1024x576-1-768x432.jpg 768w, https:\/\/ayaneo.co\/wp-content\/uploads\/2025\/05\/AYANEO-AG01-GRAPHICS_DOCK-MARKETING-IMAGE-DONE-3-1024x576-1-990x557.jpg 990w, https:\/\/ayaneo.co\/wp-content\/uploads\/2025\/05\/AYANEO-AG01-GRAPHICS_DOCK-MARKETING-IMAGE-DONE-3-1024x576-1-441x248.jpg 441w, https:\/\/ayaneo.co\/wp-content\/uploads\/2025\/05\/AYANEO-AG01-GRAPHICS_DOCK-MARKETING-IMAGE-DONE-3-1024x576-1-600x338.jpg 600w, https:\/\/ayaneo.co\/wp-content\/uploads\/2025\/05\/AYANEO-AG01-GRAPHICS_DOCK-MARKETING-IMAGE-DONE-3-1024x576-1-150x84.jpg 150w\" sizes=\"(max-width: 1024px) 100vw, 1024px\" \/><\/a><\/figure>\n\n<p><strong>Zgodno\u015b\u0107 z OCuLink i USB4:<\/strong> Dla po\u0142\u0105cze\u0144 o niskich op\u00f3\u017anieniach i wysokiej przepustowo\u015bci, AG01 obs\u0142uguje <strong>OCuLink SFF-8612<\/strong> i <strong>USB4<\/strong>, oferuj\u0105c szerok\u0105 kompatybilno\u015b\u0107 z komputerami przeno\u015bnymi i laptopami. OCuLink zapewnia doskona\u0142\u0105 wydajno\u015b\u0107 GPU, omijaj\u0105c w\u0105skie gard\u0142a tradycyjnych po\u0142\u0105cze\u0144 Thunderbolt, co czyni go najlepszym wyborem dla powa\u017cnych graczy i tw\u00f3rc\u00f3w. <\/p>\n\n<p><strong>Wszechstronna obs\u0142uga urz\u0105dze\u0144:<\/strong> Niezale\u017cnie od tego, czy pod\u0142\u0105czasz urz\u0105dzenie przeno\u015bne AYANEO, Steam Deck, czy kompaktow\u0105 maszyn\u0119 z systemem Windows \/Linux, AG01 \u0142atwo si\u0119 dostosowuje. Obs\u0142uguje funkcjonalno\u015b\u0107 plug-and-play bez konieczno\u015bci zmiany BIOS-u w wi\u0119kszo\u015bci system\u00f3w. <\/p>\n\n<hr class=\"wp-block-separator has-alpha-channel-opacity\"\/>\n\n<h2 class=\"wp-block-heading\" id=\"h-built-to-travel-designed-to-impress\">Stworzony do podr\u00f3\u017cy, zaprojektowany, by imponowa\u0107<\/h2>\n\n<p><strong>Kompaktowy i lekki:<\/strong> Mierz\u0105c zaledwie 18 cm x 6,3 cm x 3 cm i wa\u017c\u0105c 869 g, AG01 jest jedn\u0105 z najmniejszych wysokowydajnych stacji dokuj\u0105cych eGPU na \u015bwiecie. Jej kosmiczny design sprawia, \u017ce mo\u017ce by\u0107 ona ozdob\u0105 biurka lub torby technicznej. <\/p>\n\n<p><strong>Materia\u0142y najwy\u017cszej jako\u015bci:<\/strong> Obudowa zosta\u0142a wykonana ze stopu aluminium klasy lotniczej, \u0142\u0105cz\u0105c trwa\u0142o\u015b\u0107 z wydajno\u015bci\u0105 termiczn\u0105 i eleganck\u0105 estetyk\u0105.<\/p>\n\n<figure class=\"wp-block-image size-full\"><a href=\"https:\/\/ayaneo.co\/wp-content\/uploads\/2025\/05\/AYANEO-AG01-GRAPHICS_DOCK-MARKETING-IMAGE-DONE-8-1024x576-1.jpg\"><img loading=\"lazy\" decoding=\"async\" width=\"1024\" height=\"576\" src=\"https:\/\/ayaneo.co\/wp-content\/uploads\/2025\/05\/AYANEO-AG01-GRAPHICS_DOCK-MARKETING-IMAGE-DONE-8-1024x576-1.jpg\" alt=\"Dramatyczna wizualizacja podw&#xF3;jnych metalowych element&#xF3;w obudowy AYANEO AG01 w po&#x142;owie separacji, podkre&#x15B;laj&#x105;ca jego precyzyjnie wykonany metalowy korpus na tle gwia&#x17A;dzistego kosmosu.\" class=\"wp-image-37417\" srcset=\"https:\/\/ayaneo.co\/wp-content\/uploads\/2025\/05\/AYANEO-AG01-GRAPHICS_DOCK-MARKETING-IMAGE-DONE-8-1024x576-1.jpg 1024w, https:\/\/ayaneo.co\/wp-content\/uploads\/2025\/05\/AYANEO-AG01-GRAPHICS_DOCK-MARKETING-IMAGE-DONE-8-1024x576-1-300x169.jpg 300w, https:\/\/ayaneo.co\/wp-content\/uploads\/2025\/05\/AYANEO-AG01-GRAPHICS_DOCK-MARKETING-IMAGE-DONE-8-1024x576-1-768x432.jpg 768w, https:\/\/ayaneo.co\/wp-content\/uploads\/2025\/05\/AYANEO-AG01-GRAPHICS_DOCK-MARKETING-IMAGE-DONE-8-1024x576-1-990x557.jpg 990w, https:\/\/ayaneo.co\/wp-content\/uploads\/2025\/05\/AYANEO-AG01-GRAPHICS_DOCK-MARKETING-IMAGE-DONE-8-1024x576-1-441x248.jpg 441w, https:\/\/ayaneo.co\/wp-content\/uploads\/2025\/05\/AYANEO-AG01-GRAPHICS_DOCK-MARKETING-IMAGE-DONE-8-1024x576-1-600x338.jpg 600w, https:\/\/ayaneo.co\/wp-content\/uploads\/2025\/05\/AYANEO-AG01-GRAPHICS_DOCK-MARKETING-IMAGE-DONE-8-1024x576-1-150x84.jpg 150w\" sizes=\"(max-width: 1024px) 100vw, 1024px\" \/><\/a><\/figure>\n\n<hr class=\"wp-block-separator has-alpha-channel-opacity\"\/>\n\n<h2 class=\"wp-block-heading\" id=\"h-user-experience\">Do\u015bwiadczenie u\u017cytkownika<\/h2>\n\n<p>AG01 wyznacza nowy standard wydajno\u015bci przyjaznej dla u\u017cytkownika. Obs\u0142uga bez sterownik\u00f3w dla system\u00f3w Windows i Linux, bezproblemowa kompatybilno\u015b\u0107 urz\u0105dze\u0144 i konfiguracja plug-and-play sprawiaj\u0105, \u017ce jest to idealne rozwi\u0105zanie zar\u00f3wno dla nowicjuszy, jak i entuzjast\u00f3w technologii. Niezale\u017cnie od tego, czy przesy\u0142asz strumieniowo, projektujesz, grasz, czy wykonujesz wiele zada\u0144 na r\u00f3\u017cnych monitorach, AG01 zapewnia p\u0142ynne i wci\u0105gaj\u0105ce wra\u017cenia.  <\/p>\n\n<hr class=\"wp-block-separator has-alpha-channel-opacity\"\/>\n\n<h2 class=\"wp-block-heading\" id=\"h-conclusion\">Wnioski<\/h2>\n\n<p><strong>Stacja dokuj\u0105caAYANEO AG01 Starship Graphics Dock<\/strong> to co\u015b wi\u0119cej ni\u017c tylko zewn\u0119trzny procesor graficzny - to skok w przysz\u0142o\u015b\u0107, w kt\u00f3rej przeno\u015bno\u015b\u0107 spotyka si\u0119 z prawdziw\u0105 wydajno\u015bci\u0105 na poziomie komputera stacjonarnego. Dzi\u0119ki silnikowi Radeon RX 7600M XT, \u0142\u0105czno\u015bci z dwoma interfejsami i pomys\u0142owemu wzornictwu, AG01 na nowo definiuje mo\u017cliwo\u015bci komputer\u00f3w przeno\u015bnych. <\/p>\n\n<p>Zam\u00f3w AG01 w przedsprzeda\u017cy ju\u017c teraz i sta\u0144 si\u0119 cz\u0119\u015bci\u0105 nowej generacji graczy i tw\u00f3rc\u00f3w korzystaj\u0105cych z bezkompromisowej mocy, gdziekolwiek s\u0105.  <strong>Z AYANEO, gwiazdy to dopiero pocz\u0105tek.<\/strong><\/p>\n","protected":false},"excerpt":{"rendered":"<ul>\n<li>Procesor graficzny <strong>Radeon\u2122 RX 7600M XT<\/strong> z architektur\u0105 RDNA 3<\/li>\n<li><strong>Podw\u00f3jny interfejs:<\/strong> OCuLink i USB 4.0 (Typ-C, 65W PD)<\/li>\n<li><strong>Kompaktowy i lekki:<\/strong> Przeno\u015bna konstrukcja inspirowana statkiem kosmicznym<\/li>\n<li><strong>Zoptymalizowane ch\u0142odzenie:<\/strong> Wysokowydajny system wentylator\u00f3w turbinowych<\/li>\n<li><strong>Kompatybilny z:<\/strong> AYANEO 2S, KUN, FLIP DS, ROG Ally, Steam Deck<\/li>\n<\/ul>\n[cg_accordion title=\"INFORMACJE O P\u0141ATNO\u015aCIACH\"]<\/p>\n<p>Korzystamy z najnowszej technologii przetwarzania p\u0142atno\u015bci, kt\u00f3ra umo\u017cliwia dokonywanie p\u0142atno\u015bci za po\u015brednictwem Apple Pay, Google Pay, karty debetowej\/kredytowej, PayPal lub metod BNPL, takich jak Klarna, Affirm lub AfterPay, zapewniaj\u0105c szybkie i bezpieczne do\u015bwiadczenie.[\/cg_accordion]\n[cg_accordion title=\"GWARANCJA\"]<\/p>\n<p>1-letnia gwarancja od <a href=\"https:\/\/droix.net\/\" target=\"_blank\" rel=\"nofollow noopener\">DROIX<\/a> Global dla Twojego spokoju ducha[\/cg_accordion]\n[cg_accordion title=\"ZAPEWNIENIE JAKO\u015aCI I TESTY PRZED WYSY\u0141K\u0104\"]<\/p>\n<p>Zapewnienie satysfakcji klienta na najwy\u017cszym poziomie: Ka\u017cde urz\u0105dzenie przechodzi rygorystyczne testy i wielopunktow\u0105 kontrol\u0119 jako\u015bci przed wysy\u0142k\u0105. Nasz dedykowany zesp\u00f3\u0142 weryfikuje wydajno\u015b\u0107, funkcjonalno\u015b\u0107 i integralno\u015b\u0107 komponent\u00f3w, aby zagwarantowa\u0107, \u017ce urz\u0105dzenie AYANEO b\u0119dzie w idealnym stanie w momencie dostawy, zapewniaj\u0105c pewno\u015b\u0107 i spok\u00f3j ducha. [\/cg_accordion]\n[cg_accordion title=\"CENY, PODATKI I WYSY\u0141KA\"]<\/p>\n<p><strong><u>Uwaga:<\/u><\/strong><\/p>\n<ul>\n<li>Klienci ze Stan\u00f3w Zjednoczonych: Wy\u015bwietlana cena NIE ZAWIERA PODATKU ani c\u0142a. Odpowiedzialno\u015b\u0107 za odpraw\u0119 celn\u0105 i zap\u0142at\u0119 wszelkich powi\u0105zanych podatk\u00f3w \/ ce\u0142 spoczywa na kliencie. <\/li>\n<li>Klienci z UE: Wy\u015bwietlana cena zawiera obowi\u0105zuj\u0105cy PODATEK, kt\u00f3ry mo\u017ce wynosi\u0107 do 25% w zale\u017cno\u015bci od kraju.<\/li>\n<li>Klienci z Kanady: Wy\u015bwietlana cena zawiera obowi\u0105zuj\u0105ce podatki, kt\u00f3re mog\u0105 obejmowa\u0107 5% GST i dodatkowe prowincjonalne podatki od sprzeda\u017cy (PST), zharmonizowany podatek od sprzeda\u017cy (HST) lub podatek od sprzeda\u017cy w Quebecu (QST), w zale\u017cno\u015bci od prowincji.<\/li>\n<\/ul>\n<p><strong>TYLKO dla klient\u00f3w z UE:<\/strong> Express DDP (Delivered Duty Paid). Oznacza to: <\/p>\n<ul>\n<li>Wszystkie op\u0142aty celne i podatki s\u0105 wliczone w cen\u0119 wy\u015bwietlan\u0105 na stronie produktu.<\/li>\n<li>Przy dostawie nie trzeba b\u0119dzie uiszcza\u0107 \u017cadnych dodatkowych op\u0142at.<\/li>\n<li>W rzadkich przypadkach zwi\u0105zanych z kwestiami celnymi nasz zesp\u00f3\u0142 zajmie si\u0119 procesem odprawy celnej w Twoim imieniu, aby zapewni\u0107 sprawn\u0105 dostaw\u0119.<\/li>\n<p>Wa\u017cne informacje dotycz\u0105ce zwrot\u00f3w:<\/p>\n<li>Je\u015bli zdecydujesz si\u0119 zwr\u00f3ci\u0107 zam\u00f3wienie lub za\u017c\u0105da\u0107 zwrotu pieni\u0119dzy, pami\u0119taj, \u017ce podatki i c\u0142a zap\u0142acone w Twoim imieniu zgodnie z warunkami DDP nie mog\u0105 zosta\u0107 zwr\u00f3cone.<\/li>\n<p>Szczeg\u00f3\u0142owe informacje mo\u017cna znale\u017a\u0107 w naszym <a href=\"https:\/\/ayaneo.co\/pl\/warunki-swiadczenia-uslug\/\" target=\"_blank\" rel=\"nofollow noopener\">Regulaminie<\/a>.\n<\/ul>\n<p>[\/cg_accordion]\n[cg_accordion title=\"OBS\u0141UGA KLIENTA\"]<\/p>\n<p>Masz pytanie? Wystarczy kr\u00f3tka wiadomo\u015b\u0107 tekstowa, aby rozwi\u0105za\u0107 Tw\u00f3j problem! [\/cg_accordion]\n[cg_accordion title=\"PAKIET ZAWIERA\"]<\/p>\n<ul>\n<li>1x AYANEO AG01 Starship Graphics Dock<\/li>\n<li>1x Kabel USB typu C<\/li>\n<li>1x Instrukcja obs\u0142ugi<\/li>\n<\/ul>\n<p>[\/cg_accordion]\n","protected":false},"featured_media":14452,"template":"","meta":{"_acf_changed":false},"product_brand":[],"product_cat":[555],"product_tag":[],"class_list":{"0":"post-14691","1":"product","2":"type-product","3":"status-publish","4":"has-post-thumbnail","6":"product_cat-akcesoria","7":"product_shipping_class-premium","8":"pa_brand-ayaneo","9":"pa_graphics-gpu-model-radeon-rx-7600m-xt","11":"first","12":"outofstock","13":"sale","14":"taxable","15":"shipping-taxable","16":"purchasable","17":"product-type-variable","18":"has-default-attributes"},"acf":[],"_links":{"self":[{"href":"https:\/\/ayaneo.co\/pl\/wp-json\/wp\/v2\/product\/14691","targetHints":{"allow":["GET"]}}],"collection":[{"href":"https:\/\/ayaneo.co\/pl\/wp-json\/wp\/v2\/product"}],"about":[{"href":"https:\/\/ayaneo.co\/pl\/wp-json\/wp\/v2\/types\/product"}],"wp:featuredmedia":[{"embeddable":true,"href":"https:\/\/ayaneo.co\/pl\/wp-json\/wp\/v2\/media\/14452"}],"wp:attachment":[{"href":"https:\/\/ayaneo.co\/pl\/wp-json\/wp\/v2\/media?parent=14691"}],"wp:term":[{"taxonomy":"product_brand","embeddable":true,"href":"https:\/\/ayaneo.co\/pl\/wp-json\/wp\/v2\/product_brand?post=14691"},{"taxonomy":"product_cat","embeddable":true,"href":"https:\/\/ayaneo.co\/pl\/wp-json\/wp\/v2\/product_cat?post=14691"},{"taxonomy":"product_tag","embeddable":true,"href":"https:\/\/ayaneo.co\/pl\/wp-json\/wp\/v2\/product_tag?post=14691"}],"curies":[{"name":"wp","href":"https:\/\/api.w.org\/{rel}","templated":true}]}}