{"id":28471,"date":"2025-07-15T11:52:07","date_gmt":"2025-07-15T11:52:07","guid":{"rendered":"https:\/\/ayaneo.co\/?post_type=product&#038;p=28471"},"modified":"2025-12-09T00:24:26","modified_gmt":"2025-12-09T00:24:26","slug":"ayaneo-nakladki-pocket-micro-i-dmg-thumb-stick-grip-caps-zwiekszony-komfort-i-kontrola-copy","status":"publish","type":"product","link":"https:\/\/ayaneo.co\/pl\/product\/ayaneo-nakladki-pocket-micro-i-dmg-thumb-stick-grip-caps-zwiekszony-komfort-i-kontrola-copy\/","title":{"rendered":"Nak\u0142adki na kciuki AYANEO Pocket S, AIR &amp; SLIDE - zwi\u0119kszony komfort i kontrola!"},"content":{"rendered":"\n<p><strong>Ulepsz swoje wra\u017cenia z gry dzi\u0119ki nak\u0142adkom AYANEO Pocket S, AIR &amp; SLIDE Thumb Stick Grip Caps!<\/strong>  Zaprojektowane z my\u015bl\u0105 o precyzji, wygodzie i trwa\u0142o\u015bci, nak\u0142adki te zapewniaj\u0105 lepsz\u0105 kontrol\u0119 i lepszy chwyt, gwarantuj\u0105c p\u0142ynniejsz\u0105 rozgrywk\u0119 na urz\u0105dzeniach AYANEO Pocket S, AIR i SLIDE.<\/p>\n\n<h2 class=\"wp-block-heading\"><strong>Kluczowe cechy:<\/strong><\/h2>\n\n<p><strong>Lepszy chwyt i kontrola<\/strong> - po\u017cegnaj si\u0119 ze \u015bliskimi kciukami! Ciesz si\u0119 zwi\u0119kszon\u0105 precyzj\u0105 ka\u017cdego ruchu na AYANEO Pocket S, AIR lub SLIDE. <\/p>\n\n<p><strong>Wygodna i ergonomiczna konstrukcja<\/strong> - mi\u0119kki w dotyku materia\u0142 zmniejsza obci\u0105\u017cenie podczas d\u0142ugich sesji grania.  <\/p>\n\n<p><strong>Materia\u0142 najwy\u017cszej jako\u015bci<\/strong> - trwa\u0142y, wysokiej jako\u015bci silikon zapewnia d\u0142ugotrwa\u0142e dzia\u0142anie.  <\/p>\n\n<p><strong>\u0141atwy monta\u017c i bezpieczne dopasowanie<\/strong> - Zaprojektowany specjalnie dla AYANEO Pocket S, AIR &amp; SLIDE, zapewniaj\u0105c dok\u0142adne, antypo\u015blizgowe dopasowanie.  <\/p>\n\n<p><strong>Stylowy i funkcjonalny<\/strong> - dodaje eleganckiego wygl\u0105du, jednocze\u015bnie chroni\u0105c kciuki przed zu\u017cyciem.  <\/p>\n\n<p>Przenie\u015b swoje wra\u017cenia z gry w AYANEO na wy\u017cszy poziom dzi\u0119ki tym niezb\u0119dnym nak\u0142adkom na uchwyty!  <\/p>\n\n<p><\/p>\n","protected":false},"excerpt":{"rendered":"<ul>\n<li><strong>Oficjalne<\/strong> nak\u0142adki na kciuki AYANEO Pocket S, AIR &amp; SLIDE Thumb Stick Grip Caps<\/li>\n<li><strong>Zwi\u0119kszona przyczepno\u015b\u0107 i kontrola<\/strong> - poprawia precyzj\u0119 i sterowno\u015b\u0107.<\/li>\n<li><strong>Mi\u0119kkie i wygodne<\/strong> - zmniejszaj\u0105 zm\u0119czenie podczas d\u0142ugich rozgrywek.<\/li>\n<li><strong>Trwa\u0142y materia\u0142 silikonowy<\/strong> - d\u0142ugotrwa\u0142y i odporny na zu\u017cycie.<\/li>\n<li><strong>Idealne dopasowanie<\/strong> - zaprojektowane wy\u0142\u0105cznie dla AYANEO Pocket S, AIR &amp; SLIDE.<\/li>\n<\/ul>\n[cg_accordion title=\"INFORMACJE O P\u0141ATNO\u015aCIACH\"]<\/p>\n<p>Korzystamy z najnowszej technologii przetwarzania p\u0142atno\u015bci, kt\u00f3ra umo\u017cliwia dokonywanie p\u0142atno\u015bci za po\u015brednictwem Apple Pay, Google Pay, karty debetowej\/kredytowej, PayPal lub metod BNPL, takich jak Klarna, Affirm lub AfterPay, zapewniaj\u0105c szybkie i bezpieczne do\u015bwiadczenie.[\/cg_accordion]\n[cg_accordion title=\"GWARANCJA\"]<\/p>\n<p>1-letnia gwarancja od <a href=\"https:\/\/droix.net\/\" target=\"_blank\" rel=\"nofollow noopener\">DROIX<\/a> Global dla Twojego spokoju ducha[\/cg_accordion]\n[cg_accordion title=\"ZAPEWNIENIE JAKO\u015aCI I TESTY PRZED WYSY\u0141K\u0104\"]<\/p>\n<p>Zapewnienie satysfakcji klienta na najwy\u017cszym poziomie: Ka\u017cde urz\u0105dzenie przechodzi rygorystyczne testy i wielopunktow\u0105 kontrol\u0119 jako\u015bci przed wysy\u0142k\u0105. Nasz dedykowany zesp\u00f3\u0142 weryfikuje wydajno\u015b\u0107, funkcjonalno\u015b\u0107 i integralno\u015b\u0107 komponent\u00f3w, aby zagwarantowa\u0107, \u017ce urz\u0105dzenie AYANEO b\u0119dzie w idealnym stanie w momencie dostawy, zapewniaj\u0105c pewno\u015b\u0107 i spok\u00f3j ducha. [\/cg_accordion]\n[cg_accordion title=\"CENY, PODATKI I WYSY\u0141KA\"]<\/p>\n<p><strong><u>Uwaga:<\/u><\/strong><\/p>\n<ul>\n<li>Klienci ze Stan\u00f3w Zjednoczonych: Wy\u015bwietlana cena NIE ZAWIERA PODATKU ani c\u0142a. Odpowiedzialno\u015b\u0107 za odpraw\u0119 celn\u0105 i zap\u0142at\u0119 wszelkich powi\u0105zanych podatk\u00f3w \/ ce\u0142 spoczywa na kliencie. <\/li>\n<li>Klienci z UE: Wy\u015bwietlana cena zawiera obowi\u0105zuj\u0105cy PODATEK, kt\u00f3ry mo\u017ce wynosi\u0107 do 25% w zale\u017cno\u015bci od kraju.<\/li>\n<li>Klienci z Kanady: Wy\u015bwietlana cena zawiera obowi\u0105zuj\u0105ce podatki, kt\u00f3re mog\u0105 obejmowa\u0107 5% GST i dodatkowe prowincjonalne podatki od sprzeda\u017cy (PST), zharmonizowany podatek od sprzeda\u017cy (HST) lub podatek od sprzeda\u017cy w Quebecu (QST), w zale\u017cno\u015bci od prowincji.<\/li>\n<\/ul>\n<p><strong>TYLKO dla klient\u00f3w z UE:<\/strong> Express DDP (Delivered Duty Paid). Oznacza to: <\/p>\n<ul>\n<li>Wszystkie op\u0142aty celne i podatki s\u0105 wliczone w cen\u0119 wy\u015bwietlan\u0105 na stronie produktu.<\/li>\n<li>Przy dostawie nie trzeba b\u0119dzie uiszcza\u0107 \u017cadnych dodatkowych op\u0142at.<\/li>\n<li>W rzadkich przypadkach zwi\u0105zanych z kwestiami celnymi nasz zesp\u00f3\u0142 zajmie si\u0119 procesem odprawy celnej w Twoim imieniu, aby zapewni\u0107 sprawn\u0105 dostaw\u0119.<\/li>\n<p>Wa\u017cne informacje dotycz\u0105ce zwrot\u00f3w:<\/p>\n<li>Je\u015bli zdecydujesz si\u0119 zwr\u00f3ci\u0107 zam\u00f3wienie lub za\u017c\u0105da\u0107 zwrotu pieni\u0119dzy, pami\u0119taj, \u017ce podatki i c\u0142a zap\u0142acone w Twoim imieniu zgodnie z warunkami DDP nie mog\u0105 zosta\u0107 zwr\u00f3cone.<\/li>\n<p>Szczeg\u00f3\u0142owe informacje mo\u017cna znale\u017a\u0107 w naszym <a href=\"https:\/\/ayaneo.co\/pl\/warunki-swiadczenia-uslug\/\" target=\"_blank\" rel=\"nofollow noopener\">Regulaminie<\/a>.\n<\/ul>\n<p>[\/cg_accordion]\n[cg_accordion title=\"OBS\u0141UGA KLIENTA\"]<\/p>\n<p>Masz pytanie? Wystarczy kr\u00f3tka wiadomo\u015b\u0107 tekstowa, aby rozwi\u0105za\u0107 Tw\u00f3j problem! [\/cg_accordion]\n[cg_accordion title=\"PAKIET ZAWIERA\"]<\/p>\n<ul>\n<li>1x AYANEO Pocket S, AIR &amp; SLIDE Thumb Stick Grip Caps<\/li>\n<\/ul>\n<p>[\/cg_accordion]\n","protected":false},"featured_media":28505,"template":"","meta":{"_acf_changed":false},"product_brand":[],"product_cat":[555],"product_tag":[],"class_list":{"0":"post-28471","1":"product","2":"type-product","3":"status-publish","4":"has-post-thumbnail","6":"product_cat-akcesoria","7":"product_shipping_class-low-end","9":"first","10":"instock","11":"sale","12":"taxable","13":"shipping-taxable","14":"purchasable","15":"product-type-simple"},"acf":[],"_links":{"self":[{"href":"https:\/\/ayaneo.co\/pl\/wp-json\/wp\/v2\/product\/28471","targetHints":{"allow":["GET"]}}],"collection":[{"href":"https:\/\/ayaneo.co\/pl\/wp-json\/wp\/v2\/product"}],"about":[{"href":"https:\/\/ayaneo.co\/pl\/wp-json\/wp\/v2\/types\/product"}],"wp:featuredmedia":[{"embeddable":true,"href":"https:\/\/ayaneo.co\/pl\/wp-json\/wp\/v2\/media\/28505"}],"wp:attachment":[{"href":"https:\/\/ayaneo.co\/pl\/wp-json\/wp\/v2\/media?parent=28471"}],"wp:term":[{"taxonomy":"product_brand","embeddable":true,"href":"https:\/\/ayaneo.co\/pl\/wp-json\/wp\/v2\/product_brand?post=28471"},{"taxonomy":"product_cat","embeddable":true,"href":"https:\/\/ayaneo.co\/pl\/wp-json\/wp\/v2\/product_cat?post=28471"},{"taxonomy":"product_tag","embeddable":true,"href":"https:\/\/ayaneo.co\/pl\/wp-json\/wp\/v2\/product_tag?post=28471"}],"curies":[{"name":"wp","href":"https:\/\/api.w.org\/{rel}","templated":true}]}}