{"id":3953,"date":"2023-03-11T10:02:36","date_gmt":"2023-03-11T10:02:36","guid":{"rendered":"https:\/\/ayaneo.co\/product\/ayaneo-2-pc-gaming-handheld\/"},"modified":"2025-04-11T12:25:14","modified_gmt":"2025-04-11T12:25:14","slug":"ayaneo-2-pc-gaming-handheld","status":"publish","type":"product","link":"https:\/\/ayaneo.co\/pl\/product\/ayaneo-2-pc-gaming-handheld\/","title":{"rendered":"AYANEO 2 PC Gaming Handheld"},"content":{"rendered":"\n<p>Szukasz wydajnej i przeno\u015bnej konsoli do gier PC? Nie szukaj dalej ni\u017c AYANEO 2! Dzi\u0119ki niesamowicie szybkiej technologii AMD Ryzen 7, ten handheld przenosi stacjonarne gry na zupe\u0142nie nowy poziom.  <\/p>\n\n<p>AYANEO 2 mo\u017ce pochwali\u0107 si\u0119 najnowszym procesorem AMD Ryzen 7 6800U z 8 rdzeniami i 16 w\u0105tkami pracuj\u0105cymi z cz\u0119stotliwo\u015bci\u0105 do 4,7 GHz i maksymaln\u0105 zalecan\u0105 moc\u0105 28 W TDP. Posiada r\u00f3wnie\u017c wysokowydajny procesor graficzny AMD Radeon 680M z 12 rdzeniami pracuj\u0105cymi z cz\u0119stotliwo\u015bci\u0105 2200 MHz. Dzi\u0119ki maksymalnie 32 GB pami\u0119ci RAM LPDDR5-6400 MT\/S i maksymalnie 2 TB PCIe 4.0 m.2 2280 SSD, AYANEO 2 zapewnia doskona\u0142\u0105 wydajno\u015b\u0107 w grach, nawet w najnowszych grach!   <\/p>\n\n<p>7-calowy ekran dotykowy w AYANEO 2 jest po prostu osza\u0142amiaj\u0105cy, z wyra\u017anymi i \u017cywymi kolorami, kt\u00f3re naprawd\u0119 wci\u0105gaj\u0105 w gr\u0119. A dzi\u0119ki eleganckiej konstrukcji z pojedyncz\u0105 tafl\u0105 szk\u0142a pokrywaj\u0105c\u0105 prz\u00f3d, ten handheld do gier PC wygl\u0105da i sprawia wra\u017cenie wysokiej klasy i premium. <\/p>\n\n<p>Ale nie chodzi tylko o wygl\u0105d - AYANEO 2 posiada r\u00f3wnie\u017c nowoczesne elementy steruj\u0105ce z czujnikami efektu halla na podw\u00f3jnych dr\u0105\u017ckach analogowych i przyciskach spustowych. Podw\u00f3jne dr\u0105\u017cki analogowe s\u0105 nawet wyposa\u017cone w dyskretne pod\u015bwietlenie RGB, kt\u00f3re mo\u017cna dostosowa\u0107 w do\u0142\u0105czonym oprogramowaniu AYA SPACE. <\/p>\n\n<p>\u0141\u0105czno\u015b\u0107 jest r\u00f3wnie\u017c na najwy\u017cszym poziomie na AYANEO 2, z WiFi 6 dla szybkiego i niezawodnego bezprzewodowego transferu danych i Bluetooth 5.2 do \u0142\u0105czenia si\u0119 z najnowszymi bezprzewodowymi urz\u0105dzeniami peryferyjnymi, takimi jak s\u0142uchawki. A dzi\u0119ki baterii o pojemno\u015bci 50,25 Wh mo\u017cna cieszy\u0107 si\u0119 godzinami rozgrywki na tym przeno\u015bnym komputerze. <\/p>\n\n<p>Ale to, co naprawd\u0119 wyr\u00f3\u017cnia AYANEO 2, to jego wydajno\u015b\u0107 w grach. Mo\u017ce uruchamia\u0107 najnowsze gry AAA Windows w komfortowych rozdzielczo\u015bciach do 1200P, a w zale\u017cno\u015bci od gry, nawet do najwy\u017cszych ustawie\u0144 graficznych. I to nie tylko w przypadku nowoczesnych gier - AYANEO 2 doskonale nadaje si\u0119 r\u00f3wnie\u017c do gier retro, umo\u017cliwiaj\u0105c granie na konsolach sz\u00f3stej generacji przy ni\u017cszych TDP w celu oszcz\u0119dzania baterii. Ponadto mo\u017ce uruchamia\u0107 kompatybilne systemy i gry si\u00f3dmej i \u00f3smej generacji z pe\u0142n\u0105 pr\u0119dko\u015bci\u0105!   <\/p>\n\n<p>Je\u015bli szukasz przeno\u015bnej konsoli do gier PC o du\u017cej mocy i stylu, AYANEO 2 jest zdecydowanie warta rozwa\u017cenia.<\/p>\n","protected":false},"excerpt":{"rendered":"<ul>\n<li>AMD<strong> Ryzen 7 6800U<\/strong> \/ Radeon 680M<\/li>\n<li><strong>do 32 GB<\/strong> LPDDR5 przy <strong>6400 MT\/s<\/strong><\/li>\n<li><strong>do 2 TB<\/strong> Szybki PCIe 4.0 m.2 2280 SSD <\/li>\n<li><strong>7-calowy<\/strong> ekran dotykowy <strong> LCD<\/strong> <\/li>\n<li>Obs\u0142uga <strong>WiFi 6<\/strong> i <strong>Bluetooth 5.2<\/strong> <\/li>\n<\/ul>\n[cg_accordion title=\"INFORMACJE O P\u0141ATNO\u015aCIACH\"]<\/p>\n<p>Korzystamy z najnowszej technologii przetwarzania p\u0142atno\u015bci, kt\u00f3ra umo\u017cliwia dokonywanie p\u0142atno\u015bci za po\u015brednictwem Apple Pay, Google Pay, karty debetowej\/kredytowej, PayPal lub metod BNPL, takich jak Klarna, Affirm lub AfterPay, zapewniaj\u0105c szybkie i bezpieczne do\u015bwiadczenie.[\/cg_accordion]\n[cg_accordion title=\"GWARANCJA\"]<\/p>\n<p>1-letnia gwarancja od <a href=\"https:\/\/droix.net\/\" target=\"_blank\" rel=\"nofollow noopener\">DROIX<\/a> Global dla Twojego spokoju ducha[\/cg_accordion]\n[cg_accordion title=\"CENY, PODATKI I WYSY\u0141KA\"]<\/p>\n<p><strong><u>Uwaga:<\/u><\/strong><\/p>\n<ul>\n<li>Klienci ze Stan\u00f3w Zjednoczonych: Wy\u015bwietlana cena NIE ZAWIERA PODATKU ani c\u0142a. Odpowiedzialno\u015b\u0107 za odpraw\u0119 celn\u0105 i zap\u0142at\u0119 wszelkich powi\u0105zanych podatk\u00f3w \/ ce\u0142 spoczywa na kliencie. <\/li>\n<li>Klienci z UE: Wy\u015bwietlana cena zawiera obowi\u0105zuj\u0105cy PODATEK, kt\u00f3ry mo\u017ce wynosi\u0107 do 25% w zale\u017cno\u015bci od kraju.<\/li>\n<li>Klienci z Kanady: Wy\u015bwietlana cena zawiera obowi\u0105zuj\u0105ce podatki, kt\u00f3re mog\u0105 obejmowa\u0107 5% GST i dodatkowe prowincjonalne podatki od sprzeda\u017cy (PST), zharmonizowany podatek od sprzeda\u017cy (HST) lub podatek od sprzeda\u017cy w Quebecu (QST), w zale\u017cno\u015bci od prowincji.<\/li>\n<\/ul>\n<p><strong>TYLKO dla klient\u00f3w z UE:<\/strong> Express DDP (Delivered Duty Paid). Oznacza to: <\/p>\n<ul>\n<li>Wszystkie op\u0142aty celne i podatki s\u0105 wliczone w cen\u0119 wy\u015bwietlan\u0105 na stronie produktu.<\/li>\n<li>Przy dostawie nie trzeba b\u0119dzie uiszcza\u0107 \u017cadnych dodatkowych op\u0142at.<\/li>\n<li>W rzadkich przypadkach zwi\u0105zanych z kwestiami celnymi nasz zesp\u00f3\u0142 zajmie si\u0119 procesem odprawy celnej w Twoim imieniu, aby zapewni\u0107 sprawn\u0105 dostaw\u0119.<\/li>\n<p>Wa\u017cne informacje dotycz\u0105ce zwrot\u00f3w:<\/p>\n<li>Je\u015bli zdecydujesz si\u0119 zwr\u00f3ci\u0107 zam\u00f3wienie lub za\u017c\u0105da\u0107 zwrotu pieni\u0119dzy, pami\u0119taj, \u017ce podatki i c\u0142a zap\u0142acone w Twoim imieniu zgodnie z warunkami DDP nie mog\u0105 zosta\u0107 zwr\u00f3cone.<\/li>\n<p>Szczeg\u00f3\u0142owe informacje mo\u017cna znale\u017a\u0107 w naszym <a href=\"https:\/\/ayaneo.co\/terms-of-service-2\/\" target=\"_blank\" rel=\"nofollow noopener\">Regulaminie<\/a>.\n<\/ul>\n<p>[\/cg_accordion]\n[cg_accordion title=\"OBS\u0141UGA KLIENTA\"]<\/p>\n<p>Masz pytanie? Wystarczy kr\u00f3tka wiadomo\u015b\u0107 tekstowa, aby rozwi\u0105za\u0107 Tw\u00f3j problem!<br \/>\n[\/cg_accordion]\n","protected":false},"featured_media":3958,"template":"","meta":{"_acf_changed":false},"product_brand":[],"product_cat":[546],"product_tag":[547],"class_list":{"0":"post-3953","1":"product","2":"type-product","3":"status-publish","4":"has-post-thumbnail","6":"product_cat-reczne-komputery-do-gier","7":"product_tag-pc-gaming-handheld-pl","8":"product_shipping_class-premium","9":"pa_brand-ayaneo","10":"pa_graphics-gpu-model-radeon-680m","11":"pa_operating-system-windows-11","12":"pa_processor-cpu-brand-amd","14":"first","15":"outofstock","16":"taxable","17":"shipping-taxable","18":"purchasable","19":"product-type-variable"},"acf":[],"_links":{"self":[{"href":"https:\/\/ayaneo.co\/pl\/wp-json\/wp\/v2\/product\/3953","targetHints":{"allow":["GET"]}}],"collection":[{"href":"https:\/\/ayaneo.co\/pl\/wp-json\/wp\/v2\/product"}],"about":[{"href":"https:\/\/ayaneo.co\/pl\/wp-json\/wp\/v2\/types\/product"}],"wp:featuredmedia":[{"embeddable":true,"href":"https:\/\/ayaneo.co\/pl\/wp-json\/wp\/v2\/media\/3958"}],"wp:attachment":[{"href":"https:\/\/ayaneo.co\/pl\/wp-json\/wp\/v2\/media?parent=3953"}],"wp:term":[{"taxonomy":"product_brand","embeddable":true,"href":"https:\/\/ayaneo.co\/pl\/wp-json\/wp\/v2\/product_brand?post=3953"},{"taxonomy":"product_cat","embeddable":true,"href":"https:\/\/ayaneo.co\/pl\/wp-json\/wp\/v2\/product_cat?post=3953"},{"taxonomy":"product_tag","embeddable":true,"href":"https:\/\/ayaneo.co\/pl\/wp-json\/wp\/v2\/product_tag?post=3953"}],"curies":[{"name":"wp","href":"https:\/\/api.w.org\/{rel}","templated":true}]}}