{"id":4018,"date":"2023-03-11T15:05:16","date_gmt":"2023-03-11T15:05:16","guid":{"rendered":"https:\/\/ayaneo.co\/product\/ayaneo-pro-pc-gaming-handheld\/"},"modified":"2025-04-11T12:25:26","modified_gmt":"2025-04-11T12:25:26","slug":"ayaneo-pro-pc-gaming-handheld","status":"publish","type":"product","link":"https:\/\/ayaneo.co\/pl\/product\/ayaneo-pro-pc-gaming-handheld\/","title":{"rendered":"AYANEO Pro PC Gaming Handheld"},"content":{"rendered":"\n<figure class=\"wp-block-image\"><img decoding=\"async\" src=\"https:\/\/droix.net\/wp-content\/uploads\/elementor\/thumbs\/aya-neo-features-pk9lkumxlstccbb5vzfe137167irzcikhw6vrsl4l4.jpg\" alt=\"aya-neo-features.jpg\" title=\"aya-neo-features.jpg\"\/><\/figure>\n\n<p>Je\u015bli masz ochot\u0119 na jeszcze wi\u0119cej mocy, AYA NEO PRO jest dla Ciebie. Rozszerzenie AYA NEO z 2021 roku i procesor AMD Ryzen 7, AYA NEO PRO to prawdziwie przeno\u015bny handheld do gier z systemem Windows. <\/p>\n\n<figure class=\"wp-block-image\"><img decoding=\"async\" src=\"https:\/\/droix.net\/wp-content\/uploads\/elementor\/thumbs\/hero-pk9lkwint94k0m61dmx072ej9g5nuzgr31m11t2idk.jpg\" alt=\"hero.jpg\" title=\"hero.jpg\"\/><\/figure>\n\n<p>Wraz z lini\u0105 PRO dost\u0119pny jest teraz osza\u0142amiaj\u0105cy model &#8222;Retro Power\" dla wszystkich mi\u0142o\u015bnik\u00f3w gier retro.<\/p>\n\n<figure class=\"wp-block-image\"><img decoding=\"async\" src=\"https:\/\/droix.net\/wp-content\/uploads\/2022\/02\/story-1-1024x710.png\" alt=\"\" title=\"AYA NEO 2021 PRO 1\"\/><\/figure>\n\n<p>Technologia mo\u017ce i ewoluowa\u0142a, ale kiedy we\u017amiesz do r\u0119ki AYA NEO PRO, zdasz sobie spraw\u0119, jak bardzo. I to na lepsze. <\/p>\n\n<p>Przy projektowaniu modelu &#8222;Retro Power\" w\u0142o\u017cono dodatkowy wysi\u0142ek, aby przypomina\u0142 on poprzednie konsole, zapewniaj\u0105c autentyczne wra\u017cenie retro. Ale na tym si\u0119 ko\u0144czy, po wzi\u0119ciu go do r\u0119ki i zagraniu na nim, zdajesz sobie spraw\u0119, \u017ce to nie jest stara konsola. <\/p>\n\n<figure class=\"wp-block-image\"><img decoding=\"async\" src=\"https:\/\/droix.net\/wp-content\/uploads\/2022\/02\/story-2-1024x710.png\" alt=\"\" title=\"AYA NEO 2021 PRO 2\"\/><\/figure>\n\n<p>Design nie jest jedynym ulepszeniem w AYA NEO PRO - procesor to teraz AMD Ryzen 7 - 4800U. Zapewni to p\u0142ynne dzia\u0142anie gier przy jednoczesnym zachowaniu energooszcz\u0119dno\u015bci. <\/p>\n\n<figure class=\"wp-block-image\"><img decoding=\"async\" src=\"https:\/\/droix.net\/wp-content\/uploads\/elementor\/thumbs\/aya-neo-2021-processor-pk9lvtf44d1wn4k9rvvzjcka0jpiectapv3h7kdiv8.png\" alt=\"aya-neo-2021-processor.png\" title=\"aya-neo-2021-processor.png\"\/><\/figure>\n\n<h2 class=\"wp-block-heading\">AMD, tak!<\/h2>\n\n<p>AMD Ryzen 7 zosta\u0142 zbudowany w oparciu o architektur\u0119 TSMC 7nm FinFET, aby zapewni\u0107 doskona\u0142\u0105 wydajno\u015b\u0107 przy jednoczesnej energooszcz\u0119dno\u015bci. Ryzen 7 4800U jest wyposa\u017cony w 8 rdzeni, kt\u00f3re mog\u0105 zwi\u0119kszy\u0107 taktowanie do 4,2 GHz przy du\u017cym obci\u0105\u017ceniu. <\/p>\n\n<figure class=\"wp-block-image\"><img decoding=\"async\" src=\"https:\/\/droix.net\/wp-content\/uploads\/2022\/02\/aya-neo-pro-processor-image.jpg\" alt=\"aya-neo-pro-processor-image.jpg\"\/><\/figure>\n\n<h2 class=\"wp-block-heading\">Ale super!<\/h2>\n\n<p>AYA NEO Pro jest wyposa\u017cona w wentylator, kt\u00f3ry zapewnia, \u017ce pot\u0119\u017cny procesor AMD Ryzen 7 nie b\u0119dzie si\u0119 zbytnio nagrzewa\u0142.<\/p>\n\n<figure class=\"wp-block-image\"><img decoding=\"async\" src=\"https:\/\/droix.net\/wp-content\/uploads\/elementor\/thumbs\/aya-neo-pro-heat-pk9lxuqk5am4y4f7ylrlit2l03fkgm4wa92orlb32g.png\" alt=\"aya-neo-pro-heat.png\" title=\"aya-neo-pro-heat.png\"\/><\/figure>\n\n<h2 class=\"wp-block-heading\">Szybka pami\u0119\u0107 RAM i du\u017co pami\u0119ci masowej<\/h2>\n\n<p>Wyposa\u017cony w 16 GB szybkiej pami\u0119ci LPDDR4x i do 2 TB*2 pami\u0119ci masowej NVMe Solid State Storage. Zapewni to mn\u00f3stwo miejsca na wszystkie ulubione gry i gry retro oraz mo\u017cliwo\u015b\u0107 otwierania wi\u0119cej ni\u017c jednej karty Chrome jednocze\u015bnie. <\/p>\n\n<figure class=\"wp-block-image\"><img decoding=\"async\" src=\"https:\/\/droix.net\/wp-content\/uploads\/elementor\/thumbs\/aya-neo-pro-ram-ssd-pk9llfbds5lnfqh4j8d6jxz68oouoosnwqjkbvqg9m.jpg\" alt=\"aya-neo-pro-ram-ssd.jpg\" title=\"aya-neo-pro-ram-ssd.jpg\"\/><\/figure>\n\n<h2 class=\"wp-block-heading\">Gaming<\/h2>\n\n<p>Graj w swoje ulubione gry w podr\u00f3\u017cy dzi\u0119ki AYA NEO PRO *1<\/p>\n\n<figure class=\"wp-block-image\"><img decoding=\"async\" src=\"https:\/\/droix.net\/wp-content\/uploads\/2022\/02\/aya-neo-pro-games.jpg\" alt=\"aya-neo-pro-games.jpg\"\/><\/figure>\n\n<p>1* - Przedstawione gry b\u0119d\u0105 dzia\u0142a\u0107, jednak u\u017cytkownik powinien dostosowa\u0107 ustawienia, aby uzyska\u0107 po\u017c\u0105dan\u0105 wydajno\u015b\u0107.<\/p>\n\n<p>2* - Wersja AYA NEO PRO o pojemno\u015bci 2 TB nie jest obecnie dost\u0119pna.<\/p>\n","protected":false},"excerpt":{"rendered":"<ul>\n<li>AMD\u00ae<b> Ryzen\u2122 7 4800U<\/b> z kart\u0105 <b>graficzn\u0105 AMD Radeon\u2122<\/b><\/li>\n<li><strong>16 GB dwukana\u0142owej<\/strong> pami\u0119ci LPDDR4x przy 4266 MHz<\/li>\n<li>Szybka karta PCI-E <strong>NVMe<\/strong> o pojemno\u015bci <strong>1 TB<\/strong> <strong> SSD<\/strong><\/li>\n<li><strong>7-calowy<\/strong> ekran dotykowy <strong>H-IPS<\/strong> <\/li>\n<li>Obs\u0142uga <strong>WiFi 6E<\/strong> i <strong>Bluetooth 5.1<\/strong> <\/li>\n<\/ul>\n[cg_accordion title=\"INFORMACJE O P\u0141ATNO\u015aCIACH\"]<\/p>\n<p>Korzystamy z najnowszej technologii przetwarzania p\u0142atno\u015bci, kt\u00f3ra umo\u017cliwia dokonywanie p\u0142atno\u015bci za po\u015brednictwem Apple Pay, Google Pay, karty debetowej\/kredytowej, PayPal lub metod BNPL, takich jak Klarna, Affirm lub AfterPay, zapewniaj\u0105c szybkie i bezpieczne do\u015bwiadczenie.[\/cg_accordion]\n[cg_accordion title=\"GWARANCJA\"]<\/p>\n<p>1-letnia gwarancja od <a href=\"https:\/\/droix.net\/\" target=\"_blank\" rel=\"nofollow noopener\">DROIX<\/a> Global dla Twojego spokoju ducha[\/cg_accordion]\n[cg_accordion title=\"CENY, PODATKI I WYSY\u0141KA\"]<\/p>\n<p><strong><u>Uwaga:<\/u><\/strong><\/p>\n<ul>\n<li>Klienci ze Stan\u00f3w Zjednoczonych: Wy\u015bwietlana cena NIE ZAWIERA PODATKU ani c\u0142a. Odpowiedzialno\u015b\u0107 za odpraw\u0119 celn\u0105 i zap\u0142at\u0119 wszelkich powi\u0105zanych podatk\u00f3w \/ ce\u0142 spoczywa na kliencie. <\/li>\n<li>Klienci z UE: Wy\u015bwietlana cena zawiera obowi\u0105zuj\u0105cy PODATEK, kt\u00f3ry mo\u017ce wynosi\u0107 do 25% w zale\u017cno\u015bci od kraju.<\/li>\n<li>Klienci z Kanady: Wy\u015bwietlana cena zawiera obowi\u0105zuj\u0105ce podatki, kt\u00f3re mog\u0105 obejmowa\u0107 5% GST i dodatkowe prowincjonalne podatki od sprzeda\u017cy (PST), zharmonizowany podatek od sprzeda\u017cy (HST) lub podatek od sprzeda\u017cy w Quebecu (QST), w zale\u017cno\u015bci od prowincji.<\/li>\n<\/ul>\n<p><strong>TYLKO dla klient\u00f3w z UE:<\/strong> Express DDP (Delivered Duty Paid). Oznacza to: <\/p>\n<ul>\n<li>Wszystkie op\u0142aty celne i podatki s\u0105 wliczone w cen\u0119 wy\u015bwietlan\u0105 na stronie produktu.<\/li>\n<li>Przy dostawie nie trzeba b\u0119dzie uiszcza\u0107 \u017cadnych dodatkowych op\u0142at.<\/li>\n<li>W rzadkich przypadkach zwi\u0105zanych z kwestiami celnymi nasz zesp\u00f3\u0142 zajmie si\u0119 procesem odprawy celnej w Twoim imieniu, aby zapewni\u0107 sprawn\u0105 dostaw\u0119.<\/li>\n<p>Wa\u017cne informacje dotycz\u0105ce zwrot\u00f3w:<\/p>\n<li>Je\u015bli zdecydujesz si\u0119 zwr\u00f3ci\u0107 zam\u00f3wienie lub za\u017c\u0105da\u0107 zwrotu pieni\u0119dzy, pami\u0119taj, \u017ce podatki i c\u0142a zap\u0142acone w Twoim imieniu zgodnie z warunkami DDP nie mog\u0105 zosta\u0107 zwr\u00f3cone.<\/li>\n<p>Szczeg\u00f3\u0142owe informacje mo\u017cna znale\u017a\u0107 w naszym <a href=\"https:\/\/ayaneo.co\/terms-of-service-2\/\" target=\"_blank\" rel=\"nofollow noopener\">Regulaminie<\/a>.\n<\/ul>\n<p>[\/cg_accordion]\n[cg_accordion title=\"OBS\u0141UGA KLIENTA\"]<\/p>\n<p>Masz pytanie? Wystarczy kr\u00f3tka wiadomo\u015b\u0107 tekstowa, aby rozwi\u0105za\u0107 Tw\u00f3j problem!<br \/>\n[\/cg_accordion]\n","protected":false},"featured_media":4019,"template":"","meta":{"_acf_changed":false},"product_brand":[],"product_cat":[546],"product_tag":[],"class_list":{"0":"post-4018","1":"product","2":"type-product","3":"status-publish","4":"has-post-thumbnail","6":"product_cat-reczne-komputery-do-gier","7":"product_shipping_class-premium","8":"pa_brand-ayaneo","9":"pa_graphics-gpu-model-radeon-graphics","10":"pa_operating-system-windows-10","11":"pa_processor-cpu-brand-amd","13":"first","14":"outofstock","15":"taxable","16":"shipping-taxable","17":"purchasable","18":"product-type-variable","19":"has-default-attributes"},"acf":[],"_links":{"self":[{"href":"https:\/\/ayaneo.co\/pl\/wp-json\/wp\/v2\/product\/4018","targetHints":{"allow":["GET"]}}],"collection":[{"href":"https:\/\/ayaneo.co\/pl\/wp-json\/wp\/v2\/product"}],"about":[{"href":"https:\/\/ayaneo.co\/pl\/wp-json\/wp\/v2\/types\/product"}],"wp:featuredmedia":[{"embeddable":true,"href":"https:\/\/ayaneo.co\/pl\/wp-json\/wp\/v2\/media\/4019"}],"wp:attachment":[{"href":"https:\/\/ayaneo.co\/pl\/wp-json\/wp\/v2\/media?parent=4018"}],"wp:term":[{"taxonomy":"product_brand","embeddable":true,"href":"https:\/\/ayaneo.co\/pl\/wp-json\/wp\/v2\/product_brand?post=4018"},{"taxonomy":"product_cat","embeddable":true,"href":"https:\/\/ayaneo.co\/pl\/wp-json\/wp\/v2\/product_cat?post=4018"},{"taxonomy":"product_tag","embeddable":true,"href":"https:\/\/ayaneo.co\/pl\/wp-json\/wp\/v2\/product_tag?post=4018"}],"curies":[{"name":"wp","href":"https:\/\/api.w.org\/{rel}","templated":true}]}}