{"id":4025,"date":"2023-03-11T15:19:07","date_gmt":"2023-03-11T15:19:07","guid":{"rendered":"https:\/\/ayaneo.co\/product\/reczny-komputer-do-gier-ayaneo\/"},"modified":"2025-04-11T12:25:33","modified_gmt":"2025-04-11T12:25:33","slug":"reczny-komputer-do-gier-ayaneo","status":"publish","type":"product","link":"https:\/\/ayaneo.co\/pl\/product\/reczny-komputer-do-gier-ayaneo\/","title":{"rendered":"AYANEO Podr\u0119czny komputer do gier"},"content":{"rendered":"\n<div style=\"background-color: black; color: white;\"><p style=\"text-align: center;\"><img decoding=\"async\" class=\"\" style=\"margin-left: 3%;\" src=\"https:\/\/static.wixstatic.com\/media\/aac863_6656635baa574ee3bb8d41cedbc857a8~mv2.gif\" data-src=\"https:\/\/static.wixstatic.com\/media\/aac863_6656635baa574ee3bb8d41cedbc857a8~mv2.gif\"\/> <img decoding=\"async\" class=\"\" src=\"https:\/\/c1.iggcdn.com\/indiegogo-media-prod-cld\/image\/upload\/c_limit,w_695\/v1615019935\/njqfwmc4qkhhqzgiq1ni.png\" data-src=\"https:\/\/c1.iggcdn.com\/indiegogo-media-prod-cld\/image\/upload\/c_limit,w_695\/v1615019935\/njqfwmc4qkhhqzgiq1ni.png\"\/><\/p><div style=\"text-align: center;\"><\/div><p style=\"text-align: center;\">AYANEO to rewolucyjny przeno\u015bny komputer do gier, kt\u00f3ry wykorzystuje 7 nm procesor AMD Ryzen APU, zapewniaj\u0105c bezprecedensow\u0105 wydajno\u015b\u0107 w kompaktowej obudowie. Nie tylko oferuje mo\u017cliwo\u015bci gier na poziomie AAA, ale tak\u017ce podwaja si\u0119 jako wysoce adaptowalny i elastyczny komputer z systemem Windows, dzi\u0119ki imponuj\u0105cym funkcjom opisanym poni\u017cej. <\/p><p style=\"text-align: center;\"><img decoding=\"async\" class=\"\" src=\"https:\/\/c1.iggcdn.com\/indiegogo-media-prod-cld\/image\/upload\/c_limit,w_695\/v1615019962\/rn6jcqjs1po8f5gmtyqf.png\" data-src=\"https:\/\/c1.iggcdn.com\/indiegogo-media-prod-cld\/image\/upload\/c_limit,w_695\/v1615019962\/rn6jcqjs1po8f5gmtyqf.png\"\/>  Nap\u0119dzany zaawansowanym procesorem Ryzen 5 4500U, z sze\u015bciordzeniow\u0105 konstrukcj\u0105 i maksymaln\u0105 cz\u0119stotliwo\u015bci\u0105 turbo 4,0 GHz, AYANEO to prawdziwa pot\u0119ga, kt\u00f3ra bez wysi\u0142ku radzi sobie z wymagaj\u0105cymi grami. Dzi\u0119ki o 50% wi\u0119kszej liczbie rdzeni ni\u017c poprzednie generacje i konkurencja, sze\u015bciordzeniowa konstrukcja zapewnia wyj\u0105tkow\u0105 wydajno\u015b\u0107 wielozadaniow\u0105. <\/p><p style=\"text-align: center;\"><img decoding=\"async\" class=\"\" src=\"https:\/\/c1.iggcdn.com\/indiegogo-media-prod-cld\/image\/upload\/c_limit,w_695\/v1615019979\/r9mmjkop1uvc6rhi6e0s.png\" data-src=\"https:\/\/c1.iggcdn.com\/indiegogo-media-prod-cld\/image\/upload\/c_limit,w_695\/v1615019979\/r9mmjkop1uvc6rhi6e0s.png\"\/><\/p><p style=\"text-align: center;\">Laptop Ryzen jest wyposa\u017cony w pot\u0119\u017cny uk\u0142ad graficzny AMD Radeon, kt\u00f3ry sprawia, \u017ce granie w tytu\u0142y AAA jest dziecinnie proste. Zwi\u0119kszona szczeg\u00f3\u0142owo\u015b\u0107 obrazu i p\u0142ynniejsza rozgrywka zapewniaj\u0105 wci\u0105gaj\u0105ce i doskona\u0142e wra\u017cenia z gry. Dodatkowo, sterowniki Radeon Graphics mog\u0105 pochwali\u0107 si\u0119 doskona\u0142\u0105 kompatybilno\u015bci\u0105 z najnowszymi grami, umo\u017cliwiaj\u0105c uruchamianie wymagaj\u0105cych tytu\u0142\u00f3w, takich jak Cyberpunk 2077 przy 30+ FPS przy ni\u017cszych ustawieniach. Co wi\u0119cej, sterowniki Radeon Graphics oferuj\u0105 fantastyczne funkcje, takie jak Radeon Boost, Radeon Image Sharpening i Radeon Anti-Lag. Warto zauwa\u017cy\u0107, \u017ce sama funkcja Radeon Image Sharpening mo\u017ce zwi\u0119kszy\u0107 liczb\u0119 klatek na sekund\u0119 o 5-10 w tytu\u0142ach AAA przy minimalnym pogorszeniu jako\u015bci obrazu.    <img decoding=\"async\" class=\"\" src=\"https:\/\/c1.iggcdn.com\/indiegogo-media-prod-cld\/image\/upload\/c_limit,w_695\/v1614936310\/sx0rqht7zj0sxihvxhub.png\" data-src=\"https:\/\/c1.iggcdn.com\/indiegogo-media-prod-cld\/image\/upload\/c_limit,w_695\/v1614936310\/sx0rqht7zj0sxihvxhub.png\"\/> AYANEO jest wyposa\u017cony w 16 GB pami\u0119ci RAM LPDDR4x 4266 i mo\u017ce obs\u0142ugiwa\u0107 do 1 TB NVME SSD. Zapewnia to nie tylko p\u0142ynn\u0105 i p\u0142ynn\u0105 rozgrywk\u0119, ale tak\u017ce znacznie skraca czas \u0142adowania. Podczas gdy inni czekaj\u0105 na za\u0142adowanie si\u0119 gier, Ty mo\u017cesz od razu rzuci\u0107 si\u0119 w wir akcji.  <\/p><p style=\"text-align: center;\"><img decoding=\"async\" class=\"\" src=\"https:\/\/c1.iggcdn.com\/indiegogo-media-prod-cld\/image\/upload\/c_limit,w_695\/v1614936351\/fiymw14evbgdyzf9sqgs.png\" data-src=\"https:\/\/c1.iggcdn.com\/indiegogo-media-prod-cld\/image\/upload\/c_limit,w_695\/v1614936351\/fiymw14evbgdyzf9sqgs.png\"\/><\/p><p style=\"text-align: center;\">Kontroler gry AYANEO posiada wiele ergonomicznych funkcji, kt\u00f3re usprawniaj\u0105 rozgrywk\u0119, w tym klikalne joysticki ze zoptymalizowanymi martwymi strefami dla p\u0142ynniejszej pracy. Pozycjonowanie joystick\u00f3w i D-pada zosta\u0142o zoptymalizowane, aby zminimalizowa\u0107 krzyw\u0105 uczenia si\u0119 dla u\u017cytkownik\u00f3w. Dodatkowo, obudowa urz\u0105dzenia zosta\u0142a zaprojektowana z szerszymi bokami, zapewniaj\u0105c pewniejszy chwyt i lepsz\u0105 wydajno\u015b\u0107 w grach.  <\/p><p style=\"text-align: center;\"><img decoding=\"async\" class=\"\" src=\"https:\/\/static.wixstatic.com\/media\/aac863_43ed0b20a12b4752aef923e0e2adfe9e~mv2.gif\" data-src=\"https:\/\/static.wixstatic.com\/media\/aac863_43ed0b20a12b4752aef923e0e2adfe9e~mv2.gif\"\/><\/p><p style=\"text-align: center;\">Przyciski naramienne na AYANEO s\u0105 wyposa\u017cone w mikroprze\u0142\u0105czniki APLPS, oferuj\u0105ce kr\u00f3tszy skok i wyra\u017aniejsze sprz\u0119\u017cenie zwrotne. Dodatkowo joysticki w AYA NEO s\u0105 wyposa\u017cone w dedykowane przyciski Mened\u017cera zada\u0144 Windows i klawiatury ekranowej, zapewniaj\u0105c p\u0142ynn\u0105 obs\u0142ug\u0119 systemu Windows. Przyciski te zosta\u0142y zaprojektowane tak, aby znajdowa\u0142y si\u0119 na r\u00f3wni z powierzchni\u0105 joysticka, ograniczaj\u0105c przypadkowe aktywacje.  <\/p><p style=\"text-align: center;\"><img decoding=\"async\" class=\"\" src=\"https:\/\/c1.iggcdn.com\/indiegogo-media-prod-cld\/image\/upload\/c_limit,w_695\/v1615001195\/nzloks9padhf7p2zhwav.png\" data-src=\"https:\/\/c1.iggcdn.com\/indiegogo-media-prod-cld\/image\/upload\/c_limit,w_695\/v1615001195\/nzloks9padhf7p2zhwav.png\"\/><\/p><p style=\"text-align: center;\">Wbudowana w AYANEO bateria litowa sk\u0142ada si\u0119 z 3 ogniw, ka\u017cde o pojemno\u015bci 4100 mAh, dostarczanych przez BYD Auto i spe\u0142niaj\u0105cych wszystkie mi\u0119dzynarodowe standardy bran\u017cowe. Dzi\u0119ki 47-watogodzinnej pojemno\u015bci baterii i niskiemu zu\u017cyciu energii, AYANEO mo\u017ce pochwali\u0107 si\u0119 doskona\u0142\u0105 \u017cywotno\u015bci\u0105 baterii, trwaj\u0105c\u0105 do 5-6 godzin przy ni\u017cszych ustawieniach TDP i do 140 minut podczas wymagaj\u0105cych gier AAA. Dodatkowo, AYANEO obs\u0142uguje szybkie \u0142adowanie, a pe\u0142ne na\u0142adowanie zajmuje zaledwie 90 minut.  <\/p><p style=\"text-align: center;\"><img decoding=\"async\" class=\"\" src=\"https:\/\/c1.iggcdn.com\/indiegogo-media-prod-cld\/image\/upload\/c_limit,w_695\/v1615020381\/lhrkmd6a0fwvkzcqdrhr.png\" data-src=\"https:\/\/c1.iggcdn.com\/indiegogo-media-prod-cld\/image\/upload\/c_limit,w_695\/v1615020381\/lhrkmd6a0fwvkzcqdrhr.png\"\/> AYANEO posiada 7-calowy ekran multitouch z panelem 800p 215 PPI H-IPS, pokrywaj\u0105cy 76% przestrzeni kolor\u00f3w NTSC i szczyc\u0105cy si\u0119 szczytow\u0105 jasno\u015bci\u0105 500 nit\u00f3w. Co wi\u0119cej, ekran jest wolny od migotania, zapewniaj\u0105c doskona\u0142y obraz w grach z ka\u017cd\u0105 pojedyncz\u0105 klatk\u0105. <\/p><p style=\"text-align: center;\"><img decoding=\"async\" class=\"\" src=\"https:\/\/c1.iggcdn.com\/indiegogo-media-prod-cld\/image\/upload\/c_limit,w_695\/v1615020027\/knbtdy0fr89jdpecpbfa.png\" data-src=\"https:\/\/c1.iggcdn.com\/indiegogo-media-prod-cld\/image\/upload\/c_limit,w_695\/v1615020027\/knbtdy0fr89jdpecpbfa.png\"\/><\/p><p style=\"text-align: center;\">AYANEO jest wyposa\u017cony we wbudowany 6-osiowy \u017cyroskop\/akcelerometr, kt\u00f3ry zapewnia bardzo precyzyjne wspomaganie celowania i inne wspania\u0142e funkcje. Dodatkowo, urz\u0105dzenie jest wyposa\u017cone we wbudowane silniki dudnienia, kt\u00f3re zapewniaj\u0105 sprz\u0119\u017cenie zwrotne dla kolizji, wibracji, walki i innych scen, co skutkuje bardziej wci\u0105gaj\u0105cymi wra\u017ceniami z gry. <\/p><p style=\"text-align: center;\"><img decoding=\"async\" class=\"\" src=\"https:\/\/c1.iggcdn.com\/indiegogo-media-prod-cld\/image\/upload\/c_limit,w_695\/v1615020046\/ghondj0xjfgyldiartzt.png\" data-src=\"https:\/\/c1.iggcdn.com\/indiegogo-media-prod-cld\/image\/upload\/c_limit,w_695\/v1615020046\/ghondj0xjfgyldiartzt.png\"\/><\/p><p style=\"text-align: center;\">Surowa moc AYANEOpozwala na uruchamianie tytu\u0142\u00f3w AAA, takich jak Cyberpunk 2077, Watch Dogs: Legion, Death Stranding, Assassin&#8217;s Creed Valhalla, Destiny 2, Horizon Zero Dawn i innych z dobr\u0105 liczb\u0105 klatek na sekund\u0119. Ponadto urz\u0105dzenie pozwala na uruchamianie wersji PC gier, kt\u00f3re mog\u0105 by\u0107 znacznie ta\u0144sze ni\u017c wersje konsolowe. <\/p><p style=\"text-align: center;\"><img decoding=\"async\" class=\"\" src=\"https:\/\/c1.iggcdn.com\/indiegogo-media-prod-cld\/image\/upload\/c_limit,w_695\/v1614936733\/obwoov4gy7o7n23zq8wl.png\" data-src=\"https:\/\/c1.iggcdn.com\/indiegogo-media-prod-cld\/image\/upload\/c_limit,w_695\/v1614936733\/obwoov4gy7o7n23zq8wl.png\"\/><\/p><p style=\"text-align: center;\"><img decoding=\"async\" class=\"\" src=\"https:\/\/c1.iggcdn.com\/indiegogo-media-prod-cld\/image\/upload\/c_limit,w_695\/v1615020358\/d8cym34zq3rhnbia3b9i.png\" data-src=\"https:\/\/c1.iggcdn.com\/indiegogo-media-prod-cld\/image\/upload\/c_limit,w_695\/v1615020358\/d8cym34zq3rhnbia3b9i.png\"\/><\/p><p style=\"text-align: center;\">Dzi\u0119ki surowej mocy i doskona\u0142ej \u0142\u0105czno\u015bci, AYANEO jest w stanie p\u0142ynnie uruchamia\u0107 zar\u00f3wno tytu\u0142y AAA dla jednego gracza, jak i gry online dla wielu graczy<\/p><p style=\"text-align: center;\"><img decoding=\"async\" class=\"\" src=\"https:\/\/c1.iggcdn.com\/indiegogo-media-prod-cld\/image\/upload\/c_limit,w_695\/v1614936771\/nz1hzj2hgoyghq1adk1h.png\" data-src=\"https:\/\/c1.iggcdn.com\/indiegogo-media-prod-cld\/image\/upload\/c_limit,w_695\/v1614936771\/nz1hzj2hgoyghq1adk1h.png\"\/> AYANEO jest wyposa\u017cony w modu\u0142 bezprzewodowy Intel AX200, kt\u00f3ry obs\u0142uguje Wi-Fi 6 i Bluetooth 5.0. Wi-Fi 6 oferuje do 2,7 razy wi\u0119ksz\u0105 pr\u0119dko\u015b\u0107 i o 25% mniejsze op\u00f3\u017anienia w por\u00f3wnaniu do poprzedniej generacji. Niezale\u017cnie od tego, czy chodzi o gry, strumieniowanie film\u00f3w online, transmisje na \u017cywo czy zdalny dost\u0119p, Wi-Fi 6 AYANEOradzi sobie z tym doskonale.  <\/p><p style=\"text-align: center;\"><img decoding=\"async\" class=\"\" src=\"https:\/\/c1.iggcdn.com\/indiegogo-media-prod-cld\/image\/upload\/c_limit,w_695\/v1614936793\/znofdbppssvahjptax4d.png\" data-src=\"https:\/\/c1.iggcdn.com\/indiegogo-media-prod-cld\/image\/upload\/c_limit,w_695\/v1614936793\/znofdbppssvahjptax4d.png\"\/>  AYANEO Wyposa\u017cona jest w 3 porty USB 3.2 Gen 2 Type-C 10Gbps, w tym 2 z wyj\u015bciem wideo i mo\u017cliwo\u015bci\u0105 \u0142adowania, a tak\u017ce gniazdo s\u0142uchawkowe 3,5 mm. Ponadto przeno\u015bna stacja dokuj\u0105ca oferuje wi\u0119cej opcji \u0142\u0105czno\u015bci, w tym 2 porty USB 3.2 Gen 1 Type-A, 1 port HDMI, 1 gniazdo kart SD, 1 gniazdo kart TF i 1 port RJ45. Ta ultraprzeno\u015bna stacja dokuj\u0105ca mie\u015bci si\u0119 w futerale wraz z urz\u0105dzeniem i s\u0142u\u017cy r\u00f3wnie\u017c jako stacja \u0142aduj\u0105ca. Dzi\u0119ki mo\u017cliwo\u015bci pod\u0142\u0105czenia do 2 zewn\u0119trznych monitor\u00f3w i zewn\u0119trznej klawiatury\/myszy, AYANEO zapewnia wra\u017cenia jak na komputerze stacjonarnym, zar\u00f3wno dla rozrywki, jak i produktywno\u015bci.   <\/p><p style=\"text-align: center;\"><img decoding=\"async\" class=\"\" src=\"https:\/\/c1.iggcdn.com\/indiegogo-media-prod-cld\/image\/upload\/c_limit,w_695\/v1614936808\/rfczhcxftjpotxtukccj.png\" data-src=\"https:\/\/c1.iggcdn.com\/indiegogo-media-prod-cld\/image\/upload\/c_limit,w_695\/v1614936808\/rfczhcxftjpotxtukccj.png\"\/><\/p><\/div>\n","protected":false},"excerpt":{"rendered":"[cg_accordion title=\"At a Glance\" open=\"open\"]<\/p>\n<ul>\n<li>AMD\u00ae<b> Ryzen\u2122 5 4500U<\/b> z kart\u0105 <b>graficzn\u0105 AMD Radeon\u2122<\/b><\/li>\n<li><strong>16 GB dwukana\u0142owej<\/strong> pami\u0119ci LPDDR4x przy 4266 MHz<\/li>\n<li>Szybka karta PCI-E <strong>NVMe<\/strong> o pojemno\u015bci <strong>1 TB<\/strong> <strong> SSD<\/strong><\/li>\n<li><strong>7-calowy<\/strong> ekran dotykowy <strong>H-IPS<\/strong> <\/li>\n<li>Obs\u0142uga <strong>WiFi 6E<\/strong> i <strong>Bluetooth 5.1<\/strong> <\/li>\n<\/ul>\n<p>[\/cg_accordion]\n[cg_accordion title=\"INFORMACJE O P\u0141ATNO\u015aCIACH\"]<\/p>\n<p>Korzystamy z najnowszej technologii przetwarzania p\u0142atno\u015bci, kt\u00f3ra umo\u017cliwia dokonywanie p\u0142atno\u015bci za po\u015brednictwem Apple Pay, Google Pay, karty debetowej\/kredytowej, PayPal lub metod BNPL, takich jak Klarna, Affirm lub AfterPay, zapewniaj\u0105c szybkie i bezpieczne do\u015bwiadczenie.[\/cg_accordion]\n[cg_accordion title=\"GWARANCJA\"]<\/p>\n<p>1-letnia gwarancja od <a href=\"https:\/\/droix.net\/\" target=\"_blank\" rel=\"nofollow noopener\">DROIX<\/a> Global dla Twojego spokoju ducha[\/cg_accordion]\n[cg_accordion title=\"CENY, PODATKI I WYSY\u0141KA\"]<\/p>\n<p><strong><u>Uwaga:<\/u><\/strong><\/p>\n<ul>\n<li>Klienci ze Stan\u00f3w Zjednoczonych: Wy\u015bwietlana cena NIE ZAWIERA PODATKU ani c\u0142a. Odpowiedzialno\u015b\u0107 za odpraw\u0119 celn\u0105 i zap\u0142at\u0119 wszelkich powi\u0105zanych podatk\u00f3w \/ ce\u0142 spoczywa na kliencie. <\/li>\n<li>Klienci z UE: Wy\u015bwietlana cena zawiera obowi\u0105zuj\u0105cy PODATEK, kt\u00f3ry mo\u017ce wynosi\u0107 do 25% w zale\u017cno\u015bci od kraju.<\/li>\n<li>Klienci z Kanady: Wy\u015bwietlana cena zawiera obowi\u0105zuj\u0105ce podatki, kt\u00f3re mog\u0105 obejmowa\u0107 5% GST i dodatkowe prowincjonalne podatki od sprzeda\u017cy (PST), zharmonizowany podatek od sprzeda\u017cy (HST) lub podatek od sprzeda\u017cy w Quebecu (QST), w zale\u017cno\u015bci od prowincji.<\/li>\n<\/ul>\n<p><strong>TYLKO dla klient\u00f3w z UE:<\/strong> Express DDP (Delivered Duty Paid). Oznacza to: <\/p>\n<ul>\n<li>Wszystkie op\u0142aty celne i podatki s\u0105 wliczone w cen\u0119 wy\u015bwietlan\u0105 na stronie produktu.<\/li>\n<li>Przy dostawie nie trzeba b\u0119dzie uiszcza\u0107 \u017cadnych dodatkowych op\u0142at.<\/li>\n<li>W rzadkich przypadkach zwi\u0105zanych z kwestiami celnymi nasz zesp\u00f3\u0142 zajmie si\u0119 procesem odprawy celnej w Twoim imieniu, aby zapewni\u0107 sprawn\u0105 dostaw\u0119.<\/li>\n<p>Wa\u017cne informacje dotycz\u0105ce zwrot\u00f3w:<\/p>\n<li>Je\u015bli zdecydujesz si\u0119 zwr\u00f3ci\u0107 zam\u00f3wienie lub za\u017c\u0105da\u0107 zwrotu pieni\u0119dzy, pami\u0119taj, \u017ce podatki i c\u0142a zap\u0142acone w Twoim imieniu zgodnie z warunkami DDP nie mog\u0105 zosta\u0107 zwr\u00f3cone.<\/li>\n<p>Szczeg\u00f3\u0142owe informacje mo\u017cna znale\u017a\u0107 w naszym <a href=\"https:\/\/ayaneo.co\/terms-of-service-2\/\" target=\"_blank\" rel=\"nofollow noopener\">Regulaminie<\/a>.\n<\/ul>\n<p>[\/cg_accordion]\n[cg_accordion title=\"OBS\u0141UGA KLIENTA\"]<\/p>\n<p>Masz pytanie? Wystarczy kr\u00f3tka wiadomo\u015b\u0107 tekstowa, aby rozwi\u0105za\u0107 Tw\u00f3j problem!<br \/>\n[\/cg_accordion]\n","protected":false},"featured_media":4026,"template":"","meta":{"_acf_changed":false},"product_brand":[],"product_cat":[546],"product_tag":[547],"class_list":{"0":"post-4025","1":"product","2":"type-product","3":"status-publish","4":"has-post-thumbnail","6":"product_cat-reczne-komputery-do-gier","7":"product_tag-pc-gaming-handheld-pl","8":"pa_brand-ayaneo","9":"pa_graphics-gpu-model-radeon-graphics","10":"pa_operating-system-windows-10","11":"pa_processor-cpu-brand-amd","13":"first","14":"outofstock","15":"taxable","16":"shipping-taxable","17":"purchasable","18":"product-type-simple"},"acf":[],"_links":{"self":[{"href":"https:\/\/ayaneo.co\/pl\/wp-json\/wp\/v2\/product\/4025","targetHints":{"allow":["GET"]}}],"collection":[{"href":"https:\/\/ayaneo.co\/pl\/wp-json\/wp\/v2\/product"}],"about":[{"href":"https:\/\/ayaneo.co\/pl\/wp-json\/wp\/v2\/types\/product"}],"wp:featuredmedia":[{"embeddable":true,"href":"https:\/\/ayaneo.co\/pl\/wp-json\/wp\/v2\/media\/4026"}],"wp:attachment":[{"href":"https:\/\/ayaneo.co\/pl\/wp-json\/wp\/v2\/media?parent=4025"}],"wp:term":[{"taxonomy":"product_brand","embeddable":true,"href":"https:\/\/ayaneo.co\/pl\/wp-json\/wp\/v2\/product_brand?post=4025"},{"taxonomy":"product_cat","embeddable":true,"href":"https:\/\/ayaneo.co\/pl\/wp-json\/wp\/v2\/product_cat?post=4025"},{"taxonomy":"product_tag","embeddable":true,"href":"https:\/\/ayaneo.co\/pl\/wp-json\/wp\/v2\/product_tag?post=4025"}],"curies":[{"name":"wp","href":"https:\/\/api.w.org\/{rel}","templated":true}]}}