{"id":4051,"date":"2023-03-11T17:22:19","date_gmt":"2023-03-11T17:22:19","guid":{"rendered":"https:\/\/ayaneo.co\/product\/ayaneo-geek-pc-gaming-handheld\/"},"modified":"2025-04-11T12:25:40","modified_gmt":"2025-04-11T12:25:40","slug":"ayaneo-geek-pc-gaming-handheld","status":"publish","type":"product","link":"https:\/\/ayaneo.co\/pl\/product\/ayaneo-geek-pc-gaming-handheld\/","title":{"rendered":"AYANEO Geek PC Gaming Handheld"},"content":{"rendered":"\n<p>Przedstawiamy przeno\u015bny komputer do gier AYANEO Geek, pot\u0119\u017cne i niedrogie urz\u0105dzenie, kt\u00f3re zapewnia wyj\u0105tkow\u0105 wydajno\u015b\u0107. Wyposa\u017cony w procesor AMD Ryzen 7 6800U z o\u015bmioma rdzeniami i szesnastoma w\u0105tkami, AYANEO Geek dzia\u0142a z cz\u0119stotliwo\u015bci\u0105 do 4,7 GHz, zapewniaj\u0105c szybkie i wydajne dzia\u0142anie. Procesor graficzny to AMD Radeon 680M, kt\u00f3ry dzia\u0142a z cz\u0119stotliwo\u015bci\u0105 do 2,2 GHz i zapewnia niesamowit\u0105 wydajno\u015b\u0107 w grach AAA, co pokaza\u0142 handheld AYANEO 2.  <\/p>\n\n<p>AYANEO Geek oferuje kilka opcji personalizacji, w tym do 32 GB pami\u0119ci RAM LPDDR5 przy 6400 MT\/s i do 2 TB szybkiego dwustronnego dysku PCIE 3.0 m.2 2280 SSD. Dost\u0119pne jest r\u00f3wnie\u017c gniazdo kart micro SD do dalszej rozbudowy pami\u0119ci masowej. <\/p>\n\n<p>Ciesz si\u0119 osza\u0142amiaj\u0105cymi efektami wizualnymi na 7-calowym ekranie dotykowym AYANEO Geek o rozdzielczo\u015bci 1920\u00d71200, otoczonym w\u0105sk\u0105 ramk\u0105. Wy\u015bwietlacz charakteryzuje si\u0119 jasnymi, \u017cywymi kolorami. Kontrolery do gier s\u0105 wyposa\u017cone w czujniki halla, zapewniaj\u0105ce dok\u0142adne i niezawodne wprowadzanie danych. Czujniki te wykorzystuj\u0105 magnesy zamiast tradycyjnych ruchomych cz\u0119\u015bci, kt\u00f3re maj\u0105 tendencj\u0119 do szybszego zu\u017cywania si\u0119.   <\/p>\n\n<p>Po\u0142\u0105cz si\u0119 bezprzewodowo z urz\u0105dzeniami peryferyjnymi dzi\u0119ki szybkim funkcjom WiFi 6 i Bluetooth 5.2 w AYANEO Geek. W urz\u0105dzeniu znajduj\u0105 si\u0119 r\u00f3wnie\u017c trzy porty USB typu C, z kt\u00f3rych dwa s\u0105 kompatybilne z USB 4 i Thunderbolt, umo\u017cliwiaj\u0105c pod\u0142\u0105czenie szybkich urz\u0105dze\u0144 peryferyjnych, w tym eGPU dla jeszcze szybszej wydajno\u015bci. <\/p>\n\n<p>Do\u015bwiadcz najnowszych gier AAA na Windows z grywaln\u0105 liczb\u0105 klatek na sekund\u0119 i wysokiej jako\u015bci grafik\u0105 lub uruchamiaj emulatory konsol si\u00f3dmej generacji, takich jak PlayStation 3, z niesamowit\u0105 liczb\u0105 klatek na sekund\u0119. AYANEO Geek jest przeno\u015bny i lekki, mierzy 10,5 x 4,13 x 1,4 cala (26,5 x 10,5 x 3,7 cm) i wa\u017cy zaledwie 680 g. Jest idealny do u\u017cytku podczas codziennych dojazd\u00f3w do pracy, podr\u00f3\u017cy lub w domu, gdzie mo\u017cna go pod\u0142\u0105czy\u0107 do stacji dokuj\u0105cej i u\u017cywa\u0107 jako komputera stacjonarnego na telewizorze lub monitorze.  <\/p>\n","protected":false},"excerpt":{"rendered":"<ul>\n<li>AMD<strong> Ryzen 7 6800U<\/strong> \/ Radeon 680M<\/li>\n<li><strong>do 32 GB<\/strong> LPDDR5 przy <strong>6400 MT\/s<\/strong><\/li>\n<li><strong>do 2 TB<\/strong> Szybki PCIe 4.0 m.2 2280 SSD <\/li>\n<li><strong>7-calowy<\/strong> ekran dotykowy <strong> LCD<\/strong> <\/li>\n<li>Obs\u0142uga <strong>WiFi 6<\/strong> i <strong>Bluetooth 5.2<\/strong> <\/li>\n<\/ul>\n[cg_accordion title=\"INFORMACJE O P\u0141ATNO\u015aCIACH\"]<\/p>\n<p>Korzystamy z najnowszej technologii przetwarzania p\u0142atno\u015bci, kt\u00f3ra umo\u017cliwia dokonywanie p\u0142atno\u015bci za po\u015brednictwem Apple Pay, Google Pay, karty debetowej\/kredytowej, PayPal lub metod BNPL, takich jak Klarna, Affirm lub AfterPay, zapewniaj\u0105c szybkie i bezpieczne do\u015bwiadczenie.[\/cg_accordion]\n[cg_accordion title=\"GWARANCJA\"]<\/p>\n<p>1-letnia gwarancja od <a href=\"https:\/\/droix.net\/\" target=\"_blank\" rel=\"nofollow noopener\">DROIX<\/a> Global dla Twojego spokoju ducha[\/cg_accordion]\n[cg_accordion title=\"CENY, PODATKI I WYSY\u0141KA\"]<\/p>\n<p><strong><u>Uwaga:<\/u><\/strong><\/p>\n<ul>\n<li>Klienci ze Stan\u00f3w Zjednoczonych: Wy\u015bwietlana cena NIE ZAWIERA PODATKU ani c\u0142a. Odpowiedzialno\u015b\u0107 za odpraw\u0119 celn\u0105 i zap\u0142at\u0119 wszelkich powi\u0105zanych podatk\u00f3w \/ ce\u0142 spoczywa na kliencie. <\/li>\n<li>Klienci z UE: Wy\u015bwietlana cena zawiera obowi\u0105zuj\u0105cy PODATEK, kt\u00f3ry mo\u017ce wynosi\u0107 do 25% w zale\u017cno\u015bci od kraju.<\/li>\n<li>Klienci z Kanady: Wy\u015bwietlana cena zawiera obowi\u0105zuj\u0105ce podatki, kt\u00f3re mog\u0105 obejmowa\u0107 5% GST i dodatkowe prowincjonalne podatki od sprzeda\u017cy (PST), zharmonizowany podatek od sprzeda\u017cy (HST) lub podatek od sprzeda\u017cy w Quebecu (QST), w zale\u017cno\u015bci od prowincji.<\/li>\n<\/ul>\n<p><strong>TYLKO dla klient\u00f3w z UE:<\/strong> Express DDP (Delivered Duty Paid). Oznacza to: <\/p>\n<ul>\n<li>Wszystkie op\u0142aty celne i podatki s\u0105 wliczone w cen\u0119 wy\u015bwietlan\u0105 na stronie produktu.<\/li>\n<li>Przy dostawie nie trzeba b\u0119dzie uiszcza\u0107 \u017cadnych dodatkowych op\u0142at.<\/li>\n<li>W rzadkich przypadkach zwi\u0105zanych z kwestiami celnymi nasz zesp\u00f3\u0142 zajmie si\u0119 procesem odprawy celnej w Twoim imieniu, aby zapewni\u0107 sprawn\u0105 dostaw\u0119.<\/li>\n<p>Wa\u017cne informacje dotycz\u0105ce zwrot\u00f3w:<\/p>\n<li>Je\u015bli zdecydujesz si\u0119 zwr\u00f3ci\u0107 zam\u00f3wienie lub za\u017c\u0105da\u0107 zwrotu pieni\u0119dzy, pami\u0119taj, \u017ce podatki i c\u0142a zap\u0142acone w Twoim imieniu zgodnie z warunkami DDP nie mog\u0105 zosta\u0107 zwr\u00f3cone.<\/li>\n<p>Szczeg\u00f3\u0142owe informacje mo\u017cna znale\u017a\u0107 w naszym <a href=\"https:\/\/ayaneo.co\/terms-of-service-2\/\" target=\"_blank\" rel=\"nofollow noopener\">Regulaminie<\/a>.\n<\/ul>\n<p>[\/cg_accordion]\n[cg_accordion title=\"OBS\u0141UGA KLIENTA\"]<\/p>\n<p>Masz pytanie? Wystarczy kr\u00f3tka wiadomo\u015b\u0107 tekstowa, aby rozwi\u0105za\u0107 Tw\u00f3j problem!<br \/>\n[\/cg_accordion]\n","protected":false},"featured_media":4052,"template":"","meta":{"_acf_changed":false},"product_brand":[],"product_cat":[546],"product_tag":[],"class_list":{"0":"post-4051","1":"product","2":"type-product","3":"status-publish","4":"has-post-thumbnail","6":"product_cat-reczne-komputery-do-gier","7":"product_shipping_class-premium","8":"pa_brand-ayaneo","9":"pa_graphics-gpu-model-radeon-680m","10":"pa_operating-system-windows-11","11":"pa_processor-cpu-brand-amd","13":"first","14":"outofstock","15":"taxable","16":"shipping-taxable","17":"purchasable","18":"product-type-variable","19":"has-default-attributes"},"acf":[],"_links":{"self":[{"href":"https:\/\/ayaneo.co\/pl\/wp-json\/wp\/v2\/product\/4051","targetHints":{"allow":["GET"]}}],"collection":[{"href":"https:\/\/ayaneo.co\/pl\/wp-json\/wp\/v2\/product"}],"about":[{"href":"https:\/\/ayaneo.co\/pl\/wp-json\/wp\/v2\/types\/product"}],"wp:featuredmedia":[{"embeddable":true,"href":"https:\/\/ayaneo.co\/pl\/wp-json\/wp\/v2\/media\/4052"}],"wp:attachment":[{"href":"https:\/\/ayaneo.co\/pl\/wp-json\/wp\/v2\/media?parent=4051"}],"wp:term":[{"taxonomy":"product_brand","embeddable":true,"href":"https:\/\/ayaneo.co\/pl\/wp-json\/wp\/v2\/product_brand?post=4051"},{"taxonomy":"product_cat","embeddable":true,"href":"https:\/\/ayaneo.co\/pl\/wp-json\/wp\/v2\/product_cat?post=4051"},{"taxonomy":"product_tag","embeddable":true,"href":"https:\/\/ayaneo.co\/pl\/wp-json\/wp\/v2\/product_tag?post=4051"}],"curies":[{"name":"wp","href":"https:\/\/api.w.org\/{rel}","templated":true}]}}