{"id":4367,"date":"2024-02-02T13:09:17","date_gmt":"2024-02-02T13:09:17","guid":{"rendered":"https:\/\/ayaneo.co\/product\/aya-neo-slide\/"},"modified":"2025-04-11T12:19:18","modified_gmt":"2025-04-11T12:19:18","slug":"aya-neo-slide","status":"publish","type":"product","link":"https:\/\/ayaneo.co\/pl\/product\/aya-neo-slide\/","title":{"rendered":"AYA NEO SLIDE"},"content":{"rendered":"\n<h3 class=\"wp-block-heading\" id=\"h-introducing-the-aya-neo-slide-revolutionizing-handheld-gaming\"><strong>Przedstawiamy AYA NEO Slide: Rewolucja w grach przeno\u015bnych<\/strong><\/h3>\n\n<p>Odkryj AYA NEO Slide, prze\u0142omowy przeno\u015bny komputer do gier, kt\u00f3ry zmienia krajobraz przeno\u015bnych gier. \u0141\u0105cz\u0105c w sobie mo\u017cliwo\u015bci pe\u0142noprawnego komputera PC z systemem Windows z wygod\u0105 urz\u0105dzenia przeno\u015bnego, AYA NEO Slide wyr\u00f3\u017cnia si\u0119 charakterystycznym wysuwanym ekranem, ods\u0142aniaj\u0105c w pe\u0142ni funkcjonaln\u0105 klawiatur\u0119 RGB QWERTY. Ta innowacyjna konstrukcja, w po\u0142\u0105czeniu z najwy\u017cszej klasy mo\u017cliwo\u015bciami, sprawia, \u017ce jest to pozycja obowi\u0105zkowa zar\u00f3wno dla entuzjast\u00f3w gier, jak i zaawansowanych technologicznie u\u017cytkownik\u00f3w. Poza grami, AYA NEO Slide okazuje si\u0119 by\u0107 wszechstronnym narz\u0119dziem do rozrywki i produktywno\u015bci.   <\/p>\n\n<h3 class=\"wp-block-heading\"><strong>Przegl\u0105d produktu<\/strong><\/h3>\n\n<p>AYA NEO Slide wy\u0142ania si\u0119 jako pionierska si\u0142a w grach przeno\u015bnych, umiej\u0119tnie \u0142\u0105cz\u0105c najnowocze\u015bniejsz\u0105 technologi\u0119 z konstrukcj\u0105 zorientowan\u0105 na u\u017cytkownika, aby na nowo zdefiniowa\u0107 wra\u017cenia z gier mobilnych. Ten innowacyjny przeno\u015bny komputer do gier \u0142\u0105czy w sobie wszechstronno\u015b\u0107, moc i przeno\u015bno\u015b\u0107 w eleganckim opakowaniu. <\/p>\n\n<p>Centralnym elementem konstrukcji jest prze\u0142omowy mechanizm przesuwania ekranu, p\u0142ynnie przechodz\u0105cy w \u017cyw\u0105, w pe\u0142ni funkcjonaln\u0105 klawiatur\u0119 RGB QWERTY. Ta integracja nie tylko oddaje ho\u0142d klasycznym urz\u0105dzeniom do gier, ale tak\u017ce wprowadza bezprecedensowy poziom funkcjonalno\u015bci w grach przeno\u015bnych. <\/p>\n\n<p>Zaprojektowany z my\u015bl\u0105 o atrakcyjno\u015bci wizualnej i ergonomicznym komforcie, AYA NEO Slide jest dost\u0119pny w stylowych kolorach &#8222;Sunrise White\" i &#8222;Bright Black\". Ergonomiczne kontury urz\u0105dzenia i &#8222;p\u0142ywaj\u0105cy\" ekran zwi\u0119kszaj\u0105 interakcj\u0119 u\u017cytkownika, oferuj\u0105c wygodne k\u0105ty widzenia dla r\u00f3\u017cnych czynno\u015bci, od intensywnych gier po produktywne zadania robocze. <\/p>\n\n<p>6-calowy wy\u015bwietlacz 1080P IPS w AYA NEO Slide to wizualna uczta, oferuj\u0105ca ostry, \u017cywy i wci\u0105gaj\u0105cy obraz. Niezale\u017cnie od tego, czy chodzi o granie, czy korzystanie z tre\u015bci multimedialnych, wyj\u0105tkowa wierno\u015b\u0107 kolor\u00f3w i wyrazisto\u015b\u0107 ekranu wyznaczaj\u0105 nowy standard w grach przeno\u015bnych. <\/p>\n\n<p>Pod eleganck\u0105 obudow\u0105 kryje si\u0119 pot\u0119\u017cna moc obliczeniowa, zapewniana przez solidny procesor AMD Ryzen\u2122 7 7840U. W po\u0142\u0105czeniu z szybk\u0105 pami\u0119ci\u0105 LPDDR5X i rozbudowanymi opcjami pami\u0119ci masowej, zapewnia ekscytuj\u0105ce wra\u017cenia z gry, kt\u00f3re konkuruj\u0105 z konfiguracjami stacjonarnymi, a wszystko to w przeno\u015bnej konstrukcji. <\/p>\n\n<p>Zaawansowany system ch\u0142odzenia urz\u0105dzenia zapewnia najwy\u017csz\u0105 wydajno\u015b\u0107 bez uszczerbku dla jego kompaktowej i przyjaznej dla u\u017cytkownika konstrukcji.<\/p>\n\n<p>Pod wzgl\u0119dem \u0142\u0105czno\u015bci, AYA NEO Slide wyr\u00f3\u017cnia si\u0119 najnowszymi technologiami Wi-Fi 6E i Bluetooth 5.2, a tak\u017ce wieloma portami USB4 Type-C. Ten solidny zestaw \u0142\u0105czno\u015bci sprawia, \u017ce urz\u0105dzenie jest wszechstronnym hubem dla r\u00f3\u017cnych potrzeb zwi\u0105zanych z grami, profesjonalizmem i rozrywk\u0105. <\/p>\n\n<p>AYA NEO Slide to nie tylko urz\u0105dzenie do gier; to wszechstronne narz\u0119dzie, kt\u00f3re dostosowuje si\u0119 do r\u00f3\u017cnych scenariuszy. Niezale\u017cnie od tego, czy chodzi o gry, produktywno\u015b\u0107 czy konsumpcj\u0119 multimedi\u00f3w, ten komputer przeno\u015bny jest gotowy spe\u0142ni\u0107 i przekroczy\u0107 oczekiwania. <\/p>\n\n<h3 class=\"wp-block-heading\"><strong>Szczeg\u00f3\u0142owe cechy AYA NEO Slide<\/strong><\/h3>\n\n<p>AYA NEO Slide nie tylko wyr\u00f3\u017cnia si\u0119 wydajno\u015bci\u0105, ale tak\u017ce wyj\u0105tkowymi cechami konstrukcyjnymi. Oto zintegrowany przegl\u0105d jego element\u00f3w technicznych i konstrukcyjnych: <\/p>\n\n<p><strong>Po\u0142\u0105czenie wy\u015bwietlacza i wzornictwa:<\/strong> Sercem konstrukcji AYA NEO Slide jest 6-calowy, p\u0142ywaj\u0105cy ekran 1080P IPS, stanowi\u0105cy idealne po\u0142\u0105czenie zaawansowanej technologii i estetycznego wzornictwa. Ekran ten oferuje rozdzielczo\u015b\u0107 1920&#215;1080, g\u0119sto\u015b\u0107 pikseli 368PPI i jasno\u015b\u0107 400 nit\u00f3w, zamkni\u0119te w eleganckiej, minimalistycznej obudowie dost\u0119pnej w kolorach &#8222;Sunrise White\" i &#8222;Bright Black\". Ergonomiczna konstrukcja ekranu pozwala na ogl\u0105danie pod r\u00f3\u017cnymi k\u0105tami, zwi\u0119kszaj\u0105c komfort u\u017cytkownika i mo\u017cliwo\u015bci adaptacji.  <\/p>\n\n<p><strong>Ergonomiczna integracja klawiatury:<\/strong> Ukrytym klejnotem AYA NEO Slide jest w pe\u0142ni funkcjonalna klawiatura RGB QWERTY, p\u0142ynnie zintegrowana z wysuwanym ekranem. Ta ergonomiczna klawiatura zapewnia wygodne i precyzyjne pisanie, ze zwi\u0119kszonymi odst\u0119pami mi\u0119dzy klawiszami i \u017cywymi efektami \u015bwietlnymi RGB, kt\u00f3re przyczyniaj\u0105 si\u0119 zar\u00f3wno do funkcjonalno\u015bci, jak i stylu. <\/p>\n\n<p><strong>Wydajno\u015b\u0107 w stylowym opakowaniu:<\/strong> AYA NEO Slide nap\u0119dzany jest solidnym procesorem AMD Ryzen\u2122 7 7840U, zamkni\u0119tym w obudowie, kt\u00f3ra podkre\u015bla zaanga\u017cowanie AYA NEO w innowacyjn\u0105 i trwa\u0142\u0105 konstrukcj\u0119. Urz\u0105dzenie obs\u0142uguje do 64 GB pami\u0119ci RAM i 4 TB pami\u0119ci masowej SSD, co czyni go pot\u0119g\u0105 w grach i wielozadaniowo\u015bci, a wszystko to w konstrukcji, kt\u00f3ra jest r\u00f3wnie atrakcyjna wizualnie, co funkcjonalna. <\/p>\n\n<p><strong>Synergia systemu ch\u0142odzenia i wzornictwa:<\/strong> System ch\u0142odzenia AYA NEO Slide &#8222;3+2&#8243; z potr\u00f3jn\u0105 miedzian\u0105 rurk\u0105 to wyczyn in\u017cynieryjny, kt\u00f3ry pasuje do eleganckiego wygl\u0105du urz\u0105dzenia. System ten skutecznie rozprasza ciep\u0142o, zapewniaj\u0105c, \u017ce urz\u0105dzenie pozostaje ch\u0142odne i dzia\u0142a optymalnie, bez uszczerbku dla jego stylowej obudowy. <\/p>\n\n<p><strong>\u0141\u0105czno\u015b\u0107 i wyrafinowany design:<\/strong> Konstrukcja urz\u0105dzenia w przemy\u015blany spos\u00f3b mie\u015bci r\u00f3\u017cne opcje \u0142\u0105czno\u015bci, w tym WiFi 6E, Bluetooth 5.2 i porty USB4 Type-C. W\u0142\u0105czenie szybkiego gniazda kart TF dodatkowo zwi\u0119ksza jego u\u017cyteczno\u015b\u0107, a wszystko to w wyrafinowanej, przyjaznej dla u\u017cytkownika konstrukcji. <\/p>\n\n<p><strong>Oprogramowanie i interfejs u\u017cytkownika:<\/strong> Dzia\u0142aj\u0105cy na Windows 11 64-bit Home Edition i wzbogacony o autorskie oprogramowanie AYA NEO AYASpace 2, AYA NEO Slide oferuje bogate, przyjazne dla u\u017cytkownika do\u015bwiadczenie. Ta integracja oprogramowania uzupe\u0142nia wyrafinowan\u0105 konstrukcj\u0119 urz\u0105dzenia, zapewniaj\u0105c p\u0142ynny interfejs, kt\u00f3ry pasuje do eleganckiej estetyki i wysokiej funkcjonalno\u015bci urz\u0105dzenia. <\/p>\n\n<p>Jego 6-calowy ekran jest wizualn\u0105 gratk\u0105, oferuj\u0105c wy\u015bwietlacz o wysokiej jasno\u015bci 1080P z szerok\u0105 gam\u0105 kolor\u00f3w. Ten p\u0142ywaj\u0105cy ekran IPS oferuje mo\u017cliwo\u015b\u0107 regulacji w zakresie od 0\u00b0 do 30\u00b0, zapewniaj\u0105c optymalne ogl\u0105danie w ka\u017cdym otoczeniu. <\/p>\n\n<h3 class=\"wp-block-heading\"><strong>Do\u015bwiadczenie u\u017cytkownika z AYANEO Slide<\/strong><\/h3>\n\n<p>AYA NEO Slide oferuje u\u017cytkownikowi wra\u017cenia, kt\u00f3re s\u0105 tak wci\u0105gaj\u0105ce, jak i wszechstronne, zaspokajaj\u0105c szeroki zakres potrzeb, od gier po produktywno\u015b\u0107. Oto wgl\u0105d w praktyczne zastosowanie tego innowacyjnego przeno\u015bnego komputera do gier: <\/p>\n\n<p><strong>Wra\u017cenia z gry:<\/strong> Dla graczy AYA NEO Slide jest spe\u0142nieniem marze\u0144. Precyzja joystick\u00f3w z czujnikiem Halla i dotykowe sprz\u0119\u017cenie zwrotne przycisk\u00f3w spustowych zanurzaj\u0105 graczy w grach jak nigdy dot\u0105d. \u017bywy wy\u015bwietlacz z szerok\u0105 gam\u0105 kolor\u00f3w zapewnia, \u017ce ka\u017cda gra jest wizualnie osza\u0142amiaj\u0105ca, dzi\u0119ki czemu sesje gier s\u0105 niezwykle wci\u0105gaj\u0105ce. Ergonomiczna konstrukcja urz\u0105dzenia zapewnia komfort podczas d\u0142ugich maraton\u00f3w gamingowych, czyni\u0105c go idealnym towarzyszem zar\u00f3wno dla zwyk\u0142ych, jak i zapalonych graczy.   <\/p>\n\n<p><strong>Rozrywka audio i wizualna:<\/strong> AYA NEO Slide to nie tylko urz\u0105dzenie do gier; to kompletne urz\u0105dzenie multimedialne. Podw\u00f3jne g\u0142o\u015bniki stereo AYANEO HyperSound zapewniaj\u0105 wci\u0105gaj\u0105ce wra\u017cenia d\u017awi\u0119kowe, niezale\u017cnie od tego, czy ogl\u0105dasz filmy, przesy\u0142asz strumieniowo wideo, czy po prostu s\u0142uchasz muzyki. Wysokiej jako\u015bci ekran zapewnia, \u017ce tre\u015bci wizualne s\u0105 zawsze wyra\u017ane i \u017cywe, co czyni go doskona\u0142ym urz\u0105dzeniem do rozrywki w podr\u00f3\u017cy.  <\/p>\n\n<p><strong>\u017bywotno\u015b\u0107 baterii:<\/strong> Bateria o du\u017cej pojemno\u015bci 46,2 Wh w AYA NEO Slide zapewnia, \u017ce u\u017cytkownicy mog\u0105 cieszy\u0107 si\u0119 d\u0142ugimi sesjami gier i produktywno\u015bci bez ci\u0105g\u0142ego martwienia si\u0119 o \u0142adowanie. Tak d\u0142ugi czas pracy na baterii jest kluczowy dla urz\u0105dzenia zaprojektowanego z my\u015bl\u0105 o mobilno\u015bci i wszechstronno\u015bci. <\/p>\n\n<p><strong>Przeno\u015bna konstrukcja:<\/strong> Pomimo szeregu funkcji, AYA NEO Slide zachowuje kompaktow\u0105 i przeno\u015bn\u0105 konstrukcj\u0119. Wa\u017cy oko\u0142o 650 g i ma wymiary 226x98x25 mm, jest przeznaczony do u\u017cytku w podr\u00f3\u017cy, pozwalaj\u0105c u\u017cytkownikom cieszy\u0107 si\u0119 wysokiej jako\u015bci grami i produktywno\u015bci\u0105 w dowolnym miejscu. <\/p>\n\n<h3 class=\"wp-block-heading\"><strong>Dodatkowe funkcje<\/strong><\/h3>\n\n<p>AYA NEO Slide nie tylko wyr\u00f3\u017cnia si\u0119 swoimi podstawowymi funkcjami, ale jest r\u00f3wnie\u017c wyposa\u017cony w dodatkowe funkcje, kt\u00f3re zwi\u0119kszaj\u0105 jego og\u00f3ln\u0105 u\u017cyteczno\u015b\u0107 i atrakcyjno\u015b\u0107:<\/p>\n\n<p><strong>Bezpiecze\u0144stwo biometryczne:<\/strong> Bezpiecze\u0144stwo jest najwa\u017cniejsz\u0105 cech\u0105 nowoczesnych urz\u0105dze\u0144, a AYA NEO Slide rozwi\u0105zuje ten problem dzi\u0119ki zintegrowanemu rozpoznawaniu odcisk\u00f3w palc\u00f3w w przycisku zasilania. Funkcja ta nie tylko zapewnia szybki dost\u0119p, ale tak\u017ce dodaje warstw\u0119 bezpiecze\u0144stwa, zapewniaj\u0105c ochron\u0119 urz\u0105dzenia i danych. <\/p>\n\n<p><strong>Kompleksowe ustawienia podr\u0119czne i wydajno\u015bciowe:<\/strong> Oprogramowanie AYASpace 2 zapewnia kompleksowy zestaw narz\u0119dzi dla graczy. Funkcje takie jak tryby scenariuszy wydajno\u015bci, prze\u0142\u0105czanie jednym klikni\u0119ciem dla r\u00f3\u017cnych poziom\u00f3w wydajno\u015bci oraz narz\u0119dzie do nak\u0142adania gier, takie jak FPS Thunder, oferuj\u0105 u\u017cytkownikom szerok\u0105 kontrol\u0119 nad \u015brodowiskiem gry. Narz\u0119dzia te maj\u0105 kluczowe znaczenie dla optymalizacji wydajno\u015bci i poprawy wra\u017ce\u0144 z gry.  <\/p>\n\n<p><strong>Szybki transfer i przechowywanie danych:<\/strong> Interfejs M.2 2280 PCIe 4.0 dla dysk\u00f3w SSD w AYA NEO Slide zapewnia b\u0142yskawiczny transfer danych, niezb\u0119dny do nowoczesnych gier i zada\u0144 zwi\u0105zanych z produktywno\u015bci\u0105. Obs\u0142uga do 4 TB jednostronnego dysku SSD zapewnia du\u017c\u0105 przestrze\u0144 dyskow\u0105, umo\u017cliwiaj\u0105c u\u017cytkownikom przechowywanie ogromnej biblioteki gier i multimedi\u00f3w.  <\/p>\n\n<h3 class=\"wp-block-heading\"><strong>Wnioski<\/strong><\/h3>\n\n<p>Podsumowuj\u0105c, AYA NEO Slide stanowi znacz\u0105cy krok naprz\u00f3d w technologii gier przeno\u015bnych. To urz\u0105dzenie to nie tylko konsola do gier; to wszechstronny przeno\u015bny komputer PC, kt\u00f3ry zaspokaja szeroki wachlarz potrzeb. Jego innowacyjna konstrukcja z wysuwanym ekranem, ods\u0142aniaj\u0105ca w pe\u0142ni funkcjonaln\u0105 klawiatur\u0119 RGB QWERTY, wyznacza nowy standard w \u015bwiecie urz\u0105dze\u0144 przeno\u015bnych. W po\u0142\u0105czeniu z najnowocze\u015bniejszym procesorem AMD Ryzen\u2122 7 7840U, du\u017cymi opcjami pami\u0119ci masowej i zaawansowanym systemem ch\u0142odzenia, AYA NEO Slide zapewnia wyj\u0105tkow\u0105 wydajno\u015b\u0107, kt\u00f3ra konkuruje z komputerami stacjonarnymi.   <\/p>\n\n<p>Drobiazgowa dba\u0142o\u015b\u0107 o ergonomi\u0119 i design, wraz z p\u0142ywaj\u0105cym ekranem o wysokiej rozdzielczo\u015bci, zapewnia, \u017ce niezale\u017cnie od tego, czy grasz, pracujesz, czy korzystasz z multimedi\u00f3w, do\u015bwiadczenie jest zawsze wygodne i wizualnie osza\u0142amiaj\u0105ce.<\/p>\n\n<p>Co wi\u0119cej, dodatkowe funkcje, takie jak zabezpieczenia biometryczne, szybki transfer danych i profesjonalne ustawienia gier, umacniaj\u0105 pozycj\u0119 AYA NEO Slide jako urz\u0105dzenia z najwy\u017cszej p\u00f3\u0142ki w swojej kategorii. Po\u0142\u0105czenie mocy, wszechstronno\u015bci i przeno\u015bno\u015bci sprawia, \u017ce jest to idealny wyb\u00f3r dla graczy, profesjonalist\u00f3w i entuzjast\u00f3w technologii, kt\u00f3rzy wymagaj\u0105 tego, co najlepsze z obu \u015bwiat\u00f3w - wydajno\u015bci i mobilno\u015bci. <\/p>\n\n<p>AYA NEO Slide to co\u015b wi\u0119cej ni\u017c tylko przeno\u015bny komputer do gier; to \u015bwiadectwo tego, co mo\u017ce osi\u0105gn\u0105\u0107 nowoczesna technologia, oferuj\u0105c p\u0142ynne i wci\u0105gaj\u0105ce wra\u017cenia, kt\u00f3re wykraczaj\u0105 poza granie.<\/p>\n\n<h3 class=\"wp-block-heading\"><strong>Przegl\u0105d slajd\u00f3w AYA NEO: Poznaj szczeg\u00f3\u0142owe informacje<\/strong><\/h3>\n\n<p>Aby uzyska\u0107 dog\u0142\u0119bn\u0105 analiz\u0119 AYA NEO Slide, zapoznaj si\u0119 ze szczeg\u00f3\u0142ow\u0105 recenzj\u0105 na <a href=\"https:\/\/droix.net\/blogs\/aya-neo-slide-review\/\" target=\"_blank\" rel=\"noreferrer noopener\">blogu DroiX<\/a>. Recenzja ta oferuje cenny wgl\u0105d w wydajno\u015b\u0107, konstrukcj\u0119 i wra\u017cenia u\u017cytkownika, pomagaj\u0105c zrozumie\u0107 pe\u0142ne mo\u017cliwo\u015bci tego innowacyjnego przeno\u015bnego komputera do gier. <\/p>\n","protected":false},"excerpt":{"rendered":"<ul>\n<li>AMD<strong> Ryzen\u2122 7 7840U<\/strong> i Radeon 780M<\/li>\n<li><strong>do 64 GB<\/strong> pami\u0119ci RAM LPDDR5X przy <strong>7500 MT\/s<\/strong><\/li>\n<li><strong>do 4 TB<\/strong> w technologii Blazing-Fast PCIe 4.0 M.2 2280 NVMe SSD <\/li>\n<li><strong>6&#8243; IPS 1080P<\/strong><strong> 400nits<\/strong> &amp; <strong>120%<\/strong> ekran dotykowy <strong>SRGB<\/strong> <\/li>\n<li>Obs\u0142uga <strong>WiFi 6E<\/strong> i <strong>Bluetooth 5.2<\/strong> <\/li>\n<\/ul>\n[cg_accordion title=\"INFORMACJE O P\u0141ATNO\u015aCIACH\"]<\/p>\n<p>Korzystamy z najnowszej technologii przetwarzania p\u0142atno\u015bci, kt\u00f3ra umo\u017cliwia dokonywanie p\u0142atno\u015bci za po\u015brednictwem Apple Pay, Google Pay, karty debetowej\/kredytowej, PayPal lub metod BNPL, takich jak Klarna, Affirm lub AfterPay, zapewniaj\u0105c szybkie i bezpieczne do\u015bwiadczenie.[\/cg_accordion]\n[cg_accordion title=\"GWARANCJA\"]<\/p>\n<p>1-letnia gwarancja od <a href=\"https:\/\/droix.net\/\" target=\"_blank\" rel=\"nofollow noopener\">DROIX<\/a> Global dla Twojego spokoju ducha[\/cg_accordion]\n[cg_accordion title=\"CENY, PODATKI I WYSY\u0141KA\"]<\/p>\n<p><strong><u>Uwaga:<\/u><\/strong><\/p>\n<ul>\n<li>Klienci ze Stan\u00f3w Zjednoczonych: Wy\u015bwietlana cena NIE ZAWIERA PODATKU ani c\u0142a. Odpowiedzialno\u015b\u0107 za odpraw\u0119 celn\u0105 i zap\u0142at\u0119 wszelkich powi\u0105zanych podatk\u00f3w \/ ce\u0142 spoczywa na kliencie. <\/li>\n<li>Klienci z UE: Wy\u015bwietlana cena zawiera obowi\u0105zuj\u0105cy PODATEK, kt\u00f3ry mo\u017ce wynosi\u0107 do 25% w zale\u017cno\u015bci od kraju.<\/li>\n<li>Klienci z Kanady: Wy\u015bwietlana cena zawiera obowi\u0105zuj\u0105ce podatki, kt\u00f3re mog\u0105 obejmowa\u0107 5% GST i dodatkowe prowincjonalne podatki od sprzeda\u017cy (PST), zharmonizowany podatek od sprzeda\u017cy (HST) lub podatek od sprzeda\u017cy w Quebecu (QST), w zale\u017cno\u015bci od prowincji.<\/li>\n<\/ul>\n<p><strong>TYLKO dla klient\u00f3w z UE:<\/strong> Express DDP (Delivered Duty Paid). Oznacza to: <\/p>\n<ul>\n<li>Wszystkie op\u0142aty celne i podatki s\u0105 wliczone w cen\u0119 wy\u015bwietlan\u0105 na stronie produktu.<\/li>\n<li>Przy dostawie nie trzeba b\u0119dzie uiszcza\u0107 \u017cadnych dodatkowych op\u0142at.<\/li>\n<li>W rzadkich przypadkach zwi\u0105zanych z kwestiami celnymi nasz zesp\u00f3\u0142 zajmie si\u0119 procesem odprawy celnej w Twoim imieniu, aby zapewni\u0107 sprawn\u0105 dostaw\u0119.<\/li>\n<p>Wa\u017cne informacje dotycz\u0105ce zwrot\u00f3w:<\/p>\n<li>Je\u015bli zdecydujesz si\u0119 zwr\u00f3ci\u0107 zam\u00f3wienie lub za\u017c\u0105da\u0107 zwrotu pieni\u0119dzy, pami\u0119taj, \u017ce podatki i c\u0142a zap\u0142acone w Twoim imieniu zgodnie z warunkami DDP nie mog\u0105 zosta\u0107 zwr\u00f3cone.<\/li>\n<p>Szczeg\u00f3\u0142owe informacje mo\u017cna znale\u017a\u0107 w naszym <a href=\"https:\/\/ayaneo.co\/terms-of-service-2\/\" target=\"_blank\" rel=\"nofollow noopener\">Regulaminie<\/a>.\n<\/ul>\n<p>[\/cg_accordion]\n[cg_accordion title=\"OBS\u0141UGA KLIENTA\"]<\/p>\n<p>Masz pytanie? Wystarczy kr\u00f3tka wiadomo\u015b\u0107 tekstowa, aby rozwi\u0105za\u0107 Tw\u00f3j problem!<br \/>\n[\/cg_accordion]\n[cg_accordion title=\"Pakiet zawiera\"]<\/p>\n<ul>\n<li>1x AYA NEO SLIDE<\/li>\n<li>1x Kabel USB typu C<\/li>\n<li>1x wtyczka zasilania (UE\/USA)<\/li>\n<li>Adapter 2x USB typu C na typ A<\/li>\n<li>1x Instrukcja obs\u0142ugi<\/li>\n<\/ul>\n<p>[\/cg_accordion]\n","protected":false},"featured_media":4369,"template":"","meta":{"_acf_changed":false},"product_brand":[],"product_cat":[546],"product_tag":[],"class_list":{"0":"post-4367","1":"product","2":"type-product","3":"status-publish","4":"has-post-thumbnail","6":"product_cat-reczne-komputery-do-gier","7":"product_shipping_class-premium","8":"pa_brand-ayaneo","9":"pa_graphics-gpu-model-radeon-780m","10":"pa_operating-system-windows-11-home","11":"pa_processor-cpu-brand-amd","13":"first","14":"outofstock","15":"taxable","16":"shipping-taxable","17":"purchasable","18":"product-type-variable","19":"has-default-attributes"},"acf":[],"_links":{"self":[{"href":"https:\/\/ayaneo.co\/pl\/wp-json\/wp\/v2\/product\/4367","targetHints":{"allow":["GET"]}}],"collection":[{"href":"https:\/\/ayaneo.co\/pl\/wp-json\/wp\/v2\/product"}],"about":[{"href":"https:\/\/ayaneo.co\/pl\/wp-json\/wp\/v2\/types\/product"}],"wp:featuredmedia":[{"embeddable":true,"href":"https:\/\/ayaneo.co\/pl\/wp-json\/wp\/v2\/media\/4369"}],"wp:attachment":[{"href":"https:\/\/ayaneo.co\/pl\/wp-json\/wp\/v2\/media?parent=4367"}],"wp:term":[{"taxonomy":"product_brand","embeddable":true,"href":"https:\/\/ayaneo.co\/pl\/wp-json\/wp\/v2\/product_brand?post=4367"},{"taxonomy":"product_cat","embeddable":true,"href":"https:\/\/ayaneo.co\/pl\/wp-json\/wp\/v2\/product_cat?post=4367"},{"taxonomy":"product_tag","embeddable":true,"href":"https:\/\/ayaneo.co\/pl\/wp-json\/wp\/v2\/product_tag?post=4367"}],"curies":[{"name":"wp","href":"https:\/\/api.w.org\/{rel}","templated":true}]}}