{"id":44850,"date":"2026-02-03T13:07:54","date_gmt":"2026-02-03T13:07:54","guid":{"rendered":"https:\/\/ayaneo.co\/product\/biwin-mini-ssd\/"},"modified":"2026-02-12T09:57:35","modified_gmt":"2026-02-12T09:57:35","slug":"biwin-mini-ssd","status":"publish","type":"product","link":"https:\/\/ayaneo.co\/pl\/product\/biwin-mini-ssd\/","title":{"rendered":"BIWIN Mini SSD"},"content":{"rendered":"\n<h2 class=\"wp-block-heading\">BIWIN Mini SSD: Nowa era wydajno\u015bci pami\u0119ci masowej<\/h2>\n\n<p>W wysoce konkurencyjnym \u015bwiecie przeno\u015bnych pami\u0119ci masowych, <strong>BIWIN Mini SSD<\/strong> wy\u0142ania si\u0119 jako prawdziwa pot\u0119ga, oferuj\u0105c elitarn\u0105 wydajno\u015b\u0107 i wytrzyma\u0142o\u015b\u0107, aby zadowoli\u0107 ka\u017cdego wymagaj\u0105cego u\u017cytkownika. To urz\u0105dzenie to deklaracja bezkompromisowej szybko\u015bci, reprezentuj\u0105ca skok naprz\u00f3d w technologii ultra-kompaktowych pami\u0119ci masowych. BIWIN Mini SSD jest cudem designu i mocy, oferuj\u0105c flagowy poziom do\u015bwiadczenia danych, niezr\u00f3wnan\u0105 przeno\u015bno\u015b\u0107 i zestaw innowacyjnych funkcji, kt\u00f3re plasuj\u0105 go na szczycie rynku. Stworzony dla profesjonalist\u00f3w i entuzjast\u00f3w, kt\u00f3rzy wymagaj\u0105 elitarnej pr\u0119dko\u015bci i wysokiej klasy, bogatego w funkcje rozwi\u0105zania, dysk ten prze\u0142amuje granice obs\u0142ugi danych w podr\u00f3\u017cy.   <\/p>\n\n<p>BIWIN Mini SSD to tytan innowacji w dziedzinie wysokiej klasy kompaktowych urz\u0105dze\u0144 pami\u0119ci masowej. Nap\u0119dzany najnowocze\u015bniejsz\u0105 technologi\u0105 <strong>PCIe Gen4x2<\/strong> i <strong>NVMe 1.4<\/strong>, Mini SSD zapewnia zapieraj\u0105c\u0105 dech w piersiach wydajno\u015b\u0107 z sekwencyjnymi pr\u0119dko\u015bciami odczytu do <strong>3700 MB\/s<\/strong> i zapisu do <strong>3400 MB\/s<\/strong>. Pr\u0119dko\u015b\u0107 ta mia\u017cd\u017cy pu\u0142ap wydajno\u015bci tradycyjnych kart microSD, pozycjonuj\u0105c Mini SSD jako doskona\u0142y, szybki zamiennik. Ta moc mie\u015bci si\u0119 w ultrakompaktowej obudowie o wymiarach zaledwie <strong>15,0 mm \u00d7 17,0 mm \u00d7 1,4 mm<\/strong>, co jest mo\u017cliwe dzi\u0119ki zaawansowanemu opakowaniu <a href=\"https:\/\/en.wikipedia.org\/wiki\/Land_grid_array\" target=\"_blank\" rel=\"noopener nofollow\" title=\"\">LGA (Land Grid Array)<\/a>.   <\/p>\n\n<p>Dost\u0119pny w opcjach o du\u017cej pojemno\u015bci, w tym <strong>512 GB, 1 TB i 2 TB<\/strong>, Mini SSD zapewnia wyj\u0105tkow\u0105 przestrze\u0144 dyskow\u0105 dla wymagaj\u0105cych obci\u0105\u017ce\u0144, takich jak wsp\u00f3\u0142praca w chmurze i przetwarzanie danych w czasie rzeczywistym.<\/p>\n\n<h2 class=\"wp-block-heading\"><strong>Uwaga dotycz\u0105ca wydajno\u015bci urz\u0105dze\u0144 przeno\u015bnych<\/strong><\/h2>\n\n<p>Wa\u017cne jest, aby u\u017cytkownicy okre\u015blonych urz\u0105dze\u0144 hosta pami\u0119tali, \u017ce podczas gdy Mini SSD oferuje szczytow\u0105 teoretyczn\u0105 pr\u0119dko\u015b\u0107 3700 MB\/s, jego rzeczywista wydajno\u015b\u0107 b\u0119dzie ograniczona przez specyfikacj\u0119 gniazda urz\u0105dzenia hosta. Przyk\u0142adowo, po zainstalowaniu w kompatybilnych urz\u0105dzeniach przeno\u015bnych do gier, pr\u0119dko\u015b\u0107 dysku jest zazwyczaj ograniczona, poniewa\u017c urz\u0105dzenie wykorzystuje konfiguracj\u0119 <strong>mini PCIe 4&#215;1<\/strong> (zamiast pe\u0142nej specyfikacji 4&#215;2). W oparciu o testy CrystalDiskMark, u\u017cytkownicy mog\u0105 spodziewa\u0107 si\u0119 \u015brednich pr\u0119dko\u015bci odczytu i zapisu na poziomie oko\u0142o <strong>1700 MB\/s<\/strong>. Wci\u0105\u017c zapewnia to niezawodn\u0105, szybk\u0105 wydajno\u015b\u0107 znacznie przewy\u017cszaj\u0105c\u0105 alternatywy microSD, cho\u0107 mo\u017ce nie odzwierciedla\u0107 absolutnego maksymalnego teoretycznego potencja\u0142u dysku.   <\/p>\n\n<p>Zaprojektowane z my\u015bl\u0105 o bezkompromisowej niezawodno\u015bci, urz\u0105dzenie posiada solidn\u0105 konstrukcj\u0119 z <strong>klas\u0105 ochrony IP68<\/strong> dla kompleksowej ochrony przed kurzem i wod\u0105, dzi\u0119ki czemu jest w stanie wytrzyma\u0107 najtrudniejsze warunki. Niezawodno\u015b\u0107 danych jest zapewniona przez zaawansowane oprogramowanie uk\u0142adowe, w tym dynamiczne buforowanie SLC i poziomowanie zu\u017cycia, podczas gdy jego trwa\u0142o\u015b\u0107 jest wzmocniona przez opakowanie LGA, kt\u00f3re pozwala mu przetrwa\u0107 upadki z wysoko\u015bci do <strong>3 metr\u00f3w<\/strong>. Dzi\u0119ki wszechstronnej modu\u0142owej konstrukcji gniazd, jest to wytrzyma\u0142y i gotowy na przysz\u0142o\u015b\u0107 towarzysz do zastosowa\u0144 w urz\u0105dzeniach mobilnych, handheldach do gier (takich jak GPD WIN 5 i OneXPlayer Super X) oraz komputerach brzegowych.  <\/p>\n","protected":false},"excerpt":{"rendered":"\n<ul>\n<li>Interfejs: <strong>PCIe Gen4x2<\/strong> z protoko\u0142em **NVMe 1.4**<\/li>\n<li>Format: <strong>Ultrakompaktowy pakiet LGA<\/strong> (15,0 mm \u00d7 17,0 mm \u00d7 1,4 mm)<\/li>\n<li>Wydajno\u015b\u0107: Do **3,700 MB\/s Odczyt** \/ Do **3,400 MB\/s Zapis**<\/li>\n<li>Pojemno\u015b\u0107: 512 GB, 1 TB lub 2 TB pami\u0119ci 3D TLC NAND<\/li>\n<li>Wytrzyma\u0142o\u015b\u0107: <strong>IP68<\/strong> Odporno\u015b\u0107 na kurz i wod\u0119 \/ **3-metrowy upadek** Przetrwanie<\/li>\n<li>Technologia: Dynamiczne **SLC Caching** i **Wear Leveling**.<\/li>\n<\/ul>\n[cg_accordion title=\"INFORMACJE O P\u0141ATNO\u015aCIACH\"]<\/p>\n<p>Korzystamy z najnowszej technologii przetwarzania p\u0142atno\u015bci, kt\u00f3ra umo\u017cliwia dokonywanie p\u0142atno\u015bci za po\u015brednictwem Apple Pay, Google Pay, karty debetowej\/kredytowej, PayPal lub metod BNPL, takich jak Klarna, Affirm lub AfterPay, zapewniaj\u0105c szybkie i bezpieczne do\u015bwiadczenie.[\/cg_accordion]\n[cg_accordion title=\"GWARANCJA\"]<\/p>\n<p>1-letnia gwarancja od <a href=\"https:\/\/droix.net\/\" target=\"_blank\" rel=\"nofollow noopener\">DROIX<\/a> Global dla Twojego spokoju ducha[\/cg_accordion]\n[cg_accordion title=\"ZAPEWNIENIE JAKO\u015aCI I TESTY PRZED WYSY\u0141K\u0104\"]<\/p>\n<p>Zapewnienie satysfakcji klienta na najwy\u017cszym poziomie: Ka\u017cde urz\u0105dzenie przechodzi rygorystyczne testy i wielopunktow\u0105 kontrol\u0119 jako\u015bci przed wysy\u0142k\u0105. Nasz dedykowany zesp\u00f3\u0142 weryfikuje wydajno\u015b\u0107, funkcjonalno\u015b\u0107 i integralno\u015b\u0107 komponent\u00f3w, aby zagwarantowa\u0107, \u017ce urz\u0105dzenie AYANEO b\u0119dzie w idealnym stanie w momencie dostawy, zapewniaj\u0105c pewno\u015b\u0107 i spok\u00f3j ducha. [\/cg_accordion]\n[cg_accordion title=\"CENY, PODATKI I WYSY\u0141KA\"]<\/p>\n<p><strong><u>Uwaga:<\/u><\/strong><\/p>\n<ul>\n<li>Klienci ze Stan\u00f3w Zjednoczonych: Wy\u015bwietlana cena NIE ZAWIERA PODATKU ani c\u0142a. Odpowiedzialno\u015b\u0107 za odpraw\u0119 celn\u0105 i zap\u0142at\u0119 wszelkich powi\u0105zanych podatk\u00f3w \/ ce\u0142 spoczywa na kliencie. <\/li>\n<li>Klienci z UE: Wy\u015bwietlana cena zawiera obowi\u0105zuj\u0105cy PODATEK, kt\u00f3ry mo\u017ce wynosi\u0107 do 25% w zale\u017cno\u015bci od kraju.<\/li>\n<li>Klienci z Kanady: Wy\u015bwietlana cena zawiera obowi\u0105zuj\u0105ce podatki, kt\u00f3re mog\u0105 obejmowa\u0107 5% GST i dodatkowe prowincjonalne podatki od sprzeda\u017cy (PST), zharmonizowany podatek od sprzeda\u017cy (HST) lub podatek od sprzeda\u017cy w Quebecu (QST), w zale\u017cno\u015bci od prowincji.<\/li>\n<\/ul>\n<p>Dla klient\u00f3w z USA: Zam\u00f3wienia s\u0105 wysy\u0142ane w systemie DAP (Delivered At Place). Chocia\u017c klienci s\u0105 odpowiedzialni za uiszczenie wszelkich obowi\u0105zuj\u0105cych taryf, korzystamy z naszego bogatego do\u015bwiadczenia w wysy\u0142ce z Wielkiej Brytanii, aby zapewni\u0107 jak najmniejsze op\u0142aty. Z naszych danych wynika, \u017ce op\u0142aty te zazwyczaj nie przekraczaj\u0105 10% warto\u015bci przedmiotu.  <\/p>\n<p><strong>TYLKO dla klient\u00f3w z UE:<\/strong> Express DDP (Delivered Duty Paid). Oznacza to: <\/p>\n<ul>\n<li>Wszystkie op\u0142aty celne i podatki s\u0105 wliczone w cen\u0119 wy\u015bwietlan\u0105 na stronie produktu.<\/li>\n<li>Przy dostawie nie trzeba b\u0119dzie uiszcza\u0107 \u017cadnych dodatkowych op\u0142at.<\/li>\n<li>W rzadkich przypadkach zwi\u0105zanych z kwestiami celnymi nasz zesp\u00f3\u0142 zajmie si\u0119 procesem odprawy celnej w Twoim imieniu, aby zapewni\u0107 sprawn\u0105 dostaw\u0119.<\/li>\n<p>Wa\u017cne informacje dotycz\u0105ce zwrot\u00f3w:<\/p>\n<li>Je\u015bli zdecydujesz si\u0119 zwr\u00f3ci\u0107 zam\u00f3wienie lub za\u017c\u0105da\u0107 zwrotu pieni\u0119dzy, pami\u0119taj, \u017ce podatki i c\u0142a zap\u0142acone w Twoim imieniu zgodnie z warunkami DDP nie mog\u0105 zosta\u0107 zwr\u00f3cone.<\/li>\n<p>Szczeg\u00f3\u0142owe informacje mo\u017cna znale\u017a\u0107 w naszym <a href=\"https:\/\/ayaneo.co\/pl\/warunki-swiadczenia-uslug\/\" target=\"_blank\" rel=\"nofollow noopener\">Regulaminie<\/a>.\n<\/ul>\n<p>[\/cg_accordion]\n[cg_accordion title=\"OBS\u0141UGA KLIENTA\"]<\/p>\n<p>Masz pytanie? Wystarczy kr\u00f3tka wiadomo\u015b\u0107 tekstowa, aby rozwi\u0105za\u0107 Tw\u00f3j problem! [\/cg_accordion]\n[cg_accordion title=\"PAKIET ZAWIERA\"]<\/p>\n<ul>\n<li>1x BIWIN Mini SSD<\/li>\n<\/ul>\n<p>[\/cg_accordion]\n","protected":false},"featured_media":44147,"template":"","meta":{"_acf_changed":false},"product_brand":[],"product_cat":[555],"product_tag":[],"class_list":{"0":"post-44850","1":"product","2":"type-product","3":"status-publish","4":"has-post-thumbnail","6":"product_cat-akcesoria","7":"product_shipping_class-low-end","8":"pa_brand-biwin","10":"first","11":"instock","12":"taxable","13":"shipping-taxable","14":"purchasable","15":"product-type-variable","16":"has-default-attributes"},"acf":[],"_links":{"self":[{"href":"https:\/\/ayaneo.co\/pl\/wp-json\/wp\/v2\/product\/44850","targetHints":{"allow":["GET"]}}],"collection":[{"href":"https:\/\/ayaneo.co\/pl\/wp-json\/wp\/v2\/product"}],"about":[{"href":"https:\/\/ayaneo.co\/pl\/wp-json\/wp\/v2\/types\/product"}],"wp:featuredmedia":[{"embeddable":true,"href":"https:\/\/ayaneo.co\/pl\/wp-json\/wp\/v2\/media\/44147"}],"wp:attachment":[{"href":"https:\/\/ayaneo.co\/pl\/wp-json\/wp\/v2\/media?parent=44850"}],"wp:term":[{"taxonomy":"product_brand","embeddable":true,"href":"https:\/\/ayaneo.co\/pl\/wp-json\/wp\/v2\/product_brand?post=44850"},{"taxonomy":"product_cat","embeddable":true,"href":"https:\/\/ayaneo.co\/pl\/wp-json\/wp\/v2\/product_cat?post=44850"},{"taxonomy":"product_tag","embeddable":true,"href":"https:\/\/ayaneo.co\/pl\/wp-json\/wp\/v2\/product_tag?post=44850"}],"curies":[{"name":"wp","href":"https:\/\/api.w.org\/{rel}","templated":true}]}}