{"id":44890,"date":"2026-01-08T12:04:55","date_gmt":"2026-01-08T12:04:55","guid":{"rendered":"https:\/\/ayaneo.co\/product\/ayaneo-pocket-ds-screen-protector-tylko-dolna-czesc-ekranu\/"},"modified":"2026-04-08T09:15:01","modified_gmt":"2026-04-08T09:15:01","slug":"ayaneo-pocket-ds-screen-protector-tylko-dolna-czesc-ekranu","status":"publish","type":"product","link":"https:\/\/ayaneo.co\/pl\/product\/ayaneo-pocket-ds-screen-protector-tylko-dolna-czesc-ekranu\/","title":{"rendered":"AYANEO Pocket DS Screen Protector (tylko dolna cz\u0119\u015b\u0107 ekranu)"},"content":{"rendered":"\n<p><strong>Ochraniacz ekranu AYANEO Pocket DS<\/strong> jest niezb\u0119dnym akcesorium zaprojektowanym w celu utrzymania dodatkowego wy\u015bwietlacza konsoli w nieskazitelnym stanie. Zaprojektowany z my\u015bl\u0105 o wysokiej rozdzielczo\u015bci i precyzji, ten ochraniacz chroni urz\u0105dzenie przed codziennym zu\u017cyciem bez uszczerbku dla czu\u0142o\u015bci dotyku. <\/p>\n\n<h2 class=\"wp-block-heading\"><strong>&#x26a0;&#xfe0f; Wa\u017cna uwaga dotycz\u0105ca kompatybilno\u015bci<\/strong><\/h2>\n\n<p>Ten ochraniacz ekranu jest przeznaczony <strong>WY\u0141\u0104CZNIE dla drugiego (dolnego) ekranu.<\/strong> &gt; <strong>Dla pierwszego (g\u00f3rnego) ekranu:<\/strong> Ochraniacz nie jest dost\u0119pny ani zalecany, poniewa\u017c dodatkowa grubo\u015b\u0107 uniemo\u017cliwi\u0142aby prawid\u0142owe zamkni\u0119cie urz\u0105dzenia.<\/p>\n\n<h2 class=\"wp-block-heading\">Dlaczego warto wybra\u0107 AYANEO Pocket DS Screen Protector?<\/h2>\n\n<p>Niezale\u017cnie od tego, czy poruszasz si\u0119 po menu, czy korzystasz z dotykowych element\u00f3w steruj\u0105cych na dodatkowym wy\u015bwietlaczu, ten ochraniacz zapewnia niezr\u00f3wnan\u0105 trwa\u0142o\u015b\u0107. Dzi\u0119ki precyzyjnemu dopasowaniu i specjalistycznej pow\u0142oce, obraz w grach pozostaje krystalicznie czysty, a sprz\u0119t pozostaje chroniony przed zadrapaniami i olejami. <\/p>\n\n<h2 class=\"wp-block-heading\">Specyfikacje<\/h2>\n\n<ul class=\"wp-block-list\">\n<li><strong>Kompatybilno\u015b\u0107:<\/strong> AYANEO Pocket DS Console (Bottom Screen)<\/li>\n\n\n\n<li><strong>Materia\u0142:<\/strong> Wysokiej jako\u015bci szk\u0142o hartowane lub wysokiej jako\u015bci folia<\/li>\n\n\n\n<li><strong>Powierzchnia:<\/strong> Odporna na zarysowania, rozmazywanie i bardzo przejrzysta<\/li>\n\n\n\n<li><strong>Instalacja:<\/strong> Klej bez p\u0119cherzyk\u00f3w powietrza zapewnia bezproblemow\u0105 aplikacj\u0119<\/li>\n<\/ul>\n","protected":false},"excerpt":{"rendered":"<ul>\n<li><strong>Tylko drugi ekran:<\/strong> Specjalnie dopasowany do dolnego wy\u015bwietlacza, aby umo\u017cliwi\u0107 prawid\u0142owe zamkni\u0119cie urz\u0105dzenia.<\/li>\n<li><strong>Ochrona przed zarysowaniami:<\/strong> Wytrzyma\u0142a powierzchnia chroni przed rysikiem i codziennym zu\u017cyciem.<\/li>\n<li><strong>Crystal Clear:<\/strong> Ultra-przezroczysty materia\u0142 zapewnia \u017cywy, niezak\u0142\u00f3cony obraz w grach.<\/li>\n<li><strong>Odporny na rozmazywanie:<\/strong> Pow\u0142oka oleofobowa chroni ekran dotykowy przed odciskami palc\u00f3w i olejami.<\/li>\n<li><strong>\u0141atwa aplikacja:<\/strong> Szybki monta\u017c bez p\u0119cherzyk\u00f3w powietrza zapewnia bezproblemowe, profesjonalne dopasowanie.<\/li>\n<\/ul>\n[cg_accordion title=\"INFORMACJE O P\u0141ATNO\u015aCIACH\"]<\/p>\n<p>Korzystamy z najnowszej technologii przetwarzania p\u0142atno\u015bci, kt\u00f3ra umo\u017cliwia dokonywanie p\u0142atno\u015bci za po\u015brednictwem Apple Pay, Google Pay, karty debetowej\/kredytowej, PayPal lub metod BNPL, takich jak Klarna, Affirm lub AfterPay, zapewniaj\u0105c szybkie i bezpieczne do\u015bwiadczenie.[\/cg_accordion]\n[cg_accordion title=\"GWARANCJA\"]<\/p>\n<p>1-letnia gwarancja od <a href=\"https:\/\/droix.net\/\" target=\"_blank\" rel=\"nofollow noopener\">DROIX<\/a> Global dla Twojego spokoju ducha[\/cg_accordion]\n[cg_accordion title=\"ZAPEWNIENIE JAKO\u015aCI I TESTY PRZED WYSY\u0141K\u0104\"]<\/p>\n<p>Zapewnienie satysfakcji klienta na najwy\u017cszym poziomie: Ka\u017cde urz\u0105dzenie przechodzi rygorystyczne testy i wielopunktow\u0105 kontrol\u0119 jako\u015bci przed wysy\u0142k\u0105. Nasz dedykowany zesp\u00f3\u0142 weryfikuje wydajno\u015b\u0107, funkcjonalno\u015b\u0107 i integralno\u015b\u0107 komponent\u00f3w, aby zagwarantowa\u0107, \u017ce urz\u0105dzenie AYANEO b\u0119dzie w idealnym stanie w momencie dostawy, zapewniaj\u0105c pewno\u015b\u0107 i spok\u00f3j ducha. [\/cg_accordion]\n[cg_accordion title=\"CENY, PODATKI I WYSY\u0141KA\"]<\/p>\n<p><strong><u>Uwaga:<\/u><\/strong><\/p>\n<ul>\n<li>Klienci ze Stan\u00f3w Zjednoczonych: Wy\u015bwietlana cena NIE ZAWIERA PODATKU ani c\u0142a. Odpowiedzialno\u015b\u0107 za odpraw\u0119 celn\u0105 i zap\u0142at\u0119 wszelkich powi\u0105zanych podatk\u00f3w \/ ce\u0142 spoczywa na kliencie. <\/li>\n<li>Klienci z UE: Wy\u015bwietlana cena zawiera obowi\u0105zuj\u0105cy PODATEK, kt\u00f3ry mo\u017ce wynosi\u0107 do 25% w zale\u017cno\u015bci od kraju.<\/li>\n<li>Klienci z Kanady: Wy\u015bwietlana cena zawiera obowi\u0105zuj\u0105ce podatki, kt\u00f3re mog\u0105 obejmowa\u0107 5% GST i dodatkowe prowincjonalne podatki od sprzeda\u017cy (PST), zharmonizowany podatek od sprzeda\u017cy (HST) lub podatek od sprzeda\u017cy w Quebecu (QST), w zale\u017cno\u015bci od prowincji.<\/li>\n<\/ul>\n<p>Dla klient\u00f3w z USA: Zam\u00f3wienia s\u0105 wysy\u0142ane w systemie DAP (Delivered At Place). Chocia\u017c klienci s\u0105 odpowiedzialni za uiszczenie wszelkich obowi\u0105zuj\u0105cych taryf, korzystamy z naszego bogatego do\u015bwiadczenia w wysy\u0142ce z Wielkiej Brytanii, aby zapewni\u0107 jak najmniejsze op\u0142aty. Z naszych danych wynika, \u017ce op\u0142aty te zazwyczaj nie przekraczaj\u0105 10% warto\u015bci przedmiotu.  <\/p>\n<p><strong>TYLKO dla klient\u00f3w z UE:<\/strong> Express DDP (Delivered Duty Paid). Oznacza to: <\/p>\n<ul>\n<li>Wszystkie op\u0142aty celne i podatki s\u0105 wliczone w cen\u0119 wy\u015bwietlan\u0105 na stronie produktu.<\/li>\n<li>Przy dostawie nie trzeba b\u0119dzie uiszcza\u0107 \u017cadnych dodatkowych op\u0142at.<\/li>\n<li>W rzadkich przypadkach zwi\u0105zanych z kwestiami celnymi nasz zesp\u00f3\u0142 zajmie si\u0119 procesem odprawy celnej w Twoim imieniu, aby zapewni\u0107 sprawn\u0105 dostaw\u0119.<\/li>\n<p>Wa\u017cne informacje dotycz\u0105ce zwrot\u00f3w:<\/p>\n<li>Je\u015bli zdecydujesz si\u0119 zwr\u00f3ci\u0107 zam\u00f3wienie lub za\u017c\u0105da\u0107 zwrotu pieni\u0119dzy, pami\u0119taj, \u017ce podatki i c\u0142a zap\u0142acone w Twoim imieniu zgodnie z warunkami DDP nie mog\u0105 zosta\u0107 zwr\u00f3cone.<\/li>\n<p>Szczeg\u00f3\u0142owe informacje mo\u017cna znale\u017a\u0107 w naszym <a href=\"https:\/\/ayaneo.co\/pl\/warunki-swiadczenia-uslug\/\" target=\"_blank\" rel=\"nofollow noopener\">Regulaminie<\/a>.\n<\/ul>\n<p>[\/cg_accordion]\n[cg_accordion title=\"OBS\u0141UGA KLIENTA\"]<\/p>\n<p>Masz pytanie? Wystarczy kr\u00f3tka wiadomo\u015b\u0107 tekstowa, aby rozwi\u0105za\u0107 Tw\u00f3j problem! [\/cg_accordion]\n[cg_accordion title=\"PAKIET ZAWIERA\"]<\/p>\n<ul>\n<li>1x Os\u0142ona ekranu AYANEO Pocket DS<\/li>\n<\/ul>\n<p>[\/cg_accordion]\n","protected":false},"featured_media":43483,"template":"","meta":{"_acf_changed":false},"product_brand":[],"product_cat":[555],"product_tag":[],"class_list":{"0":"post-44890","1":"product","2":"type-product","3":"status-publish","4":"has-post-thumbnail","6":"product_cat-akcesoria","7":"product_shipping_class-low-end","8":"pa_accessory-type-screen-protector-pl","9":"pa_brand-ayaneo","11":"first","12":"instock","13":"sale","14":"taxable","15":"shipping-taxable","16":"purchasable","17":"product-type-simple"},"acf":[],"_links":{"self":[{"href":"https:\/\/ayaneo.co\/pl\/wp-json\/wp\/v2\/product\/44890","targetHints":{"allow":["GET"]}}],"collection":[{"href":"https:\/\/ayaneo.co\/pl\/wp-json\/wp\/v2\/product"}],"about":[{"href":"https:\/\/ayaneo.co\/pl\/wp-json\/wp\/v2\/types\/product"}],"wp:featuredmedia":[{"embeddable":true,"href":"https:\/\/ayaneo.co\/pl\/wp-json\/wp\/v2\/media\/43483"}],"wp:attachment":[{"href":"https:\/\/ayaneo.co\/pl\/wp-json\/wp\/v2\/media?parent=44890"}],"wp:term":[{"taxonomy":"product_brand","embeddable":true,"href":"https:\/\/ayaneo.co\/pl\/wp-json\/wp\/v2\/product_brand?post=44890"},{"taxonomy":"product_cat","embeddable":true,"href":"https:\/\/ayaneo.co\/pl\/wp-json\/wp\/v2\/product_cat?post=44890"},{"taxonomy":"product_tag","embeddable":true,"href":"https:\/\/ayaneo.co\/pl\/wp-json\/wp\/v2\/product_tag?post=44890"}],"curies":[{"name":"wp","href":"https:\/\/api.w.org\/{rel}","templated":true}]}}