{"id":4602,"date":"2024-03-21T15:52:03","date_gmt":"2024-03-21T15:52:03","guid":{"rendered":"https:\/\/ayaneo.co\/product\/ayaneo-am02\/"},"modified":"2025-04-11T12:15:00","modified_gmt":"2025-04-11T12:15:00","slug":"ayaneo-am02","status":"publish","type":"product","link":"https:\/\/ayaneo.co\/pl\/product\/ayaneo-am02\/","title":{"rendered":"AYANEO AM02"},"content":{"rendered":"\n<figure class=\"wp-block-image size-full\"><img fetchpriority=\"high\" decoding=\"async\" width=\"1500\" height=\"844\" src=\"https:\/\/ayaneo.co\/wp-content\/uploads\/2024\/03\/AYANEO-AM02-MARKETING-DONE-01.jpg\" alt=\"AYANEO AM02 Marketing\" class=\"wp-image-600\" srcset=\"https:\/\/ayaneo.co\/wp-content\/uploads\/2024\/03\/AYANEO-AM02-MARKETING-DONE-01.jpg 1500w, https:\/\/ayaneo.co\/wp-content\/uploads\/2024\/03\/AYANEO-AM02-MARKETING-DONE-01-150x84.jpg 150w, https:\/\/ayaneo.co\/wp-content\/uploads\/2024\/03\/AYANEO-AM02-MARKETING-DONE-01-600x338.jpg 600w, https:\/\/ayaneo.co\/wp-content\/uploads\/2024\/03\/AYANEO-AM02-MARKETING-DONE-01-300x169.jpg 300w, https:\/\/ayaneo.co\/wp-content\/uploads\/2024\/03\/AYANEO-AM02-MARKETING-DONE-01-1024x576.jpg 1024w, https:\/\/ayaneo.co\/wp-content\/uploads\/2024\/03\/AYANEO-AM02-MARKETING-DONE-01-768x432.jpg 768w, https:\/\/ayaneo.co\/wp-content\/uploads\/2024\/03\/AYANEO-AM02-MARKETING-DONE-01-990x557.jpg 990w, https:\/\/ayaneo.co\/wp-content\/uploads\/2024\/03\/AYANEO-AM02-MARKETING-DONE-01-441x248.jpg 441w\" sizes=\"(max-width: 1500px) 100vw, 1500px\" \/><\/figure>\n\n<figure class=\"wp-block-image size-full\"><img decoding=\"async\" width=\"1500\" height=\"752\" src=\"https:\/\/ayaneo.co\/wp-content\/uploads\/2024\/03\/AYANEO-AM02-MARKETING-DONE-02.jpg\" alt=\"AYANEO AM02 Marketing\" class=\"wp-image-601\" srcset=\"https:\/\/ayaneo.co\/wp-content\/uploads\/2024\/03\/AYANEO-AM02-MARKETING-DONE-02.jpg 1500w, https:\/\/ayaneo.co\/wp-content\/uploads\/2024\/03\/AYANEO-AM02-MARKETING-DONE-02-150x75.jpg 150w, https:\/\/ayaneo.co\/wp-content\/uploads\/2024\/03\/AYANEO-AM02-MARKETING-DONE-02-600x301.jpg 600w, https:\/\/ayaneo.co\/wp-content\/uploads\/2024\/03\/AYANEO-AM02-MARKETING-DONE-02-300x150.jpg 300w, https:\/\/ayaneo.co\/wp-content\/uploads\/2024\/03\/AYANEO-AM02-MARKETING-DONE-02-1024x513.jpg 1024w, https:\/\/ayaneo.co\/wp-content\/uploads\/2024\/03\/AYANEO-AM02-MARKETING-DONE-02-768x385.jpg 768w, https:\/\/ayaneo.co\/wp-content\/uploads\/2024\/03\/AYANEO-AM02-MARKETING-DONE-02-990x496.jpg 990w, https:\/\/ayaneo.co\/wp-content\/uploads\/2024\/03\/AYANEO-AM02-MARKETING-DONE-02-441x221.jpg 441w\" sizes=\"(max-width: 1500px) 100vw, 1500px\" \/><\/figure>\n\n<figure class=\"wp-block-image size-full\"><img decoding=\"async\" width=\"1500\" height=\"1794\" src=\"https:\/\/ayaneo.co\/wp-content\/uploads\/2024\/03\/AYANEO-AM02-MARKETING-DONE-03.jpg\" alt=\"AYANEO AM02 Marketing\" class=\"wp-image-602\" srcset=\"https:\/\/ayaneo.co\/wp-content\/uploads\/2024\/03\/AYANEO-AM02-MARKETING-DONE-03.jpg 1500w, https:\/\/ayaneo.co\/wp-content\/uploads\/2024\/03\/AYANEO-AM02-MARKETING-DONE-03-150x179.jpg 150w, https:\/\/ayaneo.co\/wp-content\/uploads\/2024\/03\/AYANEO-AM02-MARKETING-DONE-03-600x718.jpg 600w, https:\/\/ayaneo.co\/wp-content\/uploads\/2024\/03\/AYANEO-AM02-MARKETING-DONE-03-251x300.jpg 251w, https:\/\/ayaneo.co\/wp-content\/uploads\/2024\/03\/AYANEO-AM02-MARKETING-DONE-03-856x1024.jpg 856w, https:\/\/ayaneo.co\/wp-content\/uploads\/2024\/03\/AYANEO-AM02-MARKETING-DONE-03-768x919.jpg 768w, https:\/\/ayaneo.co\/wp-content\/uploads\/2024\/03\/AYANEO-AM02-MARKETING-DONE-03-1284x1536.jpg 1284w, https:\/\/ayaneo.co\/wp-content\/uploads\/2024\/03\/AYANEO-AM02-MARKETING-DONE-03-990x1184.jpg 990w, https:\/\/ayaneo.co\/wp-content\/uploads\/2024\/03\/AYANEO-AM02-MARKETING-DONE-03-441x527.jpg 441w\" sizes=\"(max-width: 1500px) 100vw, 1500px\" \/><\/figure>\n\n<figure class=\"wp-block-image size-full\"><img loading=\"lazy\" decoding=\"async\" width=\"1500\" height=\"842\" src=\"https:\/\/ayaneo.co\/wp-content\/uploads\/2024\/03\/AYANEO-AM02-MARKETING-DONE-04.jpg\" alt=\"AYANEO AM02 Marketing\" class=\"wp-image-603\" srcset=\"https:\/\/ayaneo.co\/wp-content\/uploads\/2024\/03\/AYANEO-AM02-MARKETING-DONE-04.jpg 1500w, https:\/\/ayaneo.co\/wp-content\/uploads\/2024\/03\/AYANEO-AM02-MARKETING-DONE-04-150x84.jpg 150w, https:\/\/ayaneo.co\/wp-content\/uploads\/2024\/03\/AYANEO-AM02-MARKETING-DONE-04-600x337.jpg 600w, https:\/\/ayaneo.co\/wp-content\/uploads\/2024\/03\/AYANEO-AM02-MARKETING-DONE-04-300x168.jpg 300w, https:\/\/ayaneo.co\/wp-content\/uploads\/2024\/03\/AYANEO-AM02-MARKETING-DONE-04-1024x575.jpg 1024w, https:\/\/ayaneo.co\/wp-content\/uploads\/2024\/03\/AYANEO-AM02-MARKETING-DONE-04-768x431.jpg 768w, https:\/\/ayaneo.co\/wp-content\/uploads\/2024\/03\/AYANEO-AM02-MARKETING-DONE-04-990x556.jpg 990w, https:\/\/ayaneo.co\/wp-content\/uploads\/2024\/03\/AYANEO-AM02-MARKETING-DONE-04-441x248.jpg 441w\" sizes=\"(max-width: 1500px) 100vw, 1500px\" \/><\/figure>\n\n<figure class=\"wp-block-image size-full\"><img loading=\"lazy\" decoding=\"async\" width=\"1500\" height=\"1640\" src=\"https:\/\/ayaneo.co\/wp-content\/uploads\/2024\/03\/AYANEO-AM02-MARKETING-DONE-05.jpg\" alt=\"AYANEO AM02 Marketing\" class=\"wp-image-604\" srcset=\"https:\/\/ayaneo.co\/wp-content\/uploads\/2024\/03\/AYANEO-AM02-MARKETING-DONE-05.jpg 1500w, https:\/\/ayaneo.co\/wp-content\/uploads\/2024\/03\/AYANEO-AM02-MARKETING-DONE-05-150x164.jpg 150w, https:\/\/ayaneo.co\/wp-content\/uploads\/2024\/03\/AYANEO-AM02-MARKETING-DONE-05-600x656.jpg 600w, https:\/\/ayaneo.co\/wp-content\/uploads\/2024\/03\/AYANEO-AM02-MARKETING-DONE-05-274x300.jpg 274w, https:\/\/ayaneo.co\/wp-content\/uploads\/2024\/03\/AYANEO-AM02-MARKETING-DONE-05-937x1024.jpg 937w, https:\/\/ayaneo.co\/wp-content\/uploads\/2024\/03\/AYANEO-AM02-MARKETING-DONE-05-768x840.jpg 768w, https:\/\/ayaneo.co\/wp-content\/uploads\/2024\/03\/AYANEO-AM02-MARKETING-DONE-05-1405x1536.jpg 1405w, https:\/\/ayaneo.co\/wp-content\/uploads\/2024\/03\/AYANEO-AM02-MARKETING-DONE-05-990x1082.jpg 990w, https:\/\/ayaneo.co\/wp-content\/uploads\/2024\/03\/AYANEO-AM02-MARKETING-DONE-05-441x482.jpg 441w\" sizes=\"(max-width: 1500px) 100vw, 1500px\" \/><\/figure>\n\n<figure class=\"wp-block-image size-full\"><img loading=\"lazy\" decoding=\"async\" width=\"1500\" height=\"894\" src=\"https:\/\/ayaneo.co\/wp-content\/uploads\/2024\/03\/AYANEO-AM02-MARKETING-DONE-06.jpg\" alt=\"AYANEO AM02 Marketing\" class=\"wp-image-605\" srcset=\"https:\/\/ayaneo.co\/wp-content\/uploads\/2024\/03\/AYANEO-AM02-MARKETING-DONE-06.jpg 1500w, https:\/\/ayaneo.co\/wp-content\/uploads\/2024\/03\/AYANEO-AM02-MARKETING-DONE-06-150x89.jpg 150w, https:\/\/ayaneo.co\/wp-content\/uploads\/2024\/03\/AYANEO-AM02-MARKETING-DONE-06-600x358.jpg 600w, https:\/\/ayaneo.co\/wp-content\/uploads\/2024\/03\/AYANEO-AM02-MARKETING-DONE-06-300x179.jpg 300w, https:\/\/ayaneo.co\/wp-content\/uploads\/2024\/03\/AYANEO-AM02-MARKETING-DONE-06-1024x610.jpg 1024w, https:\/\/ayaneo.co\/wp-content\/uploads\/2024\/03\/AYANEO-AM02-MARKETING-DONE-06-768x458.jpg 768w, https:\/\/ayaneo.co\/wp-content\/uploads\/2024\/03\/AYANEO-AM02-MARKETING-DONE-06-990x590.jpg 990w, https:\/\/ayaneo.co\/wp-content\/uploads\/2024\/03\/AYANEO-AM02-MARKETING-DONE-06-441x263.jpg 441w\" sizes=\"(max-width: 1500px) 100vw, 1500px\" \/><\/figure>\n\n<figure class=\"wp-block-image size-full\"><img loading=\"lazy\" decoding=\"async\" width=\"1500\" height=\"1761\" src=\"https:\/\/ayaneo.co\/wp-content\/uploads\/2024\/03\/AYANEO-AM02-MARKETING-DONE-07.jpg\" alt=\"AYANEO AM02 Marketing\" class=\"wp-image-606\" srcset=\"https:\/\/ayaneo.co\/wp-content\/uploads\/2024\/03\/AYANEO-AM02-MARKETING-DONE-07.jpg 1500w, https:\/\/ayaneo.co\/wp-content\/uploads\/2024\/03\/AYANEO-AM02-MARKETING-DONE-07-150x176.jpg 150w, https:\/\/ayaneo.co\/wp-content\/uploads\/2024\/03\/AYANEO-AM02-MARKETING-DONE-07-600x704.jpg 600w, https:\/\/ayaneo.co\/wp-content\/uploads\/2024\/03\/AYANEO-AM02-MARKETING-DONE-07-256x300.jpg 256w, https:\/\/ayaneo.co\/wp-content\/uploads\/2024\/03\/AYANEO-AM02-MARKETING-DONE-07-872x1024.jpg 872w, https:\/\/ayaneo.co\/wp-content\/uploads\/2024\/03\/AYANEO-AM02-MARKETING-DONE-07-768x902.jpg 768w, https:\/\/ayaneo.co\/wp-content\/uploads\/2024\/03\/AYANEO-AM02-MARKETING-DONE-07-1308x1536.jpg 1308w, https:\/\/ayaneo.co\/wp-content\/uploads\/2024\/03\/AYANEO-AM02-MARKETING-DONE-07-990x1162.jpg 990w, https:\/\/ayaneo.co\/wp-content\/uploads\/2024\/03\/AYANEO-AM02-MARKETING-DONE-07-441x518.jpg 441w\" sizes=\"(max-width: 1500px) 100vw, 1500px\" \/><\/figure>\n\n<figure class=\"wp-block-image size-full\"><img loading=\"lazy\" decoding=\"async\" width=\"1500\" height=\"750\" src=\"https:\/\/ayaneo.co\/wp-content\/uploads\/2024\/03\/AYANEO-AM02-MARKETING-DONE-08.jpg\" alt=\"AYANEO AM02 Marketing\" class=\"wp-image-607\" srcset=\"https:\/\/ayaneo.co\/wp-content\/uploads\/2024\/03\/AYANEO-AM02-MARKETING-DONE-08.jpg 1500w, https:\/\/ayaneo.co\/wp-content\/uploads\/2024\/03\/AYANEO-AM02-MARKETING-DONE-08-150x75.jpg 150w, https:\/\/ayaneo.co\/wp-content\/uploads\/2024\/03\/AYANEO-AM02-MARKETING-DONE-08-600x300.jpg 600w, https:\/\/ayaneo.co\/wp-content\/uploads\/2024\/03\/AYANEO-AM02-MARKETING-DONE-08-300x150.jpg 300w, https:\/\/ayaneo.co\/wp-content\/uploads\/2024\/03\/AYANEO-AM02-MARKETING-DONE-08-1024x512.jpg 1024w, https:\/\/ayaneo.co\/wp-content\/uploads\/2024\/03\/AYANEO-AM02-MARKETING-DONE-08-768x384.jpg 768w, https:\/\/ayaneo.co\/wp-content\/uploads\/2024\/03\/AYANEO-AM02-MARKETING-DONE-08-990x495.jpg 990w, https:\/\/ayaneo.co\/wp-content\/uploads\/2024\/03\/AYANEO-AM02-MARKETING-DONE-08-441x221.jpg 441w\" sizes=\"(max-width: 1500px) 100vw, 1500px\" \/><\/figure>\n\n<figure class=\"wp-block-image size-full\"><img loading=\"lazy\" decoding=\"async\" width=\"1500\" height=\"2189\" src=\"https:\/\/ayaneo.co\/wp-content\/uploads\/2024\/03\/AYANEO-AM02-MARKETING-DONE-09.jpg\" alt=\"AYANEO AM02 Marketing\" class=\"wp-image-608\" srcset=\"https:\/\/ayaneo.co\/wp-content\/uploads\/2024\/03\/AYANEO-AM02-MARKETING-DONE-09.jpg 1500w, https:\/\/ayaneo.co\/wp-content\/uploads\/2024\/03\/AYANEO-AM02-MARKETING-DONE-09-150x219.jpg 150w, https:\/\/ayaneo.co\/wp-content\/uploads\/2024\/03\/AYANEO-AM02-MARKETING-DONE-09-600x876.jpg 600w, https:\/\/ayaneo.co\/wp-content\/uploads\/2024\/03\/AYANEO-AM02-MARKETING-DONE-09-206x300.jpg 206w, https:\/\/ayaneo.co\/wp-content\/uploads\/2024\/03\/AYANEO-AM02-MARKETING-DONE-09-702x1024.jpg 702w, https:\/\/ayaneo.co\/wp-content\/uploads\/2024\/03\/AYANEO-AM02-MARKETING-DONE-09-768x1121.jpg 768w, https:\/\/ayaneo.co\/wp-content\/uploads\/2024\/03\/AYANEO-AM02-MARKETING-DONE-09-1053x1536.jpg 1053w, https:\/\/ayaneo.co\/wp-content\/uploads\/2024\/03\/AYANEO-AM02-MARKETING-DONE-09-1403x2048.jpg 1403w, https:\/\/ayaneo.co\/wp-content\/uploads\/2024\/03\/AYANEO-AM02-MARKETING-DONE-09-990x1445.jpg 990w, https:\/\/ayaneo.co\/wp-content\/uploads\/2024\/03\/AYANEO-AM02-MARKETING-DONE-09-441x644.jpg 441w\" sizes=\"(max-width: 1500px) 100vw, 1500px\" \/><\/figure>\n\n<figure class=\"wp-block-image size-full\"><img loading=\"lazy\" decoding=\"async\" width=\"1500\" height=\"1684\" src=\"https:\/\/ayaneo.co\/wp-content\/uploads\/2024\/03\/AYANEO-AM02-MARKETING-DONE-10.jpg\" alt=\"AYANEO AM02 Marketing\" class=\"wp-image-609\" srcset=\"https:\/\/ayaneo.co\/wp-content\/uploads\/2024\/03\/AYANEO-AM02-MARKETING-DONE-10.jpg 1500w, https:\/\/ayaneo.co\/wp-content\/uploads\/2024\/03\/AYANEO-AM02-MARKETING-DONE-10-150x168.jpg 150w, https:\/\/ayaneo.co\/wp-content\/uploads\/2024\/03\/AYANEO-AM02-MARKETING-DONE-10-600x674.jpg 600w, https:\/\/ayaneo.co\/wp-content\/uploads\/2024\/03\/AYANEO-AM02-MARKETING-DONE-10-267x300.jpg 267w, https:\/\/ayaneo.co\/wp-content\/uploads\/2024\/03\/AYANEO-AM02-MARKETING-DONE-10-912x1024.jpg 912w, https:\/\/ayaneo.co\/wp-content\/uploads\/2024\/03\/AYANEO-AM02-MARKETING-DONE-10-768x862.jpg 768w, https:\/\/ayaneo.co\/wp-content\/uploads\/2024\/03\/AYANEO-AM02-MARKETING-DONE-10-1368x1536.jpg 1368w, https:\/\/ayaneo.co\/wp-content\/uploads\/2024\/03\/AYANEO-AM02-MARKETING-DONE-10-990x1111.jpg 990w, https:\/\/ayaneo.co\/wp-content\/uploads\/2024\/03\/AYANEO-AM02-MARKETING-DONE-10-441x495.jpg 441w\" sizes=\"(max-width: 1500px) 100vw, 1500px\" \/><\/figure>\n\n<figure class=\"wp-block-image size-full\"><img loading=\"lazy\" decoding=\"async\" width=\"1500\" height=\"2210\" src=\"https:\/\/ayaneo.co\/wp-content\/uploads\/2024\/03\/AYANEO-AM02-MARKETING-DONE-11.jpg\" alt=\"AYANEO AM02 Marketing\" class=\"wp-image-610\" srcset=\"https:\/\/ayaneo.co\/wp-content\/uploads\/2024\/03\/AYANEO-AM02-MARKETING-DONE-11.jpg 1500w, https:\/\/ayaneo.co\/wp-content\/uploads\/2024\/03\/AYANEO-AM02-MARKETING-DONE-11-150x221.jpg 150w, https:\/\/ayaneo.co\/wp-content\/uploads\/2024\/03\/AYANEO-AM02-MARKETING-DONE-11-600x884.jpg 600w, https:\/\/ayaneo.co\/wp-content\/uploads\/2024\/03\/AYANEO-AM02-MARKETING-DONE-11-204x300.jpg 204w, https:\/\/ayaneo.co\/wp-content\/uploads\/2024\/03\/AYANEO-AM02-MARKETING-DONE-11-695x1024.jpg 695w, https:\/\/ayaneo.co\/wp-content\/uploads\/2024\/03\/AYANEO-AM02-MARKETING-DONE-11-768x1132.jpg 768w, https:\/\/ayaneo.co\/wp-content\/uploads\/2024\/03\/AYANEO-AM02-MARKETING-DONE-11-1043x1536.jpg 1043w, https:\/\/ayaneo.co\/wp-content\/uploads\/2024\/03\/AYANEO-AM02-MARKETING-DONE-11-1390x2048.jpg 1390w, https:\/\/ayaneo.co\/wp-content\/uploads\/2024\/03\/AYANEO-AM02-MARKETING-DONE-11-990x1459.jpg 990w, https:\/\/ayaneo.co\/wp-content\/uploads\/2024\/03\/AYANEO-AM02-MARKETING-DONE-11-441x650.jpg 441w\" sizes=\"(max-width: 1500px) 100vw, 1500px\" \/><\/figure>\n\n<figure class=\"wp-block-image size-full\"><img loading=\"lazy\" decoding=\"async\" width=\"1500\" height=\"2202\" src=\"https:\/\/ayaneo.co\/wp-content\/uploads\/2024\/03\/AYANEO-AM02-MARKETING-DONE-12.jpg\" alt=\"AYANEO AM02 Marketing\" class=\"wp-image-611\" srcset=\"https:\/\/ayaneo.co\/wp-content\/uploads\/2024\/03\/AYANEO-AM02-MARKETING-DONE-12.jpg 1500w, https:\/\/ayaneo.co\/wp-content\/uploads\/2024\/03\/AYANEO-AM02-MARKETING-DONE-12-150x220.jpg 150w, https:\/\/ayaneo.co\/wp-content\/uploads\/2024\/03\/AYANEO-AM02-MARKETING-DONE-12-600x881.jpg 600w, https:\/\/ayaneo.co\/wp-content\/uploads\/2024\/03\/AYANEO-AM02-MARKETING-DONE-12-204x300.jpg 204w, https:\/\/ayaneo.co\/wp-content\/uploads\/2024\/03\/AYANEO-AM02-MARKETING-DONE-12-698x1024.jpg 698w, https:\/\/ayaneo.co\/wp-content\/uploads\/2024\/03\/AYANEO-AM02-MARKETING-DONE-12-768x1127.jpg 768w, https:\/\/ayaneo.co\/wp-content\/uploads\/2024\/03\/AYANEO-AM02-MARKETING-DONE-12-1046x1536.jpg 1046w, https:\/\/ayaneo.co\/wp-content\/uploads\/2024\/03\/AYANEO-AM02-MARKETING-DONE-12-1395x2048.jpg 1395w, https:\/\/ayaneo.co\/wp-content\/uploads\/2024\/03\/AYANEO-AM02-MARKETING-DONE-12-990x1453.jpg 990w, https:\/\/ayaneo.co\/wp-content\/uploads\/2024\/03\/AYANEO-AM02-MARKETING-DONE-12-441x647.jpg 441w\" sizes=\"(max-width: 1500px) 100vw, 1500px\" \/><\/figure>\n\n<h3 class=\"wp-block-heading\"><br\/>Przedstawiamy AYANEO AM02 Gaming Mini PC: Rewolucyjny skok w dziedzinie przeno\u015bnych komputer\u00f3w do gier<\/h3>\n\n<p>Wejd\u017a w kolejn\u0105 er\u0119 technologii gamingowej z gamingowym mini PC AYANEO AM02, prze\u0142omowym urz\u0105dzeniem, kt\u00f3re na nowo definiuje oczekiwania wobec kompaktowych, przeno\u015bnych system\u00f3w gamingowych. To wi\u0119cej ni\u017c tylko akcesorium do gier, ten mini PC przesuwa granice gier w ma\u0142ych obudowach, p\u0142ynnie integruj\u0105c wysokowydajne komponenty z innowacyjn\u0105 konstrukcj\u0105, kt\u00f3ra idealnie le\u017cy w d\u0142oniach. <\/p>\n\n<p>Dzi\u0119ki wbudowanemu 4-calowemu ekranowi wielofunkcyjnemu kontrolowanemu przez oprogramowanie AYA Space, najwy\u017cszej klasy komponentom i eleganckiej, ergonomicznej konstrukcji, AYANEO AM02 jest najlepszym wyborem zar\u00f3wno dla entuzjast\u00f3w gier, jak i profesjonalist\u00f3w. Niezale\u017cnie od tego, czy jeste\u015b stacjonarnie w domu, czy w podr\u00f3\u017cy, ten mini PC gwarantuje niezr\u00f3wnane wra\u017cenia z gry, wyznaczaj\u0105c kamie\u0144 milowy w ewolucji mini PC do gier. <\/p>\n\n<h3 class=\"wp-block-heading\">Przegl\u0105d produkt\u00f3w: Nowa definicja przeno\u015bno\u015bci i wydajno\u015bci<\/h3>\n\n<p>Gamingowy mini PC AYANEO AM02 to nie tylko kolejny dodatek do rynku sprz\u0119tu do gier; to prze\u0142om w tym, jak gracze postrzegaj\u0105 r\u00f3wnowag\u0119 mi\u0119dzy przeno\u015bno\u015bci\u0105 a wydajno\u015bci\u0105. Dzi\u0119ki po\u0142\u0105czeniu niskiego zu\u017cycia energii i wysokiej wydajno\u015bci, urz\u0105dzenie to zapewnia d\u0142ugie sesje grania bez kompromis\u00f3w. Wbudowany 4-calowy ekran wielofunkcyjny, wzbogacony o dane w czasie rzeczywistym z oprogramowania AYA Space, wzbogaca wra\u017cenia z gry o istotne statystyki systemowe i lokalne aktualizacje pogody.  <\/p>\n\n<p>Ergonomicznie zaprojektowany, aby p\u0142ynnie dostosowa\u0107 si\u0119 do ka\u017cdego \u015brodowiska, kompaktowy rozmiar AYANEO AM02 przeczy jego ogromnym mo\u017cliwo\u015bciom. Niezale\u017cnie od tego, czy znajduje si\u0119 w spokojnym domowym biurze, czy po\u015br\u00f3d zgie\u0142ku salonu, ten gamingowy mini PC wyr\u00f3\u017cnia si\u0119, obiecuj\u0105c najwy\u017csz\u0105 wydajno\u015b\u0107 bez po\u015bwi\u0119cania wygody. <\/p>\n\n<h3 class=\"wp-block-heading\">Szczeg\u00f3\u0142owe funkcje: Wydajno\u015b\u0107 i nie tylko<\/h3>\n\n<p>Wydajno\u015b\u0107: Sercem AYANEO AM02 jest procesor AMD Ryzen 7 7840HS w po\u0142\u0105czeniu z kart\u0105 graficzn\u0105 AMD Radeon 780M, co zapewnia p\u0142ynn\u0105 rozgrywk\u0119 bez op\u00f3\u017anie\u0144 w wielu tytu\u0142ach i aplikacjach. Niezale\u017cnie od tego, czy chodzi o najnowsze wydania AAA, czy te\u017c wielozadaniowo\u015b\u0107 z wymagaj\u0105cym oprogramowaniem, ten gamingowy mini PC zapewnia bezkompromisow\u0105 wydajno\u015b\u0107. Pami\u0119\u0107 i pami\u0119\u0107 masowa: Dzi\u0119ki maksymalnie 64 GB dwukana\u0142owej pami\u0119ci RAM DDR5 5600 MHz SO-DIMM i mo\u017cliwo\u015bci rozszerzenia pami\u0119ci masowej do 8 TB za po\u015brednictwem 1 TB M.2 2280 PCIe 4.0 SSD, AYANEO AM02 gwarantuje b\u0142yskawiczne \u0142adowanie gier i pojemn\u0105 pami\u0119\u0107 masow\u0105 na obszern\u0105 bibliotek\u0119 gier, zapewniaj\u0105c nieprzerwan\u0105 rozgrywk\u0119 i produktywno\u015b\u0107. Wra\u017cenia u\u017cytkownika: Wy\u017csza jako\u015b\u0107 gier i nie tylko    <\/p>\n\n<p>Gamingowy mini PC AYANEO AM02 zwi\u0119ksza komfort u\u017cytkowania dzi\u0119ki wszechstronnej platformie obs\u0142uguj\u0105cej szerok\u0105 gam\u0119 gier AAA Windows, aplikacji i emulator\u00f3w. Dzia\u0142aj\u0105cy na Windows 11 Home, oferuje intuicyjny interfejs znany zar\u00f3wno graczom, jak i profesjonalistom. Funkcje \u0142\u0105czno\u015bci, takie jak Wi-Fi 6E, 2.5G Ethernet i Bluetooth 5.2, zapewniaj\u0105 p\u0142ynn\u0105 \u0142\u0105czno\u015b\u0107 z Internetem, urz\u0105dzeniami peryferyjnymi i innymi urz\u0105dzeniami, dzi\u0119ki czemu wra\u017cenia z gry s\u0105 bardziej wci\u0105gaj\u0105ce i dost\u0119pne.  <\/p>\n\n<h3 class=\"wp-block-heading\">Podsumowanie: Brama do nowych gamingowych horyzont\u00f3w<\/h3>\n\n<p>Gamingowy mini PC AYANEO AM02 zwiastuje przysz\u0142o\u015b\u0107 gier, \u0142\u0105cz\u0105c niezr\u00f3wnan\u0105 wydajno\u015b\u0107, design i funkcjonalno\u015b\u0107 w kompaktowym, przeno\u015bnym urz\u0105dzeniu. Dzi\u0119ki innowacyjnemu wbudowanemu wy\u015bwietlaczowi wielofunkcyjnemu i solidnym specyfikacjom technicznym, ten gamingowy mini PC jest gotowy do zrewolucjonizowania gier w podr\u00f3\u017cy. To nie tylko urz\u0105dzenie; to brama do nowych horyzont\u00f3w w grach, zach\u0119caj\u0105ca u\u017cytkownik\u00f3w do korzystania zar\u00f3wno z przysz\u0142o\u015bci gier, jak i nostalgii za klasycznymi grami.  <\/p>\n\n<p>Nie przegap okazji, aby znale\u017a\u0107 si\u0119 w czo\u0142\u00f3wce gamingowych innowacji. Z\u0142\u00f3\u017c zam\u00f3wienie w przedsprzeda\u017cy na gamingowy mini PC AYANEO AM02 ju\u017c dzi\u015b i zapewnij sobie miejsce w\u015br\u00f3d pierwszych, kt\u00f3rzy do\u015bwiadcz\u0105 najwy\u017cszej klasy przeno\u015bnych komputer\u00f3w do gier. Dzi\u0119ki ograniczonej dost\u0119pno\u015bci, jest to szansa na wkroczenie w przysz\u0142o\u015b\u0107 gier z urz\u0105dzeniem, kt\u00f3re jest tak wyj\u0105tkowe, jak pot\u0119\u017cne.  <\/p>\n","protected":false},"excerpt":{"rendered":"<ul>\n<li> <strong> Ryzen\u2122 7 7840HS<\/strong> \/ Radeon 780M<\/li>\n<li><strong>do 64 GB<\/strong> pami\u0119ci DDR5 przy <strong>5600 MT\/s<\/strong><\/li>\n<li><strong>do 4 TB<\/strong> Szybki PCIe <strong>4.0<\/strong> M.2 2280 SSD <\/li>\n<li>4-calowy <strong>ekran dotykowy<\/strong> z funkcj\u0105 wielofunkcyjn\u0105<\/li>\n<li>Obs\u0142uga WiFi <strong>6E<\/strong> i Bluetooth <strong>5.2<\/strong> <\/li>\n<\/ul>\n[cg_accordion title=\"INFORMACJE O P\u0141ATNO\u015aCIACH\"]<\/p>\n<p>Korzystamy z najnowszej technologii przetwarzania p\u0142atno\u015bci, kt\u00f3ra umo\u017cliwia dokonywanie p\u0142atno\u015bci za po\u015brednictwem Apple Pay, Google Pay, karty debetowej\/kredytowej, PayPal lub metod BNPL, takich jak Klarna, Affirm lub AfterPay, zapewniaj\u0105c szybkie i bezpieczne do\u015bwiadczenie.[\/cg_accordion]\n[cg_accordion title=\"GWARANCJA\"]<\/p>\n<p>1-letnia gwarancja od <a href=\"https:\/\/droix.net\/\" target=\"_blank\" rel=\"nofollow noopener\">DROIX<\/a> Global dla Twojego spokoju ducha[\/cg_accordion]\n[cg_accordion title=\"CENY, PODATKI I WYSY\u0141KA\"]<\/p>\n<p><strong><u>Uwaga:<\/u><\/strong><\/p>\n<ul>\n<li>Klienci ze Stan\u00f3w Zjednoczonych: Wy\u015bwietlana cena NIE ZAWIERA PODATKU ani c\u0142a. Odpowiedzialno\u015b\u0107 za odpraw\u0119 celn\u0105 i zap\u0142at\u0119 wszelkich powi\u0105zanych podatk\u00f3w \/ ce\u0142 spoczywa na kliencie. <\/li>\n<li>Klienci z UE: Wy\u015bwietlana cena zawiera obowi\u0105zuj\u0105cy PODATEK, kt\u00f3ry mo\u017ce wynosi\u0107 do 25% w zale\u017cno\u015bci od kraju.<\/li>\n<li>Klienci z Kanady: Wy\u015bwietlana cena zawiera obowi\u0105zuj\u0105ce podatki, kt\u00f3re mog\u0105 obejmowa\u0107 5% GST i dodatkowe prowincjonalne podatki od sprzeda\u017cy (PST), zharmonizowany podatek od sprzeda\u017cy (HST) lub podatek od sprzeda\u017cy w Quebecu (QST), w zale\u017cno\u015bci od prowincji.<\/li>\n<\/ul>\n<p><strong>TYLKO dla klient\u00f3w z UE:<\/strong> Express DDP (Delivered Duty Paid). Oznacza to: <\/p>\n<ul>\n<li>Wszystkie op\u0142aty celne i podatki s\u0105 wliczone w cen\u0119 wy\u015bwietlan\u0105 na stronie produktu.<\/li>\n<li>Przy dostawie nie trzeba b\u0119dzie uiszcza\u0107 \u017cadnych dodatkowych op\u0142at.<\/li>\n<li>W rzadkich przypadkach zwi\u0105zanych z kwestiami celnymi nasz zesp\u00f3\u0142 zajmie si\u0119 procesem odprawy celnej w Twoim imieniu, aby zapewni\u0107 sprawn\u0105 dostaw\u0119.<\/li>\n<p>Wa\u017cne informacje dotycz\u0105ce zwrot\u00f3w:<\/p>\n<li>Je\u015bli zdecydujesz si\u0119 zwr\u00f3ci\u0107 zam\u00f3wienie lub za\u017c\u0105da\u0107 zwrotu pieni\u0119dzy, pami\u0119taj, \u017ce podatki i c\u0142a zap\u0142acone w Twoim imieniu zgodnie z warunkami DDP nie mog\u0105 zosta\u0107 zwr\u00f3cone.<\/li>\n<p>Szczeg\u00f3\u0142owe informacje mo\u017cna znale\u017a\u0107 w naszym <a href=\"https:\/\/ayaneo.co\/terms-of-service-2\/\" target=\"_blank\" rel=\"nofollow noopener\">Regulaminie<\/a>.\n<\/ul>\n<p>[\/cg_accordion]\n[cg_accordion title=\"OBS\u0141UGA KLIENTA\"]<\/p>\n<p>Masz pytanie? Wystarczy kr\u00f3tka wiadomo\u015b\u0107 tekstowa, aby rozwi\u0105za\u0107 Tw\u00f3j problem!<br \/>\n[\/cg_accordion]\n[cg_accordion title=\"Pakiet zawiera\"]<\/p>\n<ul>\n<li>1x AYANEO AM02<\/li>\n<li>1x wtyczka zasilania (UE\/USA)<\/li>\n<li>1x Kabel USB typu C<\/li>\n<li>1x Kabel HDMI<\/li>\n<li>2x Wkr\u0119taki<\/li>\n<li>5x \u015aruby (M2*3)<\/li>\n<li>1x Instrukcja obs\u0142ugi<\/li>\n<\/ul>\n<p>[\/cg_accordion]\n","protected":false},"featured_media":4603,"template":"","meta":{"_acf_changed":false},"product_brand":[],"product_cat":[580],"product_tag":[],"class_list":{"0":"post-4602","1":"product","2":"type-product","3":"status-publish","4":"has-post-thumbnail","6":"product_cat-mini-pcs-pl","7":"product_shipping_class-premium","8":"pa_brand-ayaneo","9":"pa_graphics-gpu-model-radeon-780m","10":"pa_processor-cpu-brand-amd","12":"first","13":"outofstock","14":"taxable","15":"shipping-taxable","16":"purchasable","17":"product-type-variable"},"acf":[],"_links":{"self":[{"href":"https:\/\/ayaneo.co\/pl\/wp-json\/wp\/v2\/product\/4602","targetHints":{"allow":["GET"]}}],"collection":[{"href":"https:\/\/ayaneo.co\/pl\/wp-json\/wp\/v2\/product"}],"about":[{"href":"https:\/\/ayaneo.co\/pl\/wp-json\/wp\/v2\/types\/product"}],"wp:featuredmedia":[{"embeddable":true,"href":"https:\/\/ayaneo.co\/pl\/wp-json\/wp\/v2\/media\/4603"}],"wp:attachment":[{"href":"https:\/\/ayaneo.co\/pl\/wp-json\/wp\/v2\/media?parent=4602"}],"wp:term":[{"taxonomy":"product_brand","embeddable":true,"href":"https:\/\/ayaneo.co\/pl\/wp-json\/wp\/v2\/product_brand?post=4602"},{"taxonomy":"product_cat","embeddable":true,"href":"https:\/\/ayaneo.co\/pl\/wp-json\/wp\/v2\/product_cat?post=4602"},{"taxonomy":"product_tag","embeddable":true,"href":"https:\/\/ayaneo.co\/pl\/wp-json\/wp\/v2\/product_tag?post=4602"}],"curies":[{"name":"wp","href":"https:\/\/api.w.org\/{rel}","templated":true}]}}