{"id":4732,"date":"2024-08-02T09:33:01","date_gmt":"2024-08-02T09:33:01","guid":{"rendered":"https:\/\/ayaneo.co\/product\/ayaneo-pocket-s\/"},"modified":"2026-01-30T00:54:31","modified_gmt":"2026-01-30T00:54:31","slug":"ayaneo-pocket-s","status":"publish","type":"product","link":"https:\/\/ayaneo.co\/pl\/product\/ayaneo-pocket-s\/","title":{"rendered":"AYANEO Pocket S"},"content":{"rendered":"\n<h3 class=\"wp-block-heading\" id=\"h-ayaneo-pocket-s-the-ultimate-retro-gaming-handheld\"><strong>AYANEO Pocket S Najlepszy handheld do gier retro<\/strong><\/h3>\n\n<h3 class=\"wp-block-heading\" id=\"h-introduction\">Wprowadzenie<\/h3>\n\n<p>Konsola AYANEO Pocket S stanowi prze\u0142omowe osi\u0105gni\u0119cie dla fan\u00f3w gier retro w dynamicznym \u015bwiecie gier. To urz\u0105dzenie wykracza poza bycie zwyk\u0142\u0105 konsol\u0105 do gier; to celebracja ewolucji bran\u017cy, p\u0142ynnie \u0142\u0105cz\u0105ca nostalgi\u0119 z najnowocze\u015bniejsz\u0105 technologi\u0105. AYANEO Pocket S wyr\u00f3\u017cnia si\u0119 jako cud in\u017cynierii, oferuj\u0105c wyj\u0105tkow\u0105 przeno\u015bno\u015b\u0107, pot\u0119\u017cn\u0105 wydajno\u015b\u0107 i unikaln\u0105 konstrukcj\u0119, kt\u00f3ra odr\u00f3\u017cnia go od wszystkiego innego dost\u0119pnego na rynku. Jest przeznaczony dla graczy, kt\u00f3rzy ceni\u0105 klasyczne tytu\u0142y, ale pragn\u0105 nowoczesnych mo\u017cliwo\u015bci, zmieniaj\u0105c granice przeno\u015bnego grania.   <\/p>\n\n<h3 class=\"wp-block-heading\" id=\"h-product-overview\">Przegl\u0105d produkt\u00f3w<\/h3>\n\n<p>AYANEO Pocket S \u015bwieci jako symbol innowacji w przeno\u015bnych grach. Zasilany przez Snapdragon G3x Gen 2 Gaming Platform, zapewnia wysok\u0105 wydajno\u015b\u0107 przy niskim zu\u017cyciu energii. Jego imponuj\u0105cy lustrzany ekran dotykowy 6\u2033 1080P lub 1440P IPS bez ramki o\u017cywia ukochane klasyki z niezwyk\u0142\u0105 wyrazisto\u015bci\u0105.  <\/p>\n\n<p>Zaprojektowane z my\u015bl\u0105 o komforcie, urz\u0105dzenie zawiera joysticki z czujnikiem halla RGB, liniowe wyzwalacze halla i gumowe przyciski przewodz\u0105ce, zapewniaj\u0105ce p\u0142ynniejsz\u0105 i bardziej responsywn\u0105 rozgrywk\u0119. Ten handheld jest przeznaczony nie tylko do gier; jego wszechstronna konstrukcja sprawia, \u017ce idealnie nadaje si\u0119 do korzystania z multimedi\u00f3w w domu lub w podr\u00f3\u017cy, dzi\u0119ki przeno\u015bnej i wytrzyma\u0142ej konstrukcji. <\/p>\n\n<h3 class=\"wp-block-heading\" id=\"h-detailed-features\">Szczeg\u00f3\u0142owe funkcje<\/h3>\n\n<p><strong>Wydajno\u015b\u0107:<\/strong> Sercem AYANEO Pocket S jest 8-rdzeniowy procesor Kyro i procesor graficzny Adreno A32, zoptymalizowane pod k\u0105tem doskona\u0142ej wydajno\u015bci przy zachowaniu skromnych 15W TDP. Zapewnia to d\u0142u\u017csze sesje grania bez przegrzewania si\u0119 lub nadmiernego roz\u0142adowywania baterii. Sprz\u0119t jest precyzyjnie dostrojony do p\u0142ynnego uruchamiania klasycznych gier, dzi\u0119ki czemu ka\u017cda akcja jest tak responsywna, jak na oryginalnych konsolach.  <\/p>\n\n<p><strong>Pami\u0119\u0107 i pami\u0119\u0107 masowa:<\/strong> Dzi\u0119ki maksymalnie 16 GB pami\u0119ci RAM LPDDR5x, AYANEO Pocket S oferuje wystarczaj\u0105c\u0105 ilo\u015b\u0107 pami\u0119ci do wielozadaniowo\u015bci i p\u0142ynnego dzia\u0142ania we wszystkich grach i aplikacjach. Urz\u0105dzenie oferuje do 1 TB pami\u0119ci masowej UFS 4.0 (UFS 3.1 dla wersji 128 GB), umo\u017cliwiaj\u0105c graczom przenoszenie ogromnej biblioteki klasycznych tytu\u0142\u00f3w bez martwienia si\u0119 o czas \u0142adowania lub przestrze\u0144 dyskow\u0105. <\/p>\n\n<h3 class=\"wp-block-heading\" id=\"h-user-experience\">Do\u015bwiadczenie u\u017cytkownika<\/h3>\n\n<p>Dzia\u0142aj\u0105cy na niestandardowym systemie operacyjnym Android dostosowanym do gier, AYANEO Pocket S obs\u0142uguje szerok\u0105 gam\u0119 system\u00f3w z ery 8-bitowej i 16-bitowej, zapewniaj\u0105c kompatybilno\u015b\u0107 z tysi\u0105cami klasycznych gier. Opcje \u0142\u0105czno\u015bci Wi-Fi 7 i Bluetooth 5.3 u\u0142atwiaj\u0105 rozgrywk\u0119 wieloosobow\u0105, umo\u017cliwiaj\u0105c \u0142\u0105czenie si\u0119 ze znajomymi i innymi graczami na ca\u0142ym \u015bwiecie. Oprogramowanie AYA SPACE poprawia wra\u017cenia dzi\u0119ki intuicyjnemu interfejsowi do przegl\u0105dania gier i zarz\u0105dzania systemem.  <\/p>\n\n<h3 class=\"wp-block-heading\" id=\"h-conclusion\">Wnioski<\/h3>\n\n<p>AYANEO Pocket S to co\u015b wi\u0119cej ni\u017c tylko kolejny retro handheld do gier; to kompleksowy system rozrywki, kt\u00f3ry \u0142\u0105czy nostalgiczne gry z nowoczesn\u0105 technologi\u0105. Dzi\u0119ki solidnej wydajno\u015bci, innowacyjnej konstrukcji i naciskowi na wra\u017cenia u\u017cytkownika, urz\u0105dzenie to jest liderem na rynku gier przeno\u015bnych, zapraszaj\u0105c zar\u00f3wno do\u015bwiadczonych graczy, jak i nowicjuszy do odkrywania bogatej historii gier wideo w nowym \u015bwietle. <\/p>\n\n<p>Nie przegap szansy na posiadanie kawa\u0142ka historii gier w nowoczesnej ods\u0142onie. Z\u0142\u00f3\u017c zam\u00f3wienie w przedsprzeda\u017cy na AYANEO Pocket S ju\u017c dzi\u015b, aby by\u0107 jednym z pierwszych, kt\u00f3rzy poznaj\u0105 szczytowe osi\u0105gni\u0119cie w\u015br\u00f3d handheld\u00f3w do gier retro. Ze wzgl\u0119du na ograniczon\u0105 dost\u0119pno\u015b\u0107 jest to okazja, kt\u00f3rej nie mo\u017cna przegapi\u0107. Wejd\u017a w przysz\u0142o\u015b\u0107 rozrywki z AYANEO Pocket S .   <\/p>\n\n<figure class=\"wp-block-image\"><a href=\"https:\/\/droix.net\/wp-content\/uploads\/2024\/05\/AYANEO-POCKET-S-MARKETING-DONE-01.jpg\" target=\"_blank\" rel=\"noopener\"><img decoding=\"async\" src=\"https:\/\/droix.net\/wp-content\/uploads\/2024\/05\/AYANEO-POCKET-S-MARKETING-DONE-01.jpg\" alt=\"AYANEO Pocket S Marketing\" class=\"wp-image-178865\"\/><\/a><\/figure>\n\n<figure class=\"wp-block-image\"><a href=\"https:\/\/droix.net\/wp-content\/uploads\/2024\/05\/AYANEO-POCKET-S-MARKETING-DONE-02.jpg\" target=\"_blank\" rel=\"noopener\"><img decoding=\"async\" src=\"https:\/\/droix.net\/wp-content\/uploads\/2024\/05\/AYANEO-POCKET-S-MARKETING-DONE-02.jpg\" alt=\"AYANEO Pocket S Marketing\" class=\"wp-image-178866\"\/><\/a><\/figure>\n\n<figure class=\"wp-block-image\"><a href=\"https:\/\/droix.net\/wp-content\/uploads\/2024\/05\/AYANEO-POCKET-S-MARKETING-DONE-03.jpg\" target=\"_blank\" rel=\"noopener\"><img decoding=\"async\" src=\"https:\/\/droix.net\/wp-content\/uploads\/2024\/05\/AYANEO-POCKET-S-MARKETING-DONE-03.jpg\" alt=\"AYANEO Pocket S Marketing\" class=\"wp-image-178867\"\/><\/a><\/figure>\n\n<figure class=\"wp-block-image\"><a href=\"https:\/\/droix.net\/wp-content\/uploads\/2024\/05\/AYANEO-POCKET-S-MARKETING-DONE-04.jpg\" target=\"_blank\" rel=\"noopener\"><img decoding=\"async\" src=\"https:\/\/droix.net\/wp-content\/uploads\/2024\/05\/AYANEO-POCKET-S-MARKETING-DONE-04.jpg\" alt=\"AYANEO Pocket S Marketing\" class=\"wp-image-178868\"\/><\/a><\/figure>\n\n<figure class=\"wp-block-image\"><a href=\"https:\/\/droix.net\/wp-content\/uploads\/2024\/05\/AYANEO-POCKET-S-MARKETING-DONE-05.jpg\" target=\"_blank\" rel=\"noopener\"><img decoding=\"async\" src=\"https:\/\/droix.net\/wp-content\/uploads\/2024\/05\/AYANEO-POCKET-S-MARKETING-DONE-05.jpg\" alt=\"AYANEO Pocket S Marketing\" class=\"wp-image-178869\"\/><\/a><\/figure>\n\n<figure class=\"wp-block-image\"><a href=\"https:\/\/droix.net\/wp-content\/uploads\/2024\/05\/AYANEO-POCKET-S-MARKETING-DONE-06.jpg\" target=\"_blank\" rel=\"noopener\"><img decoding=\"async\" src=\"https:\/\/droix.net\/wp-content\/uploads\/2024\/05\/AYANEO-POCKET-S-MARKETING-DONE-06.jpg\" alt=\"AYANEO Pocket S Marketing\" class=\"wp-image-178870\"\/><\/a><\/figure>\n\n<figure class=\"wp-block-image\"><a href=\"https:\/\/droix.net\/wp-content\/uploads\/2024\/05\/AYANEO-POCKET-S-MARKETING-DONE-07.jpg\" target=\"_blank\" rel=\"noopener\"><img decoding=\"async\" src=\"https:\/\/droix.net\/wp-content\/uploads\/2024\/05\/AYANEO-POCKET-S-MARKETING-DONE-07.jpg\" alt=\"AYANEO Pocket S Marketing\" class=\"wp-image-178871\"\/><\/a><\/figure>\n\n<figure class=\"wp-block-image\"><a href=\"https:\/\/droix.net\/wp-content\/uploads\/2024\/05\/AYANEO-POCKET-S-MARKETING-DONE-08.jpg\" target=\"_blank\" rel=\"noopener\"><img decoding=\"async\" src=\"https:\/\/droix.net\/wp-content\/uploads\/2024\/05\/AYANEO-POCKET-S-MARKETING-DONE-08.jpg\" alt=\"AYANEO Pocket S Marketing\" class=\"wp-image-178872\"\/><\/a><\/figure>\n\n<figure class=\"wp-block-image\"><a href=\"https:\/\/droix.net\/wp-content\/uploads\/2024\/05\/AYANEO-POCKET-S-MARKETING-DONE-09.jpg\" target=\"_blank\" rel=\"noopener\"><img decoding=\"async\" src=\"https:\/\/droix.net\/wp-content\/uploads\/2024\/05\/AYANEO-POCKET-S-MARKETING-DONE-09.jpg\" alt=\"AYANEO Pocket S Marketing\" class=\"wp-image-178873\"\/><\/a><\/figure>\n\n<figure class=\"wp-block-image\"><a href=\"https:\/\/droix.net\/wp-content\/uploads\/2024\/05\/AYANEO-POCKET-S-MARKETING-DONE-10.jpg\" target=\"_blank\" rel=\"noopener\"><img decoding=\"async\" src=\"https:\/\/droix.net\/wp-content\/uploads\/2024\/05\/AYANEO-POCKET-S-MARKETING-DONE-10.jpg\" alt=\"AYANEO Pocket S Marketing\" class=\"wp-image-178874\"\/><\/a><\/figure>\n\n<figure class=\"wp-block-image\"><a href=\"https:\/\/droix.net\/wp-content\/uploads\/2024\/05\/AYANEO-POCKET-S-MARKETING-DONE-11.jpg\" target=\"_blank\" rel=\"noopener\"><img decoding=\"async\" src=\"https:\/\/droix.net\/wp-content\/uploads\/2024\/05\/AYANEO-POCKET-S-MARKETING-DONE-11.jpg\" alt=\"AYANEO Pocket S Marketing\" class=\"wp-image-178875\"\/><\/a><\/figure>\n\n<figure class=\"wp-block-image\"><a href=\"https:\/\/droix.net\/wp-content\/uploads\/2024\/05\/AYANEO-POCKET-S-MARKETING-DONE-12.jpg\" target=\"_blank\" rel=\"noopener\"><img decoding=\"async\" src=\"https:\/\/droix.net\/wp-content\/uploads\/2024\/05\/AYANEO-POCKET-S-MARKETING-DONE-12.jpg\" alt=\"AYANEO Pocket S Marketing\" class=\"wp-image-178876\"\/><\/a><\/figure>\n","protected":false},"excerpt":{"rendered":"<ul>\n<li>Procesor: Qualcomm<strong> G3x Gen 2<\/strong><\/li>\n<li>Wy\u015bwietlacz: 1440P\/1080P 6&#8243;<strong> IPS Bezramkowy<\/strong> ekran dotykowy<\/li>\n<li>Pami\u0119\u0107 RAM: do<strong> 16 GB<\/strong> LPDDR5X @ <strong>8533 MT\/s<\/strong><\/li>\n<li>Pami\u0119\u0107 masowa: Do<strong> 1 TB<\/strong> UFS 4.0<\/li>\n<li>\u0141\u0105czno\u015b\u0107: Wi-Fi<strong> 7<\/strong> i Bluetooth <strong> 5.3<\/strong><\/li>\n<\/ul>\n<p><img fetchpriority=\"high\" decoding=\"async\" src=\"https:\/\/ayaneo.co\/wp-content\/uploads\/2024\/08\/AYANEO-POCKET-S-FREE-GIFTS.jpg\" alt=\"Baner z darmowymi prezentami - AYANEO Etui\/uchwyt, nak\u0142adki na joystick, os\u0142ona ekranu\" width=\"2000\" height=\"500\" class=\"alignnone size-full wp-image-847\" srcset=\"https:\/\/ayaneo.co\/wp-content\/uploads\/2024\/08\/AYANEO-POCKET-S-FREE-GIFTS.jpg 2000w, https:\/\/ayaneo.co\/wp-content\/uploads\/2024\/08\/AYANEO-POCKET-S-FREE-GIFTS-150x38.jpg 150w, https:\/\/ayaneo.co\/wp-content\/uploads\/2024\/08\/AYANEO-POCKET-S-FREE-GIFTS-600x150.jpg 600w, https:\/\/ayaneo.co\/wp-content\/uploads\/2024\/08\/AYANEO-POCKET-S-FREE-GIFTS-300x75.jpg 300w, https:\/\/ayaneo.co\/wp-content\/uploads\/2024\/08\/AYANEO-POCKET-S-FREE-GIFTS-1024x256.jpg 1024w, https:\/\/ayaneo.co\/wp-content\/uploads\/2024\/08\/AYANEO-POCKET-S-FREE-GIFTS-768x192.jpg 768w, https:\/\/ayaneo.co\/wp-content\/uploads\/2024\/08\/AYANEO-POCKET-S-FREE-GIFTS-1536x384.jpg 1536w, https:\/\/ayaneo.co\/wp-content\/uploads\/2024\/08\/AYANEO-POCKET-S-FREE-GIFTS-990x248.jpg 990w, https:\/\/ayaneo.co\/wp-content\/uploads\/2024\/08\/AYANEO-POCKET-S-FREE-GIFTS-441x110.jpg 441w\" sizes=\"(max-width: 2000px) 100vw, 2000px\" \/><\/p>\n[cg_accordion title=\"INFORMACJE O P\u0141ATNO\u015aCIACH\"]<\/p>\n<p>Korzystamy z najnowszej technologii przetwarzania p\u0142atno\u015bci, kt\u00f3ra umo\u017cliwia dokonywanie p\u0142atno\u015bci za po\u015brednictwem Apple Pay, Google Pay, karty debetowej\/kredytowej, PayPal lub metod BNPL, takich jak Klarna, Affirm lub AfterPay, zapewniaj\u0105c szybkie i bezpieczne do\u015bwiadczenie.[\/cg_accordion]\n[cg_accordion title=\"GWARANCJA\"]<\/p>\n<p>1-letnia gwarancja od <a href=\"https:\/\/droix.net\/\" target=\"_blank\" rel=\"nofollow noopener\">DROIX<\/a> Global dla Twojego spokoju ducha[\/cg_accordion]\n[cg_accordion title=\"CENY, PODATKI I WYSY\u0141KA\"]<\/p>\n<p><strong><u>Uwaga:<\/u><\/strong><\/p>\n<ul>\n<li>Klienci ze Stan\u00f3w Zjednoczonych: Wy\u015bwietlana cena NIE ZAWIERA PODATKU ani c\u0142a. Odpowiedzialno\u015b\u0107 za odpraw\u0119 celn\u0105 i zap\u0142at\u0119 wszelkich powi\u0105zanych podatk\u00f3w \/ ce\u0142 spoczywa na kliencie. <\/li>\n<li>Klienci z UE: Wy\u015bwietlana cena zawiera obowi\u0105zuj\u0105cy PODATEK, kt\u00f3ry mo\u017ce wynosi\u0107 do 25% w zale\u017cno\u015bci od kraju.<\/li>\n<li>Klienci z Kanady: Wy\u015bwietlana cena zawiera obowi\u0105zuj\u0105ce podatki, kt\u00f3re mog\u0105 obejmowa\u0107 5% GST i dodatkowe prowincjonalne podatki od sprzeda\u017cy (PST), zharmonizowany podatek od sprzeda\u017cy (HST) lub podatek od sprzeda\u017cy w Quebecu (QST), w zale\u017cno\u015bci od prowincji.<\/li>\n<\/ul>\n<p><strong>TYLKO dla klient\u00f3w z UE:<\/strong> Express DDP (Delivered Duty Paid). Oznacza to: <\/p>\n<ul>\n<li>Wszystkie op\u0142aty celne i podatki s\u0105 wliczone w cen\u0119 wy\u015bwietlan\u0105 na stronie produktu.<\/li>\n<li>Przy dostawie nie trzeba b\u0119dzie uiszcza\u0107 \u017cadnych dodatkowych op\u0142at.<\/li>\n<li>W rzadkich przypadkach zwi\u0105zanych z kwestiami celnymi nasz zesp\u00f3\u0142 zajmie si\u0119 procesem odprawy celnej w Twoim imieniu, aby zapewni\u0107 sprawn\u0105 dostaw\u0119.<\/li>\n<p>Wa\u017cne informacje dotycz\u0105ce zwrot\u00f3w:<\/p>\n<li>Je\u015bli zdecydujesz si\u0119 zwr\u00f3ci\u0107 zam\u00f3wienie lub za\u017c\u0105da\u0107 zwrotu pieni\u0119dzy, pami\u0119taj, \u017ce podatki i c\u0142a zap\u0142acone w Twoim imieniu zgodnie z warunkami DDP nie mog\u0105 zosta\u0107 zwr\u00f3cone.<\/li>\n<p>Szczeg\u00f3\u0142owe informacje mo\u017cna znale\u017a\u0107 w naszym <a href=\"https:\/\/ayaneo.co\/pl\/warunki-swiadczenia-uslug\/\" target=\"_blank\" rel=\"nofollow noopener\">Regulaminie<\/a>.\n<\/ul>\n<p>[\/cg_accordion]\n[cg_accordion title=\"OBS\u0141UGA KLIENTA\"]<\/p>\n<p>Masz pytanie? Wystarczy kr\u00f3tka wiadomo\u015b\u0107 tekstowa, aby rozwi\u0105za\u0107 Tw\u00f3j problem!<br \/>\n[\/cg_accordion]\n[cg_accordion title=\"Pakiet zawiera\"]<\/p>\n<ul>\n<li>1x AYANEO Pocket S<\/li>\n<li>1x Kabel USB typu C<\/li>\n<li>1x Instrukcja obs\u0142ugi<\/li>\n<li>1x AYANEO Pocket S Etui<\/li>\n<li>1x za\u015blepki JoyStick<\/li>\n<li>1x Ochraniacz ekranu<\/li>\n<\/ul>\n<p>[\/cg_accordion]\n","protected":false},"featured_media":30412,"template":"","meta":{"_acf_changed":false},"product_brand":[],"product_cat":[584],"product_tag":[],"class_list":{"0":"post-4732","1":"product","2":"type-product","3":"status-publish","4":"has-post-thumbnail","6":"product_cat-android-gaming-handheld-pl","7":"product_shipping_class-premium","8":"pa_brand-ayaneo","9":"pa_graphics-gpu-model-adreno-a32","10":"pa_operating-system-android-13","11":"pa_processor-cpu-brand-qualcomm","13":"first","14":"instock","15":"sale","16":"taxable","17":"shipping-taxable","18":"purchasable","19":"product-type-variable","20":"has-default-attributes"},"acf":[],"_links":{"self":[{"href":"https:\/\/ayaneo.co\/pl\/wp-json\/wp\/v2\/product\/4732","targetHints":{"allow":["GET"]}}],"collection":[{"href":"https:\/\/ayaneo.co\/pl\/wp-json\/wp\/v2\/product"}],"about":[{"href":"https:\/\/ayaneo.co\/pl\/wp-json\/wp\/v2\/types\/product"}],"wp:featuredmedia":[{"embeddable":true,"href":"https:\/\/ayaneo.co\/pl\/wp-json\/wp\/v2\/media\/30412"}],"wp:attachment":[{"href":"https:\/\/ayaneo.co\/pl\/wp-json\/wp\/v2\/media?parent=4732"}],"wp:term":[{"taxonomy":"product_brand","embeddable":true,"href":"https:\/\/ayaneo.co\/pl\/wp-json\/wp\/v2\/product_brand?post=4732"},{"taxonomy":"product_cat","embeddable":true,"href":"https:\/\/ayaneo.co\/pl\/wp-json\/wp\/v2\/product_cat?post=4732"},{"taxonomy":"product_tag","embeddable":true,"href":"https:\/\/ayaneo.co\/pl\/wp-json\/wp\/v2\/product_tag?post=4732"}],"curies":[{"name":"wp","href":"https:\/\/api.w.org\/{rel}","templated":true}]}}