{"id":47495,"date":"2026-03-23T10:44:43","date_gmt":"2026-03-23T10:44:43","guid":{"rendered":"https:\/\/ayaneo.co\/product\/kabel-usb5-80-gb-s-240-w-kompatybilny-z-thunderbolt-5-8k-60-hz\/"},"modified":"2026-04-24T10:27:00","modified_gmt":"2026-04-24T10:27:00","slug":"kabel-usb5-80-gb-s-240-w-kompatybilny-z-thunderbolt-5-8k-60-hz","status":"publish","type":"product","link":"https:\/\/ayaneo.co\/pl\/product\/kabel-usb5-80-gb-s-240-w-kompatybilny-z-thunderbolt-5-8k-60-hz\/","title":{"rendered":"Kabel USB5 80 Gb\/s 240 W | Kompatybilny z Thunderbolt 5 8K 60 Hz"},"content":{"rendered":"\n<h2 class=\"wp-block-heading\">Kabel USB5 80 Gb\/s 240 W: najlepsze rozwi\u0105zanie Thunderbolt 5 dla profesjonalnych proces\u00f3w roboczych<\/h2>\n\n<p id=\"p-rc_98f34dcd8f33ef71-24\"><strong>Kabel USB5 80Gbps 240W<\/strong> stanowi ogromny skok w technologii \u0142\u0105czno\u015bci dla zaawansowanych u\u017cytkownik\u00f3w. Poniewa\u017c nowoczesny sprz\u0119t wymaga bezprecedensowych pr\u0119dko\u015bci, kabel ten zosta\u0142 zaprojektowany tak, aby spe\u0142nia\u0142 najnowsze standardy Thunderbolt 5 i USB4 2.0. Zapewnia ogromn\u0105 dwukierunkow\u0105 przepustowo\u015b\u0107 80 Gb\/s, kt\u00f3ra skutecznie podwaja wydajno\u015b\u0107 poprzednich generacji.  <sup><\/sup>  W rezultacie mo\u017cna teraz przesy\u0142a\u0107 ogromne pliki wideo 8K lub biblioteki projekt\u00f3w w u\u0142amku czasu wymaganego wcze\u015bniej.<\/p>\n\n<h2 class=\"wp-block-heading\">W jaki spos\u00f3b kabel USB5 80 Gb\/s 240 W optymalizuje konfiguracj\u0119 wy\u015bwietlacza?<\/h2>\n\n<p id=\"p-rc_98f34dcd8f33ef71-25\">Profesjonali\u015bci z bran\u017cy wizualnej przekonaj\u0105 si\u0119, \u017ce <strong>kabel USB5 80Gbps 240W<\/strong> jest niezb\u0119dnym narz\u0119dziem do wielozadaniowej pracy w wysokiej rozdzielczo\u015bci. Kabel ten obs\u0142uguje zaawansowany protok\u00f3\u0142 DisplayPort 2.1, pozwalaj\u0105c na pojedyncze wyj\u015bcie 8K 60Hz lub nawet konfiguracje z dwoma wyj\u015bciami 8K. <sup><\/sup>  Co wi\u0119cej, innowacyjna technologia &#8222;Bandwidth Boost\" umo\u017cliwia rekonfiguracj\u0119 \u015bcie\u017cek danych.<sup><\/sup>  Dzi\u0119ki temu kabel mo\u017ce zapewni\u0107 do 120 Gb\/s dla zada\u0144 wymagaj\u0105cych wy\u015bwietlania, zachowuj\u0105c jednocze\u015bnie solidne 40 Gb\/s dla powrotu danych.<sup><\/sup><\/p>\n\n<p>Dzi\u0119ki tej elastyczno\u015bci profesjonalny przep\u0142yw pracy jest znacznie usprawniony. Podczas gdy monitor o wysokiej cz\u0119stotliwo\u015bci od\u015bwie\u017cania jest nap\u0119dzany, <strong>kabel USB5 80 Gb \/ s 240 W<\/strong> zapewnia, \u017ce zewn\u0119trzna pami\u0119\u0107 masowa pozostaje responsywna. Dzi\u0119ki w\u0142\u0105czeniu kodowania sygna\u0142u PAM3, integralno\u015b\u0107 danych jest utrzymywana nawet przy tych osza\u0142amiaj\u0105cych pr\u0119dko\u015bciach. Dlatego migocz\u0105ce ekrany i uszkodzenie danych staj\u0105 si\u0119 problemem przesz\u0142o\u015bci.   <\/p>\n\n<h2 class=\"wp-block-heading\">Bezkonkurencyjna moc 240 W i jako\u015b\u0107 wykonania<\/h2>\n\n<p id=\"p-rc_98f34dcd8f33ef71-26\">Mo\u017cliwo\u015bci \u0142adowania zosta\u0142y radykalnie ulepszone dzi\u0119ki temu nowemu standardowi. <strong>Kabel USB5 80Gbps 240W<\/strong> obs\u0142uguje najnowsze specyfikacje PD 3.1 Extended Power Range (EPR).<sup><\/sup> Oznacza to, \u017ce do 240W mocy jest bezpiecznie przesy\u0142ane przez kabel do urz\u0105dzenia. W rezultacie nawet najbardziej energoch\u0142onne laptopy do gier mog\u0105 by\u0107 \u0142adowane z pe\u0142n\u0105 pr\u0119dko\u015bci\u0105 bez konieczno\u015bci stosowania zastrze\u017conego z\u0142\u0105cza &#8222;ceg\u0142y\".  <\/p>\n\n<p id=\"p-rc_98f34dcd8f33ef71-27\">Wytrzyma\u0142o\u015b\u0107 by\u0142a priorytetem podczas projektowania <strong>kabla USB5 Cable 80Gbps 240W<\/strong>. Wewn\u0119trzne okablowanie jest chronione przez pleciony ekran ze stopu o wysokiej g\u0119sto\u015bci, aby zminimalizowa\u0107 zak\u0142\u00f3cenia elektromagnetyczne. <sup><\/sup>  Dodatkowo, zewn\u0119trzny p\u0142aszcz jest wykonany z elastycznego TPE, kt\u00f3ry zosta\u0142 przetestowany pod k\u0105tem wytrzyma\u0142o\u015bci na ponad 2000 cykli zginania.<sup><\/sup>  Poniewa\u017c z\u0142\u0105cza s\u0105 niklowane, s\u0105 one przystosowane do ponad 10 000 pod\u0142\u0105cze\u0144, zapewniaj\u0105c niezawodne po\u0142\u0105czenie przez wiele lat.<\/p>\n\n<h2 class=\"wp-block-heading\">Zabezpiecz sw\u00f3j sprz\u0119t na przysz\u0142o\u015b\u0107 dzi\u0119ki kablowi USB5 80 Gb\/s 240 W<\/h2>\n\n<p id=\"p-rc_98f34dcd8f33ef71-28\">Kompatybilno\u015b\u0107 nigdy nie jest problemem w przypadku tego wszechstronnego akcesorium. Pomimo tego, \u017ce zosta\u0142 stworzony z my\u015bl\u0105 o przysz\u0142o\u015bci, <strong>kabel USB5 80Gbps 240W<\/strong> jest w pe\u0142ni kompatybilny wstecz z urz\u0105dzeniami <a href=\"https:\/\/www.intel.com\/content\/www\/us\/en\/gaming\/resources\/upgrade-gaming-accessories-thunderbolt-4.html\" target=\"_blank\" rel=\"noopener nofollow\" title=\"\">Thunderbolt 4<\/a> i<a href=\"https:\/\/www.thunderbolttechnology.net\/blog\/thunderbolt-3-usb-c-does-it-all\" target=\"_blank\" rel=\"noopener nofollow\" title=\"\"> Thunderbolt 3<\/a>. Dzia\u0142a r\u00f3wnie\u017c doskonale z portami USB4, USB 3.2 i standardowym USB-C. Niezale\u017cnie od tego, czy pod\u0142\u0105czasz najnowocze\u015bniejszy eGPU przez PCIe 4.0, czy po prostu synchronizujesz telefon kom\u00f3rkowy, wydajno\u015b\u0107 jest zawsze zoptymalizowana.   <\/p>\n\n<p>Nie pozw\u00f3l, aby gorszej jako\u015bci okablowanie ogranicza\u0142o tw\u00f3j wysokiej klasy sprz\u0119t i spowalnia\u0142o proces tw\u00f3rczy. Ju\u017c dzi\u015b powiniene\u015b zaopatrzy\u0107 si\u0119 w <strong>kabel USB5 80Gbps 240W<\/strong>, aby zagwarantowa\u0107 sobie przewag\u0119 nad konkurencj\u0105. Zapasy tej technologii nowej generacji szybko rosn\u0105, wi\u0119c dzia\u0142aj ju\u017c teraz, aby upewni\u0107 si\u0119, \u017ce Twoja stacja robocza jest gotowa na rewolucj\u0119 80 Gb \/ s. Do\u015bwiadcz szczytu szybko\u015bci i mocy, zamawiaj\u0105c w naszym sklepie ju\u017c dzi\u015b!   <\/p>\n\n<p><\/p>\n","protected":false},"excerpt":{"rendered":"<ul>\n<li><strong>80 Gb\/s Pro Data<\/strong> - niesamowicie szybkie dwukierunkowe transfery dla du\u017cych plik\u00f3w.<\/li>\n<li><strong>\u0141adowanie EPR 240 W<\/strong> - pe\u0142na obs\u0142uga PD 3.1 dla laptop\u00f3w o wysokiej wydajno\u015bci.<\/li>\n<li><strong>Obraz 8K przy 60 Hz<\/strong> - Wci\u0105gaj\u0105cy obraz 8K lub podw\u00f3jne wy\u015bwietlanie 4K przez DisplayPort 2.1.<\/li>\n<li><strong>E-Mark Safety IC<\/strong> - Inteligentny chipset zapewnia stabilne zasilanie z regulacj\u0105 temperatury.<\/li>\n<li><strong>Konstrukcja ze stopu cynku i plecionki<\/strong> - wzmocniona konstrukcja zapewnia maksymaln\u0105 trwa\u0142o\u015b\u0107.<\/li>\n<\/ul>\n[cg_accordion title=\"INFORMACJE O P\u0141ATNO\u015aCIACH\"]<\/p>\n<p>Korzystamy z najnowszej technologii przetwarzania p\u0142atno\u015bci, kt\u00f3ra umo\u017cliwia dokonywanie p\u0142atno\u015bci za po\u015brednictwem Apple Pay, Google Pay, karty debetowej\/kredytowej, PayPal lub metod BNPL, takich jak Klarna, Affirm lub AfterPay, zapewniaj\u0105c szybkie i bezpieczne do\u015bwiadczenie.[\/cg_accordion]\n[cg_accordion title=\"GWARANCJA\"]<\/p>\n<p>1-letnia gwarancja od <a href=\"https:\/\/droix.net\/\" target=\"_blank\" rel=\"nofollow noopener\">DROIX<\/a> Global dla Twojego spokoju ducha[\/cg_accordion]\n[cg_accordion title=\"ZAPEWNIENIE JAKO\u015aCI I TESTY PRZED WYSY\u0141K\u0104\"]<\/p>\n<p>Zapewnienie satysfakcji klienta na najwy\u017cszym poziomie: Ka\u017cde urz\u0105dzenie przechodzi rygorystyczne testy i wielopunktow\u0105 kontrol\u0119 jako\u015bci przed wysy\u0142k\u0105. Nasz dedykowany zesp\u00f3\u0142 weryfikuje wydajno\u015b\u0107, funkcjonalno\u015b\u0107 i integralno\u015b\u0107 komponent\u00f3w, aby zagwarantowa\u0107, \u017ce urz\u0105dzenie AYANEO b\u0119dzie w idealnym stanie w momencie dostawy, zapewniaj\u0105c pewno\u015b\u0107 i spok\u00f3j ducha. [\/cg_accordion]\n[cg_accordion title=\"CENY, PODATKI I WYSY\u0141KA\"]<\/p>\n<p><strong><u>Uwaga:<\/u><\/strong><\/p>\n<ul>\n<li>Klienci ze Stan\u00f3w Zjednoczonych: Wy\u015bwietlana cena NIE ZAWIERA PODATKU ani c\u0142a. Odpowiedzialno\u015b\u0107 za odpraw\u0119 celn\u0105 i zap\u0142at\u0119 wszelkich powi\u0105zanych podatk\u00f3w \/ ce\u0142 spoczywa na kliencie. <\/li>\n<li>Klienci z UE: Wy\u015bwietlana cena zawiera obowi\u0105zuj\u0105cy PODATEK, kt\u00f3ry mo\u017ce wynosi\u0107 do 25% w zale\u017cno\u015bci od kraju.<\/li>\n<li>Klienci z Kanady: Wy\u015bwietlana cena zawiera obowi\u0105zuj\u0105ce podatki, kt\u00f3re mog\u0105 obejmowa\u0107 5% GST i dodatkowe prowincjonalne podatki od sprzeda\u017cy (PST), zharmonizowany podatek od sprzeda\u017cy (HST) lub podatek od sprzeda\u017cy w Quebecu (QST), w zale\u017cno\u015bci od prowincji.<\/li>\n<\/ul>\n<p>Dla klient\u00f3w z USA: Zam\u00f3wienia s\u0105 wysy\u0142ane w systemie DAP (Delivered At Place). Chocia\u017c klienci s\u0105 odpowiedzialni za uiszczenie wszelkich obowi\u0105zuj\u0105cych taryf, korzystamy z naszego bogatego do\u015bwiadczenia w wysy\u0142ce z Wielkiej Brytanii, aby zapewni\u0107 jak najmniejsze op\u0142aty. Z naszych danych wynika, \u017ce op\u0142aty te zazwyczaj nie przekraczaj\u0105 10% warto\u015bci przedmiotu.  <\/p>\n<p><strong>TYLKO dla klient\u00f3w z UE:<\/strong> Express DDP (Delivered Duty Paid). Oznacza to: <\/p>\n<ul>\n<li>Wszystkie op\u0142aty celne i podatki s\u0105 wliczone w cen\u0119 wy\u015bwietlan\u0105 na stronie produktu.<\/li>\n<li>Przy dostawie nie trzeba b\u0119dzie uiszcza\u0107 \u017cadnych dodatkowych op\u0142at.<\/li>\n<li>W rzadkich przypadkach zwi\u0105zanych z kwestiami celnymi nasz zesp\u00f3\u0142 zajmie si\u0119 procesem odprawy celnej w Twoim imieniu, aby zapewni\u0107 sprawn\u0105 dostaw\u0119.<\/li>\n<p>Wa\u017cne informacje dotycz\u0105ce zwrot\u00f3w:<\/p>\n<li>Je\u015bli zdecydujesz si\u0119 zwr\u00f3ci\u0107 zam\u00f3wienie lub za\u017c\u0105da\u0107 zwrotu pieni\u0119dzy, pami\u0119taj, \u017ce podatki i c\u0142a zap\u0142acone w Twoim imieniu zgodnie z warunkami DDP nie mog\u0105 zosta\u0107 zwr\u00f3cone.<\/li>\n<p>Szczeg\u00f3\u0142owe informacje mo\u017cna znale\u017a\u0107 w naszym <a href=\"https:\/\/ayaneo.co\/pl\/warunki-swiadczenia-uslug\/\" target=\"_blank\" rel=\"nofollow noopener\">Regulaminie<\/a>.\n<\/ul>\n<p>[\/cg_accordion]\n[cg_accordion title=\"OBS\u0141UGA KLIENTA\"]<\/p>\n<p>Masz pytanie? Wystarczy kr\u00f3tka wiadomo\u015b\u0107 tekstowa, aby rozwi\u0105za\u0107 Tw\u00f3j problem! [\/cg_accordion]\n[cg_accordion title=\"PAKIET ZAWIERA\"]<\/p>\n<ul>\n<li>1x Kabel USB5 typu C | 80 Gb\/s 240 W (1 m)<\/li>\n<\/ul>\n<p>[\/cg_accordion]\n","protected":false},"featured_media":45910,"template":"","meta":{"_acf_changed":false},"product_brand":[],"product_cat":[555],"product_tag":[],"class_list":{"0":"post-47495","1":"product","2":"type-product","3":"status-publish","4":"has-post-thumbnail","6":"product_cat-akcesoria","7":"product_shipping_class-low-end","9":"first","10":"instock","11":"sale","12":"taxable","13":"shipping-taxable","14":"purchasable","15":"product-type-simple"},"acf":[],"_links":{"self":[{"href":"https:\/\/ayaneo.co\/pl\/wp-json\/wp\/v2\/product\/47495","targetHints":{"allow":["GET"]}}],"collection":[{"href":"https:\/\/ayaneo.co\/pl\/wp-json\/wp\/v2\/product"}],"about":[{"href":"https:\/\/ayaneo.co\/pl\/wp-json\/wp\/v2\/types\/product"}],"wp:featuredmedia":[{"embeddable":true,"href":"https:\/\/ayaneo.co\/pl\/wp-json\/wp\/v2\/media\/45910"}],"wp:attachment":[{"href":"https:\/\/ayaneo.co\/pl\/wp-json\/wp\/v2\/media?parent=47495"}],"wp:term":[{"taxonomy":"product_brand","embeddable":true,"href":"https:\/\/ayaneo.co\/pl\/wp-json\/wp\/v2\/product_brand?post=47495"},{"taxonomy":"product_cat","embeddable":true,"href":"https:\/\/ayaneo.co\/pl\/wp-json\/wp\/v2\/product_cat?post=47495"},{"taxonomy":"product_tag","embeddable":true,"href":"https:\/\/ayaneo.co\/pl\/wp-json\/wp\/v2\/product_tag?post=47495"}],"curies":[{"name":"wp","href":"https:\/\/api.w.org\/{rel}","templated":true}]}}