{"id":47529,"date":"2026-03-06T12:40:46","date_gmt":"2026-03-06T12:40:46","guid":{"rendered":"https:\/\/ayaneo.co\/product\/wysokiej-jakosci-przejsciowka-4k-60hz-z-usb-typu-c-na-hdmi\/"},"modified":"2026-04-25T23:13:41","modified_gmt":"2026-04-25T23:13:41","slug":"wysokiej-jakosci-przejsciowka-4k-60hz-z-usb-typu-c-na-hdmi","status":"publish","type":"product","link":"https:\/\/ayaneo.co\/pl\/product\/wysokiej-jakosci-przejsciowka-4k-60hz-z-usb-typu-c-na-hdmi\/","title":{"rendered":"Wysokiej jako\u015bci przej\u015bci\u00f3wka 4K 60Hz z USB typu C na HDMI"},"content":{"rendered":"\n<h2 class=\"wp-block-heading\">Najlepsze rozwi\u0105zanie wysokiej rozdzielczo\u015bci<\/h2>\n\n<p>Do\u015bwiadcz bezproblemowej \u0142\u0105czno\u015bci z kablem przej\u015bciowym 4K 60Hz USB typu C na HDMI, wysokiej jako\u015bci rozwi\u0105zaniem zaprojektowanym z my\u015bl\u0105 o krystalicznie czystym obrazie. Ten wysokowydajny kabel umo\u017cliwia pod\u0142\u0105czenie nowoczesnych urz\u0105dze\u0144 USB-C bezpo\u015brednio do wy\u015bwietlaczy obs\u0142uguj\u0105cych HDMI bez konieczno\u015bci stosowania dodatkowych sterownik\u00f3w. Niezale\u017cnie od tego, czy korzystasz ze smartfona, tabletu czy laptopa, ten adapter zapewnia prost\u0105 i wygodn\u0105 obs\u0142ug\u0119 plug-and-play.  <\/p>\n\n<h2 class=\"wp-block-heading\">Dlaczego warto wybra\u0107 przej\u015bci\u00f3wk\u0119 4K 60Hz z USB typu C na HDMI?<\/h2>\n\n<p>G\u0142\u00f3wn\u0105 zalet\u0105 tego przewodu USB-C-HDMI jest obs\u0142uga standard\u00f3w HDMI 2.0. Poniewa\u017c obs\u0142uguje on rozdzielczo\u015b\u0107 4K przy cz\u0119stotliwo\u015bci od\u015bwie\u017cania 60 Hz, u\u017cytkownicy mog\u0105 cieszy\u0107 si\u0119 niewiarygodnie p\u0142ynnym ruchem i ostrym obrazem. Podczas gdy standardowe adaptery cz\u0119sto ograniczaj\u0105 si\u0119 do 30 Hz, ten kabel 4K 60 Hz zapewnia p\u0142ynn\u0105 wydajno\u015b\u0107 wymagan\u0105 do gier i profesjonalnej edycji wideo. Co wi\u0119cej, elegancka aluminiowa obudowa zapewnia doskona\u0142e odprowadzanie ciep\u0142a, aby utrzyma\u0107 stabilne po\u0142\u0105czenie podczas d\u0142ugich sesji.   <\/p>\n\n<h2 class=\"wp-block-heading\">Zaawansowane specyfikacje techniczne i kompatybilno\u015b\u0107 z Thunderbolt<\/h2>\n\n<p>Je\u015bli chodzi o jego mo\u017cliwo\u015bci techniczne, kabel przej\u015bciowy 4K 60Hz USB typu C na HDMI zosta\u0142 zaprojektowany z wysokiej jako\u015bci interfejsem <a href=\"https:\/\/en.wikipedia.org\/wiki\/HDMI\" target=\"_blank\" rel=\"noopener nofollow\" title=\"\">HDMI 2.0<\/a> i solidnym m\u0119skim z\u0142\u0105czem typu C. Ten kabel 4K 60hz jest w pe\u0142ni kompatybilny z portami Thunderbolt 4 i Thunderbolt 3, zapewniaj\u0105c bezproblemow\u0105 wsp\u00f3\u0142prac\u0119 z najnowszymi MacBookami Pro i wysokiej klasy laptopami z systemem Windows. Dzi\u0119ki obs\u0142udze trybu DP Alt, kabel zapewnia bezpo\u015bredni sygna\u0142 wideo bez konieczno\u015bci stosowania adaptera wieloportowego usb c do hdmi.  <\/p>\n\n<p>Co wi\u0119cej, zgodno\u015b\u0107 ze standardem HDCP 2.2 oznacza mo\u017cliwo\u015b\u0107 strumieniowego przesy\u0142ania zaszyfrowanych tre\u015bci 4K z serwis\u00f3w takich jak Netflix czy Disney+ bez \u017cadnych zak\u0142\u00f3ce\u0144. Kabel przej\u015bciowy 4K 60Hz USB typu C na HDMI obs\u0142uguje r\u00f3wnie\u017c HDR10, zapewniaj\u0105c lepsz\u0105 g\u0142\u0119bi\u0119 kolor\u00f3w i kontrast. Jego fizyczna konstrukcja obejmuje zewn\u0119trzn\u0105 \u015brednic\u0119 50 mm dla zwi\u0119kszenia trwa\u0142o\u015bci, a aluminiowa obudowa pomaga w regulacji ciep\u0142a podczas intensywnych sesji.  <\/p>\n\n<h2 class=\"wp-block-heading\">Szeroka kompatybilno\u015b\u0107 urz\u0105dze\u0144 i wymagania dotycz\u0105ce \u0142\u0105czno\u015bci<\/h2>\n\n<p>Zaprojektowany z my\u015bl\u0105 o wszechstronno\u015bci, kabel przej\u015bciowy 4K 60Hz USB typu C na HDMI wsp\u00f3\u0142pracuje z szerok\u0105 gam\u0105 nowoczesnego sprz\u0119tu. Mo\u017cna go u\u017cywa\u0107 z MacBookami Apple, modelami iPad Pro i seri\u0105 Microsoft Surface. Ponadto obs\u0142uguje wysokiej klasy urz\u0105dzenia z systemem Android, takie jak Samsung Galaxy S22 i Note 20. Jednak przej\u015bci\u00f3wka 4K 60Hz z USB typu C na HDMI wymaga portu hosta obs\u0142uguj\u0105cego wyj\u015bcie wideo. Nie jest kompatybilny z urz\u0105dzeniami takimi jak Samsung z serii A lub starszymi iPhone&#8217;ami, kt\u00f3re nie obs\u0142uguj\u0105 trybu DP Alt.    <\/p>\n\n<h2 class=\"wp-block-heading\">Optymalizacja profesjonalnych prezentacji i kina domowego<\/h2>\n\n<p>Korzystanie z kabla przej\u015bciowego 4K 60Hz USB typu C na HDMI jako asystenta spotka\u0144 umo\u017cliwia \u0142atwe udost\u0119pnianie ekranu na du\u017cych wy\u015bwietlaczach. W rezultacie raporty i wizualizacje danych b\u0119d\u0105 wygl\u0105da\u0107 ostrzej i bardziej profesjonalnie dla odbiorc\u00f3w. W \u015brodowisku domowym przej\u015bci\u00f3wka 4K 60Hz z USB typu C na HDMI odmienia wra\u017cenia z gier mobilnych. Wy\u015bwietla mobiln\u0105 grafik\u0119 na ekranie telewizora w czasie rzeczywistym, co zapewnia szerszy zakres wizualny bez zacinania si\u0119.   <\/p>\n\n<hr class=\"wp-block-separator has-alpha-channel-opacity\"\/>\n\n<h2 class=\"wp-block-heading\">Zabezpiecz sw\u00f3j kabel przej\u015bciowy 4K 60Hz z USB typu C na HDMI ju\u017c dzi\u015b!<\/h2>\n\n<p>Nie zadowalaj si\u0119 rozmytymi rozdzielczo\u015bciami lub op\u00f3\u017anionymi cz\u0119stotliwo\u015bciami od\u015bwie\u017cania, gdy mo\u017cesz ulepszy\u0107 swoje cyfrowe \u017cycie ju\u017c teraz. Popyt na kabel przej\u015bciowy 4K 60Hz USB typu C na HDMI jest niezwykle wysoki ze wzgl\u0119du na jego niezawodno\u015b\u0107 i doskona\u0142e wyj\u015bcie 4K. Zam\u00f3w sw\u00f3j ju\u017c dzi\u015b, aby zagwarantowa\u0107, \u017ce otrzymasz to niezb\u0119dne akcesorium techniczne na czas i zaczniesz cieszy\u0107 si\u0119 szczytem \u0142\u0105czno\u015bci w wysokiej rozdzielczo\u015bci. Odwied\u017a nasz sklep ju\u017c teraz, aby skorzysta\u0107 z tej oferty przed wyczerpaniem zapas\u00f3w!   <\/p>\n","protected":false},"excerpt":{"rendered":"<ul>\n<li><strong>4K 60Hz UHD<\/strong> - Krystalicznie czysta rozdzielczo\u015b\u0107 4K przy 60 klatkach na sekund\u0119 dla p\u0142ynnego ogl\u0105dania bez op\u00f3\u017anie\u0144.<\/li>\n<li><strong>Obs\u0142uga HDMI 2.0<\/strong> - interfejs o wysokiej przepustowo\u015bci dla HDR10 i cyfrowego d\u017awi\u0119ku.<\/li>\n<li><strong>Plug &amp; Play<\/strong> - natychmiastowa \u0142\u0105czno\u015b\u0107 z laptopami i telefonami bez sterownik\u00f3w.<\/li>\n<li><strong>Zgodno\u015b\u0107 z HDCP 2.2<\/strong> - bezpieczne strumieniowanie tre\u015bci 4K z serwis\u00f3w Netflix i Disney+.<\/li>\n<li><strong>Aluminiowa obudowa<\/strong> - Wytrzyma\u0142a obudowa zaprojektowana w celu optymalizacji rozpraszania ciep\u0142a.<\/li>\n<\/ul>\n[cg_accordion title=\"INFORMACJE O P\u0141ATNO\u015aCIACH\"]<\/p>\n<p>Korzystamy z najnowszej technologii przetwarzania p\u0142atno\u015bci, kt\u00f3ra umo\u017cliwia dokonywanie p\u0142atno\u015bci za po\u015brednictwem Apple Pay, Google Pay, karty debetowej\/kredytowej, PayPal lub metod BNPL, takich jak Klarna, Affirm lub AfterPay, zapewniaj\u0105c szybkie i bezpieczne do\u015bwiadczenie.[\/cg_accordion]\n[cg_accordion title=\"GWARANCJA\"]<\/p>\n<p>1-letnia gwarancja od <a href=\"https:\/\/droix.net\/\" target=\"_blank\" rel=\"nofollow noopener\">DROIX<\/a> Global dla Twojego spokoju ducha[\/cg_accordion]\n[cg_accordion title=\"ZAPEWNIENIE JAKO\u015aCI I TESTY PRZED WYSY\u0141K\u0104\"]<\/p>\n<p>Zapewnienie satysfakcji klienta na najwy\u017cszym poziomie: Ka\u017cde urz\u0105dzenie przechodzi rygorystyczne testy i wielopunktow\u0105 kontrol\u0119 jako\u015bci przed wysy\u0142k\u0105. Nasz dedykowany zesp\u00f3\u0142 weryfikuje wydajno\u015b\u0107, funkcjonalno\u015b\u0107 i integralno\u015b\u0107 komponent\u00f3w, aby zagwarantowa\u0107, \u017ce urz\u0105dzenie AYANEO b\u0119dzie w idealnym stanie w momencie dostawy, zapewniaj\u0105c pewno\u015b\u0107 i spok\u00f3j ducha. [\/cg_accordion]\n[cg_accordion title=\"CENY, PODATKI I WYSY\u0141KA\"]<\/p>\n<p><strong><u>Uwaga:<\/u><\/strong><\/p>\n<ul>\n<li>Klienci ze Stan\u00f3w Zjednoczonych: Wy\u015bwietlana cena NIE ZAWIERA PODATKU ani c\u0142a. Odpowiedzialno\u015b\u0107 za odpraw\u0119 celn\u0105 i zap\u0142at\u0119 wszelkich powi\u0105zanych podatk\u00f3w \/ ce\u0142 spoczywa na kliencie. <\/li>\n<li>Klienci z UE: Wy\u015bwietlana cena zawiera obowi\u0105zuj\u0105cy PODATEK, kt\u00f3ry mo\u017ce wynosi\u0107 do 25% w zale\u017cno\u015bci od kraju.<\/li>\n<li>Klienci z Kanady: Wy\u015bwietlana cena zawiera obowi\u0105zuj\u0105ce podatki, kt\u00f3re mog\u0105 obejmowa\u0107 5% GST i dodatkowe prowincjonalne podatki od sprzeda\u017cy (PST), zharmonizowany podatek od sprzeda\u017cy (HST) lub podatek od sprzeda\u017cy w Quebecu (QST), w zale\u017cno\u015bci od prowincji.<\/li>\n<\/ul>\n<p>Dla klient\u00f3w z USA: Zam\u00f3wienia s\u0105 wysy\u0142ane w systemie DAP (Delivered At Place). Chocia\u017c klienci s\u0105 odpowiedzialni za uiszczenie wszelkich obowi\u0105zuj\u0105cych taryf, korzystamy z naszego bogatego do\u015bwiadczenia w wysy\u0142ce z Wielkiej Brytanii, aby zapewni\u0107 jak najmniejsze op\u0142aty. Z naszych danych wynika, \u017ce op\u0142aty te zazwyczaj nie przekraczaj\u0105 10% warto\u015bci przedmiotu.  <\/p>\n<p><strong>TYLKO dla klient\u00f3w z UE:<\/strong> Express DDP (Delivered Duty Paid). Oznacza to: <\/p>\n<ul>\n<li>Wszystkie op\u0142aty celne i podatki s\u0105 wliczone w cen\u0119 wy\u015bwietlan\u0105 na stronie produktu.<\/li>\n<li>Przy dostawie nie trzeba b\u0119dzie uiszcza\u0107 \u017cadnych dodatkowych op\u0142at.<\/li>\n<li>W rzadkich przypadkach zwi\u0105zanych z kwestiami celnymi nasz zesp\u00f3\u0142 zajmie si\u0119 procesem odprawy celnej w Twoim imieniu, aby zapewni\u0107 sprawn\u0105 dostaw\u0119.<\/li>\n<p>Wa\u017cne informacje dotycz\u0105ce zwrot\u00f3w:<\/p>\n<li>Je\u015bli zdecydujesz si\u0119 zwr\u00f3ci\u0107 zam\u00f3wienie lub za\u017c\u0105da\u0107 zwrotu pieni\u0119dzy, pami\u0119taj, \u017ce podatki i c\u0142a zap\u0142acone w Twoim imieniu zgodnie z warunkami DDP nie mog\u0105 zosta\u0107 zwr\u00f3cone.<\/li>\n<p>Szczeg\u00f3\u0142owe informacje mo\u017cna znale\u017a\u0107 w naszym <a href=\"https:\/\/ayaneo.co\/pl\/warunki-swiadczenia-uslug\/\" target=\"_blank\" rel=\"nofollow noopener\">Regulaminie<\/a>.\n<\/ul>\n<p>[\/cg_accordion]\n[cg_accordion title=\"OBS\u0141UGA KLIENTA\"]<\/p>\n<p>Masz pytanie? Wystarczy kr\u00f3tka wiadomo\u015b\u0107 tekstowa, aby rozwi\u0105za\u0107 Tw\u00f3j problem! [\/cg_accordion]\n[cg_accordion title=\"PAKIET ZAWIERA\"]<\/p>\n<ul>\n<li>1x Kabel przej\u015bci\u00f3wka Premium 4K 60Hz z USB typu C na HDMI<\/li>\n<\/ul>\n<p>[\/cg_accordion]\n","protected":false},"featured_media":45473,"template":"","meta":{"_acf_changed":false},"product_brand":[],"product_cat":[555],"product_tag":[],"class_list":{"0":"post-47529","1":"product","2":"type-product","3":"status-publish","4":"has-post-thumbnail","6":"product_cat-akcesoria","7":"product_shipping_class-low-end","9":"first","10":"outofstock","11":"sale","12":"taxable","13":"shipping-taxable","14":"purchasable","15":"product-type-simple"},"acf":[],"_links":{"self":[{"href":"https:\/\/ayaneo.co\/pl\/wp-json\/wp\/v2\/product\/47529","targetHints":{"allow":["GET"]}}],"collection":[{"href":"https:\/\/ayaneo.co\/pl\/wp-json\/wp\/v2\/product"}],"about":[{"href":"https:\/\/ayaneo.co\/pl\/wp-json\/wp\/v2\/types\/product"}],"wp:featuredmedia":[{"embeddable":true,"href":"https:\/\/ayaneo.co\/pl\/wp-json\/wp\/v2\/media\/45473"}],"wp:attachment":[{"href":"https:\/\/ayaneo.co\/pl\/wp-json\/wp\/v2\/media?parent=47529"}],"wp:term":[{"taxonomy":"product_brand","embeddable":true,"href":"https:\/\/ayaneo.co\/pl\/wp-json\/wp\/v2\/product_brand?post=47529"},{"taxonomy":"product_cat","embeddable":true,"href":"https:\/\/ayaneo.co\/pl\/wp-json\/wp\/v2\/product_cat?post=47529"},{"taxonomy":"product_tag","embeddable":true,"href":"https:\/\/ayaneo.co\/pl\/wp-json\/wp\/v2\/product_tag?post=47529"}],"curies":[{"name":"wp","href":"https:\/\/api.w.org\/{rel}","templated":true}]}}