{"id":4872,"date":"2024-08-15T15:04:41","date_gmt":"2024-08-15T15:04:41","guid":{"rendered":"https:\/\/ayaneo.co\/product\/ayaneo-pocket-dmg\/"},"modified":"2025-12-11T00:11:18","modified_gmt":"2025-12-11T00:11:18","slug":"ayaneo-pocket-dmg","status":"publish","type":"product","link":"https:\/\/ayaneo.co\/pl\/product\/ayaneo-pocket-dmg\/","title":{"rendered":"AYANEO Pocket DMG"},"content":{"rendered":"\n<figure class=\"wp-block-video\"><video controls=\"\" src=\"https:\/\/droix.net\/wp-content\/uploads\/2024\/08\/AYANEO-Pocket-DMG&#xFF1A;The-Pinnacle-of-Retro-Vertical-Handhelds.mp4\"><\/video><\/figure>\n\n<div class=\"wp-block-columns is-layout-flex wp-container-core-columns-is-layout-28f84493 wp-block-columns-is-layout-flex\">\n<div class=\"wp-block-column is-layout-flow wp-block-column-is-layout-flow\" style=\"flex-basis:33.33%\">\n<figure class=\"wp-block-image size-large\"><a href=\"https:\/\/droix.net\/wp-content\/uploads\/2024\/08\/AYANEO-POCKET-DMG-ARTIC-BLACK-DONE-01.png\" target=\"_blank\" rel=\"noopener\"><img decoding=\"async\" src=\"https:\/\/droix.net\/wp-content\/uploads\/2024\/08\/AYANEO-POCKET-DMG-ARTIC-BLACK-DONE-01-1024x1024.png\" alt=\"Widok z przodu AYANEO Pocket DMG w kolorze arktycznej czerni, prezentuj&#x105;cy inspirowan&#x105; stylem retro konstrukcj&#x119; z 3,92-calowym wy&#x15B;wietlaczem OLED, D-padem, analogowym joystickiem i przyciskami.\" class=\"wp-image-184226\"\/><\/a><\/figure>\n<\/div>\n\n\n\n<div class=\"wp-block-column is-layout-flow wp-block-column-is-layout-flow\" style=\"flex-basis:66.66%\">\n<h3 class=\"wp-block-heading\" id=\"h-experience-retro-gaming-like-never-before-with-the-ayaneo-pocket-dmg\">Do\u015bwiadcz gier retro jak nigdy dot\u0105d dzi\u0119ki AYANEO Pocket DMG<\/h3>\n\n\n\n<p><strong> AYANEO Pocket DMG<\/strong> to prze\u0142omowe <strong>przeno\u015bne<\/strong> urz\u0105dzenie <strong>do gier<\/strong>, kt\u00f3re w mistrzowski spos\u00f3b \u0142\u0105czy nostalgi\u0119 gier <strong>retro<\/strong> z zaawansowan\u0105 nowoczesn\u0105 technologi\u0105. Oddaj\u0105c ho\u0142d kultowemu Game Boyowi, ten <strong>pionowy hand<\/strong> held zapewnia zar\u00f3wno znajom\u0105 estetyk\u0119, jak i pot\u0119\u017cn\u0105 wydajno\u015b\u0107, co czyni go idealnym wyborem zar\u00f3wno dla fan\u00f3w <strong>gier retro<\/strong>, jak i nowoczesnych gier. <\/p>\n<\/div>\n<\/div>\n\n<p><strong> AYANEO Pocket DMG<\/strong> to prze\u0142omowe <strong>przeno\u015bne<\/strong> urz\u0105dzenie <strong>do gier<\/strong>, kt\u00f3re w mistrzowski spos\u00f3b \u0142\u0105czy nostalgi\u0119 gier <strong>retro<\/strong> z zaawansowan\u0105 nowoczesn\u0105 technologi\u0105. Oddaj\u0105c ho\u0142d kultowemu Game Boyowi, ten <strong>pionowy hand<\/strong> held zapewnia zar\u00f3wno znajom\u0105 estetyk\u0119, jak i pot\u0119\u017cn\u0105 wydajno\u015b\u0107, co czyni go idealnym wyborem zar\u00f3wno dla fan\u00f3w <strong>gier retro<\/strong>, jak i nowoczesnych gier. <\/p>\n\n<h3 class=\"wp-block-heading\" id=\"h-design-and-display\">Projektowanie i wy\u015bwietlanie<\/h3>\n\n<p><strong>Pocket DMGAYANEO <\/strong> wyr\u00f3\u017cnia si\u0119 kompaktow\u0105 i nostalgiczn\u0105 konstrukcj\u0105, przypominaj\u0105c\u0105 klasyczne konsole <strong>przeno\u015bne retro<\/strong>. Centralnym elementem jego atrakcyjno\u015bci jest 3,92-calowy <strong>wy\u015bwietlaczOLED <\/strong>, oferuj\u0105cy ostr\u0105 rozdzielczo\u015b\u0107 1240&#215;1080 i g\u0119sto\u015b\u0107 pikseli 419 PPI. Ten <strong>ekranOLED <\/strong> zapewnia \u017cywe kolory i wyra\u017any obraz, o\u017cywiaj\u0105c zar\u00f3wno retro, jak i nowoczesne gry z osza\u0142amiaj\u0105c\u0105 wyrazisto\u015bci\u0105. Urz\u0105dzenie jest dost\u0119pne w dw\u00f3ch r\u00f3\u017cnych kolorach:   <\/p>\n\n<ul class=\"wp-block-list\">\n<li>Arktyczna czer\u0144<\/li>\n\n\n\n<li>Moon White<\/li>\n<\/ul>\n\n<div class=\"wp-block-columns is-layout-flex wp-container-core-columns-is-layout-28f84493 wp-block-columns-is-layout-flex\">\n<div class=\"wp-block-column is-layout-flow wp-block-column-is-layout-flow\">\n<figure class=\"wp-block-image size-large\"><a href=\"https:\/\/droix.net\/wp-content\/uploads\/2024\/08\/AYANEO-POCKET-DMG-MARKETING-DONE-14.jpg\" target=\"_blank\" rel=\"noopener\"><img decoding=\"async\" src=\"https:\/\/droix.net\/wp-content\/uploads\/2024\/08\/AYANEO-POCKET-DMG-MARKETING-DONE-14-1024x1024.jpg\" alt=\"Obraz promocyjny dla AYANEO Pocket DMG przedstawiaj&#x105;cy platform&#x119; gamingow&#x105; Snapdragon G3x Gen 2. Podkre&#x15B;la on, &#x17C;e jest to pierwszy pionowy handheld z tym procesorem, prezentuj&#x105;c jego o&#x15B;miordzeniow&#x105; architektur&#x119; 1+4+3 z rdzeniami Kryo Prime Ultra taktowanymi zegarem 3,36 GHz, uk&#x142;adem graficznym Adreno A32 taktowanym zegarem 816 Hz i wydajno&#x15B;ci&#x105; 15 W. \" class=\"wp-image-184229\"\/><\/a><\/figure>\n\n\n\n<h3 class=\"wp-block-heading\" id=\"h-performance\">Wydajno\u015b\u0107<\/h3>\n\n\n\n<p>Sercem <strong>Pocket DMG<\/strong> jest procesor <strong>Snapdragon G3x Gen 2<\/strong>, pot\u0119\u017cny uk\u0142ad dostosowany specjalnie do <strong>gier<\/strong> <strong>przeno\u015bnych<\/strong>. <strong>Procesor<\/strong> ten zapewnia p\u0142ynn\u0105 emulacj\u0119 tytu\u0142\u00f3w retro i p\u0142ynn\u0105 wydajno\u015b\u0107 w nowoczesnych grach mobilnych. Dzia\u0142aj\u0105ce pod adresem Android 13 urz\u0105dzenie zapewnia dost\u0119p do szerokiego ekosystemu aplikacji i emulator\u00f3w, dzi\u0119ki czemu jest wszechstronn\u0105 platform\u0105 dla wszystkich potrzeb zwi\u0105zanych <strong>z grami<\/strong>.  <\/p>\n<\/div>\n\n\n\n<div class=\"wp-block-column is-layout-flow wp-block-column-is-layout-flow\">\n<figure class=\"wp-block-image size-large\"><a href=\"https:\/\/droix.net\/wp-content\/uploads\/2024\/08\/AYANEO-POCKET-DMG-MARKETING-DONE-19.jpg\" target=\"_blank\" rel=\"noopener\"><img decoding=\"async\" src=\"https:\/\/droix.net\/wp-content\/uploads\/2024\/08\/AYANEO-POCKET-DMG-MARKETING-DONE-19-1024x1024.jpg\" alt=\"Infografika przedstawiaj&#x105;ca wiele funkcji AYANEO Pocket DMG por&#xF3;wnywalnych z profesjonalnymi kontrolerami. Funkcje obejmuj&#x105; precyzyjny joystick, regulowan&#x105; czu&#x142;o&#x15B;&#x107;, tryb czuwania bez zasilania, celowanie wspomagane &#x17C;yroskopem, funkcj&#x119; serii przycisk&#xF3;w, wymian&#x119; warto&#x15B;ci klawiszy A-B-X-Y i regulowan&#x105; intensywno&#x15B;&#x107; wibracji silnika. Poni&#x17C;ej d&#x142;o&#x144; trzyma bia&#x142;e urz&#x105;dzenie, wy&#x15B;wietlaj&#x105;c kolorowy ekran gry.  \" class=\"wp-image-184232\"\/><\/a><\/figure>\n\n\n\n<h3 class=\"wp-block-heading\" id=\"h-controls-and-inputs\">Elementy steruj\u0105ce i wej\u015bcia<\/h3>\n\n\n\n<p><strong>Pocket DMG<\/strong> oferuje wszechstronny i innowacyjny uk\u0142ad sterowania, kt\u00f3ry zaspokaja potrzeby szerokiej gamy gatunk\u00f3w <strong>gier<\/strong>. Kluczowe funkcje obejmuj\u0105: <\/p>\n\n\n\n<ul class=\"wp-block-list\">\n<li>Tradycyjny D-pad do precyzyjnego wprowadzania kierunku<\/li>\n\n\n\n<li>Przyciski ABXY dla klasycznych <strong>gier<\/strong><\/li>\n\n\n\n<li>Pojedynczy <strong>joystick<\/strong> analogowy z technologi\u0105 efektu Halla zapewnia dok\u0142adno\u015b\u0107 i trwa\u0142o\u015b\u0107<\/li>\n\n\n\n<li>Innowacyjny <strong>panel dotykowy<\/strong>, kt\u00f3ry mo\u017ce s\u0142u\u017cy\u0107 jako drugie wej\u015bcie analogowe<\/li>\n\n\n\n<li>Przyciski na ramionach dla dodatkowych opcji sterowania<\/li>\n<\/ul>\n\n\n\n<p>Ta kombinacja element\u00f3w steruj\u0105cych zapewnia, \u017ce <strong>Pocket DMG<\/strong> z \u0142atwo\u015bci\u0105 poradzi sobie ze wszystkim, od platform\u00f3wek retro po nowoczesne gry akcji.<\/p>\n<\/div>\n\n\n\n<div class=\"wp-block-column is-layout-flow wp-block-column-is-layout-flow\">\n<figure class=\"wp-block-image size-large\"><a href=\"https:\/\/droix.net\/wp-content\/uploads\/2024\/08\/AYANEO-POCKET-DMG-MARKETING-DONE-16.jpg\" target=\"_blank\" rel=\"noopener\"><img decoding=\"async\" src=\"https:\/\/droix.net\/wp-content\/uploads\/2024\/08\/AYANEO-POCKET-DMG-MARKETING-DONE-16-1024x1024.jpg\" alt=\"Infografika szczeg&#xF3;&#x142;owo opisuj&#x105;ca &quot;p&#x142;ynne po&#x142;&#x105;czenie mocy&quot; AYANEO Pocket DMG, podkre&#x15B;laj&#x105;c jego szybk&#x105; pami&#x119;&#x107; (LPDDR5X przy 8533Mbps), szybk&#x105; pami&#x119;&#x107; masow&#x105; (UFS 4.0 z pr&#x119;dko&#x15B;ci&#x105; odczytu 4000+ MB\/s) i du&#x17C;&#x105; pojemno&#x15B;&#x107; do przechowywania gier i aplikacji. Wspomina o opcjach do 16 GB pami&#x119;ci RAM i 1 TB pami&#x119;ci masowej. \" class=\"wp-image-184230\"\/><\/a><\/figure>\n\n\n\n<h3 class=\"wp-block-heading\" id=\"h-storage-and-connectivity\">Pami\u0119\u0107 masowa i \u0142\u0105czno\u015b\u0107<\/h3>\n\n\n\n<p><strong>AYANEO Pocket DMG<\/strong> zapewnia elastyczne rozwi\u0105zania pami\u0119ci masowej, aby zaspokoi\u0107 potrzeby r\u00f3\u017cnych entuzjast\u00f3w <strong>gier<\/strong> <strong>przeno\u015bnych<\/strong>:<\/p>\n\n\n\n<ul class=\"wp-block-list\">\n<li>8 GB pami\u0119ci RAM + 128 GB pami\u0119ci masowej<\/li>\n<\/ul>\n\n\n\n<p>Dodatkowo, gniazdo kart microSD pozwala na \u0142atwe rozszerzenie pojemno\u015bci pami\u0119ci masowej. Pod wzgl\u0119dem \u0142\u0105czno\u015bci urz\u0105dzenie obejmuje: <\/p>\n\n\n\n<ul class=\"wp-block-list\">\n<li>Wi-Fi i Bluetooth 5.3 do komunikacji bezprzewodowej<\/li>\n\n\n\n<li>Port USB-C do \u0142adowania i pod\u0142\u0105czania akcesori\u00f3w<\/li>\n<\/ul>\n<\/div>\n<\/div>\n\n<h3 class=\"wp-block-heading\" id=\"h-battery-and-additional-features\">Bateria i dodatkowe funkcje<\/h3>\n\n<p><strong>Pocket DMG<\/strong> jest zasilany bateri\u0105 o pojemno\u015bci 6000 mAh, obs\u0142uguj\u0105c\u0105 szybkie \u0142adowanie PD 25 W, aby zapewni\u0107 d\u0142u\u017csz\u0105 rozgrywk\u0119. Inne godne uwagi funkcje obejmuj\u0105: <\/p>\n\n<figure class=\"wp-block-image size-large\"><a href=\"https:\/\/droix.net\/wp-content\/uploads\/2024\/08\/AYANEO-POCKET-DMG-MARKETING-DONE-18.jpg\" target=\"_blank\" rel=\"noopener\"><img decoding=\"async\" src=\"https:\/\/droix.net\/wp-content\/uploads\/2024\/08\/AYANEO-POCKET-DMG-MARKETING-DONE-18-1024x1024.jpg\" alt=\"Obraz marketingowy przedstawiaj&#x105;cy bateri&#x119; 6000 mAh w AYANEO Pocket DMG, podkre&#x15B;laj&#x105;cy d&#x142;ugi czas pracy baterii i obs&#x142;ug&#x119; szybkiego &#x142;adowania PD. Dolna cz&#x119;&#x15B;&#x107; przedstawia joystick Hall Medium, podkre&#x15B;laj&#x105;c jego precyzj&#x119;, trwa&#x142;o&#x15B;&#x107; (5 milion&#xF3;w u&#x17C;y&#x107;) i ulepszone funkcje sterowania. \" class=\"wp-image-184231\"\/><\/a><\/figure>\n\n<ul class=\"wp-block-list\">\n<li>Sze\u015bcioosiowy \u017cyroskop do sterowania ruchem<\/li>\n\n\n\n<li>Aktywny system ch\u0142odzenia z wbudowanym wentylatorem zapewnia optymaln\u0105 wydajno\u015b\u0107<\/li>\n\n\n\n<li>Kompaktowy futera\u0142 u\u0142atwiaj\u0105cy przenoszenie<\/li>\n<\/ul>\n\n<h3 class=\"wp-block-heading\" id=\"h-user-experience-and-conclusion\">Do\u015bwiadczenie u\u017cytkownika i wnioski<\/h3>\n\n<p><strong>AYANEO Pocket DMG<\/strong> to wyj\u0105tkowy wyb\u00f3r dla entuzjast\u00f3w <strong>gier retro<\/strong> i kolekcjoner\u00f3w, kt\u00f3rzy chc\u0105 urz\u0105dzenia, kt\u00f3re oddaje istot\u0119 klasycznych gier <strong>przeno\u015bnych retro<\/strong>, oferuj\u0105c jednocze\u015bnie moc i wszechstronno\u015b\u0107 nowoczesnej technologii. Niezale\u017cnie od tego, czy prze\u017cywasz klasyczne gry, czy odkrywasz nowe, ten <strong>handheld<\/strong> zapewnia wci\u0105gaj\u0105ce i przyjemne wra\u017cenia z <strong>gry<\/strong>. <\/p>\n","protected":false},"excerpt":{"rendered":"<ul>\n<li>Procesor: Qualcomm <strong>Snapdragon G3x Gen 2<\/strong><\/li>\n<li>Wy\u015bwietlacz: <strong>3,92 cala OLED<\/strong>, rozdzielczo\u015b\u0107 1240&#215;1080<\/li>\n<li>Pami\u0119\u0107 RAM: <strong>8 GB<\/strong> LPDDR5X @ <strong>8533 MT\/s<\/strong><\/li>\n<li>Pami\u0119\u0107 masowa: <strong>128 GB<\/strong> UFS 3.1<\/li>\n<li>\u0141\u0105czno\u015b\u0107: Wi-Fi <strong>6<\/strong> i Bluetooth <strong>5.3<\/strong><\/li>\n<\/ul>\n<p><img fetchpriority=\"high\" decoding=\"async\" src=\"https:\/\/ayaneo.co\/wp-content\/uploads\/2024\/08\/DMG-FREEBIES1.jpg\" alt=\"Obraz promocyjny z jasnoszarym t\u0142em zawiera nast\u0119puj\u0105ce informacje  \" free=\"\" gifts=\"\" in=\"\" large=\"\" dark=\"\" gray=\"\" letters=\"\" at=\"\" the=\"\" top.=\"\" below=\"\" this=\"\" smaller=\"\" text=\"\" it=\"\" lists=\"\" case=\"\" and=\"\" caps=\"\" followed=\"\" by=\"\" added=\"\" to=\"\" cart=\"\" a=\"\" slightly=\"\" larger=\"\" font.=\"\" right=\"\" there=\"\" are=\"\" two=\"\" product=\"\" square=\"\" white=\"\" rainbow-colored=\"\" package=\"\" containing=\"\" four=\"\" black=\"\" thumbstick=\"\" mesh=\"\" protective=\"\" identical=\"\" one=\"\" previous=\"\" image=\"\" with=\"\" logo=\"\" bottom.=\"\" width=\"550\" height=\"140\" class=\"alignnone size-full wp-image-25170\" images:=\"\" srcset=\"https:\/\/ayaneo.co\/wp-content\/uploads\/2024\/08\/DMG-FREEBIES1.jpg 550w, https:\/\/ayaneo.co\/wp-content\/uploads\/2024\/08\/DMG-FREEBIES1-300x76.jpg 300w, https:\/\/ayaneo.co\/wp-content\/uploads\/2024\/08\/DMG-FREEBIES1-441x112.jpg 441w, https:\/\/ayaneo.co\/wp-content\/uploads\/2024\/08\/DMG-FREEBIES1-150x38.jpg 150w\" sizes=\"(max-width: 550px) 100vw, 550px\" \/><\/p>\n[cg_accordion title=\"INFORMACJE O P\u0141ATNO\u015aCIACH\"] <\/p>\n<p>Korzystamy z najnowszej technologii przetwarzania p\u0142atno\u015bci, kt\u00f3ra umo\u017cliwia dokonywanie p\u0142atno\u015bci za po\u015brednictwem Apple Pay, Google Pay, karty debetowej\/kredytowej, PayPal lub metod BNPL, takich jak Klarna, Affirm lub AfterPay, zapewniaj\u0105c szybkie i bezpieczne do\u015bwiadczenie.[\/cg_accordion]\n[cg_accordion title=\"GWARANCJA\"] <\/p>\n<p>1 rok gwarancji od <a href=\"https:\/\/droix.net\/\" target=\"_blank\" rel=\"nofollow noopener\">DROIX<\/a> Global dla Twojego spokoju ducha[\/cg_accordion]\n[cg_accordion title=\"CENY, PODATKI I WYSY\u0141KA\"] <\/p>\n<p><strong><u>Uwaga:<\/u><\/strong><\/p>\n<ul>\n<li>Klienci ze Stan\u00f3w Zjednoczonych: Wy\u015bwietlana cena NIE ZAWIERA PODATKU ani c\u0142a. Odpowiedzialno\u015b\u0107 za odpraw\u0119 celn\u0105 i zap\u0142at\u0119 wszelkich powi\u0105zanych podatk\u00f3w \/ ce\u0142 spoczywa na kliencie. <\/li>\n<li>Klienci z UE: Wy\u015bwietlana cena zawiera obowi\u0105zuj\u0105cy PODATEK, kt\u00f3ry mo\u017ce wynosi\u0107 do 25% w zale\u017cno\u015bci od kraju.<\/li>\n<li>Klienci z Kanady: Wy\u015bwietlana cena zawiera obowi\u0105zuj\u0105ce podatki, kt\u00f3re mog\u0105 obejmowa\u0107 5% GST i dodatkowe prowincjonalne podatki od sprzeda\u017cy (PST), zharmonizowany podatek od sprzeda\u017cy (HST) lub podatek od sprzeda\u017cy w Quebecu (QST), w zale\u017cno\u015bci od prowincji.<\/li>\n<\/ul>\n<p><strong>TYLKO dla klient\u00f3w z UE:<\/strong> Express DDP (Delivered Duty Paid). Oznacza to: <\/p>\n<ul>\n<li>Wszystkie op\u0142aty celne i podatki s\u0105 wliczone w cen\u0119 wy\u015bwietlan\u0105 na stronie produktu.<\/li>\n<li>Przy dostawie nie trzeba b\u0119dzie uiszcza\u0107 \u017cadnych dodatkowych op\u0142at.<\/li>\n<li>W rzadkich przypadkach zwi\u0105zanych z kwestiami celnymi nasz zesp\u00f3\u0142 zajmie si\u0119 procesem odprawy celnej w Twoim imieniu, aby zapewni\u0107 sprawn\u0105 dostaw\u0119.<\/li>\n<p>Wa\u017cne informacje dotycz\u0105ce zwrot\u00f3w:<\/p>\n<li>Je\u015bli zdecydujesz si\u0119 zwr\u00f3ci\u0107 zam\u00f3wienie lub za\u017c\u0105da\u0107 zwrotu pieni\u0119dzy, pami\u0119taj, \u017ce podatki i c\u0142a zap\u0142acone w Twoim imieniu zgodnie z warunkami DDP nie mog\u0105 zosta\u0107 zwr\u00f3cone.<\/li>\n<p>Prosimy o zapoznanie si\u0119 z nasz\u0105<\/ul>\n<\/li>\n<\/ul>\n<p><a href=\"https:\/\/ayaneo.co\/pl\/warunki-swiadczenia-uslug\/\" target=\"_blank\" rel=\"nofollow noopener\">Regulamin<\/a><\/p>\n<ul>w celu uzyskania szczeg\u00f3\u0142owych informacji.<\/ul>\n<p>[\/cg_accordion]\n[cg_accordion title=\"OBS\u0141UGA KLIENTA\"] <\/p>\n<p>Masz pytanie? Wystarczy kr\u00f3tka wiadomo\u015b\u0107 tekstowa, aby rozwi\u0105za\u0107 Tw\u00f3j problem!   [\/cg_accordion]\n[cg_accordion title=\"Pakiet zawiera\"]<\/p>\n<ul>\n<li>1x AYANEO Pocket DMG<\/li>\n<li>1x Kabel USB typu C<\/li>\n<li>1x Instrukcja obs\u0142ugi<\/li>\n<\/ul>\n<p>[\/cg_accordion]\n","protected":false},"featured_media":4883,"template":"","meta":{"_acf_changed":false},"product_brand":[],"product_cat":[584],"product_tag":[],"class_list":{"0":"post-4872","1":"product","2":"type-product","3":"status-publish","4":"has-post-thumbnail","6":"product_cat-android-gaming-handheld-pl","7":"product_shipping_class-premium","8":"pa_brand-ayaneo","10":"first","11":"instock","12":"taxable","13":"shipping-taxable","14":"purchasable","15":"product-type-variable","16":"has-default-attributes"},"acf":[],"_links":{"self":[{"href":"https:\/\/ayaneo.co\/pl\/wp-json\/wp\/v2\/product\/4872","targetHints":{"allow":["GET"]}}],"collection":[{"href":"https:\/\/ayaneo.co\/pl\/wp-json\/wp\/v2\/product"}],"about":[{"href":"https:\/\/ayaneo.co\/pl\/wp-json\/wp\/v2\/types\/product"}],"wp:featuredmedia":[{"embeddable":true,"href":"https:\/\/ayaneo.co\/pl\/wp-json\/wp\/v2\/media\/4883"}],"wp:attachment":[{"href":"https:\/\/ayaneo.co\/pl\/wp-json\/wp\/v2\/media?parent=4872"}],"wp:term":[{"taxonomy":"product_brand","embeddable":true,"href":"https:\/\/ayaneo.co\/pl\/wp-json\/wp\/v2\/product_brand?post=4872"},{"taxonomy":"product_cat","embeddable":true,"href":"https:\/\/ayaneo.co\/pl\/wp-json\/wp\/v2\/product_cat?post=4872"},{"taxonomy":"product_tag","embeddable":true,"href":"https:\/\/ayaneo.co\/pl\/wp-json\/wp\/v2\/product_tag?post=4872"}],"curies":[{"name":"wp","href":"https:\/\/api.w.org\/{rel}","templated":true}]}}