{"id":4997,"date":"2024-08-16T09:46:32","date_gmt":"2024-08-16T09:46:32","guid":{"rendered":"https:\/\/ayaneo.co\/product\/ayaneo-pocket-micro\/"},"modified":"2025-10-20T20:25:22","modified_gmt":"2025-10-20T20:25:22","slug":"ayaneo-pocket-micro","status":"publish","type":"product","link":"https:\/\/ayaneo.co\/pl\/product\/ayaneo-pocket-micro\/","title":{"rendered":"AYANEO Pocket Micro"},"content":{"rendered":"\n<figure class=\"wp-block-video\"><video controls=\"\" poster=\"https:\/\/droix.net\/wp-content\/uploads\/2024\/08\/AYANEO-Pocket-MICRO-announced-1.webp\" src=\"https:\/\/droix.net\/wp-content\/uploads\/2024\/08\/AYANEO-Pocket-MICRO-Gaming-Experience-&#x2014;&#x2014;-Dungreed.mp4\"><\/video><\/figure>\n\n<div class=\"wp-block-columns is-layout-flex wp-container-core-columns-is-layout-28f84493 wp-block-columns-is-layout-flex\">\n<div class=\"wp-block-column is-layout-flow wp-block-column-is-layout-flow\" style=\"flex-basis:33.33%\">\n<figure class=\"wp-block-image size-large\"><a href=\"https:\/\/droix.net\/wp-content\/uploads\/2024\/08\/AYANEO-POCKET-MICRO-MARKETING-DONE-01.jpg\" target=\"_blank\" rel=\"noopener\"><img decoding=\"async\" src=\"https:\/\/droix.net\/wp-content\/uploads\/2024\/08\/AYANEO-POCKET-MICRO-MARKETING-DONE-01-1024x1024.jpg\" alt=\"Widok z boku AYANEO Pocket Micro w kolorze czarnym, ukazuj&#x105;cy jego smuk&#x142;y profil z widocznymi przyciskami i otworami wentylacyjnymi. Ekran wy&#x15B;wietla kolorowe linie. Tekst po prawej stronie brzmi: &quot;AYANEO POCKET MICRO: Najwy&#x17C;szej jako&#x15B;ci pozioma konsola przeno&#x15B;na w stylu retro. Delikatna zabawka, kt&#xF3;rej nie b&#x119;dziesz chcia&#x142; od&#x142;o&#x17C;y&#x107;&quot;.  \" class=\"wp-image-184281\"\/><\/a><\/figure>\n<\/div>\n\n\n\n<div class=\"wp-block-column is-layout-flow wp-block-column-is-layout-flow\" style=\"flex-basis:66.66%\">\n<h3 class=\"wp-block-heading\" id=\"h-ayaneo-pocket-micro-a-premium-handheld-gaming-experience\"><strong>AYANEO Pocket Micro: Najwy\u017cszej jako\u015bci gry przeno\u015bne<\/strong><\/h3>\n\n\n\n<p>AYANEO Pocket Micro reprezentuje po\u0142\u0105czenie estetyki retro z najnowocze\u015bniejsz\u0105 technologi\u0105, oferuj\u0105c wyj\u0105tkowe wra\u017cenia z gry. \u0141\u0105cz\u0105c kompaktow\u0105 form\u0119 z zaawansowanymi funkcjami, urz\u0105dzenie to jest przeznaczone zar\u00f3wno dla nostalgicznych graczy, jak i entuzjast\u00f3w nowoczesnych technologii. Dzi\u0119ki ramce ze stopu aluminium CNC, bezramkowemu wy\u015bwietlaczowi IPS i wysokowydajnym podzespo\u0142om wewn\u0119trznym, Pocket Micro zapewnia wyj\u0105tkowe wra\u017cenia z gry w stylowym i trwa\u0142ym opakowaniu.  <\/p>\n<\/div>\n<\/div>\n\n<div class=\"wp-block-columns is-layout-flex wp-container-core-columns-is-layout-28f84493 wp-block-columns-is-layout-flex\">\n<div class=\"wp-block-column is-layout-flow wp-block-column-is-layout-flow\">\n<figure class=\"wp-block-image size-large\"><a href=\"https:\/\/droix.net\/wp-content\/uploads\/2024\/08\/AYANEO-POCKET-MICRO-MARKETING-DONE-08.jpg\" target=\"_blank\" rel=\"noopener\"><img decoding=\"async\" src=\"https:\/\/droix.net\/wp-content\/uploads\/2024\/08\/AYANEO-POCKET-MICRO-MARKETING-DONE-08-1024x1024.jpg\" alt=\"Widok z boku AYANEO Pocket Micro, prezentuj&#x105;cy ramk&#x119; ze stopu aluminium CNC z widocznymi przyciskami L1 i L2 oraz otworami wentylacyjnymi. Tekst podkre&#x15B;la wysokiej jako&#x15B;ci tekstur&#x119; i doskona&#x142;e wyczucie urz&#x105;dzenia, wspominaj&#x105;c o unikalnej metalicznej teksturze, anodowym procesie utleniania i wysokiej wytrzyma&#x142;o&#x15B;ci korpusu. \" class=\"wp-image-184277\"\/><\/a><\/figure>\n\n\n\n<h3 class=\"wp-block-heading\" id=\"h-design-and-build\"><strong>Projektowanie i budowa<\/strong><\/h3>\n\n\n\n<p>Pocket Micro posiada ramk\u0119 wykonan\u0105 ze stopu aluminium CNC, kt\u00f3ra zapewnia zwi\u0119kszon\u0105 trwa\u0142o\u015b\u0107 i doskona\u0142e wra\u017cenia dotykowe. Jego elegancka, pe\u0142noekranowa konstrukcja bez obramowania zapewnia wci\u0105gaj\u0105ce wra\u017cenia wizualne. Dost\u0119pne w kolorach Obsidian Black, Charm Red i Vintage Grey, urz\u0105dzenie prezentuje b\u0142yszcz\u0105ce szklane panele i anodyzowan\u0105 aluminiow\u0105 ramk\u0119, dodaj\u0105c mu wyrafinowanego, wysokiej klasy wygl\u0105du.  <\/p>\n<\/div>\n\n\n\n<div class=\"wp-block-column is-layout-flow wp-block-column-is-layout-flow\">\n<figure class=\"wp-block-image size-large\"><a href=\"https:\/\/droix.net\/wp-content\/uploads\/2024\/08\/AYANEO-POCKET-MICRO-MARKETING-DONE-02.jpg\" target=\"_blank\" rel=\"noopener\"><img decoding=\"async\" src=\"https:\/\/droix.net\/wp-content\/uploads\/2024\/08\/AYANEO-POCKET-MICRO-MARKETING-DONE-02-1024x1024.jpg\" alt=\"Zbli&#x17C;enie na AYANEO Pocket Micro w kolorze czarnym, pokazuj&#x105;ce D-pad, przyciski akcji i ekran z kolorowymi liniami. Tekst na dole opisuje AYANEO REMAKE Concept Innovation, podkre&#x15B;laj&#x105;c takie cechy jak 3,5-calowy ekran 640P, rama ze stopu aluminium CNC i najwy&#x17C;sza jako&#x15B;&#x107; wykonania. W lewym g&#xF3;rnym rogu widoczne jest logo &quot;REMAKE&quot;. \" class=\"wp-image-184278\"\/><\/a><\/figure>\n\n\n\n<h3 class=\"wp-block-heading\" id=\"h-display\"><strong>Wy\u015bwietlacz<\/strong><\/h3>\n\n\n\n<p>Urz\u0105dzenie jest wyposa\u017cone w 3,5-calowy ekran bez obramowania IPS, oferuj\u0105cy rozdzielczo\u015b\u0107 960 x 640 i proporcje 3:2. Dzi\u0119ki g\u0119sto\u015bci pikseli wynosz\u0105cej 330 PPI i 100% pokryciu palety sRGB, wy\u015bwietlacz zapewnia \u017cywy obraz w wysokiej rozdzielczo\u015bci. 4-krotna natywna rozdzielczo\u015b\u0107 GBA gwarantuje, \u017ce klasyczne gry zachowaj\u0105 wyrazisto\u015b\u0107 i kolory bez zniekszta\u0142ce\u0144.  <\/p>\n<\/div>\n\n\n\n<div class=\"wp-block-column is-layout-flow wp-block-column-is-layout-flow\">\n<figure class=\"wp-block-image size-large\"><a href=\"https:\/\/droix.net\/wp-content\/uploads\/2024\/08\/AYANEO-POCKET-MICRO-MARKETING-DONE-13.jpg\" target=\"_blank\" rel=\"noopener\"><img decoding=\"async\" src=\"https:\/\/droix.net\/wp-content\/uploads\/2024\/08\/AYANEO-POCKET-MICRO-MARKETING-DONE-13-1024x1024.jpg\" alt=\"Grafika przedstawiaj&#x105;ca procesor MediaTek Helio G99 w AYANEO Pocket Micro. Pola tekstowe podkre&#x15B;laj&#x105; o&#x15B;miordzeniowy procesor zdolny do uruchamiania gier PS2, aktywne ch&#x142;odzenie dla d&#x142;ugich sesji grania i do 6 godzin pracy na baterii. Logo Helio G99 jest wyra&#x17A;nie widoczne na kolorowym tle.  \" class=\"wp-image-184267\"\/><\/a><\/figure>\n\n\n\n<h3 class=\"wp-block-heading\" id=\"h-performance\"><strong>Wydajno\u015b\u0107<\/strong><\/h3>\n\n\n\n<p>Nap\u0119dzany procesorem MediaTek Helio G99, Pocket Micro zapewnia p\u0142ynn\u0105 rozgrywk\u0119 nawet w grach PS2. Wyposa\u017cony jest w pami\u0119\u0107 LPDDR4X 4266Mbps i oferuje dwie opcje pami\u0119ci masowej: 6GB+128GB lub 8GB+256GB. Taka konfiguracja zapewnia du\u017co miejsca na zr\u00f3\u017cnicowan\u0105 bibliotek\u0119 gier przy zachowaniu wysokiej wydajno\u015bci.  <\/p>\n<\/div>\n<\/div>\n\n<div class=\"wp-block-columns is-layout-flex wp-container-core-columns-is-layout-28f84493 wp-block-columns-is-layout-flex\">\n<div class=\"wp-block-column is-layout-flow wp-block-column-is-layout-flow\">\n<figure class=\"wp-block-image size-large\"><a href=\"https:\/\/droix.net\/wp-content\/uploads\/2024\/08\/AYANEO-POCKET-MICRO-MARKETING-DONE-15.jpg\" target=\"_blank\" rel=\"noopener\"><img decoding=\"async\" src=\"https:\/\/droix.net\/wp-content\/uploads\/2024\/08\/AYANEO-POCKET-MICRO-MARKETING-DONE-15-1024x1024.jpg\" alt=\"D&#x142;onie trzymaj&#x105;ce AYANEO Pocket Micro, pokazuj&#x105;ce ty&#x142; urz&#x105;dzenia z przyciskami na ramionach i otworami wentylacyjnymi. Poni&#x17C;ej znajduje si&#x119; schemat przedniej cz&#x119;&#x15B;ci urz&#x105;dzenia z uk&#x142;adem przycisk&#xF3;w i ekranem. Tekst opisuje unikaln&#x105; konstrukcj&#x119; przycisk&#xF3;w i kreatywne wra&#x17C;enia dotykowe, w tym szczeg&#xF3;&#x142;y dotycz&#x105;ce przycisk&#xF3;w naramiennych L1, L2, R1, R2 i funkcji krzy&#x17C;owych.  \" class=\"wp-image-184279\"\/><\/a><\/figure>\n\n\n\n<h3 class=\"wp-block-heading\" id=\"h-controls-and-features\"><strong>Elementy steruj\u0105ce i funkcje<\/strong><\/h3>\n\n\n\n<p>Urz\u0105dzenie posiada innowacyjny uk\u0142ad sterowania zapewniaj\u0105cy wygod\u0119 i szybko\u015b\u0107 reakcji. Zawiera joysticki Hall, przyciski naramienne L1\/L2\/R1\/R2 o r\u00f3\u017cnej wysoko\u015bci oraz przycisk prze\u0142\u0105cznika tap. Dodatkowe elementy steruj\u0105ce obejmuj\u0105 g\u0142\u00f3wny uchwyt dooko\u0142a, silnik liniowy w osi X zapewniaj\u0105cy sprz\u0119\u017cenie zwrotne wibracji oraz sze\u015bcioosiowy \u017cyroskop zapewniaj\u0105cy lepsz\u0105 kontrol\u0119 nad gr\u0105.  <\/p>\n<\/div>\n\n\n\n<div class=\"wp-block-column is-layout-flow wp-block-column-is-layout-flow\">\n<figure class=\"wp-block-image size-large\"><a href=\"https:\/\/droix.net\/wp-content\/uploads\/2024\/08\/AYANEO-POCKET-MICRO-MARKETING-DONE-16.jpg\" target=\"_blank\" rel=\"noopener\"><img decoding=\"async\" src=\"https:\/\/droix.net\/wp-content\/uploads\/2024\/08\/AYANEO-POCKET-MICRO-MARKETING-DONE-16-1024x1024.jpg\" alt=\"Zbli&#x17C;enie d&#x142;oni trzymaj&#x105;cych AYANEO Pocket Micro, wy&#x15B;wietlaj&#x105;cych na ekranie gr&#x119; &quot;Balatro&quot;. Powy&#x17C;ej, ikony reprezentuj&#x105; funkcje &#x142;&#x105;czno&#x15B;ci: dwuzakresowe WiFi 5 i BT 5.2, interfejs USB Type-C i gniazdo kart Micro SD, wraz z kr&#xF3;tkimi opisami zalet ka&#x17C;dej z funkcji. \" class=\"wp-image-184269\"\/><\/a><\/figure>\n\n\n\n<h3 class=\"wp-block-heading\" id=\"h-connectivity-and-software\"><strong>\u0141\u0105czno\u015b\u0107 i oprogramowanie<\/strong><\/h3>\n\n\n\n<p>Dzia\u0142aj\u0105cy na Android 13, Pocket Micro obs\u0142uguje dwuzakresowe WiFi 5 i Bluetooth 5.2 dla niezawodnej \u0142\u0105czno\u015bci bezprzewodowej. Posiada port USB typu C z obs\u0142ug\u0105 USB 2.0 OTG i gniazdo kart Micro SD (SD 3.0) do rozszerzenia pami\u0119ci masowej. Urz\u0105dzeniem zarz\u0105dza si\u0119 za pomoc\u0105 aplikacji AYASpace Management Front-end i AYAHome Desktop Launcher, co zapewnia przyjazn\u0105 obs\u0142ug\u0119.  <\/p>\n<\/div>\n\n\n\n<div class=\"wp-block-column is-layout-flow wp-block-column-is-layout-flow\">\n<figure class=\"wp-block-image size-large\"><a href=\"https:\/\/droix.net\/wp-content\/uploads\/2024\/08\/AYANEO-POCKET-MICRO-MARKETING-DONE-14.jpg\" target=\"_blank\" rel=\"noopener\"><img decoding=\"async\" src=\"https:\/\/droix.net\/wp-content\/uploads\/2024\/08\/AYANEO-POCKET-MICRO-MARKETING-DONE-14-1024x1024.jpg\" alt=\"Eleganckie czarne przeno&#x15B;ne urz&#x105;dzenie do gier o nazwie AYANEO Pocket Micro pokazane pod k&#x105;tem, podkre&#x15B;laj&#x105;ce jego smuk&#x142;y profil i uk&#x142;ad przycisk&#xF3;w. Poni&#x17C;ej znajduj&#x105; si&#x119; ikony reprezentuj&#x105;ce r&#xF3;&#x17C;ne funkcje, takie jak celowanie &#x17C;yroskopowe, precyzyjne joysticki i opcje dostosowywania przycisk&#xF3;w. \" class=\"wp-image-184268\"\/><\/a><\/figure>\n\n\n\n<h3 class=\"wp-block-heading\" id=\"h-innovative-button-design\"><strong>Innowacyjna konstrukcja przycisk\u00f3w<\/strong><\/h3>\n\n\n\n<p>Pocket Micro posiada unikalny uk\u0142ad przycisk\u00f3w z klawiszami krzy\u017cowymi i przyciskami ABXY wykorzystuj\u0105cymi technologi\u0119 kleju przewodz\u0105cego dla p\u0142ynnej reakcji dotykowej. Klawisze naramienne zosta\u0142y zaprojektowane do pracy z wysok\u0105 cz\u0119stotliwo\u015bci\u0105, z konfigurowaln\u0105 zamian\u0105 warto\u015bci klawiszy dost\u0119pn\u0105 za po\u015brednictwem AYASpace. <\/p>\n<\/div>\n<\/div>\n\n<h3 class=\"wp-block-heading\" id=\"h-battery-and-cooling\"><strong>Akumulator i ch\u0142odzenie<\/strong><\/h3>\n\n<p>Pocket Micro posiada bateri\u0119 o pojemno\u015bci 2600 mAh, kt\u00f3ra zapewnia do 6 godzin nieprzerwanej rozgrywki. Zaawansowany, ch\u0142odzony powietrzem, aktywny system rozpraszania ciep\u0142a pomaga zapobiega\u0107 spadkom wydajno\u015bci podczas d\u0142ugich sesji grania, zapewniaj\u0105c sta\u0142\u0105 wydajno\u015b\u0107. <\/p>\n\n<h3 class=\"wp-block-heading\" id=\"h-additional-features\"><strong>Dodatkowe funkcje<\/strong><\/h3>\n\n<p>Urz\u0105dzenie integruje uwierzytelnianie biometryczne za pomoc\u0105 klawisza zasilania z d\u017awi\u0119kowym rozpoznawaniem odcisk\u00f3w palc\u00f3w. Oferuje r\u00f3wnie\u017c wibracje d\u017awi\u0119kowe SoundTAP Magic, wibracje Xinput, tryby wydajno\u015bci wielu scen i konfigurowalne mapowanie klawiszy dla spersonalizowanych wra\u017ce\u0144 z gry. <\/p>\n\n<h3 class=\"wp-block-heading\" id=\"h-visual-appeal\"><strong>Atrakcyjno\u015b\u0107 wizualna<\/strong><\/h3>\n\n<p>Zaprojektowany tak, aby przyci\u0105ga\u0107 wzrok, Pocket Micro ma smuk\u0142y profil i estetyk\u0119 inspirowan\u0105 stylem retro. Jego \u017cywy wy\u015bwietlacz i wysokiej jako\u015bci metaliczna tekstura podkre\u015blaj\u0105 jego wygl\u0105d, czyni\u0105c go atrakcyjnym wyborem zar\u00f3wno dla kolekcjoner\u00f3w, jak i graczy. <\/p>\n\n<h3 class=\"wp-block-heading\" id=\"h-conclusion\">Wnioski<\/h3>\n\n<p>AYANEO Pocket Micro to starannie wykonana konsola przeno\u015bna, kt\u00f3ra \u0142\u0105czy w sobie urok retro z nowoczesn\u0105 funkcjonalno\u015bci\u0105. Jej przemy\u015blana konstrukcja i wysokiej jako\u015bci wykonanie zapewniaj\u0105 niezwyk\u0142e wra\u017cenia z gry w kompaktowym, stylowym opakowaniu. Niezale\u017cnie od tego, czy powracasz do klasycznych gier, czy odkrywasz nowe, Pocket Micro oferuje wspania\u0142y dodatek do ka\u017cdej konfiguracji gier.  <\/p>\n","protected":false},"excerpt":{"rendered":"<ul>\n<li>Procesor: MediaTek <strong>Helio G99<\/strong><\/li>\n<li>Wy\u015bwietlacz: 3,5&#8243; <strong>bez obramowania<\/strong> <strong> IPS<\/strong><\/li>\n<li>Pami\u0119\u0107 RAM: do <strong>8 GB<\/strong> LPDDR4X przy <strong>4266 MT\/s<\/strong><\/li>\n<li>Pami\u0119\u0107 masowa: Do <strong>256 GB<\/strong> UFS 2.2<\/li>\n<li>\u0141\u0105czno\u015b\u0107: Wi-Fi <strong>5<\/strong> i Bluetooth <strong>5.2<\/strong> <\/li>\n<\/ul>\n<p><img fetchpriority=\"high\" decoding=\"async\" src=\"https:\/\/ayaneo.co\/wp-content\/uploads\/2024\/08\/MICRO-GIFTS-NEW-NOGRIPS.jpg\" alt=\"Czarne etui ochronne i ma\u0142e, prostok\u0105tne pude\u0142ko (prawdopodobnie ochraniacz ekranu) s\u0105 pokazane obok tekstu, kt\u00f3ry brzmi  \" free=\"\" gifts=\"\" protective=\"\" case=\"\" screen=\"\" protector=\"\" automatically=\"\" added=\"\" to=\"\" cart.=\"\" the=\"\" box=\"\" has=\"\" pocket=\"\" micro=\"\" visible=\"\" on=\"\" it.=\"\" width=\"550\" height=\"140\" class=\"alignnone size-full wp-image-24520\" srcset=\"https:\/\/ayaneo.co\/wp-content\/uploads\/2024\/08\/MICRO-GIFTS-NEW-NOGRIPS.jpg 550w, https:\/\/ayaneo.co\/wp-content\/uploads\/2024\/08\/MICRO-GIFTS-NEW-NOGRIPS-300x76.jpg 300w, https:\/\/ayaneo.co\/wp-content\/uploads\/2024\/08\/MICRO-GIFTS-NEW-NOGRIPS-441x112.jpg 441w, https:\/\/ayaneo.co\/wp-content\/uploads\/2024\/08\/MICRO-GIFTS-NEW-NOGRIPS-150x38.jpg 150w\" sizes=\"(max-width: 550px) 100vw, 550px\" \/><\/p>\n[cg_accordion title=\"INFORMACJE O P\u0141ATNO\u015aCIACH\"]<\/p>\n<p>Korzystamy z najnowszej technologii przetwarzania p\u0142atno\u015bci, kt\u00f3ra umo\u017cliwia dokonywanie p\u0142atno\u015bci za po\u015brednictwem Apple Pay, Google Pay, karty debetowej\/kredytowej, PayPal lub metod BNPL, takich jak Klarna, Affirm lub AfterPay, zapewniaj\u0105c szybkie i bezpieczne do\u015bwiadczenie.[\/cg_accordion]\n[cg_accordion title=\"GWARANCJA\"]<\/p>\n<p>1-letnia gwarancja od <a href=\"https:\/\/droix.net\/\" target=\"_blank\" rel=\"nofollow noopener\">DROIX<\/a> Global dla Twojego spokoju ducha[\/cg_accordion]\n[cg_accordion title=\"CENY, PODATKI I WYSY\u0141KA\"]<\/p>\n<p><strong><u>Uwaga:<\/u><\/strong><\/p>\n<ul>\n<li>Klienci ze Stan\u00f3w Zjednoczonych: Wy\u015bwietlana cena NIE ZAWIERA PODATKU ani c\u0142a. Odpowiedzialno\u015b\u0107 za odpraw\u0119 celn\u0105 i zap\u0142at\u0119 wszelkich powi\u0105zanych podatk\u00f3w \/ ce\u0142 spoczywa na kliencie. <\/li>\n<li>Klienci z UE: Wy\u015bwietlana cena zawiera obowi\u0105zuj\u0105cy PODATEK, kt\u00f3ry mo\u017ce wynosi\u0107 do 25% w zale\u017cno\u015bci od kraju.<\/li>\n<li>Klienci z Kanady: Wy\u015bwietlana cena zawiera obowi\u0105zuj\u0105ce podatki, kt\u00f3re mog\u0105 obejmowa\u0107 5% GST i dodatkowe prowincjonalne podatki od sprzeda\u017cy (PST), zharmonizowany podatek od sprzeda\u017cy (HST) lub podatek od sprzeda\u017cy w Quebecu (QST), w zale\u017cno\u015bci od prowincji.<\/li>\n<\/ul>\n<p><strong>TYLKO dla klient\u00f3w z UE:<\/strong> Express DDP (Delivered Duty Paid). Oznacza to: <\/p>\n<ul>\n<li>Wszystkie op\u0142aty celne i podatki s\u0105 wliczone w cen\u0119 wy\u015bwietlan\u0105 na stronie produktu.<\/li>\n<li>Przy dostawie nie trzeba b\u0119dzie uiszcza\u0107 \u017cadnych dodatkowych op\u0142at.<\/li>\n<li>W rzadkich przypadkach zwi\u0105zanych z kwestiami celnymi nasz zesp\u00f3\u0142 zajmie si\u0119 procesem odprawy celnej w Twoim imieniu, aby zapewni\u0107 sprawn\u0105 dostaw\u0119.<\/li>\n<p>Wa\u017cne informacje dotycz\u0105ce zwrot\u00f3w:<\/p>\n<li>Je\u015bli zdecydujesz si\u0119 zwr\u00f3ci\u0107 zam\u00f3wienie lub za\u017c\u0105da\u0107 zwrotu pieni\u0119dzy, pami\u0119taj, \u017ce podatki i c\u0142a zap\u0142acone w Twoim imieniu zgodnie z warunkami DDP nie mog\u0105 zosta\u0107 zwr\u00f3cone.<\/li>\n<p>Szczeg\u00f3\u0142owe informacje mo\u017cna znale\u017a\u0107 w naszym <a href=\"https:\/\/ayaneo.co\/pl\/warunki-swiadczenia-uslug\/\" target=\"_blank\" rel=\"nofollow noopener\">Regulaminie<\/a>.\n<\/ul>\n<p>[\/cg_accordion]\n[cg_accordion title=\"OBS\u0141UGA KLIENTA\"]<\/p>\n<p>Masz pytanie? Wystarczy kr\u00f3tka wiadomo\u015b\u0107 tekstowa, aby rozwi\u0105za\u0107 Tw\u00f3j problem!<br \/>\n[\/cg_accordion]\n[cg_accordion title=\"Pakiet zawiera\"]<\/p>\n<ul>\n<li>1x AYANEO Pocket Micro<\/li>\n<li>1x Kabel USB typu C<\/li>\n<li>1x Instrukcja obs\u0142ugi<\/li>\n<\/ul>\n<p>[\/cg_accordion]\n","protected":false},"featured_media":6928,"template":"","meta":{"_acf_changed":false},"product_brand":[],"product_cat":[584],"product_tag":[],"class_list":{"0":"post-4997","1":"product","2":"type-product","3":"status-publish","4":"has-post-thumbnail","6":"product_cat-android-gaming-handheld-pl","7":"product_shipping_class-standard","8":"pa_brand-ayaneo","9":"pa_graphics-gpu-model-g57","10":"pa_operating-system-android-13","11":"pa_processor-cpu-brand-mediatek","13":"first","14":"outofstock","15":"taxable","16":"shipping-taxable","17":"purchasable","18":"product-type-variable","19":"has-default-attributes"},"acf":[],"_links":{"self":[{"href":"https:\/\/ayaneo.co\/pl\/wp-json\/wp\/v2\/product\/4997","targetHints":{"allow":["GET"]}}],"collection":[{"href":"https:\/\/ayaneo.co\/pl\/wp-json\/wp\/v2\/product"}],"about":[{"href":"https:\/\/ayaneo.co\/pl\/wp-json\/wp\/v2\/types\/product"}],"wp:featuredmedia":[{"embeddable":true,"href":"https:\/\/ayaneo.co\/pl\/wp-json\/wp\/v2\/media\/6928"}],"wp:attachment":[{"href":"https:\/\/ayaneo.co\/pl\/wp-json\/wp\/v2\/media?parent=4997"}],"wp:term":[{"taxonomy":"product_brand","embeddable":true,"href":"https:\/\/ayaneo.co\/pl\/wp-json\/wp\/v2\/product_brand?post=4997"},{"taxonomy":"product_cat","embeddable":true,"href":"https:\/\/ayaneo.co\/pl\/wp-json\/wp\/v2\/product_cat?post=4997"},{"taxonomy":"product_tag","embeddable":true,"href":"https:\/\/ayaneo.co\/pl\/wp-json\/wp\/v2\/product_tag?post=4997"}],"curies":[{"name":"wp","href":"https:\/\/api.w.org\/{rel}","templated":true}]}}