{"id":5066,"date":"2024-09-20T09:49:52","date_gmt":"2024-09-20T09:49:52","guid":{"rendered":"https:\/\/ayaneo.co\/product\/akcesoria-ayaneo-pocket-s\/"},"modified":"2025-12-09T00:26:06","modified_gmt":"2025-12-09T00:26:06","slug":"akcesoria-ayaneo-pocket-s","status":"publish","type":"product","link":"https:\/\/ayaneo.co\/pl\/product\/akcesoria-ayaneo-pocket-s\/","title":{"rendered":"AYANEO Pocket S Akcesoria"},"content":{"rendered":"\n<p>Podnie\u015b swoje AYANEO Pocket S wra\u017cenia z gry dzi\u0119ki temu niezb\u0119dnemu zestawowi akcesori\u00f3w, zaprojektowanemu z my\u015bl\u0105 o ochronie, komforcie i lepszej rozgrywce.<\/p>\n\n<ul class=\"wp-block-list\">\n<li><strong>Magnetyczne etui ochronne z klapk\u0105 2 w 1<\/strong>: Etui o innowacyjnej, ergonomicznej konstrukcji \u0142\u0105czy w sobie styl i funkcjonalno\u015b\u0107. Etui ochronne posiada magnetyczn\u0105 klapk\u0119, kt\u00f3ra zabezpiecza urz\u0105dzenie, zapewniaj\u0105c jednocze\u015bnie \u0142atwy dost\u0119p. Antypo\u015blizgowa tekstura zapewnia pewny chwyt, a du\u017cy uchwyt zapewnia wygodne trzymanie podczas d\u0142ugich sesji grania. Niezale\u017cnie od tego, czy jeste\u015b w domu, czy w podr\u00f3\u017cy, to etui ochronne jest idealnym towarzyszem, kt\u00f3ry chroni AYANEO Pocket S przed codziennym zu\u017cyciem.   <\/li>\n\n\n\n<li><strong>Ochraniacz ekranu<\/strong>: Chro\u0144 sw\u00f3j ekran za pomoc\u0105 wysokiej jako\u015bci, ultra-przezroczystego ochraniacza ekranu. Zaprojektowany tak, aby by\u0142 odporny na zadrapania, smugi i odciski palc\u00f3w, zapewnia, \u017ce wy\u015bwietlacz pozostanie tak \u017cywy i responsywny jak zawsze. Jego \u0142atwa do na\u0142o\u017cenia konstrukcja gwarantuje instalacj\u0119 bez p\u0119cherzyk\u00f3w powietrza, utrzymuj\u0105c ekran w nieskazitelnym stanie, zachowuj\u0105c jednocze\u015bnie czu\u0142o\u015b\u0107 na dotyk, zapewniaj\u0105c p\u0142ynn\u0105, nieprzerwan\u0105 rozgrywk\u0119.  <\/li>\n\n\n\n<li><strong>Uchwyty na kciuki<\/strong>: Zwi\u0119ksz swoj\u0105 kontrol\u0119 dzi\u0119ki wysokiej jako\u015bci uchwytom na kciuki. Te silikonowe nak\u0142adki na dr\u0105\u017cki analogowe zapewniaj\u0105 doskona\u0142\u0105 przyczepno\u015b\u0107 i precyzj\u0119, pomagaj\u0105c zachowa\u0107 kontrol\u0119 nawet w najbardziej intensywnych momentach gry. Zaprojektowane w celu zmniejszenia zm\u0119czenia i poprawy komfortu, te uchwyty na kciuki pozwalaj\u0105 na dok\u0142adniejsze ruchy, daj\u0105c ci przewag\u0119 nad konkurencj\u0105, kt\u00f3rej potrzebujesz.  <\/li>\n<\/ul>\n\n<p>Ten zestaw akcesori\u00f3w zapewnia ochron\u0119 i gotowo\u015b\u0107 do dzia\u0142ania AYANEO Pocket S , jednocze\u015bnie poprawiaj\u0105c wra\u017cenia z gry dzi\u0119ki ergonomicznym ulepszeniom.<\/p>\n","protected":false},"excerpt":{"rendered":"[cg_accordion title=\"INFORMACJE O P\u0141ATNO\u015aCIACH\"]<\/p>\n<p>Korzystamy z najnowszej technologii przetwarzania p\u0142atno\u015bci, kt\u00f3ra umo\u017cliwia dokonywanie p\u0142atno\u015bci za po\u015brednictwem Apple Pay, Google Pay, karty debetowej\/kredytowej, PayPal lub metod BNPL, takich jak Klarna, Affirm lub AfterPay, zapewniaj\u0105c szybkie i bezpieczne do\u015bwiadczenie.[\/cg_accordion]\n[cg_accordion title=\"GWARANCJA\"]<\/p>\n<p>1-letnia gwarancja od <a href=\"https:\/\/droix.net\/\" target=\"_blank\" rel=\"nofollow noopener\">DROIX<\/a> Global dla Twojego spokoju ducha[\/cg_accordion]\n[cg_accordion title=\"CENY, PODATKI I WYSY\u0141KA\"]<\/p>\n<p><strong><u>Uwaga:<\/u><\/strong><\/p>\n<ul>\n<li>Klienci ze Stan\u00f3w Zjednoczonych: Wy\u015bwietlana cena NIE ZAWIERA PODATKU ani c\u0142a. Odpowiedzialno\u015b\u0107 za odpraw\u0119 celn\u0105 i zap\u0142at\u0119 wszelkich powi\u0105zanych podatk\u00f3w \/ ce\u0142 spoczywa na kliencie. <\/li>\n<li>Klienci z UE: Wy\u015bwietlana cena zawiera obowi\u0105zuj\u0105cy PODATEK, kt\u00f3ry mo\u017ce wynosi\u0107 do 25% w zale\u017cno\u015bci od kraju.<\/li>\n<li>Klienci z Kanady: Wy\u015bwietlana cena zawiera obowi\u0105zuj\u0105ce podatki, kt\u00f3re mog\u0105 obejmowa\u0107 5% GST i dodatkowe prowincjonalne podatki od sprzeda\u017cy (PST), zharmonizowany podatek od sprzeda\u017cy (HST) lub podatek od sprzeda\u017cy w Quebecu (QST), w zale\u017cno\u015bci od prowincji.<\/li>\n<\/ul>\n<p><strong>TYLKO dla klient\u00f3w z UE:<\/strong> Express DDP (Delivered Duty Paid). Oznacza to: <\/p>\n<ul>\n<li>Wszystkie op\u0142aty celne i podatki s\u0105 wliczone w cen\u0119 wy\u015bwietlan\u0105 na stronie produktu.<\/li>\n<li>Przy dostawie nie trzeba b\u0119dzie uiszcza\u0107 \u017cadnych dodatkowych op\u0142at.<\/li>\n<li>W rzadkich przypadkach zwi\u0105zanych z kwestiami celnymi nasz zesp\u00f3\u0142 zajmie si\u0119 procesem odprawy celnej w Twoim imieniu, aby zapewni\u0107 sprawn\u0105 dostaw\u0119.<\/li>\n<p>Wa\u017cne informacje dotycz\u0105ce zwrot\u00f3w:<\/p>\n<li>Je\u015bli zdecydujesz si\u0119 zwr\u00f3ci\u0107 zam\u00f3wienie lub za\u017c\u0105da\u0107 zwrotu pieni\u0119dzy, pami\u0119taj, \u017ce podatki i c\u0142a zap\u0142acone w Twoim imieniu zgodnie z warunkami DDP nie mog\u0105 zosta\u0107 zwr\u00f3cone.<\/li>\n<p>Szczeg\u00f3\u0142owe informacje mo\u017cna znale\u017a\u0107 w naszym <a href=\"https:\/\/ayaneo.co\/terms-of-service-2\/\" target=\"_blank\" rel=\"nofollow noopener\">Regulaminie<\/a>.\n<\/ul>\n<p>[\/cg_accordion]\n[cg_accordion title=\"OBS\u0141UGA KLIENTA\"]<\/p>\n<p>Masz pytanie? Wystarczy kr\u00f3tka wiadomo\u015b\u0107 tekstowa, aby rozwi\u0105za\u0107 Tw\u00f3j problem!<br \/>\n[\/cg_accordion]\n","protected":false},"featured_media":5067,"template":"","meta":{"_acf_changed":false},"product_brand":[],"product_cat":[555],"product_tag":[],"class_list":{"0":"post-5066","1":"product","2":"type-product","3":"status-publish","4":"has-post-thumbnail","6":"product_cat-akcesoria","7":"product_shipping_class-low-end","8":"pa_accessory-type-grip-pl","9":"pa_accessory-type-protective-case-pl","10":"pa_accessory-type-screen-protector-pl","11":"pa_brand-ayaneo","13":"first","14":"instock","15":"sale","16":"taxable","17":"shipping-taxable","18":"purchasable","19":"product-type-simple"},"acf":[],"_links":{"self":[{"href":"https:\/\/ayaneo.co\/pl\/wp-json\/wp\/v2\/product\/5066","targetHints":{"allow":["GET"]}}],"collection":[{"href":"https:\/\/ayaneo.co\/pl\/wp-json\/wp\/v2\/product"}],"about":[{"href":"https:\/\/ayaneo.co\/pl\/wp-json\/wp\/v2\/types\/product"}],"wp:featuredmedia":[{"embeddable":true,"href":"https:\/\/ayaneo.co\/pl\/wp-json\/wp\/v2\/media\/5067"}],"wp:attachment":[{"href":"https:\/\/ayaneo.co\/pl\/wp-json\/wp\/v2\/media?parent=5066"}],"wp:term":[{"taxonomy":"product_brand","embeddable":true,"href":"https:\/\/ayaneo.co\/pl\/wp-json\/wp\/v2\/product_brand?post=5066"},{"taxonomy":"product_cat","embeddable":true,"href":"https:\/\/ayaneo.co\/pl\/wp-json\/wp\/v2\/product_cat?post=5066"},{"taxonomy":"product_tag","embeddable":true,"href":"https:\/\/ayaneo.co\/pl\/wp-json\/wp\/v2\/product_tag?post=5066"}],"curies":[{"name":"wp","href":"https:\/\/api.w.org\/{rel}","templated":true}]}}