{"id":5085,"date":"2024-10-28T15:23:02","date_gmt":"2024-10-28T15:23:02","guid":{"rendered":"https:\/\/ayaneo.co\/product\/aya-neo-2s\/"},"modified":"2025-04-11T12:11:30","modified_gmt":"2025-04-11T12:11:30","slug":"aya-neo-2s","status":"publish","type":"product","link":"https:\/\/ayaneo.co\/pl\/product\/aya-neo-2s\/","title":{"rendered":"AYA NEO 2S"},"content":{"rendered":"\n<p><strong>AYA NEO 2S: Najlepszy przeno\u015bny komputer do gier<\/strong> <\/p>\n\n<p>Przedstawiamy AYA NEO 2S, uosobienie przeno\u015bnych komputer\u00f3w do gier. Zaprojektowany z my\u015bl\u0105 o zapewnieniu wyj\u0105tkowej wydajno\u015bci w kompaktowej obudowie, ten mobilny komputer do gier ma zrewolucjonizowa\u0107 spos\u00f3b grania w podr\u00f3\u017cy. Dzi\u0119ki pot\u0119\u017cnemu procesorowi AMD Ryzen, wysokiej jako\u015bci grafice, wci\u0105gaj\u0105cemu wy\u015bwietlaczowi i zaawansowanym funkcjom, AYA NEO 2S jest najlepszym przeno\u015bnym komputerem do gier, kt\u00f3ry przekroczy Twoje oczekiwania.    <\/p>\n\n<p><strong>Elegancki i stylowy: Wybierz sw\u00f3j styl<\/strong> <\/p>\n\n<p>AYA NEO 2S jest dost\u0119pny w wielu atrakcyjnych kolorach obudowy, aby dopasowa\u0107 si\u0119 do Twojego osobistego stylu. Niezale\u017cnie od tego, czy wolisz klasyczn\u0105 elegancj\u0119 Starry Black, nieskazitelne pi\u0119kno Sky White, urok retro Retro Power, czy te\u017c \u017cyw\u0105 zabaw\u0119 B.Duck Pink &amp; Blue lub B.Duck Joyful Black, ka\u017cdy znajdzie co\u015b dla siebie. Nie tylko oferuje pot\u0119\u017cn\u0105 wydajno\u015b\u0107, ale tak\u017ce wygl\u0105da elegancko i stylowo, dzi\u0119ki czemu jest prawdziwym akcentem, gdziekolwiek go zabierzesz.    <\/p>\n\n<p><strong>Uwolnij sw\u00f3j gamingowy potencja\u0142 dzi\u0119ki AMD Ryzen Power<\/strong> <\/p>\n\n<p>Wyposa\u017cony w procesor <a href=\"https:\/\/www.amd.com\/en\/products\/apu\/amd-ryzen-7-7840u\" target=\"_blank\" rel=\"noreferrer noopener\">AMD Ryzen 7 7840U<\/a>, AYA NEO 2S zapewnia niezwyk\u0142\u0105 moc obliczeniow\u0105 do p\u0142ynnej gry i wielozadaniowo\u015bci. Dzi\u0119ki 8 rdzeniom i 16 w\u0105tkom, procesor ten osi\u0105ga bazow\u0105 cz\u0119stotliwo\u015b\u0107 taktowania 3,3 GHz i maksymaln\u0105 cz\u0119stotliwo\u015b\u0107 taktowania 5,1 GHz. Zapewnia niesamowit\u0105 szybko\u015b\u0107 reakcji i wydajno\u015b\u0107, gwarantuj\u0105c p\u0142ynn\u0105 rozgrywk\u0119 i b\u0142yskawiczne czasy \u0142adowania. Niezale\u017cnie od tego, czy podbijasz wrog\u00f3w, czy tworzysz tre\u015bci, AYA NEO 2S bez trudu sprosta Twoim wymaganiom.     <\/p>\n\n<p><strong>Wci\u0105gaj\u0105ca grafika dla niezapomnianej rozgrywki<\/strong> <\/p>\n\n<p>Wyposa\u017cony w uk\u0142ad graficzny <a href=\"https:\/\/www.nvidia.com\/en-gb\/geforce\/gaming-laptops\/geforce-gtx-780m\/\" target=\"_blank\" rel=\"noreferrer noopener\">AMD Radeon 780M<\/a>, AYA NEO 2S przenosi Twoje wra\u017cenia z gier na nowy poziom. Dzi\u0119ki 12 rdzeniom i cz\u0119stotliwo\u015bci taktowania 2700 MHz zapewnia osza\u0142amiaj\u0105c\u0105 grafik\u0119 i p\u0142ynn\u0105 liczb\u0119 klatek na sekund\u0119. Od szczeg\u00f3\u0142owych \u015brodowisk po realistyczne animacje postaci, ka\u017cdy aspekt ulubionych gier o\u017cywa na tym przeno\u015bnym komputerze do gier. Przygotuj si\u0119 na zapieraj\u0105c\u0105 dech w piersiach grafik\u0119 i zanurz si\u0119 w \u015bwiecie gier jak nigdy dot\u0105d.     <\/p>\n\n<p><strong>P\u0142ynna wielozadaniowo\u015b\u0107 z szybk\u0105 pami\u0119ci\u0105 RAM<\/strong> <\/p>\n\n<p>Mobilny komputer do gier AYA NEO 2S oferuje wyb\u00f3r opcji szybkiej pami\u0119ci RAM, w tym 16 GB, 32 GB lub 64 GB pami\u0119ci <a href=\"https:\/\/en.wikipedia.org\/wiki\/LPDDR\" target=\"_blank\" rel=\"noreferrer noopener\">LPDDR5X<\/a> taktowanej zegarem 7500 MT\/s. Ta innowacyjna pami\u0119\u0107 RAM zapewnia p\u0142ynn\u0105 wielozadaniowo\u015b\u0107 i pozwala na uruchamianie wielu aplikacji jednocze\u015bnie bez \u017cadnych op\u00f3\u017anie\u0144 lub spowolnie\u0144. Niezale\u017cnie od tego, czy grasz, streamujesz, czy edytujesz, AYA NEO 2S ma pojemno\u015b\u0107 pami\u0119ci, kt\u00f3ra z \u0142atwo\u015bci\u0105 sobie z tym poradzi.    <\/p>\n\n<p><strong>Ogromna pami\u0119\u0107 masowa dla biblioteki gier<\/strong> <\/p>\n\n<p>Dzi\u0119ki AYA NEO 2S przestrze\u0144 dyskowa nigdy nie jest problemem. Wybieraj spo\u015br\u00f3d szerokiej gamy opcji pami\u0119ci masowej, od 512 GB do a\u017c 4 TB m.2 2280 <a href=\"https:\/\/en.wikipedia.org\/wiki\/Solid-state_drive\" target=\"_blank\" rel=\"noreferrer noopener\">SSD<\/a>. Oznacza to, \u017ce mo\u017cesz przechowywa\u0107 wszystkie swoje ulubione gry, filmy i pliki bez obawy o brak miejsca. Po\u017cegnaj si\u0119 z usuwaniem gier, aby zrobi\u0107 miejsce na nowe i miej ca\u0142\u0105 swoj\u0105 bibliotek\u0119 gier na wyci\u0105gni\u0119cie r\u0119ki.     <\/p>\n\n<p><strong>Wci\u0105gaj\u0105cy wy\u015bwietlacz zapewniaj\u0105cy osza\u0142amiaj\u0105ce efekty wizualne<\/strong> <\/p>\n\n<p>AYA NEO 2S wyposa\u017cony jest w 7-calowy wy\u015bwietlacz IPS z konstrukcj\u0105 no-bezel, kt\u00f3ra maksymalizuje wra\u017cenia podczas ogl\u0105dania. Dzi\u0119ki rozdzielczo\u015bci 1920&#215;1200 i g\u0119sto\u015bci pikseli 323 PPI, ka\u017cdy szczeg\u00f3\u0142 jest ostry i \u017cywy. Jasno\u015b\u0107 wy\u015bwietlacza wynosi 500 nit\u00f3w, co pozwala cieszy\u0107 si\u0119 grami nawet w jasno o\u015bwietlonym otoczeniu. Z dok\u0142adno\u015bci\u0105 odwzorowania kolor\u00f3w 130% <a href=\"https:\/\/en.wikipedia.org\/wiki\/SRGB\" target=\"_blank\" rel=\"noreferrer noopener\">sRGB<\/a> i wsp\u00f3\u0142czynnikiem kontrastu 1200:1, AYA NEO 2S prezentuje kolory z wyj\u0105tkow\u0105 \u017cywo\u015bci\u0105 i g\u0142\u0119bi\u0105. Do\u015bwiadcz swoich ulubionych gier jak nigdy dot\u0105d na tym osza\u0142amiaj\u0105cym wy\u015bwietlaczu.      <\/p>\n\n<p><strong>Precyzyjna kontrola dla niezr\u00f3wnanej rozgrywki<\/strong> <\/p>\n\n<p>AYA NEO 2S zosta\u0142 zaprojektowany, aby zapewni\u0107 precyzyjn\u0105 kontrol\u0119 i wci\u0105gaj\u0105ce wra\u017cenia z gry. Posiada g\u0142\u00f3wny kontroler z <a href=\"https:\/\/thegamingsetup.com\/guides\/hall-effect-joysticks\" target=\"_blank\" rel=\"noreferrer noopener\">dr\u0105\u017ckami z czujnikami halla<\/a>, zapewniaj\u0105cymi p\u0142ynne i dok\u0142adne wprowadzanie danych dla ka\u017cdego ruchu. Liniowe wyzwalacze halla oferuj\u0105 ultra responsywne sprz\u0119\u017cenie zwrotne, pozwalaj\u0105c z \u0142atwo\u015bci\u0105 wykonywa\u0107 precyzyjne dzia\u0142ania. Dzi\u0119ki AYA NEO 2S masz najwy\u017csz\u0105 kontrol\u0119 w d\u0142oni.     <\/p>\n\n<p><strong>Uwolnij sw\u00f3j potencja\u0142 w grach dzi\u0119ki podw\u00f3jnemu, sze\u015bcioosiowemu \u017cyroskopowi<\/strong> <\/p>\n\n<p>AYA NEO 2S przenosi granie na wy\u017cszy poziom dzi\u0119ki podw\u00f3jnemu, sze\u015bcioosiowemu \u017cyroskopowi. Ta innowacyjna funkcja pozwala na ulepszone wykrywanie ruchu, umo\u017cliwiaj\u0105c interakcj\u0119 z grami w bardziej intuicyjny i wci\u0105gaj\u0105cy spos\u00f3b. Niezale\u017cnie od tego, czy przechylasz, skr\u0119casz czy obracasz, AYA NEO 2S dok\u0142adnie przek\u0142ada twoje ruchy na gr\u0119, zapewniaj\u0105c naprawd\u0119 wci\u0105gaj\u0105ce wra\u017cenia z gry.    <\/p>\n\n<p><strong>Poczuj gr\u0119 dzi\u0119ki wibracjom silnika liniowego HD<\/strong> <\/p>\n\n<p>AYA NEO 2S jest wyposa\u017cona w system wibracji HD z silnikiem liniowym, kt\u00f3ry nadaje nowy wymiar rozgrywce. Poczuj uderzenie ka\u017cdej eksplozji, dudnienie silnika i napi\u0119cie bitwy, gdy system wibracji o\u017cywi twoje gry. Zanurz si\u0119 w \u015bwiecie, w kt\u00f3rym mo\u017cesz poczu\u0107 ka\u017cd\u0105 chwil\u0119, przenosz\u0105c swoje wra\u017cenia z gry na zupe\u0142nie nowy poziom realizmu.    <\/p>\n\n<p><strong>Wydajne odprowadzanie ciep\u0142a dla optymalnej wydajno\u015bci<\/strong> <\/p>\n\n<p>AYA NEO 2S wykorzystuje zaawansowan\u0105 technologi\u0119 rozpraszania ciep\u0142a, aby zapewni\u0107 optymaln\u0105 wydajno\u015b\u0107 nawet podczas d\u0142ugich sesji gamingowych. Dzi\u0119ki konstrukcji 3+1 z trzema miedzianymi rurkami, du\u017cemu arkuszowi miedzi i grafenowej \u0142atce, ten przeno\u015bny komputer do gier skutecznie rozprasza ciep\u0142o, utrzymuj\u0105c niskie temperatury i wysok\u0105 wydajno\u015b\u0107. Po\u017cegnaj si\u0119 z przegrzewaniem i ciesz si\u0119 nieprzerwanymi sesjami gamingowymi z AYA NEO 2S.    <\/p>\n\n<p><strong>Opcje \u0142\u0105czno\u015bci dla wszechstronnych gier<\/strong> <\/p>\n\n<p>AYA NEO 2S oferuje szereg opcji \u0142\u0105czno\u015bci, aby poprawi\u0107 wra\u017cenia z gry. Dzi\u0119ki dw\u00f3m portom USB 4 Type-C z \u0142\u0105czno\u015bci\u0105 eGPU, portowi USB 3.2 Type-C i gniazdu s\u0142uchawkowemu 3,5 mm mo\u017cesz pod\u0142\u0105czy\u0107 swoje ulubione urz\u0105dzenia peryferyjne, aby uzyska\u0107 spersonalizowan\u0105 konfiguracj\u0119 do gier. Niezwykle szybkie gniazdo kart Micro SD obs\u0142uguje do 300 MB\/s, umo\u017cliwiaj\u0105c bezproblemowe rozszerzenie opcji pami\u0119ci masowej. Dzi\u0119ki AYA NEO 2S masz elastyczno\u015b\u0107, aby gra\u0107 na sw\u00f3j spos\u00f3b.     <\/p>\n\n<p><strong>Bezproblemowa \u0142\u0105czno\u015b\u0107 dzi\u0119ki Wi-Fi 6E i Bluetooth 5.2<\/strong> <\/p>\n\n<p>AYA NEO 2S jest wyposa\u017cony w technologie Wi-Fi 6E i Bluetooth 5.2, kt\u00f3re zapewniaj\u0105 p\u0142ynn\u0105 \u0142\u0105czno\u015b\u0107 i szybkie przesy\u0142anie danych. \u0141\u0105cz si\u0119 z Internetem z pr\u0119dko\u015bci\u0105 b\u0142yskawicy, ciesz si\u0119 p\u0142ynn\u0105 gr\u0105 online i paruj swoje ulubione urz\u0105dzenia Bluetooth bez wysi\u0142ku. Niezale\u017cnie od tego, czy grasz, przesy\u0142asz strumieniowo, czy przegl\u0105dasz strony, AYA NEO 2S zapewnia \u0142\u0105czno\u015b\u0107 i gotowo\u015b\u0107 do dzia\u0142ania.    <\/p>\n\n<p><strong>Bezpieczne i wygodne rozpoznawanie odcisk\u00f3w palc\u00f3w<\/strong> <\/p>\n\n<p>Odblokuj AYA NEO 2S szybko i bezpiecznie dzi\u0119ki zintegrowanemu rozpoznawaniu odcisk\u00f3w palc\u00f3w na przycisku zasilania. Koniec z k\u0142opotami z has\u0142ami lub kodami PIN - wystarczy po\u0142o\u017cy\u0107 palec na przycisku zasilania i mo\u017cna zaczyna\u0107. Ta wygodna funkcja zapewnia spok\u00f3j ducha, wiedz\u0105c, \u017ce przeno\u015bny komputer do gier jest chroniony przed nieautoryzowanym dost\u0119pem.    <\/p>\n\n<p><strong>D\u0142ugotrwa\u0142a bateria dla d\u0142u\u017cszych sesji gamingowych<\/strong> <\/p>\n\n<p>R\u0119czny komputer do gier AYA NEO 2S jest wyposa\u017cony w akumulator o du\u017cej pojemno\u015bci 13050 mAh 50,25 Wh, kt\u00f3ry pozwala cieszy\u0107 si\u0119 d\u0142ugimi sesjami grania bez obawy o wyczerpanie energii. Niezale\u017cnie od tego, czy grasz w podr\u00f3\u017cy, czy w domu, AYA NEO 2S nad\u0105\u017ca za Twoimi wymaganiami, zapewniaj\u0105c, \u017ce nigdy nie przegapisz ani chwili akcji.   <\/p>\n\n<p><strong>Do\u015bwiadcz mocy Windows 11<\/strong> <\/p>\n\n<p>AYA NEO 2S ma fabrycznie zainstalowany Windows 11 Home Edition, najnowszy system operacyjny firmy Microsoft. Korzystaj z p\u0142ynnego i intuicyjnego interfejsu u\u017cytkownika, lepszej wydajno\u015bci w grach i dost\u0119pu do ogromnej biblioteki gier i aplikacji. <a href=\"https:\/\/en.wikipedia.org\/wiki\/Windows_11\" target=\"_blank\" rel=\"noreferrer noopener\">Windows 11<\/a> AYA NEO 2S jest idealn\u0105 platform\u0105 do uwolnienia pe\u0142nego potencja\u0142u.   <\/p>\n\n<p><strong>Kompaktowy i lekki do gier w podr\u00f3\u017cy<\/strong> <\/p>\n\n<p>Mierz\u0105cy zaledwie 10,3 x 4,1 x 0,8 cala (26,4 x 10,5 x 2,1 cm) i wa\u017c\u0105cy zaledwie 667 g przeno\u015bny komputer do gier AYA NEO 2S zosta\u0142 zaprojektowany w\u0142a\u015bnie do tego celu. Wsu\u0144 go do torby lub kieszeni, a b\u0119dziesz gotowy zabra\u0107 swoje przygody z grami w dowolne miejsce. Niezale\u017cnie od tego, czy jeste\u015b na wycieczce, w podr\u00f3\u017cy, czy po prostu relaksujesz si\u0119 w domu, kompaktowy komputer do gier AYA NEO 2S pozwala cieszy\u0107 si\u0119 grami zawsze i wsz\u0119dzie.    <\/p>\n\n<p><strong>Dlaczego warto kupi\u0107 AYA NEO 2S<\/strong> <\/p>\n\n<p>Poznaj przysz\u0142o\u015b\u0107 gier dzi\u0119ki AYA NEO 2S. Ten przeno\u015bny komputer do gier \u0142\u0105czy w sobie pot\u0119\u017cn\u0105 wydajno\u015b\u0107, osza\u0142amiaj\u0105c\u0105 grafik\u0119, precyzyjn\u0105 kontrol\u0119 i zaawansowane funkcje w kompaktowej i stylowej obudowie. Niezale\u017cnie od tego, czy jeste\u015b zwyk\u0142ym graczem, hardkorowym entuzjast\u0105, czy tw\u00f3rc\u0105 tre\u015bci, AYA NEO 2S jest bram\u0105 do niesko\u0144czonych mo\u017cliwo\u015bci. Wykorzystaj wolno\u015b\u0107 przeno\u015bnego grania i uwolnij sw\u00f3j potencja\u0142 dzi\u0119ki AYA NEO 2S.     <\/p>\n\n<p><strong>Zalety AYA NEO 2S:<\/strong> <\/p>\n\n<ul class=\"wp-block-list\">\n<li>Pot\u0119\u017cna wydajno\u015b\u0107: Procesor AMD Ryzen 7 7840U i uk\u0142ad graficzny AMD Radeon 780M zapewniaj\u0105 wyj\u0105tkow\u0105 wydajno\u015b\u0107, umo\u017cliwiaj\u0105c p\u0142ynn\u0105 rozgrywk\u0119 i prac\u0119 wielozadaniow\u0105.  <\/li>\n\n\n\n<li>Kompaktowy i przeno\u015bny: Dzi\u0119ki niewielkim rozmiarom i lekkiej konstrukcji, AYA NEO 2S jest wysoce przeno\u015bna, dzi\u0119ki czemu mo\u017cna j\u0105 \u0142atwo zabra\u0107 ze sob\u0105 w podr\u00f3\u017c.  <\/li>\n<\/ul>\n\n<ul class=\"wp-block-list\">\n<li>Wci\u0105gaj\u0105cy wy\u015bwietlacz: 7-calowy wy\u015bwietlacz IPS o wysokiej rozdzielczo\u015bci i \u017cywych kolorach zapewnia wci\u0105gaj\u0105ce wra\u017cenia w grach, o\u017cywiaj\u0105c je.  <\/li>\n\n\n\n<li>Precyzyjne sterowanie: G\u0142\u00f3wny kontroler z dr\u0105\u017ckami z czujnikiem efektu halla i liniowymi wyzwalaczami halla zapewnia precyzyjn\u0105 kontrol\u0119 dla lepszej rozgrywki.  <\/li>\n\n\n\n<li>Zaawansowane funkcje: AYA NEO 2S posiada takie funkcje, jak podw\u00f3jny sze\u015bcioosiowy \u017cyroskop, liniowy silnik wibracyjny HD i rozpoznawanie odcisk\u00f3w palc\u00f3w, zwi\u0119kszaj\u0105c og\u00f3lne wra\u017cenia z gry.  <\/li>\n<\/ul>\n\n<p><\/p>\n\n<p><\/p>\n","protected":false},"excerpt":{"rendered":"<ul>\n<li>AMD<strong> Ryzen\u2122 7 7840U<\/strong> \/ Radeon 780M<\/li>\n<li><strong>do 64 GB<\/strong> LPDDR5X @ <strong>7500 MT\/s<\/strong><\/li>\n<li><strong>do 4 TB<\/strong> Szybki PCIe 4.0 M.2 2280 SSD <\/li>\n<li><strong>7-calowy<\/strong> ekran dotykowy <strong> LCD<\/strong> <\/li>\n<li>Obs\u0142uga <strong>WiFi 6E<\/strong> i <strong>Bluetooth 5.2<\/strong> <\/li>\n<\/ul>\n[cg_accordion title=\"INFORMACJE O P\u0141ATNO\u015aCIACH\"]<\/p>\n<p>Korzystamy z najnowszej technologii przetwarzania p\u0142atno\u015bci, kt\u00f3ra umo\u017cliwia dokonywanie p\u0142atno\u015bci za po\u015brednictwem Apple Pay, Google Pay, karty debetowej\/kredytowej, PayPal lub metod BNPL, takich jak Klarna, Affirm lub AfterPay, zapewniaj\u0105c szybkie i bezpieczne do\u015bwiadczenie.[\/cg_accordion]\n[cg_accordion title=\"GWARANCJA\"]<\/p>\n<p>1-letnia gwarancja od <a href=\"https:\/\/droix.net\/\" target=\"_blank\" rel=\"nofollow noopener\">DROIX<\/a> Global dla Twojego spokoju ducha[\/cg_accordion]\n[cg_accordion title=\"CENY, PODATKI I WYSY\u0141KA\"]<\/p>\n<p><strong><u>Uwaga:<\/u><\/strong><\/p>\n<ul>\n<li>Klienci ze Stan\u00f3w Zjednoczonych: Wy\u015bwietlana cena NIE ZAWIERA PODATKU ani c\u0142a. Odpowiedzialno\u015b\u0107 za odpraw\u0119 celn\u0105 i zap\u0142at\u0119 wszelkich powi\u0105zanych podatk\u00f3w \/ ce\u0142 spoczywa na kliencie. <\/li>\n<li>Klienci z UE: Wy\u015bwietlana cena zawiera obowi\u0105zuj\u0105cy PODATEK, kt\u00f3ry mo\u017ce wynosi\u0107 do 25% w zale\u017cno\u015bci od kraju.<\/li>\n<li>Klienci z Kanady: Wy\u015bwietlana cena zawiera obowi\u0105zuj\u0105ce podatki, kt\u00f3re mog\u0105 obejmowa\u0107 5% GST i dodatkowe prowincjonalne podatki od sprzeda\u017cy (PST), zharmonizowany podatek od sprzeda\u017cy (HST) lub podatek od sprzeda\u017cy w Quebecu (QST), w zale\u017cno\u015bci od prowincji.<\/li>\n<\/ul>\n<p><strong>TYLKO dla klient\u00f3w z UE:<\/strong> Express DDP (Delivered Duty Paid). Oznacza to: <\/p>\n<ul>\n<li>Wszystkie op\u0142aty celne i podatki s\u0105 wliczone w cen\u0119 wy\u015bwietlan\u0105 na stronie produktu.<\/li>\n<li>Przy dostawie nie trzeba b\u0119dzie uiszcza\u0107 \u017cadnych dodatkowych op\u0142at.<\/li>\n<li>W rzadkich przypadkach zwi\u0105zanych z kwestiami celnymi nasz zesp\u00f3\u0142 zajmie si\u0119 procesem odprawy celnej w Twoim imieniu, aby zapewni\u0107 sprawn\u0105 dostaw\u0119.<\/li>\n<p>Wa\u017cne informacje dotycz\u0105ce zwrot\u00f3w:<\/p>\n<li>Je\u015bli zdecydujesz si\u0119 zwr\u00f3ci\u0107 zam\u00f3wienie lub za\u017c\u0105da\u0107 zwrotu pieni\u0119dzy, pami\u0119taj, \u017ce podatki i c\u0142a zap\u0142acone w Twoim imieniu zgodnie z warunkami DDP nie mog\u0105 zosta\u0107 zwr\u00f3cone.<\/li>\n<p>Szczeg\u00f3\u0142owe informacje mo\u017cna znale\u017a\u0107 w naszym <a href=\"https:\/\/ayaneo.co\/terms-of-service-2\/\" target=\"_blank\" rel=\"nofollow noopener\">Regulaminie<\/a>.\n<\/ul>\n<p>[\/cg_accordion]\n[cg_accordion title=\"OBS\u0141UGA KLIENTA\"]<\/p>\n<p>Masz pytanie? Wystarczy kr\u00f3tka wiadomo\u015b\u0107 tekstowa, aby rozwi\u0105za\u0107 Tw\u00f3j problem!<br \/>\n[\/cg_accordion]\n[cg_accordion title=\"Pakiet zawiera\"]<\/p>\n<ul>\n<li>1x AYANEO 2S<\/li>\n<li>1x Kabel USB typu C<\/li>\n<li>Adapter 2x USB C na A<\/li>\n<li>1x \u0141adowarka 100W typu A<\/li>\n<li>1x Kabel USB typu C<\/li>\n<li>1x adapter typu G1x adapter typu E<\/li>\n<li>1x Adapter typu I<\/li>\n<li>1x Instrukcja obs\u0142ugi<\/li>\n<li>1x Narz\u0119dzie do podwa\u017cania i naklejki do otwierania urz\u0105dzenia<\/li>\n<li>1x Wymienne os\u0142ony boczne<\/li>\n<\/ul>\n<p>[\/cg_accordion]\n","protected":false},"featured_media":5091,"template":"","meta":{"_acf_changed":false},"product_brand":[],"product_cat":[546],"product_tag":[547],"class_list":{"0":"post-5085","1":"product","2":"type-product","3":"status-publish","4":"has-post-thumbnail","6":"product_cat-reczne-komputery-do-gier","7":"product_tag-pc-gaming-handheld-pl","8":"product_shipping_class-premium","9":"pa_brand-ayaneo","10":"pa_graphics-gpu-model-radeon-780m","11":"pa_operating-system-windows-11","12":"pa_processor-cpu-brand-amd","14":"first","15":"outofstock","16":"sale","17":"taxable","18":"shipping-taxable","19":"purchasable","20":"product-type-variable","21":"has-default-attributes"},"acf":[],"_links":{"self":[{"href":"https:\/\/ayaneo.co\/pl\/wp-json\/wp\/v2\/product\/5085","targetHints":{"allow":["GET"]}}],"collection":[{"href":"https:\/\/ayaneo.co\/pl\/wp-json\/wp\/v2\/product"}],"about":[{"href":"https:\/\/ayaneo.co\/pl\/wp-json\/wp\/v2\/types\/product"}],"wp:featuredmedia":[{"embeddable":true,"href":"https:\/\/ayaneo.co\/pl\/wp-json\/wp\/v2\/media\/5091"}],"wp:attachment":[{"href":"https:\/\/ayaneo.co\/pl\/wp-json\/wp\/v2\/media?parent=5085"}],"wp:term":[{"taxonomy":"product_brand","embeddable":true,"href":"https:\/\/ayaneo.co\/pl\/wp-json\/wp\/v2\/product_brand?post=5085"},{"taxonomy":"product_cat","embeddable":true,"href":"https:\/\/ayaneo.co\/pl\/wp-json\/wp\/v2\/product_cat?post=5085"},{"taxonomy":"product_tag","embeddable":true,"href":"https:\/\/ayaneo.co\/pl\/wp-json\/wp\/v2\/product_tag?post=5085"}],"curies":[{"name":"wp","href":"https:\/\/api.w.org\/{rel}","templated":true}]}}