{"id":5146,"date":"2024-10-28T15:49:43","date_gmt":"2024-10-28T15:49:43","guid":{"rendered":"https:\/\/ayaneo.co\/product\/ayaneo-air-plus\/"},"modified":"2025-04-11T12:11:37","modified_gmt":"2025-04-11T12:11:37","slug":"ayaneo-air-plus","status":"publish","type":"product","link":"https:\/\/ayaneo.co\/pl\/product\/ayaneo-air-plus\/","title":{"rendered":"AYANEO AIR PLUS"},"content":{"rendered":"\n<h3 class=\"wp-block-heading\">Przegl\u0105d produkt\u00f3w<\/h3>\n\n<p>Konsola <strong>AYANEO AIR Plus<\/strong> na nowo definiuje standardy gier przeno\u015bnych, oferuj\u0105c najwy\u017csz\u0105 wydajno\u015b\u0107 w smuk\u0142ej, lekkiej obudowie, dzi\u0119ki czemu idealnie nadaje si\u0119 do u\u017cytku przeno\u015bnego. Wa\u017c\u0105ca zaledwie 525 g konsola to co\u015b wi\u0119cej ni\u017c tylko urz\u0105dzenie do gier - to wszechstronne narz\u0119dzie zar\u00f3wno do rozrywki, jak i produktywno\u015bci. <\/p>\n\n<p>Jego sercem jest <strong>procesor AMD Ryzen\u2122 7 6800U<\/strong>, nap\u0119dzany <strong>architektur\u0105 Zen 3+<\/strong> i <strong>grafik\u0105 RDNA 2<\/strong>, zapewniaj\u0105c\u0105 mo\u017cliwo\u015b\u0107 uruchamiania gier AAA z wysok\u0105 liczb\u0105 klatek na sekund\u0119, przy jednoczesnym zachowaniu p\u0142ynno\u015bci i konsolowej jako\u015bci wra\u017ce\u0144 na kompaktowej platformie. Dzi\u0119ki <strong>16 GB pami\u0119ci RAM LPDDR5<\/strong> dzia\u0142aj\u0105cej z pr\u0119dko\u015bci\u0105 <strong>6400MT\/s<\/strong>, do\u015bwiadczysz szybszego przetwarzania danych i p\u0142ynnej wielozadaniowo\u015bci. W po\u0142\u0105czeniu z    <strong>512 GB szybkiej pami\u0119ci PCI-E 3.0 M.2 2280 SSD <\/strong>  pami\u0119ci masowej, <strong>AYANEO AIR Plus<\/strong> zapewnia b\u0142yskawiczne \u0142adowanie i du\u017co miejsca na wszystkie ulubione gry i aplikacje.<\/p>\n\n<p><strong>AYANEO AIR Plus<\/strong> wyposa\u017cony jest w <strong>6-calowy ekran IPS <\/strong> o rozdzielczo\u015bci <strong>1920&#215;1080<\/strong>, <strong>jasno\u015bci 400 nit\u00f3w<\/strong> i szerokiej gamie kolor\u00f3w <strong>120% sRGB<\/strong>. Niezale\u017cnie od tego, czy grasz, czy korzystasz z tre\u015bci multimedialnych, wy\u015bwietlacz zapewnia wyra\u017ane i wci\u0105gaj\u0105ce wra\u017cenia wizualne, co czyni go jednym z najlepszych ekran\u00f3w przeno\u015bnych w swojej klasie. <\/p>\n\n<p>Dost\u0119pny w trzech eleganckich kolorach - lodowcowym<strong>b\u0142\u0119kicie, gwiezdnej czerni i klasycznej szaro\u015bci - ten<\/strong>przeno\u015bny komputer do gier jest r\u00f3wnie osza\u0142amiaj\u0105cy wizualnie, co pot\u0119\u017cny.<\/p>\n\n<h3 class=\"wp-block-heading\">Szczeg\u00f3\u0142owe funkcje AYANEO AIR Plus<\/h3>\n\n<h4 class=\"wp-block-heading\">Display and Design Fusion:<\/h4>\n\n<p><strong>AYANEO AIR Plus<\/strong> posiada <strong>6-calowy wy\u015bwietlacz 1080P IPS <\/strong>, oferuj\u0105cy <strong>jasno\u015b\u0107 400 nit\u00f3w<\/strong> i <strong>szerok\u0105 gam\u0119 kolor\u00f3w 120% sRGB<\/strong>. Zapewnia to \u017cywe kolory i wyj\u0105tkow\u0105 klarowno\u015b\u0107 obrazu, idealn\u0105 do gier i korzystania z multimedi\u00f3w. Jego kompaktowa obudowa, mierz\u0105ca <strong>237 x 91,4 x 23,1 mm<\/strong>, jest mniejsza ni\u017c Steam Deck i AYANEO 2, co czyni go lekk\u0105, przeno\u015bn\u0105 opcj\u0105 do gier w podr\u00f3\u017cy.  <\/p>\n\n<h4 class=\"wp-block-heading\">Ergonomiczna konstrukcja:<\/h4>\n\n<p>Gra <strong>AYANEO AIR<\/strong> Plus zosta\u0142a zaprojektowana z my\u015bl\u0105 o komforcie. Elegancka, smuk\u0142a konstrukcja zapewnia mo\u017cliwo\u015b\u0107 grania przez d\u0142ugi czas bez zm\u0119czenia, a konfigurowalny <strong>kontroler g\u0142\u00f3wny<\/strong> i <strong>joystick z czujnikiem Halla<\/strong> zapewniaj\u0105 doskona\u0142\u0105 precyzj\u0119 i kontrol\u0119. Joysticki s\u0105 wyposa\u017cone w <strong>regulowane pod\u015bwietlenie RGB<\/strong>, dodaj\u0105c osobisty akcent do konfiguracji gamingowej.  <\/p>\n\n<h4 class=\"wp-block-heading\">Niezr\u00f3wnana wydajno\u015b\u0107:<\/h4>\n\n<p>Pod mask\u0105 znajduje si\u0119 <strong>procesor AMD Ryzen\u2122 7 6800U<\/strong>, kt\u00f3ry zapewnia niezr\u00f3wnane wra\u017cenia w grach w przeno\u015bnej obudowie. W po\u0142\u0105czeniu z uk\u0142adem <strong>graficznym RDNA 2<\/strong>, <strong>16 GB pami\u0119ci RAM LPDDR5<\/strong> dzia\u0142aj\u0105cej z pr\u0119dko\u015bci\u0105 <strong>6400MT\/s<\/strong> i procesorem   <strong>Szybka karta PCI-E 3.0 M.2 2280 o pojemno\u015bci 512 GB SSD <\/strong><strong>AYANEO AIR Plus<\/strong> oferuje rozgrywk\u0119 z wysok\u0105 liczb\u0105 klatek na sekund\u0119 i ultraszybkie czasy \u0142adowania, co czyni go prawdziw\u0105 pot\u0119g\u0105 w Twoich r\u0119kach. Niezale\u017cnie od tego, czy grasz w intensywne graficznie tytu\u0142y AAA, czy cieszysz si\u0119 klasycznymi grami retro, <strong>AYANEO AIR Plus<\/strong> dzia\u0142a bez kompromis\u00f3w. <\/p>\n\n<h4 class=\"wp-block-heading\">Zaawansowany system ch\u0142odzenia:<\/h4>\n\n<p><strong>AYANEO AIR Plus<\/strong> jest wyposa\u017cony w <strong>system rozpraszania ciep\u0142a o mocy 28 W<\/strong>, zapewniaj\u0105cy p\u0142ynne, wysokowydajne sesje gamingowe bez przegrzewania. Wydajny system ch\u0142odzenia sprawia, \u017ce urz\u0105dzenie dzia\u0142a wydajnie nawet podczas d\u0142ugich rozgrywek. <\/p>\n\n<h4 class=\"wp-block-heading\">Wci\u0105gaj\u0105cy d\u017awi\u0119k:<\/h4>\n\n<p>Podw\u00f3jne <strong>panoramiczne g\u0142o\u015bniki<\/strong> stereo i <strong>silnik osi X<\/strong> zapewniaj\u0105 wci\u0105gaj\u0105ce wra\u017cenia d\u017awi\u0119kowe, a <strong>wibracyjne sprz\u0119\u017cenie zwrotne 4D<\/strong> zwi\u0119ksza poczucie zaanga\u017cowania podczas rozgrywki. Niezale\u017cnie od tego, czy prowadzisz intensywne bitwy, czy cieszysz si\u0119 spokojnym \u015brodowiskiem w grze, jako\u015b\u0107 d\u017awi\u0119ku pot\u0119guje og\u00f3lne wra\u017cenia. <\/p>\n\n<h4 class=\"wp-block-heading\">\u0141\u0105czno\u015b\u0107 i wszechstronno\u015b\u0107:<\/h4>\n\n<p>Wyposa\u017cony w najnowsze <strong>Wi-Fi 6<\/strong> i <strong>Bluetooth 5.2<\/strong>, <strong>AYANEO AIR Plus<\/strong> zapewnia szybkie, stabilne po\u0142\u0105czenia do gier online, przesy\u0142ania strumieniowego lub grania w chmurze. Dzi\u0119ki wielu <strong>portom USB4 Type-C<\/strong> obs\u0142uguje r\u00f3wnie\u017c rozbudowane urz\u0105dzenia peryferyjne, co czyni go wszechstronnym hubem dla wszystkich potrzeb zwi\u0105zanych z rozrywk\u0105 i produktywno\u015bci\u0105. <\/p>\n\n<h3 class=\"wp-block-heading\">Do\u015bwiadczenie u\u017cytkownika z AYANEO AIR Plus<\/h3>\n\n<p><strong>AYANEO AIR Plus<\/strong> oferuje wszechstronne wra\u017cenia w grach, kt\u00f3re s\u0105 r\u00f3wnie przeno\u015bne, co pot\u0119\u017cne. Jego <strong>bateria o du\u017cej pojemno\u015bci 46,2 Wh<\/strong> zapewnia d\u0142ugie sesje grania, a dzi\u0119ki <strong>szybkiemu \u0142adowaniu PD3.0 65 W<\/strong> nigdy nie b\u0119dziesz daleko od akcji. Niezale\u017cnie od tego, czy grasz, streamujesz, czy pracujesz, po\u0142\u0105czenie mocy urz\u0105dzenia, jako\u015bci wy\u015bwietlania i przyjaznej dla u\u017cytkownika konstrukcji sprawia, \u017ce jest to najlepszy wyb\u00f3r dla graczy w podr\u00f3\u017cy.  <\/p>\n\n<h3 class=\"wp-block-heading\">Wnioski<\/h3>\n\n<p>Podsumowuj\u0105c, <strong>AYANEO AIR Plus<\/strong> stanowi now\u0105 granic\u0119 w dziedzinie przeno\u015bnych konsol do gier. P\u0142ynnie integruje wysokiej klasy wydajno\u015b\u0107 w grach z lekk\u0105, przeno\u015bn\u0105 konstrukcj\u0105, kt\u00f3ra mie\u015bci si\u0119 w kieszeni. Od precyzyjnego sterowania za pomoc\u0105 <strong>kontrolera g\u0142\u00f3wnego<\/strong> i <strong>joystick\u00f3w z czujnikiem Halla<\/strong> po osza\u0142amiaj\u0105c\u0105 jako\u015b\u0107 obrazu na <strong>6-calowym ekranie 1080P IPS <\/strong>, <strong>AYANEO AIR Plus<\/strong> oferuje kompletne rozwi\u0105zanie do gier dla tych, kt\u00f3rzy wymagaj\u0105 najlepszych przeno\u015bnych gier.  <\/p>\n\n<p>Z <strong>16 GB pami\u0119ci RAM LPDDR5 przy 6400MT\/s<\/strong> i  <strong>512GB PCI-E 3.0 M.2 2280 SSD <\/strong><strong>AYANEO AIR Plus<\/strong> zapewnia p\u0142ynn\u0105 wielozadaniowo\u015b\u0107 i kr\u00f3tki czas \u0142adowania gier, co czyni go idealnym urz\u0105dzeniem zar\u00f3wno dla zwyk\u0142ych graczy, jak i zapalonych graczy. Jego pot\u0119\u017cne specyfikacje, ergonomiczna konstrukcja i wci\u0105gaj\u0105ce wra\u017cenia audiowizualne sprawiaj\u0105, \u017ce jest to pozycja obowi\u0105zkowa dla entuzjast\u00f3w gier, kt\u00f3rzy ceni\u0105 sobie wydajno\u015b\u0107 i przeno\u015bno\u015b\u0107. <\/p>\n","protected":false},"excerpt":{"rendered":"<ul>\n<li>AMD <strong>Ryzen 7 6800U<\/strong> \/ AMD Radeon\u2122 680M<\/li>\n<li><strong>16GB<\/strong> LPDDR5 @ 6400MT\/s<\/li>\n<li>Szybka karta PCI-E 3.0 <strong>M.2<\/strong> 2280 <strong>o<\/strong> pojemno\u015bci <strong>512 GB<\/strong> SSD<\/li>\n<li><strong>Dost\u0119pny z 6-calowym<\/strong> ekranem dotykowym <strong> LCD 1920\u00d71080<\/strong> <\/li>\n<li>Obs\u0142uga <strong>WiFi 6<\/strong> i <strong>Bluetooth 5.2<\/strong> <\/li>\n<\/ul>\n[cg_accordion title=\"INFORMACJE O P\u0141ATNO\u015aCIACH\"]<\/p>\n<p>Korzystamy z najnowszej technologii przetwarzania p\u0142atno\u015bci, kt\u00f3ra umo\u017cliwia dokonywanie p\u0142atno\u015bci za po\u015brednictwem Apple Pay, Google Pay, karty debetowej\/kredytowej, PayPal lub metod BNPL, takich jak Klarna, Affirm lub AfterPay, zapewniaj\u0105c szybkie i bezpieczne do\u015bwiadczenie.[\/cg_accordion]\n[cg_accordion title=\"GWARANCJA\"]<\/p>\n<p>1-letnia gwarancja od <a href=\"https:\/\/droix.net\/\" target=\"_blank\" rel=\"nofollow noopener\">DROIX<\/a> Global dla Twojego spokoju ducha[\/cg_accordion]\n[cg_accordion title=\"CENY, PODATKI I WYSY\u0141KA\"]<\/p>\n<p><strong><u>Uwaga:<\/u><\/strong><\/p>\n<ul>\n<li>Klienci ze Stan\u00f3w Zjednoczonych: Wy\u015bwietlana cena NIE ZAWIERA PODATKU ani c\u0142a. Odpowiedzialno\u015b\u0107 za odpraw\u0119 celn\u0105 i zap\u0142at\u0119 wszelkich powi\u0105zanych podatk\u00f3w \/ ce\u0142 spoczywa na kliencie. <\/li>\n<li>Klienci z UE: Wy\u015bwietlana cena zawiera obowi\u0105zuj\u0105cy PODATEK, kt\u00f3ry mo\u017ce wynosi\u0107 do 25% w zale\u017cno\u015bci od kraju.<\/li>\n<li>Klienci z Kanady: Wy\u015bwietlana cena zawiera obowi\u0105zuj\u0105ce podatki, kt\u00f3re mog\u0105 obejmowa\u0107 5% GST i dodatkowe prowincjonalne podatki od sprzeda\u017cy (PST), zharmonizowany podatek od sprzeda\u017cy (HST) lub podatek od sprzeda\u017cy w Quebecu (QST), w zale\u017cno\u015bci od prowincji.<\/li>\n<\/ul>\n<p><strong>TYLKO dla klient\u00f3w z UE:<\/strong> Express DDP (Delivered Duty Paid). Oznacza to: <\/p>\n<ul>\n<li>Wszystkie op\u0142aty celne i podatki s\u0105 wliczone w cen\u0119 wy\u015bwietlan\u0105 na stronie produktu.<\/li>\n<li>Przy dostawie nie trzeba b\u0119dzie uiszcza\u0107 \u017cadnych dodatkowych op\u0142at.<\/li>\n<li>W rzadkich przypadkach zwi\u0105zanych z kwestiami celnymi nasz zesp\u00f3\u0142 zajmie si\u0119 procesem odprawy celnej w Twoim imieniu, aby zapewni\u0107 sprawn\u0105 dostaw\u0119.<\/li>\n<p>Wa\u017cne informacje dotycz\u0105ce zwrot\u00f3w:<\/p>\n<li>Je\u015bli zdecydujesz si\u0119 zwr\u00f3ci\u0107 zam\u00f3wienie lub za\u017c\u0105da\u0107 zwrotu pieni\u0119dzy, pami\u0119taj, \u017ce podatki i c\u0142a zap\u0142acone w Twoim imieniu zgodnie z warunkami DDP nie mog\u0105 zosta\u0107 zwr\u00f3cone.<\/li>\n<p>Szczeg\u00f3\u0142owe informacje mo\u017cna znale\u017a\u0107 w naszym <a href=\"https:\/\/ayaneo.co\/terms-of-service-2\/\" target=\"_blank\" rel=\"nofollow noopener\">Regulaminie<\/a>.\n<\/ul>\n<p>[\/cg_accordion]\n[cg_accordion title=\"OBS\u0141UGA KLIENTA\"]<\/p>\n<p>Masz pytanie? Wystarczy kr\u00f3tka wiadomo\u015b\u0107 tekstowa, aby rozwi\u0105za\u0107 Tw\u00f3j problem!<br \/>\n[\/cg_accordion]\n[cg_accordion title=\"Pakiet zawiera\"]<\/p>\n<ul>\n<li>1x AYANEO AIR PLUS<\/li>\n<li>1x Kabel USB typu C<\/li>\n<li>1x Zasilacz<\/li>\n<li>1x Instrukcja obs\u0142ugi<\/li>\n<\/ul>\n<p>[\/cg_accordion]\n","protected":false},"featured_media":5148,"template":"","meta":{"_acf_changed":false},"product_brand":[],"product_cat":[546],"product_tag":[547],"class_list":{"0":"post-5146","1":"product","2":"type-product","3":"status-publish","4":"has-post-thumbnail","6":"product_cat-reczne-komputery-do-gier","7":"product_tag-pc-gaming-handheld-pl","8":"product_shipping_class-premium","9":"pa_brand-ayaneo","10":"pa_graphics-gpu-model-radeon-680m","11":"pa_operating-system-windows-11","12":"pa_processor-cpu-brand-amd","14":"first","15":"outofstock","16":"taxable","17":"shipping-taxable","18":"purchasable","19":"product-type-variable","20":"has-default-attributes"},"acf":[],"_links":{"self":[{"href":"https:\/\/ayaneo.co\/pl\/wp-json\/wp\/v2\/product\/5146","targetHints":{"allow":["GET"]}}],"collection":[{"href":"https:\/\/ayaneo.co\/pl\/wp-json\/wp\/v2\/product"}],"about":[{"href":"https:\/\/ayaneo.co\/pl\/wp-json\/wp\/v2\/types\/product"}],"wp:featuredmedia":[{"embeddable":true,"href":"https:\/\/ayaneo.co\/pl\/wp-json\/wp\/v2\/media\/5148"}],"wp:attachment":[{"href":"https:\/\/ayaneo.co\/pl\/wp-json\/wp\/v2\/media?parent=5146"}],"wp:term":[{"taxonomy":"product_brand","embeddable":true,"href":"https:\/\/ayaneo.co\/pl\/wp-json\/wp\/v2\/product_brand?post=5146"},{"taxonomy":"product_cat","embeddable":true,"href":"https:\/\/ayaneo.co\/pl\/wp-json\/wp\/v2\/product_cat?post=5146"},{"taxonomy":"product_tag","embeddable":true,"href":"https:\/\/ayaneo.co\/pl\/wp-json\/wp\/v2\/product_tag?post=5146"}],"curies":[{"name":"wp","href":"https:\/\/api.w.org\/{rel}","templated":true}]}}