{"id":7475,"date":"2025-01-20T12:04:53","date_gmt":"2025-01-20T12:04:53","guid":{"rendered":"https:\/\/ayaneo.co\/?post_type=product&#038;p=7475"},"modified":"2025-04-11T12:11:52","modified_gmt":"2025-04-11T12:11:52","slug":"aya-neo-slide-copy","status":"publish","type":"product","link":"https:\/\/ayaneo.co\/pl\/product\/aya-neo-slide-copy\/","title":{"rendered":"AYANEO NEXT"},"content":{"rendered":"\n<figure class=\"wp-block-image\"><img decoding=\"async\" src=\"https:\/\/droix.net\/wp-content\/uploads\/2022\/01\/product-overview-1024x584.png\" alt=\"\" title=\"AYA NEO NEXT 1\"\/><\/figure>\n\n<h2 class=\"wp-block-heading\">Konsola AMD Ryzen Zen 3<\/h2>\n\n<p>Do 4,5 GHz mocy obliczeniowej<\/p>\n\n<p>Je\u015bli chodzi o moc obliczeniow\u0105, AYANEO Next PC Gaming Handheld nie ma sobie r\u00f3wnych na kanapie.<\/p>\n\n<p>Za &#8222;moc\" odpowiada procesor AMD Ryzen 7 5825U, oparty na najnowszej architekturze ZEN 3. Zapewnia to p\u0142ynne wra\u017cenia w grach przy jednoczesnym utrzymaniu zu\u017cycia baterii na minimalnym poziomie. Procesor Ryzen 7 APU znajduj\u0105cy si\u0119 w AYANEO Next bazuje na litografii 7 nm FinFET firmy TSMC  <\/p>\n\n<p>Procesor 5825U Ryzen 7 to o\u015bmiordzeniowy procesor z 16 w\u0105tkami wykonawczymi. Mo\u017ce on pracowa\u0107 na biegu ja\u0142owym z cz\u0119stotliwo\u015bci\u0105 2,0 GHz i zwi\u0119ksza\u0107 taktowanie do 4,5 GHz pod du\u017cym obci\u0105\u017ceniem. W po\u0142\u0105czeniu z oprogramowaniem AYA Space mo\u017cna skonfigurowa\u0107 TDP AYANEO Next Handheld do 32W, aby uzyska\u0107 jeszcze wi\u0119ksz\u0105 wydajno\u015b\u0107.  <\/p>\n\n<p>Twoje gry b\u0119d\u0105 znacznie szybsze w por\u00f3wnaniu do konsol do gier PC najnowszej generacji.  <\/p>\n\n<p>Aby wspom\u00f3c moc obliczeniow\u0105, na pok\u0142adzie znajduje si\u0119 r\u00f3wnie\u017c 16 GB dwukana\u0142owej pami\u0119ci RAM LPDDR4x, kt\u00f3ra nad\u0105\u017cy za stale rosn\u0105cymi wymaganiami systemu. M\u00f3wi\u0105c o wymaganiach systemowych, dost\u0119pne s\u0105 dwie opcje pami\u0119ci masowej: 1 TB i 2 TB - zapewni to wystarczaj\u0105c\u0105 ilo\u015b\u0107 miejsca na najnowsze gry PC. (Patrz\u0105c na ciebie, Call of Duty) j  <\/p>\n\n<figure class=\"wp-block-image\"><img decoding=\"async\" src=\"https:\/\/droix.net\/wp-content\/uploads\/elementor\/thumbs\/processor-q8z5das1ql6n9ve6zhwvyxoict8wyvevo2ttgvwkqo.png\" alt=\"procesor\" title=\"procesor\"\/><\/figure>\n\n<h2 class=\"wp-block-heading\">AYANEO Nast\u0119pny procesor graficzny AMD<\/h2>\n\n<p>Graj w najnowsze gry AAA<\/p>\n\n<p>Uk\u0142ad graficzny AMD znajduj\u0105cy si\u0119 w AYANEO Next jest idealny do gier w podr\u00f3\u017cy. W spo\u0142eczno\u015bci graczy dobrze wiadomo, \u017ce AMD wk\u0142ada dodatkowy wysi\u0142ek w integracj\u0119 i kompatybilno\u015b\u0107 z najnowszymi grami na rynku. <\/p>\n\n<p>Chipset graficzny znajduj\u0105cy si\u0119 w AYANEO Next jest o 17% szybszy w testach por\u00f3wnawczych w por\u00f3wnaniu do starej generacji uk\u0142ad\u00f3w graficznych AMD. W po\u0142\u0105czeniu z oprogramowaniem AYA Space, kt\u00f3re pozwala kontrolowa\u0107 konsol\u0119 TDP i \u015bwietnym rozwi\u0105zaniem ch\u0142odz\u0105cym, AYANEO Next to gamingowa bestia. <\/p>\n\n<h2 class=\"wp-block-heading\">Odwa\u017cny i jasny<\/h2>\n\n<p>Wy\u015bwietlacz 7\u2033 H-IPS <\/p>\n\n<p>Podczas grania szybko\u015b\u0107 i liczba klatek na sekund\u0119 to nie wszystko (ok, to oko\u0142o 90% do\u015bwiadczenia), ale bardzo wa\u017cne jest medium, za po\u015brednictwem kt\u00f3rego ch\u0142oniesz to do\u015bwiadczenie.<\/p>\n\n<p>Z tego powodu AYANEO Next jest wyposa\u017cony w pi\u0119kny ekran dotykowy 1280*800 H-IPS.<\/p>\n\n<figure class=\"wp-block-image\"><img decoding=\"async\" src=\"https:\/\/droix.net\/wp-content\/uploads\/2022\/01\/AYANEO-NEXT-BRIGHT-WHITE-MARKETING-PICTURE-2-scaled.jpg\" alt=\"AYANEO-NEXT-BRIGHT-WHITE-MARKETING-PICTURE-2\" title=\"AYA NEO NEXT 2\"\/><\/figure>\n\n<figure class=\"wp-block-image\"><img decoding=\"async\" src=\"https:\/\/droix.net\/wp-content\/uploads\/2022\/01\/AYANEO-NEXT-JET-BLACK-MARKETING-PICTURE-2-scaled.jpg\" alt=\"AYANEO-NEXT-JET-BLACK-MARKETING-PICTURE-2\" title=\"AYA NEO NEXT 3\"\/><\/figure>\n\n<figure class=\"wp-block-image\"><img decoding=\"async\" src=\"https:\/\/droix.net\/wp-content\/uploads\/2022\/01\/AYANEO-NEXT-MIDNIGHT-BLUE-MARKETING-PICTURE-4-scaled.jpg\" alt=\"AYANEO-NEXT-MIDNIGHT-BLUE-MARKETING-PICTURE-4\" title=\"AYA NEO NEXT 4\"\/><\/figure>\n\n<figure class=\"wp-block-image\"><img decoding=\"async\" src=\"https:\/\/droix.net\/wp-content\/uploads\/2022\/01\/AYANEO-NEXT-PASTEL-BLUE-MARKETING-PICTURE-7-scaled.jpg\" alt=\"AYANEO-NEXT-PASTEL-BLUE-MARKETING-PICTURE-7\" title=\"AYA NEO NEXT 5\"\/><\/figure>\n\n<h2 class=\"wp-block-heading\">Gry od A do Z<\/h2>\n\n<p>AYANEO Next PC Gaming Handheld spe\u0142nia wszystkie wymagania - jest wyposa\u017cony w najlepszy sprz\u0119t, aby sesje gamingowe by\u0142y jak najbardziej komfortowe.<\/p>\n\n<figure class=\"wp-block-image\"><img decoding=\"async\" src=\"https:\/\/droix.net\/wp-content\/uploads\/2022\/01\/high-quality-build.png\" alt=\"\" title=\"AYA NEO NEXT 6\"\/><\/figure>\n\n<figure class=\"wp-block-image\"><img decoding=\"async\" src=\"https:\/\/droix.net\/wp-content\/uploads\/2022\/01\/shoulder-buttons.png\" alt=\"\" title=\"AYA NEO NEXT 7\"\/><\/figure>\n\n<figure class=\"wp-block-image\"><img decoding=\"async\" src=\"https:\/\/droix.net\/wp-content\/uploads\/2022\/01\/fingerprint.png\" alt=\"\" title=\"AYA NEO NEXT 8\"\/><\/figure>\n","protected":false},"excerpt":{"rendered":"<ul>\n<li>AMD\u00ae <strong>Ryzen\u2122 7 5825U<\/strong> z kart\u0105 graficzn\u0105 AMD Radeon\u2122 Vega 8<\/li>\n<li><strong>16 GB<\/strong> dwukana\u0142owej pami\u0119ci LPDDR4x przy 4266 MHz<\/li>\n<li>Szybka karta PCI-E NVMe <strong>o<\/strong> pojemno\u015bci <strong>2<\/strong><strong>TB\/2<\/strong> <strong>TB<\/strong> SSD<\/li>\n<li>Ekran dotykowy <strong>7\u2033<\/strong> H-IPS <\/li>\n<li>Obs\u0142uga <strong>WiFi 6<\/strong> IEEE i <strong>Bluetooth 5.2<\/strong> <\/li>\n<\/ul>\n[cg_accordion title=\"INFORMACJE O P\u0141ATNO\u015aCIACH\"]<\/p>\n<p>Korzystamy z najnowszej technologii przetwarzania p\u0142atno\u015bci, kt\u00f3ra umo\u017cliwia dokonywanie p\u0142atno\u015bci za po\u015brednictwem Apple Pay, Google Pay, karty debetowej\/kredytowej, PayPal lub metod BNPL, takich jak Klarna, Affirm lub AfterPay, zapewniaj\u0105c szybkie i bezpieczne do\u015bwiadczenie.[\/cg_accordion]\n[cg_accordion title=\"GWARANCJA\"]<\/p>\n<p>1-letnia gwarancja od <a href=\"https:\/\/droix.net\/\" target=\"_blank\" rel=\"nofollow noopener\">DROIX<\/a> Global dla Twojego spokoju ducha[\/cg_accordion]\n[cg_accordion title=\"CENY, PODATKI I WYSY\u0141KA\"]<\/p>\n<p><strong><u>Uwaga:<\/u><\/strong><\/p>\n<ul>\n<li>Klienci ze Stan\u00f3w Zjednoczonych: Wy\u015bwietlana cena NIE ZAWIERA PODATKU ani c\u0142a. Odpowiedzialno\u015b\u0107 za odpraw\u0119 celn\u0105 i zap\u0142at\u0119 wszelkich powi\u0105zanych podatk\u00f3w \/ ce\u0142 spoczywa na kliencie. <\/li>\n<li>Klienci z UE: Wy\u015bwietlana cena zawiera obowi\u0105zuj\u0105cy PODATEK, kt\u00f3ry mo\u017ce wynosi\u0107 do 25% w zale\u017cno\u015bci od kraju.<\/li>\n<li>Klienci z Kanady: Wy\u015bwietlana cena zawiera obowi\u0105zuj\u0105ce podatki, kt\u00f3re mog\u0105 obejmowa\u0107 5% GST i dodatkowe prowincjonalne podatki od sprzeda\u017cy (PST), zharmonizowany podatek od sprzeda\u017cy (HST) lub podatek od sprzeda\u017cy w Quebecu (QST), w zale\u017cno\u015bci od prowincji.<\/li>\n<\/ul>\n<p><strong>TYLKO dla klient\u00f3w z UE:<\/strong> Express DDP (Delivered Duty Paid). Oznacza to: <\/p>\n<ul>\n<li>Wszystkie op\u0142aty celne i podatki s\u0105 wliczone w cen\u0119 wy\u015bwietlan\u0105 na stronie produktu.<\/li>\n<li>Przy dostawie nie trzeba b\u0119dzie uiszcza\u0107 \u017cadnych dodatkowych op\u0142at.<\/li>\n<li>W rzadkich przypadkach zwi\u0105zanych z kwestiami celnymi nasz zesp\u00f3\u0142 zajmie si\u0119 procesem odprawy celnej w Twoim imieniu, aby zapewni\u0107 sprawn\u0105 dostaw\u0119.<\/li>\n<p>Wa\u017cne informacje dotycz\u0105ce zwrot\u00f3w:<\/p>\n<li>Je\u015bli zdecydujesz si\u0119 zwr\u00f3ci\u0107 zam\u00f3wienie lub za\u017c\u0105da\u0107 zwrotu pieni\u0119dzy, pami\u0119taj, \u017ce podatki i c\u0142a zap\u0142acone w Twoim imieniu zgodnie z warunkami DDP nie mog\u0105 zosta\u0107 zwr\u00f3cone.<\/li>\n<p>Szczeg\u00f3\u0142owe informacje mo\u017cna znale\u017a\u0107 w naszym <a href=\"https:\/\/ayaneo.co\/terms-of-service-2\/\" target=\"_blank\" rel=\"nofollow noopener\">Regulaminie<\/a>.\n<\/ul>\n<p>[\/cg_accordion]\n[cg_accordion title=\"OBS\u0141UGA KLIENTA\"]<\/p>\n<p>Masz pytanie? Wystarczy kr\u00f3tka wiadomo\u015b\u0107 tekstowa, aby rozwi\u0105za\u0107 Tw\u00f3j problem!<br \/>\n[\/cg_accordion]\n[cg_accordion title=\"Pakiet zawiera\"]<\/p>\n<ul>\n<li>1x AYANEO NEXT<\/li>\n<li>1x Kabel USB typu C<\/li>\n<li>1x Instrukcja obs\u0142ugi<\/li>\n<\/ul>\n<p>[\/cg_accordion]\n","protected":false},"featured_media":7501,"template":"","meta":{"_acf_changed":false},"product_brand":[],"product_cat":[546],"product_tag":[],"class_list":{"0":"post-7475","1":"product","2":"type-product","3":"status-publish","4":"has-post-thumbnail","6":"product_cat-reczne-komputery-do-gier","7":"product_shipping_class-premium","8":"pa_brand-ayaneo","9":"pa_graphics-gpu-model-radeon-graphics","10":"pa_operating-system-windows-11-home","11":"pa_processor-cpu-brand-amd","13":"first","14":"outofstock","15":"sale","16":"taxable","17":"shipping-taxable","18":"purchasable","19":"product-type-variable","20":"has-default-attributes"},"acf":[],"_links":{"self":[{"href":"https:\/\/ayaneo.co\/pl\/wp-json\/wp\/v2\/product\/7475","targetHints":{"allow":["GET"]}}],"collection":[{"href":"https:\/\/ayaneo.co\/pl\/wp-json\/wp\/v2\/product"}],"about":[{"href":"https:\/\/ayaneo.co\/pl\/wp-json\/wp\/v2\/types\/product"}],"wp:featuredmedia":[{"embeddable":true,"href":"https:\/\/ayaneo.co\/pl\/wp-json\/wp\/v2\/media\/7501"}],"wp:attachment":[{"href":"https:\/\/ayaneo.co\/pl\/wp-json\/wp\/v2\/media?parent=7475"}],"wp:term":[{"taxonomy":"product_brand","embeddable":true,"href":"https:\/\/ayaneo.co\/pl\/wp-json\/wp\/v2\/product_brand?post=7475"},{"taxonomy":"product_cat","embeddable":true,"href":"https:\/\/ayaneo.co\/pl\/wp-json\/wp\/v2\/product_cat?post=7475"},{"taxonomy":"product_tag","embeddable":true,"href":"https:\/\/ayaneo.co\/pl\/wp-json\/wp\/v2\/product_tag?post=7475"}],"curies":[{"name":"wp","href":"https:\/\/api.w.org\/{rel}","templated":true}]}}