{"id":8916,"date":"2025-02-10T12:11:02","date_gmt":"2025-02-10T12:11:02","guid":{"rendered":"https:\/\/ayaneo.co\/?post_type=product&#038;p=8916"},"modified":"2025-12-02T18:13:13","modified_gmt":"2025-12-02T18:13:13","slug":"ayaneo-3","status":"publish","type":"product","link":"https:\/\/ayaneo.co\/pl\/product\/ayaneo-3\/","title":{"rendered":"AYANEO 3"},"content":{"rendered":"\n<figure class=\"wp-block-video\"><video height=\"360\" style=\"aspect-ratio: 640 \/ 360;\" width=\"640\" controls=\"\" poster=\"https:\/\/ayaneo.co\/wp-content\/uploads\/2025\/02\/maxresdefault-1.jpg\" src=\"https:\/\/ayaneo.co\/wp-content\/uploads\/2025\/02\/videoplayback-1.mp4\"><\/video><\/figure>\n\n<div class=\"wp-block-columns is-layout-flex wp-container-core-columns-is-layout-28f84493 wp-block-columns-is-layout-flex\">\n<div class=\"wp-block-column is-layout-flow wp-block-column-is-layout-flow\">\n<p>Przedstawiamy AYANEO 3, pierwsz\u0105 na \u015bwiecie modu\u0142ow\u0105 przeno\u015bn\u0105 konsol\u0119 do gier, kt\u00f3ra na nowo definiuje przeno\u015bne granie dzi\u0119ki niezr\u00f3wnanej personalizacji i wydajno\u015bci. Zaprojektowana z my\u015bl\u0105 o graczach poszukuj\u0105cych spersonalizowanych wra\u017ce\u0144, AYANEO 3 oferuje innowacyjne funkcje i najwy\u017cszej klasy specyfikacje, aby zaspokoi\u0107 potrzeby zar\u00f3wno zwyk\u0142ych, jak i zapalonych entuzjast\u00f3w gier. <\/p>\n\n\n\n<h2 class=\"wp-block-heading\"><strong>Innowacyjna konstrukcja modu\u0142owa<\/strong><\/h2>\n\n\n\n<p>AYANEO 3 to pionierski system modu\u0142owych kontroler\u00f3w, pozwalaj\u0105cy u\u017cytkownikom na dowolne \u0142\u0105czenie i dostosowywanie modu\u0142\u00f3w kontrolera do w\u0142asnych preferencji. Dzi\u0119ki od\u0142\u0105czanym i wymiennym przyciskom ABXY, gracze mog\u0105 skonfigurowa\u0107 do 56 unikalnych kombinacji uk\u0142ad\u00f3w, zapewniaj\u0105c optymalny komfort i kontrol\u0119 w ka\u017cdym gatunku gier. Modu\u0142y obejmuj\u0105 standardowe konfiguracje joystick\u00f3w, modu\u0142y touchpad\u00f3w do ulepszonej rozgrywki FPS oraz sze\u015bcioprzyciskowe modu\u0142y do precyzyjnej walki.    <\/p>\n<\/div>\n<\/div>\n\n<div class=\"wp-block-columns is-layout-flex wp-container-core-columns-is-layout-28f84493 wp-block-columns-is-layout-flex\">\n<div class=\"wp-block-column is-layout-flow wp-block-column-is-layout-flow\" style=\"flex-basis:33.33%\">\n<figure class=\"wp-block-image size-full\"><a href=\"https:\/\/ayaneo.co\/wp-content\/uploads\/2025\/02\/4-1-1024x1024-1.jpg\"><img fetchpriority=\"high\" decoding=\"async\" width=\"1024\" height=\"1024\" src=\"https:\/\/ayaneo.co\/wp-content\/uploads\/2025\/02\/4-1-1024x1024-1.jpg\" alt=\"Wy&#x15B;wietlacz OLED:&#10;Wy&#x15B;wietlacz OLED oferuje szybk&#x105; cz&#x119;stotliwo&#x15B;&#x107; od&#x15B;wie&#x17C;ania 144 Hz, zapewniaj&#x105;c wyj&#x105;tkowo p&#x142;ynny ruch w grach, redukuj&#x105;c rozmycie obrazu. Jasno&#x15B;&#x107; na poziomie 800 nit&#xF3;w zapewnia niezwykle &#x17C;ywy i wyra&#x17A;ny obraz, nawet w jasnym otoczeniu. Jego 110% pokrycie gamy kolor&#xF3;w DCI-P3 zapewnia szerokie spektrum bogatych, dok&#x142;adnych kolor&#xF3;w, zapewniaj&#x105;c prawdziwie wci&#x105;gaj&#x105;ce wra&#x17C;enia. Ten wysokiej klasy panel jest idealny dla os&#xF3;b poszukuj&#x105;cych najwy&#x17C;szej jako&#x15B;ci obrazu i szybko&#x15B;ci reakcji.   &#10;&#10;Wy&#x15B;wietlacz LCD:&#10;Wy&#x15B;wietlacz LCD charakteryzuje si&#x119; p&#x142;ynn&#x105; cz&#x119;stotliwo&#x15B;ci&#x105; od&#x15B;wie&#x17C;ania 120 Hz, co zapewnia doskona&#x142;&#x105; p&#x142;ynno&#x15B;&#x107; w grach i redukcj&#x119; efektu smu&#x17C;enia. Oferuje jasno&#x15B;&#x107; 500 nit&#xF3;w i 100% pokrycie palety sRGB, zapewniaj&#x105;c wyra&#x17A;ny i wierny kolorystycznie obraz dla wi&#x119;kszo&#x15B;ci tre&#x15B;ci. Co najwa&#x17C;niejsze, posiada funkcj&#x119; VRR z AMD FreeSync Premium, dynamicznie synchronizuj&#x105;c&#x105; wy&#x15B;wietlacz z liczb&#x105; klatek na sekund&#x119;. Eliminuje to rozrywanie i zacinanie si&#x119; ekranu, zapewniaj&#x105;c p&#x142;ynn&#x105; i wci&#x105;gaj&#x105;c&#x105; rozgrywk&#x119;.   \" class=\"wp-image-37427\" srcset=\"https:\/\/ayaneo.co\/wp-content\/uploads\/2025\/02\/4-1-1024x1024-1.jpg 1024w, https:\/\/ayaneo.co\/wp-content\/uploads\/2025\/02\/4-1-1024x1024-1-300x300.jpg 300w, https:\/\/ayaneo.co\/wp-content\/uploads\/2025\/02\/4-1-1024x1024-1-150x150.jpg 150w, https:\/\/ayaneo.co\/wp-content\/uploads\/2025\/02\/4-1-1024x1024-1-768x768.jpg 768w, https:\/\/ayaneo.co\/wp-content\/uploads\/2025\/02\/4-1-1024x1024-1-65x65.jpg 65w, https:\/\/ayaneo.co\/wp-content\/uploads\/2025\/02\/4-1-1024x1024-1-990x990.jpg 990w, https:\/\/ayaneo.co\/wp-content\/uploads\/2025\/02\/4-1-1024x1024-1-441x441.jpg 441w, https:\/\/ayaneo.co\/wp-content\/uploads\/2025\/02\/4-1-1024x1024-1-100x100.jpg 100w, https:\/\/ayaneo.co\/wp-content\/uploads\/2025\/02\/4-1-1024x1024-1-600x600.jpg 600w\" sizes=\"(max-width: 1024px) 100vw, 1024px\" \/><\/a><\/figure>\n<\/div>\n\n\n\n<div class=\"wp-block-column is-layout-flow wp-block-column-is-layout-flow\" style=\"flex-basis:66.66%\">\n<h2 class=\"wp-block-heading\"><strong>Osza\u0142amiaj\u0105ca oprawa wizualna<\/strong><\/h2>\n\n\n\n<ul class=\"wp-block-list\">\n<li><strong>Wy\u015bwietlacz OLED<\/strong><br\/><strong><br\/><\/strong>Wy\u015bwietlacz OLED w AYANEO 3 to 7-calowy ekran dotykowy o rozdzielczo\u015bci 1080P i proporcjach 16:9. Posiada on konfigurowaln\u0105 cz\u0119stotliwo\u015b\u0107 od\u015bwie\u017cania, pozwalaj\u0105c\u0105 u\u017cytkownikom na wyb\u00f3r pomi\u0119dzy 144 Hz, 120 Hz, 90 Hz i 60 Hz. Wy\u015bwietlacz oferuje maksymaln\u0105 globaln\u0105 jasno\u015b\u0107 800 nit\u00f3w i obs\u0142uguje rzeczywist\u0105 jako\u015b\u0107 kolor\u00f3w HDR, zapewniaj\u0105c realistyczne \u015bwiat\u0142o i cie\u0144. Pokrywa 110% gamy kolor\u00f3w DCI-P3 i ma 150% gamy kolor\u00f3w sRGB, zapewniaj\u0105c \u017cywy i wyra\u017any obraz.   <\/li>\n\n\n\n<li><strong>Wy\u015bwietlacz LCD<\/strong><br\/><strong><br\/><\/strong>Opcja wy\u015bwietlacza LCD to r\u00f3wnie\u017c 7-calowy ekran dotykowy o rozdzielczo\u015bci 1080P i proporcjach 16:9. Oferuje cz\u0119stotliwo\u015b\u0107 od\u015bwie\u017cania 120 Hz i 60 Hz. Przy maksymalnej globalnej jasno\u015bci 500 nit\u00f3w, zapewnia 100% pokrycie palety sRGB. LCD oferuje szybki czas reakcji 7 ms i obs\u0142uguje VRR (zmienn\u0105 cz\u0119stotliwo\u015b\u0107 od\u015bwie\u017cania) z AMD FreeSync Premium, zapewniaj\u0105c wyra\u017ane, \u017cywe i pozbawione \u0142ez wra\u017cenia z gry. Jest to r\u00f3wnie\u017c natywny ekran poziomy.    <\/li>\n<\/ul>\n\n\n\n<p><br\/>Zar\u00f3wno ekrany LCD, jak i OLED zapewniaj\u0105 wci\u0105gaj\u0105ce wra\u017cenia wizualne, pozwalaj\u0105c graczom cieszy\u0107 si\u0119 osza\u0142amiaj\u0105c\u0105 grafik\u0105 o wyj\u0105tkowej wyrazisto\u015bci.<\/p>\n<\/div>\n<\/div>\n\n<h2 class=\"wp-block-heading has-text-align-center\"><strong>Wysoka wydajno\u015b\u0107<\/strong><\/h2>\n\n<p class=\"has-text-align-center\">Pod mask\u0105, AYANEO 3 oferuje dwie opcje wydajnych procesor\u00f3w:<\/p>\n\n<div class=\"wp-block-columns is-layout-flex wp-container-core-columns-is-layout-28f84493 wp-block-columns-is-layout-flex\">\n<div class=\"wp-block-column is-layout-flow wp-block-column-is-layout-flow\">\n<figure class=\"wp-block-image size-full\"><a href=\"https:\/\/ayaneo.co\/wp-content\/uploads\/2025\/02\/3-370-1-1024x1024-1.jpg\"><img decoding=\"async\" width=\"1024\" height=\"1024\" src=\"https:\/\/ayaneo.co\/wp-content\/uploads\/2025\/02\/3-370-1-1024x1024-1.jpg\" alt=\"Grafika przedstawiaj&#x105;ca &quot;Pot&#x119;&#x17C;ny rdze&#x144;, wszechstronne mo&#x17C;liwo&#x15B;ci&quot; urz&#x105;dzenia zasilanego przez procesor &quot;AMD Ryzen AI 9 HX 370&quot;. Obraz przedstawia r&#xF3;&#x17C;ne komponenty i specyfikacje: &quot;Nowy procesor Zen5&quot;, &quot;12 rdzeni 24 w&#x105;tki&quot;, &quot;maksymalna cz&#x119;stotliwo&#x15B;&#x107; pojedynczego rdzenia 5,1 GHz&quot;, &quot;AMD Radeon 890M&quot; (GPU z &quot;RDNA 3.5 16CU 2,9 GHz&quot;) i &quot;AMD XDNA 2 NPU 50TOPS&quot;. Podkre&#x15B;la &quot;12 MB L2 + 24 MB L3 szybkiej pami&#x119;ci podr&#x119;cznej&quot; i zauwa&#x17C;a, &#x17C;e architektury CPU, GPU i NPU zosta&#x142;y zmodernizowane w celu zwi&#x119;kszenia wydajno&#x15B;ci i efektywno&#x15B;ci, dzi&#x119;ki czemu nadaje si&#x119; do gier i zada&#x144; zwi&#x105;zanych ze sztuczn&#x105; inteligencj&#x105;. Ma&#x142;y tekst na dole por&#xF3;wnuje go z poprzedni&#x105; generacj&#x105; procesor&#xF3;w AMD AI, wspominaj&#x105;c o ulepszeniach w zakresie mocy obliczeniowej NPU, przetwarzania rdzenia CPU, efektywno&#x15B;ci energetycznej NPU, szybko&#x15B;ci reakcji du&#x17C;ego modelu j&#x119;zykowego AI i pami&#x119;ci podr&#x119;cznej L3.   \" class=\"wp-image-37428\" srcset=\"https:\/\/ayaneo.co\/wp-content\/uploads\/2025\/02\/3-370-1-1024x1024-1.jpg 1024w, https:\/\/ayaneo.co\/wp-content\/uploads\/2025\/02\/3-370-1-1024x1024-1-300x300.jpg 300w, https:\/\/ayaneo.co\/wp-content\/uploads\/2025\/02\/3-370-1-1024x1024-1-150x150.jpg 150w, https:\/\/ayaneo.co\/wp-content\/uploads\/2025\/02\/3-370-1-1024x1024-1-768x768.jpg 768w, https:\/\/ayaneo.co\/wp-content\/uploads\/2025\/02\/3-370-1-1024x1024-1-65x65.jpg 65w, https:\/\/ayaneo.co\/wp-content\/uploads\/2025\/02\/3-370-1-1024x1024-1-990x990.jpg 990w, https:\/\/ayaneo.co\/wp-content\/uploads\/2025\/02\/3-370-1-1024x1024-1-441x441.jpg 441w, https:\/\/ayaneo.co\/wp-content\/uploads\/2025\/02\/3-370-1-1024x1024-1-100x100.jpg 100w, https:\/\/ayaneo.co\/wp-content\/uploads\/2025\/02\/3-370-1-1024x1024-1-600x600.jpg 600w\" sizes=\"(max-width: 1024px) 100vw, 1024px\" \/><\/a><\/figure>\n\n\n\n<p><strong>AMD Ryzen\u2122 AI 9 HX 370<\/strong>: Wyposa\u017cony w 12 rdzeni i 24 w\u0105tki procesor zapewnia najwy\u017csz\u0105 wydajno\u015b\u0107 w wymagaj\u0105cych grach AAA i wielozadaniowo\u015bci.<\/p>\n<\/div>\n\n\n\n<div class=\"wp-block-column is-layout-flow wp-block-column-is-layout-flow\">\n<figure class=\"wp-block-image size-full\"><a href=\"https:\/\/ayaneo.co\/wp-content\/uploads\/2025\/02\/3-8840u-1-1024x1024-1.jpg\"><img decoding=\"async\" width=\"1024\" height=\"1024\" src=\"https:\/\/ayaneo.co\/wp-content\/uploads\/2025\/02\/3-8840u-1-1024x1024-1.jpg\" alt=\"Mroczna infografika przedstawiaj&#x105;ca specyfikacj&#x119; procesora &quot;AMD Ryzen&#x2122; 7 8840U&quot;. G&#xF3;rna sekcja przedstawia szczeg&#xF3;&#x142;y dotycz&#x105;ce CPU, GPU i NPU: &quot;Zen4 CPU&quot;, proces technologiczny &quot;4 nm&quot;, &quot;maksymalna cz&#x119;stotliwo&#x15B;&#x107; 5,1 GHz&quot;, grafika &quot;AMD Radeon&#x2122; 780M&quot; z &quot;RDNA 3 12CU 2,7 GHz&quot; i &quot;AMD Ryzen&#x2122; AI NPU 16TOPS&quot;. Centralny blok wy&#x15B;wietla uk&#x142;ad &quot;AMD Ryzen&#x2122; 7 8840U&quot;, odnotowuj&#x105;c &quot;38TOPS og&#xF3;lnej wydajno&#x15B;ci&quot;. Dolna sekcja zawiera szczeg&#xF3;&#x142;owe informacje na temat pami&#x119;ci i pami&#x119;ci masowej: &quot;Pami&#x119;&#x107; LPDDR5X 7500MT\/s&quot; (do 64 GB dost&#x119;pnych do ci&#x119;&#x17C;kich zada&#x144;) i &quot;Dysk SSD M.2 2280 PCIe 4.0&quot; (ultraszybki, g&#x142;&#xF3;wny i rozszerzalny).    \" class=\"wp-image-37429\" srcset=\"https:\/\/ayaneo.co\/wp-content\/uploads\/2025\/02\/3-8840u-1-1024x1024-1.jpg 1024w, https:\/\/ayaneo.co\/wp-content\/uploads\/2025\/02\/3-8840u-1-1024x1024-1-300x300.jpg 300w, https:\/\/ayaneo.co\/wp-content\/uploads\/2025\/02\/3-8840u-1-1024x1024-1-150x150.jpg 150w, https:\/\/ayaneo.co\/wp-content\/uploads\/2025\/02\/3-8840u-1-1024x1024-1-768x768.jpg 768w, https:\/\/ayaneo.co\/wp-content\/uploads\/2025\/02\/3-8840u-1-1024x1024-1-65x65.jpg 65w, https:\/\/ayaneo.co\/wp-content\/uploads\/2025\/02\/3-8840u-1-1024x1024-1-990x990.jpg 990w, https:\/\/ayaneo.co\/wp-content\/uploads\/2025\/02\/3-8840u-1-1024x1024-1-441x441.jpg 441w, https:\/\/ayaneo.co\/wp-content\/uploads\/2025\/02\/3-8840u-1-1024x1024-1-100x100.jpg 100w, https:\/\/ayaneo.co\/wp-content\/uploads\/2025\/02\/3-8840u-1-1024x1024-1-600x600.jpg 600w\" sizes=\"(max-width: 1024px) 100vw, 1024px\" \/><\/a><\/figure>\n\n\n\n<p><strong>AMD Ryzen\u2122 7 8840U<\/strong>: Zr\u00f3wnowa\u017cony procesor oferuj\u0105cy niezawodn\u0105 wydajno\u015b\u0107 zar\u00f3wno podczas wymagaj\u0105cych, jak i codziennych sesji gamingowych.<\/p>\n<\/div>\n<\/div>\n\n<p>W po\u0142\u0105czeniu z maksymalnie 64 GB pami\u0119ci RAM LPDDR5X i do 4 TB pami\u0119ci masowej PCIe 4.0 SSD, AYANEO 3 zapewnia szybki czas \u0142adowania i du\u017co miejsca na bibliotek\u0119 gier.<\/p>\n\n<h3 class=\"wp-block-heading\"><strong>Ulepszone elementy steruj\u0105ce<\/strong><\/h3>\n\n<p>Do\u015bwiadcz doskona\u0142ej kontroli dzi\u0119ki zaawansowanym funkcjom AYANEO 3:<\/p>\n\n<div class=\"wp-block-columns is-layout-flex wp-container-core-columns-is-layout-28f84493 wp-block-columns-is-layout-flex\">\n<div class=\"wp-block-column is-layout-flow wp-block-column-is-layout-flow\">\n<figure class=\"wp-block-image size-full\"><a href=\"https:\/\/ayaneo.co\/wp-content\/uploads\/2025\/02\/Dual-Stage-Hall-Effect-Triggers-1024x1024-1.jpg\"><img loading=\"lazy\" decoding=\"async\" width=\"1024\" height=\"1024\" src=\"https:\/\/ayaneo.co\/wp-content\/uploads\/2025\/02\/Dual-Stage-Hall-Effect-Triggers-1024x1024-1.jpg\" alt=\"Zbli&#x17C;enie d&#x142;oni trzymaj&#x105;cej ciemny kontroler do gier lub urz&#x105;dzenie przeno&#x15B;ne, ze szczeg&#xF3;lnym uwzgl&#x119;dnieniem przycisku spustu na ramieniu. Obraz jest sk&#x105;pany w niebieskim &#x15B;wietle, a bia&#x142;y tekst u g&#xF3;ry brzmi &quot;Agile Hall Triggers&quot;. \" class=\"wp-image-37430\" srcset=\"https:\/\/ayaneo.co\/wp-content\/uploads\/2025\/02\/Dual-Stage-Hall-Effect-Triggers-1024x1024-1.jpg 1024w, https:\/\/ayaneo.co\/wp-content\/uploads\/2025\/02\/Dual-Stage-Hall-Effect-Triggers-1024x1024-1-300x300.jpg 300w, https:\/\/ayaneo.co\/wp-content\/uploads\/2025\/02\/Dual-Stage-Hall-Effect-Triggers-1024x1024-1-150x150.jpg 150w, https:\/\/ayaneo.co\/wp-content\/uploads\/2025\/02\/Dual-Stage-Hall-Effect-Triggers-1024x1024-1-768x768.jpg 768w, https:\/\/ayaneo.co\/wp-content\/uploads\/2025\/02\/Dual-Stage-Hall-Effect-Triggers-1024x1024-1-65x65.jpg 65w, https:\/\/ayaneo.co\/wp-content\/uploads\/2025\/02\/Dual-Stage-Hall-Effect-Triggers-1024x1024-1-990x990.jpg 990w, https:\/\/ayaneo.co\/wp-content\/uploads\/2025\/02\/Dual-Stage-Hall-Effect-Triggers-1024x1024-1-441x441.jpg 441w, https:\/\/ayaneo.co\/wp-content\/uploads\/2025\/02\/Dual-Stage-Hall-Effect-Triggers-1024x1024-1-100x100.jpg 100w, https:\/\/ayaneo.co\/wp-content\/uploads\/2025\/02\/Dual-Stage-Hall-Effect-Triggers-1024x1024-1-600x600.jpg 600w\" sizes=\"(max-width: 1024px) 100vw, 1024px\" \/><\/a><\/figure>\n\n\n\n<h3 class=\"wp-block-heading\"><strong>Dwustopniowe wyzwalacze hallotronowe<\/strong> <\/h3>\n\n\n\n<p>Prze\u0142\u0105czaj mi\u0119dzy d\u0142ugim skokiem 7,5 mm dla precyzyjnej kontroli i kr\u00f3tkim skokiem 3 mm dla szybkiego wprowadzania danych, dostosowuj\u0105c si\u0119 do r\u00f3\u017cnych scenariuszy gier.<\/p>\n<\/div>\n\n\n\n<div class=\"wp-block-column is-layout-flow wp-block-column-is-layout-flow\">\n<figure class=\"wp-block-image size-full\"><a href=\"https:\/\/ayaneo.co\/wp-content\/uploads\/2025\/02\/Magnetic-Suspension-Motor.jpg\"><img loading=\"lazy\" decoding=\"async\" width=\"1500\" height=\"1500\" src=\"https:\/\/ayaneo.co\/wp-content\/uploads\/2025\/02\/Magnetic-Suspension-Motor.jpg\" alt=\"Widok wewn&#x119;trzny urz&#x105;dzenia prezentuj&#x105;cego &quot;silnik z zawieszeniem magnetycznym&quot;. Silnik jest cylindrycznym elementem z jasnoniebiesk&#x105; po&#x15B;wiat&#x105; w &#x15B;rodku, osadzonym w z&#x142;o&#x17C;onej p&#x142;ytce drukowanej lub wewn&#x119;trznej strukturze renderowanej w ciemnych odcieniach. \" class=\"wp-image-37431\" srcset=\"https:\/\/ayaneo.co\/wp-content\/uploads\/2025\/02\/Magnetic-Suspension-Motor.jpg 1500w, https:\/\/ayaneo.co\/wp-content\/uploads\/2025\/02\/Magnetic-Suspension-Motor-300x300.jpg 300w, https:\/\/ayaneo.co\/wp-content\/uploads\/2025\/02\/Magnetic-Suspension-Motor-1024x1024.jpg 1024w, https:\/\/ayaneo.co\/wp-content\/uploads\/2025\/02\/Magnetic-Suspension-Motor-150x150.jpg 150w, https:\/\/ayaneo.co\/wp-content\/uploads\/2025\/02\/Magnetic-Suspension-Motor-768x768.jpg 768w, https:\/\/ayaneo.co\/wp-content\/uploads\/2025\/02\/Magnetic-Suspension-Motor-65x65.jpg 65w, https:\/\/ayaneo.co\/wp-content\/uploads\/2025\/02\/Magnetic-Suspension-Motor-990x990.jpg 990w, https:\/\/ayaneo.co\/wp-content\/uploads\/2025\/02\/Magnetic-Suspension-Motor-441x441.jpg 441w, https:\/\/ayaneo.co\/wp-content\/uploads\/2025\/02\/Magnetic-Suspension-Motor-100x100.jpg 100w, https:\/\/ayaneo.co\/wp-content\/uploads\/2025\/02\/Magnetic-Suspension-Motor-600x600.jpg 600w\" sizes=\"(max-width: 1500px) 100vw, 1500px\" \/><\/a><\/figure>\n\n\n\n<h3 class=\"wp-block-heading\"><strong>Silnik z zawieszeniem magnetycznym<\/strong> <\/h3>\n\n\n\n<p>Funkcja ta, opracowana we wsp\u00f3\u0142pracy z GuliKit Technology, obs\u0142uguje zar\u00f3wno tryby wibracji silnika liniowego, jak i wirnika, zapewniaj\u0105c realistyczne i wci\u0105gaj\u0105ce haptyczne sprz\u0119\u017cenie zwrotne.<\/p>\n<\/div>\n\n\n\n<div class=\"wp-block-column is-layout-flow wp-block-column-is-layout-flow\">\n<figure class=\"wp-block-image size-full\"><a href=\"https:\/\/ayaneo.co\/wp-content\/uploads\/2025\/02\/Keyboard-and-Mouse-Mode-1024x1024-1.jpg\"><img loading=\"lazy\" decoding=\"async\" width=\"1024\" height=\"1024\" src=\"https:\/\/ayaneo.co\/wp-content\/uploads\/2025\/02\/Keyboard-and-Mouse-Mode-1024x1024-1.jpg\" alt=\"R&#x119;ce trzymaj&#x105;ce czarne przeno&#x15B;ne urz&#x105;dzenie do gier z ekranem wy&#x15B;wietlaj&#x105;cym interfejs u&#x17C;ytkownika do ustawie&#x144; lub konfiguracji. Bia&#x142;y tekst w g&#xF3;rnej cz&#x119;&#x15B;ci obrazu brzmi &quot;Hardware-Level Keyboard-Mouse Mode&quot;, wskazuj&#x105;c na funkcj&#x119; urz&#x105;dzenia. \" class=\"wp-image-37432\" srcset=\"https:\/\/ayaneo.co\/wp-content\/uploads\/2025\/02\/Keyboard-and-Mouse-Mode-1024x1024-1.jpg 1024w, https:\/\/ayaneo.co\/wp-content\/uploads\/2025\/02\/Keyboard-and-Mouse-Mode-1024x1024-1-300x300.jpg 300w, https:\/\/ayaneo.co\/wp-content\/uploads\/2025\/02\/Keyboard-and-Mouse-Mode-1024x1024-1-150x150.jpg 150w, https:\/\/ayaneo.co\/wp-content\/uploads\/2025\/02\/Keyboard-and-Mouse-Mode-1024x1024-1-768x768.jpg 768w, https:\/\/ayaneo.co\/wp-content\/uploads\/2025\/02\/Keyboard-and-Mouse-Mode-1024x1024-1-65x65.jpg 65w, https:\/\/ayaneo.co\/wp-content\/uploads\/2025\/02\/Keyboard-and-Mouse-Mode-1024x1024-1-990x990.jpg 990w, https:\/\/ayaneo.co\/wp-content\/uploads\/2025\/02\/Keyboard-and-Mouse-Mode-1024x1024-1-441x441.jpg 441w, https:\/\/ayaneo.co\/wp-content\/uploads\/2025\/02\/Keyboard-and-Mouse-Mode-1024x1024-1-100x100.jpg 100w, https:\/\/ayaneo.co\/wp-content\/uploads\/2025\/02\/Keyboard-and-Mouse-Mode-1024x1024-1-600x600.jpg 600w\" sizes=\"(max-width: 1024px) 100vw, 1024px\" \/><\/a><\/figure>\n\n\n\n<h3 class=\"wp-block-heading\"><strong>Tryb klawiatury i myszy<\/strong><\/h3>\n\n\n\n<p>P\u0142ynnie prze\u0142\u0105czaj si\u0119 mi\u0119dzy wej\u015bciami kontrolera i klawiatury\/myszy, zwi\u0119kszaj\u0105c wszechstronno\u015b\u0107 w r\u00f3\u017cnych grach i aplikacjach zwi\u0119kszaj\u0105cych produktywno\u015b\u0107.<\/p>\n<\/div>\n<\/div>\n\n<h3 class=\"wp-block-heading\"><strong>Wci\u0105gaj\u0105cy d\u017awi\u0119k<\/strong><\/h3>\n\n<p>AYANEO 3 zapewnia ekscytuj\u0105ce wra\u017cenia d\u017awi\u0119kowe dzi\u0119ki symetrycznym podw\u00f3jnym g\u0142o\u015bnikom HyperSound 2.0, zapewniaj\u0105cym czysty i mocny d\u017awi\u0119k, kt\u00f3ry zwi\u0119ksza immersj\u0119 w grze.<\/p>\n\n<h3 class=\"wp-block-heading\"><strong>Do\u015bwiadczenie u\u017cytkownika<\/strong><\/h3>\n\n<p>Dzia\u0142aj\u0105cy pod adresem Windows 11, AYANEO 3 obs\u0142uguje r\u00f3\u017cne aplikacje, od wymagaj\u0105cych tytu\u0142\u00f3w AAA po niezb\u0119dne narz\u0119dzia zwi\u0119kszaj\u0105ce produktywno\u015b\u0107, dzi\u0119ki czemu jest wszechstronnym towarzyszem zar\u00f3wno do pracy, jak i zabawy. Urz\u0105dzenie charakteryzuje si\u0119 ergonomiczn\u0105 konstrukcj\u0105 z konfigurowalnymi elementami steruj\u0105cymi, zapewniaj\u0105c komfort podczas d\u0142ugich sesji grania. Solidne opcje \u0142\u0105czno\u015bci, w tym dwa porty USB4 i interfejs OCuLink do szybkich po\u0142\u0105cze\u0144, u\u0142atwiaj\u0105 p\u0142ynn\u0105 integracj\u0119 z ka\u017cdym \u015brodowiskiem.  <\/p>\n\n<h3 class=\"wp-block-heading\"><strong>Wnioski<\/strong><\/h3>\n\n<p>AYANEO 3 wyznacza nowy standard w grach przeno\u015bnych, \u0142\u0105cz\u0105c innowacyjn\u0105 modu\u0142ow\u0105 konstrukcj\u0119 z wydajnym sprz\u0119tem. Jego konfigurowalne elementy steruj\u0105ce, osza\u0142amiaj\u0105ca grafika i pot\u0119\u017cne mo\u017cliwo\u015bci przetwarzania sprawiaj\u0105, \u017ce jest to najlepszy wyb\u00f3r dla graczy poszukuj\u0105cych spersonalizowanych i wci\u0105gaj\u0105cych wra\u017ce\u0144 z gry. Poznaj przysz\u0142o\u015b\u0107 gier przeno\u015bnych dzi\u0119ki AYANEO 3.  <\/p>\n","protected":false},"excerpt":{"rendered":"<ul>\n<li>AMD <strong>Ryzen\u2122 AI 9 HX 370<\/strong> \/ <strong>Ryzen\u2122 7 8840U<\/strong><\/li>\n<li>AMD Radeon <strong>890M<\/strong> \/ <strong>780M<\/strong> \/ 2900 \/ 2700 Mhz<\/li>\n<li>do<strong> 64 GB LPDDR5X @ 7500 MT\/s<\/strong><\/li>\n<li>do<strong> 4 TB<\/strong> na <strong>szybkim<\/strong> PCI-E 4.0 NVMe SSD<\/li>\n<li>Obs\u0142uga WiFi <strong>6E<\/strong> i Bluetooth <strong>5.3<\/strong> <\/li>\n<\/ul>\n<p><img loading=\"lazy\" decoding=\"async\" class=\"alignnone size-full wp-image-12494\" src=\"https:\/\/ayaneo.co\/wp-content\/uploads\/2025\/02\/AYANEO-3-FREE-GIFTS.jpg\" alt=\"Baner promocyjny dla AYANEO 3 darmowe prezenty, zawieraj\u0105cy zdj\u0119cia czarnego i be\u017cowego etui ochronnego, ochraniacza ekranu i nak\u0142adek na kciuki. Tekst podkre\u015bla \"Darmowe prezenty\", w tym etui ochronne, ochraniacz ekranu i uchwyty na kciuki, kt\u00f3re s\u0105 automatycznie dodawane do koszyka. Kolor etui zale\u017cy od wybranego urz\u0105dzenia.\" width=\"550\" height=\"140\" srcset=\"https:\/\/ayaneo.co\/wp-content\/uploads\/2025\/02\/AYANEO-3-FREE-GIFTS.jpg 550w, https:\/\/ayaneo.co\/wp-content\/uploads\/2025\/02\/AYANEO-3-FREE-GIFTS-300x76.jpg 300w, https:\/\/ayaneo.co\/wp-content\/uploads\/2025\/02\/AYANEO-3-FREE-GIFTS-441x112.jpg 441w, https:\/\/ayaneo.co\/wp-content\/uploads\/2025\/02\/AYANEO-3-FREE-GIFTS-150x38.jpg 150w\" sizes=\"(max-width: 550px) 100vw, 550px\" \/>  [cg_accordion title=\"INFORMACJE O P\u0141ATNO\u015aCIACH\"] Korzystamy z najnowszej technologii przetwarzania p\u0142atno\u015bci, kt\u00f3ra umo\u017cliwia dokonywanie p\u0142atno\u015bci za po\u015brednictwem Apple Pay, Google Pay, karty debetowej\/kredytowej, PayPal lub metod BNPL, takich jak Klarna, Affirm lub AfterPay, zapewniaj\u0105c szybkie i bezpieczne do\u015bwiadczenie.[\/cg_accordion] [cg_accordion title=\"GWARANCJA\"] 1-letnia gwarancja od <a href=\"https:\/\/droix.net\/\" target=\"_blank\" rel=\"nofollow noopener\">DROIX<\/a> Global dla Twojego spokoju ducha[\/cg_accordion] [cg_accordion title=\"ZAPEWNIENIE JAKO\u015aCI I TESTY PRZED WYSY\u0141K\u0104\"]  Zapewnienie satysfakcji klienta na najwy\u017cszym poziomie: Ka\u017cde urz\u0105dzenie przechodzi rygorystyczne testy i wielopunktow\u0105 kontrol\u0119 jako\u015bci przed wysy\u0142k\u0105. Nasz dedykowany zesp\u00f3\u0142 weryfikuje wydajno\u015b\u0107, funkcjonalno\u015b\u0107 i integralno\u015b\u0107 komponent\u00f3w, aby zagwarantowa\u0107, \u017ce urz\u0105dzenie AYANEO b\u0119dzie w idealnym stanie w momencie dostawy, zapewniaj\u0105c pewno\u015b\u0107 i spok\u00f3j ducha. [\/cg_accordion] [cg_accordion title=\"PRICING, TAXES AND SHIPPING\"] <strong><u>Uwaga:<\/u><\/strong><\/p>\n<ul>\n<li>Klienci ze Stan\u00f3w Zjednoczonych: Wy\u015bwietlana cena NIE ZAWIERA PODATKU ani c\u0142a. Odpowiedzialno\u015b\u0107 za odpraw\u0119 celn\u0105 i zap\u0142at\u0119 wszelkich powi\u0105zanych podatk\u00f3w \/ ce\u0142 spoczywa na kliencie. <\/li>\n<li>Klienci z UE: Wy\u015bwietlana cena zawiera obowi\u0105zuj\u0105cy PODATEK, kt\u00f3ry mo\u017ce wynosi\u0107 do 25% w zale\u017cno\u015bci od kraju.<\/li>\n<li>Klienci z Kanady: Wy\u015bwietlana cena zawiera obowi\u0105zuj\u0105ce podatki, kt\u00f3re mog\u0105 obejmowa\u0107 5% GST i dodatkowe prowincjonalne podatki od sprzeda\u017cy (PST), zharmonizowany podatek od sprzeda\u017cy (HST) lub podatek od sprzeda\u017cy w Quebecu (QST), w zale\u017cno\u015bci od prowincji.<\/li>\n<\/ul>\n<p><strong>TYLKO dla klient\u00f3w z UE:<\/strong> Express DDP (Delivered Duty Paid). Oznacza to: <\/p>\n<ul>\n<li style=\"list-style-type: none;\">\n<ul>\n<li>Wszystkie op\u0142aty celne i podatki s\u0105 wliczone w cen\u0119 wy\u015bwietlan\u0105 na stronie produktu.<\/li>\n<li>Przy dostawie nie trzeba b\u0119dzie uiszcza\u0107 \u017cadnych dodatkowych op\u0142at.<\/li>\n<li>W rzadkich przypadkach zwi\u0105zanych z kwestiami celnymi nasz zesp\u00f3\u0142 zajmie si\u0119 procesem odprawy celnej w Twoim imieniu, aby zapewni\u0107 sprawn\u0105 dostaw\u0119.<\/li>\n<p>Wa\u017cne informacje dotycz\u0105ce zwrot\u00f3w:<\/p>\n<li>Je\u015bli zdecydujesz si\u0119 zwr\u00f3ci\u0107 zam\u00f3wienie lub za\u017c\u0105da\u0107 zwrotu pieni\u0119dzy, pami\u0119taj, \u017ce podatki i c\u0142a zap\u0142acone w Twoim imieniu zgodnie z warunkami DDP nie mog\u0105 zosta\u0107 zwr\u00f3cone.<\/li>\n<p>Prosimy o zapoznanie si\u0119 z nasz\u0105<\/ul>\n<\/li>\n<\/ul>\n<p><a href=\"https:\/\/ayaneo.co\/pl\/warunki-swiadczenia-uslug\/\" target=\"_blank\" rel=\"nofollow noopener\">Regulamin<\/a><\/p>\n<ul>w celu uzyskania szczeg\u00f3\u0142owych informacji.<\/ul>\n<p>[\/cg_accordion] [cg_accordion title=\"OBS\u0141UGA KLIENTA\"]  Masz pytanie? Wystarczy kr\u00f3tka wiadomo\u015b\u0107 tekstowa, aby rozwi\u0105za\u0107 Tw\u00f3j problem! [\/cg_accordion] [cg_accordion title=\"PACKAGE INCLUDES\"]<\/p>\n<ul>\n<li>1x AYANEO 3<\/li>\n<li>1x wtyczka zasilania (UE\/USA)<\/li>\n<li>1x Kabel USB typu C<\/li>\n<li>1x Instrukcja obs\u0142ugi<\/li>\n<\/ul>\n<p>[\/cg_accordion]<\/p>\n","protected":false},"featured_media":37593,"template":"","meta":{"_acf_changed":false},"product_brand":[],"product_cat":[546],"product_tag":[547],"class_list":{"0":"post-8916","1":"product","2":"type-product","3":"status-publish","4":"has-post-thumbnail","6":"product_cat-reczne-komputery-do-gier","7":"product_tag-pc-gaming-handheld-pl","8":"product_shipping_class-premium","9":"pa_brand-ayaneo","10":"pa_graphics-gpu-model-ryzen-7-8840u-radeon-780m","11":"pa_graphics-gpu-model-ryzen-ai-9-hx-370-radeon-890m","12":"pa_operating-system-windows-11","13":"pa_processor-cpu-brand-amd","15":"first","16":"instock","17":"taxable","18":"shipping-taxable","19":"purchasable","20":"product-type-variable","21":"has-default-attributes"},"acf":[],"_links":{"self":[{"href":"https:\/\/ayaneo.co\/pl\/wp-json\/wp\/v2\/product\/8916","targetHints":{"allow":["GET"]}}],"collection":[{"href":"https:\/\/ayaneo.co\/pl\/wp-json\/wp\/v2\/product"}],"about":[{"href":"https:\/\/ayaneo.co\/pl\/wp-json\/wp\/v2\/types\/product"}],"wp:featuredmedia":[{"embeddable":true,"href":"https:\/\/ayaneo.co\/pl\/wp-json\/wp\/v2\/media\/37593"}],"wp:attachment":[{"href":"https:\/\/ayaneo.co\/pl\/wp-json\/wp\/v2\/media?parent=8916"}],"wp:term":[{"taxonomy":"product_brand","embeddable":true,"href":"https:\/\/ayaneo.co\/pl\/wp-json\/wp\/v2\/product_brand?post=8916"},{"taxonomy":"product_cat","embeddable":true,"href":"https:\/\/ayaneo.co\/pl\/wp-json\/wp\/v2\/product_cat?post=8916"},{"taxonomy":"product_tag","embeddable":true,"href":"https:\/\/ayaneo.co\/pl\/wp-json\/wp\/v2\/product_tag?post=8916"}],"curies":[{"name":"wp","href":"https:\/\/api.w.org\/{rel}","templated":true}]}}