{"id":17935,"date":"2023-03-11T09:26:01","date_gmt":"2023-03-11T09:26:01","guid":{"rendered":"https:\/\/ayaneo.co\/politica-de-privacidade\/"},"modified":"2025-05-30T16:17:08","modified_gmt":"2025-05-30T16:17:08","slug":"politica-de-privacidade","status":"publish","type":"page","link":"https:\/\/ayaneo.co\/pt-pt\/politica-de-privacidade\/","title":{"rendered":"Pol\u00edtica de privacidade"},"content":{"rendered":"\n<p>A seguinte Pol\u00edtica de Privacidade deve ser considerada em conson\u00e2ncia com (emparelhada com), \u201ccomo um s\u00f3\u201d com os <a href=\"https:\/\/ayaneo.co.uk\/terms-of-service\/\" target=\"_blank\" rel=\"noreferrer noopener\">Termos e Condi\u00e7\u00f5es<\/a>, <a href=\"https:\/\/ayaneo.co.uk\/refund_returns\/\" target=\"_blank\" rel=\"noreferrer noopener\">a Pol\u00edtica de Devolu\u00e7\u00f5es e Reembolsos<\/a> e <a href=\"https:\/\/ayaneo.co.uk\/cookies-policy\/\" target=\"_blank\" rel=\"noreferrer noopener\">a Pol\u00edtica de Cookies<\/a><\/p>\n\n<ol class=\"wp-block-list\">\n<li>Esses termos de venda se aplicam a todos os produtos fornecidos pela DroiX US Corp (o Fornecedor).\n<ol class=\"wp-block-list\">\n<li>No contrato estabelecido, as refer\u00eancias s\u00e3o para: N\u00f3s (DroiX US Corp) somos o Fornecedor, e tu (o Cliente)<\/li>\n<\/ol>\n<\/li>\n<\/ol>\n\n<h2 class=\"wp-block-heading\" id=\"h-navigation\">Navega\u00e7\u00e3o<\/h2>\n\n<ul class=\"wp-block-list\">\n<li>RECOLHA DE DADOS<\/li>\n\n\n\n<li>PROCESSAMENTO DE DADOS<\/li>\n\n\n\n<li>PROTEC\u00c7\u00c3O DE DADOS<\/li>\n\n\n\n<li>POL\u00cdTICA DE PRIVACIDADE<\/li>\n<\/ul>\n\n<h2 class=\"wp-block-heading\" id=\"h-data-collection\">RECOLHA DE DADOS<\/h2>\n\n<ol class=\"wp-block-list\">\n<li>O Fornecedor recolhe informa\u00e7\u00f5es pessoais do utilizador quando este compra os produtos do Fornecedor.<\/li>\n\n\n\n<li>O Fornecedor recolhe informa\u00e7\u00f5es pessoais de ti e de quaisquer dispositivos (incluindo dispositivos m\u00f3veis) que utilizes quando: te registas numa conta connosco, forneces informa\u00e7\u00f5es ao Fornecedor num formul\u00e1rio Web, actualizas ou adicionas informa\u00e7\u00f5es \u00e0 tua conta, participas num f\u00f3rum de Apoio ou quando te correspondes de outra forma com o Fornecedor.\n<ol class=\"wp-block-list\">\n<li>Algumas destas informa\u00e7\u00f5es pessoais, tais como uma forma de te identificar, s\u00e3o necess\u00e1rias para aceitares os Termos e Condi\u00e7\u00f5es de Servi\u00e7o do Fornecedor. O fornecimento de todas as outras informa\u00e7\u00f5es pessoais \u00e9 volunt\u00e1rio, mas pode ser necess\u00e1rio para utilizares os nossos Servi\u00e7os, tais como a participa\u00e7\u00e3o em concursos, sorteios ou as informa\u00e7\u00f5es necess\u00e1rias para concluir uma transa\u00e7\u00e3o. <\/li>\n<\/ol>\n<\/li>\n\n\n\n<li>Informa\u00e7\u00f5es pessoais que forneces ao Fornecedor quando efectuas uma compra ou te registas numa conta com o Fornecedor:\n<ol class=\"wp-block-list\">\n<li>Informa\u00e7\u00f5es de identifica\u00e7\u00e3o, como o teu nome, moradas, n\u00fameros de telefone ou endere\u00e7os de e-mail, quando te registas numa conta connosco.<\/li>\n\n\n\n<li>Informa\u00e7\u00f5es sobre encomendas que est\u00e3o ligadas \u00e0 tua conta em resultado de uma transa\u00e7\u00e3o em que est\u00e1s envolvido.<\/li>\n\n\n\n<li>Outros conte\u00fados que geras ou que est\u00e3o ligados \u00e0 tua conta (como adicionar artigos ao teu cesto).<\/li>\n\n\n\n<li>Informa\u00e7\u00f5es financeiras (como n\u00fameros de cart\u00f5es de cr\u00e9dito ou de contas banc\u00e1rias) relacionadas com uma transa\u00e7\u00e3o.<\/li>\n\n\n\n<li>Informa\u00e7\u00f5es sobre os portes de envio, fatura\u00e7\u00e3o e outras informa\u00e7\u00f5es utilizadas para comprar ou enviar um artigo e informa\u00e7\u00f5es relevantes sobre os portes de envio (tais como n\u00fameros e actualiza\u00e7\u00f5es de rastreio).<\/li>\n\n\n\n<li>Tamb\u00e9m podes fornecer ao Fornecedor outras informa\u00e7\u00f5es atrav\u00e9s de um formul\u00e1rio Web, actualizando ou adicionando informa\u00e7\u00f5es \u00e0 tua conta, atrav\u00e9s da tua participa\u00e7\u00e3o em f\u00f3runs de discuss\u00e3o, pedidos de apoio ou quando comunicas com o Fornecedor relativamente aos bens e servi\u00e7os do Fornecedor.<\/li>\n\n\n\n<li>Informa\u00e7\u00f5es adicionais que o Fornecedor \u00e9 obrigado ou autorizado pela legisla\u00e7\u00e3o nacional aplic\u00e1vel a recolher e processar para autenticar ou identificar o utilizador ou para verificar as informa\u00e7\u00f5es que o Fornecedor recolheu.<\/li>\n<\/ol>\n<\/li>\n\n\n\n<li>Informa\u00e7\u00f5es pessoais que o Fornecedor recolhe automaticamente quando utilizas para efetuar uma compra ou te registas numa conta com o Fornecedor:\n<ol class=\"wp-block-list\">\n<li>O Fornecedor recolhe informa\u00e7\u00f5es sobre a tua intera\u00e7\u00e3o com o website, as tuas prefer\u00eancias de publicidade e as tuas comunica\u00e7\u00f5es com o Fornecedor. Esta \u00e9 a informa\u00e7\u00e3o que o Fornecedor recebe de dispositivos (incluindo dispositivos m\u00f3veis) que usas quando acedes \u00e0s partes do site do Fornecedor. Estas informa\u00e7\u00f5es podem incluir o seguinte: ID do dispositivo ou identificador \u00fanico, tipo de dispositivo, ID para publicidade e token \u00fanico do dispositivo.  <\/li>\n\n\n\n<li>Informa\u00e7\u00f5es de localiza\u00e7\u00e3o, incluindo informa\u00e7\u00f5es de localiza\u00e7\u00e3o do teu dispositivo m\u00f3vel. Tem em aten\u00e7\u00e3o que a maioria dos dispositivos m\u00f3veis permite-te controlar ou desativar a utiliza\u00e7\u00e3o de servi\u00e7os de localiza\u00e7\u00e3o por qualquer aplica\u00e7\u00e3o no teu dispositivo m\u00f3vel no menu de defini\u00e7\u00f5es do dispositivo. <\/li>\n\n\n\n<li>Informa\u00e7\u00f5es sobre o computador e a liga\u00e7\u00e3o, tais como estat\u00edsticas sobre as tuas visualiza\u00e7\u00f5es de p\u00e1ginas, tr\u00e1fego de e para os sites, URL de refer\u00eancia, dados de an\u00fancios, o teu endere\u00e7o IP, o teu hist\u00f3rico de navega\u00e7\u00e3o e as tuas informa\u00e7\u00f5es de registo na Web.<\/li>\n<\/ol>\n<\/li>\n\n\n\n<li>Informa\u00e7\u00f5es pessoais que o Fornecedor recolhe utilizando cookies e tecnologias semelhantes\n<ol class=\"wp-block-list\">\n<li>O Fornecedor utiliza cookies, web beacons, identificadores \u00fanicos e tecnologias semelhantes para recolher informa\u00e7\u00f5es sobre as p\u00e1ginas que visualizas, as hiperliga\u00e7\u00f5es em que clicas e outras ac\u00e7\u00f5es que realizas ao navegar no website do Fornecedor, na publicidade do Fornecedor ou no conte\u00fado de e-mail. Para mais informa\u00e7\u00f5es sobre a utiliza\u00e7\u00e3o destas tecnologias e sobre como control\u00e1-las, consulta a nossa Pol\u00edtica de Cookies <\/li>\n<\/ol>\n<\/li>\n\n\n\n<li>Informa\u00e7\u00f5es pessoais recolhidas de outras fontes\n<ol class=\"wp-block-list\">\n<li>O Fornecedor complementa as informa\u00e7\u00f5es pessoais que recolhe diretamente com informa\u00e7\u00f5es recolhidas de terceiros e adiciona-as \u00e0s informa\u00e7\u00f5es da tua conta. Por exemplo, o Fornecedor recolhe e utiliza informa\u00e7\u00f5es demogr\u00e1ficas e outras informa\u00e7\u00f5es que est\u00e3o publicamente dispon\u00edveis numa jurisdi\u00e7\u00e3o aplic\u00e1vel, informa\u00e7\u00f5es de contacto adicionais, informa\u00e7\u00f5es de verifica\u00e7\u00e3o de cr\u00e9dito e informa\u00e7\u00f5es de ag\u00eancias de cr\u00e9dito, conforme permitido pelas leis nacionais aplic\u00e1veis. <\/li>\n\n\n\n<li>Redes sociais - O Fornecedor permite-te partilhar informa\u00e7\u00f5es com sites de redes sociais, ou utilizar sites de redes sociais para criar a tua conta ou para ligar a tua conta ao respetivo site de redes sociais. Esses sites de redes sociais podem dar ao Fornecedor um acesso autom\u00e1tico a determinadas informa\u00e7\u00f5es pessoais retidas por eles sobre ti (por exemplo, conte\u00fado visualizado por ti, conte\u00fado apreciado por ti e informa\u00e7\u00f5es sobre os an\u00fancios que te foram mostrados ou em que clicaste, etc.). Se facultares ao Fornecedor o acesso a qualquer site com conte\u00fado de v\u00eddeo, concordas que o Fornecedor pode partilhar a tua visualiza\u00e7\u00e3o de v\u00eddeo com, ou obter informa\u00e7\u00f5es sobre a tua visualiza\u00e7\u00e3o de v\u00eddeo de, sites de redes sociais de terceiros durante pelo menos dois anos ou at\u00e9 retirares a autoriza\u00e7\u00e3o ou a liga\u00e7\u00e3o ao site de redes sociais. Controlas as informa\u00e7\u00f5es pessoais a que permites que o Fornecedor tenha acesso atrav\u00e9s das defini\u00e7\u00f5es de privacidade no site de redes sociais aplic\u00e1vel e das permiss\u00f5es que d\u00e1s ao Fornecedor quando lhe concedes acesso \u00e0s informa\u00e7\u00f5es pessoais retidas pelo respetivo site de redes sociais sobre ti. Ao associar uma conta gerida por um site de redes sociais \u00e0 tua conta e ao autorizar o Fornecedor a ter acesso a estas informa\u00e7\u00f5es, concordas que o Fornecedor pode recolher, utilizar e reter as informa\u00e7\u00f5es fornecidas por estes sites de redes sociais de acordo com este aviso de privacidade. O Fornecedor tamb\u00e9m pode utilizar plugins ou outras tecnologias de v\u00e1rios sites de redes sociais. Se clicares numa liga\u00e7\u00e3o fornecida atrav\u00e9s de um plugin de redes sociais, est\u00e1s a estabelecer voluntariamente uma liga\u00e7\u00e3o com esse respetivo site de redes sociais.      <\/li>\n\n\n\n<li>Se forneceres ao Fornecedor informa\u00e7\u00f5es pessoais sobre outra pessoa, deves faz\u00ea-lo apenas com a autoriza\u00e7\u00e3o dessa pessoa. Deves inform\u00e1-la sobre a forma como o Fornecedor recolhe, utiliza, divulga e ret\u00e9m as suas informa\u00e7\u00f5es pessoais de acordo com os Termos e Condi\u00e7\u00f5es do Fornecedor. <\/li>\n<\/ol>\n<\/li>\n\n\n\n<li>Informa\u00e7\u00f5es para ajudar o Fornecedor a prestar-lhe o servi\u00e7o.\n<ol class=\"wp-block-list\">\n<li>O Fornecedor trabalha em estreita colabora\u00e7\u00e3o com terceiros para ajudar o Fornecedor a prestar-te servi\u00e7os. Estes terceiros s\u00e3o parceiros comerciais em servi\u00e7os t\u00e9cnicos, de pagamento e de entrega, redes de publicidade, fornecedores de an\u00e1lises, fornecedores de informa\u00e7\u00f5es de pesquisa, ag\u00eancias de refer\u00eancia de cr\u00e9dito, ag\u00eancias de preven\u00e7\u00e3o de fraudes e programadores. As informa\u00e7\u00f5es que o Fornecedor pode recolher sobre ti junto dessas entidades podem incluir informa\u00e7\u00f5es de pesquisa de cr\u00e9dito, informa\u00e7\u00f5es que ajudam o Fornecedor a verificar a tua identidade ou informa\u00e7\u00f5es relacionadas com as tuas transac\u00e7\u00f5es de pagamento.  <\/li>\n\n\n\n<li>Se autorizares o Fornecedor, este recolher\u00e1 listas de amigos do Facebook e informa\u00e7\u00f5es semelhantes de outros terceiros, como o Twitter e o Google, e o Fornecedor poder\u00e1 voltar a recolher periodicamente estas informa\u00e7\u00f5es para se manter atualizado.<\/li>\n<\/ol>\n<\/li>\n<\/ol>\n\n<h2 class=\"wp-block-heading\" id=\"h-data-processing\">PROCESSAMENTO DE DADOS<\/h2>\n\n<ol class=\"wp-block-list\">\n<li>O Fornecedor s\u00f3 utilizar\u00e1 os teus dados pessoais quando a lei o permitir. Geralmente, o Fornecedor pode utilizar os teus dados pessoais (tais como as tuas informa\u00e7\u00f5es enviadas, informa\u00e7\u00f5es de localiza\u00e7\u00e3o ou informa\u00e7\u00f5es de transa\u00e7\u00e3o) para formar uma opini\u00e3o sobre o que o Fornecedor pensa que podes querer ou precisar, ou o que pode ser do teu interesse. <\/li>\n\n\n\n<li>O Fornecedor s\u00f3 utilizar\u00e1 os teus dados pessoais para os fins para os quais os recolheu, a menos que o Fornecedor considere razoavelmente que precisa de os utilizar por outro motivo e que esse motivo \u00e9 compat\u00edvel com o objetivo original.<\/li>\n\n\n\n<li>Se deres o teu consentimento expresso, o Fornecedor pode utilizar os teus Dados de Identidade, Contacto, T\u00e9cnicos, de Utiliza\u00e7\u00e3o e\/ou de Perfil para formar uma opini\u00e3o sobre o que o Fornecedor pensa que podes querer ou precisar, ou o que pode ser do teu interesse. Podes retirar o teu consentimento em qualquer altura. Em algumas circunst\u00e2ncias limitadas, o Fornecedor pode contactar-te sobre produtos semelhantes quando tiveres comprado produtos ao Fornecedor e n\u00e3o tiveres optado por n\u00e3o receber esta informa\u00e7\u00e3o.  <\/li>\n\n\n\n<li>Optar por n\u00e3o receber \/ Anular a subscri\u00e7\u00e3o - Podes pedir ao Fornecedor para deixar de te enviar mensagens de marketing a qualquer momento, seguindo as liga\u00e7\u00f5es de anula\u00e7\u00e3o de subscri\u00e7\u00e3o em qualquer mensagem de marketing que te seja enviada ou contactando o Fornecedor a qualquer momento. Se optares por n\u00e3o receber estas mensagens de marketing, poder\u00e1s continuar a receber mensagens para outros fins (tais como fornecer-te a encomenda relevante ou informa\u00e7\u00f5es relacionadas com o produto). <\/li>\n\n\n\n<li>O Fornecedor pode divulgar os dados que recolhe de ti a determinados terceiros que utilizam os dados pessoais na presta\u00e7\u00e3o dos seus servi\u00e7os ao Fornecedor, utilizam os dados de forma segura e confidencial e sob controlos contratuais rigorosos, em conformidade com as leis de prote\u00e7\u00e3o de dados.<\/li>\n\n\n\n<li>Podes retirar o teu consentimento em qualquer altura ap\u00f3s teres dado o teu consentimento expl\u00edcito, contactando o Fornecedor<\/li>\n<\/ol>\n\n<h2 class=\"wp-block-heading\" id=\"h-data-protection\">PROTEC\u00c7\u00c3O DE DADOS<\/h2>\n\n<ol class=\"wp-block-list\">\n<li>O Fornecedor tomar\u00e1 todas as precau\u00e7\u00f5es razo\u00e1veis para manter seguros os detalhes da tua encomenda e do teu pagamento, mas, a menos que o Fornecedor seja negligente, n\u00e3o ser\u00e1 respons\u00e1vel pelo acesso n\u00e3o autorizado \u00e0s informa\u00e7\u00f5es fornecidas por ti.<\/li>\n\n\n\n<li>O Fornecedor limita o acesso aos teus dados pessoais aos funcion\u00e1rios, agentes, contratantes e outros terceiros que tenham uma necessidade comercial de os conhecer. Estes apenas processar\u00e3o os teus dados pessoais de acordo com as instru\u00e7\u00f5es do Fornecedor e est\u00e3o sujeitos a um dever de confidencialidade. <\/li>\n\n\n\n<li>O Fornecedor implementou procedimentos para lidar com qualquer suspeita de viola\u00e7\u00e3o de dados pessoais e notific\u00e1-lo-\u00e1 a si e a qualquer entidade reguladora aplic\u00e1vel de uma viola\u00e7\u00e3o, sempre que o Fornecedor seja legalmente obrigado a faz\u00ea-lo.<\/li>\n<\/ol>\n\n<h2 class=\"wp-block-heading\" id=\"h-privacy-policy\">POL\u00cdTICA DE PRIVACIDADE<\/h2>\n\n<ol class=\"wp-block-list\">\n<li>O Fornecedor n\u00e3o armazena os dados do cart\u00e3o de cr\u00e9dito nem partilha os dados do cliente com terceiros ileg\u00edtimos.<\/li>\n\n\n\n<li>O Fornecedor apenas conservar\u00e1 os teus dados pessoais durante o tempo necess\u00e1rio para cumprir as finalidades para as quais os recolheu, incluindo para efeitos de cumprimento de quaisquer requisitos legais, contabil\u00edsticos ou de informa\u00e7\u00e3o.<\/li>\n\n\n\n<li>O Fornecedor conservar\u00e1, em geral, os dados dos nossos clientes durante um per\u00edodo de 6 (seis) anos ap\u00f3s o termo do contrato, para garantir que o Fornecedor possa ajudar-te caso tenhas alguma quest\u00e3o ou feedback em rela\u00e7\u00e3o aos produtos do Fornecedor ou para proteger ou defender os nossos direitos legais, ou para fins fiscais.<\/li>\n\n\n\n<li>Se o Fornecedor tiver processado os teus dados pessoais para te fornecer comunica\u00e7\u00f5es de marketing com o teu consentimento, o Fornecedor pode contactar-te pelo menos a cada doze (12) meses para garantir que queres continuar a receber essas comunica\u00e7\u00f5es. Se disseres ao Fornecedor que j\u00e1 n\u00e3o desejas receber tais comunica\u00e7\u00f5es, os teus dados pessoais ser\u00e3o removidos das listas de marketing do Fornecedor (mas ser\u00e3o adicionados a uma lista de \u201cn\u00e3o contactar\u201d). <\/li>\n\n\n\n<li>Se o Fornecedor tiver processado os teus dados por qualquer outro motivo (por exemplo, se tiveres contactado o Fornecedor com uma pergunta relacionada com produtos ou servi\u00e7os), o Fornecedor conservar\u00e1 os teus dados durante doze (12) meses.<\/li>\n\n\n\n<li>Em algumas circunst\u00e2ncias, o Fornecedor pode tornar os teus dados pessoais an\u00f3nimos (para que n\u00e3o possam ser associados a ti) para fins de investiga\u00e7\u00e3o ou estat\u00edsticos, caso em que o Fornecedor pode utilizar estas informa\u00e7\u00f5es indefinidamente sem te avisar.<\/li>\n\n\n\n<li>Em determinadas circunst\u00e2ncias, tens direitos ao abrigo da legisla\u00e7\u00e3o de prote\u00e7\u00e3o de dados em rela\u00e7\u00e3o aos teus dados pessoais. Estes direitos s\u00e3o descritos abaixo: \n<ol class=\"wp-block-list\">\n<li>Pedir acesso aos teus dados pessoais (normalmente conhecido como \u201cpedido de acesso do titular dos dados\u201d). Isto permite-te receber uma c\u00f3pia dos dados pessoais que o Fornecedor det\u00e9m sobre ti e verificar se o Fornecedor est\u00e1 a process\u00e1-los legalmente. <\/li>\n\n\n\n<li>Solicitar a corre\u00e7\u00e3o dos dados pessoais que o Fornecedor det\u00e9m sobre ti. Isto permite-te ter quaisquer dados incompletos ou imprecisos que o Fornecedor tenha sobre ti corrigidos, embora o Fornecedor possa ter de verificar a exatid\u00e3o dos novos dados que lhe forne\u00e7as. <\/li>\n\n\n\n<li>Solicitar o apagamento dos teus dados pessoais. Isto permite-te pedir ao Fornecedor que elimine ou remova os dados pessoais quando n\u00e3o houver uma boa raz\u00e3o para o Fornecedor continuar a process\u00e1-los. Tamb\u00e9m tens o direito de pedir ao Fornecedor para apagar ou remover os teus dados pessoais quando tiveres exercido com sucesso o teu direito de te opores ao processamento, quando o Fornecedor possa ter processado as tuas informa\u00e7\u00f5es ilegalmente ou quando o Fornecedor for obrigado a apagar os teus dados pessoais para cumprir a legisla\u00e7\u00e3o local. Nota, no entanto, que o Fornecedor pode nem sempre ser capaz de cumprir com o teu pedido de apagamento por raz\u00f5es legais espec\u00edficas que ser\u00e3o notificadas a ti, se aplic\u00e1vel, no momento do teu pedido.   <\/li>\n\n\n\n<li>Opor-se ao processamento dos teus dados pessoais quando o Fornecedor se baseia num interesse leg\u00edtimo (ou de terceiros) e existe algo na tua situa\u00e7\u00e3o particular que te leva a querer opor-te ao processamento por este motivo, uma vez que consideras que tem impacto nos teus direitos e liberdades fundamentais. Tamb\u00e9m tens o direito de te opor quando o Fornecedor estiver a processar os teus dados pessoais para fins de marketing direto. Em alguns casos, o Fornecedor pode demonstrar que tem motivos leg\u00edtimos e convincentes para processar as tuas informa\u00e7\u00f5es que se sobrep\u00f5em aos teus direitos e liberdades.  <\/li>\n\n\n\n<li>Solicitar a restri\u00e7\u00e3o do processamento dos teus dados pessoais. Isto permite-te pedir ao Fornecedor para suspender o processamento dos teus dados pessoais nos seguintes cen\u00e1rios: se quiseres que o Fornecedor estabele\u00e7a a exatid\u00e3o dos dados; se a utiliza\u00e7\u00e3o dos dados pelo Fornecedor for ilegal, mas n\u00e3o quiseres que o Fornecedor os apague; se precisares que o Fornecedor mantenha os dados, mesmo que o Fornecedor j\u00e1 n\u00e3o precise deles, uma vez que precisas deles para estabelecer, exercer ou defender reivindica\u00e7\u00f5es legais; ou se te opuseste \u00e0 utiliza\u00e7\u00e3o dos teus dados pelo Fornecedor, mas o Fornecedor precisa de verificar se tem motivos leg\u00edtimos para os utilizar. <\/li>\n\n\n\n<li>Solicitar a transfer\u00eancia dos teus dados pessoais (enquanto titular dos dados) para ti ou para um terceiro. Retirar o consentimento em qualquer altura em que o Fornecedor se baseie no consentimento para processar os teus dados pessoais. No entanto, isto n\u00e3o afectar\u00e1 a legalidade de qualquer processamento efectuado antes de retirares o teu consentimento. Se retirares o teu consentimento, o Fornecedor poder\u00e1 n\u00e3o ser capaz de te fornecer determinados produtos ou servi\u00e7os. O Fornecedor avisar-te-\u00e1 se for esse o caso no momento em que retirares o teu consentimento. Se pretenderes exercer algum dos direitos acima referidos, contacta diretamente o Fornecedor atrav\u00e9s dos seus dados de contacto.     <\/li>\n\n\n\n<li>Normalmente, n\u00e3o \u00e9 exigida qualquer taxa e n\u00e3o ter\u00e1s de pagar uma taxa para aceder aos teus dados pessoais (ou para exercer qualquer um dos outros direitos). No entanto, o Fornecedor pode cobrar uma taxa razo\u00e1vel se o teu pedido for claramente infundado, repetitivo ou excessivo. Em alternativa, o Fornecedor pode recusar-se a satisfazer o teu pedido nestas circunst\u00e2ncias.  <\/li>\n<\/ol>\n<\/li>\n\n\n\n<li>O Fornecedor poder\u00e1 ter de solicitar informa\u00e7\u00f5es espec\u00edficas para ajudar a confirmar a tua identidade e garantir o teu direito de aceder aos teus dados pessoais (ou de exercer qualquer outro dos teus direitos). Esta \u00e9 uma medida de seguran\u00e7a para garantir que os dados pessoais n\u00e3o s\u00e3o divulgados a qualquer pessoa que n\u00e3o tenha o direito de os receber. O Fornecedor tamb\u00e9m pode contactar-te para te pedir mais informa\u00e7\u00f5es em rela\u00e7\u00e3o ao teu pedido para acelerar a resposta do Fornecedor.  <\/li>\n\n\n\n<li>Tens o direito de apresentar uma queixa em qualquer altura ao ICO, a autoridade de supervis\u00e3o do Reino Unido para quest\u00f5es de prote\u00e7\u00e3o de dados (em www.ico.org.uk). No entanto, o Fornecedor gostaria de ter a oportunidade de resolver as tuas preocupa\u00e7\u00f5es antes de contactares o ICO, pelo que deves contactar-nos em primeira inst\u00e2ncia. <\/li>\n<\/ol>\n\n<p>\u00daltima atualiza\u00e7\u00e3o da Pol\u00edtica de Privacidade: 11 mar\u00e7o, 2023 - 9:25PM.<\/p>\n","protected":false},"excerpt":{"rendered":"<p>A seguinte Pol\u00edtica de Privacidade deve ser considerada em conson\u00e2ncia com (emparelhada com), \u201ccomo um s\u00f3\u201d com os Termos e Condi\u00e7\u00f5es, a Pol\u00edtica de Devolu\u00e7\u00f5es e Reembolsos e a Pol\u00edtica de Cookies Navega\u00e7\u00e3o RECOLHA DE DADOS PROCESSAMENTO DE DADOS PROTEC\u00c7\u00c3O DE DADOS POL\u00cdTICA DE PRIVACIDADE \u00daltima atualiza\u00e7\u00e3o da Pol\u00edtica de Privacidade: 11 mar\u00e7o, 2023 - [&hellip;]<\/p>\n","protected":false},"author":1,"featured_media":0,"parent":0,"menu_order":0,"comment_status":"closed","ping_status":"closed","template":"","meta":{"_acf_changed":false,"footnotes":""},"class_list":["post-17935","page","type-page","status-publish","hentry"],"acf":[],"_links":{"self":[{"href":"https:\/\/ayaneo.co\/pt-pt\/wp-json\/wp\/v2\/pages\/17935","targetHints":{"allow":["GET"]}}],"collection":[{"href":"https:\/\/ayaneo.co\/pt-pt\/wp-json\/wp\/v2\/pages"}],"about":[{"href":"https:\/\/ayaneo.co\/pt-pt\/wp-json\/wp\/v2\/types\/page"}],"author":[{"embeddable":true,"href":"https:\/\/ayaneo.co\/pt-pt\/wp-json\/wp\/v2\/users\/1"}],"replies":[{"embeddable":true,"href":"https:\/\/ayaneo.co\/pt-pt\/wp-json\/wp\/v2\/comments?post=17935"}],"version-history":[{"count":0,"href":"https:\/\/ayaneo.co\/pt-pt\/wp-json\/wp\/v2\/pages\/17935\/revisions"}],"wp:attachment":[{"href":"https:\/\/ayaneo.co\/pt-pt\/wp-json\/wp\/v2\/media?parent=17935"}],"curies":[{"name":"wp","href":"https:\/\/api.w.org\/{rel}","templated":true}]}}