{"id":16448,"date":"2025-01-23T11:24:20","date_gmt":"2025-01-23T11:24:20","guid":{"rendered":"https:\/\/ayaneo.co\/product\/ayaneo-mala-evo-de-bolso\/"},"modified":"2026-04-13T10:39:43","modified_gmt":"2026-04-13T10:39:43","slug":"ayaneo-mala-evo-de-bolso","status":"publish","type":"product","link":"https:\/\/ayaneo.co\/pt-pt\/product\/ayaneo-mala-evo-de-bolso\/","title":{"rendered":"AYANEO Pocket EVO Case"},"content":{"rendered":"\n<h2 class=\"wp-block-heading\" id=\"h-product-overview\">Vis\u00e3o geral do produto:<\/h2>\n\n<p>A <strong>capaAYANEO Pocket EVO<\/strong> foi concebida para proporcionar uma prote\u00e7\u00e3o superior \u00e0 tua consola AYANEO Pocket EVO. O seu design r\u00edgido e duradouro garante que o teu dispositivo est\u00e1 protegido contra riscos, impactos e p\u00f3, mantendo um aspeto elegante e port\u00e1til. Esta capa \u00e9 ideal para jogadores que valorizam a seguran\u00e7a e o estilo.  <\/p>\n\n<hr class=\"wp-block-separator has-alpha-channel-opacity\"\/>\n\n<h2 class=\"wp-block-heading\" id=\"h-key-features\">Carater\u00edsticas principais:<\/h2>\n\n<p><strong>Design robusto com revestimento r\u00edgido<\/strong> para m\u00e1xima prote\u00e7\u00e3o.<\/p>\n\n<p>Adapta-te <strong>\u00e0<\/strong> consola AYANEO Pocket EVO.<\/p>\n\n<p>Forro interior macio para <strong>evitar riscos<\/strong>.<\/p>\n\n<p>Leve e port\u00e1til para <strong>viajar facilmente<\/strong>.<\/p>\n\n<p>Exterior elegante e moderno para uma <strong>portabilidade com estilo<\/strong>.<\/p>\n\n<hr class=\"wp-block-separator has-alpha-channel-opacity\"\/>\n\n<h2 class=\"wp-block-heading\" id=\"h-why-choose-the-ayaneo-pocket-micro-case\">Porqu\u00ea escolher a Mala AYANEO Pocket EVO?<\/h2>\n\n<p>A AYANEO Pocket EVO Case oferece a combina\u00e7\u00e3o perfeita de estilo e durabilidade. O seu ajuste personalizado e a constru\u00e7\u00e3o r\u00edgida proporcionam uma prote\u00e7\u00e3o inigual\u00e1vel, enquanto o design leve garante comodidade para os jogadores em movimento. Com esta bolsa, a tua consola mant\u00e9m-se segura e pronta para a a\u00e7\u00e3o em qualquer altura e em qualquer lugar.  <\/p>\n\n<hr class=\"wp-block-separator has-alpha-channel-opacity\"\/>\n\n<h3 class=\"wp-block-heading\" id=\"h-specifications\">Especifica\u00e7\u00f5es:<\/h3>\n\n<ul class=\"wp-block-list\">\n<li><strong>Material:<\/strong> Exterior r\u00edgido com forro interior macio<\/li>\n\n\n\n<li><strong>Compatibilidade:<\/strong> Consola AYANEO Pocket EVO<\/li>\n\n\n\n<li><strong>Carater\u00edsticas:<\/strong> Dur\u00e1vel, resistente a riscos, leve e f\u00e1cil de transportar<\/li>\n<\/ul>\n\n<p>Mant\u00e9m o teu AYANEO Pocket EVO seguro e protegido com a derradeira prote\u00e7\u00e3o deste estojo r\u00edgido de primeira qualidade - porque a tua consola merece o melhor!<\/p>\n\n<p><\/p>\n","protected":false},"excerpt":{"rendered":"<ul>\n<li><strong>Design robusto com revestimento r\u00edgido<\/strong> para m\u00e1xima prote\u00e7\u00e3o.<\/li>\n<li>Adapta-te <strong>\u00e0<\/strong> consola AYANEO Pocket EVO.<\/li>\n<li>Forro interior macio para <strong>evitar riscos<\/strong>.<\/li>\n<li>Leve e port\u00e1til para <strong>viajar facilmente<\/strong>.<\/li>\n<li>Exterior elegante e moderno para uma <strong>portabilidade com estilo<\/strong>.<\/li>\n<\/ul>\n[cg_accordion title=\"INFORMA\u00c7\u00d5ES DE PAGAMENTO\"]<\/p>\n<p>Utilizamos a tecnologia mais recente no processamento de pagamentos, o que te permite fazer o checkout atrav\u00e9s do Apple Pay, Google Pay, o teu cart\u00e3o de d\u00e9bito\/cr\u00e9dito, PayPal ou m\u00e9todos BNPL, como Klarna, Affirm ou AfterPay, para uma experi\u00eancia r\u00e1pida e segura.[\/cg_accordion]\n[cg_accordion title=\"GARANTIA\"]<\/p>\n<p>1 ano de garantia da <a href=\"https:\/\/droix.net\/\" target=\"_blank\" rel=\"nofollow noopener\">DROIX Global<\/a> para a tua paz de esp\u00edrito[\/cg_accordion]\n[cg_accordion title=\"GARANTIA DE QUALIDADE E ENSAIOS PR\u00c9-EXPEDI\u00c7\u00c3O\"]<\/p>\n<p>Garante a satisfa\u00e7\u00e3o do cliente ao mais alto n\u00edvel: Todos os aparelhos s\u00e3o submetidos a testes rigorosos e a uma verifica\u00e7\u00e3o de garantia de qualidade em v\u00e1rios pontos antes de serem enviados. A nossa equipa dedicada verifica o desempenho, a funcionalidade e a integridade dos componentes para garantir que o teu dispositivo AYANEO est\u00e1 em perfeitas condi\u00e7\u00f5es de funcionamento \u00e0 chegada, proporcionando-te confian\u00e7a e paz de esp\u00edrito. [\/cg_accordion]\n[cg_accordion title=\"PRE\u00c7OS, IMPOSTOS E ENVIO\"]<\/p>\n<p><strong><u>Nota:<\/u><\/strong><\/p>\n<ul>\n<li>Clientes dos Estados Unidos: O pre\u00e7o apresentado N\u00c3O inclui TAXAS nem impostos. O cliente \u00e9 respons\u00e1vel pelo desalfandegamento e pelo pagamento de quaisquer impostos ou taxas associadas. <\/li>\n<li>Clientes da UE: O pre\u00e7o apresentado inclui o IMPOSTO aplic\u00e1vel, que pode ir at\u00e9 25%, dependendo do teu pa\u00eds.<\/li>\n<li>Clientes do Canad\u00e1: O pre\u00e7o apresentado inclui os impostos aplic\u00e1veis, que podem incluir 5% de GST e impostos adicionais sobre vendas provinciais (PST), imposto sobre vendas harmonizado (HST) ou imposto sobre vendas do Quebeque (QST), dependendo da tua prov\u00edncia.<\/li>\n<\/ul>\n<p><strong>APENAS para clientes da UE:<\/strong> Entrega expressa DDP (Delivered Duty Paid). Isto significa que: <\/p>\n<ul>\n<li>Todos os direitos aduaneiros e impostos est\u00e3o inclu\u00eddos no pre\u00e7o apresentado na p\u00e1gina do produto.<\/li>\n<li>N\u00e3o ter\u00e1s de pagar quaisquer encargos adicionais aquando da entrega.<\/li>\n<li>Na rara eventualidade de problemas relacionados com a alf\u00e2ndega, a nossa equipa tratar\u00e1 do processo de desalfandegamento em teu nome para garantir uma experi\u00eancia de entrega sem problemas.<\/li>\n<p>Informa\u00e7\u00f5es importantes sobre devolu\u00e7\u00f5es:<\/p>\n<li>Se decidires devolver a tua encomenda ou pedir um reembolso, tem em aten\u00e7\u00e3o que os impostos e direitos pagos em teu nome ao abrigo das condi\u00e7\u00f5es DDP n\u00e3o podem ser reembolsados.<\/li>\n<p>Consulta os nossos <a href=\"https:\/\/ayaneo.co\/pt-pt\/termos-de-servico\/\" target=\"_blank\" rel=\"nofollow noopener\">Termos e Condi\u00e7\u00f5es<\/a> para obteres informa\u00e7\u00f5es detalhadas.\n<\/ul>\n<p>[\/cg_accordion]\n[cg_accordion title=\"APOIO AO CLIENTE\"]<\/p>\n<p>Tens uma pergunta? Estamos a uma curta mensagem de texto de ter o teu problema resolvido! [\/cg_accordion]\n[cg_accordion title=\"O PACOTE INCLUI\"]<\/p>\n<ul>\n<li>1x Mala AYANEO Pocket EVO<\/li>\n<\/ul>\n<p>[\/cg_accordion]\n","protected":false},"featured_media":16457,"template":"","meta":{"_acf_changed":false},"product_brand":[],"product_cat":[1192],"product_tag":[],"class_list":{"0":"post-16448","1":"product","2":"type-product","3":"status-publish","4":"has-post-thumbnail","6":"product_cat-acessorios","7":"product_shipping_class-low-end","8":"pa_accessory-type-protective-case-pt-pt","9":"pa_brand-ayaneo","11":"first","12":"instock","13":"sale","14":"taxable","15":"shipping-taxable","16":"purchasable","17":"product-type-variable","18":"has-default-attributes"},"acf":[],"_links":{"self":[{"href":"https:\/\/ayaneo.co\/pt-pt\/wp-json\/wp\/v2\/product\/16448","targetHints":{"allow":["GET"]}}],"collection":[{"href":"https:\/\/ayaneo.co\/pt-pt\/wp-json\/wp\/v2\/product"}],"about":[{"href":"https:\/\/ayaneo.co\/pt-pt\/wp-json\/wp\/v2\/types\/product"}],"wp:featuredmedia":[{"embeddable":true,"href":"https:\/\/ayaneo.co\/pt-pt\/wp-json\/wp\/v2\/media\/16457"}],"wp:attachment":[{"href":"https:\/\/ayaneo.co\/pt-pt\/wp-json\/wp\/v2\/media?parent=16448"}],"wp:term":[{"taxonomy":"product_brand","embeddable":true,"href":"https:\/\/ayaneo.co\/pt-pt\/wp-json\/wp\/v2\/product_brand?post=16448"},{"taxonomy":"product_cat","embeddable":true,"href":"https:\/\/ayaneo.co\/pt-pt\/wp-json\/wp\/v2\/product_cat?post=16448"},{"taxonomy":"product_tag","embeddable":true,"href":"https:\/\/ayaneo.co\/pt-pt\/wp-json\/wp\/v2\/product_tag?post=16448"}],"curies":[{"name":"wp","href":"https:\/\/api.w.org\/{rel}","templated":true}]}}